{"id":2718,"date":"2023-12-27T15:44:53","date_gmt":"2023-12-27T14:44:53","guid":{"rendered":"https:\/\/stagpartynight.com\/fr\/?post_type=product&#038;p=2718"},"modified":"2024-01-18T12:25:48","modified_gmt":"2024-01-18T11:25:48","slug":"soiree-bateau-a-majorque","status":"publish","type":"product","link":"https:\/\/stagpartynight.com\/fr\/product\/soiree-bateau-a-majorque\/","title":{"rendered":"Soir\u00e9e bateau \u00e0 Majorque"},"content":{"rendered":"<p>Soir\u00e9e bateau \u00e0 Majorque. Profitez d&#8217;une f\u00eate nocturne de deux heures et demie \u00e0 bord d&#8217;un bateau. DJ, Bar, Pizza.<\/p>\n<p>Les meilleurs enterrements de vie de gar\u00e7on avec <a href=\"https:\/\/stagpartynight.com\/\">StagParty <\/a><\/p>\n<h2 style=\"text-align: center;\">Soir\u00e9e bateau \u00e0 Majorque\ud83d\udea4<\/h2>\n<h5>\ud83c\udf19 F\u00eate Nocturne en Bateau \u00e0 ne pas manquer! \ud83d\udea2\ud83c\udf89<\/h5>\n<p>Embarquez pour une soir\u00e9e magique \u00e0 bord de notre f\u00eate en bateau de nuit, une exp\u00e9rience inoubliable qui transforme les eaux scintillantes de la M\u00e9diterran\u00e9e en votre piste de danse personnelle! \ud83c\udf0a\ud83d\udd7a<\/p>\n<p>\ud83c\udf1f La f\u00eate commence \u00e0 22h30 et dure deux heures et demie, avec une \u00e9nergie qui atteint son apog\u00e9e sous le ciel \u00e9toil\u00e9 de Mallorca. Laissez-vous emporter par les beats envo\u00fbtants de notre DJ en direct, qui transformera le bateau en un dancefloor flottant.<\/p>\n<p>\ud83c\udf55 Chaque convive se r\u00e9gale avec une d\u00e9licieuse part de pizza, accompagn\u00e9e d&#8217;une boisson rafra\u00eechissante. Notre barre \u00e0 cocktails propose une vari\u00e9t\u00e9 de boissons exquises pour satisfaire tous les go\u00fbts.<\/p>\n<p>\ud83c\udf79 La piste de danse est pr\u00eate \u00e0 accueillir vos mouvements les plus audacieux, avec des lumi\u00e8res scintillantes et une ambiance \u00e9lectrisante. Dansez sous les \u00e9toiles et ressentez l&#8217;excitation de la nuit en mer.<\/p>\n<p>\ud83c\udf05 R\u00e9servez maintenant pour une nuit inoubliable a <a href=\"https:\/\/es.wikipedia.org\/wiki\/Palma_de_Mallorca\">Palma de Mallorca<\/a>!<\/p>\n<p>\ud83c\udf8a Ne manquez pas cette opportunit\u00e9 de vivre une f\u00eate en bateau palpitante \u00e0 Mallorca. Des moments magiques vous attendent, entre musique entra\u00eenante, d\u00e9lices culinaires, et l&#8217;\u00e9clat des vagues sous la lueur de la lune. Embarquez pour une exp\u00e9rience nocturne que vous ch\u00e9rirez \u00e0 jamais! \ud83c\udf1f<\/p>\n<p>&nbsp;<\/p>\n<p>&nbsp;<\/p>\n","protected":false},"excerpt":{"rendered":"<p>Soir\u00e9e bateau \u00e0 Majorque. Profitez d&#8217;une f\u00eate nocturne de deux heures et demie \u00e0 bord d&#8217;un bateau. DJ, Bar, Pizza. Les meilleurs enterrements de vie de gar\u00e7on avec StagParty Soir\u00e9e bateau \u00e0 Majorque\ud83d\udea4 \ud83c\udf19 F\u00eate Nocturne en Bateau \u00e0 ne pas manquer! \ud83d\udea2\ud83c\udf89 Embarquez pour une soir\u00e9e magique \u00e0 bord de notre f\u00eate en bateau [&hellip;]<\/p>\n","protected":false},"featured_media":2719,"comment_status":"open","ping_status":"closed","template":"","meta":{"_et_pb_use_builder":"","_et_pb_old_content":"","_et_gb_content_width":""},"product_brand":[],"product_cat":[218,504],"product_tag":[],"class_list":{"0":"post-2718","1":"product","2":"type-product","3":"status-publish","4":"has-post-thumbnail","6":"product_cat-uncategorised","7":"product_cat-mallorca","9":"first","10":"instock","11":"shipping-taxable","12":"product-type-simple"},"yoast_head":"<!-- This site is optimized with the Yoast SEO plugin v26.4 - https:\/\/yoast.com\/wordpress\/plugins\/seo\/ -->\n<title>Soir\u00e9e bateau \u00e0 Majorque<\/title>\n<meta name=\"description\" content=\"Soir\u00e9e bateau \u00e0 Majorque. Profitez d&#039;une f\u00eate nocturne de deux heures et demie \u00e0 bord d&#039;un bateau. DJ, Bar, Pizza. BoatParty Malllorca.\" \/>\n<meta name=\"robots\" content=\"index, follow, max-snippet:-1, max-image-preview:large, max-video-preview:-1\" \/>\n<link rel=\"canonical\" href=\"https:\/\/stagpartynight.com\/fr\/product\/soiree-bateau-a-majorque\/\" \/>\n<meta property=\"og:locale\" content=\"en_GB\" \/>\n<meta property=\"og:type\" content=\"article\" \/>\n<meta property=\"og:title\" content=\"Soir\u00e9e bateau \u00e0 Majorque\" \/>\n<meta property=\"og:description\" content=\"Soir\u00e9e bateau \u00e0 Majorque. Profitez d&#039;une f\u00eate nocturne de deux heures et demie \u00e0 bord d&#039;un bateau. DJ, Bar, Pizza. BoatParty Malllorca.\" \/>\n<meta property=\"og:url\" content=\"https:\/\/stagpartynight.com\/fr\/product\/soiree-bateau-a-majorque\/\" \/>\n<meta property=\"og:site_name\" content=\"Nuit de f\u00eate de cerf\" \/>\n<meta property=\"article:modified_time\" content=\"2024-01-18T11:25:48+00:00\" \/>\n<meta property=\"og:image\" content=\"https:\/\/stagpartynight.com\/fr\/wp-content\/uploads\/sites\/3\/2023\/12\/Soiree-bateau-a-Majorque.jpg\" \/>\n\t<meta property=\"og:image:width\" content=\"669\" \/>\n\t<meta property=\"og:image:height\" content=\"446\" \/>\n\t<meta property=\"og:image:type\" content=\"image\/jpeg\" \/>\n<meta name=\"twitter:card\" content=\"summary_large_image\" \/>\n<meta name=\"twitter:label1\" content=\"Estimated reading time\" \/>\n\t<meta name=\"twitter:data1\" content=\"2 minutes\" \/>\n<script type=\"application\/ld+json\" class=\"yoast-schema-graph\">{\"@context\":\"https:\/\/schema.org\",\"@graph\":[{\"@type\":\"WebPage\",\"@id\":\"https:\/\/stagpartynight.com\/fr\/product\/soiree-bateau-a-majorque\/\",\"url\":\"https:\/\/stagpartynight.com\/fr\/product\/soiree-bateau-a-majorque\/\",\"name\":\"Soir\u00e9e bateau \u00e0 Majorque\",\"isPartOf\":{\"@id\":\"https:\/\/stagpartynight.com\/fr\/#website\"},\"primaryImageOfPage\":{\"@id\":\"https:\/\/stagpartynight.com\/fr\/product\/soiree-bateau-a-majorque\/#primaryimage\"},\"image\":{\"@id\":\"https:\/\/stagpartynight.com\/fr\/product\/soiree-bateau-a-majorque\/#primaryimage\"},\"thumbnailUrl\":\"https:\/\/stagpartynight.com\/fr\/wp-content\/uploads\/sites\/3\/2023\/12\/Soiree-bateau-a-Majorque.jpg\",\"datePublished\":\"2023-12-27T14:44:53+00:00\",\"dateModified\":\"2024-01-18T11:25:48+00:00\",\"description\":\"Soir\u00e9e bateau \u00e0 Majorque. Profitez d'une f\u00eate nocturne de deux heures et demie \u00e0 bord d'un bateau. DJ, Bar, Pizza. BoatParty Malllorca.\",\"breadcrumb\":{\"@id\":\"https:\/\/stagpartynight.com\/fr\/product\/soiree-bateau-a-majorque\/#breadcrumb\"},\"inLanguage\":\"en-GB\",\"potentialAction\":[{\"@type\":\"ReadAction\",\"target\":[\"https:\/\/stagpartynight.com\/fr\/product\/soiree-bateau-a-majorque\/\"]}]},{\"@type\":\"ImageObject\",\"inLanguage\":\"en-GB\",\"@id\":\"https:\/\/stagpartynight.com\/fr\/product\/soiree-bateau-a-majorque\/#primaryimage\",\"url\":\"https:\/\/stagpartynight.com\/fr\/wp-content\/uploads\/sites\/3\/2023\/12\/Soiree-bateau-a-Majorque.jpg\",\"contentUrl\":\"https:\/\/stagpartynight.com\/fr\/wp-content\/uploads\/sites\/3\/2023\/12\/Soiree-bateau-a-Majorque.jpg\",\"width\":669,\"height\":446,\"caption\":\"Soir\u00e9e bateau \u00e0 Majorque\"},{\"@type\":\"BreadcrumbList\",\"@id\":\"https:\/\/stagpartynight.com\/fr\/product\/soiree-bateau-a-majorque\/#breadcrumb\",\"itemListElement\":[{\"@type\":\"ListItem\",\"position\":1,\"name\":\"Home\",\"item\":\"https:\/\/stagpartynight.com\/fr\/\"},{\"@type\":\"ListItem\",\"position\":2,\"name\":\"Tienda\",\"item\":\"https:\/\/stagpartynight.com\/fr\/tienda\/\"},{\"@type\":\"ListItem\",\"position\":3,\"name\":\"Soir\u00e9e bateau \u00e0 Majorque\"}]},{\"@type\":\"WebSite\",\"@id\":\"https:\/\/stagpartynight.com\/fr\/#website\",\"url\":\"https:\/\/stagpartynight.com\/fr\/\",\"name\":\"Stag Party Night\",\"description\":\"Your Stag Party Customized\",\"publisher\":{\"@id\":\"https:\/\/stagpartynight.com\/fr\/#organization\"},\"potentialAction\":[{\"@type\":\"SearchAction\",\"target\":{\"@type\":\"EntryPoint\",\"urlTemplate\":\"https:\/\/stagpartynight.com\/fr\/?s={search_term_string}\"},\"query-input\":{\"@type\":\"PropertyValueSpecification\",\"valueRequired\":true,\"valueName\":\"search_term_string\"}}],\"inLanguage\":\"en-GB\"},{\"@type\":\"Organization\",\"@id\":\"https:\/\/stagpartynight.com\/fr\/#organization\",\"name\":\"Stag Party Night\",\"url\":\"https:\/\/stagpartynight.com\/fr\/\",\"logo\":{\"@type\":\"ImageObject\",\"inLanguage\":\"en-GB\",\"@id\":\"https:\/\/stagpartynight.com\/fr\/#\/schema\/logo\/image\/\",\"url\":\"https:\/\/stagpartynight.com\/fr\/wp-content\/uploads\/sites\/3\/2019\/12\/stagpartynight-e1578565505687.png\",\"contentUrl\":\"https:\/\/stagpartynight.com\/fr\/wp-content\/uploads\/sites\/3\/2019\/12\/stagpartynight-e1578565505687.png\",\"width\":400,\"height\":400,\"caption\":\"Stag Party Night\"},\"image\":{\"@id\":\"https:\/\/stagpartynight.com\/fr\/#\/schema\/logo\/image\/\"}}]}<\/script>\n<!-- \/ Yoast SEO plugin. -->","yoast_head_json":{"title":"Soir\u00e9e bateau \u00e0 Majorque","description":"Soir\u00e9e bateau \u00e0 Majorque. Profitez d'une f\u00eate nocturne de deux heures et demie \u00e0 bord d'un bateau. DJ, Bar, Pizza. BoatParty Malllorca.","robots":{"index":"index","follow":"follow","max-snippet":"max-snippet:-1","max-image-preview":"max-image-preview:large","max-video-preview":"max-video-preview:-1"},"canonical":"https:\/\/stagpartynight.com\/fr\/product\/soiree-bateau-a-majorque\/","og_locale":"en_GB","og_type":"article","og_title":"Soir\u00e9e bateau \u00e0 Majorque","og_description":"Soir\u00e9e bateau \u00e0 Majorque. Profitez d'une f\u00eate nocturne de deux heures et demie \u00e0 bord d'un bateau. DJ, Bar, Pizza. BoatParty Malllorca.","og_url":"https:\/\/stagpartynight.com\/fr\/product\/soiree-bateau-a-majorque\/","og_site_name":"Nuit de f\u00eate de cerf","article_modified_time":"2024-01-18T11:25:48+00:00","og_image":[{"width":669,"height":446,"url":"https:\/\/stagpartynight.com\/fr\/wp-content\/uploads\/sites\/3\/2023\/12\/Soiree-bateau-a-Majorque.jpg","type":"image\/jpeg"}],"twitter_card":"summary_large_image","twitter_misc":{"Estimated reading time":"2 minutes"},"schema":{"@context":"https:\/\/schema.org","@graph":[{"@type":"WebPage","@id":"https:\/\/stagpartynight.com\/fr\/product\/soiree-bateau-a-majorque\/","url":"https:\/\/stagpartynight.com\/fr\/product\/soiree-bateau-a-majorque\/","name":"Soir\u00e9e bateau \u00e0 Majorque","isPartOf":{"@id":"https:\/\/stagpartynight.com\/fr\/#website"},"primaryImageOfPage":{"@id":"https:\/\/stagpartynight.com\/fr\/product\/soiree-bateau-a-majorque\/#primaryimage"},"image":{"@id":"https:\/\/stagpartynight.com\/fr\/product\/soiree-bateau-a-majorque\/#primaryimage"},"thumbnailUrl":"https:\/\/stagpartynight.com\/fr\/wp-content\/uploads\/sites\/3\/2023\/12\/Soiree-bateau-a-Majorque.jpg","datePublished":"2023-12-27T14:44:53+00:00","dateModified":"2024-01-18T11:25:48+00:00","description":"Soir\u00e9e bateau \u00e0 Majorque. Profitez d'une f\u00eate nocturne de deux heures et demie \u00e0 bord d'un bateau. DJ, Bar, Pizza. BoatParty Malllorca.","breadcrumb":{"@id":"https:\/\/stagpartynight.com\/fr\/product\/soiree-bateau-a-majorque\/#breadcrumb"},"inLanguage":"en-GB","potentialAction":[{"@type":"ReadAction","target":["https:\/\/stagpartynight.com\/fr\/product\/soiree-bateau-a-majorque\/"]}]},{"@type":"ImageObject","inLanguage":"en-GB","@id":"https:\/\/stagpartynight.com\/fr\/product\/soiree-bateau-a-majorque\/#primaryimage","url":"https:\/\/stagpartynight.com\/fr\/wp-content\/uploads\/sites\/3\/2023\/12\/Soiree-bateau-a-Majorque.jpg","contentUrl":"https:\/\/stagpartynight.com\/fr\/wp-content\/uploads\/sites\/3\/2023\/12\/Soiree-bateau-a-Majorque.jpg","width":669,"height":446,"caption":"Soir\u00e9e bateau \u00e0 Majorque"},{"@type":"BreadcrumbList","@id":"https:\/\/stagpartynight.com\/fr\/product\/soiree-bateau-a-majorque\/#breadcrumb","itemListElement":[{"@type":"ListItem","position":1,"name":"Home","item":"https:\/\/stagpartynight.com\/fr\/"},{"@type":"ListItem","position":2,"name":"Tienda","item":"https:\/\/stagpartynight.com\/fr\/tienda\/"},{"@type":"ListItem","position":3,"name":"Soir\u00e9e bateau \u00e0 Majorque"}]},{"@type":"WebSite","@id":"https:\/\/stagpartynight.com\/fr\/#website","url":"https:\/\/stagpartynight.com\/fr\/","name":"Stag Party Night","description":"Your Stag Party Customized","publisher":{"@id":"https:\/\/stagpartynight.com\/fr\/#organization"},"potentialAction":[{"@type":"SearchAction","target":{"@type":"EntryPoint","urlTemplate":"https:\/\/stagpartynight.com\/fr\/?s={search_term_string}"},"query-input":{"@type":"PropertyValueSpecification","valueRequired":true,"valueName":"search_term_string"}}],"inLanguage":"en-GB"},{"@type":"Organization","@id":"https:\/\/stagpartynight.com\/fr\/#organization","name":"Stag Party Night","url":"https:\/\/stagpartynight.com\/fr\/","logo":{"@type":"ImageObject","inLanguage":"en-GB","@id":"https:\/\/stagpartynight.com\/fr\/#\/schema\/logo\/image\/","url":"https:\/\/stagpartynight.com\/fr\/wp-content\/uploads\/sites\/3\/2019\/12\/stagpartynight-e1578565505687.png","contentUrl":"https:\/\/stagpartynight.com\/fr\/wp-content\/uploads\/sites\/3\/2019\/12\/stagpartynight-e1578565505687.png","width":400,"height":400,"caption":"Stag Party Night"},"image":{"@id":"https:\/\/stagpartynight.com\/fr\/#\/schema\/logo\/image\/"}}]}},"_links":{"self":[{"href":"https:\/\/stagpartynight.com\/fr\/wp-json\/wp\/v2\/product\/2718","targetHints":{"allow":["GET"]}}],"collection":[{"href":"https:\/\/stagpartynight.com\/fr\/wp-json\/wp\/v2\/product"}],"about":[{"href":"https:\/\/stagpartynight.com\/fr\/wp-json\/wp\/v2\/types\/product"}],"replies":[{"embeddable":true,"href":"https:\/\/stagpartynight.com\/fr\/wp-json\/wp\/v2\/comments?post=2718"}],"wp:featuredmedia":[{"embeddable":true,"href":"https:\/\/stagpartynight.com\/fr\/wp-json\/wp\/v2\/media\/2719"}],"wp:attachment":[{"href":"https:\/\/stagpartynight.com\/fr\/wp-json\/wp\/v2\/media?parent=2718"}],"wp:term":[{"taxonomy":"product_brand","embeddable":true,"href":"https:\/\/stagpartynight.com\/fr\/wp-json\/wp\/v2\/product_brand?post=2718"},{"taxonomy":"product_cat","embeddable":true,"href":"https:\/\/stagpartynight.com\/fr\/wp-json\/wp\/v2\/product_cat?post=2718"},{"taxonomy":"product_tag","embeddable":true,"href":"https:\/\/stagpartynight.com\/fr\/wp-json\/wp\/v2\/product_tag?post=2718"}],"curies":[{"name":"wp","href":"https:\/\/api.w.org\/{rel}","templated":true}]}}