{"id":272,"date":"2020-01-08T14:42:01","date_gmt":"2020-01-08T13:42:01","guid":{"rendered":"https:\/\/stagpartynight.com\/fr\/?post_type=product&#038;p=272"},"modified":"2024-03-12T11:56:17","modified_gmt":"2024-03-12T10:56:17","slug":"escape-room-ibiza","status":"publish","type":"product","link":"https:\/\/stagpartynight.com\/fr\/product\/escape-room-ibiza\/","title":{"rendered":"Escape Room Ibiza"},"content":{"rendered":"<p>4 d\u00e9fis pour mesurer vos capacit\u00e9s, r\u00e9soudre des indices, d\u00e9chiffrer des codes et r\u00e9soudre le puzzle. 60 minutes environ. Le plus amusant <a href=\"https:\/\/en.wikipedia.org\/wiki\/Ibiza\">d&#8217;Ibiza<\/a> avec <a href=\"https:\/\/stagpartynight.com\/\">Stag Party Night.<\/a><\/p>\n<p>Voulez-vous vivre une exp\u00e9rience immersive et passionnante qui mettra \u00e0 l\u2019\u00e9preuve vos comp\u00e9tences et stimulera votre esprit ? Ne perdez pas de temps. Quatre d\u00e9fis captivants s&#8217;offrent \u00e0 vous. Vous guide dans un voyage d&#8217;\u00e9nigmes, de codes \u00e0 d\u00e9chiffrer et d&#8217;\u00e9nigmes \u00e0 r\u00e9soudre. Le tout dans un environnement stimulant et captivant.<\/p>\n<p>Tous les d\u00e9fis sont con\u00e7us pour mettre en valeur vos comp\u00e9tences cognitives et votre esprit d\u2019\u00e9quipe. Tout en vous offrant une exp\u00e9rience divertissante et captivante. Chaque indice, chaque \u00e9nigme et chaque code vous rapprocheront de la r\u00e9solution de l&#8217;\u00e9nigme finale.<\/p>\n<div class=\"flex-1 overflow-hidden\">\n<div class=\"react-scroll-to-bottom--css-etktj-79elbk h-full\">\n<div class=\"react-scroll-to-bottom--css-etktj-1n7m0yu\">\n<div class=\"flex flex-col text-sm pb-9\">\n<div class=\"w-full text-token-text-primary\" data-testid=\"conversation-turn-87\">\n<div class=\"px-4 py-2 justify-center text-base md:gap-6 m-auto\">\n<div class=\"flex flex-1 text-base mx-auto gap-3 md:px-5 lg:px-1 xl:px-5 md:max-w-3xl lg:max-w-[40rem] xl:max-w-[48rem] group final-completion\">\n<div class=\"relative flex w-full flex-col agent-turn\">\n<div class=\"flex-col gap-1 md:gap-3\">\n<div class=\"flex flex-grow flex-col max-w-full\">\n<div class=\"min-h-[20px] text-message flex flex-col items-start gap-3 whitespace-pre-wrap break-words [.text-message+&amp;]:mt-5 overflow-x-auto\" data-message-author-role=\"assistant\" data-message-id=\"da885ffc-c010-4a29-ac9c-4dfaad64fdb9\">\n<div class=\"markdown prose w-full break-words dark:prose-invert dark\">\n<h4>D\u00e9fiez Votre Esprit : Quatre \u00c9preuves Enigmatiques en 60 Minutes<\/h4>\n<\/div>\n<\/div>\n<\/div>\n<\/div>\n<\/div>\n<\/div>\n<\/div>\n<\/div>\n<\/div>\n<\/div>\n<\/div>\n<\/div>\n<p>Peu importe que vous soyez un expert en puzzles ou un novice curieux. Ces d\u00e9fis sont accessibles \u00e0 tous et offrent une exp\u00e9rience m\u00e9morable. Pendant environ 60 minutes, vous aurez tout le temps de relever chaque d\u00e9fi. S&#8217;appuyer sur vos comp\u00e9tences individuelles et travailler en collaboration pour r\u00e9soudre les \u00e9nigmes les plus complexes.<\/p>\n<p>Pr\u00e9parez-vous \u00e0 mettre votre esprit au d\u00e9fi de mani\u00e8re divertissante et engageante, en testant votre logique, votre ing\u00e9niosit\u00e9 et votre capacit\u00e9 \u00e0 penser de mani\u00e8re cr\u00e9ative. Qu&#8217;il s&#8217;agisse de r\u00e9soudre chaque \u00e9nigme en un temps record ou de relever des d\u00e9fis plus difficiles. Il est ind\u00e9niable que vous passerez un moment m\u00e9morable en relevant ces d\u00e9fis passionnants.<\/p>\n<p>En r\u00e9sum\u00e9, lancez-vous dans cette aventure avec ces quatre d\u00e9fis captivants qui mettront \u00e0 l&#8217;\u00e9preuve vos comp\u00e9tences, votre esprit d&#8217;\u00e9quipe et votre capacit\u00e9 \u00e0 r\u00e9soudre des \u00e9nigmes. Que ce soit seul, en compagnie de votre famille ou de vos amis, ces d\u00e9fis vous conviendront pour une exp\u00e9rience immersive et divertissante que vous ne pourrez pas oublier. \u00cates-vous pr\u00eat \u00e0 relever le d\u00e9fi?<\/p>\n","protected":false},"excerpt":{"rendered":"<p>4 d\u00e9fis pour mesurer vos capacit\u00e9s, r\u00e9soudre des indices, d\u00e9chiffrer des codes et r\u00e9soudre le puzzle. 60 minutes environ.<\/p>\n","protected":false},"featured_media":273,"comment_status":"open","ping_status":"closed","template":"","meta":{"_et_pb_use_builder":"","_et_pb_old_content":"","_et_gb_content_width":""},"product_brand":[],"product_cat":[113],"product_tag":[131,346],"class_list":{"0":"post-272","1":"product","2":"type-product","3":"status-publish","4":"has-post-thumbnail","6":"product_cat-ibiza","7":"product_tag-escape-room-ibiza","8":"product_tag-scape-room-a-ibiza","10":"first","11":"instock","12":"virtual","13":"product-type-simple"},"yoast_head":"<!-- This site is optimized with the Yoast SEO plugin v26.4 - https:\/\/yoast.com\/wordpress\/plugins\/seo\/ -->\n<title>Escape Room Ibiza<\/title>\n<meta name=\"description\" content=\"Escape Room Ibiza - 4 d\u00e9fis pour mesurer vos capacit\u00e9s, r\u00e9soudre des indices, d\u00e9chiffrer des codes et r\u00e9soudre le puzzle. 60 minutes environ.\" \/>\n<meta name=\"robots\" content=\"index, follow, max-snippet:-1, max-image-preview:large, max-video-preview:-1\" \/>\n<link rel=\"canonical\" href=\"https:\/\/stagpartynight.com\/fr\/product\/escape-room-ibiza\/\" \/>\n<meta property=\"og:locale\" content=\"en_GB\" \/>\n<meta property=\"og:type\" content=\"article\" \/>\n<meta property=\"og:title\" content=\"Escape Room Ibiza\" \/>\n<meta property=\"og:description\" content=\"Escape Room Ibiza - 4 d\u00e9fis pour mesurer vos capacit\u00e9s, r\u00e9soudre des indices, d\u00e9chiffrer des codes et r\u00e9soudre le puzzle. 60 minutes environ.\" \/>\n<meta property=\"og:url\" content=\"https:\/\/stagpartynight.com\/fr\/product\/escape-room-ibiza\/\" \/>\n<meta property=\"og:site_name\" content=\"Nuit de f\u00eate de cerf\" \/>\n<meta property=\"article:modified_time\" content=\"2024-03-12T10:56:17+00:00\" \/>\n<meta property=\"og:image\" content=\"https:\/\/stagpartynight.com\/fr\/wp-content\/uploads\/sites\/3\/2020\/01\/Escape-Room-Ibiza.jpg\" \/>\n\t<meta property=\"og:image:width\" content=\"1280\" \/>\n\t<meta property=\"og:image:height\" content=\"720\" \/>\n\t<meta property=\"og:image:type\" content=\"image\/jpeg\" \/>\n<meta name=\"twitter:card\" content=\"summary_large_image\" \/>\n<meta name=\"twitter:label1\" content=\"Estimated reading time\" \/>\n\t<meta name=\"twitter:data1\" content=\"2 minutes\" \/>\n<script type=\"application\/ld+json\" class=\"yoast-schema-graph\">{\"@context\":\"https:\/\/schema.org\",\"@graph\":[{\"@type\":\"WebPage\",\"@id\":\"https:\/\/stagpartynight.com\/fr\/product\/escape-room-ibiza\/\",\"url\":\"https:\/\/stagpartynight.com\/fr\/product\/escape-room-ibiza\/\",\"name\":\"Escape Room Ibiza\",\"isPartOf\":{\"@id\":\"https:\/\/stagpartynight.com\/fr\/#website\"},\"primaryImageOfPage\":{\"@id\":\"https:\/\/stagpartynight.com\/fr\/product\/escape-room-ibiza\/#primaryimage\"},\"image\":{\"@id\":\"https:\/\/stagpartynight.com\/fr\/product\/escape-room-ibiza\/#primaryimage\"},\"thumbnailUrl\":\"https:\/\/stagpartynight.com\/fr\/wp-content\/uploads\/sites\/3\/2020\/01\/Escape-Room-Ibiza.jpg\",\"datePublished\":\"2020-01-08T13:42:01+00:00\",\"dateModified\":\"2024-03-12T10:56:17+00:00\",\"description\":\"Escape Room Ibiza - 4 d\u00e9fis pour mesurer vos capacit\u00e9s, r\u00e9soudre des indices, d\u00e9chiffrer des codes et r\u00e9soudre le puzzle. 60 minutes environ.\",\"breadcrumb\":{\"@id\":\"https:\/\/stagpartynight.com\/fr\/product\/escape-room-ibiza\/#breadcrumb\"},\"inLanguage\":\"en-GB\",\"potentialAction\":[{\"@type\":\"ReadAction\",\"target\":[\"https:\/\/stagpartynight.com\/fr\/product\/escape-room-ibiza\/\"]}]},{\"@type\":\"ImageObject\",\"inLanguage\":\"en-GB\",\"@id\":\"https:\/\/stagpartynight.com\/fr\/product\/escape-room-ibiza\/#primaryimage\",\"url\":\"https:\/\/stagpartynight.com\/fr\/wp-content\/uploads\/sites\/3\/2020\/01\/Escape-Room-Ibiza.jpg\",\"contentUrl\":\"https:\/\/stagpartynight.com\/fr\/wp-content\/uploads\/sites\/3\/2020\/01\/Escape-Room-Ibiza.jpg\",\"width\":1280,\"height\":720},{\"@type\":\"BreadcrumbList\",\"@id\":\"https:\/\/stagpartynight.com\/fr\/product\/escape-room-ibiza\/#breadcrumb\",\"itemListElement\":[{\"@type\":\"ListItem\",\"position\":1,\"name\":\"Home\",\"item\":\"https:\/\/stagpartynight.com\/fr\/\"},{\"@type\":\"ListItem\",\"position\":2,\"name\":\"Tienda\",\"item\":\"https:\/\/stagpartynight.com\/fr\/tienda\/\"},{\"@type\":\"ListItem\",\"position\":3,\"name\":\"Escape Room Ibiza\"}]},{\"@type\":\"WebSite\",\"@id\":\"https:\/\/stagpartynight.com\/fr\/#website\",\"url\":\"https:\/\/stagpartynight.com\/fr\/\",\"name\":\"Stag Party Night\",\"description\":\"Your Stag Party Customized\",\"publisher\":{\"@id\":\"https:\/\/stagpartynight.com\/fr\/#organization\"},\"potentialAction\":[{\"@type\":\"SearchAction\",\"target\":{\"@type\":\"EntryPoint\",\"urlTemplate\":\"https:\/\/stagpartynight.com\/fr\/?s={search_term_string}\"},\"query-input\":{\"@type\":\"PropertyValueSpecification\",\"valueRequired\":true,\"valueName\":\"search_term_string\"}}],\"inLanguage\":\"en-GB\"},{\"@type\":\"Organization\",\"@id\":\"https:\/\/stagpartynight.com\/fr\/#organization\",\"name\":\"Stag Party Night\",\"url\":\"https:\/\/stagpartynight.com\/fr\/\",\"logo\":{\"@type\":\"ImageObject\",\"inLanguage\":\"en-GB\",\"@id\":\"https:\/\/stagpartynight.com\/fr\/#\/schema\/logo\/image\/\",\"url\":\"https:\/\/stagpartynight.com\/fr\/wp-content\/uploads\/sites\/3\/2019\/12\/stagpartynight-e1578565505687.png\",\"contentUrl\":\"https:\/\/stagpartynight.com\/fr\/wp-content\/uploads\/sites\/3\/2019\/12\/stagpartynight-e1578565505687.png\",\"width\":400,\"height\":400,\"caption\":\"Stag Party Night\"},\"image\":{\"@id\":\"https:\/\/stagpartynight.com\/fr\/#\/schema\/logo\/image\/\"}}]}<\/script>\n<!-- \/ Yoast SEO plugin. -->","yoast_head_json":{"title":"Escape Room Ibiza","description":"Escape Room Ibiza - 4 d\u00e9fis pour mesurer vos capacit\u00e9s, r\u00e9soudre des indices, d\u00e9chiffrer des codes et r\u00e9soudre le puzzle. 60 minutes environ.","robots":{"index":"index","follow":"follow","max-snippet":"max-snippet:-1","max-image-preview":"max-image-preview:large","max-video-preview":"max-video-preview:-1"},"canonical":"https:\/\/stagpartynight.com\/fr\/product\/escape-room-ibiza\/","og_locale":"en_GB","og_type":"article","og_title":"Escape Room Ibiza","og_description":"Escape Room Ibiza - 4 d\u00e9fis pour mesurer vos capacit\u00e9s, r\u00e9soudre des indices, d\u00e9chiffrer des codes et r\u00e9soudre le puzzle. 60 minutes environ.","og_url":"https:\/\/stagpartynight.com\/fr\/product\/escape-room-ibiza\/","og_site_name":"Nuit de f\u00eate de cerf","article_modified_time":"2024-03-12T10:56:17+00:00","og_image":[{"width":1280,"height":720,"url":"https:\/\/stagpartynight.com\/fr\/wp-content\/uploads\/sites\/3\/2020\/01\/Escape-Room-Ibiza.jpg","type":"image\/jpeg"}],"twitter_card":"summary_large_image","twitter_misc":{"Estimated reading time":"2 minutes"},"schema":{"@context":"https:\/\/schema.org","@graph":[{"@type":"WebPage","@id":"https:\/\/stagpartynight.com\/fr\/product\/escape-room-ibiza\/","url":"https:\/\/stagpartynight.com\/fr\/product\/escape-room-ibiza\/","name":"Escape Room Ibiza","isPartOf":{"@id":"https:\/\/stagpartynight.com\/fr\/#website"},"primaryImageOfPage":{"@id":"https:\/\/stagpartynight.com\/fr\/product\/escape-room-ibiza\/#primaryimage"},"image":{"@id":"https:\/\/stagpartynight.com\/fr\/product\/escape-room-ibiza\/#primaryimage"},"thumbnailUrl":"https:\/\/stagpartynight.com\/fr\/wp-content\/uploads\/sites\/3\/2020\/01\/Escape-Room-Ibiza.jpg","datePublished":"2020-01-08T13:42:01+00:00","dateModified":"2024-03-12T10:56:17+00:00","description":"Escape Room Ibiza - 4 d\u00e9fis pour mesurer vos capacit\u00e9s, r\u00e9soudre des indices, d\u00e9chiffrer des codes et r\u00e9soudre le puzzle. 60 minutes environ.","breadcrumb":{"@id":"https:\/\/stagpartynight.com\/fr\/product\/escape-room-ibiza\/#breadcrumb"},"inLanguage":"en-GB","potentialAction":[{"@type":"ReadAction","target":["https:\/\/stagpartynight.com\/fr\/product\/escape-room-ibiza\/"]}]},{"@type":"ImageObject","inLanguage":"en-GB","@id":"https:\/\/stagpartynight.com\/fr\/product\/escape-room-ibiza\/#primaryimage","url":"https:\/\/stagpartynight.com\/fr\/wp-content\/uploads\/sites\/3\/2020\/01\/Escape-Room-Ibiza.jpg","contentUrl":"https:\/\/stagpartynight.com\/fr\/wp-content\/uploads\/sites\/3\/2020\/01\/Escape-Room-Ibiza.jpg","width":1280,"height":720},{"@type":"BreadcrumbList","@id":"https:\/\/stagpartynight.com\/fr\/product\/escape-room-ibiza\/#breadcrumb","itemListElement":[{"@type":"ListItem","position":1,"name":"Home","item":"https:\/\/stagpartynight.com\/fr\/"},{"@type":"ListItem","position":2,"name":"Tienda","item":"https:\/\/stagpartynight.com\/fr\/tienda\/"},{"@type":"ListItem","position":3,"name":"Escape Room Ibiza"}]},{"@type":"WebSite","@id":"https:\/\/stagpartynight.com\/fr\/#website","url":"https:\/\/stagpartynight.com\/fr\/","name":"Stag Party Night","description":"Your Stag Party Customized","publisher":{"@id":"https:\/\/stagpartynight.com\/fr\/#organization"},"potentialAction":[{"@type":"SearchAction","target":{"@type":"EntryPoint","urlTemplate":"https:\/\/stagpartynight.com\/fr\/?s={search_term_string}"},"query-input":{"@type":"PropertyValueSpecification","valueRequired":true,"valueName":"search_term_string"}}],"inLanguage":"en-GB"},{"@type":"Organization","@id":"https:\/\/stagpartynight.com\/fr\/#organization","name":"Stag Party Night","url":"https:\/\/stagpartynight.com\/fr\/","logo":{"@type":"ImageObject","inLanguage":"en-GB","@id":"https:\/\/stagpartynight.com\/fr\/#\/schema\/logo\/image\/","url":"https:\/\/stagpartynight.com\/fr\/wp-content\/uploads\/sites\/3\/2019\/12\/stagpartynight-e1578565505687.png","contentUrl":"https:\/\/stagpartynight.com\/fr\/wp-content\/uploads\/sites\/3\/2019\/12\/stagpartynight-e1578565505687.png","width":400,"height":400,"caption":"Stag Party Night"},"image":{"@id":"https:\/\/stagpartynight.com\/fr\/#\/schema\/logo\/image\/"}}]}},"_links":{"self":[{"href":"https:\/\/stagpartynight.com\/fr\/wp-json\/wp\/v2\/product\/272","targetHints":{"allow":["GET"]}}],"collection":[{"href":"https:\/\/stagpartynight.com\/fr\/wp-json\/wp\/v2\/product"}],"about":[{"href":"https:\/\/stagpartynight.com\/fr\/wp-json\/wp\/v2\/types\/product"}],"replies":[{"embeddable":true,"href":"https:\/\/stagpartynight.com\/fr\/wp-json\/wp\/v2\/comments?post=272"}],"wp:featuredmedia":[{"embeddable":true,"href":"https:\/\/stagpartynight.com\/fr\/wp-json\/wp\/v2\/media\/273"}],"wp:attachment":[{"href":"https:\/\/stagpartynight.com\/fr\/wp-json\/wp\/v2\/media?parent=272"}],"wp:term":[{"taxonomy":"product_brand","embeddable":true,"href":"https:\/\/stagpartynight.com\/fr\/wp-json\/wp\/v2\/product_brand?post=272"},{"taxonomy":"product_cat","embeddable":true,"href":"https:\/\/stagpartynight.com\/fr\/wp-json\/wp\/v2\/product_cat?post=272"},{"taxonomy":"product_tag","embeddable":true,"href":"https:\/\/stagpartynight.com\/fr\/wp-json\/wp\/v2\/product_tag?post=272"}],"curies":[{"name":"wp","href":"https:\/\/api.w.org\/{rel}","templated":true}]}}