{"id":2720,"date":"2023-12-27T15:52:32","date_gmt":"2023-12-27T14:52:32","guid":{"rendered":"https:\/\/stagpartynight.com\/fr\/?post_type=product&#038;p=2720"},"modified":"2024-01-18T12:25:48","modified_gmt":"2024-01-18T11:25:48","slug":"jet-ski-majorque","status":"publish","type":"product","link":"https:\/\/stagpartynight.com\/fr\/product\/jet-ski-majorque\/","title":{"rendered":"Jet Ski Majorque"},"content":{"rendered":"<p>Jet Ski Majorque. Profitez d&#8217;une demi-heure de l&#8217;activit\u00e9 nautique la plus amusante : le jet ski. Choisissez entre Arenal et Magaluf.<\/p>\n<p>Les meilleurs enterrements de vie de gar\u00e7on avec <a href=\"https:\/\/stagpartynight.com\/\">StagParty <\/a><\/p>\n<h2 style=\"text-align: center;\">Jet Ski Majorque \ud83c\udf0a<\/h2>\n<h5>\ud83c\udf0a D\u00e9couvrez l&#8217;Adr\u00e9naline Aquatique \u00e0 Magaluf ou \u00e0 l&#8217;Arenal! \ud83d\udea4\ud83d\udca6<\/h5>\n<p>Vivez une demi-heure de frissons inoubliables sur les eaux cristallines de Mallorca avec notre incroyable activit\u00e9 de moto aquatique! \ud83c\udf34\ud83c\udf0a<\/p>\n<p>Choisissez entre Magaluf et l&#8217;Arenal pour cette aventure unique en son genre. Montez sur votre moto aquatique et ressentez l&#8217;excitation de fendre les vagues de la M\u00e9diterran\u00e9e.<\/p>\n<p>\ud83d\udc6c Que vous pr\u00e9f\u00e9riez l&#8217;ind\u00e9pendance d&#8217;une exp\u00e9rience individuelle ou le partage d&#8217;une aventure en couple, vous avez la libert\u00e9 de choisir. Les couples peuvent alterner le r\u00f4le de conducteur pour doubler le plaisir tout en d\u00e9couvrant les sensations fortes de la conduite en mer.<\/p>\n<p>\ud83d\udca8 Glissez \u00e0 toute vitesse, sentez le vent dans vos cheveux, et savourez chaque moment de cette exp\u00e9rience aquatique palpitante. Avec la splendeur de Mallorca comme toile de fond, chaque virage devient une aventure inoubliable.<\/p>\n<p>\ud83c\udf05 R\u00e9servez maintenant pour une aventure aquatique m\u00e9morable!<\/p>\n<p>\ud83c\udf1f Offrez-vous une demi-heure d&#8217;amusement sous le soleil de Mallorca. Laissez la mer vous guider dans une aventure pleine de rires, de frissons et de souvenirs inoubliables. Embarquez pour une exp\u00e9rience de moto aquatique qui restera grav\u00e9e dans votre m\u00e9moire! \ud83c\udfc4\u200d\u2642\ufe0f\ud83c\udfc4\u200d\u2640\ufe0f<\/p>\n<p>Choisissez entre <a href=\"https:\/\/es.wikipedia.org\/wiki\/El_Arenal_(Baleares)\">Arenal<\/a> et <a href=\"https:\/\/es.wikipedia.org\/wiki\/Magaluf\">Magaluf<\/a> (prix variables).<\/p>\n","protected":false},"excerpt":{"rendered":"<p>Jet Ski Majorque. Profitez d&#8217;une demi-heure de l&#8217;activit\u00e9 nautique la plus amusante : le jet ski. Choisissez entre Arenal et Magaluf. Les meilleurs enterrements de vie de gar\u00e7on avec StagParty Jet Ski Majorque \ud83c\udf0a \ud83c\udf0a D\u00e9couvrez l&#8217;Adr\u00e9naline Aquatique \u00e0 Magaluf ou \u00e0 l&#8217;Arenal! \ud83d\udea4\ud83d\udca6 Vivez une demi-heure de frissons inoubliables sur les eaux cristallines de [&hellip;]<\/p>\n","protected":false},"featured_media":2721,"comment_status":"open","ping_status":"closed","template":"","meta":{"_et_pb_use_builder":"","_et_pb_old_content":"","_et_gb_content_width":""},"product_brand":[],"product_cat":[218,504],"product_tag":[],"class_list":{"0":"post-2720","1":"product","2":"type-product","3":"status-publish","4":"has-post-thumbnail","6":"product_cat-uncategorised","7":"product_cat-mallorca","9":"first","10":"instock","11":"shipping-taxable","12":"product-type-simple"},"yoast_head":"<!-- This site is optimized with the Yoast SEO plugin v26.4 - https:\/\/yoast.com\/wordpress\/plugins\/seo\/ -->\n<title>Jet Ski Majorque<\/title>\n<meta name=\"description\" content=\"Jet Ski Majorque. Profitez d&#039;une demi-heure de l&#039;activit\u00e9 nautique la plus amusante : le jet ski. Choisissez entre Arenal et Magaluf.\" \/>\n<meta name=\"robots\" content=\"index, follow, max-snippet:-1, max-image-preview:large, max-video-preview:-1\" \/>\n<link rel=\"canonical\" href=\"https:\/\/stagpartynight.com\/fr\/product\/jet-ski-majorque\/\" \/>\n<meta property=\"og:locale\" content=\"en_GB\" \/>\n<meta property=\"og:type\" content=\"article\" \/>\n<meta property=\"og:title\" content=\"Jet Ski Majorque\" \/>\n<meta property=\"og:description\" content=\"Jet Ski Majorque. Profitez d&#039;une demi-heure de l&#039;activit\u00e9 nautique la plus amusante : le jet ski. Choisissez entre Arenal et Magaluf.\" \/>\n<meta property=\"og:url\" content=\"https:\/\/stagpartynight.com\/fr\/product\/jet-ski-majorque\/\" \/>\n<meta property=\"og:site_name\" content=\"Nuit de f\u00eate de cerf\" \/>\n<meta property=\"article:modified_time\" content=\"2024-01-18T11:25:48+00:00\" \/>\n<meta property=\"og:image\" content=\"https:\/\/stagpartynight.com\/fr\/wp-content\/uploads\/sites\/3\/2023\/12\/Jet-Ski-Majorque.jpg\" \/>\n\t<meta property=\"og:image:width\" content=\"1280\" \/>\n\t<meta property=\"og:image:height\" content=\"865\" \/>\n\t<meta property=\"og:image:type\" content=\"image\/jpeg\" \/>\n<meta name=\"twitter:card\" content=\"summary_large_image\" \/>\n<meta name=\"twitter:label1\" content=\"Estimated reading time\" \/>\n\t<meta name=\"twitter:data1\" content=\"1 minute\" \/>\n<script type=\"application\/ld+json\" class=\"yoast-schema-graph\">{\"@context\":\"https:\/\/schema.org\",\"@graph\":[{\"@type\":\"WebPage\",\"@id\":\"https:\/\/stagpartynight.com\/fr\/product\/jet-ski-majorque\/\",\"url\":\"https:\/\/stagpartynight.com\/fr\/product\/jet-ski-majorque\/\",\"name\":\"Jet Ski Majorque\",\"isPartOf\":{\"@id\":\"https:\/\/stagpartynight.com\/fr\/#website\"},\"primaryImageOfPage\":{\"@id\":\"https:\/\/stagpartynight.com\/fr\/product\/jet-ski-majorque\/#primaryimage\"},\"image\":{\"@id\":\"https:\/\/stagpartynight.com\/fr\/product\/jet-ski-majorque\/#primaryimage\"},\"thumbnailUrl\":\"https:\/\/stagpartynight.com\/fr\/wp-content\/uploads\/sites\/3\/2023\/12\/Jet-Ski-Majorque.jpg\",\"datePublished\":\"2023-12-27T14:52:32+00:00\",\"dateModified\":\"2024-01-18T11:25:48+00:00\",\"description\":\"Jet Ski Majorque. Profitez d'une demi-heure de l'activit\u00e9 nautique la plus amusante : le jet ski. Choisissez entre Arenal et Magaluf.\",\"breadcrumb\":{\"@id\":\"https:\/\/stagpartynight.com\/fr\/product\/jet-ski-majorque\/#breadcrumb\"},\"inLanguage\":\"en-GB\",\"potentialAction\":[{\"@type\":\"ReadAction\",\"target\":[\"https:\/\/stagpartynight.com\/fr\/product\/jet-ski-majorque\/\"]}]},{\"@type\":\"ImageObject\",\"inLanguage\":\"en-GB\",\"@id\":\"https:\/\/stagpartynight.com\/fr\/product\/jet-ski-majorque\/#primaryimage\",\"url\":\"https:\/\/stagpartynight.com\/fr\/wp-content\/uploads\/sites\/3\/2023\/12\/Jet-Ski-Majorque.jpg\",\"contentUrl\":\"https:\/\/stagpartynight.com\/fr\/wp-content\/uploads\/sites\/3\/2023\/12\/Jet-Ski-Majorque.jpg\",\"width\":1280,\"height\":865,\"caption\":\"Jet Ski Majorque\"},{\"@type\":\"BreadcrumbList\",\"@id\":\"https:\/\/stagpartynight.com\/fr\/product\/jet-ski-majorque\/#breadcrumb\",\"itemListElement\":[{\"@type\":\"ListItem\",\"position\":1,\"name\":\"Home\",\"item\":\"https:\/\/stagpartynight.com\/fr\/\"},{\"@type\":\"ListItem\",\"position\":2,\"name\":\"Tienda\",\"item\":\"https:\/\/stagpartynight.com\/fr\/tienda\/\"},{\"@type\":\"ListItem\",\"position\":3,\"name\":\"Jet Ski Majorque\"}]},{\"@type\":\"WebSite\",\"@id\":\"https:\/\/stagpartynight.com\/fr\/#website\",\"url\":\"https:\/\/stagpartynight.com\/fr\/\",\"name\":\"Stag Party Night\",\"description\":\"Your Stag Party Customized\",\"publisher\":{\"@id\":\"https:\/\/stagpartynight.com\/fr\/#organization\"},\"potentialAction\":[{\"@type\":\"SearchAction\",\"target\":{\"@type\":\"EntryPoint\",\"urlTemplate\":\"https:\/\/stagpartynight.com\/fr\/?s={search_term_string}\"},\"query-input\":{\"@type\":\"PropertyValueSpecification\",\"valueRequired\":true,\"valueName\":\"search_term_string\"}}],\"inLanguage\":\"en-GB\"},{\"@type\":\"Organization\",\"@id\":\"https:\/\/stagpartynight.com\/fr\/#organization\",\"name\":\"Stag Party Night\",\"url\":\"https:\/\/stagpartynight.com\/fr\/\",\"logo\":{\"@type\":\"ImageObject\",\"inLanguage\":\"en-GB\",\"@id\":\"https:\/\/stagpartynight.com\/fr\/#\/schema\/logo\/image\/\",\"url\":\"https:\/\/stagpartynight.com\/fr\/wp-content\/uploads\/sites\/3\/2019\/12\/stagpartynight-e1578565505687.png\",\"contentUrl\":\"https:\/\/stagpartynight.com\/fr\/wp-content\/uploads\/sites\/3\/2019\/12\/stagpartynight-e1578565505687.png\",\"width\":400,\"height\":400,\"caption\":\"Stag Party Night\"},\"image\":{\"@id\":\"https:\/\/stagpartynight.com\/fr\/#\/schema\/logo\/image\/\"}}]}<\/script>\n<!-- \/ Yoast SEO plugin. -->","yoast_head_json":{"title":"Jet Ski Majorque","description":"Jet Ski Majorque. Profitez d'une demi-heure de l'activit\u00e9 nautique la plus amusante : le jet ski. Choisissez entre Arenal et Magaluf.","robots":{"index":"index","follow":"follow","max-snippet":"max-snippet:-1","max-image-preview":"max-image-preview:large","max-video-preview":"max-video-preview:-1"},"canonical":"https:\/\/stagpartynight.com\/fr\/product\/jet-ski-majorque\/","og_locale":"en_GB","og_type":"article","og_title":"Jet Ski Majorque","og_description":"Jet Ski Majorque. Profitez d'une demi-heure de l'activit\u00e9 nautique la plus amusante : le jet ski. Choisissez entre Arenal et Magaluf.","og_url":"https:\/\/stagpartynight.com\/fr\/product\/jet-ski-majorque\/","og_site_name":"Nuit de f\u00eate de cerf","article_modified_time":"2024-01-18T11:25:48+00:00","og_image":[{"width":1280,"height":865,"url":"https:\/\/stagpartynight.com\/fr\/wp-content\/uploads\/sites\/3\/2023\/12\/Jet-Ski-Majorque.jpg","type":"image\/jpeg"}],"twitter_card":"summary_large_image","twitter_misc":{"Estimated reading time":"1 minute"},"schema":{"@context":"https:\/\/schema.org","@graph":[{"@type":"WebPage","@id":"https:\/\/stagpartynight.com\/fr\/product\/jet-ski-majorque\/","url":"https:\/\/stagpartynight.com\/fr\/product\/jet-ski-majorque\/","name":"Jet Ski Majorque","isPartOf":{"@id":"https:\/\/stagpartynight.com\/fr\/#website"},"primaryImageOfPage":{"@id":"https:\/\/stagpartynight.com\/fr\/product\/jet-ski-majorque\/#primaryimage"},"image":{"@id":"https:\/\/stagpartynight.com\/fr\/product\/jet-ski-majorque\/#primaryimage"},"thumbnailUrl":"https:\/\/stagpartynight.com\/fr\/wp-content\/uploads\/sites\/3\/2023\/12\/Jet-Ski-Majorque.jpg","datePublished":"2023-12-27T14:52:32+00:00","dateModified":"2024-01-18T11:25:48+00:00","description":"Jet Ski Majorque. Profitez d'une demi-heure de l'activit\u00e9 nautique la plus amusante : le jet ski. Choisissez entre Arenal et Magaluf.","breadcrumb":{"@id":"https:\/\/stagpartynight.com\/fr\/product\/jet-ski-majorque\/#breadcrumb"},"inLanguage":"en-GB","potentialAction":[{"@type":"ReadAction","target":["https:\/\/stagpartynight.com\/fr\/product\/jet-ski-majorque\/"]}]},{"@type":"ImageObject","inLanguage":"en-GB","@id":"https:\/\/stagpartynight.com\/fr\/product\/jet-ski-majorque\/#primaryimage","url":"https:\/\/stagpartynight.com\/fr\/wp-content\/uploads\/sites\/3\/2023\/12\/Jet-Ski-Majorque.jpg","contentUrl":"https:\/\/stagpartynight.com\/fr\/wp-content\/uploads\/sites\/3\/2023\/12\/Jet-Ski-Majorque.jpg","width":1280,"height":865,"caption":"Jet Ski Majorque"},{"@type":"BreadcrumbList","@id":"https:\/\/stagpartynight.com\/fr\/product\/jet-ski-majorque\/#breadcrumb","itemListElement":[{"@type":"ListItem","position":1,"name":"Home","item":"https:\/\/stagpartynight.com\/fr\/"},{"@type":"ListItem","position":2,"name":"Tienda","item":"https:\/\/stagpartynight.com\/fr\/tienda\/"},{"@type":"ListItem","position":3,"name":"Jet Ski Majorque"}]},{"@type":"WebSite","@id":"https:\/\/stagpartynight.com\/fr\/#website","url":"https:\/\/stagpartynight.com\/fr\/","name":"Stag Party Night","description":"Your Stag Party Customized","publisher":{"@id":"https:\/\/stagpartynight.com\/fr\/#organization"},"potentialAction":[{"@type":"SearchAction","target":{"@type":"EntryPoint","urlTemplate":"https:\/\/stagpartynight.com\/fr\/?s={search_term_string}"},"query-input":{"@type":"PropertyValueSpecification","valueRequired":true,"valueName":"search_term_string"}}],"inLanguage":"en-GB"},{"@type":"Organization","@id":"https:\/\/stagpartynight.com\/fr\/#organization","name":"Stag Party Night","url":"https:\/\/stagpartynight.com\/fr\/","logo":{"@type":"ImageObject","inLanguage":"en-GB","@id":"https:\/\/stagpartynight.com\/fr\/#\/schema\/logo\/image\/","url":"https:\/\/stagpartynight.com\/fr\/wp-content\/uploads\/sites\/3\/2019\/12\/stagpartynight-e1578565505687.png","contentUrl":"https:\/\/stagpartynight.com\/fr\/wp-content\/uploads\/sites\/3\/2019\/12\/stagpartynight-e1578565505687.png","width":400,"height":400,"caption":"Stag Party Night"},"image":{"@id":"https:\/\/stagpartynight.com\/fr\/#\/schema\/logo\/image\/"}}]}},"_links":{"self":[{"href":"https:\/\/stagpartynight.com\/fr\/wp-json\/wp\/v2\/product\/2720","targetHints":{"allow":["GET"]}}],"collection":[{"href":"https:\/\/stagpartynight.com\/fr\/wp-json\/wp\/v2\/product"}],"about":[{"href":"https:\/\/stagpartynight.com\/fr\/wp-json\/wp\/v2\/types\/product"}],"replies":[{"embeddable":true,"href":"https:\/\/stagpartynight.com\/fr\/wp-json\/wp\/v2\/comments?post=2720"}],"wp:featuredmedia":[{"embeddable":true,"href":"https:\/\/stagpartynight.com\/fr\/wp-json\/wp\/v2\/media\/2721"}],"wp:attachment":[{"href":"https:\/\/stagpartynight.com\/fr\/wp-json\/wp\/v2\/media?parent=2720"}],"wp:term":[{"taxonomy":"product_brand","embeddable":true,"href":"https:\/\/stagpartynight.com\/fr\/wp-json\/wp\/v2\/product_brand?post=2720"},{"taxonomy":"product_cat","embeddable":true,"href":"https:\/\/stagpartynight.com\/fr\/wp-json\/wp\/v2\/product_cat?post=2720"},{"taxonomy":"product_tag","embeddable":true,"href":"https:\/\/stagpartynight.com\/fr\/wp-json\/wp\/v2\/product_tag?post=2720"}],"curies":[{"name":"wp","href":"https:\/\/api.w.org\/{rel}","templated":true}]}}