{"id":2722,"date":"2023-12-27T16:07:35","date_gmt":"2023-12-27T15:07:35","guid":{"rendered":"https:\/\/stagpartynight.com\/fr\/?post_type=product&#038;p=2722"},"modified":"2024-01-18T12:25:47","modified_gmt":"2024-01-18T11:25:47","slug":"diner-catamaran-majorque","status":"publish","type":"product","link":"https:\/\/stagpartynight.com\/fr\/product\/diner-catamaran-majorque\/","title":{"rendered":"D\u00eener Catamaran Majorque"},"content":{"rendered":"<p>D\u00eener Catamaran Majorque. Quoi de mieux qu&#8217;un d\u00eener sur un bateau le long de la c\u00f4te de Palma de Majorque ?<\/p>\n<p>Les meilleurs enterrements de vie de gar\u00e7on avec <a href=\"https:\/\/stagpartynight.com\/\">StagParty <\/a><\/p>\n<h2 style=\"text-align: center;\">D\u00eener Catamaran Majorque \ud83d\udea4<\/h2>\n<h4>\ud83c\udf05 Explorez l&#8217;\u00c9merveillement du Coucher de Soleil \u00e0 Bord de Notre Catamaran! \u26f5\ud83c\udf7d\ufe0f<\/h4>\n<p>Embarquez pour une aventure inoubliable au c\u0153ur de la M\u00e9diterran\u00e9e avec notre excursion en catamaran de quatre heures au coucher du soleil, une exp\u00e9rience magique qui allie la beaut\u00e9 naturelle de Mallorca \u00e0 une d\u00e9licieuse aventure culinaire.<\/p>\n<p>\ud83c\udfd6\ufe0f Glissez le long des plages turquoises, contemplez la majest\u00e9 de la baie de Palma, et vibrez avec l&#8217;excitation de la travers\u00e9e en catamaran.<\/p>\n<p>\ud83c\udf79 Lors de notre escale, un somptueux buffet sera servi. Notre catering exquis comprend des paniers de pains frais, de l&#8217;ali-oli maison, de la focaccia au pesto, et du guacamole avec des chips croustillantes.<\/p>\n<p>\ud83e\udd57 R\u00e9jouissez vos papilles avec des salades fra\u00eeches telles que la quinoa fum\u00e9e et la betterave, \u00e9pinards et orange. D\u00e9gustez des d\u00e9lices de la mer tels que le wrap au saumon fum\u00e9, les brochettes caprese et les aubergines parmigiana.<\/p>\n<p>\ud83c\udf54 Pour les amateurs de viande, d\u00e9couvrez nos mini-burgers de b\u0153uf et piadina au jambon, roquette et fromage. Pour des saveurs exotiques, ne manquez pas la brochette de poulet tikka masala.<\/p>\n<p>\ud83c\udf6e Et en dessert, des mini-cr\u00e8mes br\u00fbl\u00e9es aux fruits rouges et un irr\u00e9sistible brownie au chocolat (option v\u00e9g\u00e9talienne disponible).<\/p>\n<p>\ud83c\udf1f R\u00e9servez maintenant pour une exp\u00e9rience culinaire au c\u0153ur du coucher de soleil \u00e0 <a href=\"https:\/\/es.wikipedia.org\/wiki\/Palma_de_Mallorca\">Palma<\/a>!<\/p>\n<p>\ud83d\udea2 Savourez chaque moment sur notre vaste pont, d\u00e9gustant des d\u00e9lices tout en profitant du spectacle enchanteur du soleil qui se couche. Une exp\u00e9rience gastronomique inoubliable qui fusionne avec la magie de la mer \u00e0 Mallorca pour vous offrir des souvenirs \u00e9ternels! \ud83c\udf05\ud83c\udf0a<\/p>\n","protected":false},"excerpt":{"rendered":"<p>D\u00eener Catamaran Majorque. Quoi de mieux qu&#8217;un d\u00eener sur un bateau le long de la c\u00f4te de Palma de Majorque ? Les meilleurs enterrements de vie de gar\u00e7on avec StagParty D\u00eener Catamaran Majorque \ud83d\udea4 \ud83c\udf05 Explorez l&#8217;\u00c9merveillement du Coucher de Soleil \u00e0 Bord de Notre Catamaran! \u26f5\ud83c\udf7d\ufe0f Embarquez pour une aventure inoubliable au c\u0153ur de [&hellip;]<\/p>\n","protected":false},"featured_media":2723,"comment_status":"open","ping_status":"closed","template":"","meta":{"_et_pb_use_builder":"","_et_pb_old_content":"","_et_gb_content_width":""},"product_brand":[],"product_cat":[218,504],"product_tag":[],"class_list":{"0":"post-2722","1":"product","2":"type-product","3":"status-publish","4":"has-post-thumbnail","6":"product_cat-uncategorised","7":"product_cat-mallorca","9":"first","10":"instock","11":"shipping-taxable","12":"product-type-simple"},"yoast_head":"<!-- This site is optimized with the Yoast SEO plugin v26.4 - https:\/\/yoast.com\/wordpress\/plugins\/seo\/ -->\n<title>D\u00eener Catamaran Majorque<\/title>\n<meta name=\"description\" content=\"D\u00eener Catamaran Majorque. Quoi de mieux qu&#039;un d\u00eener sur un bateau le long de la c\u00f4te de Palma de Majorque ? Quatre heures le soir avec le d\u00eener.\" \/>\n<meta name=\"robots\" content=\"index, follow, max-snippet:-1, max-image-preview:large, max-video-preview:-1\" \/>\n<link rel=\"canonical\" href=\"https:\/\/stagpartynight.com\/fr\/product\/diner-catamaran-majorque\/\" \/>\n<meta property=\"og:locale\" content=\"en_GB\" \/>\n<meta property=\"og:type\" content=\"article\" \/>\n<meta property=\"og:title\" content=\"D\u00eener Catamaran Majorque\" \/>\n<meta property=\"og:description\" content=\"D\u00eener Catamaran Majorque. Quoi de mieux qu&#039;un d\u00eener sur un bateau le long de la c\u00f4te de Palma de Majorque ? Quatre heures le soir avec le d\u00eener.\" \/>\n<meta property=\"og:url\" content=\"https:\/\/stagpartynight.com\/fr\/product\/diner-catamaran-majorque\/\" \/>\n<meta property=\"og:site_name\" content=\"Nuit de f\u00eate de cerf\" \/>\n<meta property=\"article:modified_time\" content=\"2024-01-18T11:25:47+00:00\" \/>\n<meta property=\"og:image\" content=\"https:\/\/stagpartynight.com\/fr\/wp-content\/uploads\/sites\/3\/2023\/12\/Diner-Catamaran-Majorque.jpg\" \/>\n\t<meta property=\"og:image:width\" content=\"669\" \/>\n\t<meta property=\"og:image:height\" content=\"446\" \/>\n\t<meta property=\"og:image:type\" content=\"image\/jpeg\" \/>\n<meta name=\"twitter:card\" content=\"summary_large_image\" \/>\n<meta name=\"twitter:label1\" content=\"Estimated reading time\" \/>\n\t<meta name=\"twitter:data1\" content=\"2 minutes\" \/>\n<script type=\"application\/ld+json\" class=\"yoast-schema-graph\">{\"@context\":\"https:\/\/schema.org\",\"@graph\":[{\"@type\":\"WebPage\",\"@id\":\"https:\/\/stagpartynight.com\/fr\/product\/diner-catamaran-majorque\/\",\"url\":\"https:\/\/stagpartynight.com\/fr\/product\/diner-catamaran-majorque\/\",\"name\":\"D\u00eener Catamaran Majorque\",\"isPartOf\":{\"@id\":\"https:\/\/stagpartynight.com\/fr\/#website\"},\"primaryImageOfPage\":{\"@id\":\"https:\/\/stagpartynight.com\/fr\/product\/diner-catamaran-majorque\/#primaryimage\"},\"image\":{\"@id\":\"https:\/\/stagpartynight.com\/fr\/product\/diner-catamaran-majorque\/#primaryimage\"},\"thumbnailUrl\":\"https:\/\/stagpartynight.com\/fr\/wp-content\/uploads\/sites\/3\/2023\/12\/Diner-Catamaran-Majorque.jpg\",\"datePublished\":\"2023-12-27T15:07:35+00:00\",\"dateModified\":\"2024-01-18T11:25:47+00:00\",\"description\":\"D\u00eener Catamaran Majorque. Quoi de mieux qu'un d\u00eener sur un bateau le long de la c\u00f4te de Palma de Majorque ? Quatre heures le soir avec le d\u00eener.\",\"breadcrumb\":{\"@id\":\"https:\/\/stagpartynight.com\/fr\/product\/diner-catamaran-majorque\/#breadcrumb\"},\"inLanguage\":\"en-GB\",\"potentialAction\":[{\"@type\":\"ReadAction\",\"target\":[\"https:\/\/stagpartynight.com\/fr\/product\/diner-catamaran-majorque\/\"]}]},{\"@type\":\"ImageObject\",\"inLanguage\":\"en-GB\",\"@id\":\"https:\/\/stagpartynight.com\/fr\/product\/diner-catamaran-majorque\/#primaryimage\",\"url\":\"https:\/\/stagpartynight.com\/fr\/wp-content\/uploads\/sites\/3\/2023\/12\/Diner-Catamaran-Majorque.jpg\",\"contentUrl\":\"https:\/\/stagpartynight.com\/fr\/wp-content\/uploads\/sites\/3\/2023\/12\/Diner-Catamaran-Majorque.jpg\",\"width\":669,\"height\":446,\"caption\":\"D\u00eener Catamaran Majorque\"},{\"@type\":\"BreadcrumbList\",\"@id\":\"https:\/\/stagpartynight.com\/fr\/product\/diner-catamaran-majorque\/#breadcrumb\",\"itemListElement\":[{\"@type\":\"ListItem\",\"position\":1,\"name\":\"Home\",\"item\":\"https:\/\/stagpartynight.com\/fr\/\"},{\"@type\":\"ListItem\",\"position\":2,\"name\":\"Tienda\",\"item\":\"https:\/\/stagpartynight.com\/fr\/tienda\/\"},{\"@type\":\"ListItem\",\"position\":3,\"name\":\"D\u00eener Catamaran Majorque\"}]},{\"@type\":\"WebSite\",\"@id\":\"https:\/\/stagpartynight.com\/fr\/#website\",\"url\":\"https:\/\/stagpartynight.com\/fr\/\",\"name\":\"Stag Party Night\",\"description\":\"Your Stag Party Customized\",\"publisher\":{\"@id\":\"https:\/\/stagpartynight.com\/fr\/#organization\"},\"potentialAction\":[{\"@type\":\"SearchAction\",\"target\":{\"@type\":\"EntryPoint\",\"urlTemplate\":\"https:\/\/stagpartynight.com\/fr\/?s={search_term_string}\"},\"query-input\":{\"@type\":\"PropertyValueSpecification\",\"valueRequired\":true,\"valueName\":\"search_term_string\"}}],\"inLanguage\":\"en-GB\"},{\"@type\":\"Organization\",\"@id\":\"https:\/\/stagpartynight.com\/fr\/#organization\",\"name\":\"Stag Party Night\",\"url\":\"https:\/\/stagpartynight.com\/fr\/\",\"logo\":{\"@type\":\"ImageObject\",\"inLanguage\":\"en-GB\",\"@id\":\"https:\/\/stagpartynight.com\/fr\/#\/schema\/logo\/image\/\",\"url\":\"https:\/\/stagpartynight.com\/fr\/wp-content\/uploads\/sites\/3\/2019\/12\/stagpartynight-e1578565505687.png\",\"contentUrl\":\"https:\/\/stagpartynight.com\/fr\/wp-content\/uploads\/sites\/3\/2019\/12\/stagpartynight-e1578565505687.png\",\"width\":400,\"height\":400,\"caption\":\"Stag Party Night\"},\"image\":{\"@id\":\"https:\/\/stagpartynight.com\/fr\/#\/schema\/logo\/image\/\"}}]}<\/script>\n<!-- \/ Yoast SEO plugin. -->","yoast_head_json":{"title":"D\u00eener Catamaran Majorque","description":"D\u00eener Catamaran Majorque. Quoi de mieux qu'un d\u00eener sur un bateau le long de la c\u00f4te de Palma de Majorque ? Quatre heures le soir avec le d\u00eener.","robots":{"index":"index","follow":"follow","max-snippet":"max-snippet:-1","max-image-preview":"max-image-preview:large","max-video-preview":"max-video-preview:-1"},"canonical":"https:\/\/stagpartynight.com\/fr\/product\/diner-catamaran-majorque\/","og_locale":"en_GB","og_type":"article","og_title":"D\u00eener Catamaran Majorque","og_description":"D\u00eener Catamaran Majorque. Quoi de mieux qu'un d\u00eener sur un bateau le long de la c\u00f4te de Palma de Majorque ? Quatre heures le soir avec le d\u00eener.","og_url":"https:\/\/stagpartynight.com\/fr\/product\/diner-catamaran-majorque\/","og_site_name":"Nuit de f\u00eate de cerf","article_modified_time":"2024-01-18T11:25:47+00:00","og_image":[{"width":669,"height":446,"url":"https:\/\/stagpartynight.com\/fr\/wp-content\/uploads\/sites\/3\/2023\/12\/Diner-Catamaran-Majorque.jpg","type":"image\/jpeg"}],"twitter_card":"summary_large_image","twitter_misc":{"Estimated reading time":"2 minutes"},"schema":{"@context":"https:\/\/schema.org","@graph":[{"@type":"WebPage","@id":"https:\/\/stagpartynight.com\/fr\/product\/diner-catamaran-majorque\/","url":"https:\/\/stagpartynight.com\/fr\/product\/diner-catamaran-majorque\/","name":"D\u00eener Catamaran Majorque","isPartOf":{"@id":"https:\/\/stagpartynight.com\/fr\/#website"},"primaryImageOfPage":{"@id":"https:\/\/stagpartynight.com\/fr\/product\/diner-catamaran-majorque\/#primaryimage"},"image":{"@id":"https:\/\/stagpartynight.com\/fr\/product\/diner-catamaran-majorque\/#primaryimage"},"thumbnailUrl":"https:\/\/stagpartynight.com\/fr\/wp-content\/uploads\/sites\/3\/2023\/12\/Diner-Catamaran-Majorque.jpg","datePublished":"2023-12-27T15:07:35+00:00","dateModified":"2024-01-18T11:25:47+00:00","description":"D\u00eener Catamaran Majorque. Quoi de mieux qu'un d\u00eener sur un bateau le long de la c\u00f4te de Palma de Majorque ? Quatre heures le soir avec le d\u00eener.","breadcrumb":{"@id":"https:\/\/stagpartynight.com\/fr\/product\/diner-catamaran-majorque\/#breadcrumb"},"inLanguage":"en-GB","potentialAction":[{"@type":"ReadAction","target":["https:\/\/stagpartynight.com\/fr\/product\/diner-catamaran-majorque\/"]}]},{"@type":"ImageObject","inLanguage":"en-GB","@id":"https:\/\/stagpartynight.com\/fr\/product\/diner-catamaran-majorque\/#primaryimage","url":"https:\/\/stagpartynight.com\/fr\/wp-content\/uploads\/sites\/3\/2023\/12\/Diner-Catamaran-Majorque.jpg","contentUrl":"https:\/\/stagpartynight.com\/fr\/wp-content\/uploads\/sites\/3\/2023\/12\/Diner-Catamaran-Majorque.jpg","width":669,"height":446,"caption":"D\u00eener Catamaran Majorque"},{"@type":"BreadcrumbList","@id":"https:\/\/stagpartynight.com\/fr\/product\/diner-catamaran-majorque\/#breadcrumb","itemListElement":[{"@type":"ListItem","position":1,"name":"Home","item":"https:\/\/stagpartynight.com\/fr\/"},{"@type":"ListItem","position":2,"name":"Tienda","item":"https:\/\/stagpartynight.com\/fr\/tienda\/"},{"@type":"ListItem","position":3,"name":"D\u00eener Catamaran Majorque"}]},{"@type":"WebSite","@id":"https:\/\/stagpartynight.com\/fr\/#website","url":"https:\/\/stagpartynight.com\/fr\/","name":"Stag Party Night","description":"Your Stag Party Customized","publisher":{"@id":"https:\/\/stagpartynight.com\/fr\/#organization"},"potentialAction":[{"@type":"SearchAction","target":{"@type":"EntryPoint","urlTemplate":"https:\/\/stagpartynight.com\/fr\/?s={search_term_string}"},"query-input":{"@type":"PropertyValueSpecification","valueRequired":true,"valueName":"search_term_string"}}],"inLanguage":"en-GB"},{"@type":"Organization","@id":"https:\/\/stagpartynight.com\/fr\/#organization","name":"Stag Party Night","url":"https:\/\/stagpartynight.com\/fr\/","logo":{"@type":"ImageObject","inLanguage":"en-GB","@id":"https:\/\/stagpartynight.com\/fr\/#\/schema\/logo\/image\/","url":"https:\/\/stagpartynight.com\/fr\/wp-content\/uploads\/sites\/3\/2019\/12\/stagpartynight-e1578565505687.png","contentUrl":"https:\/\/stagpartynight.com\/fr\/wp-content\/uploads\/sites\/3\/2019\/12\/stagpartynight-e1578565505687.png","width":400,"height":400,"caption":"Stag Party Night"},"image":{"@id":"https:\/\/stagpartynight.com\/fr\/#\/schema\/logo\/image\/"}}]}},"_links":{"self":[{"href":"https:\/\/stagpartynight.com\/fr\/wp-json\/wp\/v2\/product\/2722","targetHints":{"allow":["GET"]}}],"collection":[{"href":"https:\/\/stagpartynight.com\/fr\/wp-json\/wp\/v2\/product"}],"about":[{"href":"https:\/\/stagpartynight.com\/fr\/wp-json\/wp\/v2\/types\/product"}],"replies":[{"embeddable":true,"href":"https:\/\/stagpartynight.com\/fr\/wp-json\/wp\/v2\/comments?post=2722"}],"wp:featuredmedia":[{"embeddable":true,"href":"https:\/\/stagpartynight.com\/fr\/wp-json\/wp\/v2\/media\/2723"}],"wp:attachment":[{"href":"https:\/\/stagpartynight.com\/fr\/wp-json\/wp\/v2\/media?parent=2722"}],"wp:term":[{"taxonomy":"product_brand","embeddable":true,"href":"https:\/\/stagpartynight.com\/fr\/wp-json\/wp\/v2\/product_brand?post=2722"},{"taxonomy":"product_cat","embeddable":true,"href":"https:\/\/stagpartynight.com\/fr\/wp-json\/wp\/v2\/product_cat?post=2722"},{"taxonomy":"product_tag","embeddable":true,"href":"https:\/\/stagpartynight.com\/fr\/wp-json\/wp\/v2\/product_tag?post=2722"}],"curies":[{"name":"wp","href":"https:\/\/api.w.org\/{rel}","templated":true}]}}