{"id":2726,"date":"2023-12-27T16:19:45","date_gmt":"2023-12-27T15:19:45","guid":{"rendered":"https:\/\/stagpartynight.com\/fr\/?post_type=product&#038;p=2726"},"modified":"2024-01-18T12:25:46","modified_gmt":"2024-01-18T11:25:46","slug":"discobus-majorque","status":"publish","type":"product","link":"https:\/\/stagpartynight.com\/fr\/product\/discobus-majorque\/","title":{"rendered":"DiscoBus Majorque"},"content":{"rendered":"<p>DiscoBus Majorque.Profitez d&#8217;une heure de bus avec de la musique et trois bouteilles de cava.<\/p>\n<p>Les meilleurs enterrements de vie de gar\u00e7on avec <a href=\"https:\/\/stagpartynight.com\/\">StagParty <\/a><\/p>\n<h2 style=\"text-align: center;\">DiscoBus Majorque\ud83c\udf89<\/h2>\n<h5>\ud83d\ude8c\ud83c\udf89 Bienvenue \u00e0 Bord du Partybus Mallorca! \ud83c\udf34\ud83e\udd42<\/h5>\n<p>Vivez une exp\u00e9rience de f\u00eate inoubliable \u00e0 Mallorca avec notre DiscoBus Majorque! \ud83d\ude8c\ud83c\udfb6 Rassemblez votre groupe de 16 personnes pour une heure de pur divertissement en mouvement, o\u00f9 la f\u00eate ne s&#8217;arr\u00eate jamais.<\/p>\n<p>\ud83c\udf1f Personnalisation Totale:Choisissez votre point de d\u00e9part et d&#8217;arriv\u00e9e, mettez votre musique pr\u00e9f\u00e9r\u00e9e et personnalisez l&#8217;exp\u00e9rience selon vos envies. Le Partybus vous offre une flexibilit\u00e9 totale pour cr\u00e9er une f\u00eate \u00e0 votre image.<\/p>\n<p>\ud83e\udd42 Ambiance Festive: Impr\u00e9gnez-vous de l&#8217;ambiance festive avec une heure de musique entra\u00eenante et trois bouteilles de cava pour ajouter une touche p\u00e9tillante \u00e0 votre trajet. Rien de plus amusant que de faire la f\u00eate tout en vous d\u00e9pla\u00e7ant!<\/p>\n<p>\ud83c\udf8a Un D\u00e9placement M\u00e9morable: Profitez du paysage de Mallorca tout en dansant, riant et partageant des moments m\u00e9morables avec vos amis. Notre Partybus transforme le simple d\u00e9placement en une aventure palpitante.<\/p>\n<p>\ud83c\udf34 R\u00e9servez Maintenant pour une F\u00eate en Mouvement! Choisir entre la r\u00e9gion de <a href=\"https:\/\/es.wikipedia.org\/wiki\/Palma_de_Mallorca\">Palma<\/a> ou de Magaluf.<\/p>\n<p>Ne manquez pas cette occasion unique de combiner d\u00e9placement et divertissement. Le Partybus Mallorca est votre ticket pour une heure de f\u00eate ininterrompue sous le soleil m\u00e9diterran\u00e9en. Embarquez pour une exp\u00e9rience unique et d\u00e9placez-vous avec style et glamour! \ud83c\udf1f\ud83d\ude8c\ud83c\udf8a<\/p>\n<p>&nbsp;<\/p>\n","protected":false},"excerpt":{"rendered":"<p>DiscoBus Majorque.Profitez d&#8217;une heure de bus avec de la musique et trois bouteilles de cava. Les meilleurs enterrements de vie de gar\u00e7on avec StagParty DiscoBus Majorque\ud83c\udf89 \ud83d\ude8c\ud83c\udf89 Bienvenue \u00e0 Bord du Partybus Mallorca! \ud83c\udf34\ud83e\udd42 Vivez une exp\u00e9rience de f\u00eate inoubliable \u00e0 Mallorca avec notre DiscoBus Majorque! \ud83d\ude8c\ud83c\udfb6 Rassemblez votre groupe de 16 personnes pour une [&hellip;]<\/p>\n","protected":false},"featured_media":1754,"comment_status":"open","ping_status":"closed","template":"","meta":{"_et_pb_use_builder":"","_et_pb_old_content":"","_et_gb_content_width":""},"product_brand":[],"product_cat":[504,218],"product_tag":[],"class_list":{"0":"post-2726","1":"product","2":"type-product","3":"status-publish","4":"has-post-thumbnail","6":"product_cat-mallorca","7":"product_cat-uncategorised","9":"first","10":"instock","11":"shipping-taxable","12":"product-type-simple"},"yoast_head":"<!-- This site is optimized with the Yoast SEO Premium plugin v27.5 (Yoast SEO v27.5) - https:\/\/yoast.com\/product\/yoast-seo-premium-wordpress\/ -->\n<title>DiscoBus Majorque<\/title>\n<meta name=\"description\" content=\"DiscoBus Majorque.Profitez d&#039;une heure de bus avec de la musique et trois bouteilles de cava.\u00a0PartyBus Majorque. Partybus Mallorca.\" \/>\n<meta name=\"robots\" content=\"index, follow, max-snippet:-1, max-image-preview:large, max-video-preview:-1\" \/>\n<link rel=\"canonical\" href=\"https:\/\/stagpartynight.com\/fr\/product\/discobus-majorque\/\" \/>\n<meta property=\"og:locale\" content=\"en_GB\" \/>\n<meta property=\"og:type\" content=\"article\" \/>\n<meta property=\"og:title\" content=\"DiscoBus Majorque\" \/>\n<meta property=\"og:description\" content=\"DiscoBus Majorque.Profitez d&#039;une heure de bus avec de la musique et trois bouteilles de cava.\u00a0PartyBus Majorque. Partybus Mallorca.\" \/>\n<meta property=\"og:url\" content=\"https:\/\/stagpartynight.com\/fr\/product\/discobus-majorque\/\" \/>\n<meta property=\"og:site_name\" content=\"Nuit de f\u00eate de cerf\" \/>\n<meta property=\"article:modified_time\" content=\"2024-01-18T11:25:46+00:00\" \/>\n<meta property=\"og:image\" content=\"https:\/\/stagpartynight.com\/fr\/wp-content\/uploads\/sites\/3\/2020\/01\/Partybus.jpeg\" \/>\n\t<meta property=\"og:image:width\" content=\"576\" \/>\n\t<meta property=\"og:image:height\" content=\"1024\" \/>\n\t<meta property=\"og:image:type\" content=\"image\/jpeg\" \/>\n<meta name=\"twitter:card\" content=\"summary_large_image\" \/>\n<meta name=\"twitter:label1\" content=\"Estimated reading time\" \/>\n\t<meta name=\"twitter:data1\" content=\"1 minute\" \/>\n<script type=\"application\/ld+json\" class=\"yoast-schema-graph\">{\"@context\":\"https:\\\/\\\/schema.org\",\"@graph\":[{\"@type\":\"WebPage\",\"@id\":\"https:\\\/\\\/stagpartynight.com\\\/fr\\\/product\\\/discobus-majorque\\\/\",\"url\":\"https:\\\/\\\/stagpartynight.com\\\/fr\\\/product\\\/discobus-majorque\\\/\",\"name\":\"DiscoBus Majorque\",\"isPartOf\":{\"@id\":\"https:\\\/\\\/stagpartynight.com\\\/fr\\\/#website\"},\"primaryImageOfPage\":{\"@id\":\"https:\\\/\\\/stagpartynight.com\\\/fr\\\/product\\\/discobus-majorque\\\/#primaryimage\"},\"image\":{\"@id\":\"https:\\\/\\\/stagpartynight.com\\\/fr\\\/product\\\/discobus-majorque\\\/#primaryimage\"},\"thumbnailUrl\":\"https:\\\/\\\/stagpartynight.com\\\/fr\\\/wp-content\\\/uploads\\\/sites\\\/3\\\/2020\\\/01\\\/Partybus.jpeg\",\"datePublished\":\"2023-12-27T15:19:45+00:00\",\"dateModified\":\"2024-01-18T11:25:46+00:00\",\"description\":\"DiscoBus Majorque.Profitez d'une heure de bus avec de la musique et trois bouteilles de cava.\u00a0PartyBus Majorque. Partybus Mallorca.\",\"breadcrumb\":{\"@id\":\"https:\\\/\\\/stagpartynight.com\\\/fr\\\/product\\\/discobus-majorque\\\/#breadcrumb\"},\"inLanguage\":\"en-GB\",\"potentialAction\":[{\"@type\":\"ReadAction\",\"target\":[\"https:\\\/\\\/stagpartynight.com\\\/fr\\\/product\\\/discobus-majorque\\\/\"]}]},{\"@type\":\"ImageObject\",\"inLanguage\":\"en-GB\",\"@id\":\"https:\\\/\\\/stagpartynight.com\\\/fr\\\/product\\\/discobus-majorque\\\/#primaryimage\",\"url\":\"https:\\\/\\\/stagpartynight.com\\\/fr\\\/wp-content\\\/uploads\\\/sites\\\/3\\\/2020\\\/01\\\/Partybus.jpeg\",\"contentUrl\":\"https:\\\/\\\/stagpartynight.com\\\/fr\\\/wp-content\\\/uploads\\\/sites\\\/3\\\/2020\\\/01\\\/Partybus.jpeg\",\"width\":576,\"height\":1024,\"caption\":\"DiscoBus Majorque\"},{\"@type\":\"BreadcrumbList\",\"@id\":\"https:\\\/\\\/stagpartynight.com\\\/fr\\\/product\\\/discobus-majorque\\\/#breadcrumb\",\"itemListElement\":[{\"@type\":\"ListItem\",\"position\":1,\"name\":\"Home\",\"item\":\"https:\\\/\\\/stagpartynight.com\\\/fr\\\/\"},{\"@type\":\"ListItem\",\"position\":2,\"name\":\"Tienda\",\"item\":\"https:\\\/\\\/stagpartynight.com\\\/fr\\\/tienda\\\/\"},{\"@type\":\"ListItem\",\"position\":3,\"name\":\"DiscoBus Majorque\"}]},{\"@type\":\"WebSite\",\"@id\":\"https:\\\/\\\/stagpartynight.com\\\/fr\\\/#website\",\"url\":\"https:\\\/\\\/stagpartynight.com\\\/fr\\\/\",\"name\":\"Stag Party Night\",\"description\":\"Your Stag Party Customized\",\"publisher\":{\"@id\":\"https:\\\/\\\/stagpartynight.com\\\/fr\\\/#organization\"},\"potentialAction\":[{\"@type\":\"SearchAction\",\"target\":{\"@type\":\"EntryPoint\",\"urlTemplate\":\"https:\\\/\\\/stagpartynight.com\\\/fr\\\/?s={search_term_string}\"},\"query-input\":{\"@type\":\"PropertyValueSpecification\",\"valueRequired\":true,\"valueName\":\"search_term_string\"}}],\"inLanguage\":\"en-GB\"},{\"@type\":\"Organization\",\"@id\":\"https:\\\/\\\/stagpartynight.com\\\/fr\\\/#organization\",\"name\":\"Stag Party Night\",\"url\":\"https:\\\/\\\/stagpartynight.com\\\/fr\\\/\",\"logo\":{\"@type\":\"ImageObject\",\"inLanguage\":\"en-GB\",\"@id\":\"https:\\\/\\\/stagpartynight.com\\\/fr\\\/#\\\/schema\\\/logo\\\/image\\\/\",\"url\":\"https:\\\/\\\/stagpartynight.com\\\/fr\\\/wp-content\\\/uploads\\\/sites\\\/3\\\/2019\\\/12\\\/stagpartynight-e1578565505687.png\",\"contentUrl\":\"https:\\\/\\\/stagpartynight.com\\\/fr\\\/wp-content\\\/uploads\\\/sites\\\/3\\\/2019\\\/12\\\/stagpartynight-e1578565505687.png\",\"width\":400,\"height\":400,\"caption\":\"Stag Party Night\"},\"image\":{\"@id\":\"https:\\\/\\\/stagpartynight.com\\\/fr\\\/#\\\/schema\\\/logo\\\/image\\\/\"}}]}<\/script>\n<!-- \/ Yoast SEO Premium plugin. -->","yoast_head_json":{"title":"DiscoBus Majorque","description":"DiscoBus Majorque.Profitez d'une heure de bus avec de la musique et trois bouteilles de cava.\u00a0PartyBus Majorque. Partybus Mallorca.","robots":{"index":"index","follow":"follow","max-snippet":"max-snippet:-1","max-image-preview":"max-image-preview:large","max-video-preview":"max-video-preview:-1"},"canonical":"https:\/\/stagpartynight.com\/fr\/product\/discobus-majorque\/","og_locale":"en_GB","og_type":"article","og_title":"DiscoBus Majorque","og_description":"DiscoBus Majorque.Profitez d'une heure de bus avec de la musique et trois bouteilles de cava.\u00a0PartyBus Majorque. Partybus Mallorca.","og_url":"https:\/\/stagpartynight.com\/fr\/product\/discobus-majorque\/","og_site_name":"Nuit de f\u00eate de cerf","article_modified_time":"2024-01-18T11:25:46+00:00","og_image":[{"width":576,"height":1024,"url":"https:\/\/stagpartynight.com\/fr\/wp-content\/uploads\/sites\/3\/2020\/01\/Partybus.jpeg","type":"image\/jpeg"}],"twitter_card":"summary_large_image","twitter_misc":{"Estimated reading time":"1 minute"},"schema":{"@context":"https:\/\/schema.org","@graph":[{"@type":"WebPage","@id":"https:\/\/stagpartynight.com\/fr\/product\/discobus-majorque\/","url":"https:\/\/stagpartynight.com\/fr\/product\/discobus-majorque\/","name":"DiscoBus Majorque","isPartOf":{"@id":"https:\/\/stagpartynight.com\/fr\/#website"},"primaryImageOfPage":{"@id":"https:\/\/stagpartynight.com\/fr\/product\/discobus-majorque\/#primaryimage"},"image":{"@id":"https:\/\/stagpartynight.com\/fr\/product\/discobus-majorque\/#primaryimage"},"thumbnailUrl":"https:\/\/stagpartynight.com\/fr\/wp-content\/uploads\/sites\/3\/2020\/01\/Partybus.jpeg","datePublished":"2023-12-27T15:19:45+00:00","dateModified":"2024-01-18T11:25:46+00:00","description":"DiscoBus Majorque.Profitez d'une heure de bus avec de la musique et trois bouteilles de cava.\u00a0PartyBus Majorque. Partybus Mallorca.","breadcrumb":{"@id":"https:\/\/stagpartynight.com\/fr\/product\/discobus-majorque\/#breadcrumb"},"inLanguage":"en-GB","potentialAction":[{"@type":"ReadAction","target":["https:\/\/stagpartynight.com\/fr\/product\/discobus-majorque\/"]}]},{"@type":"ImageObject","inLanguage":"en-GB","@id":"https:\/\/stagpartynight.com\/fr\/product\/discobus-majorque\/#primaryimage","url":"https:\/\/stagpartynight.com\/fr\/wp-content\/uploads\/sites\/3\/2020\/01\/Partybus.jpeg","contentUrl":"https:\/\/stagpartynight.com\/fr\/wp-content\/uploads\/sites\/3\/2020\/01\/Partybus.jpeg","width":576,"height":1024,"caption":"DiscoBus Majorque"},{"@type":"BreadcrumbList","@id":"https:\/\/stagpartynight.com\/fr\/product\/discobus-majorque\/#breadcrumb","itemListElement":[{"@type":"ListItem","position":1,"name":"Home","item":"https:\/\/stagpartynight.com\/fr\/"},{"@type":"ListItem","position":2,"name":"Tienda","item":"https:\/\/stagpartynight.com\/fr\/tienda\/"},{"@type":"ListItem","position":3,"name":"DiscoBus Majorque"}]},{"@type":"WebSite","@id":"https:\/\/stagpartynight.com\/fr\/#website","url":"https:\/\/stagpartynight.com\/fr\/","name":"Stag Party Night","description":"Your Stag Party Customized","publisher":{"@id":"https:\/\/stagpartynight.com\/fr\/#organization"},"potentialAction":[{"@type":"SearchAction","target":{"@type":"EntryPoint","urlTemplate":"https:\/\/stagpartynight.com\/fr\/?s={search_term_string}"},"query-input":{"@type":"PropertyValueSpecification","valueRequired":true,"valueName":"search_term_string"}}],"inLanguage":"en-GB"},{"@type":"Organization","@id":"https:\/\/stagpartynight.com\/fr\/#organization","name":"Stag Party Night","url":"https:\/\/stagpartynight.com\/fr\/","logo":{"@type":"ImageObject","inLanguage":"en-GB","@id":"https:\/\/stagpartynight.com\/fr\/#\/schema\/logo\/image\/","url":"https:\/\/stagpartynight.com\/fr\/wp-content\/uploads\/sites\/3\/2019\/12\/stagpartynight-e1578565505687.png","contentUrl":"https:\/\/stagpartynight.com\/fr\/wp-content\/uploads\/sites\/3\/2019\/12\/stagpartynight-e1578565505687.png","width":400,"height":400,"caption":"Stag Party Night"},"image":{"@id":"https:\/\/stagpartynight.com\/fr\/#\/schema\/logo\/image\/"}}]}},"_links":{"self":[{"href":"https:\/\/stagpartynight.com\/fr\/wp-json\/wp\/v2\/product\/2726","targetHints":{"allow":["GET"]}}],"collection":[{"href":"https:\/\/stagpartynight.com\/fr\/wp-json\/wp\/v2\/product"}],"about":[{"href":"https:\/\/stagpartynight.com\/fr\/wp-json\/wp\/v2\/types\/product"}],"replies":[{"embeddable":true,"href":"https:\/\/stagpartynight.com\/fr\/wp-json\/wp\/v2\/comments?post=2726"}],"wp:featuredmedia":[{"embeddable":true,"href":"https:\/\/stagpartynight.com\/fr\/wp-json\/wp\/v2\/media\/1754"}],"wp:attachment":[{"href":"https:\/\/stagpartynight.com\/fr\/wp-json\/wp\/v2\/media?parent=2726"}],"wp:term":[{"taxonomy":"product_brand","embeddable":true,"href":"https:\/\/stagpartynight.com\/fr\/wp-json\/wp\/v2\/product_brand?post=2726"},{"taxonomy":"product_cat","embeddable":true,"href":"https:\/\/stagpartynight.com\/fr\/wp-json\/wp\/v2\/product_cat?post=2726"},{"taxonomy":"product_tag","embeddable":true,"href":"https:\/\/stagpartynight.com\/fr\/wp-json\/wp\/v2\/product_tag?post=2726"}],"curies":[{"name":"wp","href":"https:\/\/api.w.org\/{rel}","templated":true}]}}