{"id":2731,"date":"2023-12-27T16:57:59","date_gmt":"2023-12-27T15:57:59","guid":{"rendered":"https:\/\/stagpartynight.com\/fr\/?post_type=product&#038;p=2731"},"modified":"2024-01-18T12:25:44","modified_gmt":"2024-01-18T11:25:44","slug":"majordome-sexy-majorque","status":"publish","type":"product","link":"https:\/\/stagpartynight.com\/fr\/product\/majordome-sexy-majorque\/","title":{"rendered":"Majordome sexy Majorque"},"content":{"rendered":"<p>Majordome sexy Majorque. Sexy Majordome Majorque. \u00cates-vous pr\u00eat \u00e0 profiter d&#8217;une heure avec un majordome d\u00e9shabill\u00e9 pr\u00eat \u00e0 vous servir ?<\/p>\n<p>Service priv\u00e9 et \u00e0 domicile.<\/p>\n<p>Les meilleurs enterrements de vie de gar\u00e7on et de jeune fille avec <a href=\"https:\/\/stagpartynight.com\/\">StagParty!<\/a><\/p>\n<h2 style=\"text-align: center;\">\ud83d\udd25Majordome sexy Majorque\ud83d\udd25<\/h2>\n<p>Profitez d&#8217;une heure d&#8217;un majordome qui sera \u00e0 votre service pour tout ce dont vous avez besoin&#8230;<\/p>\n<p>Comment ?\ud83d\udd14<br \/>\nNous vous assurons que notre majordome vous laissera sans voix et fera monter la temp\u00e9rature de la pi\u00e8ce d\u00e8s qu&#8217;il franchira la porte.<br \/>\nUn fantasme \u00e9rotique devenu r\u00e9alit\u00e9 : un homme de pur muscle et de pur feu et peu de v\u00eatements. Notre majordome ne porte qu&#8217;un tablier (qui ne couvre que le devant de son corps&#8230;), un n\u0153ud papillon et aucun sous-v\u00eatement.<br \/>\nQui n&#8217;aimerait pas avoir un majordome sans v\u00eatements pendant une heure ?<\/p>\n<p>Et vous, quand le feriez-vous ?<br \/>\nPendant vos vacances \u00e0 Ibiza. L&#8217;\u00eele est un v\u00e9ritable feu d&#8217;artifice. Le majordome est disponible tous les jours et \u00e0 toute heure. Ne r\u00e9fl\u00e9chissez pas \u00e0 deux fois et faites de vos vacances \u00e0 Ibiza un r\u00eave devenu r\u00e9alit\u00e9.<\/p>\n<p>Qu&#8217;est-ce que c&#8217;est ?\u2708\ufe0f<br \/>\nNotre majordome est si attentif&#8230; Il se rendra \u00e0 votre h\u00f4tel ou \u00e0 votre villa. Un service totalement priv\u00e9.<\/p>\n<p>Pourquoi ?<br \/>\nToutes les femmes aimeraient avoir un homme enti\u00e8rement \u00e0 leur service pendant une heure. Mais si nous lui enlevons ses v\u00eatements&#8230; C&#8217;est encore mieux !<br \/>\nUne exp\u00e9rience \u00e9rotique, amusante et unique pour profiter Majorque d&#8217;une mani\u00e8re tr\u00e8s originale.\ud83d\udd25<\/p>\n<p style=\"text-align: center;\">Choix entre <a href=\"https:\/\/es.wikipedia.org\/wiki\/Palma_de_Mallorca\">Palma<\/a> et Magaluf (prix variables).<\/p>\n<p style=\"text-align: center;\">Reservez Majordome sexy Majorque!\ud83d\udd25<\/p>\n<p>&nbsp;<\/p>\n","protected":false},"excerpt":{"rendered":"<p>Majordome sexy Majorque. Sexy Majordome Majorque. \u00cates-vous pr\u00eat \u00e0 profiter d&#8217;une heure avec un majordome d\u00e9shabill\u00e9 pr\u00eat \u00e0 vous servir ? Service priv\u00e9 et \u00e0 domicile. Les meilleurs enterrements de vie de gar\u00e7on et de jeune fille avec StagParty! \ud83d\udd25Majordome sexy Majorque\ud83d\udd25 Profitez d&#8217;une heure d&#8217;un majordome qui sera \u00e0 votre service pour tout ce [&hellip;]<\/p>\n","protected":false},"featured_media":2697,"comment_status":"open","ping_status":"closed","template":"","meta":{"_et_pb_use_builder":"","_et_pb_old_content":"","_et_gb_content_width":""},"product_brand":[],"product_cat":[218,504],"product_tag":[],"class_list":{"0":"post-2731","1":"product","2":"type-product","3":"status-publish","4":"has-post-thumbnail","6":"product_cat-uncategorised","7":"product_cat-mallorca","9":"first","10":"instock","11":"shipping-taxable","12":"product-type-simple"},"yoast_head":"<!-- This site is optimized with the Yoast SEO plugin v26.4 - https:\/\/yoast.com\/wordpress\/plugins\/seo\/ -->\n<title>Majordome sexy Majorque<\/title>\n<meta name=\"description\" content=\"Majordome sexy Majorque. \u00cates-vous pr\u00eat \u00e0 profiter d&#039;une heure avec un majordome d\u00e9shabill\u00e9 pr\u00eat \u00e0 vous servir ? Service priv\u00e9 et \u00e0 domicile.\" \/>\n<meta name=\"robots\" content=\"index, follow, max-snippet:-1, max-image-preview:large, max-video-preview:-1\" \/>\n<link rel=\"canonical\" href=\"https:\/\/stagpartynight.com\/fr\/product\/majordome-sexy-majorque\/\" \/>\n<meta property=\"og:locale\" content=\"en_GB\" \/>\n<meta property=\"og:type\" content=\"article\" \/>\n<meta property=\"og:title\" content=\"Majordome sexy Majorque\" \/>\n<meta property=\"og:description\" content=\"Majordome sexy Majorque. \u00cates-vous pr\u00eat \u00e0 profiter d&#039;une heure avec un majordome d\u00e9shabill\u00e9 pr\u00eat \u00e0 vous servir ? Service priv\u00e9 et \u00e0 domicile.\" \/>\n<meta property=\"og:url\" content=\"https:\/\/stagpartynight.com\/fr\/product\/majordome-sexy-majorque\/\" \/>\n<meta property=\"og:site_name\" content=\"Nuit de f\u00eate de cerf\" \/>\n<meta property=\"article:modified_time\" content=\"2024-01-18T11:25:44+00:00\" \/>\n<meta property=\"og:image\" content=\"https:\/\/stagpartynight.com\/fr\/wp-content\/uploads\/sites\/3\/2023\/12\/Majordome-sexy-dIbiza.jpg\" \/>\n\t<meta property=\"og:image:width\" content=\"900\" \/>\n\t<meta property=\"og:image:height\" content=\"720\" \/>\n\t<meta property=\"og:image:type\" content=\"image\/jpeg\" \/>\n<meta name=\"twitter:card\" content=\"summary_large_image\" \/>\n<meta name=\"twitter:label1\" content=\"Estimated reading time\" \/>\n\t<meta name=\"twitter:data1\" content=\"2 minutes\" \/>\n<script type=\"application\/ld+json\" class=\"yoast-schema-graph\">{\"@context\":\"https:\/\/schema.org\",\"@graph\":[{\"@type\":\"WebPage\",\"@id\":\"https:\/\/stagpartynight.com\/fr\/product\/majordome-sexy-majorque\/\",\"url\":\"https:\/\/stagpartynight.com\/fr\/product\/majordome-sexy-majorque\/\",\"name\":\"Majordome sexy Majorque\",\"isPartOf\":{\"@id\":\"https:\/\/stagpartynight.com\/fr\/#website\"},\"primaryImageOfPage\":{\"@id\":\"https:\/\/stagpartynight.com\/fr\/product\/majordome-sexy-majorque\/#primaryimage\"},\"image\":{\"@id\":\"https:\/\/stagpartynight.com\/fr\/product\/majordome-sexy-majorque\/#primaryimage\"},\"thumbnailUrl\":\"https:\/\/stagpartynight.com\/fr\/wp-content\/uploads\/sites\/3\/2023\/12\/Majordome-sexy-dIbiza.jpg\",\"datePublished\":\"2023-12-27T15:57:59+00:00\",\"dateModified\":\"2024-01-18T11:25:44+00:00\",\"description\":\"Majordome sexy Majorque. \u00cates-vous pr\u00eat \u00e0 profiter d'une heure avec un majordome d\u00e9shabill\u00e9 pr\u00eat \u00e0 vous servir ? Service priv\u00e9 et \u00e0 domicile.\",\"breadcrumb\":{\"@id\":\"https:\/\/stagpartynight.com\/fr\/product\/majordome-sexy-majorque\/#breadcrumb\"},\"inLanguage\":\"en-GB\",\"potentialAction\":[{\"@type\":\"ReadAction\",\"target\":[\"https:\/\/stagpartynight.com\/fr\/product\/majordome-sexy-majorque\/\"]}]},{\"@type\":\"ImageObject\",\"inLanguage\":\"en-GB\",\"@id\":\"https:\/\/stagpartynight.com\/fr\/product\/majordome-sexy-majorque\/#primaryimage\",\"url\":\"https:\/\/stagpartynight.com\/fr\/wp-content\/uploads\/sites\/3\/2023\/12\/Majordome-sexy-dIbiza.jpg\",\"contentUrl\":\"https:\/\/stagpartynight.com\/fr\/wp-content\/uploads\/sites\/3\/2023\/12\/Majordome-sexy-dIbiza.jpg\",\"width\":900,\"height\":720,\"caption\":\"Majordome sexy Majorque\"},{\"@type\":\"BreadcrumbList\",\"@id\":\"https:\/\/stagpartynight.com\/fr\/product\/majordome-sexy-majorque\/#breadcrumb\",\"itemListElement\":[{\"@type\":\"ListItem\",\"position\":1,\"name\":\"Home\",\"item\":\"https:\/\/stagpartynight.com\/fr\/\"},{\"@type\":\"ListItem\",\"position\":2,\"name\":\"Tienda\",\"item\":\"https:\/\/stagpartynight.com\/fr\/tienda\/\"},{\"@type\":\"ListItem\",\"position\":3,\"name\":\"Majordome sexy Majorque\"}]},{\"@type\":\"WebSite\",\"@id\":\"https:\/\/stagpartynight.com\/fr\/#website\",\"url\":\"https:\/\/stagpartynight.com\/fr\/\",\"name\":\"Stag Party Night\",\"description\":\"Your Stag Party Customized\",\"publisher\":{\"@id\":\"https:\/\/stagpartynight.com\/fr\/#organization\"},\"potentialAction\":[{\"@type\":\"SearchAction\",\"target\":{\"@type\":\"EntryPoint\",\"urlTemplate\":\"https:\/\/stagpartynight.com\/fr\/?s={search_term_string}\"},\"query-input\":{\"@type\":\"PropertyValueSpecification\",\"valueRequired\":true,\"valueName\":\"search_term_string\"}}],\"inLanguage\":\"en-GB\"},{\"@type\":\"Organization\",\"@id\":\"https:\/\/stagpartynight.com\/fr\/#organization\",\"name\":\"Stag Party Night\",\"url\":\"https:\/\/stagpartynight.com\/fr\/\",\"logo\":{\"@type\":\"ImageObject\",\"inLanguage\":\"en-GB\",\"@id\":\"https:\/\/stagpartynight.com\/fr\/#\/schema\/logo\/image\/\",\"url\":\"https:\/\/stagpartynight.com\/fr\/wp-content\/uploads\/sites\/3\/2019\/12\/stagpartynight-e1578565505687.png\",\"contentUrl\":\"https:\/\/stagpartynight.com\/fr\/wp-content\/uploads\/sites\/3\/2019\/12\/stagpartynight-e1578565505687.png\",\"width\":400,\"height\":400,\"caption\":\"Stag Party Night\"},\"image\":{\"@id\":\"https:\/\/stagpartynight.com\/fr\/#\/schema\/logo\/image\/\"}}]}<\/script>\n<!-- \/ Yoast SEO plugin. -->","yoast_head_json":{"title":"Majordome sexy Majorque","description":"Majordome sexy Majorque. \u00cates-vous pr\u00eat \u00e0 profiter d'une heure avec un majordome d\u00e9shabill\u00e9 pr\u00eat \u00e0 vous servir ? Service priv\u00e9 et \u00e0 domicile.","robots":{"index":"index","follow":"follow","max-snippet":"max-snippet:-1","max-image-preview":"max-image-preview:large","max-video-preview":"max-video-preview:-1"},"canonical":"https:\/\/stagpartynight.com\/fr\/product\/majordome-sexy-majorque\/","og_locale":"en_GB","og_type":"article","og_title":"Majordome sexy Majorque","og_description":"Majordome sexy Majorque. \u00cates-vous pr\u00eat \u00e0 profiter d'une heure avec un majordome d\u00e9shabill\u00e9 pr\u00eat \u00e0 vous servir ? Service priv\u00e9 et \u00e0 domicile.","og_url":"https:\/\/stagpartynight.com\/fr\/product\/majordome-sexy-majorque\/","og_site_name":"Nuit de f\u00eate de cerf","article_modified_time":"2024-01-18T11:25:44+00:00","og_image":[{"width":900,"height":720,"url":"https:\/\/stagpartynight.com\/fr\/wp-content\/uploads\/sites\/3\/2023\/12\/Majordome-sexy-dIbiza.jpg","type":"image\/jpeg"}],"twitter_card":"summary_large_image","twitter_misc":{"Estimated reading time":"2 minutes"},"schema":{"@context":"https:\/\/schema.org","@graph":[{"@type":"WebPage","@id":"https:\/\/stagpartynight.com\/fr\/product\/majordome-sexy-majorque\/","url":"https:\/\/stagpartynight.com\/fr\/product\/majordome-sexy-majorque\/","name":"Majordome sexy Majorque","isPartOf":{"@id":"https:\/\/stagpartynight.com\/fr\/#website"},"primaryImageOfPage":{"@id":"https:\/\/stagpartynight.com\/fr\/product\/majordome-sexy-majorque\/#primaryimage"},"image":{"@id":"https:\/\/stagpartynight.com\/fr\/product\/majordome-sexy-majorque\/#primaryimage"},"thumbnailUrl":"https:\/\/stagpartynight.com\/fr\/wp-content\/uploads\/sites\/3\/2023\/12\/Majordome-sexy-dIbiza.jpg","datePublished":"2023-12-27T15:57:59+00:00","dateModified":"2024-01-18T11:25:44+00:00","description":"Majordome sexy Majorque. \u00cates-vous pr\u00eat \u00e0 profiter d'une heure avec un majordome d\u00e9shabill\u00e9 pr\u00eat \u00e0 vous servir ? Service priv\u00e9 et \u00e0 domicile.","breadcrumb":{"@id":"https:\/\/stagpartynight.com\/fr\/product\/majordome-sexy-majorque\/#breadcrumb"},"inLanguage":"en-GB","potentialAction":[{"@type":"ReadAction","target":["https:\/\/stagpartynight.com\/fr\/product\/majordome-sexy-majorque\/"]}]},{"@type":"ImageObject","inLanguage":"en-GB","@id":"https:\/\/stagpartynight.com\/fr\/product\/majordome-sexy-majorque\/#primaryimage","url":"https:\/\/stagpartynight.com\/fr\/wp-content\/uploads\/sites\/3\/2023\/12\/Majordome-sexy-dIbiza.jpg","contentUrl":"https:\/\/stagpartynight.com\/fr\/wp-content\/uploads\/sites\/3\/2023\/12\/Majordome-sexy-dIbiza.jpg","width":900,"height":720,"caption":"Majordome sexy Majorque"},{"@type":"BreadcrumbList","@id":"https:\/\/stagpartynight.com\/fr\/product\/majordome-sexy-majorque\/#breadcrumb","itemListElement":[{"@type":"ListItem","position":1,"name":"Home","item":"https:\/\/stagpartynight.com\/fr\/"},{"@type":"ListItem","position":2,"name":"Tienda","item":"https:\/\/stagpartynight.com\/fr\/tienda\/"},{"@type":"ListItem","position":3,"name":"Majordome sexy Majorque"}]},{"@type":"WebSite","@id":"https:\/\/stagpartynight.com\/fr\/#website","url":"https:\/\/stagpartynight.com\/fr\/","name":"Stag Party Night","description":"Your Stag Party Customized","publisher":{"@id":"https:\/\/stagpartynight.com\/fr\/#organization"},"potentialAction":[{"@type":"SearchAction","target":{"@type":"EntryPoint","urlTemplate":"https:\/\/stagpartynight.com\/fr\/?s={search_term_string}"},"query-input":{"@type":"PropertyValueSpecification","valueRequired":true,"valueName":"search_term_string"}}],"inLanguage":"en-GB"},{"@type":"Organization","@id":"https:\/\/stagpartynight.com\/fr\/#organization","name":"Stag Party Night","url":"https:\/\/stagpartynight.com\/fr\/","logo":{"@type":"ImageObject","inLanguage":"en-GB","@id":"https:\/\/stagpartynight.com\/fr\/#\/schema\/logo\/image\/","url":"https:\/\/stagpartynight.com\/fr\/wp-content\/uploads\/sites\/3\/2019\/12\/stagpartynight-e1578565505687.png","contentUrl":"https:\/\/stagpartynight.com\/fr\/wp-content\/uploads\/sites\/3\/2019\/12\/stagpartynight-e1578565505687.png","width":400,"height":400,"caption":"Stag Party Night"},"image":{"@id":"https:\/\/stagpartynight.com\/fr\/#\/schema\/logo\/image\/"}}]}},"_links":{"self":[{"href":"https:\/\/stagpartynight.com\/fr\/wp-json\/wp\/v2\/product\/2731","targetHints":{"allow":["GET"]}}],"collection":[{"href":"https:\/\/stagpartynight.com\/fr\/wp-json\/wp\/v2\/product"}],"about":[{"href":"https:\/\/stagpartynight.com\/fr\/wp-json\/wp\/v2\/types\/product"}],"replies":[{"embeddable":true,"href":"https:\/\/stagpartynight.com\/fr\/wp-json\/wp\/v2\/comments?post=2731"}],"wp:featuredmedia":[{"embeddable":true,"href":"https:\/\/stagpartynight.com\/fr\/wp-json\/wp\/v2\/media\/2697"}],"wp:attachment":[{"href":"https:\/\/stagpartynight.com\/fr\/wp-json\/wp\/v2\/media?parent=2731"}],"wp:term":[{"taxonomy":"product_brand","embeddable":true,"href":"https:\/\/stagpartynight.com\/fr\/wp-json\/wp\/v2\/product_brand?post=2731"},{"taxonomy":"product_cat","embeddable":true,"href":"https:\/\/stagpartynight.com\/fr\/wp-json\/wp\/v2\/product_cat?post=2731"},{"taxonomy":"product_tag","embeddable":true,"href":"https:\/\/stagpartynight.com\/fr\/wp-json\/wp\/v2\/product_tag?post=2731"}],"curies":[{"name":"wp","href":"https:\/\/api.w.org\/{rel}","templated":true}]}}