{"id":2736,"date":"2023-12-27T18:02:29","date_gmt":"2023-12-27T17:02:29","guid":{"rendered":"https:\/\/stagpartynight.com\/fr\/?post_type=product&#038;p=2736"},"modified":"2024-01-18T12:25:42","modified_gmt":"2024-01-18T11:25:42","slug":"spa-arab-baths-majorque","status":"publish","type":"product","link":"https:\/\/stagpartynight.com\/fr\/product\/spa-arab-baths-majorque\/","title":{"rendered":"SPA Arab Baths Majorque"},"content":{"rendered":"<p>SPA Arab Baths Majorque. Une heure de bain arabe, quinze minutes de massage et quinze minutes de lit de pierres chaudes. Une heure et demie d&#8217;exp\u00e9rience.<\/p>\n<p>Les meilleurs enterrements de vie de gar\u00e7on avec <a href=\"https:\/\/stagpartynight.com\/\">StagParty <\/a><\/p>\n<h2 style=\"text-align: center;\">SPA Arab Baths Majorque\ud83d\udec1<\/h2>\n<h5>\ud83c\udf3a Bienvenue \u00e0 l&#8217;Oasis du Bien-\u00catre \u00e0 Palma de Mallorca!\ud83c\udf34\ud83c\udf3f<\/h5>\n<p>D\u00e9couvrez une parenth\u00e8se de pur bonheur avec notre exp\u00e9rience de spa exclusive \u00e0 Palma de Mallorca! \ud83c\udf0a\ud83d\udc86\u200d\u2640\ufe0f<\/p>\n<p>\ud83d\udca7 Bains Arabes Exquis: Immergez-vous dans une heure de d\u00e9tente totale avec nos luxueux bains arabes. Laissez les eaux apaisantes vous envelopper, cr\u00e9ant une atmosph\u00e8re d&#8217;\u00e9vasion o\u00f9 le stress se dissipe.<\/p>\n<p>\ud83d\udc50 Massage Relaxant de 15 Minutes: Profitez d&#8217;un massage expert de quinze minutes, con\u00e7u pour \u00e9liminer les tensions musculaires et vous procurer une relaxation profonde. Laissez les mains expertes de nos th\u00e9rapeutes vous guider vers un \u00e9tat de s\u00e9r\u00e9nit\u00e9.<\/p>\n<p>\ud83c\udf0b Lit de Pierre Chaude pour la Purification:Terminez votre exp\u00e9rience avec quinze minutes sur un lit de pierre chaude, un rituel purificateur qui revitalise le corps et l&#8217;esprit. Ressentez la chaleur apaisante qui lib\u00e8re les tensions accumul\u00e9es.<\/p>\n<p>\ud83c\udf75*Espace D\u00e9tente &amp; Transformateur:Apr\u00e8s votre traitement, d\u00e9tendez-vous dans notre espace d\u00e9di\u00e9 \u00e0 la s\u00e9r\u00e9nit\u00e9. Profitez d&#8217;une tasse de th\u00e9 apaisante tout en laissant les bienfaits de votre exp\u00e9rience spa impr\u00e9gner votre \u00eatre.<\/p>\n<p>\ud83c\udf1f R\u00e9servez Votre Moment de D\u00e9tente Inoubliable!<\/p>\n<p>Offrez-vous une heure et demie de pure tranquillit\u00e9 dans notre havre de paix \u00e0<a href=\"https:\/\/es.wikipedia.org\/wiki\/Palma_de_Mallorca\"> Palma de Mallorca<\/a>. Notre exp\u00e9rience spa est con\u00e7ue pour vous procurer une relaxation profonde, transformant chaque instant en un voyage sensoriel unique. \ud83c\udf3a\u2728<\/p>\n<p>&nbsp;<\/p>\n","protected":false},"excerpt":{"rendered":"<p>SPA Arab Baths Majorque. Une heure de bain arabe, quinze minutes de massage et quinze minutes de lit de pierres chaudes. Une heure et demie d&#8217;exp\u00e9rience. Les meilleurs enterrements de vie de gar\u00e7on avec StagParty SPA Arab Baths Majorque\ud83d\udec1 \ud83c\udf3a Bienvenue \u00e0 l&#8217;Oasis du Bien-\u00catre \u00e0 Palma de Mallorca!\ud83c\udf34\ud83c\udf3f D\u00e9couvrez une parenth\u00e8se de pur bonheur [&hellip;]<\/p>\n","protected":false},"featured_media":2737,"comment_status":"open","ping_status":"closed","template":"","meta":{"_et_pb_use_builder":"","_et_pb_old_content":"","_et_gb_content_width":""},"product_brand":[],"product_cat":[218,504],"product_tag":[],"class_list":{"0":"post-2736","1":"product","2":"type-product","3":"status-publish","4":"has-post-thumbnail","6":"product_cat-uncategorised","7":"product_cat-mallorca","9":"first","10":"instock","11":"shipping-taxable","12":"product-type-simple"},"yoast_head":"<!-- This site is optimized with the Yoast SEO plugin v26.4 - https:\/\/yoast.com\/wordpress\/plugins\/seo\/ -->\n<title>SPA Arab Baths Majorque<\/title>\n<meta name=\"description\" content=\"SPA Arab Baths Majorque. Une heure de bain arabe, quinze minutes de massage et quinze minutes de lit de pierres chaudes. Une heure et demie d&#039;exp\u00e9rience.\" \/>\n<meta name=\"robots\" content=\"index, follow, max-snippet:-1, max-image-preview:large, max-video-preview:-1\" \/>\n<link rel=\"canonical\" href=\"https:\/\/stagpartynight.com\/fr\/product\/spa-arab-baths-majorque\/\" \/>\n<meta property=\"og:locale\" content=\"en_GB\" \/>\n<meta property=\"og:type\" content=\"article\" \/>\n<meta property=\"og:title\" content=\"SPA Arab Baths Majorque\" \/>\n<meta property=\"og:description\" content=\"SPA Arab Baths Majorque. Une heure de bain arabe, quinze minutes de massage et quinze minutes de lit de pierres chaudes. Une heure et demie d&#039;exp\u00e9rience.\" \/>\n<meta property=\"og:url\" content=\"https:\/\/stagpartynight.com\/fr\/product\/spa-arab-baths-majorque\/\" \/>\n<meta property=\"og:site_name\" content=\"Nuit de f\u00eate de cerf\" \/>\n<meta property=\"article:modified_time\" content=\"2024-01-18T11:25:42+00:00\" \/>\n<meta property=\"og:image\" content=\"https:\/\/stagpartynight.com\/fr\/wp-content\/uploads\/sites\/3\/2023\/12\/SPA-Arab-Baths-Majorque.jpg\" \/>\n\t<meta property=\"og:image:width\" content=\"1280\" \/>\n\t<meta property=\"og:image:height\" content=\"853\" \/>\n\t<meta property=\"og:image:type\" content=\"image\/jpeg\" \/>\n<meta name=\"twitter:card\" content=\"summary_large_image\" \/>\n<meta name=\"twitter:label1\" content=\"Estimated reading time\" \/>\n\t<meta name=\"twitter:data1\" content=\"2 minutes\" \/>\n<script type=\"application\/ld+json\" class=\"yoast-schema-graph\">{\"@context\":\"https:\/\/schema.org\",\"@graph\":[{\"@type\":\"WebPage\",\"@id\":\"https:\/\/stagpartynight.com\/fr\/product\/spa-arab-baths-majorque\/\",\"url\":\"https:\/\/stagpartynight.com\/fr\/product\/spa-arab-baths-majorque\/\",\"name\":\"SPA Arab Baths Majorque\",\"isPartOf\":{\"@id\":\"https:\/\/stagpartynight.com\/fr\/#website\"},\"primaryImageOfPage\":{\"@id\":\"https:\/\/stagpartynight.com\/fr\/product\/spa-arab-baths-majorque\/#primaryimage\"},\"image\":{\"@id\":\"https:\/\/stagpartynight.com\/fr\/product\/spa-arab-baths-majorque\/#primaryimage\"},\"thumbnailUrl\":\"https:\/\/stagpartynight.com\/fr\/wp-content\/uploads\/sites\/3\/2023\/12\/SPA-Arab-Baths-Majorque.jpg\",\"datePublished\":\"2023-12-27T17:02:29+00:00\",\"dateModified\":\"2024-01-18T11:25:42+00:00\",\"description\":\"SPA Arab Baths Majorque. Une heure de bain arabe, quinze minutes de massage et quinze minutes de lit de pierres chaudes. Une heure et demie d'exp\u00e9rience.\",\"breadcrumb\":{\"@id\":\"https:\/\/stagpartynight.com\/fr\/product\/spa-arab-baths-majorque\/#breadcrumb\"},\"inLanguage\":\"en-GB\",\"potentialAction\":[{\"@type\":\"ReadAction\",\"target\":[\"https:\/\/stagpartynight.com\/fr\/product\/spa-arab-baths-majorque\/\"]}]},{\"@type\":\"ImageObject\",\"inLanguage\":\"en-GB\",\"@id\":\"https:\/\/stagpartynight.com\/fr\/product\/spa-arab-baths-majorque\/#primaryimage\",\"url\":\"https:\/\/stagpartynight.com\/fr\/wp-content\/uploads\/sites\/3\/2023\/12\/SPA-Arab-Baths-Majorque.jpg\",\"contentUrl\":\"https:\/\/stagpartynight.com\/fr\/wp-content\/uploads\/sites\/3\/2023\/12\/SPA-Arab-Baths-Majorque.jpg\",\"width\":1280,\"height\":853,\"caption\":\"SPA Arab Baths Majorque\"},{\"@type\":\"BreadcrumbList\",\"@id\":\"https:\/\/stagpartynight.com\/fr\/product\/spa-arab-baths-majorque\/#breadcrumb\",\"itemListElement\":[{\"@type\":\"ListItem\",\"position\":1,\"name\":\"Home\",\"item\":\"https:\/\/stagpartynight.com\/fr\/\"},{\"@type\":\"ListItem\",\"position\":2,\"name\":\"Tienda\",\"item\":\"https:\/\/stagpartynight.com\/fr\/tienda\/\"},{\"@type\":\"ListItem\",\"position\":3,\"name\":\"SPA Arab Baths Majorque\"}]},{\"@type\":\"WebSite\",\"@id\":\"https:\/\/stagpartynight.com\/fr\/#website\",\"url\":\"https:\/\/stagpartynight.com\/fr\/\",\"name\":\"Stag Party Night\",\"description\":\"Your Stag Party Customized\",\"publisher\":{\"@id\":\"https:\/\/stagpartynight.com\/fr\/#organization\"},\"potentialAction\":[{\"@type\":\"SearchAction\",\"target\":{\"@type\":\"EntryPoint\",\"urlTemplate\":\"https:\/\/stagpartynight.com\/fr\/?s={search_term_string}\"},\"query-input\":{\"@type\":\"PropertyValueSpecification\",\"valueRequired\":true,\"valueName\":\"search_term_string\"}}],\"inLanguage\":\"en-GB\"},{\"@type\":\"Organization\",\"@id\":\"https:\/\/stagpartynight.com\/fr\/#organization\",\"name\":\"Stag Party Night\",\"url\":\"https:\/\/stagpartynight.com\/fr\/\",\"logo\":{\"@type\":\"ImageObject\",\"inLanguage\":\"en-GB\",\"@id\":\"https:\/\/stagpartynight.com\/fr\/#\/schema\/logo\/image\/\",\"url\":\"https:\/\/stagpartynight.com\/fr\/wp-content\/uploads\/sites\/3\/2019\/12\/stagpartynight-e1578565505687.png\",\"contentUrl\":\"https:\/\/stagpartynight.com\/fr\/wp-content\/uploads\/sites\/3\/2019\/12\/stagpartynight-e1578565505687.png\",\"width\":400,\"height\":400,\"caption\":\"Stag Party Night\"},\"image\":{\"@id\":\"https:\/\/stagpartynight.com\/fr\/#\/schema\/logo\/image\/\"}}]}<\/script>\n<!-- \/ Yoast SEO plugin. -->","yoast_head_json":{"title":"SPA Arab Baths Majorque","description":"SPA Arab Baths Majorque. Une heure de bain arabe, quinze minutes de massage et quinze minutes de lit de pierres chaudes. Une heure et demie d'exp\u00e9rience.","robots":{"index":"index","follow":"follow","max-snippet":"max-snippet:-1","max-image-preview":"max-image-preview:large","max-video-preview":"max-video-preview:-1"},"canonical":"https:\/\/stagpartynight.com\/fr\/product\/spa-arab-baths-majorque\/","og_locale":"en_GB","og_type":"article","og_title":"SPA Arab Baths Majorque","og_description":"SPA Arab Baths Majorque. Une heure de bain arabe, quinze minutes de massage et quinze minutes de lit de pierres chaudes. Une heure et demie d'exp\u00e9rience.","og_url":"https:\/\/stagpartynight.com\/fr\/product\/spa-arab-baths-majorque\/","og_site_name":"Nuit de f\u00eate de cerf","article_modified_time":"2024-01-18T11:25:42+00:00","og_image":[{"width":1280,"height":853,"url":"https:\/\/stagpartynight.com\/fr\/wp-content\/uploads\/sites\/3\/2023\/12\/SPA-Arab-Baths-Majorque.jpg","type":"image\/jpeg"}],"twitter_card":"summary_large_image","twitter_misc":{"Estimated reading time":"2 minutes"},"schema":{"@context":"https:\/\/schema.org","@graph":[{"@type":"WebPage","@id":"https:\/\/stagpartynight.com\/fr\/product\/spa-arab-baths-majorque\/","url":"https:\/\/stagpartynight.com\/fr\/product\/spa-arab-baths-majorque\/","name":"SPA Arab Baths Majorque","isPartOf":{"@id":"https:\/\/stagpartynight.com\/fr\/#website"},"primaryImageOfPage":{"@id":"https:\/\/stagpartynight.com\/fr\/product\/spa-arab-baths-majorque\/#primaryimage"},"image":{"@id":"https:\/\/stagpartynight.com\/fr\/product\/spa-arab-baths-majorque\/#primaryimage"},"thumbnailUrl":"https:\/\/stagpartynight.com\/fr\/wp-content\/uploads\/sites\/3\/2023\/12\/SPA-Arab-Baths-Majorque.jpg","datePublished":"2023-12-27T17:02:29+00:00","dateModified":"2024-01-18T11:25:42+00:00","description":"SPA Arab Baths Majorque. Une heure de bain arabe, quinze minutes de massage et quinze minutes de lit de pierres chaudes. Une heure et demie d'exp\u00e9rience.","breadcrumb":{"@id":"https:\/\/stagpartynight.com\/fr\/product\/spa-arab-baths-majorque\/#breadcrumb"},"inLanguage":"en-GB","potentialAction":[{"@type":"ReadAction","target":["https:\/\/stagpartynight.com\/fr\/product\/spa-arab-baths-majorque\/"]}]},{"@type":"ImageObject","inLanguage":"en-GB","@id":"https:\/\/stagpartynight.com\/fr\/product\/spa-arab-baths-majorque\/#primaryimage","url":"https:\/\/stagpartynight.com\/fr\/wp-content\/uploads\/sites\/3\/2023\/12\/SPA-Arab-Baths-Majorque.jpg","contentUrl":"https:\/\/stagpartynight.com\/fr\/wp-content\/uploads\/sites\/3\/2023\/12\/SPA-Arab-Baths-Majorque.jpg","width":1280,"height":853,"caption":"SPA Arab Baths Majorque"},{"@type":"BreadcrumbList","@id":"https:\/\/stagpartynight.com\/fr\/product\/spa-arab-baths-majorque\/#breadcrumb","itemListElement":[{"@type":"ListItem","position":1,"name":"Home","item":"https:\/\/stagpartynight.com\/fr\/"},{"@type":"ListItem","position":2,"name":"Tienda","item":"https:\/\/stagpartynight.com\/fr\/tienda\/"},{"@type":"ListItem","position":3,"name":"SPA Arab Baths Majorque"}]},{"@type":"WebSite","@id":"https:\/\/stagpartynight.com\/fr\/#website","url":"https:\/\/stagpartynight.com\/fr\/","name":"Stag Party Night","description":"Your Stag Party Customized","publisher":{"@id":"https:\/\/stagpartynight.com\/fr\/#organization"},"potentialAction":[{"@type":"SearchAction","target":{"@type":"EntryPoint","urlTemplate":"https:\/\/stagpartynight.com\/fr\/?s={search_term_string}"},"query-input":{"@type":"PropertyValueSpecification","valueRequired":true,"valueName":"search_term_string"}}],"inLanguage":"en-GB"},{"@type":"Organization","@id":"https:\/\/stagpartynight.com\/fr\/#organization","name":"Stag Party Night","url":"https:\/\/stagpartynight.com\/fr\/","logo":{"@type":"ImageObject","inLanguage":"en-GB","@id":"https:\/\/stagpartynight.com\/fr\/#\/schema\/logo\/image\/","url":"https:\/\/stagpartynight.com\/fr\/wp-content\/uploads\/sites\/3\/2019\/12\/stagpartynight-e1578565505687.png","contentUrl":"https:\/\/stagpartynight.com\/fr\/wp-content\/uploads\/sites\/3\/2019\/12\/stagpartynight-e1578565505687.png","width":400,"height":400,"caption":"Stag Party Night"},"image":{"@id":"https:\/\/stagpartynight.com\/fr\/#\/schema\/logo\/image\/"}}]}},"_links":{"self":[{"href":"https:\/\/stagpartynight.com\/fr\/wp-json\/wp\/v2\/product\/2736","targetHints":{"allow":["GET"]}}],"collection":[{"href":"https:\/\/stagpartynight.com\/fr\/wp-json\/wp\/v2\/product"}],"about":[{"href":"https:\/\/stagpartynight.com\/fr\/wp-json\/wp\/v2\/types\/product"}],"replies":[{"embeddable":true,"href":"https:\/\/stagpartynight.com\/fr\/wp-json\/wp\/v2\/comments?post=2736"}],"wp:featuredmedia":[{"embeddable":true,"href":"https:\/\/stagpartynight.com\/fr\/wp-json\/wp\/v2\/media\/2737"}],"wp:attachment":[{"href":"https:\/\/stagpartynight.com\/fr\/wp-json\/wp\/v2\/media?parent=2736"}],"wp:term":[{"taxonomy":"product_brand","embeddable":true,"href":"https:\/\/stagpartynight.com\/fr\/wp-json\/wp\/v2\/product_brand?post=2736"},{"taxonomy":"product_cat","embeddable":true,"href":"https:\/\/stagpartynight.com\/fr\/wp-json\/wp\/v2\/product_cat?post=2736"},{"taxonomy":"product_tag","embeddable":true,"href":"https:\/\/stagpartynight.com\/fr\/wp-json\/wp\/v2\/product_tag?post=2736"}],"curies":[{"name":"wp","href":"https:\/\/api.w.org\/{rel}","templated":true}]}}