{"id":274,"date":"2020-01-08T14:43:43","date_gmt":"2020-01-08T13:43:43","guid":{"rendered":"https:\/\/stagpartynight.com\/fr\/?post_type=product&#038;p=274"},"modified":"2024-03-12T11:45:45","modified_gmt":"2024-03-12T10:45:45","slug":"vip-table-discoteque-ibiza","status":"publish","type":"product","link":"https:\/\/stagpartynight.com\/fr\/product\/vip-table-discoteque-ibiza\/","title":{"rendered":"Table VIP dans un discoth\u00e8que d&#8217;Ibiza"},"content":{"rendered":"<div class=\"flex-1 overflow-hidden\">\n<div class=\"react-scroll-to-bottom--css-etktj-79elbk h-full\">\n<div class=\"react-scroll-to-bottom--css-etktj-1n7m0yu\">\n<div class=\"flex flex-col text-sm pb-9\">\n<div class=\"w-full text-token-text-primary\" data-testid=\"conversation-turn-83\">\n<div class=\"px-4 py-2 justify-center text-base md:gap-6 m-auto\">\n<div class=\"flex flex-1 text-base mx-auto gap-3 md:px-5 lg:px-1 xl:px-5 md:max-w-3xl lg:max-w-[40rem] xl:max-w-[48rem] group final-completion\">\n<div class=\"relative flex w-full flex-col agent-turn\">\n<div class=\"flex-col gap-1 md:gap-3\">\n<div class=\"flex flex-grow flex-col max-w-full\">\n<div class=\"min-h-[20px] text-message flex flex-col items-start gap-3 whitespace-pre-wrap break-words [.text-message+&amp;]:mt-5 overflow-x-auto\" data-message-author-role=\"assistant\" data-message-id=\"fcfbc741-eb3c-429a-bc5c-7f3fc5f02ee0\">\n<div class=\"markdown prose w-full break-words dark:prose-invert dark\">\n<p>Table VIP dans un discoth\u00e8que d&#8217;Ibiza. R\u00e9servez une table et une bouteille dans l&#8217;espace VIP des meilleurs clubs de l&#8217;\u00eele. Une table pour 5 personnes. Informations personnalis\u00e9es. Les meilleures soir\u00e9es \u00e0 <a href=\"https:\/\/en.wikipedia.org\/wiki\/Ibiza\">Ibiza<\/a> avec <a href=\"https:\/\/stagpartynight.com\/\">Stag Party Night.\u00a0<\/a><\/p>\n<\/div>\n<\/div>\n<\/div>\n<\/div>\n<\/div>\n<\/div>\n<\/div>\n<\/div>\n<\/div>\n<\/div>\n<\/div>\n<\/div>\n<p>Vous souhaitez vivre une exp\u00e9rience VIP m\u00e9morable lors de votre s\u00e9jour \u00e0 Ibiza ? Ne perdez pas de temps. Nous vous offrons la possibilit\u00e9 de r\u00e9server une table et une bouteille dans l&#8217;espace VIP des clubs les plus prestigieux de l&#8217;\u00eele. Pour une soir\u00e9e pleine de luxe et d&#8217;enthousiasme.<\/p>\n<p>Imaginez-vous, en compagnie de vos amis les plus proches, alors que vous entrez dans l&#8217;atmosph\u00e8re dynamique et \u00e9lectrique de l&#8217;un des clubs les plus renomm\u00e9s d&#8217;Ibiza. D\u00e8s votre arriv\u00e9e, vous b\u00e9n\u00e9ficiez d&#8217;un service sup\u00e9rieur gr\u00e2ce \u00e0 notre service de r\u00e9servation VIP. Avec une table r\u00e9serv\u00e9e dans l&#8217;espace VIP du club et une bouteille de votre choix pour agr\u00e9menter votre soir\u00e9e.<\/p>\n<div class=\"flex-1 overflow-hidden\">\n<div class=\"react-scroll-to-bottom--css-etktj-79elbk h-full\">\n<div class=\"react-scroll-to-bottom--css-etktj-1n7m0yu\">\n<div class=\"flex flex-col text-sm pb-9\">\n<div class=\"w-full text-token-text-primary\" data-testid=\"conversation-turn-83\">\n<div class=\"px-4 py-2 justify-center text-base md:gap-6 m-auto\">\n<div class=\"flex flex-1 text-base mx-auto gap-3 md:px-5 lg:px-1 xl:px-5 md:max-w-3xl lg:max-w-[40rem] xl:max-w-[48rem] group final-completion\">\n<div class=\"relative flex w-full flex-col agent-turn\">\n<div class=\"flex-col gap-1 md:gap-3\">\n<div class=\"flex flex-grow flex-col max-w-full\">\n<div class=\"min-h-[20px] text-message flex flex-col items-start gap-3 whitespace-pre-wrap break-words [.text-message+&amp;]:mt-5 overflow-x-auto\" data-message-author-role=\"assistant\" data-message-id=\"fcfbc741-eb3c-429a-bc5c-7f3fc5f02ee0\">\n<div class=\"markdown prose w-full break-words dark:prose-invert dark\">\n<h4>Plongez dans le Luxe de la Vie Nocturne : R\u00e9servation VIP dans les Clubs les Plus Exclusifs d&#8217;Ibiza<\/h4>\n<\/div>\n<\/div>\n<\/div>\n<\/div>\n<\/div>\n<\/div>\n<\/div>\n<\/div>\n<\/div>\n<\/div>\n<\/div>\n<\/div>\n<p>Que ce soit pour une ambiance \u00e9l\u00e9gante et raffin\u00e9e ou une ambiance d\u00e9contract\u00e9e et festive. Nous avons les meilleures options pour r\u00e9pondre \u00e0 vos besoins. Nos clubs associ\u00e9s sont r\u00e9put\u00e9s pour leur musique de haute qualit\u00e9, leurs installations de qualit\u00e9 sup\u00e9rieure et leur atmosph\u00e8re unique. Gr\u00e2ce \u00e0 notre service de r\u00e9servation VIP, vous avez la possibilit\u00e9 d&#8217;\u00e9viter les files d&#8217;attente et de passer directement \u00e0 l&#8217;action. Pour une soir\u00e9e sans stress et sans soucis.<\/p>\n<p>En plus de vous assurer l&#8217;acc\u00e8s \u00e0 l&#8217;espace VIP, notre service de r\u00e9servation vous propose \u00e9galement des informations sur mesure sur les meilleurs clubs de l&#8217;\u00eele. Vous pouvez donc s\u00e9lectionner celui qui correspond le mieux \u00e0 vos pr\u00e9f\u00e9rences et \u00e0 votre style. Que vous ayez une pr\u00e9f\u00e9rence pour danser sur de la musique \u00e9lectronique, vous d\u00e9tendre dans un environnement raffin\u00e9 et \u00e9pur\u00e9, ou profiter d&#8217;une exp\u00e9rience clubbing plus d\u00e9tendue. Nous avons la solution id\u00e9ale pour vous.<\/p>\n<p>En r\u00e9sum\u00e9, r\u00e9server une table et une bouteille dans l&#8217;espace VIP des meilleurs clubs d&#8217;Ibiza est le moyen id\u00e9al pour vivre une soir\u00e9e m\u00e9morable sur cette \u00eele c\u00e9l\u00e8bre pour ses festivit\u00e9s. Gr\u00e2ce \u00e0 notre service de r\u00e9servation VIP. Vous avez la possibilit\u00e9 de savourer pleinement la vie nocturne d&#8217;Ibiza avec \u00e9l\u00e9gance, confort et exclusivit\u00e9.<\/p>\n","protected":false},"excerpt":{"rendered":"<p>R\u00e9servez une table et une bouteille dans l&#8217;espace VIP des meilleurs clubs de l&#8217;\u00eele. Une table pour 5 personnes. Informations personnalis\u00e9es<\/p>\n","protected":false},"featured_media":148,"comment_status":"open","ping_status":"closed","template":"","meta":{"_et_pb_use_builder":"","_et_pb_old_content":"","_et_gb_content_width":""},"product_brand":[],"product_cat":[113],"product_tag":[348,347,132],"class_list":{"0":"post-274","1":"product","2":"type-product","3":"status-publish","4":"has-post-thumbnail","6":"product_cat-ibiza","7":"product_tag-reservation-de-tables-privees-dans-les-discotheques-dibiza","8":"product_tag-table-vip-dans-un-discotheque-dibiza","9":"product_tag-vip-table-discoteque-ibiza","11":"first","12":"instock","13":"virtual","14":"product-type-simple"},"yoast_head":"<!-- This site is optimized with the Yoast SEO plugin v26.4 - https:\/\/yoast.com\/wordpress\/plugins\/seo\/ -->\n<title>Table VIP dans un discoth\u00e8que d&#039;Ibiza<\/title>\n<meta name=\"description\" content=\"Table VIP dans un discoth\u00e8que d&#039;Ibiza - R\u00e9servez une table et une bouteille dans l&#039;espace VIP des meilleurs clubs de l&#039;\u00eele. Une table pour 5 personnes.\" \/>\n<meta name=\"robots\" content=\"index, follow, max-snippet:-1, max-image-preview:large, max-video-preview:-1\" \/>\n<link rel=\"canonical\" href=\"https:\/\/stagpartynight.com\/fr\/product\/vip-table-discoteque-ibiza\/\" \/>\n<meta property=\"og:locale\" content=\"en_GB\" \/>\n<meta property=\"og:type\" content=\"article\" \/>\n<meta property=\"og:title\" content=\"Table VIP dans un discoth\u00e8que d&#039;Ibiza\" \/>\n<meta property=\"og:description\" content=\"Table VIP dans un discoth\u00e8que d&#039;Ibiza - R\u00e9servez une table et une bouteille dans l&#039;espace VIP des meilleurs clubs de l&#039;\u00eele. Une table pour 5 personnes.\" \/>\n<meta property=\"og:url\" content=\"https:\/\/stagpartynight.com\/fr\/product\/vip-table-discoteque-ibiza\/\" \/>\n<meta property=\"og:site_name\" content=\"Nuit de f\u00eate de cerf\" \/>\n<meta property=\"article:modified_time\" content=\"2024-03-12T10:45:45+00:00\" \/>\n<meta property=\"og:image\" content=\"https:\/\/stagpartynight.com\/fr\/wp-content\/uploads\/sites\/3\/2020\/01\/Vip-Zone-scaled.jpg\" \/>\n\t<meta property=\"og:image:width\" content=\"2560\" \/>\n\t<meta property=\"og:image:height\" content=\"1707\" \/>\n\t<meta property=\"og:image:type\" content=\"image\/jpeg\" \/>\n<meta name=\"twitter:card\" content=\"summary_large_image\" \/>\n<meta name=\"twitter:label1\" content=\"Estimated reading time\" \/>\n\t<meta name=\"twitter:data1\" content=\"2 minutes\" \/>\n<script type=\"application\/ld+json\" class=\"yoast-schema-graph\">{\"@context\":\"https:\/\/schema.org\",\"@graph\":[{\"@type\":\"WebPage\",\"@id\":\"https:\/\/stagpartynight.com\/fr\/product\/vip-table-discoteque-ibiza\/\",\"url\":\"https:\/\/stagpartynight.com\/fr\/product\/vip-table-discoteque-ibiza\/\",\"name\":\"Table VIP dans un discoth\u00e8que d'Ibiza\",\"isPartOf\":{\"@id\":\"https:\/\/stagpartynight.com\/fr\/#website\"},\"primaryImageOfPage\":{\"@id\":\"https:\/\/stagpartynight.com\/fr\/product\/vip-table-discoteque-ibiza\/#primaryimage\"},\"image\":{\"@id\":\"https:\/\/stagpartynight.com\/fr\/product\/vip-table-discoteque-ibiza\/#primaryimage\"},\"thumbnailUrl\":\"https:\/\/stagpartynight.com\/fr\/wp-content\/uploads\/sites\/3\/2020\/01\/Vip-Zone-scaled.jpg\",\"datePublished\":\"2020-01-08T13:43:43+00:00\",\"dateModified\":\"2024-03-12T10:45:45+00:00\",\"description\":\"Table VIP dans un discoth\u00e8que d'Ibiza - R\u00e9servez une table et une bouteille dans l'espace VIP des meilleurs clubs de l'\u00eele. Une table pour 5 personnes.\",\"breadcrumb\":{\"@id\":\"https:\/\/stagpartynight.com\/fr\/product\/vip-table-discoteque-ibiza\/#breadcrumb\"},\"inLanguage\":\"en-GB\",\"potentialAction\":[{\"@type\":\"ReadAction\",\"target\":[\"https:\/\/stagpartynight.com\/fr\/product\/vip-table-discoteque-ibiza\/\"]}]},{\"@type\":\"ImageObject\",\"inLanguage\":\"en-GB\",\"@id\":\"https:\/\/stagpartynight.com\/fr\/product\/vip-table-discoteque-ibiza\/#primaryimage\",\"url\":\"https:\/\/stagpartynight.com\/fr\/wp-content\/uploads\/sites\/3\/2020\/01\/Vip-Zone-scaled.jpg\",\"contentUrl\":\"https:\/\/stagpartynight.com\/fr\/wp-content\/uploads\/sites\/3\/2020\/01\/Vip-Zone-scaled.jpg\",\"width\":2560,\"height\":1707},{\"@type\":\"BreadcrumbList\",\"@id\":\"https:\/\/stagpartynight.com\/fr\/product\/vip-table-discoteque-ibiza\/#breadcrumb\",\"itemListElement\":[{\"@type\":\"ListItem\",\"position\":1,\"name\":\"Home\",\"item\":\"https:\/\/stagpartynight.com\/fr\/\"},{\"@type\":\"ListItem\",\"position\":2,\"name\":\"Tienda\",\"item\":\"https:\/\/stagpartynight.com\/fr\/tienda\/\"},{\"@type\":\"ListItem\",\"position\":3,\"name\":\"Table VIP dans un discoth\u00e8que d&#8217;Ibiza\"}]},{\"@type\":\"WebSite\",\"@id\":\"https:\/\/stagpartynight.com\/fr\/#website\",\"url\":\"https:\/\/stagpartynight.com\/fr\/\",\"name\":\"Stag Party Night\",\"description\":\"Your Stag Party Customized\",\"publisher\":{\"@id\":\"https:\/\/stagpartynight.com\/fr\/#organization\"},\"potentialAction\":[{\"@type\":\"SearchAction\",\"target\":{\"@type\":\"EntryPoint\",\"urlTemplate\":\"https:\/\/stagpartynight.com\/fr\/?s={search_term_string}\"},\"query-input\":{\"@type\":\"PropertyValueSpecification\",\"valueRequired\":true,\"valueName\":\"search_term_string\"}}],\"inLanguage\":\"en-GB\"},{\"@type\":\"Organization\",\"@id\":\"https:\/\/stagpartynight.com\/fr\/#organization\",\"name\":\"Stag Party Night\",\"url\":\"https:\/\/stagpartynight.com\/fr\/\",\"logo\":{\"@type\":\"ImageObject\",\"inLanguage\":\"en-GB\",\"@id\":\"https:\/\/stagpartynight.com\/fr\/#\/schema\/logo\/image\/\",\"url\":\"https:\/\/stagpartynight.com\/fr\/wp-content\/uploads\/sites\/3\/2019\/12\/stagpartynight-e1578565505687.png\",\"contentUrl\":\"https:\/\/stagpartynight.com\/fr\/wp-content\/uploads\/sites\/3\/2019\/12\/stagpartynight-e1578565505687.png\",\"width\":400,\"height\":400,\"caption\":\"Stag Party Night\"},\"image\":{\"@id\":\"https:\/\/stagpartynight.com\/fr\/#\/schema\/logo\/image\/\"}}]}<\/script>\n<!-- \/ Yoast SEO plugin. -->","yoast_head_json":{"title":"Table VIP dans un discoth\u00e8que d'Ibiza","description":"Table VIP dans un discoth\u00e8que d'Ibiza - R\u00e9servez une table et une bouteille dans l'espace VIP des meilleurs clubs de l'\u00eele. Une table pour 5 personnes.","robots":{"index":"index","follow":"follow","max-snippet":"max-snippet:-1","max-image-preview":"max-image-preview:large","max-video-preview":"max-video-preview:-1"},"canonical":"https:\/\/stagpartynight.com\/fr\/product\/vip-table-discoteque-ibiza\/","og_locale":"en_GB","og_type":"article","og_title":"Table VIP dans un discoth\u00e8que d'Ibiza","og_description":"Table VIP dans un discoth\u00e8que d'Ibiza - R\u00e9servez une table et une bouteille dans l'espace VIP des meilleurs clubs de l'\u00eele. Une table pour 5 personnes.","og_url":"https:\/\/stagpartynight.com\/fr\/product\/vip-table-discoteque-ibiza\/","og_site_name":"Nuit de f\u00eate de cerf","article_modified_time":"2024-03-12T10:45:45+00:00","og_image":[{"width":2560,"height":1707,"url":"https:\/\/stagpartynight.com\/fr\/wp-content\/uploads\/sites\/3\/2020\/01\/Vip-Zone-scaled.jpg","type":"image\/jpeg"}],"twitter_card":"summary_large_image","twitter_misc":{"Estimated reading time":"2 minutes"},"schema":{"@context":"https:\/\/schema.org","@graph":[{"@type":"WebPage","@id":"https:\/\/stagpartynight.com\/fr\/product\/vip-table-discoteque-ibiza\/","url":"https:\/\/stagpartynight.com\/fr\/product\/vip-table-discoteque-ibiza\/","name":"Table VIP dans un discoth\u00e8que d'Ibiza","isPartOf":{"@id":"https:\/\/stagpartynight.com\/fr\/#website"},"primaryImageOfPage":{"@id":"https:\/\/stagpartynight.com\/fr\/product\/vip-table-discoteque-ibiza\/#primaryimage"},"image":{"@id":"https:\/\/stagpartynight.com\/fr\/product\/vip-table-discoteque-ibiza\/#primaryimage"},"thumbnailUrl":"https:\/\/stagpartynight.com\/fr\/wp-content\/uploads\/sites\/3\/2020\/01\/Vip-Zone-scaled.jpg","datePublished":"2020-01-08T13:43:43+00:00","dateModified":"2024-03-12T10:45:45+00:00","description":"Table VIP dans un discoth\u00e8que d'Ibiza - R\u00e9servez une table et une bouteille dans l'espace VIP des meilleurs clubs de l'\u00eele. Une table pour 5 personnes.","breadcrumb":{"@id":"https:\/\/stagpartynight.com\/fr\/product\/vip-table-discoteque-ibiza\/#breadcrumb"},"inLanguage":"en-GB","potentialAction":[{"@type":"ReadAction","target":["https:\/\/stagpartynight.com\/fr\/product\/vip-table-discoteque-ibiza\/"]}]},{"@type":"ImageObject","inLanguage":"en-GB","@id":"https:\/\/stagpartynight.com\/fr\/product\/vip-table-discoteque-ibiza\/#primaryimage","url":"https:\/\/stagpartynight.com\/fr\/wp-content\/uploads\/sites\/3\/2020\/01\/Vip-Zone-scaled.jpg","contentUrl":"https:\/\/stagpartynight.com\/fr\/wp-content\/uploads\/sites\/3\/2020\/01\/Vip-Zone-scaled.jpg","width":2560,"height":1707},{"@type":"BreadcrumbList","@id":"https:\/\/stagpartynight.com\/fr\/product\/vip-table-discoteque-ibiza\/#breadcrumb","itemListElement":[{"@type":"ListItem","position":1,"name":"Home","item":"https:\/\/stagpartynight.com\/fr\/"},{"@type":"ListItem","position":2,"name":"Tienda","item":"https:\/\/stagpartynight.com\/fr\/tienda\/"},{"@type":"ListItem","position":3,"name":"Table VIP dans un discoth\u00e8que d&#8217;Ibiza"}]},{"@type":"WebSite","@id":"https:\/\/stagpartynight.com\/fr\/#website","url":"https:\/\/stagpartynight.com\/fr\/","name":"Stag Party Night","description":"Your Stag Party Customized","publisher":{"@id":"https:\/\/stagpartynight.com\/fr\/#organization"},"potentialAction":[{"@type":"SearchAction","target":{"@type":"EntryPoint","urlTemplate":"https:\/\/stagpartynight.com\/fr\/?s={search_term_string}"},"query-input":{"@type":"PropertyValueSpecification","valueRequired":true,"valueName":"search_term_string"}}],"inLanguage":"en-GB"},{"@type":"Organization","@id":"https:\/\/stagpartynight.com\/fr\/#organization","name":"Stag Party Night","url":"https:\/\/stagpartynight.com\/fr\/","logo":{"@type":"ImageObject","inLanguage":"en-GB","@id":"https:\/\/stagpartynight.com\/fr\/#\/schema\/logo\/image\/","url":"https:\/\/stagpartynight.com\/fr\/wp-content\/uploads\/sites\/3\/2019\/12\/stagpartynight-e1578565505687.png","contentUrl":"https:\/\/stagpartynight.com\/fr\/wp-content\/uploads\/sites\/3\/2019\/12\/stagpartynight-e1578565505687.png","width":400,"height":400,"caption":"Stag Party Night"},"image":{"@id":"https:\/\/stagpartynight.com\/fr\/#\/schema\/logo\/image\/"}}]}},"_links":{"self":[{"href":"https:\/\/stagpartynight.com\/fr\/wp-json\/wp\/v2\/product\/274","targetHints":{"allow":["GET"]}}],"collection":[{"href":"https:\/\/stagpartynight.com\/fr\/wp-json\/wp\/v2\/product"}],"about":[{"href":"https:\/\/stagpartynight.com\/fr\/wp-json\/wp\/v2\/types\/product"}],"replies":[{"embeddable":true,"href":"https:\/\/stagpartynight.com\/fr\/wp-json\/wp\/v2\/comments?post=274"}],"wp:featuredmedia":[{"embeddable":true,"href":"https:\/\/stagpartynight.com\/fr\/wp-json\/wp\/v2\/media\/148"}],"wp:attachment":[{"href":"https:\/\/stagpartynight.com\/fr\/wp-json\/wp\/v2\/media?parent=274"}],"wp:term":[{"taxonomy":"product_brand","embeddable":true,"href":"https:\/\/stagpartynight.com\/fr\/wp-json\/wp\/v2\/product_brand?post=274"},{"taxonomy":"product_cat","embeddable":true,"href":"https:\/\/stagpartynight.com\/fr\/wp-json\/wp\/v2\/product_cat?post=274"},{"taxonomy":"product_tag","embeddable":true,"href":"https:\/\/stagpartynight.com\/fr\/wp-json\/wp\/v2\/product_tag?post=274"}],"curies":[{"name":"wp","href":"https:\/\/api.w.org\/{rel}","templated":true}]}}