{"id":2745,"date":"2024-01-02T10:30:29","date_gmt":"2024-01-02T09:30:29","guid":{"rendered":"https:\/\/stagpartynight.com\/fr\/?post_type=product&#038;p=2745"},"modified":"2024-01-18T12:25:39","modified_gmt":"2024-01-18T11:25:39","slug":"paddle-surf-sup-majorque","status":"publish","type":"product","link":"https:\/\/stagpartynight.com\/fr\/product\/paddle-surf-sup-majorque\/","title":{"rendered":"Paddle Surf SUP Majorque"},"content":{"rendered":"<p>Paddle Surf SUP Majorque. Profitez d&#8217;une heure de cette activit\u00e9 aquatique amusante \u00e0 Majorque.<\/p>\n<p>Les meilleurs enterrements de vie de gar\u00e7on fille avec <a href=\"https:\/\/stagpartynight.com\/\">Stagparty<\/a>!<\/p>\n<h2 style=\"text-align: center;\">Paddle Surf SUP Majorque\ud83c\udfc4\u200d\u2642\ufe0f<\/h2>\n<h4>\ud83c\udf1f D\u00e9couvrez le Paddle Surf \u00e0 Palma de Mallorca : Une Aventure Inoubliable !<\/h4>\n<p>Bienvenue \u00e0 l&#8217;aventure ultime sur les eaux cristallines de Palma de Mallorca !<\/p>\n<p>\ud83c\udf0a Embarquez avec nous pour une exp\u00e9rience de paddle surf exclusive, o\u00f9 vous et votre groupe pourrez explorer les magnifiques plages de la ville en toute libert\u00e9 pendant une heure enti\u00e8re.<\/p>\n<p>\ud83c\udfc4\u200d\u2642\ufe0f Embarquez sur nos planches spacieuses con\u00e7ues pour accueillir deux personnes, offrant une exp\u00e9rience de glisse unique et divertissante. Le paddle surf est la combinaison parfaite de plaisir et de sport, id\u00e9al pour tous les niveaux d&#8217;habilet\u00e9.<\/p>\n<p>Naviguez \u00e0 votre propre rythme, ressentez la brise marine caressant votre visage tout en admirant les paysages \u00e0 couper le souffle de la c\u00f4te de Palma. Notre location exclusive vous garantit une intimit\u00e9 totale, vous permettant de profiter de cette exp\u00e9rience aquatique avec vos amis ou votre famille, loin des foules. \ud83c\udf34<\/p>\n<p>R\u00e9servez d\u00e8s maintenant pour une aventure m\u00e9morable sous le soleil m\u00e9diterran\u00e9en. Faites l&#8217;exp\u00e9rience de la magie du paddle surf \u00e0 <a href=\"https:\/\/es.wikipedia.org\/wiki\/Palma_de_Mallorca\">Palma de Mallorc<\/a>a, o\u00f9 la mer, le soleil et le plaisir se rejoignent pour cr\u00e9er des souvenirs inoubliables. Vivez l&#8217;instant pr\u00e9sent et laissez-vous emporter par la beaut\u00e9 naturelle de cette destination paradisiaque. Appr\u00e9ciez le Paddle Surf SUP Majorque! A vos pagaies, pr\u00eats, partez ! \ud83c\udf1e\ud83c\udf0a<\/p>\n<p>&nbsp;<\/p>\n","protected":false},"excerpt":{"rendered":"<p>Paddle Surf SUP Majorque. Profitez d&#8217;une heure de cette activit\u00e9 aquatique amusante \u00e0 Majorque. Les meilleurs enterrements de vie de gar\u00e7on fille avec Stagparty! Paddle Surf SUP Majorque\ud83c\udfc4\u200d\u2642\ufe0f \ud83c\udf1f D\u00e9couvrez le Paddle Surf \u00e0 Palma de Mallorca : Une Aventure Inoubliable ! Bienvenue \u00e0 l&#8217;aventure ultime sur les eaux cristallines de Palma de Mallorca ! [&hellip;]<\/p>\n","protected":false},"featured_media":2746,"comment_status":"open","ping_status":"closed","template":"","meta":{"_et_pb_use_builder":"","_et_pb_old_content":"","_et_gb_content_width":""},"product_brand":[],"product_cat":[218,504],"product_tag":[],"class_list":{"0":"post-2745","1":"product","2":"type-product","3":"status-publish","4":"has-post-thumbnail","6":"product_cat-uncategorised","7":"product_cat-mallorca","9":"first","10":"instock","11":"shipping-taxable","12":"product-type-simple"},"yoast_head":"<!-- This site is optimized with the Yoast SEO plugin v26.4 - https:\/\/yoast.com\/wordpress\/plugins\/seo\/ -->\n<title>Paddle Surf SUP Majorque<\/title>\n<meta name=\"description\" content=\"Paddle Surf SUP Majorque. Profitez d&#039;une heure de cette activit\u00e9 aquatique amusante \u00e0 Majorque. Surf \u00e0 pagaie Majorque. Surf Palma.\" \/>\n<meta name=\"robots\" content=\"index, follow, max-snippet:-1, max-image-preview:large, max-video-preview:-1\" \/>\n<link rel=\"canonical\" href=\"https:\/\/stagpartynight.com\/fr\/product\/paddle-surf-sup-majorque\/\" \/>\n<meta property=\"og:locale\" content=\"en_GB\" \/>\n<meta property=\"og:type\" content=\"article\" \/>\n<meta property=\"og:title\" content=\"Paddle Surf SUP Majorque\" \/>\n<meta property=\"og:description\" content=\"Paddle Surf SUP Majorque. Profitez d&#039;une heure de cette activit\u00e9 aquatique amusante \u00e0 Majorque. Surf \u00e0 pagaie Majorque. Surf Palma.\" \/>\n<meta property=\"og:url\" content=\"https:\/\/stagpartynight.com\/fr\/product\/paddle-surf-sup-majorque\/\" \/>\n<meta property=\"og:site_name\" content=\"Nuit de f\u00eate de cerf\" \/>\n<meta property=\"article:modified_time\" content=\"2024-01-18T11:25:39+00:00\" \/>\n<meta property=\"og:image\" content=\"https:\/\/stagpartynight.com\/fr\/wp-content\/uploads\/sites\/3\/2024\/01\/Paddle-Surf-SUP-Majorque.png\" \/>\n\t<meta property=\"og:image:width\" content=\"520\" \/>\n\t<meta property=\"og:image:height\" content=\"320\" \/>\n\t<meta property=\"og:image:type\" content=\"image\/png\" \/>\n<meta name=\"twitter:card\" content=\"summary_large_image\" \/>\n<meta name=\"twitter:label1\" content=\"Estimated reading time\" \/>\n\t<meta name=\"twitter:data1\" content=\"2 minutes\" \/>\n<script type=\"application\/ld+json\" class=\"yoast-schema-graph\">{\"@context\":\"https:\/\/schema.org\",\"@graph\":[{\"@type\":\"WebPage\",\"@id\":\"https:\/\/stagpartynight.com\/fr\/product\/paddle-surf-sup-majorque\/\",\"url\":\"https:\/\/stagpartynight.com\/fr\/product\/paddle-surf-sup-majorque\/\",\"name\":\"Paddle Surf SUP Majorque\",\"isPartOf\":{\"@id\":\"https:\/\/stagpartynight.com\/fr\/#website\"},\"primaryImageOfPage\":{\"@id\":\"https:\/\/stagpartynight.com\/fr\/product\/paddle-surf-sup-majorque\/#primaryimage\"},\"image\":{\"@id\":\"https:\/\/stagpartynight.com\/fr\/product\/paddle-surf-sup-majorque\/#primaryimage\"},\"thumbnailUrl\":\"https:\/\/stagpartynight.com\/fr\/wp-content\/uploads\/sites\/3\/2024\/01\/Paddle-Surf-SUP-Majorque.png\",\"datePublished\":\"2024-01-02T09:30:29+00:00\",\"dateModified\":\"2024-01-18T11:25:39+00:00\",\"description\":\"Paddle Surf SUP Majorque. Profitez d'une heure de cette activit\u00e9 aquatique amusante \u00e0 Majorque. Surf \u00e0 pagaie Majorque. Surf Palma.\",\"breadcrumb\":{\"@id\":\"https:\/\/stagpartynight.com\/fr\/product\/paddle-surf-sup-majorque\/#breadcrumb\"},\"inLanguage\":\"en-GB\",\"potentialAction\":[{\"@type\":\"ReadAction\",\"target\":[\"https:\/\/stagpartynight.com\/fr\/product\/paddle-surf-sup-majorque\/\"]}]},{\"@type\":\"ImageObject\",\"inLanguage\":\"en-GB\",\"@id\":\"https:\/\/stagpartynight.com\/fr\/product\/paddle-surf-sup-majorque\/#primaryimage\",\"url\":\"https:\/\/stagpartynight.com\/fr\/wp-content\/uploads\/sites\/3\/2024\/01\/Paddle-Surf-SUP-Majorque.png\",\"contentUrl\":\"https:\/\/stagpartynight.com\/fr\/wp-content\/uploads\/sites\/3\/2024\/01\/Paddle-Surf-SUP-Majorque.png\",\"width\":520,\"height\":320,\"caption\":\"Paddle Surf SUP Majorque\"},{\"@type\":\"BreadcrumbList\",\"@id\":\"https:\/\/stagpartynight.com\/fr\/product\/paddle-surf-sup-majorque\/#breadcrumb\",\"itemListElement\":[{\"@type\":\"ListItem\",\"position\":1,\"name\":\"Home\",\"item\":\"https:\/\/stagpartynight.com\/fr\/\"},{\"@type\":\"ListItem\",\"position\":2,\"name\":\"Tienda\",\"item\":\"https:\/\/stagpartynight.com\/fr\/tienda\/\"},{\"@type\":\"ListItem\",\"position\":3,\"name\":\"Paddle Surf SUP Majorque\"}]},{\"@type\":\"WebSite\",\"@id\":\"https:\/\/stagpartynight.com\/fr\/#website\",\"url\":\"https:\/\/stagpartynight.com\/fr\/\",\"name\":\"Stag Party Night\",\"description\":\"Your Stag Party Customized\",\"publisher\":{\"@id\":\"https:\/\/stagpartynight.com\/fr\/#organization\"},\"potentialAction\":[{\"@type\":\"SearchAction\",\"target\":{\"@type\":\"EntryPoint\",\"urlTemplate\":\"https:\/\/stagpartynight.com\/fr\/?s={search_term_string}\"},\"query-input\":{\"@type\":\"PropertyValueSpecification\",\"valueRequired\":true,\"valueName\":\"search_term_string\"}}],\"inLanguage\":\"en-GB\"},{\"@type\":\"Organization\",\"@id\":\"https:\/\/stagpartynight.com\/fr\/#organization\",\"name\":\"Stag Party Night\",\"url\":\"https:\/\/stagpartynight.com\/fr\/\",\"logo\":{\"@type\":\"ImageObject\",\"inLanguage\":\"en-GB\",\"@id\":\"https:\/\/stagpartynight.com\/fr\/#\/schema\/logo\/image\/\",\"url\":\"https:\/\/stagpartynight.com\/fr\/wp-content\/uploads\/sites\/3\/2019\/12\/stagpartynight-e1578565505687.png\",\"contentUrl\":\"https:\/\/stagpartynight.com\/fr\/wp-content\/uploads\/sites\/3\/2019\/12\/stagpartynight-e1578565505687.png\",\"width\":400,\"height\":400,\"caption\":\"Stag Party Night\"},\"image\":{\"@id\":\"https:\/\/stagpartynight.com\/fr\/#\/schema\/logo\/image\/\"}}]}<\/script>\n<!-- \/ Yoast SEO plugin. -->","yoast_head_json":{"title":"Paddle Surf SUP Majorque","description":"Paddle Surf SUP Majorque. Profitez d'une heure de cette activit\u00e9 aquatique amusante \u00e0 Majorque. Surf \u00e0 pagaie Majorque. Surf Palma.","robots":{"index":"index","follow":"follow","max-snippet":"max-snippet:-1","max-image-preview":"max-image-preview:large","max-video-preview":"max-video-preview:-1"},"canonical":"https:\/\/stagpartynight.com\/fr\/product\/paddle-surf-sup-majorque\/","og_locale":"en_GB","og_type":"article","og_title":"Paddle Surf SUP Majorque","og_description":"Paddle Surf SUP Majorque. Profitez d'une heure de cette activit\u00e9 aquatique amusante \u00e0 Majorque. Surf \u00e0 pagaie Majorque. Surf Palma.","og_url":"https:\/\/stagpartynight.com\/fr\/product\/paddle-surf-sup-majorque\/","og_site_name":"Nuit de f\u00eate de cerf","article_modified_time":"2024-01-18T11:25:39+00:00","og_image":[{"width":520,"height":320,"url":"https:\/\/stagpartynight.com\/fr\/wp-content\/uploads\/sites\/3\/2024\/01\/Paddle-Surf-SUP-Majorque.png","type":"image\/png"}],"twitter_card":"summary_large_image","twitter_misc":{"Estimated reading time":"2 minutes"},"schema":{"@context":"https:\/\/schema.org","@graph":[{"@type":"WebPage","@id":"https:\/\/stagpartynight.com\/fr\/product\/paddle-surf-sup-majorque\/","url":"https:\/\/stagpartynight.com\/fr\/product\/paddle-surf-sup-majorque\/","name":"Paddle Surf SUP Majorque","isPartOf":{"@id":"https:\/\/stagpartynight.com\/fr\/#website"},"primaryImageOfPage":{"@id":"https:\/\/stagpartynight.com\/fr\/product\/paddle-surf-sup-majorque\/#primaryimage"},"image":{"@id":"https:\/\/stagpartynight.com\/fr\/product\/paddle-surf-sup-majorque\/#primaryimage"},"thumbnailUrl":"https:\/\/stagpartynight.com\/fr\/wp-content\/uploads\/sites\/3\/2024\/01\/Paddle-Surf-SUP-Majorque.png","datePublished":"2024-01-02T09:30:29+00:00","dateModified":"2024-01-18T11:25:39+00:00","description":"Paddle Surf SUP Majorque. Profitez d'une heure de cette activit\u00e9 aquatique amusante \u00e0 Majorque. Surf \u00e0 pagaie Majorque. Surf Palma.","breadcrumb":{"@id":"https:\/\/stagpartynight.com\/fr\/product\/paddle-surf-sup-majorque\/#breadcrumb"},"inLanguage":"en-GB","potentialAction":[{"@type":"ReadAction","target":["https:\/\/stagpartynight.com\/fr\/product\/paddle-surf-sup-majorque\/"]}]},{"@type":"ImageObject","inLanguage":"en-GB","@id":"https:\/\/stagpartynight.com\/fr\/product\/paddle-surf-sup-majorque\/#primaryimage","url":"https:\/\/stagpartynight.com\/fr\/wp-content\/uploads\/sites\/3\/2024\/01\/Paddle-Surf-SUP-Majorque.png","contentUrl":"https:\/\/stagpartynight.com\/fr\/wp-content\/uploads\/sites\/3\/2024\/01\/Paddle-Surf-SUP-Majorque.png","width":520,"height":320,"caption":"Paddle Surf SUP Majorque"},{"@type":"BreadcrumbList","@id":"https:\/\/stagpartynight.com\/fr\/product\/paddle-surf-sup-majorque\/#breadcrumb","itemListElement":[{"@type":"ListItem","position":1,"name":"Home","item":"https:\/\/stagpartynight.com\/fr\/"},{"@type":"ListItem","position":2,"name":"Tienda","item":"https:\/\/stagpartynight.com\/fr\/tienda\/"},{"@type":"ListItem","position":3,"name":"Paddle Surf SUP Majorque"}]},{"@type":"WebSite","@id":"https:\/\/stagpartynight.com\/fr\/#website","url":"https:\/\/stagpartynight.com\/fr\/","name":"Stag Party Night","description":"Your Stag Party Customized","publisher":{"@id":"https:\/\/stagpartynight.com\/fr\/#organization"},"potentialAction":[{"@type":"SearchAction","target":{"@type":"EntryPoint","urlTemplate":"https:\/\/stagpartynight.com\/fr\/?s={search_term_string}"},"query-input":{"@type":"PropertyValueSpecification","valueRequired":true,"valueName":"search_term_string"}}],"inLanguage":"en-GB"},{"@type":"Organization","@id":"https:\/\/stagpartynight.com\/fr\/#organization","name":"Stag Party Night","url":"https:\/\/stagpartynight.com\/fr\/","logo":{"@type":"ImageObject","inLanguage":"en-GB","@id":"https:\/\/stagpartynight.com\/fr\/#\/schema\/logo\/image\/","url":"https:\/\/stagpartynight.com\/fr\/wp-content\/uploads\/sites\/3\/2019\/12\/stagpartynight-e1578565505687.png","contentUrl":"https:\/\/stagpartynight.com\/fr\/wp-content\/uploads\/sites\/3\/2019\/12\/stagpartynight-e1578565505687.png","width":400,"height":400,"caption":"Stag Party Night"},"image":{"@id":"https:\/\/stagpartynight.com\/fr\/#\/schema\/logo\/image\/"}}]}},"_links":{"self":[{"href":"https:\/\/stagpartynight.com\/fr\/wp-json\/wp\/v2\/product\/2745","targetHints":{"allow":["GET"]}}],"collection":[{"href":"https:\/\/stagpartynight.com\/fr\/wp-json\/wp\/v2\/product"}],"about":[{"href":"https:\/\/stagpartynight.com\/fr\/wp-json\/wp\/v2\/types\/product"}],"replies":[{"embeddable":true,"href":"https:\/\/stagpartynight.com\/fr\/wp-json\/wp\/v2\/comments?post=2745"}],"wp:featuredmedia":[{"embeddable":true,"href":"https:\/\/stagpartynight.com\/fr\/wp-json\/wp\/v2\/media\/2746"}],"wp:attachment":[{"href":"https:\/\/stagpartynight.com\/fr\/wp-json\/wp\/v2\/media?parent=2745"}],"wp:term":[{"taxonomy":"product_brand","embeddable":true,"href":"https:\/\/stagpartynight.com\/fr\/wp-json\/wp\/v2\/product_brand?post=2745"},{"taxonomy":"product_cat","embeddable":true,"href":"https:\/\/stagpartynight.com\/fr\/wp-json\/wp\/v2\/product_cat?post=2745"},{"taxonomy":"product_tag","embeddable":true,"href":"https:\/\/stagpartynight.com\/fr\/wp-json\/wp\/v2\/product_tag?post=2745"}],"curies":[{"name":"wp","href":"https:\/\/api.w.org\/{rel}","templated":true}]}}