{"id":2749,"date":"2024-01-02T10:48:40","date_gmt":"2024-01-02T09:48:40","guid":{"rendered":"https:\/\/stagpartynight.com\/fr\/?post_type=product&#038;p=2749"},"modified":"2024-01-18T12:25:38","modified_gmt":"2024-01-18T11:25:38","slug":"conduire-un-quad-majorque","status":"publish","type":"product","link":"https:\/\/stagpartynight.com\/fr\/product\/conduire-un-quad-majorque\/","title":{"rendered":"Conduire un Quad Majorque"},"content":{"rendered":"<p>Conduire un Quad Majorque. Quatre heures de conduite et de quad autour de Cala Millor.<\/p>\n<p>Les meilleurs enterrements de vie de gar\u00e7on avec <a href=\"https:\/\/stagpartynight.com\/\">Stagparty<\/a>!<\/p>\n<h2 style=\"text-align: center;\">Conduire un Quad Majorque\ud83c\udfcd\ufe0f<\/h2>\n<h4>\ud83c\udfcd\ufe0f <strong>Vive l&#8217;Aventure en Quad : Explorez Cala Millor avec Style !<\/strong> \ud83c\udf1f<\/h4>\n<p>Pr\u00e9parez-vous \u00e0 une aventure palpitante avec notre excursion en quad de quatre heures au d\u00e9part de Cala Millor !<\/p>\n<p>\ud83c\udfde\ufe0f Montez \u00e0 bord de votre quad tout-terrain. Plongez dans une exp\u00e9rience unique au c\u0153ur des paysages magnifiques de Majorque.<\/p>\n<p>Votre aventure d\u00e9marre avec la prise en main de votre quad, pr\u00eat \u00e0 d\u00e9fier les routes sinueuses et les sentiers captivants de Cala Millor. Notre formule compl\u00e8te inclut tout l&#8217;\u00e9quipement n\u00e9cessaire, garantissant une exp\u00e9rience sans tracas. Casques, lunettes de protection et briefing d\u00e9taill\u00e9 : nous vous assurons une pr\u00e9paration optimale pour l&#8217;action. \ud83d\uded1\ud83d\udd27<\/p>\n<p>Pendant quatre heures, explorez les coins les plus secrets de l&#8217;\u00eele, d\u00e9couvrez des vues \u00e0 couper le souffle et ressentez l&#8217;adr\u00e9naline de la conduite en quad \u00e0 travers des paysages vari\u00e9s. Notre itin\u00e9raire soigneusement planifi\u00e9 offre une diversit\u00e9 de terrains, des plages scintillantes aux sentiers montagneux, cr\u00e9ant une aventure parfaite entre sensations fortes et exploration. \ud83c\udf05\ud83c\udfde\ufe0f<\/p>\n<p>Rejoignez-nous pour une exp\u00e9rience en quad inoubliable, m\u00ealant aventure, exploration et paysages spectaculaires. R\u00e9servez d\u00e8s maintenant et pr\u00e9parez-vous \u00e0 vivre une aventure passionnante \u00e0<a href=\"https:\/\/es.wikipedia.org\/wiki\/Cala_Millor\"> Cala Millor<\/a> ! \ud83c\udf1e\ud83c\udfcd\ufe0f<\/p>\n<p>R\u00e9servez d\u00e8s maintenant, conduire un Quad Majorque!<\/p>\n<p>&nbsp;<\/p>\n","protected":false},"excerpt":{"rendered":"<p>Conduire un Quad Majorque. Quatre heures de conduite et de quad autour de Cala Millor. Les meilleurs enterrements de vie de gar\u00e7on avec Stagparty! Conduire un Quad Majorque\ud83c\udfcd\ufe0f \ud83c\udfcd\ufe0f Vive l&#8217;Aventure en Quad : Explorez Cala Millor avec Style ! \ud83c\udf1f Pr\u00e9parez-vous \u00e0 une aventure palpitante avec notre excursion en quad de quatre heures au [&hellip;]<\/p>\n","protected":false},"featured_media":2750,"comment_status":"open","ping_status":"closed","template":"","meta":{"_et_pb_use_builder":"","_et_pb_old_content":"","_et_gb_content_width":""},"product_brand":[],"product_cat":[504,218],"product_tag":[],"class_list":{"0":"post-2749","1":"product","2":"type-product","3":"status-publish","4":"has-post-thumbnail","6":"product_cat-mallorca","7":"product_cat-uncategorised","9":"first","10":"instock","11":"shipping-taxable","12":"product-type-simple"},"yoast_head":"<!-- This site is optimized with the Yoast SEO Premium plugin v27.5 (Yoast SEO v27.5) - https:\/\/yoast.com\/product\/yoast-seo-premium-wordpress\/ -->\n<title>Conduire un Quad Majorque<\/title>\n<meta name=\"description\" content=\"Conduire un Quad Majorque. Quatre heures de conduite et de quad autour de Cala Millor. Quad \u00e0 Majorque. Quad \u00e0 Mallorca. Spagne.\" \/>\n<meta name=\"robots\" content=\"index, follow, max-snippet:-1, max-image-preview:large, max-video-preview:-1\" \/>\n<link rel=\"canonical\" href=\"https:\/\/stagpartynight.com\/fr\/product\/conduire-un-quad-majorque\/\" \/>\n<meta property=\"og:locale\" content=\"en_GB\" \/>\n<meta property=\"og:type\" content=\"article\" \/>\n<meta property=\"og:title\" content=\"Conduire un Quad Majorque\" \/>\n<meta property=\"og:description\" content=\"Conduire un Quad Majorque. Quatre heures de conduite et de quad autour de Cala Millor. Quad \u00e0 Majorque. Quad \u00e0 Mallorca. Spagne.\" \/>\n<meta property=\"og:url\" content=\"https:\/\/stagpartynight.com\/fr\/product\/conduire-un-quad-majorque\/\" \/>\n<meta property=\"og:site_name\" content=\"Nuit de f\u00eate de cerf\" \/>\n<meta property=\"article:modified_time\" content=\"2024-01-18T11:25:38+00:00\" \/>\n<meta property=\"og:image\" content=\"https:\/\/stagpartynight.com\/fr\/wp-content\/uploads\/sites\/3\/2024\/01\/Conduire-un-Quad-Majorque.jpg\" \/>\n\t<meta property=\"og:image:width\" content=\"1280\" \/>\n\t<meta property=\"og:image:height\" content=\"1916\" \/>\n\t<meta property=\"og:image:type\" content=\"image\/jpeg\" \/>\n<meta name=\"twitter:card\" content=\"summary_large_image\" \/>\n<meta name=\"twitter:label1\" content=\"Estimated reading time\" \/>\n\t<meta name=\"twitter:data1\" content=\"1 minute\" \/>\n<script type=\"application\/ld+json\" class=\"yoast-schema-graph\">{\"@context\":\"https:\\\/\\\/schema.org\",\"@graph\":[{\"@type\":\"WebPage\",\"@id\":\"https:\\\/\\\/stagpartynight.com\\\/fr\\\/product\\\/conduire-un-quad-majorque\\\/\",\"url\":\"https:\\\/\\\/stagpartynight.com\\\/fr\\\/product\\\/conduire-un-quad-majorque\\\/\",\"name\":\"Conduire un Quad Majorque\",\"isPartOf\":{\"@id\":\"https:\\\/\\\/stagpartynight.com\\\/fr\\\/#website\"},\"primaryImageOfPage\":{\"@id\":\"https:\\\/\\\/stagpartynight.com\\\/fr\\\/product\\\/conduire-un-quad-majorque\\\/#primaryimage\"},\"image\":{\"@id\":\"https:\\\/\\\/stagpartynight.com\\\/fr\\\/product\\\/conduire-un-quad-majorque\\\/#primaryimage\"},\"thumbnailUrl\":\"https:\\\/\\\/stagpartynight.com\\\/fr\\\/wp-content\\\/uploads\\\/sites\\\/3\\\/2024\\\/01\\\/Conduire-un-Quad-Majorque.jpg\",\"datePublished\":\"2024-01-02T09:48:40+00:00\",\"dateModified\":\"2024-01-18T11:25:38+00:00\",\"description\":\"Conduire un Quad Majorque. Quatre heures de conduite et de quad autour de Cala Millor. Quad \u00e0 Majorque. Quad \u00e0 Mallorca. Spagne.\",\"breadcrumb\":{\"@id\":\"https:\\\/\\\/stagpartynight.com\\\/fr\\\/product\\\/conduire-un-quad-majorque\\\/#breadcrumb\"},\"inLanguage\":\"en-GB\",\"potentialAction\":[{\"@type\":\"ReadAction\",\"target\":[\"https:\\\/\\\/stagpartynight.com\\\/fr\\\/product\\\/conduire-un-quad-majorque\\\/\"]}]},{\"@type\":\"ImageObject\",\"inLanguage\":\"en-GB\",\"@id\":\"https:\\\/\\\/stagpartynight.com\\\/fr\\\/product\\\/conduire-un-quad-majorque\\\/#primaryimage\",\"url\":\"https:\\\/\\\/stagpartynight.com\\\/fr\\\/wp-content\\\/uploads\\\/sites\\\/3\\\/2024\\\/01\\\/Conduire-un-Quad-Majorque.jpg\",\"contentUrl\":\"https:\\\/\\\/stagpartynight.com\\\/fr\\\/wp-content\\\/uploads\\\/sites\\\/3\\\/2024\\\/01\\\/Conduire-un-Quad-Majorque.jpg\",\"width\":1280,\"height\":1916,\"caption\":\"Conduire un Quad Majorque\"},{\"@type\":\"BreadcrumbList\",\"@id\":\"https:\\\/\\\/stagpartynight.com\\\/fr\\\/product\\\/conduire-un-quad-majorque\\\/#breadcrumb\",\"itemListElement\":[{\"@type\":\"ListItem\",\"position\":1,\"name\":\"Home\",\"item\":\"https:\\\/\\\/stagpartynight.com\\\/fr\\\/\"},{\"@type\":\"ListItem\",\"position\":2,\"name\":\"Tienda\",\"item\":\"https:\\\/\\\/stagpartynight.com\\\/fr\\\/tienda\\\/\"},{\"@type\":\"ListItem\",\"position\":3,\"name\":\"Conduire un Quad Majorque\"}]},{\"@type\":\"WebSite\",\"@id\":\"https:\\\/\\\/stagpartynight.com\\\/fr\\\/#website\",\"url\":\"https:\\\/\\\/stagpartynight.com\\\/fr\\\/\",\"name\":\"Stag Party Night\",\"description\":\"Your Stag Party Customized\",\"publisher\":{\"@id\":\"https:\\\/\\\/stagpartynight.com\\\/fr\\\/#organization\"},\"potentialAction\":[{\"@type\":\"SearchAction\",\"target\":{\"@type\":\"EntryPoint\",\"urlTemplate\":\"https:\\\/\\\/stagpartynight.com\\\/fr\\\/?s={search_term_string}\"},\"query-input\":{\"@type\":\"PropertyValueSpecification\",\"valueRequired\":true,\"valueName\":\"search_term_string\"}}],\"inLanguage\":\"en-GB\"},{\"@type\":\"Organization\",\"@id\":\"https:\\\/\\\/stagpartynight.com\\\/fr\\\/#organization\",\"name\":\"Stag Party Night\",\"url\":\"https:\\\/\\\/stagpartynight.com\\\/fr\\\/\",\"logo\":{\"@type\":\"ImageObject\",\"inLanguage\":\"en-GB\",\"@id\":\"https:\\\/\\\/stagpartynight.com\\\/fr\\\/#\\\/schema\\\/logo\\\/image\\\/\",\"url\":\"https:\\\/\\\/stagpartynight.com\\\/fr\\\/wp-content\\\/uploads\\\/sites\\\/3\\\/2019\\\/12\\\/stagpartynight-e1578565505687.png\",\"contentUrl\":\"https:\\\/\\\/stagpartynight.com\\\/fr\\\/wp-content\\\/uploads\\\/sites\\\/3\\\/2019\\\/12\\\/stagpartynight-e1578565505687.png\",\"width\":400,\"height\":400,\"caption\":\"Stag Party Night\"},\"image\":{\"@id\":\"https:\\\/\\\/stagpartynight.com\\\/fr\\\/#\\\/schema\\\/logo\\\/image\\\/\"}}]}<\/script>\n<!-- \/ Yoast SEO Premium plugin. -->","yoast_head_json":{"title":"Conduire un Quad Majorque","description":"Conduire un Quad Majorque. Quatre heures de conduite et de quad autour de Cala Millor. Quad \u00e0 Majorque. Quad \u00e0 Mallorca. Spagne.","robots":{"index":"index","follow":"follow","max-snippet":"max-snippet:-1","max-image-preview":"max-image-preview:large","max-video-preview":"max-video-preview:-1"},"canonical":"https:\/\/stagpartynight.com\/fr\/product\/conduire-un-quad-majorque\/","og_locale":"en_GB","og_type":"article","og_title":"Conduire un Quad Majorque","og_description":"Conduire un Quad Majorque. Quatre heures de conduite et de quad autour de Cala Millor. Quad \u00e0 Majorque. Quad \u00e0 Mallorca. Spagne.","og_url":"https:\/\/stagpartynight.com\/fr\/product\/conduire-un-quad-majorque\/","og_site_name":"Nuit de f\u00eate de cerf","article_modified_time":"2024-01-18T11:25:38+00:00","og_image":[{"width":1280,"height":1916,"url":"https:\/\/stagpartynight.com\/fr\/wp-content\/uploads\/sites\/3\/2024\/01\/Conduire-un-Quad-Majorque.jpg","type":"image\/jpeg"}],"twitter_card":"summary_large_image","twitter_misc":{"Estimated reading time":"1 minute"},"schema":{"@context":"https:\/\/schema.org","@graph":[{"@type":"WebPage","@id":"https:\/\/stagpartynight.com\/fr\/product\/conduire-un-quad-majorque\/","url":"https:\/\/stagpartynight.com\/fr\/product\/conduire-un-quad-majorque\/","name":"Conduire un Quad Majorque","isPartOf":{"@id":"https:\/\/stagpartynight.com\/fr\/#website"},"primaryImageOfPage":{"@id":"https:\/\/stagpartynight.com\/fr\/product\/conduire-un-quad-majorque\/#primaryimage"},"image":{"@id":"https:\/\/stagpartynight.com\/fr\/product\/conduire-un-quad-majorque\/#primaryimage"},"thumbnailUrl":"https:\/\/stagpartynight.com\/fr\/wp-content\/uploads\/sites\/3\/2024\/01\/Conduire-un-Quad-Majorque.jpg","datePublished":"2024-01-02T09:48:40+00:00","dateModified":"2024-01-18T11:25:38+00:00","description":"Conduire un Quad Majorque. Quatre heures de conduite et de quad autour de Cala Millor. Quad \u00e0 Majorque. Quad \u00e0 Mallorca. Spagne.","breadcrumb":{"@id":"https:\/\/stagpartynight.com\/fr\/product\/conduire-un-quad-majorque\/#breadcrumb"},"inLanguage":"en-GB","potentialAction":[{"@type":"ReadAction","target":["https:\/\/stagpartynight.com\/fr\/product\/conduire-un-quad-majorque\/"]}]},{"@type":"ImageObject","inLanguage":"en-GB","@id":"https:\/\/stagpartynight.com\/fr\/product\/conduire-un-quad-majorque\/#primaryimage","url":"https:\/\/stagpartynight.com\/fr\/wp-content\/uploads\/sites\/3\/2024\/01\/Conduire-un-Quad-Majorque.jpg","contentUrl":"https:\/\/stagpartynight.com\/fr\/wp-content\/uploads\/sites\/3\/2024\/01\/Conduire-un-Quad-Majorque.jpg","width":1280,"height":1916,"caption":"Conduire un Quad Majorque"},{"@type":"BreadcrumbList","@id":"https:\/\/stagpartynight.com\/fr\/product\/conduire-un-quad-majorque\/#breadcrumb","itemListElement":[{"@type":"ListItem","position":1,"name":"Home","item":"https:\/\/stagpartynight.com\/fr\/"},{"@type":"ListItem","position":2,"name":"Tienda","item":"https:\/\/stagpartynight.com\/fr\/tienda\/"},{"@type":"ListItem","position":3,"name":"Conduire un Quad Majorque"}]},{"@type":"WebSite","@id":"https:\/\/stagpartynight.com\/fr\/#website","url":"https:\/\/stagpartynight.com\/fr\/","name":"Stag Party Night","description":"Your Stag Party Customized","publisher":{"@id":"https:\/\/stagpartynight.com\/fr\/#organization"},"potentialAction":[{"@type":"SearchAction","target":{"@type":"EntryPoint","urlTemplate":"https:\/\/stagpartynight.com\/fr\/?s={search_term_string}"},"query-input":{"@type":"PropertyValueSpecification","valueRequired":true,"valueName":"search_term_string"}}],"inLanguage":"en-GB"},{"@type":"Organization","@id":"https:\/\/stagpartynight.com\/fr\/#organization","name":"Stag Party Night","url":"https:\/\/stagpartynight.com\/fr\/","logo":{"@type":"ImageObject","inLanguage":"en-GB","@id":"https:\/\/stagpartynight.com\/fr\/#\/schema\/logo\/image\/","url":"https:\/\/stagpartynight.com\/fr\/wp-content\/uploads\/sites\/3\/2019\/12\/stagpartynight-e1578565505687.png","contentUrl":"https:\/\/stagpartynight.com\/fr\/wp-content\/uploads\/sites\/3\/2019\/12\/stagpartynight-e1578565505687.png","width":400,"height":400,"caption":"Stag Party Night"},"image":{"@id":"https:\/\/stagpartynight.com\/fr\/#\/schema\/logo\/image\/"}}]}},"_links":{"self":[{"href":"https:\/\/stagpartynight.com\/fr\/wp-json\/wp\/v2\/product\/2749","targetHints":{"allow":["GET"]}}],"collection":[{"href":"https:\/\/stagpartynight.com\/fr\/wp-json\/wp\/v2\/product"}],"about":[{"href":"https:\/\/stagpartynight.com\/fr\/wp-json\/wp\/v2\/types\/product"}],"replies":[{"embeddable":true,"href":"https:\/\/stagpartynight.com\/fr\/wp-json\/wp\/v2\/comments?post=2749"}],"wp:featuredmedia":[{"embeddable":true,"href":"https:\/\/stagpartynight.com\/fr\/wp-json\/wp\/v2\/media\/2750"}],"wp:attachment":[{"href":"https:\/\/stagpartynight.com\/fr\/wp-json\/wp\/v2\/media?parent=2749"}],"wp:term":[{"taxonomy":"product_brand","embeddable":true,"href":"https:\/\/stagpartynight.com\/fr\/wp-json\/wp\/v2\/product_brand?post=2749"},{"taxonomy":"product_cat","embeddable":true,"href":"https:\/\/stagpartynight.com\/fr\/wp-json\/wp\/v2\/product_cat?post=2749"},{"taxonomy":"product_tag","embeddable":true,"href":"https:\/\/stagpartynight.com\/fr\/wp-json\/wp\/v2\/product_tag?post=2749"}],"curies":[{"name":"wp","href":"https:\/\/api.w.org\/{rel}","templated":true}]}}