{"id":2751,"date":"2024-01-02T10:58:37","date_gmt":"2024-01-02T09:58:37","guid":{"rendered":"https:\/\/stagpartynight.com\/fr\/?post_type=product&#038;p=2751"},"modified":"2024-01-18T12:25:37","modified_gmt":"2024-01-18T11:25:37","slug":"conduire-un-jeep-majorque","status":"publish","type":"product","link":"https:\/\/stagpartynight.com\/fr\/product\/conduire-un-jeep-majorque\/","title":{"rendered":"Conduire un Jeep Majorque"},"content":{"rendered":"<p>Conduire un Jeep Majorque. Profitez d&#8217;une excursion de quatre heures en Jeep \u00e0 Majorque.<\/p>\n<p>Les meilleurs enterrements de vie de gar\u00e7on avec <a href=\"https:\/\/stagpartynight.com\/\">Stagparty<\/a><\/p>\n<h2 style=\"text-align: center;\">Conduire un Jeep Majorque<\/h2>\n<h4>\ud83d\ude99 <strong>Explorez Cala Millor en Jeep : Une Aventure Tout-Terrain Inoubliable !<\/strong> \ud83c\udf1f<\/h4>\n<p>Pr\u00e9parez-vous \u00e0 une aventure inoubliable avec notre excursion en Jeep de quatre heures au d\u00e9part de Cala Millor !<\/p>\n<p>\ud83c\udfde\ufe0f Montez \u00e0 bord de votre Jeep tout-terrain et plongez dans une exp\u00e9rience unique au c\u0153ur des paysages magnifiques de Majorque.<\/p>\n<p>Votre aventure d\u00e9bute avec la prise en main de votre Jeep, pr\u00eate \u00e0 conqu\u00e9rir les routes sinueuses et les sentiers captivants de Cala Millor. Notre formule compl\u00e8te inclut tout l&#8217;\u00e9quipement n\u00e9cessaire, garantissant une exp\u00e9rience sans tracas. Casques, briefing d\u00e9taill\u00e9 et tout ce dont vous avez besoin pour une aventure tout-terrain r\u00e9ussie. \ud83c\udf04\ud83d\uddfa\ufe0f<\/p>\n<p>Pendant quatre heures, explorez les coins les plus secrets de l&#8217;\u00eele! D\u00e9couvrez des vues \u00e0 couper le souffle et ressentez l&#8217;excitation de conduire un Jeep \u00e0 travers des paysages vari\u00e9s. Notre itin\u00e9raire soigneusement planifi\u00e9 offre une diversit\u00e9 de terrains, des plages scintillantes aux sentiers montagneux, cr\u00e9ant une aventure parfaite entre sensations fortes et exploration. \ud83c\udfdc\ufe0f\ud83d\ude99<\/p>\n<p>Rejoignez-nous pour une exp\u00e9rience en Jeep inoubliable, m\u00ealant aventure, exploration et paysages spectaculaires. R\u00e9servez d\u00e8s maintenant et pr\u00e9parez-vous \u00e0 vivre une aventure passionnante \u00e0 <a href=\"https:\/\/es.wikipedia.org\/wiki\/Cala_Millor\">Cala Millor<\/a> ! \ud83c\udf1e\ud83d\ude99<\/p>\n<p>&nbsp;<\/p>\n<p>&nbsp;<\/p>\n","protected":false},"excerpt":{"rendered":"<p>Conduire un Jeep Majorque. Profitez d&#8217;une excursion de quatre heures en Jeep \u00e0 Majorque. Les meilleurs enterrements de vie de gar\u00e7on avec Stagparty Conduire un Jeep Majorque \ud83d\ude99 Explorez Cala Millor en Jeep : Une Aventure Tout-Terrain Inoubliable ! \ud83c\udf1f Pr\u00e9parez-vous \u00e0 une aventure inoubliable avec notre excursion en Jeep de quatre heures au d\u00e9part [&hellip;]<\/p>\n","protected":false},"featured_media":2799,"comment_status":"open","ping_status":"closed","template":"","meta":{"_et_pb_use_builder":"","_et_pb_old_content":"","_et_gb_content_width":""},"product_brand":[],"product_cat":[218,504],"product_tag":[],"class_list":{"0":"post-2751","1":"product","2":"type-product","3":"status-publish","4":"has-post-thumbnail","6":"product_cat-uncategorised","7":"product_cat-mallorca","9":"first","10":"instock","11":"shipping-taxable","12":"product-type-simple"},"yoast_head":"<!-- This site is optimized with the Yoast SEO plugin v26.4 - https:\/\/yoast.com\/wordpress\/plugins\/seo\/ -->\n<title>Conduire un Jeep Majorque<\/title>\n<meta name=\"description\" content=\"Conduire un Jeep Majorque. Profitez d&#039;une excursion de quatre heures en Jeep \u00e0 Majorque.\u00a0Jeep Tour Mallorca. Jeep Majorque.\" \/>\n<meta name=\"robots\" content=\"index, follow, max-snippet:-1, max-image-preview:large, max-video-preview:-1\" \/>\n<link rel=\"canonical\" href=\"https:\/\/stagpartynight.com\/fr\/product\/conduire-un-jeep-majorque\/\" \/>\n<meta property=\"og:locale\" content=\"en_GB\" \/>\n<meta property=\"og:type\" content=\"article\" \/>\n<meta property=\"og:title\" content=\"Conduire un Jeep Majorque\" \/>\n<meta property=\"og:description\" content=\"Conduire un Jeep Majorque. Profitez d&#039;une excursion de quatre heures en Jeep \u00e0 Majorque.\u00a0Jeep Tour Mallorca. Jeep Majorque.\" \/>\n<meta property=\"og:url\" content=\"https:\/\/stagpartynight.com\/fr\/product\/conduire-un-jeep-majorque\/\" \/>\n<meta property=\"og:site_name\" content=\"Nuit de f\u00eate de cerf\" \/>\n<meta property=\"article:modified_time\" content=\"2024-01-18T11:25:37+00:00\" \/>\n<meta property=\"og:image\" content=\"https:\/\/stagpartynight.com\/fr\/wp-content\/uploads\/sites\/3\/2024\/01\/Conduire-un-Jeep-Majorque.jpg\" \/>\n\t<meta property=\"og:image:width\" content=\"1280\" \/>\n\t<meta property=\"og:image:height\" content=\"853\" \/>\n\t<meta property=\"og:image:type\" content=\"image\/jpeg\" \/>\n<meta name=\"twitter:card\" content=\"summary_large_image\" \/>\n<meta name=\"twitter:label1\" content=\"Estimated reading time\" \/>\n\t<meta name=\"twitter:data1\" content=\"1 minute\" \/>\n<script type=\"application\/ld+json\" class=\"yoast-schema-graph\">{\"@context\":\"https:\/\/schema.org\",\"@graph\":[{\"@type\":\"WebPage\",\"@id\":\"https:\/\/stagpartynight.com\/fr\/product\/conduire-un-jeep-majorque\/\",\"url\":\"https:\/\/stagpartynight.com\/fr\/product\/conduire-un-jeep-majorque\/\",\"name\":\"Conduire un Jeep Majorque\",\"isPartOf\":{\"@id\":\"https:\/\/stagpartynight.com\/fr\/#website\"},\"primaryImageOfPage\":{\"@id\":\"https:\/\/stagpartynight.com\/fr\/product\/conduire-un-jeep-majorque\/#primaryimage\"},\"image\":{\"@id\":\"https:\/\/stagpartynight.com\/fr\/product\/conduire-un-jeep-majorque\/#primaryimage\"},\"thumbnailUrl\":\"https:\/\/stagpartynight.com\/fr\/wp-content\/uploads\/sites\/3\/2024\/01\/Conduire-un-Jeep-Majorque.jpg\",\"datePublished\":\"2024-01-02T09:58:37+00:00\",\"dateModified\":\"2024-01-18T11:25:37+00:00\",\"description\":\"Conduire un Jeep Majorque. Profitez d'une excursion de quatre heures en Jeep \u00e0 Majorque.\u00a0Jeep Tour Mallorca. Jeep Majorque.\",\"breadcrumb\":{\"@id\":\"https:\/\/stagpartynight.com\/fr\/product\/conduire-un-jeep-majorque\/#breadcrumb\"},\"inLanguage\":\"en-GB\",\"potentialAction\":[{\"@type\":\"ReadAction\",\"target\":[\"https:\/\/stagpartynight.com\/fr\/product\/conduire-un-jeep-majorque\/\"]}]},{\"@type\":\"ImageObject\",\"inLanguage\":\"en-GB\",\"@id\":\"https:\/\/stagpartynight.com\/fr\/product\/conduire-un-jeep-majorque\/#primaryimage\",\"url\":\"https:\/\/stagpartynight.com\/fr\/wp-content\/uploads\/sites\/3\/2024\/01\/Conduire-un-Jeep-Majorque.jpg\",\"contentUrl\":\"https:\/\/stagpartynight.com\/fr\/wp-content\/uploads\/sites\/3\/2024\/01\/Conduire-un-Jeep-Majorque.jpg\",\"width\":1280,\"height\":853,\"caption\":\"Conduire un Jeep Majorque\"},{\"@type\":\"BreadcrumbList\",\"@id\":\"https:\/\/stagpartynight.com\/fr\/product\/conduire-un-jeep-majorque\/#breadcrumb\",\"itemListElement\":[{\"@type\":\"ListItem\",\"position\":1,\"name\":\"Home\",\"item\":\"https:\/\/stagpartynight.com\/fr\/\"},{\"@type\":\"ListItem\",\"position\":2,\"name\":\"Tienda\",\"item\":\"https:\/\/stagpartynight.com\/fr\/tienda\/\"},{\"@type\":\"ListItem\",\"position\":3,\"name\":\"Conduire un Jeep Majorque\"}]},{\"@type\":\"WebSite\",\"@id\":\"https:\/\/stagpartynight.com\/fr\/#website\",\"url\":\"https:\/\/stagpartynight.com\/fr\/\",\"name\":\"Stag Party Night\",\"description\":\"Your Stag Party Customized\",\"publisher\":{\"@id\":\"https:\/\/stagpartynight.com\/fr\/#organization\"},\"potentialAction\":[{\"@type\":\"SearchAction\",\"target\":{\"@type\":\"EntryPoint\",\"urlTemplate\":\"https:\/\/stagpartynight.com\/fr\/?s={search_term_string}\"},\"query-input\":{\"@type\":\"PropertyValueSpecification\",\"valueRequired\":true,\"valueName\":\"search_term_string\"}}],\"inLanguage\":\"en-GB\"},{\"@type\":\"Organization\",\"@id\":\"https:\/\/stagpartynight.com\/fr\/#organization\",\"name\":\"Stag Party Night\",\"url\":\"https:\/\/stagpartynight.com\/fr\/\",\"logo\":{\"@type\":\"ImageObject\",\"inLanguage\":\"en-GB\",\"@id\":\"https:\/\/stagpartynight.com\/fr\/#\/schema\/logo\/image\/\",\"url\":\"https:\/\/stagpartynight.com\/fr\/wp-content\/uploads\/sites\/3\/2019\/12\/stagpartynight-e1578565505687.png\",\"contentUrl\":\"https:\/\/stagpartynight.com\/fr\/wp-content\/uploads\/sites\/3\/2019\/12\/stagpartynight-e1578565505687.png\",\"width\":400,\"height\":400,\"caption\":\"Stag Party Night\"},\"image\":{\"@id\":\"https:\/\/stagpartynight.com\/fr\/#\/schema\/logo\/image\/\"}}]}<\/script>\n<!-- \/ Yoast SEO plugin. -->","yoast_head_json":{"title":"Conduire un Jeep Majorque","description":"Conduire un Jeep Majorque. Profitez d'une excursion de quatre heures en Jeep \u00e0 Majorque.\u00a0Jeep Tour Mallorca. Jeep Majorque.","robots":{"index":"index","follow":"follow","max-snippet":"max-snippet:-1","max-image-preview":"max-image-preview:large","max-video-preview":"max-video-preview:-1"},"canonical":"https:\/\/stagpartynight.com\/fr\/product\/conduire-un-jeep-majorque\/","og_locale":"en_GB","og_type":"article","og_title":"Conduire un Jeep Majorque","og_description":"Conduire un Jeep Majorque. Profitez d'une excursion de quatre heures en Jeep \u00e0 Majorque.\u00a0Jeep Tour Mallorca. Jeep Majorque.","og_url":"https:\/\/stagpartynight.com\/fr\/product\/conduire-un-jeep-majorque\/","og_site_name":"Nuit de f\u00eate de cerf","article_modified_time":"2024-01-18T11:25:37+00:00","og_image":[{"width":1280,"height":853,"url":"https:\/\/stagpartynight.com\/fr\/wp-content\/uploads\/sites\/3\/2024\/01\/Conduire-un-Jeep-Majorque.jpg","type":"image\/jpeg"}],"twitter_card":"summary_large_image","twitter_misc":{"Estimated reading time":"1 minute"},"schema":{"@context":"https:\/\/schema.org","@graph":[{"@type":"WebPage","@id":"https:\/\/stagpartynight.com\/fr\/product\/conduire-un-jeep-majorque\/","url":"https:\/\/stagpartynight.com\/fr\/product\/conduire-un-jeep-majorque\/","name":"Conduire un Jeep Majorque","isPartOf":{"@id":"https:\/\/stagpartynight.com\/fr\/#website"},"primaryImageOfPage":{"@id":"https:\/\/stagpartynight.com\/fr\/product\/conduire-un-jeep-majorque\/#primaryimage"},"image":{"@id":"https:\/\/stagpartynight.com\/fr\/product\/conduire-un-jeep-majorque\/#primaryimage"},"thumbnailUrl":"https:\/\/stagpartynight.com\/fr\/wp-content\/uploads\/sites\/3\/2024\/01\/Conduire-un-Jeep-Majorque.jpg","datePublished":"2024-01-02T09:58:37+00:00","dateModified":"2024-01-18T11:25:37+00:00","description":"Conduire un Jeep Majorque. Profitez d'une excursion de quatre heures en Jeep \u00e0 Majorque.\u00a0Jeep Tour Mallorca. Jeep Majorque.","breadcrumb":{"@id":"https:\/\/stagpartynight.com\/fr\/product\/conduire-un-jeep-majorque\/#breadcrumb"},"inLanguage":"en-GB","potentialAction":[{"@type":"ReadAction","target":["https:\/\/stagpartynight.com\/fr\/product\/conduire-un-jeep-majorque\/"]}]},{"@type":"ImageObject","inLanguage":"en-GB","@id":"https:\/\/stagpartynight.com\/fr\/product\/conduire-un-jeep-majorque\/#primaryimage","url":"https:\/\/stagpartynight.com\/fr\/wp-content\/uploads\/sites\/3\/2024\/01\/Conduire-un-Jeep-Majorque.jpg","contentUrl":"https:\/\/stagpartynight.com\/fr\/wp-content\/uploads\/sites\/3\/2024\/01\/Conduire-un-Jeep-Majorque.jpg","width":1280,"height":853,"caption":"Conduire un Jeep Majorque"},{"@type":"BreadcrumbList","@id":"https:\/\/stagpartynight.com\/fr\/product\/conduire-un-jeep-majorque\/#breadcrumb","itemListElement":[{"@type":"ListItem","position":1,"name":"Home","item":"https:\/\/stagpartynight.com\/fr\/"},{"@type":"ListItem","position":2,"name":"Tienda","item":"https:\/\/stagpartynight.com\/fr\/tienda\/"},{"@type":"ListItem","position":3,"name":"Conduire un Jeep Majorque"}]},{"@type":"WebSite","@id":"https:\/\/stagpartynight.com\/fr\/#website","url":"https:\/\/stagpartynight.com\/fr\/","name":"Stag Party Night","description":"Your Stag Party Customized","publisher":{"@id":"https:\/\/stagpartynight.com\/fr\/#organization"},"potentialAction":[{"@type":"SearchAction","target":{"@type":"EntryPoint","urlTemplate":"https:\/\/stagpartynight.com\/fr\/?s={search_term_string}"},"query-input":{"@type":"PropertyValueSpecification","valueRequired":true,"valueName":"search_term_string"}}],"inLanguage":"en-GB"},{"@type":"Organization","@id":"https:\/\/stagpartynight.com\/fr\/#organization","name":"Stag Party Night","url":"https:\/\/stagpartynight.com\/fr\/","logo":{"@type":"ImageObject","inLanguage":"en-GB","@id":"https:\/\/stagpartynight.com\/fr\/#\/schema\/logo\/image\/","url":"https:\/\/stagpartynight.com\/fr\/wp-content\/uploads\/sites\/3\/2019\/12\/stagpartynight-e1578565505687.png","contentUrl":"https:\/\/stagpartynight.com\/fr\/wp-content\/uploads\/sites\/3\/2019\/12\/stagpartynight-e1578565505687.png","width":400,"height":400,"caption":"Stag Party Night"},"image":{"@id":"https:\/\/stagpartynight.com\/fr\/#\/schema\/logo\/image\/"}}]}},"_links":{"self":[{"href":"https:\/\/stagpartynight.com\/fr\/wp-json\/wp\/v2\/product\/2751","targetHints":{"allow":["GET"]}}],"collection":[{"href":"https:\/\/stagpartynight.com\/fr\/wp-json\/wp\/v2\/product"}],"about":[{"href":"https:\/\/stagpartynight.com\/fr\/wp-json\/wp\/v2\/types\/product"}],"replies":[{"embeddable":true,"href":"https:\/\/stagpartynight.com\/fr\/wp-json\/wp\/v2\/comments?post=2751"}],"wp:featuredmedia":[{"embeddable":true,"href":"https:\/\/stagpartynight.com\/fr\/wp-json\/wp\/v2\/media\/2799"}],"wp:attachment":[{"href":"https:\/\/stagpartynight.com\/fr\/wp-json\/wp\/v2\/media?parent=2751"}],"wp:term":[{"taxonomy":"product_brand","embeddable":true,"href":"https:\/\/stagpartynight.com\/fr\/wp-json\/wp\/v2\/product_brand?post=2751"},{"taxonomy":"product_cat","embeddable":true,"href":"https:\/\/stagpartynight.com\/fr\/wp-json\/wp\/v2\/product_cat?post=2751"},{"taxonomy":"product_tag","embeddable":true,"href":"https:\/\/stagpartynight.com\/fr\/wp-json\/wp\/v2\/product_tag?post=2751"}],"curies":[{"name":"wp","href":"https:\/\/api.w.org\/{rel}","templated":true}]}}