{"id":2757,"date":"2024-01-02T11:13:51","date_gmt":"2024-01-02T10:13:51","guid":{"rendered":"https:\/\/stagpartynight.com\/fr\/?post_type=product&#038;p=2757"},"modified":"2024-01-18T12:25:36","modified_gmt":"2024-01-18T11:25:36","slug":"degustation-de-vin-majorque","status":"publish","type":"product","link":"https:\/\/stagpartynight.com\/fr\/product\/degustation-de-vin-majorque\/","title":{"rendered":"D\u00e9gustation de Vin Majorque"},"content":{"rendered":"<p>D\u00e9gustation de Vin Majorque. Profitez au maximum de Majorque avec cette d\u00e9gustation de quatre verres de vin et de tapas \u00e0 d\u00e9guster.!<\/p>\n<p>Les meilleurs enterrements de vie de gar\u00e7on avec <a href=\"https:\/\/stagpartynight.com\/\">Stagparty<\/a>!<\/p>\n<h2 style=\"text-align: center;\">D\u00e9gustation de Vin Majorque\ud83c\udf77<\/h2>\n<h4>\ud83c\udf47 Voyage \u0152nologique \u00e0 Majorque : D\u00e9gustation de Vins et Tapas Espagnoles\ud83c\udf77<\/h4>\n<p>Explorez les d\u00e9lices vinicoles de Majorque au travers de notre exp\u00e9rience de d\u00e9gustation de quatre vins! Une occasion unique de d\u00e9couvrir les tr\u00e9sors \u0153nologiques de l&#8217;\u00eele en accompagnement de d\u00e9licieuses tapas espagnoles.<\/p>\n<p>Plongez dans l&#8217;art de la d\u00e9gustation entour\u00e9 par les paysages m\u00e9diterran\u00e9ens de Majorque. Nos experts en vin vous guideront \u00e0 travers un parcours sensoriel, vous pr\u00e9sentant quatre vins locaux d&#8217;exception, chacun racontant une histoire unique de terroir et de tradition viticole. \ud83c\udf3f<\/p>\n<p>Accompagn\u00e9s de tapas espagnoles, ces vins r\u00e9v\u00e9leront leur caract\u00e8re distinctif, cr\u00e9ant une symphonie de saveurs qui \u00e9veillera vos sens. Profitez de l&#8217;atmosph\u00e8re conviviale de nos caves \u00e0 vin, o\u00f9 la passion pour le vin de <a href=\"https:\/\/es.wikipedia.org\/wiki\/Mallorca\">Majorque<\/a> se m\u00eale \u00e0 la d\u00e9licatesse des mets espagnols. \ud83c\udf47\ud83e\uddc0<\/p>\n<p>Que vous soyez un amateur \u00e9clair\u00e9 ou simplement avide de nouvelles exp\u00e9riences gustatives, cette d\u00e9gustation vous promet une aventure inoubliable. R\u00e9servez d\u00e8s maintenant et laissez-vous emporter dans un voyage o\u00f9 le vin et la gastronomie s&#8217;unissent pour cr\u00e9er des souvenirs m\u00e9morables.<\/p>\n<p>\u00c0 votre sant\u00e9 !\ud83c\udf77\ud83c\udf74<\/p>\n","protected":false},"excerpt":{"rendered":"<p>D\u00e9gustation de Vin Majorque. Profitez au maximum de Majorque avec cette d\u00e9gustation de quatre verres de vin et de tapas \u00e0 d\u00e9guster.! Les meilleurs enterrements de vie de gar\u00e7on avec Stagparty! D\u00e9gustation de Vin Majorque\ud83c\udf77 \ud83c\udf47 Voyage \u0152nologique \u00e0 Majorque : D\u00e9gustation de Vins et Tapas Espagnoles\ud83c\udf77 Explorez les d\u00e9lices vinicoles de Majorque au travers [&hellip;]<\/p>\n","protected":false},"featured_media":2758,"comment_status":"open","ping_status":"closed","template":"","meta":{"_et_pb_use_builder":"","_et_pb_old_content":"","_et_gb_content_width":""},"product_brand":[],"product_cat":[218,504],"product_tag":[],"class_list":{"0":"post-2757","1":"product","2":"type-product","3":"status-publish","4":"has-post-thumbnail","6":"product_cat-uncategorised","7":"product_cat-mallorca","9":"first","10":"instock","11":"shipping-taxable","12":"product-type-simple"},"yoast_head":"<!-- This site is optimized with the Yoast SEO plugin v26.4 - https:\/\/yoast.com\/wordpress\/plugins\/seo\/ -->\n<title>D\u00e9gustation de Vin Majorque<\/title>\n<meta name=\"description\" content=\"D\u00e9gustation de Vin Majorque. Profitez au maximum de Majorque avec cette d\u00e9gustation de quatre verres de vin et de tapas \u00e0 d\u00e9guster.\" \/>\n<meta name=\"robots\" content=\"index, follow, max-snippet:-1, max-image-preview:large, max-video-preview:-1\" \/>\n<link rel=\"canonical\" href=\"https:\/\/stagpartynight.com\/fr\/product\/degustation-de-vin-majorque\/\" \/>\n<meta property=\"og:locale\" content=\"en_GB\" \/>\n<meta property=\"og:type\" content=\"article\" \/>\n<meta property=\"og:title\" content=\"D\u00e9gustation de Vin Majorque\" \/>\n<meta property=\"og:description\" content=\"D\u00e9gustation de Vin Majorque. Profitez au maximum de Majorque avec cette d\u00e9gustation de quatre verres de vin et de tapas \u00e0 d\u00e9guster.\" \/>\n<meta property=\"og:url\" content=\"https:\/\/stagpartynight.com\/fr\/product\/degustation-de-vin-majorque\/\" \/>\n<meta property=\"og:site_name\" content=\"Nuit de f\u00eate de cerf\" \/>\n<meta property=\"article:modified_time\" content=\"2024-01-18T11:25:36+00:00\" \/>\n<meta property=\"og:image\" content=\"https:\/\/stagpartynight.com\/fr\/wp-content\/uploads\/sites\/3\/2024\/01\/Degustation-de-Vin-Majorque.jpg\" \/>\n\t<meta property=\"og:image:width\" content=\"1280\" \/>\n\t<meta property=\"og:image:height\" content=\"896\" \/>\n\t<meta property=\"og:image:type\" content=\"image\/jpeg\" \/>\n<meta name=\"twitter:card\" content=\"summary_large_image\" \/>\n<meta name=\"twitter:label1\" content=\"Estimated reading time\" \/>\n\t<meta name=\"twitter:data1\" content=\"1 minute\" \/>\n<script type=\"application\/ld+json\" class=\"yoast-schema-graph\">{\"@context\":\"https:\/\/schema.org\",\"@graph\":[{\"@type\":\"WebPage\",\"@id\":\"https:\/\/stagpartynight.com\/fr\/product\/degustation-de-vin-majorque\/\",\"url\":\"https:\/\/stagpartynight.com\/fr\/product\/degustation-de-vin-majorque\/\",\"name\":\"D\u00e9gustation de Vin Majorque\",\"isPartOf\":{\"@id\":\"https:\/\/stagpartynight.com\/fr\/#website\"},\"primaryImageOfPage\":{\"@id\":\"https:\/\/stagpartynight.com\/fr\/product\/degustation-de-vin-majorque\/#primaryimage\"},\"image\":{\"@id\":\"https:\/\/stagpartynight.com\/fr\/product\/degustation-de-vin-majorque\/#primaryimage\"},\"thumbnailUrl\":\"https:\/\/stagpartynight.com\/fr\/wp-content\/uploads\/sites\/3\/2024\/01\/Degustation-de-Vin-Majorque.jpg\",\"datePublished\":\"2024-01-02T10:13:51+00:00\",\"dateModified\":\"2024-01-18T11:25:36+00:00\",\"description\":\"D\u00e9gustation de Vin Majorque. Profitez au maximum de Majorque avec cette d\u00e9gustation de quatre verres de vin et de tapas \u00e0 d\u00e9guster.\",\"breadcrumb\":{\"@id\":\"https:\/\/stagpartynight.com\/fr\/product\/degustation-de-vin-majorque\/#breadcrumb\"},\"inLanguage\":\"en-GB\",\"potentialAction\":[{\"@type\":\"ReadAction\",\"target\":[\"https:\/\/stagpartynight.com\/fr\/product\/degustation-de-vin-majorque\/\"]}]},{\"@type\":\"ImageObject\",\"inLanguage\":\"en-GB\",\"@id\":\"https:\/\/stagpartynight.com\/fr\/product\/degustation-de-vin-majorque\/#primaryimage\",\"url\":\"https:\/\/stagpartynight.com\/fr\/wp-content\/uploads\/sites\/3\/2024\/01\/Degustation-de-Vin-Majorque.jpg\",\"contentUrl\":\"https:\/\/stagpartynight.com\/fr\/wp-content\/uploads\/sites\/3\/2024\/01\/Degustation-de-Vin-Majorque.jpg\",\"width\":1280,\"height\":896,\"caption\":\"D\u00e9gustation de Vin Majorque\"},{\"@type\":\"BreadcrumbList\",\"@id\":\"https:\/\/stagpartynight.com\/fr\/product\/degustation-de-vin-majorque\/#breadcrumb\",\"itemListElement\":[{\"@type\":\"ListItem\",\"position\":1,\"name\":\"Home\",\"item\":\"https:\/\/stagpartynight.com\/fr\/\"},{\"@type\":\"ListItem\",\"position\":2,\"name\":\"Tienda\",\"item\":\"https:\/\/stagpartynight.com\/fr\/tienda\/\"},{\"@type\":\"ListItem\",\"position\":3,\"name\":\"D\u00e9gustation de Vin Majorque\"}]},{\"@type\":\"WebSite\",\"@id\":\"https:\/\/stagpartynight.com\/fr\/#website\",\"url\":\"https:\/\/stagpartynight.com\/fr\/\",\"name\":\"Stag Party Night\",\"description\":\"Your Stag Party Customized\",\"publisher\":{\"@id\":\"https:\/\/stagpartynight.com\/fr\/#organization\"},\"potentialAction\":[{\"@type\":\"SearchAction\",\"target\":{\"@type\":\"EntryPoint\",\"urlTemplate\":\"https:\/\/stagpartynight.com\/fr\/?s={search_term_string}\"},\"query-input\":{\"@type\":\"PropertyValueSpecification\",\"valueRequired\":true,\"valueName\":\"search_term_string\"}}],\"inLanguage\":\"en-GB\"},{\"@type\":\"Organization\",\"@id\":\"https:\/\/stagpartynight.com\/fr\/#organization\",\"name\":\"Stag Party Night\",\"url\":\"https:\/\/stagpartynight.com\/fr\/\",\"logo\":{\"@type\":\"ImageObject\",\"inLanguage\":\"en-GB\",\"@id\":\"https:\/\/stagpartynight.com\/fr\/#\/schema\/logo\/image\/\",\"url\":\"https:\/\/stagpartynight.com\/fr\/wp-content\/uploads\/sites\/3\/2019\/12\/stagpartynight-e1578565505687.png\",\"contentUrl\":\"https:\/\/stagpartynight.com\/fr\/wp-content\/uploads\/sites\/3\/2019\/12\/stagpartynight-e1578565505687.png\",\"width\":400,\"height\":400,\"caption\":\"Stag Party Night\"},\"image\":{\"@id\":\"https:\/\/stagpartynight.com\/fr\/#\/schema\/logo\/image\/\"}}]}<\/script>\n<!-- \/ Yoast SEO plugin. -->","yoast_head_json":{"title":"D\u00e9gustation de Vin Majorque","description":"D\u00e9gustation de Vin Majorque. Profitez au maximum de Majorque avec cette d\u00e9gustation de quatre verres de vin et de tapas \u00e0 d\u00e9guster.","robots":{"index":"index","follow":"follow","max-snippet":"max-snippet:-1","max-image-preview":"max-image-preview:large","max-video-preview":"max-video-preview:-1"},"canonical":"https:\/\/stagpartynight.com\/fr\/product\/degustation-de-vin-majorque\/","og_locale":"en_GB","og_type":"article","og_title":"D\u00e9gustation de Vin Majorque","og_description":"D\u00e9gustation de Vin Majorque. Profitez au maximum de Majorque avec cette d\u00e9gustation de quatre verres de vin et de tapas \u00e0 d\u00e9guster.","og_url":"https:\/\/stagpartynight.com\/fr\/product\/degustation-de-vin-majorque\/","og_site_name":"Nuit de f\u00eate de cerf","article_modified_time":"2024-01-18T11:25:36+00:00","og_image":[{"width":1280,"height":896,"url":"https:\/\/stagpartynight.com\/fr\/wp-content\/uploads\/sites\/3\/2024\/01\/Degustation-de-Vin-Majorque.jpg","type":"image\/jpeg"}],"twitter_card":"summary_large_image","twitter_misc":{"Estimated reading time":"1 minute"},"schema":{"@context":"https:\/\/schema.org","@graph":[{"@type":"WebPage","@id":"https:\/\/stagpartynight.com\/fr\/product\/degustation-de-vin-majorque\/","url":"https:\/\/stagpartynight.com\/fr\/product\/degustation-de-vin-majorque\/","name":"D\u00e9gustation de Vin Majorque","isPartOf":{"@id":"https:\/\/stagpartynight.com\/fr\/#website"},"primaryImageOfPage":{"@id":"https:\/\/stagpartynight.com\/fr\/product\/degustation-de-vin-majorque\/#primaryimage"},"image":{"@id":"https:\/\/stagpartynight.com\/fr\/product\/degustation-de-vin-majorque\/#primaryimage"},"thumbnailUrl":"https:\/\/stagpartynight.com\/fr\/wp-content\/uploads\/sites\/3\/2024\/01\/Degustation-de-Vin-Majorque.jpg","datePublished":"2024-01-02T10:13:51+00:00","dateModified":"2024-01-18T11:25:36+00:00","description":"D\u00e9gustation de Vin Majorque. Profitez au maximum de Majorque avec cette d\u00e9gustation de quatre verres de vin et de tapas \u00e0 d\u00e9guster.","breadcrumb":{"@id":"https:\/\/stagpartynight.com\/fr\/product\/degustation-de-vin-majorque\/#breadcrumb"},"inLanguage":"en-GB","potentialAction":[{"@type":"ReadAction","target":["https:\/\/stagpartynight.com\/fr\/product\/degustation-de-vin-majorque\/"]}]},{"@type":"ImageObject","inLanguage":"en-GB","@id":"https:\/\/stagpartynight.com\/fr\/product\/degustation-de-vin-majorque\/#primaryimage","url":"https:\/\/stagpartynight.com\/fr\/wp-content\/uploads\/sites\/3\/2024\/01\/Degustation-de-Vin-Majorque.jpg","contentUrl":"https:\/\/stagpartynight.com\/fr\/wp-content\/uploads\/sites\/3\/2024\/01\/Degustation-de-Vin-Majorque.jpg","width":1280,"height":896,"caption":"D\u00e9gustation de Vin Majorque"},{"@type":"BreadcrumbList","@id":"https:\/\/stagpartynight.com\/fr\/product\/degustation-de-vin-majorque\/#breadcrumb","itemListElement":[{"@type":"ListItem","position":1,"name":"Home","item":"https:\/\/stagpartynight.com\/fr\/"},{"@type":"ListItem","position":2,"name":"Tienda","item":"https:\/\/stagpartynight.com\/fr\/tienda\/"},{"@type":"ListItem","position":3,"name":"D\u00e9gustation de Vin Majorque"}]},{"@type":"WebSite","@id":"https:\/\/stagpartynight.com\/fr\/#website","url":"https:\/\/stagpartynight.com\/fr\/","name":"Stag Party Night","description":"Your Stag Party Customized","publisher":{"@id":"https:\/\/stagpartynight.com\/fr\/#organization"},"potentialAction":[{"@type":"SearchAction","target":{"@type":"EntryPoint","urlTemplate":"https:\/\/stagpartynight.com\/fr\/?s={search_term_string}"},"query-input":{"@type":"PropertyValueSpecification","valueRequired":true,"valueName":"search_term_string"}}],"inLanguage":"en-GB"},{"@type":"Organization","@id":"https:\/\/stagpartynight.com\/fr\/#organization","name":"Stag Party Night","url":"https:\/\/stagpartynight.com\/fr\/","logo":{"@type":"ImageObject","inLanguage":"en-GB","@id":"https:\/\/stagpartynight.com\/fr\/#\/schema\/logo\/image\/","url":"https:\/\/stagpartynight.com\/fr\/wp-content\/uploads\/sites\/3\/2019\/12\/stagpartynight-e1578565505687.png","contentUrl":"https:\/\/stagpartynight.com\/fr\/wp-content\/uploads\/sites\/3\/2019\/12\/stagpartynight-e1578565505687.png","width":400,"height":400,"caption":"Stag Party Night"},"image":{"@id":"https:\/\/stagpartynight.com\/fr\/#\/schema\/logo\/image\/"}}]}},"_links":{"self":[{"href":"https:\/\/stagpartynight.com\/fr\/wp-json\/wp\/v2\/product\/2757","targetHints":{"allow":["GET"]}}],"collection":[{"href":"https:\/\/stagpartynight.com\/fr\/wp-json\/wp\/v2\/product"}],"about":[{"href":"https:\/\/stagpartynight.com\/fr\/wp-json\/wp\/v2\/types\/product"}],"replies":[{"embeddable":true,"href":"https:\/\/stagpartynight.com\/fr\/wp-json\/wp\/v2\/comments?post=2757"}],"wp:featuredmedia":[{"embeddable":true,"href":"https:\/\/stagpartynight.com\/fr\/wp-json\/wp\/v2\/media\/2758"}],"wp:attachment":[{"href":"https:\/\/stagpartynight.com\/fr\/wp-json\/wp\/v2\/media?parent=2757"}],"wp:term":[{"taxonomy":"product_brand","embeddable":true,"href":"https:\/\/stagpartynight.com\/fr\/wp-json\/wp\/v2\/product_brand?post=2757"},{"taxonomy":"product_cat","embeddable":true,"href":"https:\/\/stagpartynight.com\/fr\/wp-json\/wp\/v2\/product_cat?post=2757"},{"taxonomy":"product_tag","embeddable":true,"href":"https:\/\/stagpartynight.com\/fr\/wp-json\/wp\/v2\/product_tag?post=2757"}],"curies":[{"name":"wp","href":"https:\/\/api.w.org\/{rel}","templated":true}]}}