{"id":2759,"date":"2024-01-02T11:20:31","date_gmt":"2024-01-02T10:20:31","guid":{"rendered":"https:\/\/stagpartynight.com\/fr\/?post_type=product&#038;p=2759"},"modified":"2024-01-18T12:25:35","modified_gmt":"2024-01-18T11:25:35","slug":"bateau-banane-majorque","status":"publish","type":"product","link":"https:\/\/stagpartynight.com\/fr\/product\/bateau-banane-majorque\/","title":{"rendered":"Bateau Banane Majorque"},"content":{"rendered":"<p>Bateau Banane Majorque. Une exp\u00e9rience aquatique amusante &#8211; parviendrez-vous \u00e0 ne pas tomber \u00e0 l&#8217;eau?<\/p>\n<p>Les meilleurs enterrements de vie de gar\u00e7on avec <a href=\"https:\/\/stagpartynight.com\/\">Stagparty<\/a>!<\/p>\n<h2 style=\"text-align: center;\">Bateau Banane Majorque\ud83c\udf4c<\/h2>\n<h4>\ud83c\udf0a <strong>Banana Boat \u00e0 Palma de Mallorca : \u00c9clatez-vous sur les Vagues Cristallines !<\/strong> \ud83c\udf4c<\/h4>\n<p>Pr\u00e9parez-vous \u00e0 une aventure aquatique inoubliable \u00e0 <a href=\"https:\/\/es.wikipedia.org\/wiki\/Palma_de_Mallorca\">Palma de Mallorca<\/a> avec notre exp\u00e9rience de Banana Boat ! \ud83d\udea4<\/p>\n<p>Rejoignez-nous pour une aventure pleine de rires et de d\u00e9fis alors que vous essayez de maintenir l&#8217;\u00e9quilibre sur notre banane gonflable tout en glissant sur les eaux cristallines de Palma.<\/p>\n<p>Embarquez avec vos amis pour une exp\u00e9rience palpitante, o\u00f9 le plaisir et l&#8217;excitation se rencontrent au rythme des vagues m\u00e9diterran\u00e9ennes. La question est : pourrez-vous tenir bon et \u00e9viter la chute dans les eaux rafra\u00eechissantes de Palma ? \ud83c\udf1e<\/p>\n<p>Notre \u00e9quipe exp\u00e9riment\u00e9e veille \u00e0 votre s\u00e9curit\u00e9 tout en garantissant une dose maximale de plaisir. Que vous soyez en famille, entre amis ou en groupe, le Banana Boat offre une aventure aquatique adapt\u00e9e \u00e0 tous les niveaux d&#8217;habilet\u00e9.<\/p>\n<p>R\u00e9servez d\u00e8s maintenant pour une journ\u00e9e de rires, de comp\u00e9tition amicale et de souvenirs inoubliables. Ne manquez pas cette opportunit\u00e9 de vous \u00e9clater avec vos proches sur les eaux p\u00e9tillantes de Palma de Mallorca. Pr\u00e9parez-vous \u00e0 des \u00e9clats de rire et \u00e0 des sensations fortes sur notre Banana Boat ! \ud83c\udf0a\ud83c\udf4c<\/p>\n<p>R\u00e9servez l&#8217;exp\u00e9rience Bateau Banane Majorque d\u00e8s maintenant!<\/p>\n<p>&nbsp;<\/p>\n","protected":false},"excerpt":{"rendered":"<p>Bateau Banane Majorque. Une exp\u00e9rience aquatique amusante &#8211; parviendrez-vous \u00e0 ne pas tomber \u00e0 l&#8217;eau? Les meilleurs enterrements de vie de gar\u00e7on avec Stagparty! Bateau Banane Majorque\ud83c\udf4c \ud83c\udf0a Banana Boat \u00e0 Palma de Mallorca : \u00c9clatez-vous sur les Vagues Cristallines ! \ud83c\udf4c Pr\u00e9parez-vous \u00e0 une aventure aquatique inoubliable \u00e0 Palma de Mallorca avec notre exp\u00e9rience [&hellip;]<\/p>\n","protected":false},"featured_media":2760,"comment_status":"open","ping_status":"closed","template":"","meta":{"_et_pb_use_builder":"","_et_pb_old_content":"","_et_gb_content_width":""},"product_brand":[],"product_cat":[218,504],"product_tag":[],"class_list":{"0":"post-2759","1":"product","2":"type-product","3":"status-publish","4":"has-post-thumbnail","6":"product_cat-uncategorised","7":"product_cat-mallorca","9":"first","10":"instock","11":"shipping-taxable","12":"product-type-simple"},"yoast_head":"<!-- This site is optimized with the Yoast SEO plugin v26.4 - https:\/\/yoast.com\/wordpress\/plugins\/seo\/ -->\n<title>Bateau Banane Majorque<\/title>\n<meta name=\"description\" content=\"Bateau Banane Majorque. Une exp\u00e9rience aquatique amusante - parviendrez-vous \u00e0 ne pas tomber \u00e0 l&#039;eau? Banana Boat Majorque.\" \/>\n<meta name=\"robots\" content=\"index, follow, max-snippet:-1, max-image-preview:large, max-video-preview:-1\" \/>\n<link rel=\"canonical\" href=\"https:\/\/stagpartynight.com\/fr\/product\/bateau-banane-majorque\/\" \/>\n<meta property=\"og:locale\" content=\"en_GB\" \/>\n<meta property=\"og:type\" content=\"article\" \/>\n<meta property=\"og:title\" content=\"Bateau Banane Majorque\" \/>\n<meta property=\"og:description\" content=\"Bateau Banane Majorque. Une exp\u00e9rience aquatique amusante - parviendrez-vous \u00e0 ne pas tomber \u00e0 l&#039;eau? Banana Boat Majorque.\" \/>\n<meta property=\"og:url\" content=\"https:\/\/stagpartynight.com\/fr\/product\/bateau-banane-majorque\/\" \/>\n<meta property=\"og:site_name\" content=\"Nuit de f\u00eate de cerf\" \/>\n<meta property=\"article:modified_time\" content=\"2024-01-18T11:25:35+00:00\" \/>\n<meta property=\"og:image\" content=\"https:\/\/stagpartynight.com\/fr\/wp-content\/uploads\/sites\/3\/2024\/01\/Bateau-Banane-Majorque.jpg\" \/>\n\t<meta property=\"og:image:width\" content=\"2560\" \/>\n\t<meta property=\"og:image:height\" content=\"1707\" \/>\n\t<meta property=\"og:image:type\" content=\"image\/jpeg\" \/>\n<meta name=\"twitter:card\" content=\"summary_large_image\" \/>\n<meta name=\"twitter:label1\" content=\"Estimated reading time\" \/>\n\t<meta name=\"twitter:data1\" content=\"1 minute\" \/>\n<script type=\"application\/ld+json\" class=\"yoast-schema-graph\">{\"@context\":\"https:\/\/schema.org\",\"@graph\":[{\"@type\":\"WebPage\",\"@id\":\"https:\/\/stagpartynight.com\/fr\/product\/bateau-banane-majorque\/\",\"url\":\"https:\/\/stagpartynight.com\/fr\/product\/bateau-banane-majorque\/\",\"name\":\"Bateau Banane Majorque\",\"isPartOf\":{\"@id\":\"https:\/\/stagpartynight.com\/fr\/#website\"},\"primaryImageOfPage\":{\"@id\":\"https:\/\/stagpartynight.com\/fr\/product\/bateau-banane-majorque\/#primaryimage\"},\"image\":{\"@id\":\"https:\/\/stagpartynight.com\/fr\/product\/bateau-banane-majorque\/#primaryimage\"},\"thumbnailUrl\":\"https:\/\/stagpartynight.com\/fr\/wp-content\/uploads\/sites\/3\/2024\/01\/Bateau-Banane-Majorque.jpg\",\"datePublished\":\"2024-01-02T10:20:31+00:00\",\"dateModified\":\"2024-01-18T11:25:35+00:00\",\"description\":\"Bateau Banane Majorque. Une exp\u00e9rience aquatique amusante - parviendrez-vous \u00e0 ne pas tomber \u00e0 l'eau? Banana Boat Majorque.\",\"breadcrumb\":{\"@id\":\"https:\/\/stagpartynight.com\/fr\/product\/bateau-banane-majorque\/#breadcrumb\"},\"inLanguage\":\"en-GB\",\"potentialAction\":[{\"@type\":\"ReadAction\",\"target\":[\"https:\/\/stagpartynight.com\/fr\/product\/bateau-banane-majorque\/\"]}]},{\"@type\":\"ImageObject\",\"inLanguage\":\"en-GB\",\"@id\":\"https:\/\/stagpartynight.com\/fr\/product\/bateau-banane-majorque\/#primaryimage\",\"url\":\"https:\/\/stagpartynight.com\/fr\/wp-content\/uploads\/sites\/3\/2024\/01\/Bateau-Banane-Majorque.jpg\",\"contentUrl\":\"https:\/\/stagpartynight.com\/fr\/wp-content\/uploads\/sites\/3\/2024\/01\/Bateau-Banane-Majorque.jpg\",\"width\":2560,\"height\":1707,\"caption\":\"Bateau Banane Majorque\"},{\"@type\":\"BreadcrumbList\",\"@id\":\"https:\/\/stagpartynight.com\/fr\/product\/bateau-banane-majorque\/#breadcrumb\",\"itemListElement\":[{\"@type\":\"ListItem\",\"position\":1,\"name\":\"Home\",\"item\":\"https:\/\/stagpartynight.com\/fr\/\"},{\"@type\":\"ListItem\",\"position\":2,\"name\":\"Tienda\",\"item\":\"https:\/\/stagpartynight.com\/fr\/tienda\/\"},{\"@type\":\"ListItem\",\"position\":3,\"name\":\"Bateau Banane Majorque\"}]},{\"@type\":\"WebSite\",\"@id\":\"https:\/\/stagpartynight.com\/fr\/#website\",\"url\":\"https:\/\/stagpartynight.com\/fr\/\",\"name\":\"Stag Party Night\",\"description\":\"Your Stag Party Customized\",\"publisher\":{\"@id\":\"https:\/\/stagpartynight.com\/fr\/#organization\"},\"potentialAction\":[{\"@type\":\"SearchAction\",\"target\":{\"@type\":\"EntryPoint\",\"urlTemplate\":\"https:\/\/stagpartynight.com\/fr\/?s={search_term_string}\"},\"query-input\":{\"@type\":\"PropertyValueSpecification\",\"valueRequired\":true,\"valueName\":\"search_term_string\"}}],\"inLanguage\":\"en-GB\"},{\"@type\":\"Organization\",\"@id\":\"https:\/\/stagpartynight.com\/fr\/#organization\",\"name\":\"Stag Party Night\",\"url\":\"https:\/\/stagpartynight.com\/fr\/\",\"logo\":{\"@type\":\"ImageObject\",\"inLanguage\":\"en-GB\",\"@id\":\"https:\/\/stagpartynight.com\/fr\/#\/schema\/logo\/image\/\",\"url\":\"https:\/\/stagpartynight.com\/fr\/wp-content\/uploads\/sites\/3\/2019\/12\/stagpartynight-e1578565505687.png\",\"contentUrl\":\"https:\/\/stagpartynight.com\/fr\/wp-content\/uploads\/sites\/3\/2019\/12\/stagpartynight-e1578565505687.png\",\"width\":400,\"height\":400,\"caption\":\"Stag Party Night\"},\"image\":{\"@id\":\"https:\/\/stagpartynight.com\/fr\/#\/schema\/logo\/image\/\"}}]}<\/script>\n<!-- \/ Yoast SEO plugin. -->","yoast_head_json":{"title":"Bateau Banane Majorque","description":"Bateau Banane Majorque. Une exp\u00e9rience aquatique amusante - parviendrez-vous \u00e0 ne pas tomber \u00e0 l'eau? Banana Boat Majorque.","robots":{"index":"index","follow":"follow","max-snippet":"max-snippet:-1","max-image-preview":"max-image-preview:large","max-video-preview":"max-video-preview:-1"},"canonical":"https:\/\/stagpartynight.com\/fr\/product\/bateau-banane-majorque\/","og_locale":"en_GB","og_type":"article","og_title":"Bateau Banane Majorque","og_description":"Bateau Banane Majorque. Une exp\u00e9rience aquatique amusante - parviendrez-vous \u00e0 ne pas tomber \u00e0 l'eau? Banana Boat Majorque.","og_url":"https:\/\/stagpartynight.com\/fr\/product\/bateau-banane-majorque\/","og_site_name":"Nuit de f\u00eate de cerf","article_modified_time":"2024-01-18T11:25:35+00:00","og_image":[{"width":2560,"height":1707,"url":"https:\/\/stagpartynight.com\/fr\/wp-content\/uploads\/sites\/3\/2024\/01\/Bateau-Banane-Majorque.jpg","type":"image\/jpeg"}],"twitter_card":"summary_large_image","twitter_misc":{"Estimated reading time":"1 minute"},"schema":{"@context":"https:\/\/schema.org","@graph":[{"@type":"WebPage","@id":"https:\/\/stagpartynight.com\/fr\/product\/bateau-banane-majorque\/","url":"https:\/\/stagpartynight.com\/fr\/product\/bateau-banane-majorque\/","name":"Bateau Banane Majorque","isPartOf":{"@id":"https:\/\/stagpartynight.com\/fr\/#website"},"primaryImageOfPage":{"@id":"https:\/\/stagpartynight.com\/fr\/product\/bateau-banane-majorque\/#primaryimage"},"image":{"@id":"https:\/\/stagpartynight.com\/fr\/product\/bateau-banane-majorque\/#primaryimage"},"thumbnailUrl":"https:\/\/stagpartynight.com\/fr\/wp-content\/uploads\/sites\/3\/2024\/01\/Bateau-Banane-Majorque.jpg","datePublished":"2024-01-02T10:20:31+00:00","dateModified":"2024-01-18T11:25:35+00:00","description":"Bateau Banane Majorque. Une exp\u00e9rience aquatique amusante - parviendrez-vous \u00e0 ne pas tomber \u00e0 l'eau? Banana Boat Majorque.","breadcrumb":{"@id":"https:\/\/stagpartynight.com\/fr\/product\/bateau-banane-majorque\/#breadcrumb"},"inLanguage":"en-GB","potentialAction":[{"@type":"ReadAction","target":["https:\/\/stagpartynight.com\/fr\/product\/bateau-banane-majorque\/"]}]},{"@type":"ImageObject","inLanguage":"en-GB","@id":"https:\/\/stagpartynight.com\/fr\/product\/bateau-banane-majorque\/#primaryimage","url":"https:\/\/stagpartynight.com\/fr\/wp-content\/uploads\/sites\/3\/2024\/01\/Bateau-Banane-Majorque.jpg","contentUrl":"https:\/\/stagpartynight.com\/fr\/wp-content\/uploads\/sites\/3\/2024\/01\/Bateau-Banane-Majorque.jpg","width":2560,"height":1707,"caption":"Bateau Banane Majorque"},{"@type":"BreadcrumbList","@id":"https:\/\/stagpartynight.com\/fr\/product\/bateau-banane-majorque\/#breadcrumb","itemListElement":[{"@type":"ListItem","position":1,"name":"Home","item":"https:\/\/stagpartynight.com\/fr\/"},{"@type":"ListItem","position":2,"name":"Tienda","item":"https:\/\/stagpartynight.com\/fr\/tienda\/"},{"@type":"ListItem","position":3,"name":"Bateau Banane Majorque"}]},{"@type":"WebSite","@id":"https:\/\/stagpartynight.com\/fr\/#website","url":"https:\/\/stagpartynight.com\/fr\/","name":"Stag Party Night","description":"Your Stag Party Customized","publisher":{"@id":"https:\/\/stagpartynight.com\/fr\/#organization"},"potentialAction":[{"@type":"SearchAction","target":{"@type":"EntryPoint","urlTemplate":"https:\/\/stagpartynight.com\/fr\/?s={search_term_string}"},"query-input":{"@type":"PropertyValueSpecification","valueRequired":true,"valueName":"search_term_string"}}],"inLanguage":"en-GB"},{"@type":"Organization","@id":"https:\/\/stagpartynight.com\/fr\/#organization","name":"Stag Party Night","url":"https:\/\/stagpartynight.com\/fr\/","logo":{"@type":"ImageObject","inLanguage":"en-GB","@id":"https:\/\/stagpartynight.com\/fr\/#\/schema\/logo\/image\/","url":"https:\/\/stagpartynight.com\/fr\/wp-content\/uploads\/sites\/3\/2019\/12\/stagpartynight-e1578565505687.png","contentUrl":"https:\/\/stagpartynight.com\/fr\/wp-content\/uploads\/sites\/3\/2019\/12\/stagpartynight-e1578565505687.png","width":400,"height":400,"caption":"Stag Party Night"},"image":{"@id":"https:\/\/stagpartynight.com\/fr\/#\/schema\/logo\/image\/"}}]}},"_links":{"self":[{"href":"https:\/\/stagpartynight.com\/fr\/wp-json\/wp\/v2\/product\/2759","targetHints":{"allow":["GET"]}}],"collection":[{"href":"https:\/\/stagpartynight.com\/fr\/wp-json\/wp\/v2\/product"}],"about":[{"href":"https:\/\/stagpartynight.com\/fr\/wp-json\/wp\/v2\/types\/product"}],"replies":[{"embeddable":true,"href":"https:\/\/stagpartynight.com\/fr\/wp-json\/wp\/v2\/comments?post=2759"}],"wp:featuredmedia":[{"embeddable":true,"href":"https:\/\/stagpartynight.com\/fr\/wp-json\/wp\/v2\/media\/2760"}],"wp:attachment":[{"href":"https:\/\/stagpartynight.com\/fr\/wp-json\/wp\/v2\/media?parent=2759"}],"wp:term":[{"taxonomy":"product_brand","embeddable":true,"href":"https:\/\/stagpartynight.com\/fr\/wp-json\/wp\/v2\/product_brand?post=2759"},{"taxonomy":"product_cat","embeddable":true,"href":"https:\/\/stagpartynight.com\/fr\/wp-json\/wp\/v2\/product_cat?post=2759"},{"taxonomy":"product_tag","embeddable":true,"href":"https:\/\/stagpartynight.com\/fr\/wp-json\/wp\/v2\/product_tag?post=2759"}],"curies":[{"name":"wp","href":"https:\/\/api.w.org\/{rel}","templated":true}]}}