{"id":276,"date":"2020-01-08T14:46:30","date_gmt":"2020-01-08T13:46:30","guid":{"rendered":"https:\/\/stagpartynight.com\/fr\/?post_type=product&#038;p=276"},"modified":"2024-03-12T11:34:13","modified_gmt":"2024-03-12T10:34:13","slug":"hebergement-ibiza","status":"publish","type":"product","link":"https:\/\/stagpartynight.com\/fr\/product\/hebergement-ibiza\/","title":{"rendered":"H\u00e9bergement \u00e0 Ibiza"},"content":{"rendered":"<p>Nous mettons \u00e0 votre disposition des appartements touristiques, des villas et des h\u00f4tels pour satisfaire les besoins de votre groupe. Le prix varie en fonction de la p\u00e9riode de l&#8217;ann\u00e9e. Les meilleures soir\u00e9es avec <a href=\"https:\/\/stagpartynight.com\/\">Stag Party Nigh<\/a>t \u00e0 <a href=\"https:\/\/en.wikipedia.org\/wiki\/Ibiza\">Ibiza<\/a><\/p>\n<p>Que ce soit pour des vacances en famille, une escapade entre amis ou un \u00e9v\u00e9nement sp\u00e9cial. Il est essentiel de prendre en compte le choix de l&#8217;h\u00e9bergement pour assurer le confort et la satisfaction de votre groupe. C&#8217;est pourquoi nous proposons une large s\u00e9lection d&#8217;appartements touristiques, de villas de luxe et d&#8217;h\u00f4tels de haute qualit\u00e9. Pour r\u00e9pondre \u00e0 tous vos besoins et pr\u00e9f\u00e9rences.<\/p>\n<p>Pour ceux qui privil\u00e9gient l\u2019autonomie et la flexibilit\u00e9, nos appartements touristiques sont une option parfaite. Ces appartements, dot\u00e9s d&#8217;\u00e9quipements modernes et bien am\u00e9nag\u00e9s, vous offrent la possibilit\u00e9 de concevoir votre propre espace de vie. Profitez d\u2019une totale libert\u00e9 pendant votre s\u00e9jour \u00e0 Ibiza. Que vous pr\u00e9pariez vos propres repas ou que vous vous d\u00e9tendiez simplement dans le confort de votre maison temporaire. Nos appartements touristiques vous offrent une exp\u00e9rience vraiment authentique.<\/p>\n<div class=\"flex-1 overflow-hidden\">\n<div class=\"react-scroll-to-bottom--css-etktj-79elbk h-full\">\n<div class=\"react-scroll-to-bottom--css-etktj-1n7m0yu\">\n<div class=\"flex flex-col text-sm pb-9\">\n<div class=\"w-full text-token-text-primary\" data-testid=\"conversation-turn-79\">\n<div class=\"px-4 py-2 justify-center text-base md:gap-6 m-auto\">\n<div class=\"flex flex-1 text-base mx-auto gap-3 md:px-5 lg:px-1 xl:px-5 md:max-w-3xl lg:max-w-[40rem] xl:max-w-[48rem] group final-completion\">\n<div class=\"relative flex w-full flex-col agent-turn\">\n<div class=\"flex-col gap-1 md:gap-3\">\n<div class=\"flex flex-grow flex-col max-w-full\">\n<div class=\"min-h-[20px] text-message flex flex-col items-start gap-3 whitespace-pre-wrap break-words [.text-message+&amp;]:mt-5 overflow-x-auto\" data-message-author-role=\"assistant\" data-message-id=\"50e61176-eba6-4f64-936e-a99676e57efb\">\n<div class=\"markdown prose w-full break-words dark:prose-invert dark\">\n<h4>Un S\u00e9jour Sur Mesure : Appartements, Villas et H\u00f4tels Adapt\u00e9s \u00e0 Votre Groupe<\/h4>\n<\/div>\n<\/div>\n<\/div>\n<\/div>\n<\/div>\n<\/div>\n<\/div>\n<\/div>\n<\/div>\n<\/div>\n<\/div>\n<\/div>\n<p>Nos villas exclusives sont l&#8217;option id\u00e9ale pour ceux qui souhaitent vivre l&#8217;exp\u00e9rience de luxe ultime. Situ\u00e9s dans des endroits de charme et offrant des prestations de qualit\u00e9. Ces villas sont sp\u00e9cialement con\u00e7ues pour r\u00e9pondre aux normes les plus \u00e9lev\u00e9es. Chaque villa, dot\u00e9e de piscines priv\u00e9es, de jardins luxuriants et de vues magnifiques, offre une oasis de s\u00e9r\u00e9nit\u00e9 et de sophistication, id\u00e9ale pour des vacances m\u00e9morables \u00e0 Ibiza.<\/p>\n<p>Enfin, pour ceux qui attachent une grande importance au confort et aux services d\u2019un h\u00f4tel. Nos collaborations avec des \u00e9tablissements renomm\u00e9s vous assurent une exp\u00e9rience hors du commun. Nos h\u00f4tels, allant des chambres raffin\u00e9es aux installations sup\u00e9rieures, sont soigneusement choisis pour garantir la meilleure qualit\u00e9 et le meilleur service. Assurer un s\u00e9jour agr\u00e9able et sans souci \u00e0 votre groupe.<\/p>\n<p>Peu importe votre pr\u00e9f\u00e9rence, le co\u00fbt de l&#8217;h\u00e9bergement fluctue en fonction de la saison, ce qui vous permet d&#8217;avoir une grande souplesse pour r\u00e9pondre \u00e0 vos besoins et \u00e0 votre budget. Rejoignez d\u00e8s maintenant votre groupe pour un s\u00e9jour m\u00e9morable \u00e0 Ibiza, o\u00f9 le confort, le style et la satisfaction sont assur\u00e9s pour tous.<\/p>\n","protected":false},"excerpt":{"rendered":"<p>Nous mettons \u00e0 votre disposition des appartements touristiques, des villas et des h\u00f4tels pour satisfaire les besoins de votre groupe. Le prix varie en fonction de la p\u00e9riode de l&#8217;ann\u00e9e.<\/p>\n","protected":false},"featured_media":1819,"comment_status":"open","ping_status":"closed","template":"","meta":{"_et_pb_use_builder":"","_et_pb_old_content":"","_et_gb_content_width":""},"product_brand":[],"product_cat":[113],"product_tag":[61,135,226,316],"class_list":{"0":"post-276","1":"product","2":"type-product","3":"status-publish","4":"has-post-thumbnail","6":"product_cat-ibiza","7":"product_tag-accommodation","8":"product_tag-accommodation-ibiza","9":"product_tag-appartements-touristiques","10":"product_tag-hebergement-a-ibiza","12":"first","13":"instock","14":"virtual","15":"product-type-simple"},"yoast_head":"<!-- This site is optimized with the Yoast SEO plugin v26.4 - https:\/\/yoast.com\/wordpress\/plugins\/seo\/ -->\n<title>H\u00e9bergement \u00e0 Ibiza<\/title>\n<meta name=\"description\" content=\"Nous mettons \u00e0 votre disposition des appartements touristiques, des villas et des h\u00f4tels pour satisfaire les besoins de votre groupe - H\u00e9bergement \u00e0 Ibiza\" \/>\n<meta name=\"robots\" content=\"index, follow, max-snippet:-1, max-image-preview:large, max-video-preview:-1\" \/>\n<link rel=\"canonical\" href=\"https:\/\/stagpartynight.com\/fr\/product\/hebergement-ibiza\/\" \/>\n<meta property=\"og:locale\" content=\"en_GB\" \/>\n<meta property=\"og:type\" content=\"article\" \/>\n<meta property=\"og:title\" content=\"H\u00e9bergement \u00e0 Ibiza\" \/>\n<meta property=\"og:description\" content=\"Nous mettons \u00e0 votre disposition des appartements touristiques, des villas et des h\u00f4tels pour satisfaire les besoins de votre groupe - H\u00e9bergement \u00e0 Ibiza\" \/>\n<meta property=\"og:url\" content=\"https:\/\/stagpartynight.com\/fr\/product\/hebergement-ibiza\/\" \/>\n<meta property=\"og:site_name\" content=\"Nuit de f\u00eate de cerf\" \/>\n<meta property=\"article:modified_time\" content=\"2024-03-12T10:34:13+00:00\" \/>\n<meta property=\"og:image\" content=\"https:\/\/stagpartynight.com\/fr\/wp-content\/uploads\/sites\/3\/2020\/01\/Villas.jpg\" \/>\n\t<meta property=\"og:image:width\" content=\"640\" \/>\n\t<meta property=\"og:image:height\" content=\"426\" \/>\n\t<meta property=\"og:image:type\" content=\"image\/jpeg\" \/>\n<meta name=\"twitter:card\" content=\"summary_large_image\" \/>\n<meta name=\"twitter:label1\" content=\"Estimated reading time\" \/>\n\t<meta name=\"twitter:data1\" content=\"2 minutes\" \/>\n<script type=\"application\/ld+json\" class=\"yoast-schema-graph\">{\"@context\":\"https:\/\/schema.org\",\"@graph\":[{\"@type\":\"WebPage\",\"@id\":\"https:\/\/stagpartynight.com\/fr\/product\/hebergement-ibiza\/\",\"url\":\"https:\/\/stagpartynight.com\/fr\/product\/hebergement-ibiza\/\",\"name\":\"H\u00e9bergement \u00e0 Ibiza\",\"isPartOf\":{\"@id\":\"https:\/\/stagpartynight.com\/fr\/#website\"},\"primaryImageOfPage\":{\"@id\":\"https:\/\/stagpartynight.com\/fr\/product\/hebergement-ibiza\/#primaryimage\"},\"image\":{\"@id\":\"https:\/\/stagpartynight.com\/fr\/product\/hebergement-ibiza\/#primaryimage\"},\"thumbnailUrl\":\"https:\/\/stagpartynight.com\/fr\/wp-content\/uploads\/sites\/3\/2020\/01\/Villas.jpg\",\"datePublished\":\"2020-01-08T13:46:30+00:00\",\"dateModified\":\"2024-03-12T10:34:13+00:00\",\"description\":\"Nous mettons \u00e0 votre disposition des appartements touristiques, des villas et des h\u00f4tels pour satisfaire les besoins de votre groupe - H\u00e9bergement \u00e0 Ibiza\",\"breadcrumb\":{\"@id\":\"https:\/\/stagpartynight.com\/fr\/product\/hebergement-ibiza\/#breadcrumb\"},\"inLanguage\":\"en-GB\",\"potentialAction\":[{\"@type\":\"ReadAction\",\"target\":[\"https:\/\/stagpartynight.com\/fr\/product\/hebergement-ibiza\/\"]}]},{\"@type\":\"ImageObject\",\"inLanguage\":\"en-GB\",\"@id\":\"https:\/\/stagpartynight.com\/fr\/product\/hebergement-ibiza\/#primaryimage\",\"url\":\"https:\/\/stagpartynight.com\/fr\/wp-content\/uploads\/sites\/3\/2020\/01\/Villas.jpg\",\"contentUrl\":\"https:\/\/stagpartynight.com\/fr\/wp-content\/uploads\/sites\/3\/2020\/01\/Villas.jpg\",\"width\":640,\"height\":426,\"caption\":\"H\u00e9bergement Majorque\"},{\"@type\":\"BreadcrumbList\",\"@id\":\"https:\/\/stagpartynight.com\/fr\/product\/hebergement-ibiza\/#breadcrumb\",\"itemListElement\":[{\"@type\":\"ListItem\",\"position\":1,\"name\":\"Home\",\"item\":\"https:\/\/stagpartynight.com\/fr\/\"},{\"@type\":\"ListItem\",\"position\":2,\"name\":\"Tienda\",\"item\":\"https:\/\/stagpartynight.com\/fr\/tienda\/\"},{\"@type\":\"ListItem\",\"position\":3,\"name\":\"H\u00e9bergement \u00e0 Ibiza\"}]},{\"@type\":\"WebSite\",\"@id\":\"https:\/\/stagpartynight.com\/fr\/#website\",\"url\":\"https:\/\/stagpartynight.com\/fr\/\",\"name\":\"Stag Party Night\",\"description\":\"Your Stag Party Customized\",\"publisher\":{\"@id\":\"https:\/\/stagpartynight.com\/fr\/#organization\"},\"potentialAction\":[{\"@type\":\"SearchAction\",\"target\":{\"@type\":\"EntryPoint\",\"urlTemplate\":\"https:\/\/stagpartynight.com\/fr\/?s={search_term_string}\"},\"query-input\":{\"@type\":\"PropertyValueSpecification\",\"valueRequired\":true,\"valueName\":\"search_term_string\"}}],\"inLanguage\":\"en-GB\"},{\"@type\":\"Organization\",\"@id\":\"https:\/\/stagpartynight.com\/fr\/#organization\",\"name\":\"Stag Party Night\",\"url\":\"https:\/\/stagpartynight.com\/fr\/\",\"logo\":{\"@type\":\"ImageObject\",\"inLanguage\":\"en-GB\",\"@id\":\"https:\/\/stagpartynight.com\/fr\/#\/schema\/logo\/image\/\",\"url\":\"https:\/\/stagpartynight.com\/fr\/wp-content\/uploads\/sites\/3\/2019\/12\/stagpartynight-e1578565505687.png\",\"contentUrl\":\"https:\/\/stagpartynight.com\/fr\/wp-content\/uploads\/sites\/3\/2019\/12\/stagpartynight-e1578565505687.png\",\"width\":400,\"height\":400,\"caption\":\"Stag Party Night\"},\"image\":{\"@id\":\"https:\/\/stagpartynight.com\/fr\/#\/schema\/logo\/image\/\"}}]}<\/script>\n<!-- \/ Yoast SEO plugin. -->","yoast_head_json":{"title":"H\u00e9bergement \u00e0 Ibiza","description":"Nous mettons \u00e0 votre disposition des appartements touristiques, des villas et des h\u00f4tels pour satisfaire les besoins de votre groupe - H\u00e9bergement \u00e0 Ibiza","robots":{"index":"index","follow":"follow","max-snippet":"max-snippet:-1","max-image-preview":"max-image-preview:large","max-video-preview":"max-video-preview:-1"},"canonical":"https:\/\/stagpartynight.com\/fr\/product\/hebergement-ibiza\/","og_locale":"en_GB","og_type":"article","og_title":"H\u00e9bergement \u00e0 Ibiza","og_description":"Nous mettons \u00e0 votre disposition des appartements touristiques, des villas et des h\u00f4tels pour satisfaire les besoins de votre groupe - H\u00e9bergement \u00e0 Ibiza","og_url":"https:\/\/stagpartynight.com\/fr\/product\/hebergement-ibiza\/","og_site_name":"Nuit de f\u00eate de cerf","article_modified_time":"2024-03-12T10:34:13+00:00","og_image":[{"width":640,"height":426,"url":"https:\/\/stagpartynight.com\/fr\/wp-content\/uploads\/sites\/3\/2020\/01\/Villas.jpg","type":"image\/jpeg"}],"twitter_card":"summary_large_image","twitter_misc":{"Estimated reading time":"2 minutes"},"schema":{"@context":"https:\/\/schema.org","@graph":[{"@type":"WebPage","@id":"https:\/\/stagpartynight.com\/fr\/product\/hebergement-ibiza\/","url":"https:\/\/stagpartynight.com\/fr\/product\/hebergement-ibiza\/","name":"H\u00e9bergement \u00e0 Ibiza","isPartOf":{"@id":"https:\/\/stagpartynight.com\/fr\/#website"},"primaryImageOfPage":{"@id":"https:\/\/stagpartynight.com\/fr\/product\/hebergement-ibiza\/#primaryimage"},"image":{"@id":"https:\/\/stagpartynight.com\/fr\/product\/hebergement-ibiza\/#primaryimage"},"thumbnailUrl":"https:\/\/stagpartynight.com\/fr\/wp-content\/uploads\/sites\/3\/2020\/01\/Villas.jpg","datePublished":"2020-01-08T13:46:30+00:00","dateModified":"2024-03-12T10:34:13+00:00","description":"Nous mettons \u00e0 votre disposition des appartements touristiques, des villas et des h\u00f4tels pour satisfaire les besoins de votre groupe - H\u00e9bergement \u00e0 Ibiza","breadcrumb":{"@id":"https:\/\/stagpartynight.com\/fr\/product\/hebergement-ibiza\/#breadcrumb"},"inLanguage":"en-GB","potentialAction":[{"@type":"ReadAction","target":["https:\/\/stagpartynight.com\/fr\/product\/hebergement-ibiza\/"]}]},{"@type":"ImageObject","inLanguage":"en-GB","@id":"https:\/\/stagpartynight.com\/fr\/product\/hebergement-ibiza\/#primaryimage","url":"https:\/\/stagpartynight.com\/fr\/wp-content\/uploads\/sites\/3\/2020\/01\/Villas.jpg","contentUrl":"https:\/\/stagpartynight.com\/fr\/wp-content\/uploads\/sites\/3\/2020\/01\/Villas.jpg","width":640,"height":426,"caption":"H\u00e9bergement Majorque"},{"@type":"BreadcrumbList","@id":"https:\/\/stagpartynight.com\/fr\/product\/hebergement-ibiza\/#breadcrumb","itemListElement":[{"@type":"ListItem","position":1,"name":"Home","item":"https:\/\/stagpartynight.com\/fr\/"},{"@type":"ListItem","position":2,"name":"Tienda","item":"https:\/\/stagpartynight.com\/fr\/tienda\/"},{"@type":"ListItem","position":3,"name":"H\u00e9bergement \u00e0 Ibiza"}]},{"@type":"WebSite","@id":"https:\/\/stagpartynight.com\/fr\/#website","url":"https:\/\/stagpartynight.com\/fr\/","name":"Stag Party Night","description":"Your Stag Party Customized","publisher":{"@id":"https:\/\/stagpartynight.com\/fr\/#organization"},"potentialAction":[{"@type":"SearchAction","target":{"@type":"EntryPoint","urlTemplate":"https:\/\/stagpartynight.com\/fr\/?s={search_term_string}"},"query-input":{"@type":"PropertyValueSpecification","valueRequired":true,"valueName":"search_term_string"}}],"inLanguage":"en-GB"},{"@type":"Organization","@id":"https:\/\/stagpartynight.com\/fr\/#organization","name":"Stag Party Night","url":"https:\/\/stagpartynight.com\/fr\/","logo":{"@type":"ImageObject","inLanguage":"en-GB","@id":"https:\/\/stagpartynight.com\/fr\/#\/schema\/logo\/image\/","url":"https:\/\/stagpartynight.com\/fr\/wp-content\/uploads\/sites\/3\/2019\/12\/stagpartynight-e1578565505687.png","contentUrl":"https:\/\/stagpartynight.com\/fr\/wp-content\/uploads\/sites\/3\/2019\/12\/stagpartynight-e1578565505687.png","width":400,"height":400,"caption":"Stag Party Night"},"image":{"@id":"https:\/\/stagpartynight.com\/fr\/#\/schema\/logo\/image\/"}}]}},"_links":{"self":[{"href":"https:\/\/stagpartynight.com\/fr\/wp-json\/wp\/v2\/product\/276","targetHints":{"allow":["GET"]}}],"collection":[{"href":"https:\/\/stagpartynight.com\/fr\/wp-json\/wp\/v2\/product"}],"about":[{"href":"https:\/\/stagpartynight.com\/fr\/wp-json\/wp\/v2\/types\/product"}],"replies":[{"embeddable":true,"href":"https:\/\/stagpartynight.com\/fr\/wp-json\/wp\/v2\/comments?post=276"}],"wp:featuredmedia":[{"embeddable":true,"href":"https:\/\/stagpartynight.com\/fr\/wp-json\/wp\/v2\/media\/1819"}],"wp:attachment":[{"href":"https:\/\/stagpartynight.com\/fr\/wp-json\/wp\/v2\/media?parent=276"}],"wp:term":[{"taxonomy":"product_brand","embeddable":true,"href":"https:\/\/stagpartynight.com\/fr\/wp-json\/wp\/v2\/product_brand?post=276"},{"taxonomy":"product_cat","embeddable":true,"href":"https:\/\/stagpartynight.com\/fr\/wp-json\/wp\/v2\/product_cat?post=276"},{"taxonomy":"product_tag","embeddable":true,"href":"https:\/\/stagpartynight.com\/fr\/wp-json\/wp\/v2\/product_tag?post=276"}],"curies":[{"name":"wp","href":"https:\/\/api.w.org\/{rel}","templated":true}]}}