{"id":2761,"date":"2024-01-02T11:26:35","date_gmt":"2024-01-02T10:26:35","guid":{"rendered":"https:\/\/stagpartynight.com\/fr\/?post_type=product&#038;p=2761"},"modified":"2024-01-18T12:25:34","modified_gmt":"2024-01-18T11:25:34","slug":"parasailing-majorque","status":"publish","type":"product","link":"https:\/\/stagpartynight.com\/fr\/product\/parasailing-majorque\/","title":{"rendered":"Parasailing Majorque"},"content":{"rendered":"<p>Parasailing Majorque. Il survole Palma \u00e0 plus de cinquante m\u00e8tres au-dessus de l&#8217;eau. Possibilit\u00e9 de le faire au coucher du soleil!<\/p>\n<p>Les meilleurs enterrements de vie de gar\u00e7on avec <a href=\"https:\/\/stagpartynight.com\/\">Stagparty<\/a>!<\/p>\n<h2 style=\"text-align: center;\">Parasailing Majorque\ud83e\ude82<\/h2>\n<h4>\ud83c\udf0a <strong>Parasailing \u00e0 Palma de Mallorca : Vivez l&#8217;\u00c9motion des Cieux M\u00e9diterran\u00e9ens !<\/strong> \ud83e\ude82<\/h4>\n<p>Pr\u00e9parez-vous \u00e0 une aventure a\u00e9rienne sensationnelle \u00e0 Palma de Mallorca avec notre exp\u00e9rience de parasailing !<\/p>\n<p>\ud83c\udf1e Rejoignez-nous pour une exp\u00e9rience unique o\u00f9 vous survolerez les eaux cristallines de Palma \u00e0 50 m\u00e8tres d&#8217;altitude pendant dix minutes, offrant une vue panoramique inoubliable sur la beaut\u00e9 m\u00e9diterran\u00e9enne.<\/p>\n<p>Accroch\u00e9 \u00e0 votre parachute, laissez-vous emporter par le vent marin tout en profitant de la sensation de libert\u00e9 pure. Les eaux scintillantes de Palma se d\u00e9voileront sous vos pieds, cr\u00e9ant des souvenirs ind\u00e9l\u00e9biles de cette exp\u00e9rience a\u00e9rienne exceptionnelle.<\/p>\n<p>Notre \u00e9quipe qualifi\u00e9e veillera \u00e0 votre s\u00e9curit\u00e9 tout au long de cette aventure, vous permettant de vous d\u00e9tendre et de vous laisser emporter par l&#8217;excitation. Que vous soyez en qu\u00eate de sensations fortes en solo, en couple ou en groupe, le parasailing est une exp\u00e9rience adapt\u00e9e \u00e0 tous les amateurs d&#8217;aventure.<\/p>\n<p>R\u00e9servez d\u00e8s maintenant pour vivre une exp\u00e9rience inoubliable, o\u00f9 l&#8217;adr\u00e9naline, la tranquillit\u00e9 et la beaut\u00e9 fusionnent dans les cieux de <a href=\"https:\/\/es.wikipedia.org\/wiki\/Palma_de_Mallorca\">Palma de Mallorca. <\/a><\/p>\n<p>Ne manquez pas cette occasion unique de toucher les nuages et de cr\u00e9er des souvenirs a\u00e9riens m\u00e9morables ! \ud83c\udf0a\ud83e\ude82\ud83c\udf1f<\/p>\n<p>R\u00e9servez d\u00e8s maintenant et profitez de Parasailing Majorque!<\/p>\n","protected":false},"excerpt":{"rendered":"<p>Parasailing Majorque. Il survole Palma \u00e0 plus de cinquante m\u00e8tres au-dessus de l&#8217;eau. Possibilit\u00e9 de le faire au coucher du soleil! Les meilleurs enterrements de vie de gar\u00e7on avec Stagparty! Parasailing Majorque\ud83e\ude82 \ud83c\udf0a Parasailing \u00e0 Palma de Mallorca : Vivez l&#8217;\u00c9motion des Cieux M\u00e9diterran\u00e9ens ! \ud83e\ude82 Pr\u00e9parez-vous \u00e0 une aventure a\u00e9rienne sensationnelle \u00e0 Palma de [&hellip;]<\/p>\n","protected":false},"featured_media":2762,"comment_status":"open","ping_status":"closed","template":"","meta":{"_et_pb_use_builder":"","_et_pb_old_content":"","_et_gb_content_width":""},"product_brand":[],"product_cat":[218,504],"product_tag":[],"class_list":{"0":"post-2761","1":"product","2":"type-product","3":"status-publish","4":"has-post-thumbnail","6":"product_cat-uncategorised","7":"product_cat-mallorca","9":"first","10":"instock","11":"shipping-taxable","12":"product-type-simple"},"yoast_head":"<!-- This site is optimized with the Yoast SEO plugin v26.4 - https:\/\/yoast.com\/wordpress\/plugins\/seo\/ -->\n<title>Parasailing Majorque<\/title>\n<meta name=\"description\" content=\"Parasailing Majorque. Il survole Palma \u00e0 plus de cinquante m\u00e8tres au-dessus de l&#039;eau. Possibilit\u00e9 de le faire au coucher du soleil.\" \/>\n<meta name=\"robots\" content=\"index, follow, max-snippet:-1, max-image-preview:large, max-video-preview:-1\" \/>\n<link rel=\"canonical\" href=\"https:\/\/stagpartynight.com\/fr\/product\/parasailing-majorque\/\" \/>\n<meta property=\"og:locale\" content=\"en_GB\" \/>\n<meta property=\"og:type\" content=\"article\" \/>\n<meta property=\"og:title\" content=\"Parasailing Majorque\" \/>\n<meta property=\"og:description\" content=\"Parasailing Majorque. Il survole Palma \u00e0 plus de cinquante m\u00e8tres au-dessus de l&#039;eau. Possibilit\u00e9 de le faire au coucher du soleil.\" \/>\n<meta property=\"og:url\" content=\"https:\/\/stagpartynight.com\/fr\/product\/parasailing-majorque\/\" \/>\n<meta property=\"og:site_name\" content=\"Nuit de f\u00eate de cerf\" \/>\n<meta property=\"article:modified_time\" content=\"2024-01-18T11:25:34+00:00\" \/>\n<meta property=\"og:image\" content=\"https:\/\/stagpartynight.com\/fr\/wp-content\/uploads\/sites\/3\/2024\/01\/Parasailing-Majorque.jpg\" \/>\n\t<meta property=\"og:image:width\" content=\"1620\" \/>\n\t<meta property=\"og:image:height\" content=\"1080\" \/>\n\t<meta property=\"og:image:type\" content=\"image\/jpeg\" \/>\n<meta name=\"twitter:card\" content=\"summary_large_image\" \/>\n<meta name=\"twitter:label1\" content=\"Estimated reading time\" \/>\n\t<meta name=\"twitter:data1\" content=\"1 minute\" \/>\n<script type=\"application\/ld+json\" class=\"yoast-schema-graph\">{\"@context\":\"https:\/\/schema.org\",\"@graph\":[{\"@type\":\"WebPage\",\"@id\":\"https:\/\/stagpartynight.com\/fr\/product\/parasailing-majorque\/\",\"url\":\"https:\/\/stagpartynight.com\/fr\/product\/parasailing-majorque\/\",\"name\":\"Parasailing Majorque\",\"isPartOf\":{\"@id\":\"https:\/\/stagpartynight.com\/fr\/#website\"},\"primaryImageOfPage\":{\"@id\":\"https:\/\/stagpartynight.com\/fr\/product\/parasailing-majorque\/#primaryimage\"},\"image\":{\"@id\":\"https:\/\/stagpartynight.com\/fr\/product\/parasailing-majorque\/#primaryimage\"},\"thumbnailUrl\":\"https:\/\/stagpartynight.com\/fr\/wp-content\/uploads\/sites\/3\/2024\/01\/Parasailing-Majorque.jpg\",\"datePublished\":\"2024-01-02T10:26:35+00:00\",\"dateModified\":\"2024-01-18T11:25:34+00:00\",\"description\":\"Parasailing Majorque. Il survole Palma \u00e0 plus de cinquante m\u00e8tres au-dessus de l'eau. Possibilit\u00e9 de le faire au coucher du soleil.\",\"breadcrumb\":{\"@id\":\"https:\/\/stagpartynight.com\/fr\/product\/parasailing-majorque\/#breadcrumb\"},\"inLanguage\":\"en-GB\",\"potentialAction\":[{\"@type\":\"ReadAction\",\"target\":[\"https:\/\/stagpartynight.com\/fr\/product\/parasailing-majorque\/\"]}]},{\"@type\":\"ImageObject\",\"inLanguage\":\"en-GB\",\"@id\":\"https:\/\/stagpartynight.com\/fr\/product\/parasailing-majorque\/#primaryimage\",\"url\":\"https:\/\/stagpartynight.com\/fr\/wp-content\/uploads\/sites\/3\/2024\/01\/Parasailing-Majorque.jpg\",\"contentUrl\":\"https:\/\/stagpartynight.com\/fr\/wp-content\/uploads\/sites\/3\/2024\/01\/Parasailing-Majorque.jpg\",\"width\":1620,\"height\":1080,\"caption\":\"Parasailing Majorque\"},{\"@type\":\"BreadcrumbList\",\"@id\":\"https:\/\/stagpartynight.com\/fr\/product\/parasailing-majorque\/#breadcrumb\",\"itemListElement\":[{\"@type\":\"ListItem\",\"position\":1,\"name\":\"Home\",\"item\":\"https:\/\/stagpartynight.com\/fr\/\"},{\"@type\":\"ListItem\",\"position\":2,\"name\":\"Tienda\",\"item\":\"https:\/\/stagpartynight.com\/fr\/tienda\/\"},{\"@type\":\"ListItem\",\"position\":3,\"name\":\"Parasailing Majorque\"}]},{\"@type\":\"WebSite\",\"@id\":\"https:\/\/stagpartynight.com\/fr\/#website\",\"url\":\"https:\/\/stagpartynight.com\/fr\/\",\"name\":\"Stag Party Night\",\"description\":\"Your Stag Party Customized\",\"publisher\":{\"@id\":\"https:\/\/stagpartynight.com\/fr\/#organization\"},\"potentialAction\":[{\"@type\":\"SearchAction\",\"target\":{\"@type\":\"EntryPoint\",\"urlTemplate\":\"https:\/\/stagpartynight.com\/fr\/?s={search_term_string}\"},\"query-input\":{\"@type\":\"PropertyValueSpecification\",\"valueRequired\":true,\"valueName\":\"search_term_string\"}}],\"inLanguage\":\"en-GB\"},{\"@type\":\"Organization\",\"@id\":\"https:\/\/stagpartynight.com\/fr\/#organization\",\"name\":\"Stag Party Night\",\"url\":\"https:\/\/stagpartynight.com\/fr\/\",\"logo\":{\"@type\":\"ImageObject\",\"inLanguage\":\"en-GB\",\"@id\":\"https:\/\/stagpartynight.com\/fr\/#\/schema\/logo\/image\/\",\"url\":\"https:\/\/stagpartynight.com\/fr\/wp-content\/uploads\/sites\/3\/2019\/12\/stagpartynight-e1578565505687.png\",\"contentUrl\":\"https:\/\/stagpartynight.com\/fr\/wp-content\/uploads\/sites\/3\/2019\/12\/stagpartynight-e1578565505687.png\",\"width\":400,\"height\":400,\"caption\":\"Stag Party Night\"},\"image\":{\"@id\":\"https:\/\/stagpartynight.com\/fr\/#\/schema\/logo\/image\/\"}}]}<\/script>\n<!-- \/ Yoast SEO plugin. -->","yoast_head_json":{"title":"Parasailing Majorque","description":"Parasailing Majorque. Il survole Palma \u00e0 plus de cinquante m\u00e8tres au-dessus de l'eau. Possibilit\u00e9 de le faire au coucher du soleil.","robots":{"index":"index","follow":"follow","max-snippet":"max-snippet:-1","max-image-preview":"max-image-preview:large","max-video-preview":"max-video-preview:-1"},"canonical":"https:\/\/stagpartynight.com\/fr\/product\/parasailing-majorque\/","og_locale":"en_GB","og_type":"article","og_title":"Parasailing Majorque","og_description":"Parasailing Majorque. Il survole Palma \u00e0 plus de cinquante m\u00e8tres au-dessus de l'eau. Possibilit\u00e9 de le faire au coucher du soleil.","og_url":"https:\/\/stagpartynight.com\/fr\/product\/parasailing-majorque\/","og_site_name":"Nuit de f\u00eate de cerf","article_modified_time":"2024-01-18T11:25:34+00:00","og_image":[{"width":1620,"height":1080,"url":"https:\/\/stagpartynight.com\/fr\/wp-content\/uploads\/sites\/3\/2024\/01\/Parasailing-Majorque.jpg","type":"image\/jpeg"}],"twitter_card":"summary_large_image","twitter_misc":{"Estimated reading time":"1 minute"},"schema":{"@context":"https:\/\/schema.org","@graph":[{"@type":"WebPage","@id":"https:\/\/stagpartynight.com\/fr\/product\/parasailing-majorque\/","url":"https:\/\/stagpartynight.com\/fr\/product\/parasailing-majorque\/","name":"Parasailing Majorque","isPartOf":{"@id":"https:\/\/stagpartynight.com\/fr\/#website"},"primaryImageOfPage":{"@id":"https:\/\/stagpartynight.com\/fr\/product\/parasailing-majorque\/#primaryimage"},"image":{"@id":"https:\/\/stagpartynight.com\/fr\/product\/parasailing-majorque\/#primaryimage"},"thumbnailUrl":"https:\/\/stagpartynight.com\/fr\/wp-content\/uploads\/sites\/3\/2024\/01\/Parasailing-Majorque.jpg","datePublished":"2024-01-02T10:26:35+00:00","dateModified":"2024-01-18T11:25:34+00:00","description":"Parasailing Majorque. Il survole Palma \u00e0 plus de cinquante m\u00e8tres au-dessus de l'eau. Possibilit\u00e9 de le faire au coucher du soleil.","breadcrumb":{"@id":"https:\/\/stagpartynight.com\/fr\/product\/parasailing-majorque\/#breadcrumb"},"inLanguage":"en-GB","potentialAction":[{"@type":"ReadAction","target":["https:\/\/stagpartynight.com\/fr\/product\/parasailing-majorque\/"]}]},{"@type":"ImageObject","inLanguage":"en-GB","@id":"https:\/\/stagpartynight.com\/fr\/product\/parasailing-majorque\/#primaryimage","url":"https:\/\/stagpartynight.com\/fr\/wp-content\/uploads\/sites\/3\/2024\/01\/Parasailing-Majorque.jpg","contentUrl":"https:\/\/stagpartynight.com\/fr\/wp-content\/uploads\/sites\/3\/2024\/01\/Parasailing-Majorque.jpg","width":1620,"height":1080,"caption":"Parasailing Majorque"},{"@type":"BreadcrumbList","@id":"https:\/\/stagpartynight.com\/fr\/product\/parasailing-majorque\/#breadcrumb","itemListElement":[{"@type":"ListItem","position":1,"name":"Home","item":"https:\/\/stagpartynight.com\/fr\/"},{"@type":"ListItem","position":2,"name":"Tienda","item":"https:\/\/stagpartynight.com\/fr\/tienda\/"},{"@type":"ListItem","position":3,"name":"Parasailing Majorque"}]},{"@type":"WebSite","@id":"https:\/\/stagpartynight.com\/fr\/#website","url":"https:\/\/stagpartynight.com\/fr\/","name":"Stag Party Night","description":"Your Stag Party Customized","publisher":{"@id":"https:\/\/stagpartynight.com\/fr\/#organization"},"potentialAction":[{"@type":"SearchAction","target":{"@type":"EntryPoint","urlTemplate":"https:\/\/stagpartynight.com\/fr\/?s={search_term_string}"},"query-input":{"@type":"PropertyValueSpecification","valueRequired":true,"valueName":"search_term_string"}}],"inLanguage":"en-GB"},{"@type":"Organization","@id":"https:\/\/stagpartynight.com\/fr\/#organization","name":"Stag Party Night","url":"https:\/\/stagpartynight.com\/fr\/","logo":{"@type":"ImageObject","inLanguage":"en-GB","@id":"https:\/\/stagpartynight.com\/fr\/#\/schema\/logo\/image\/","url":"https:\/\/stagpartynight.com\/fr\/wp-content\/uploads\/sites\/3\/2019\/12\/stagpartynight-e1578565505687.png","contentUrl":"https:\/\/stagpartynight.com\/fr\/wp-content\/uploads\/sites\/3\/2019\/12\/stagpartynight-e1578565505687.png","width":400,"height":400,"caption":"Stag Party Night"},"image":{"@id":"https:\/\/stagpartynight.com\/fr\/#\/schema\/logo\/image\/"}}]}},"_links":{"self":[{"href":"https:\/\/stagpartynight.com\/fr\/wp-json\/wp\/v2\/product\/2761","targetHints":{"allow":["GET"]}}],"collection":[{"href":"https:\/\/stagpartynight.com\/fr\/wp-json\/wp\/v2\/product"}],"about":[{"href":"https:\/\/stagpartynight.com\/fr\/wp-json\/wp\/v2\/types\/product"}],"replies":[{"embeddable":true,"href":"https:\/\/stagpartynight.com\/fr\/wp-json\/wp\/v2\/comments?post=2761"}],"wp:featuredmedia":[{"embeddable":true,"href":"https:\/\/stagpartynight.com\/fr\/wp-json\/wp\/v2\/media\/2762"}],"wp:attachment":[{"href":"https:\/\/stagpartynight.com\/fr\/wp-json\/wp\/v2\/media?parent=2761"}],"wp:term":[{"taxonomy":"product_brand","embeddable":true,"href":"https:\/\/stagpartynight.com\/fr\/wp-json\/wp\/v2\/product_brand?post=2761"},{"taxonomy":"product_cat","embeddable":true,"href":"https:\/\/stagpartynight.com\/fr\/wp-json\/wp\/v2\/product_cat?post=2761"},{"taxonomy":"product_tag","embeddable":true,"href":"https:\/\/stagpartynight.com\/fr\/wp-json\/wp\/v2\/product_tag?post=2761"}],"curies":[{"name":"wp","href":"https:\/\/api.w.org\/{rel}","templated":true}]}}