{"id":2763,"date":"2024-01-02T11:33:04","date_gmt":"2024-01-02T10:33:04","guid":{"rendered":"https:\/\/stagpartynight.com\/fr\/?post_type=product&#038;p=2763"},"modified":"2024-01-18T12:25:34","modified_gmt":"2024-01-18T11:25:34","slug":"bateau-rapide-majorque","status":"publish","type":"product","link":"https:\/\/stagpartynight.com\/fr\/product\/bateau-rapide-majorque\/","title":{"rendered":"Bateau Rapide Majorque"},"content":{"rendered":"<p>Bateau Rapide Majorque. Speed Boat Majorque. Deux heures d&#8217;adr\u00e9naline \u00e0 pleine vitesse sur la mer!<\/p>\n<p>Les meilleurs enterrements de vie de gar\u00e7on avec <a href=\"https:\/\/stagpartynight.com\/\">Stagparty<\/a>!<\/p>\n<h2 style=\"text-align: center;\">Bateau Rapide Majorque\ud83d\udea4<\/h2>\n<h4>\ud83c\udf0a <strong>Speed Boat \u00e0 Palma de Mallorca : Une Aventure Aquatique Palpitante !<\/strong> \ud83d\udea4<\/h4>\n<p>Embarquez pour une aventure inoubliable \u00e0 Palma de Mallorca avec notre exp\u00e9rience de Bateau Rapide Majorque ! \ud83c\udf1e<\/p>\n<p>Profitez de deux heures d&#8217;excitation pure sur les eaux cristallines de Mallorca, o\u00f9 l&#8217;amusement et l&#8217;aventure se rencontrent dans un ballet aquatique palpitant.<\/p>\n<p>Naviguez avec style \u00e0 bord de notre Speed Boat, d\u00e9gustant le vent marin et admirant les paysages \u00e9poustouflants de la c\u00f4te de Palma. Durant ce p\u00e9riple aquatique, vous aurez l&#8217;opportunit\u00e9 de faire des arr\u00eats pour nager dans les eaux rafra\u00eechissantes ou m\u00eame tenter un plongeon depuis les majestueux acantilados.<\/p>\n<p>Rafra\u00eechissez-vous avec une bi\u00e8re glac\u00e9e ou une sangria tout en profitant du soleil m\u00e9diterran\u00e9en et des vues panoramiques sur Palma de Mallorca. Notre \u00e9quipage exp\u00e9riment\u00e9 vous assure une aventure en toute s\u00e9curit\u00e9, m\u00ealant adr\u00e9naline et d\u00e9tente pour une exp\u00e9rience \u00e9quilibr\u00e9e et inoubliable.<\/p>\n<p>R\u00e9servez d\u00e8s maintenant pour une escapade en mer m\u00ealant exploration, frissons et moments de d\u00e9tente.<\/p>\n<p>Venez vivre l&#8217;essence de <a href=\"https:\/\/es.wikipedia.org\/wiki\/Palma_de_Mallorca\">Palma de Mallorca<\/a> \u00e0 bord de notre Speed Boat, o\u00f9 chaque instant devient une aventure m\u00e9morable ! \ud83d\udea4\ud83c\udf34\ud83c\udf79<\/p>\n<p>&nbsp;<\/p>\n","protected":false},"excerpt":{"rendered":"<p>Bateau Rapide Majorque. Speed Boat Majorque. Deux heures d&#8217;adr\u00e9naline \u00e0 pleine vitesse sur la mer! Les meilleurs enterrements de vie de gar\u00e7on avec Stagparty! Bateau Rapide Majorque\ud83d\udea4 \ud83c\udf0a Speed Boat \u00e0 Palma de Mallorca : Une Aventure Aquatique Palpitante ! \ud83d\udea4 Embarquez pour une aventure inoubliable \u00e0 Palma de Mallorca avec notre exp\u00e9rience de Bateau [&hellip;]<\/p>\n","protected":false},"featured_media":2764,"comment_status":"open","ping_status":"closed","template":"","meta":{"_et_pb_use_builder":"","_et_pb_old_content":"","_et_gb_content_width":""},"product_brand":[],"product_cat":[504,218],"product_tag":[],"class_list":{"0":"post-2763","1":"product","2":"type-product","3":"status-publish","4":"has-post-thumbnail","6":"product_cat-mallorca","7":"product_cat-uncategorised","9":"first","10":"instock","11":"shipping-taxable","12":"product-type-simple"},"yoast_head":"<!-- This site is optimized with the Yoast SEO Premium plugin v27.5 (Yoast SEO v27.5) - https:\/\/yoast.com\/product\/yoast-seo-premium-wordpress\/ -->\n<title>Bateau Rapide Majorque<\/title>\n<meta name=\"description\" content=\"Bateau Rapide Majorque. Speed Boat Mallorca. Speed Boat Majorque. Deux heures d&#039;adr\u00e9naline \u00e0 pleine vitesse sur la mer. Bateau Rapide Mallorca.\" \/>\n<meta name=\"robots\" content=\"index, follow, max-snippet:-1, max-image-preview:large, max-video-preview:-1\" \/>\n<link rel=\"canonical\" href=\"https:\/\/stagpartynight.com\/fr\/product\/bateau-rapide-majorque\/\" \/>\n<meta property=\"og:locale\" content=\"en_GB\" \/>\n<meta property=\"og:type\" content=\"article\" \/>\n<meta property=\"og:title\" content=\"Bateau Rapide Majorque\" \/>\n<meta property=\"og:description\" content=\"Bateau Rapide Majorque. Speed Boat Mallorca. Speed Boat Majorque. Deux heures d&#039;adr\u00e9naline \u00e0 pleine vitesse sur la mer. Bateau Rapide Mallorca.\" \/>\n<meta property=\"og:url\" content=\"https:\/\/stagpartynight.com\/fr\/product\/bateau-rapide-majorque\/\" \/>\n<meta property=\"og:site_name\" content=\"Nuit de f\u00eate de cerf\" \/>\n<meta property=\"article:modified_time\" content=\"2024-01-18T11:25:34+00:00\" \/>\n<meta property=\"og:image\" content=\"https:\/\/stagpartynight.com\/fr\/wp-content\/uploads\/sites\/3\/2024\/01\/Bateau-Rapide-Majorque.jpg\" \/>\n\t<meta property=\"og:image:width\" content=\"1280\" \/>\n\t<meta property=\"og:image:height\" content=\"720\" \/>\n\t<meta property=\"og:image:type\" content=\"image\/jpeg\" \/>\n<meta name=\"twitter:card\" content=\"summary_large_image\" \/>\n<meta name=\"twitter:label1\" content=\"Estimated reading time\" \/>\n\t<meta name=\"twitter:data1\" content=\"1 minute\" \/>\n<script type=\"application\/ld+json\" class=\"yoast-schema-graph\">{\"@context\":\"https:\\\/\\\/schema.org\",\"@graph\":[{\"@type\":\"WebPage\",\"@id\":\"https:\\\/\\\/stagpartynight.com\\\/fr\\\/product\\\/bateau-rapide-majorque\\\/\",\"url\":\"https:\\\/\\\/stagpartynight.com\\\/fr\\\/product\\\/bateau-rapide-majorque\\\/\",\"name\":\"Bateau Rapide Majorque\",\"isPartOf\":{\"@id\":\"https:\\\/\\\/stagpartynight.com\\\/fr\\\/#website\"},\"primaryImageOfPage\":{\"@id\":\"https:\\\/\\\/stagpartynight.com\\\/fr\\\/product\\\/bateau-rapide-majorque\\\/#primaryimage\"},\"image\":{\"@id\":\"https:\\\/\\\/stagpartynight.com\\\/fr\\\/product\\\/bateau-rapide-majorque\\\/#primaryimage\"},\"thumbnailUrl\":\"https:\\\/\\\/stagpartynight.com\\\/fr\\\/wp-content\\\/uploads\\\/sites\\\/3\\\/2024\\\/01\\\/Bateau-Rapide-Majorque.jpg\",\"datePublished\":\"2024-01-02T10:33:04+00:00\",\"dateModified\":\"2024-01-18T11:25:34+00:00\",\"description\":\"Bateau Rapide Majorque. Speed Boat Mallorca. Speed Boat Majorque. Deux heures d'adr\u00e9naline \u00e0 pleine vitesse sur la mer. Bateau Rapide Mallorca.\",\"breadcrumb\":{\"@id\":\"https:\\\/\\\/stagpartynight.com\\\/fr\\\/product\\\/bateau-rapide-majorque\\\/#breadcrumb\"},\"inLanguage\":\"en-GB\",\"potentialAction\":[{\"@type\":\"ReadAction\",\"target\":[\"https:\\\/\\\/stagpartynight.com\\\/fr\\\/product\\\/bateau-rapide-majorque\\\/\"]}]},{\"@type\":\"ImageObject\",\"inLanguage\":\"en-GB\",\"@id\":\"https:\\\/\\\/stagpartynight.com\\\/fr\\\/product\\\/bateau-rapide-majorque\\\/#primaryimage\",\"url\":\"https:\\\/\\\/stagpartynight.com\\\/fr\\\/wp-content\\\/uploads\\\/sites\\\/3\\\/2024\\\/01\\\/Bateau-Rapide-Majorque.jpg\",\"contentUrl\":\"https:\\\/\\\/stagpartynight.com\\\/fr\\\/wp-content\\\/uploads\\\/sites\\\/3\\\/2024\\\/01\\\/Bateau-Rapide-Majorque.jpg\",\"width\":1280,\"height\":720,\"caption\":\"Bateau Rapide Majorque\"},{\"@type\":\"BreadcrumbList\",\"@id\":\"https:\\\/\\\/stagpartynight.com\\\/fr\\\/product\\\/bateau-rapide-majorque\\\/#breadcrumb\",\"itemListElement\":[{\"@type\":\"ListItem\",\"position\":1,\"name\":\"Home\",\"item\":\"https:\\\/\\\/stagpartynight.com\\\/fr\\\/\"},{\"@type\":\"ListItem\",\"position\":2,\"name\":\"Tienda\",\"item\":\"https:\\\/\\\/stagpartynight.com\\\/fr\\\/tienda\\\/\"},{\"@type\":\"ListItem\",\"position\":3,\"name\":\"Bateau Rapide Majorque\"}]},{\"@type\":\"WebSite\",\"@id\":\"https:\\\/\\\/stagpartynight.com\\\/fr\\\/#website\",\"url\":\"https:\\\/\\\/stagpartynight.com\\\/fr\\\/\",\"name\":\"Stag Party Night\",\"description\":\"Your Stag Party Customized\",\"publisher\":{\"@id\":\"https:\\\/\\\/stagpartynight.com\\\/fr\\\/#organization\"},\"potentialAction\":[{\"@type\":\"SearchAction\",\"target\":{\"@type\":\"EntryPoint\",\"urlTemplate\":\"https:\\\/\\\/stagpartynight.com\\\/fr\\\/?s={search_term_string}\"},\"query-input\":{\"@type\":\"PropertyValueSpecification\",\"valueRequired\":true,\"valueName\":\"search_term_string\"}}],\"inLanguage\":\"en-GB\"},{\"@type\":\"Organization\",\"@id\":\"https:\\\/\\\/stagpartynight.com\\\/fr\\\/#organization\",\"name\":\"Stag Party Night\",\"url\":\"https:\\\/\\\/stagpartynight.com\\\/fr\\\/\",\"logo\":{\"@type\":\"ImageObject\",\"inLanguage\":\"en-GB\",\"@id\":\"https:\\\/\\\/stagpartynight.com\\\/fr\\\/#\\\/schema\\\/logo\\\/image\\\/\",\"url\":\"https:\\\/\\\/stagpartynight.com\\\/fr\\\/wp-content\\\/uploads\\\/sites\\\/3\\\/2019\\\/12\\\/stagpartynight-e1578565505687.png\",\"contentUrl\":\"https:\\\/\\\/stagpartynight.com\\\/fr\\\/wp-content\\\/uploads\\\/sites\\\/3\\\/2019\\\/12\\\/stagpartynight-e1578565505687.png\",\"width\":400,\"height\":400,\"caption\":\"Stag Party Night\"},\"image\":{\"@id\":\"https:\\\/\\\/stagpartynight.com\\\/fr\\\/#\\\/schema\\\/logo\\\/image\\\/\"}}]}<\/script>\n<!-- \/ Yoast SEO Premium plugin. -->","yoast_head_json":{"title":"Bateau Rapide Majorque","description":"Bateau Rapide Majorque. Speed Boat Mallorca. Speed Boat Majorque. Deux heures d'adr\u00e9naline \u00e0 pleine vitesse sur la mer. Bateau Rapide Mallorca.","robots":{"index":"index","follow":"follow","max-snippet":"max-snippet:-1","max-image-preview":"max-image-preview:large","max-video-preview":"max-video-preview:-1"},"canonical":"https:\/\/stagpartynight.com\/fr\/product\/bateau-rapide-majorque\/","og_locale":"en_GB","og_type":"article","og_title":"Bateau Rapide Majorque","og_description":"Bateau Rapide Majorque. Speed Boat Mallorca. Speed Boat Majorque. Deux heures d'adr\u00e9naline \u00e0 pleine vitesse sur la mer. Bateau Rapide Mallorca.","og_url":"https:\/\/stagpartynight.com\/fr\/product\/bateau-rapide-majorque\/","og_site_name":"Nuit de f\u00eate de cerf","article_modified_time":"2024-01-18T11:25:34+00:00","og_image":[{"width":1280,"height":720,"url":"https:\/\/stagpartynight.com\/fr\/wp-content\/uploads\/sites\/3\/2024\/01\/Bateau-Rapide-Majorque.jpg","type":"image\/jpeg"}],"twitter_card":"summary_large_image","twitter_misc":{"Estimated reading time":"1 minute"},"schema":{"@context":"https:\/\/schema.org","@graph":[{"@type":"WebPage","@id":"https:\/\/stagpartynight.com\/fr\/product\/bateau-rapide-majorque\/","url":"https:\/\/stagpartynight.com\/fr\/product\/bateau-rapide-majorque\/","name":"Bateau Rapide Majorque","isPartOf":{"@id":"https:\/\/stagpartynight.com\/fr\/#website"},"primaryImageOfPage":{"@id":"https:\/\/stagpartynight.com\/fr\/product\/bateau-rapide-majorque\/#primaryimage"},"image":{"@id":"https:\/\/stagpartynight.com\/fr\/product\/bateau-rapide-majorque\/#primaryimage"},"thumbnailUrl":"https:\/\/stagpartynight.com\/fr\/wp-content\/uploads\/sites\/3\/2024\/01\/Bateau-Rapide-Majorque.jpg","datePublished":"2024-01-02T10:33:04+00:00","dateModified":"2024-01-18T11:25:34+00:00","description":"Bateau Rapide Majorque. Speed Boat Mallorca. Speed Boat Majorque. Deux heures d'adr\u00e9naline \u00e0 pleine vitesse sur la mer. Bateau Rapide Mallorca.","breadcrumb":{"@id":"https:\/\/stagpartynight.com\/fr\/product\/bateau-rapide-majorque\/#breadcrumb"},"inLanguage":"en-GB","potentialAction":[{"@type":"ReadAction","target":["https:\/\/stagpartynight.com\/fr\/product\/bateau-rapide-majorque\/"]}]},{"@type":"ImageObject","inLanguage":"en-GB","@id":"https:\/\/stagpartynight.com\/fr\/product\/bateau-rapide-majorque\/#primaryimage","url":"https:\/\/stagpartynight.com\/fr\/wp-content\/uploads\/sites\/3\/2024\/01\/Bateau-Rapide-Majorque.jpg","contentUrl":"https:\/\/stagpartynight.com\/fr\/wp-content\/uploads\/sites\/3\/2024\/01\/Bateau-Rapide-Majorque.jpg","width":1280,"height":720,"caption":"Bateau Rapide Majorque"},{"@type":"BreadcrumbList","@id":"https:\/\/stagpartynight.com\/fr\/product\/bateau-rapide-majorque\/#breadcrumb","itemListElement":[{"@type":"ListItem","position":1,"name":"Home","item":"https:\/\/stagpartynight.com\/fr\/"},{"@type":"ListItem","position":2,"name":"Tienda","item":"https:\/\/stagpartynight.com\/fr\/tienda\/"},{"@type":"ListItem","position":3,"name":"Bateau Rapide Majorque"}]},{"@type":"WebSite","@id":"https:\/\/stagpartynight.com\/fr\/#website","url":"https:\/\/stagpartynight.com\/fr\/","name":"Stag Party Night","description":"Your Stag Party Customized","publisher":{"@id":"https:\/\/stagpartynight.com\/fr\/#organization"},"potentialAction":[{"@type":"SearchAction","target":{"@type":"EntryPoint","urlTemplate":"https:\/\/stagpartynight.com\/fr\/?s={search_term_string}"},"query-input":{"@type":"PropertyValueSpecification","valueRequired":true,"valueName":"search_term_string"}}],"inLanguage":"en-GB"},{"@type":"Organization","@id":"https:\/\/stagpartynight.com\/fr\/#organization","name":"Stag Party Night","url":"https:\/\/stagpartynight.com\/fr\/","logo":{"@type":"ImageObject","inLanguage":"en-GB","@id":"https:\/\/stagpartynight.com\/fr\/#\/schema\/logo\/image\/","url":"https:\/\/stagpartynight.com\/fr\/wp-content\/uploads\/sites\/3\/2019\/12\/stagpartynight-e1578565505687.png","contentUrl":"https:\/\/stagpartynight.com\/fr\/wp-content\/uploads\/sites\/3\/2019\/12\/stagpartynight-e1578565505687.png","width":400,"height":400,"caption":"Stag Party Night"},"image":{"@id":"https:\/\/stagpartynight.com\/fr\/#\/schema\/logo\/image\/"}}]}},"_links":{"self":[{"href":"https:\/\/stagpartynight.com\/fr\/wp-json\/wp\/v2\/product\/2763","targetHints":{"allow":["GET"]}}],"collection":[{"href":"https:\/\/stagpartynight.com\/fr\/wp-json\/wp\/v2\/product"}],"about":[{"href":"https:\/\/stagpartynight.com\/fr\/wp-json\/wp\/v2\/types\/product"}],"replies":[{"embeddable":true,"href":"https:\/\/stagpartynight.com\/fr\/wp-json\/wp\/v2\/comments?post=2763"}],"wp:featuredmedia":[{"embeddable":true,"href":"https:\/\/stagpartynight.com\/fr\/wp-json\/wp\/v2\/media\/2764"}],"wp:attachment":[{"href":"https:\/\/stagpartynight.com\/fr\/wp-json\/wp\/v2\/media?parent=2763"}],"wp:term":[{"taxonomy":"product_brand","embeddable":true,"href":"https:\/\/stagpartynight.com\/fr\/wp-json\/wp\/v2\/product_brand?post=2763"},{"taxonomy":"product_cat","embeddable":true,"href":"https:\/\/stagpartynight.com\/fr\/wp-json\/wp\/v2\/product_cat?post=2763"},{"taxonomy":"product_tag","embeddable":true,"href":"https:\/\/stagpartynight.com\/fr\/wp-json\/wp\/v2\/product_tag?post=2763"}],"curies":[{"name":"wp","href":"https:\/\/api.w.org\/{rel}","templated":true}]}}