{"id":2765,"date":"2024-01-02T11:38:56","date_gmt":"2024-01-02T10:38:56","guid":{"rendered":"https:\/\/stagpartynight.com\/fr\/?post_type=product&#038;p=2765"},"modified":"2024-01-18T12:25:33","modified_gmt":"2024-01-18T11:25:33","slug":"flyfish-majorque","status":"publish","type":"product","link":"https:\/\/stagpartynight.com\/fr\/product\/flyfish-majorque\/","title":{"rendered":"Flyfish Majorque"},"content":{"rendered":"<p>Flyfish Majorque. Profitez de dix minutes d&#8217;adr\u00e9naline et accrochez-vous \u00e0 l&#8217;eau pour montrer votre force !<\/p>\n<p>Les meilleurs enterrements de vie de gar\u00e7on avec <a href=\"https:\/\/stagpartynight.com\/\">Stagparty<\/a>!<\/p>\n<h2 style=\"text-align: center;\">Flyfish Majorque\ud83c\udf0a<\/h2>\n<h4>\ud83d\udea4 <strong>Flyfish \u00e0 Palma de Mallorca ou Magaluf : L&#8217;\u00c9motion A\u00e9rienne pour les Amateurs d&#8217;Adr\u00e9naline !<\/strong> \ud83c\udf0a<\/h4>\n<p>Pr\u00e9parez-vous \u00e0 une aventure aquatique \u00e9pique \u00e0 Palma de Mallorca ou Magaluf avec notre exp\u00e9rience de Flyfish ! \ud83e\ude82<\/p>\n<p>R\u00e9serv\u00e9e aux v\u00e9ritables amateurs d&#8217;adr\u00e9naline, cette attraction vous propulse \u00e0 dix m\u00e8tres au-dessus des eaux scintillantes, vous d\u00e9fiant de maintenir l&#8217;\u00e9quilibre pour une exp\u00e9rience pleine de sensations fortes.<\/p>\n<p>Accrochez-vous fermement \u00e0 notre Flyfish gonflable et laissez-vous glisser sur les vagues, d\u00e9fiant les lois de la gravit\u00e9. Vous vivrez dix minutes d&#8217;excitation pure, survolant les eaux cristallines de votre choix entre Palma de Mallorca et Magaluf. Le d\u00e9fi ? Garder votre \u00e9quilibre face aux virages et aux rebondissements !<\/p>\n<p>Cette exp\u00e9rience est con\u00e7ue pour les aventuriers intr\u00e9pides qui recherchent un m\u00e9lange parfait d&#8217;\u00e9motion et de rires. Que vous soyez en solo ou avec des amis, le Flyfish vous promet une aventure aquatique inoubliable.<\/p>\n<p>R\u00e9servez d\u00e8s maintenant pour une exp\u00e9rience unique o\u00f9 le ciel et la mer se rencontrent pour une aventure en apesanteur. D\u00e9fiez la gravit\u00e9 et vivez des moments palpitants \u00e0<a href=\"https:\/\/es.wikipedia.org\/wiki\/Palma_de_Mallorca\"> Palma de Mallorca<\/a> ou Magaluf avec notre exp\u00e9rience de Flyfish.<\/p>\n<p>R\u00e9servez Flyfish Majorque d\u00e8s maintenant!<\/p>\n<p>\u00cates-vous pr\u00eat pour le d\u00e9collage ? \ud83c\udf0a\ud83e\ude82\ud83d\ude80<\/p>\n<p>&nbsp;<\/p>\n","protected":false},"excerpt":{"rendered":"<p>Flyfish Majorque. Profitez de dix minutes d&#8217;adr\u00e9naline et accrochez-vous \u00e0 l&#8217;eau pour montrer votre force ! Les meilleurs enterrements de vie de gar\u00e7on avec Stagparty! Flyfish Majorque\ud83c\udf0a \ud83d\udea4 Flyfish \u00e0 Palma de Mallorca ou Magaluf : L&#8217;\u00c9motion A\u00e9rienne pour les Amateurs d&#8217;Adr\u00e9naline ! \ud83c\udf0a Pr\u00e9parez-vous \u00e0 une aventure aquatique \u00e9pique \u00e0 Palma de Mallorca ou [&hellip;]<\/p>\n","protected":false},"featured_media":2767,"comment_status":"open","ping_status":"closed","template":"","meta":{"_et_pb_use_builder":"","_et_pb_old_content":"","_et_gb_content_width":""},"product_brand":[],"product_cat":[218,504],"product_tag":[],"class_list":{"0":"post-2765","1":"product","2":"type-product","3":"status-publish","4":"has-post-thumbnail","6":"product_cat-uncategorised","7":"product_cat-mallorca","9":"first","10":"instock","11":"shipping-taxable","12":"product-type-simple"},"yoast_head":"<!-- This site is optimized with the Yoast SEO plugin v26.4 - https:\/\/yoast.com\/wordpress\/plugins\/seo\/ -->\n<title>Flyfish Majorque<\/title>\n<meta name=\"description\" content=\"Flyfish Majorque. Profitez de dix minutes d&#039;adr\u00e9naline et accrochez-vous \u00e0 l&#039;eau pour montrer votre force ! Flyfish Mallorca.\" \/>\n<meta name=\"robots\" content=\"index, follow, max-snippet:-1, max-image-preview:large, max-video-preview:-1\" \/>\n<link rel=\"canonical\" href=\"https:\/\/stagpartynight.com\/fr\/product\/flyfish-majorque\/\" \/>\n<meta property=\"og:locale\" content=\"en_GB\" \/>\n<meta property=\"og:type\" content=\"article\" \/>\n<meta property=\"og:title\" content=\"Flyfish Majorque\" \/>\n<meta property=\"og:description\" content=\"Flyfish Majorque. Profitez de dix minutes d&#039;adr\u00e9naline et accrochez-vous \u00e0 l&#039;eau pour montrer votre force ! Flyfish Mallorca.\" \/>\n<meta property=\"og:url\" content=\"https:\/\/stagpartynight.com\/fr\/product\/flyfish-majorque\/\" \/>\n<meta property=\"og:site_name\" content=\"Nuit de f\u00eate de cerf\" \/>\n<meta property=\"article:modified_time\" content=\"2024-01-18T11:25:33+00:00\" \/>\n<meta property=\"og:image\" content=\"https:\/\/stagpartynight.com\/fr\/wp-content\/uploads\/sites\/3\/2024\/01\/Flyfish-Majorque-1.jpg\" \/>\n\t<meta property=\"og:image:width\" content=\"600\" \/>\n\t<meta property=\"og:image:height\" content=\"300\" \/>\n\t<meta property=\"og:image:type\" content=\"image\/jpeg\" \/>\n<meta name=\"twitter:card\" content=\"summary_large_image\" \/>\n<meta name=\"twitter:label1\" content=\"Estimated reading time\" \/>\n\t<meta name=\"twitter:data1\" content=\"1 minute\" \/>\n<script type=\"application\/ld+json\" class=\"yoast-schema-graph\">{\"@context\":\"https:\/\/schema.org\",\"@graph\":[{\"@type\":\"WebPage\",\"@id\":\"https:\/\/stagpartynight.com\/fr\/product\/flyfish-majorque\/\",\"url\":\"https:\/\/stagpartynight.com\/fr\/product\/flyfish-majorque\/\",\"name\":\"Flyfish Majorque\",\"isPartOf\":{\"@id\":\"https:\/\/stagpartynight.com\/fr\/#website\"},\"primaryImageOfPage\":{\"@id\":\"https:\/\/stagpartynight.com\/fr\/product\/flyfish-majorque\/#primaryimage\"},\"image\":{\"@id\":\"https:\/\/stagpartynight.com\/fr\/product\/flyfish-majorque\/#primaryimage\"},\"thumbnailUrl\":\"https:\/\/stagpartynight.com\/fr\/wp-content\/uploads\/sites\/3\/2024\/01\/Flyfish-Majorque-1.jpg\",\"datePublished\":\"2024-01-02T10:38:56+00:00\",\"dateModified\":\"2024-01-18T11:25:33+00:00\",\"description\":\"Flyfish Majorque. Profitez de dix minutes d'adr\u00e9naline et accrochez-vous \u00e0 l'eau pour montrer votre force ! Flyfish Mallorca.\",\"breadcrumb\":{\"@id\":\"https:\/\/stagpartynight.com\/fr\/product\/flyfish-majorque\/#breadcrumb\"},\"inLanguage\":\"en-GB\",\"potentialAction\":[{\"@type\":\"ReadAction\",\"target\":[\"https:\/\/stagpartynight.com\/fr\/product\/flyfish-majorque\/\"]}]},{\"@type\":\"ImageObject\",\"inLanguage\":\"en-GB\",\"@id\":\"https:\/\/stagpartynight.com\/fr\/product\/flyfish-majorque\/#primaryimage\",\"url\":\"https:\/\/stagpartynight.com\/fr\/wp-content\/uploads\/sites\/3\/2024\/01\/Flyfish-Majorque-1.jpg\",\"contentUrl\":\"https:\/\/stagpartynight.com\/fr\/wp-content\/uploads\/sites\/3\/2024\/01\/Flyfish-Majorque-1.jpg\",\"width\":600,\"height\":300,\"caption\":\"Flyfish Majorque\"},{\"@type\":\"BreadcrumbList\",\"@id\":\"https:\/\/stagpartynight.com\/fr\/product\/flyfish-majorque\/#breadcrumb\",\"itemListElement\":[{\"@type\":\"ListItem\",\"position\":1,\"name\":\"Home\",\"item\":\"https:\/\/stagpartynight.com\/fr\/\"},{\"@type\":\"ListItem\",\"position\":2,\"name\":\"Tienda\",\"item\":\"https:\/\/stagpartynight.com\/fr\/tienda\/\"},{\"@type\":\"ListItem\",\"position\":3,\"name\":\"Flyfish Majorque\"}]},{\"@type\":\"WebSite\",\"@id\":\"https:\/\/stagpartynight.com\/fr\/#website\",\"url\":\"https:\/\/stagpartynight.com\/fr\/\",\"name\":\"Stag Party Night\",\"description\":\"Your Stag Party Customized\",\"publisher\":{\"@id\":\"https:\/\/stagpartynight.com\/fr\/#organization\"},\"potentialAction\":[{\"@type\":\"SearchAction\",\"target\":{\"@type\":\"EntryPoint\",\"urlTemplate\":\"https:\/\/stagpartynight.com\/fr\/?s={search_term_string}\"},\"query-input\":{\"@type\":\"PropertyValueSpecification\",\"valueRequired\":true,\"valueName\":\"search_term_string\"}}],\"inLanguage\":\"en-GB\"},{\"@type\":\"Organization\",\"@id\":\"https:\/\/stagpartynight.com\/fr\/#organization\",\"name\":\"Stag Party Night\",\"url\":\"https:\/\/stagpartynight.com\/fr\/\",\"logo\":{\"@type\":\"ImageObject\",\"inLanguage\":\"en-GB\",\"@id\":\"https:\/\/stagpartynight.com\/fr\/#\/schema\/logo\/image\/\",\"url\":\"https:\/\/stagpartynight.com\/fr\/wp-content\/uploads\/sites\/3\/2019\/12\/stagpartynight-e1578565505687.png\",\"contentUrl\":\"https:\/\/stagpartynight.com\/fr\/wp-content\/uploads\/sites\/3\/2019\/12\/stagpartynight-e1578565505687.png\",\"width\":400,\"height\":400,\"caption\":\"Stag Party Night\"},\"image\":{\"@id\":\"https:\/\/stagpartynight.com\/fr\/#\/schema\/logo\/image\/\"}}]}<\/script>\n<!-- \/ Yoast SEO plugin. -->","yoast_head_json":{"title":"Flyfish Majorque","description":"Flyfish Majorque. Profitez de dix minutes d'adr\u00e9naline et accrochez-vous \u00e0 l'eau pour montrer votre force ! Flyfish Mallorca.","robots":{"index":"index","follow":"follow","max-snippet":"max-snippet:-1","max-image-preview":"max-image-preview:large","max-video-preview":"max-video-preview:-1"},"canonical":"https:\/\/stagpartynight.com\/fr\/product\/flyfish-majorque\/","og_locale":"en_GB","og_type":"article","og_title":"Flyfish Majorque","og_description":"Flyfish Majorque. Profitez de dix minutes d'adr\u00e9naline et accrochez-vous \u00e0 l'eau pour montrer votre force ! Flyfish Mallorca.","og_url":"https:\/\/stagpartynight.com\/fr\/product\/flyfish-majorque\/","og_site_name":"Nuit de f\u00eate de cerf","article_modified_time":"2024-01-18T11:25:33+00:00","og_image":[{"width":600,"height":300,"url":"https:\/\/stagpartynight.com\/fr\/wp-content\/uploads\/sites\/3\/2024\/01\/Flyfish-Majorque-1.jpg","type":"image\/jpeg"}],"twitter_card":"summary_large_image","twitter_misc":{"Estimated reading time":"1 minute"},"schema":{"@context":"https:\/\/schema.org","@graph":[{"@type":"WebPage","@id":"https:\/\/stagpartynight.com\/fr\/product\/flyfish-majorque\/","url":"https:\/\/stagpartynight.com\/fr\/product\/flyfish-majorque\/","name":"Flyfish Majorque","isPartOf":{"@id":"https:\/\/stagpartynight.com\/fr\/#website"},"primaryImageOfPage":{"@id":"https:\/\/stagpartynight.com\/fr\/product\/flyfish-majorque\/#primaryimage"},"image":{"@id":"https:\/\/stagpartynight.com\/fr\/product\/flyfish-majorque\/#primaryimage"},"thumbnailUrl":"https:\/\/stagpartynight.com\/fr\/wp-content\/uploads\/sites\/3\/2024\/01\/Flyfish-Majorque-1.jpg","datePublished":"2024-01-02T10:38:56+00:00","dateModified":"2024-01-18T11:25:33+00:00","description":"Flyfish Majorque. Profitez de dix minutes d'adr\u00e9naline et accrochez-vous \u00e0 l'eau pour montrer votre force ! Flyfish Mallorca.","breadcrumb":{"@id":"https:\/\/stagpartynight.com\/fr\/product\/flyfish-majorque\/#breadcrumb"},"inLanguage":"en-GB","potentialAction":[{"@type":"ReadAction","target":["https:\/\/stagpartynight.com\/fr\/product\/flyfish-majorque\/"]}]},{"@type":"ImageObject","inLanguage":"en-GB","@id":"https:\/\/stagpartynight.com\/fr\/product\/flyfish-majorque\/#primaryimage","url":"https:\/\/stagpartynight.com\/fr\/wp-content\/uploads\/sites\/3\/2024\/01\/Flyfish-Majorque-1.jpg","contentUrl":"https:\/\/stagpartynight.com\/fr\/wp-content\/uploads\/sites\/3\/2024\/01\/Flyfish-Majorque-1.jpg","width":600,"height":300,"caption":"Flyfish Majorque"},{"@type":"BreadcrumbList","@id":"https:\/\/stagpartynight.com\/fr\/product\/flyfish-majorque\/#breadcrumb","itemListElement":[{"@type":"ListItem","position":1,"name":"Home","item":"https:\/\/stagpartynight.com\/fr\/"},{"@type":"ListItem","position":2,"name":"Tienda","item":"https:\/\/stagpartynight.com\/fr\/tienda\/"},{"@type":"ListItem","position":3,"name":"Flyfish Majorque"}]},{"@type":"WebSite","@id":"https:\/\/stagpartynight.com\/fr\/#website","url":"https:\/\/stagpartynight.com\/fr\/","name":"Stag Party Night","description":"Your Stag Party Customized","publisher":{"@id":"https:\/\/stagpartynight.com\/fr\/#organization"},"potentialAction":[{"@type":"SearchAction","target":{"@type":"EntryPoint","urlTemplate":"https:\/\/stagpartynight.com\/fr\/?s={search_term_string}"},"query-input":{"@type":"PropertyValueSpecification","valueRequired":true,"valueName":"search_term_string"}}],"inLanguage":"en-GB"},{"@type":"Organization","@id":"https:\/\/stagpartynight.com\/fr\/#organization","name":"Stag Party Night","url":"https:\/\/stagpartynight.com\/fr\/","logo":{"@type":"ImageObject","inLanguage":"en-GB","@id":"https:\/\/stagpartynight.com\/fr\/#\/schema\/logo\/image\/","url":"https:\/\/stagpartynight.com\/fr\/wp-content\/uploads\/sites\/3\/2019\/12\/stagpartynight-e1578565505687.png","contentUrl":"https:\/\/stagpartynight.com\/fr\/wp-content\/uploads\/sites\/3\/2019\/12\/stagpartynight-e1578565505687.png","width":400,"height":400,"caption":"Stag Party Night"},"image":{"@id":"https:\/\/stagpartynight.com\/fr\/#\/schema\/logo\/image\/"}}]}},"_links":{"self":[{"href":"https:\/\/stagpartynight.com\/fr\/wp-json\/wp\/v2\/product\/2765","targetHints":{"allow":["GET"]}}],"collection":[{"href":"https:\/\/stagpartynight.com\/fr\/wp-json\/wp\/v2\/product"}],"about":[{"href":"https:\/\/stagpartynight.com\/fr\/wp-json\/wp\/v2\/types\/product"}],"replies":[{"embeddable":true,"href":"https:\/\/stagpartynight.com\/fr\/wp-json\/wp\/v2\/comments?post=2765"}],"wp:featuredmedia":[{"embeddable":true,"href":"https:\/\/stagpartynight.com\/fr\/wp-json\/wp\/v2\/media\/2767"}],"wp:attachment":[{"href":"https:\/\/stagpartynight.com\/fr\/wp-json\/wp\/v2\/media?parent=2765"}],"wp:term":[{"taxonomy":"product_brand","embeddable":true,"href":"https:\/\/stagpartynight.com\/fr\/wp-json\/wp\/v2\/product_brand?post=2765"},{"taxonomy":"product_cat","embeddable":true,"href":"https:\/\/stagpartynight.com\/fr\/wp-json\/wp\/v2\/product_cat?post=2765"},{"taxonomy":"product_tag","embeddable":true,"href":"https:\/\/stagpartynight.com\/fr\/wp-json\/wp\/v2\/product_tag?post=2765"}],"curies":[{"name":"wp","href":"https:\/\/api.w.org\/{rel}","templated":true}]}}