{"id":2772,"date":"2024-01-02T12:07:04","date_gmt":"2024-01-02T11:07:04","guid":{"rendered":"https:\/\/stagpartynight.com\/fr\/?post_type=product&#038;p=2772"},"modified":"2024-01-18T12:25:32","modified_gmt":"2024-01-18T11:25:32","slug":"crazy-sofa-majorque","status":"publish","type":"product","link":"https:\/\/stagpartynight.com\/fr\/product\/crazy-sofa-majorque\/","title":{"rendered":"Crazy Sofa Majorque"},"content":{"rendered":"<p>Crazy Sofa Majorque. Si vous aimez l&#8217;eau, le plaisir et l&#8217;adr\u00e9naline, le sofa fou est votre choix. Cassez les vagues avec rapidit\u00e9 \u00e0 Majorque!<\/p>\n<p>Les meilleurs enterrements de vie de gar\u00e7on avec <a href=\"https:\/\/stagpartynight.com\/\">Stagparty<\/a>!<\/p>\n<h2 style=\"text-align: center;\">Crazy Sofa Majorque\ud83c\udf0a<\/h2>\n<h4>\ud83c\udf0a <strong>Crazy Sofa \u00e0 Palma de Mallorca ou Magaluf : D\u00e9fiez les Vagues avec Fougue !<\/strong> \ud83c\udfd6\ufe0f<\/h4>\n<p>Pr\u00e9parez-vous \u00e0 une exp\u00e9rience aquatique d\u00e9lirante \u00e0 Palma de Mallorca ou Magaluf avec notre aventure Crazy Sofa ! \ud83e\udd2a<\/p>\n<p>R\u00e9serv\u00e9e aux amateurs d&#8217;adr\u00e9naline et de pur plaisir, cette colchoneta gonflable vous invite \u00e0 d\u00e9fier les vagues pendant dix minutes exaltantes, garantissant des \u00e9clats de rire et des souvenirs inoubliables.<\/p>\n<p>Accrochez-vous fermement avec votre groupe de cinq personnes sur notre Crazy Sofa et pr\u00e9parez-vous \u00e0 sauter les vagues de la M\u00e9diterran\u00e9e. Ceux qui cherchent \u00e0 combiner la sensation de voler au-dessus de l&#8217;eau avec des \u00e9clats de rire d\u00e9brid\u00e9s trouveront leur bonheur dans cette exp\u00e9rience unique.<\/p>\n<p>Que vous optiez pour<a href=\"https:\/\/es.wikipedia.org\/wiki\/Palma_de_Mallorca\"> Palma de Mallorca<\/a> ou Magaluf, l&#8217;excitation est garantie. Notre colchoneta offre une exp\u00e9rience parfaite pour les groupes d&#8217;amis cherchant une aventure aquatique d\u00e9lirante.<\/p>\n<p>R\u00e9servez d\u00e8s maintenant pour une \u00e9vasion en mer combinant adr\u00e9naline et divertissement. Embarquez sur notre Crazy Sofa pour une exp\u00e9rience qui vous fera sauter de joie \u00e0 chaque vague.<\/p>\n<p>Pr\u00e9parez-vous \u00e0 rire, \u00e0 bondir et \u00e0 cr\u00e9er des souvenirs imp\u00e9rissables ! \ud83c\udf0a\ud83e\udd2a\ud83d\udea4<\/p>\n<p>R\u00e9servez Crazy Sofa Majorque d\u00e8s maintenant!<\/p>\n<p>&nbsp;<\/p>\n<div class=\"w-full text-token-text-primary\" data-testid=\"conversation-turn-45\">\n<div class=\"px-4 py-2 justify-center text-base md:gap-6 m-auto\">\n<div class=\"flex flex-1 text-base mx-auto gap-3 md:px-5 lg:px-1 xl:px-5 md:max-w-3xl lg:max-w-[40rem] xl:max-w-[48rem] group\">\n<div class=\"relative flex w-full flex-col lg:w-[calc(100%-115px)] agent-turn\">\n<div class=\"flex-col gap-1 md:gap-3\">\n<div class=\"mt-1 flex justify-start gap-3 empty:hidden\">\n<div class=\"text-gray-400 flex self-end lg:self-center justify-center lg:justify-start mt-0 gap-1 visible\"><button class=\"flex items-center gap-1.5 rounded-md p-1 pl-0 text-xs hover:text-gray-950 dark:text-gray-400 dark:hover:text-gray-200 disabled:dark:hover:text-gray-400 md:invisible md:group-hover:visible md:group-[.final-completion]:visible\"><\/button><\/p>\n<div class=\"flex gap-1\"><\/div>\n<\/div>\n<\/div>\n<\/div>\n<\/div>\n<\/div>\n<\/div>\n<\/div>\n<div class=\"w-full text-token-text-primary\" data-testid=\"conversation-turn-46\">\n<div class=\"px-4 py-2 justify-center text-base md:gap-6 m-auto\">\n<div class=\"flex flex-1 text-base mx-auto gap-3 md:px-5 lg:px-1 xl:px-5 md:max-w-3xl lg:max-w-[40rem] xl:max-w-[48rem] group\">\n<div class=\"flex-shrink-0 flex flex-col relative items-end\">\n<div>\n<div class=\"pt-0.5\">\n<div class=\"gizmo-shadow-stroke flex h-6 w-6 items-center justify-center overflow-hidden rounded-full\"><\/div>\n<\/div>\n<\/div>\n<\/div>\n<\/div>\n<\/div>\n<\/div>\n","protected":false},"excerpt":{"rendered":"<p>Crazy Sofa Majorque. Si vous aimez l&#8217;eau, le plaisir et l&#8217;adr\u00e9naline, le sofa fou est votre choix. Cassez les vagues avec rapidit\u00e9 \u00e0 Majorque! Les meilleurs enterrements de vie de gar\u00e7on avec Stagparty! Crazy Sofa Majorque\ud83c\udf0a \ud83c\udf0a Crazy Sofa \u00e0 Palma de Mallorca ou Magaluf : D\u00e9fiez les Vagues avec Fougue ! \ud83c\udfd6\ufe0f Pr\u00e9parez-vous \u00e0 [&hellip;]<\/p>\n","protected":false},"featured_media":2774,"comment_status":"open","ping_status":"closed","template":"","meta":{"_et_pb_use_builder":"","_et_pb_old_content":"","_et_gb_content_width":""},"product_brand":[],"product_cat":[218,504],"product_tag":[],"class_list":{"0":"post-2772","1":"product","2":"type-product","3":"status-publish","4":"has-post-thumbnail","6":"product_cat-uncategorised","7":"product_cat-mallorca","9":"first","10":"instock","11":"shipping-taxable","12":"product-type-simple"},"yoast_head":"<!-- This site is optimized with the Yoast SEO plugin v26.4 - https:\/\/yoast.com\/wordpress\/plugins\/seo\/ -->\n<title>Crazy Sofa Majorque<\/title>\n<meta name=\"description\" content=\"Crazy Sofa Majorque. Si vous aimez l&#039;eau, le plaisir et l&#039;adr\u00e9naline, le sofa fou est votre choix. Cassez les vagues avec rapidit\u00e9 \u00e0 Majorque.\" \/>\n<meta name=\"robots\" content=\"index, follow, max-snippet:-1, max-image-preview:large, max-video-preview:-1\" \/>\n<link rel=\"canonical\" href=\"https:\/\/stagpartynight.com\/fr\/product\/crazy-sofa-majorque\/\" \/>\n<meta property=\"og:locale\" content=\"en_GB\" \/>\n<meta property=\"og:type\" content=\"article\" \/>\n<meta property=\"og:title\" content=\"Crazy Sofa Majorque\" \/>\n<meta property=\"og:description\" content=\"Crazy Sofa Majorque. Si vous aimez l&#039;eau, le plaisir et l&#039;adr\u00e9naline, le sofa fou est votre choix. Cassez les vagues avec rapidit\u00e9 \u00e0 Majorque.\" \/>\n<meta property=\"og:url\" content=\"https:\/\/stagpartynight.com\/fr\/product\/crazy-sofa-majorque\/\" \/>\n<meta property=\"og:site_name\" content=\"Nuit de f\u00eate de cerf\" \/>\n<meta property=\"article:modified_time\" content=\"2024-01-18T11:25:32+00:00\" \/>\n<meta property=\"og:image\" content=\"https:\/\/stagpartynight.com\/fr\/wp-content\/uploads\/sites\/3\/2024\/01\/Crazy-Sofa-Majorque.jpg\" \/>\n\t<meta property=\"og:image:width\" content=\"600\" \/>\n\t<meta property=\"og:image:height\" content=\"400\" \/>\n\t<meta property=\"og:image:type\" content=\"image\/jpeg\" \/>\n<meta name=\"twitter:card\" content=\"summary_large_image\" \/>\n<meta name=\"twitter:label1\" content=\"Estimated reading time\" \/>\n\t<meta name=\"twitter:data1\" content=\"1 minute\" \/>\n<script type=\"application\/ld+json\" class=\"yoast-schema-graph\">{\"@context\":\"https:\/\/schema.org\",\"@graph\":[{\"@type\":\"WebPage\",\"@id\":\"https:\/\/stagpartynight.com\/fr\/product\/crazy-sofa-majorque\/\",\"url\":\"https:\/\/stagpartynight.com\/fr\/product\/crazy-sofa-majorque\/\",\"name\":\"Crazy Sofa Majorque\",\"isPartOf\":{\"@id\":\"https:\/\/stagpartynight.com\/fr\/#website\"},\"primaryImageOfPage\":{\"@id\":\"https:\/\/stagpartynight.com\/fr\/product\/crazy-sofa-majorque\/#primaryimage\"},\"image\":{\"@id\":\"https:\/\/stagpartynight.com\/fr\/product\/crazy-sofa-majorque\/#primaryimage\"},\"thumbnailUrl\":\"https:\/\/stagpartynight.com\/fr\/wp-content\/uploads\/sites\/3\/2024\/01\/Crazy-Sofa-Majorque.jpg\",\"datePublished\":\"2024-01-02T11:07:04+00:00\",\"dateModified\":\"2024-01-18T11:25:32+00:00\",\"description\":\"Crazy Sofa Majorque. Si vous aimez l'eau, le plaisir et l'adr\u00e9naline, le sofa fou est votre choix. Cassez les vagues avec rapidit\u00e9 \u00e0 Majorque.\",\"breadcrumb\":{\"@id\":\"https:\/\/stagpartynight.com\/fr\/product\/crazy-sofa-majorque\/#breadcrumb\"},\"inLanguage\":\"en-GB\",\"potentialAction\":[{\"@type\":\"ReadAction\",\"target\":[\"https:\/\/stagpartynight.com\/fr\/product\/crazy-sofa-majorque\/\"]}]},{\"@type\":\"ImageObject\",\"inLanguage\":\"en-GB\",\"@id\":\"https:\/\/stagpartynight.com\/fr\/product\/crazy-sofa-majorque\/#primaryimage\",\"url\":\"https:\/\/stagpartynight.com\/fr\/wp-content\/uploads\/sites\/3\/2024\/01\/Crazy-Sofa-Majorque.jpg\",\"contentUrl\":\"https:\/\/stagpartynight.com\/fr\/wp-content\/uploads\/sites\/3\/2024\/01\/Crazy-Sofa-Majorque.jpg\",\"width\":600,\"height\":400,\"caption\":\"Crazy Sofa Majorque\"},{\"@type\":\"BreadcrumbList\",\"@id\":\"https:\/\/stagpartynight.com\/fr\/product\/crazy-sofa-majorque\/#breadcrumb\",\"itemListElement\":[{\"@type\":\"ListItem\",\"position\":1,\"name\":\"Home\",\"item\":\"https:\/\/stagpartynight.com\/fr\/\"},{\"@type\":\"ListItem\",\"position\":2,\"name\":\"Tienda\",\"item\":\"https:\/\/stagpartynight.com\/fr\/tienda\/\"},{\"@type\":\"ListItem\",\"position\":3,\"name\":\"Crazy Sofa Majorque\"}]},{\"@type\":\"WebSite\",\"@id\":\"https:\/\/stagpartynight.com\/fr\/#website\",\"url\":\"https:\/\/stagpartynight.com\/fr\/\",\"name\":\"Stag Party Night\",\"description\":\"Your Stag Party Customized\",\"publisher\":{\"@id\":\"https:\/\/stagpartynight.com\/fr\/#organization\"},\"potentialAction\":[{\"@type\":\"SearchAction\",\"target\":{\"@type\":\"EntryPoint\",\"urlTemplate\":\"https:\/\/stagpartynight.com\/fr\/?s={search_term_string}\"},\"query-input\":{\"@type\":\"PropertyValueSpecification\",\"valueRequired\":true,\"valueName\":\"search_term_string\"}}],\"inLanguage\":\"en-GB\"},{\"@type\":\"Organization\",\"@id\":\"https:\/\/stagpartynight.com\/fr\/#organization\",\"name\":\"Stag Party Night\",\"url\":\"https:\/\/stagpartynight.com\/fr\/\",\"logo\":{\"@type\":\"ImageObject\",\"inLanguage\":\"en-GB\",\"@id\":\"https:\/\/stagpartynight.com\/fr\/#\/schema\/logo\/image\/\",\"url\":\"https:\/\/stagpartynight.com\/fr\/wp-content\/uploads\/sites\/3\/2019\/12\/stagpartynight-e1578565505687.png\",\"contentUrl\":\"https:\/\/stagpartynight.com\/fr\/wp-content\/uploads\/sites\/3\/2019\/12\/stagpartynight-e1578565505687.png\",\"width\":400,\"height\":400,\"caption\":\"Stag Party Night\"},\"image\":{\"@id\":\"https:\/\/stagpartynight.com\/fr\/#\/schema\/logo\/image\/\"}}]}<\/script>\n<!-- \/ Yoast SEO plugin. -->","yoast_head_json":{"title":"Crazy Sofa Majorque","description":"Crazy Sofa Majorque. Si vous aimez l'eau, le plaisir et l'adr\u00e9naline, le sofa fou est votre choix. Cassez les vagues avec rapidit\u00e9 \u00e0 Majorque.","robots":{"index":"index","follow":"follow","max-snippet":"max-snippet:-1","max-image-preview":"max-image-preview:large","max-video-preview":"max-video-preview:-1"},"canonical":"https:\/\/stagpartynight.com\/fr\/product\/crazy-sofa-majorque\/","og_locale":"en_GB","og_type":"article","og_title":"Crazy Sofa Majorque","og_description":"Crazy Sofa Majorque. Si vous aimez l'eau, le plaisir et l'adr\u00e9naline, le sofa fou est votre choix. Cassez les vagues avec rapidit\u00e9 \u00e0 Majorque.","og_url":"https:\/\/stagpartynight.com\/fr\/product\/crazy-sofa-majorque\/","og_site_name":"Nuit de f\u00eate de cerf","article_modified_time":"2024-01-18T11:25:32+00:00","og_image":[{"width":600,"height":400,"url":"https:\/\/stagpartynight.com\/fr\/wp-content\/uploads\/sites\/3\/2024\/01\/Crazy-Sofa-Majorque.jpg","type":"image\/jpeg"}],"twitter_card":"summary_large_image","twitter_misc":{"Estimated reading time":"1 minute"},"schema":{"@context":"https:\/\/schema.org","@graph":[{"@type":"WebPage","@id":"https:\/\/stagpartynight.com\/fr\/product\/crazy-sofa-majorque\/","url":"https:\/\/stagpartynight.com\/fr\/product\/crazy-sofa-majorque\/","name":"Crazy Sofa Majorque","isPartOf":{"@id":"https:\/\/stagpartynight.com\/fr\/#website"},"primaryImageOfPage":{"@id":"https:\/\/stagpartynight.com\/fr\/product\/crazy-sofa-majorque\/#primaryimage"},"image":{"@id":"https:\/\/stagpartynight.com\/fr\/product\/crazy-sofa-majorque\/#primaryimage"},"thumbnailUrl":"https:\/\/stagpartynight.com\/fr\/wp-content\/uploads\/sites\/3\/2024\/01\/Crazy-Sofa-Majorque.jpg","datePublished":"2024-01-02T11:07:04+00:00","dateModified":"2024-01-18T11:25:32+00:00","description":"Crazy Sofa Majorque. Si vous aimez l'eau, le plaisir et l'adr\u00e9naline, le sofa fou est votre choix. Cassez les vagues avec rapidit\u00e9 \u00e0 Majorque.","breadcrumb":{"@id":"https:\/\/stagpartynight.com\/fr\/product\/crazy-sofa-majorque\/#breadcrumb"},"inLanguage":"en-GB","potentialAction":[{"@type":"ReadAction","target":["https:\/\/stagpartynight.com\/fr\/product\/crazy-sofa-majorque\/"]}]},{"@type":"ImageObject","inLanguage":"en-GB","@id":"https:\/\/stagpartynight.com\/fr\/product\/crazy-sofa-majorque\/#primaryimage","url":"https:\/\/stagpartynight.com\/fr\/wp-content\/uploads\/sites\/3\/2024\/01\/Crazy-Sofa-Majorque.jpg","contentUrl":"https:\/\/stagpartynight.com\/fr\/wp-content\/uploads\/sites\/3\/2024\/01\/Crazy-Sofa-Majorque.jpg","width":600,"height":400,"caption":"Crazy Sofa Majorque"},{"@type":"BreadcrumbList","@id":"https:\/\/stagpartynight.com\/fr\/product\/crazy-sofa-majorque\/#breadcrumb","itemListElement":[{"@type":"ListItem","position":1,"name":"Home","item":"https:\/\/stagpartynight.com\/fr\/"},{"@type":"ListItem","position":2,"name":"Tienda","item":"https:\/\/stagpartynight.com\/fr\/tienda\/"},{"@type":"ListItem","position":3,"name":"Crazy Sofa Majorque"}]},{"@type":"WebSite","@id":"https:\/\/stagpartynight.com\/fr\/#website","url":"https:\/\/stagpartynight.com\/fr\/","name":"Stag Party Night","description":"Your Stag Party Customized","publisher":{"@id":"https:\/\/stagpartynight.com\/fr\/#organization"},"potentialAction":[{"@type":"SearchAction","target":{"@type":"EntryPoint","urlTemplate":"https:\/\/stagpartynight.com\/fr\/?s={search_term_string}"},"query-input":{"@type":"PropertyValueSpecification","valueRequired":true,"valueName":"search_term_string"}}],"inLanguage":"en-GB"},{"@type":"Organization","@id":"https:\/\/stagpartynight.com\/fr\/#organization","name":"Stag Party Night","url":"https:\/\/stagpartynight.com\/fr\/","logo":{"@type":"ImageObject","inLanguage":"en-GB","@id":"https:\/\/stagpartynight.com\/fr\/#\/schema\/logo\/image\/","url":"https:\/\/stagpartynight.com\/fr\/wp-content\/uploads\/sites\/3\/2019\/12\/stagpartynight-e1578565505687.png","contentUrl":"https:\/\/stagpartynight.com\/fr\/wp-content\/uploads\/sites\/3\/2019\/12\/stagpartynight-e1578565505687.png","width":400,"height":400,"caption":"Stag Party Night"},"image":{"@id":"https:\/\/stagpartynight.com\/fr\/#\/schema\/logo\/image\/"}}]}},"_links":{"self":[{"href":"https:\/\/stagpartynight.com\/fr\/wp-json\/wp\/v2\/product\/2772","targetHints":{"allow":["GET"]}}],"collection":[{"href":"https:\/\/stagpartynight.com\/fr\/wp-json\/wp\/v2\/product"}],"about":[{"href":"https:\/\/stagpartynight.com\/fr\/wp-json\/wp\/v2\/types\/product"}],"replies":[{"embeddable":true,"href":"https:\/\/stagpartynight.com\/fr\/wp-json\/wp\/v2\/comments?post=2772"}],"wp:featuredmedia":[{"embeddable":true,"href":"https:\/\/stagpartynight.com\/fr\/wp-json\/wp\/v2\/media\/2774"}],"wp:attachment":[{"href":"https:\/\/stagpartynight.com\/fr\/wp-json\/wp\/v2\/media?parent=2772"}],"wp:term":[{"taxonomy":"product_brand","embeddable":true,"href":"https:\/\/stagpartynight.com\/fr\/wp-json\/wp\/v2\/product_brand?post=2772"},{"taxonomy":"product_cat","embeddable":true,"href":"https:\/\/stagpartynight.com\/fr\/wp-json\/wp\/v2\/product_cat?post=2772"},{"taxonomy":"product_tag","embeddable":true,"href":"https:\/\/stagpartynight.com\/fr\/wp-json\/wp\/v2\/product_tag?post=2772"}],"curies":[{"name":"wp","href":"https:\/\/api.w.org\/{rel}","templated":true}]}}