{"id":2775,"date":"2024-01-02T12:12:41","date_gmt":"2024-01-02T11:12:41","guid":{"rendered":"https:\/\/stagpartynight.com\/fr\/?post_type=product&#038;p=2775"},"modified":"2024-01-18T12:25:32","modified_gmt":"2024-01-18T11:25:32","slug":"discotheque-bcm-majorque","status":"publish","type":"product","link":"https:\/\/stagpartynight.com\/fr\/product\/discotheque-bcm-majorque\/","title":{"rendered":"Discoth\u00e8que BCM Majorque"},"content":{"rendered":"<p>Discoth\u00e8que BCM Majorque. La nuit \u00e0 Majorque est incontournable. R\u00e9servez vos billets pour la BCM, boissons comprises!<\/p>\n<p>Les meilleurs enterrements de vie de gar\u00e7on avec <a href=\"https:\/\/stagpartynight.com\/\">Stagparty<\/a>!<\/p>\n<h2 style=\"text-align: center;\">Discoth\u00e8que BCM Majorque\ud83c\udf89<\/h2>\n<h4>\ud83c\udf89 <strong>Plongez dans la Nuit \u00c9lectrique de Mallorque \u00e0 BCM !<\/strong> \ud83c\udf34<\/h4>\n<p>Pr\u00e9parez-vous \u00e0 vivre une exp\u00e9rience nocturne inoubliable \u00e0 BCM, la discoth\u00e8que embl\u00e9matique de Mallorque ! \ud83d\udd7a<\/p>\n<p>R\u00e9servez avec nous pour une entr\u00e9e anticip\u00e9e qui comprend un acc\u00e8s VIP privil\u00e9gi\u00e9 et des consommations incluses, vous garantissant une soir\u00e9e m\u00e9morable dans l&#8217;une des destinations les plus pris\u00e9es de la vie nocturne m\u00e9diterran\u00e9enne.<\/p>\n<p>BCM est r\u00e9put\u00e9e pour son ambiance \u00e9lectrique, ses DJ de renom et ses spectacles en live qui enflamment la piste de danse. Avec notre offre sp\u00e9ciale, plongez au c\u0153ur de la f\u00eate d\u00e8s les premiers instants, \u00e9vitant les files d&#8217;attente et profitant d&#8217;un traitement VIP exclusif.<\/p>\n<p>Votre soir\u00e9e sera rythm\u00e9e par les beats entra\u00eenants de DJs internationaux, cr\u00e9ant une atmosph\u00e8re vibrante et enflamm\u00e9e. Dansez au son des tubes les plus r\u00e9cents et des classiques ind\u00e9modables, entour\u00e9 d&#8217;une foule dynamique et enthousiaste.<\/p>\n<p>R\u00e9servez votre exp\u00e9rience BCM d\u00e8s maintenant et pr\u00e9parez-vous \u00e0 vivre une nuit de f\u00eate inoubliable. BCM est bien plus qu&#8217;une discoth\u00e8que, c&#8217;est une v\u00e9ritable destination o\u00f9 la musique, l&#8217;\u00e9nergie et l&#8217;excitation fusionnent pour cr\u00e9er des souvenirs nocturnes exceptionnels.<\/p>\n<p>Ne manquez pas l&#8217;opportunit\u00e9 de faire partie de cette aventure festive. Discoth\u00e8que BCM \u00e0 <a href=\"https:\/\/es.wikipedia.org\/wiki\/Mallorca\">Majorque<\/a> ! \ud83c\udf1f\ud83c\udfb6\ud83c\udf79<\/p>\n<p>&nbsp;<\/p>\n","protected":false},"excerpt":{"rendered":"<p>Discoth\u00e8que BCM Majorque. La nuit \u00e0 Majorque est incontournable. R\u00e9servez vos billets pour la BCM, boissons comprises! Les meilleurs enterrements de vie de gar\u00e7on avec Stagparty! Discoth\u00e8que BCM Majorque\ud83c\udf89 \ud83c\udf89 Plongez dans la Nuit \u00c9lectrique de Mallorque \u00e0 BCM ! \ud83c\udf34 Pr\u00e9parez-vous \u00e0 vivre une exp\u00e9rience nocturne inoubliable \u00e0 BCM, la discoth\u00e8que embl\u00e9matique de Mallorque [&hellip;]<\/p>\n","protected":false},"featured_media":2776,"comment_status":"open","ping_status":"closed","template":"","meta":{"_et_pb_use_builder":"","_et_pb_old_content":"","_et_gb_content_width":""},"product_brand":[],"product_cat":[218,504],"product_tag":[],"class_list":{"0":"post-2775","1":"product","2":"type-product","3":"status-publish","4":"has-post-thumbnail","6":"product_cat-uncategorised","7":"product_cat-mallorca","9":"first","10":"instock","11":"shipping-taxable","12":"product-type-simple"},"yoast_head":"<!-- This site is optimized with the Yoast SEO plugin v26.4 - https:\/\/yoast.com\/wordpress\/plugins\/seo\/ -->\n<title>Discoth\u00e8que BCM Majorque<\/title>\n<meta name=\"description\" content=\"Discoth\u00e8que BCM Majorque. La nuit \u00e0 Majorque est incontournable. R\u00e9servez vos billets pour la BCM, boissons comprises! Party Mallorca.\" \/>\n<meta name=\"robots\" content=\"index, follow, max-snippet:-1, max-image-preview:large, max-video-preview:-1\" \/>\n<link rel=\"canonical\" href=\"https:\/\/stagpartynight.com\/fr\/product\/discotheque-bcm-majorque\/\" \/>\n<meta property=\"og:locale\" content=\"en_GB\" \/>\n<meta property=\"og:type\" content=\"article\" \/>\n<meta property=\"og:title\" content=\"Discoth\u00e8que BCM Majorque\" \/>\n<meta property=\"og:description\" content=\"Discoth\u00e8que BCM Majorque. La nuit \u00e0 Majorque est incontournable. R\u00e9servez vos billets pour la BCM, boissons comprises! Party Mallorca.\" \/>\n<meta property=\"og:url\" content=\"https:\/\/stagpartynight.com\/fr\/product\/discotheque-bcm-majorque\/\" \/>\n<meta property=\"og:site_name\" content=\"Nuit de f\u00eate de cerf\" \/>\n<meta property=\"article:modified_time\" content=\"2024-01-18T11:25:32+00:00\" \/>\n<meta property=\"og:image\" content=\"https:\/\/stagpartynight.com\/fr\/wp-content\/uploads\/sites\/3\/2024\/01\/Discotheque-BCM-Majorque.jpg\" \/>\n\t<meta property=\"og:image:width\" content=\"955\" \/>\n\t<meta property=\"og:image:height\" content=\"505\" \/>\n\t<meta property=\"og:image:type\" content=\"image\/jpeg\" \/>\n<meta name=\"twitter:card\" content=\"summary_large_image\" \/>\n<meta name=\"twitter:label1\" content=\"Estimated reading time\" \/>\n\t<meta name=\"twitter:data1\" content=\"1 minute\" \/>\n<script type=\"application\/ld+json\" class=\"yoast-schema-graph\">{\"@context\":\"https:\/\/schema.org\",\"@graph\":[{\"@type\":\"WebPage\",\"@id\":\"https:\/\/stagpartynight.com\/fr\/product\/discotheque-bcm-majorque\/\",\"url\":\"https:\/\/stagpartynight.com\/fr\/product\/discotheque-bcm-majorque\/\",\"name\":\"Discoth\u00e8que BCM Majorque\",\"isPartOf\":{\"@id\":\"https:\/\/stagpartynight.com\/fr\/#website\"},\"primaryImageOfPage\":{\"@id\":\"https:\/\/stagpartynight.com\/fr\/product\/discotheque-bcm-majorque\/#primaryimage\"},\"image\":{\"@id\":\"https:\/\/stagpartynight.com\/fr\/product\/discotheque-bcm-majorque\/#primaryimage\"},\"thumbnailUrl\":\"https:\/\/stagpartynight.com\/fr\/wp-content\/uploads\/sites\/3\/2024\/01\/Discotheque-BCM-Majorque.jpg\",\"datePublished\":\"2024-01-02T11:12:41+00:00\",\"dateModified\":\"2024-01-18T11:25:32+00:00\",\"description\":\"Discoth\u00e8que BCM Majorque. La nuit \u00e0 Majorque est incontournable. R\u00e9servez vos billets pour la BCM, boissons comprises! Party Mallorca.\",\"breadcrumb\":{\"@id\":\"https:\/\/stagpartynight.com\/fr\/product\/discotheque-bcm-majorque\/#breadcrumb\"},\"inLanguage\":\"en-GB\",\"potentialAction\":[{\"@type\":\"ReadAction\",\"target\":[\"https:\/\/stagpartynight.com\/fr\/product\/discotheque-bcm-majorque\/\"]}]},{\"@type\":\"ImageObject\",\"inLanguage\":\"en-GB\",\"@id\":\"https:\/\/stagpartynight.com\/fr\/product\/discotheque-bcm-majorque\/#primaryimage\",\"url\":\"https:\/\/stagpartynight.com\/fr\/wp-content\/uploads\/sites\/3\/2024\/01\/Discotheque-BCM-Majorque.jpg\",\"contentUrl\":\"https:\/\/stagpartynight.com\/fr\/wp-content\/uploads\/sites\/3\/2024\/01\/Discotheque-BCM-Majorque.jpg\",\"width\":955,\"height\":505,\"caption\":\"Discoth\u00e8que BCM Majorque\"},{\"@type\":\"BreadcrumbList\",\"@id\":\"https:\/\/stagpartynight.com\/fr\/product\/discotheque-bcm-majorque\/#breadcrumb\",\"itemListElement\":[{\"@type\":\"ListItem\",\"position\":1,\"name\":\"Home\",\"item\":\"https:\/\/stagpartynight.com\/fr\/\"},{\"@type\":\"ListItem\",\"position\":2,\"name\":\"Tienda\",\"item\":\"https:\/\/stagpartynight.com\/fr\/tienda\/\"},{\"@type\":\"ListItem\",\"position\":3,\"name\":\"Discoth\u00e8que BCM Majorque\"}]},{\"@type\":\"WebSite\",\"@id\":\"https:\/\/stagpartynight.com\/fr\/#website\",\"url\":\"https:\/\/stagpartynight.com\/fr\/\",\"name\":\"Stag Party Night\",\"description\":\"Your Stag Party Customized\",\"publisher\":{\"@id\":\"https:\/\/stagpartynight.com\/fr\/#organization\"},\"potentialAction\":[{\"@type\":\"SearchAction\",\"target\":{\"@type\":\"EntryPoint\",\"urlTemplate\":\"https:\/\/stagpartynight.com\/fr\/?s={search_term_string}\"},\"query-input\":{\"@type\":\"PropertyValueSpecification\",\"valueRequired\":true,\"valueName\":\"search_term_string\"}}],\"inLanguage\":\"en-GB\"},{\"@type\":\"Organization\",\"@id\":\"https:\/\/stagpartynight.com\/fr\/#organization\",\"name\":\"Stag Party Night\",\"url\":\"https:\/\/stagpartynight.com\/fr\/\",\"logo\":{\"@type\":\"ImageObject\",\"inLanguage\":\"en-GB\",\"@id\":\"https:\/\/stagpartynight.com\/fr\/#\/schema\/logo\/image\/\",\"url\":\"https:\/\/stagpartynight.com\/fr\/wp-content\/uploads\/sites\/3\/2019\/12\/stagpartynight-e1578565505687.png\",\"contentUrl\":\"https:\/\/stagpartynight.com\/fr\/wp-content\/uploads\/sites\/3\/2019\/12\/stagpartynight-e1578565505687.png\",\"width\":400,\"height\":400,\"caption\":\"Stag Party Night\"},\"image\":{\"@id\":\"https:\/\/stagpartynight.com\/fr\/#\/schema\/logo\/image\/\"}}]}<\/script>\n<!-- \/ Yoast SEO plugin. -->","yoast_head_json":{"title":"Discoth\u00e8que BCM Majorque","description":"Discoth\u00e8que BCM Majorque. La nuit \u00e0 Majorque est incontournable. R\u00e9servez vos billets pour la BCM, boissons comprises! Party Mallorca.","robots":{"index":"index","follow":"follow","max-snippet":"max-snippet:-1","max-image-preview":"max-image-preview:large","max-video-preview":"max-video-preview:-1"},"canonical":"https:\/\/stagpartynight.com\/fr\/product\/discotheque-bcm-majorque\/","og_locale":"en_GB","og_type":"article","og_title":"Discoth\u00e8que BCM Majorque","og_description":"Discoth\u00e8que BCM Majorque. La nuit \u00e0 Majorque est incontournable. R\u00e9servez vos billets pour la BCM, boissons comprises! Party Mallorca.","og_url":"https:\/\/stagpartynight.com\/fr\/product\/discotheque-bcm-majorque\/","og_site_name":"Nuit de f\u00eate de cerf","article_modified_time":"2024-01-18T11:25:32+00:00","og_image":[{"width":955,"height":505,"url":"https:\/\/stagpartynight.com\/fr\/wp-content\/uploads\/sites\/3\/2024\/01\/Discotheque-BCM-Majorque.jpg","type":"image\/jpeg"}],"twitter_card":"summary_large_image","twitter_misc":{"Estimated reading time":"1 minute"},"schema":{"@context":"https:\/\/schema.org","@graph":[{"@type":"WebPage","@id":"https:\/\/stagpartynight.com\/fr\/product\/discotheque-bcm-majorque\/","url":"https:\/\/stagpartynight.com\/fr\/product\/discotheque-bcm-majorque\/","name":"Discoth\u00e8que BCM Majorque","isPartOf":{"@id":"https:\/\/stagpartynight.com\/fr\/#website"},"primaryImageOfPage":{"@id":"https:\/\/stagpartynight.com\/fr\/product\/discotheque-bcm-majorque\/#primaryimage"},"image":{"@id":"https:\/\/stagpartynight.com\/fr\/product\/discotheque-bcm-majorque\/#primaryimage"},"thumbnailUrl":"https:\/\/stagpartynight.com\/fr\/wp-content\/uploads\/sites\/3\/2024\/01\/Discotheque-BCM-Majorque.jpg","datePublished":"2024-01-02T11:12:41+00:00","dateModified":"2024-01-18T11:25:32+00:00","description":"Discoth\u00e8que BCM Majorque. La nuit \u00e0 Majorque est incontournable. R\u00e9servez vos billets pour la BCM, boissons comprises! Party Mallorca.","breadcrumb":{"@id":"https:\/\/stagpartynight.com\/fr\/product\/discotheque-bcm-majorque\/#breadcrumb"},"inLanguage":"en-GB","potentialAction":[{"@type":"ReadAction","target":["https:\/\/stagpartynight.com\/fr\/product\/discotheque-bcm-majorque\/"]}]},{"@type":"ImageObject","inLanguage":"en-GB","@id":"https:\/\/stagpartynight.com\/fr\/product\/discotheque-bcm-majorque\/#primaryimage","url":"https:\/\/stagpartynight.com\/fr\/wp-content\/uploads\/sites\/3\/2024\/01\/Discotheque-BCM-Majorque.jpg","contentUrl":"https:\/\/stagpartynight.com\/fr\/wp-content\/uploads\/sites\/3\/2024\/01\/Discotheque-BCM-Majorque.jpg","width":955,"height":505,"caption":"Discoth\u00e8que BCM Majorque"},{"@type":"BreadcrumbList","@id":"https:\/\/stagpartynight.com\/fr\/product\/discotheque-bcm-majorque\/#breadcrumb","itemListElement":[{"@type":"ListItem","position":1,"name":"Home","item":"https:\/\/stagpartynight.com\/fr\/"},{"@type":"ListItem","position":2,"name":"Tienda","item":"https:\/\/stagpartynight.com\/fr\/tienda\/"},{"@type":"ListItem","position":3,"name":"Discoth\u00e8que BCM Majorque"}]},{"@type":"WebSite","@id":"https:\/\/stagpartynight.com\/fr\/#website","url":"https:\/\/stagpartynight.com\/fr\/","name":"Stag Party Night","description":"Your Stag Party Customized","publisher":{"@id":"https:\/\/stagpartynight.com\/fr\/#organization"},"potentialAction":[{"@type":"SearchAction","target":{"@type":"EntryPoint","urlTemplate":"https:\/\/stagpartynight.com\/fr\/?s={search_term_string}"},"query-input":{"@type":"PropertyValueSpecification","valueRequired":true,"valueName":"search_term_string"}}],"inLanguage":"en-GB"},{"@type":"Organization","@id":"https:\/\/stagpartynight.com\/fr\/#organization","name":"Stag Party Night","url":"https:\/\/stagpartynight.com\/fr\/","logo":{"@type":"ImageObject","inLanguage":"en-GB","@id":"https:\/\/stagpartynight.com\/fr\/#\/schema\/logo\/image\/","url":"https:\/\/stagpartynight.com\/fr\/wp-content\/uploads\/sites\/3\/2019\/12\/stagpartynight-e1578565505687.png","contentUrl":"https:\/\/stagpartynight.com\/fr\/wp-content\/uploads\/sites\/3\/2019\/12\/stagpartynight-e1578565505687.png","width":400,"height":400,"caption":"Stag Party Night"},"image":{"@id":"https:\/\/stagpartynight.com\/fr\/#\/schema\/logo\/image\/"}}]}},"_links":{"self":[{"href":"https:\/\/stagpartynight.com\/fr\/wp-json\/wp\/v2\/product\/2775","targetHints":{"allow":["GET"]}}],"collection":[{"href":"https:\/\/stagpartynight.com\/fr\/wp-json\/wp\/v2\/product"}],"about":[{"href":"https:\/\/stagpartynight.com\/fr\/wp-json\/wp\/v2\/types\/product"}],"replies":[{"embeddable":true,"href":"https:\/\/stagpartynight.com\/fr\/wp-json\/wp\/v2\/comments?post=2775"}],"wp:featuredmedia":[{"embeddable":true,"href":"https:\/\/stagpartynight.com\/fr\/wp-json\/wp\/v2\/media\/2776"}],"wp:attachment":[{"href":"https:\/\/stagpartynight.com\/fr\/wp-json\/wp\/v2\/media?parent=2775"}],"wp:term":[{"taxonomy":"product_brand","embeddable":true,"href":"https:\/\/stagpartynight.com\/fr\/wp-json\/wp\/v2\/product_brand?post=2775"},{"taxonomy":"product_cat","embeddable":true,"href":"https:\/\/stagpartynight.com\/fr\/wp-json\/wp\/v2\/product_cat?post=2775"},{"taxonomy":"product_tag","embeddable":true,"href":"https:\/\/stagpartynight.com\/fr\/wp-json\/wp\/v2\/product_tag?post=2775"}],"curies":[{"name":"wp","href":"https:\/\/api.w.org\/{rel}","templated":true}]}}