{"id":2779,"date":"2024-01-02T12:20:02","date_gmt":"2024-01-02T11:20:02","guid":{"rendered":"https:\/\/stagpartynight.com\/fr\/?post_type=product&#038;p=2779"},"modified":"2024-01-18T12:25:31","modified_gmt":"2024-01-18T11:25:31","slug":"discotheque-vip-magaluf-majorque","status":"publish","type":"product","link":"https:\/\/stagpartynight.com\/fr\/product\/discotheque-vip-magaluf-majorque\/","title":{"rendered":"Discoth\u00e8que VIP Magaluf Majorque"},"content":{"rendered":"<p>Discoth\u00e8que VIP Magaluf Majorque.\u00a0La nuit \u00e0 Magaluf est incontournable. R\u00e9servez d\u00e8s maintenant vos billets avec boissons incluses (table VIP possible)!<\/p>\n<p>Les meilleurs enterrements de vie de gar\u00e7on avec <a href=\"https:\/\/stagpartynight.com\/\">Stagparty<\/a>!<\/p>\n<p>&nbsp;<\/p>\n<h2 style=\"text-align: center;\">Discoth\u00e8que VIP Magaluf Majorque\ud83c\udf89<\/h2>\n<h4><strong>Plongez dans l&#8217;\u00c9clat de la Nuit Magaluf ! R\u00e9servez votre Soir\u00e9e VIP !<\/strong> \ud83c\udf34<\/h4>\n<p>D\u00e9couvrez l&#8217;essence de la vie nocturne de Magaluf! Avec notre offre exclusive pour l&#8217;entr\u00e9e \u00e0 l&#8217;une des discoth\u00e8ques les plus branch\u00e9es de la ville ! \ud83d\udd7a<\/p>\n<p>R\u00e9servez avec nous pour b\u00e9n\u00e9ficier d&#8217;une entr\u00e9e anticip\u00e9e, comprenant l&#8217;acc\u00e8s privil\u00e9gi\u00e9 et des boissons gratuites, vous promettant une nuit de f\u00eate inoubliable dans cette destination embl\u00e9matique.<\/p>\n<p>Laissez-vous emporter par l&#8217;\u00e9nergie \u00e9lectrisante de la piste de danse, anim\u00e9e par des DJ en live qui vous feront danser jusqu&#8217;au bout de la nuit. Notre offre inclut \u00e9galement la possibilit\u00e9 de r\u00e9server une table VIP avec une bouteille exclusive pour chaque groupe de quatre personnes, vous offrant une exp\u00e9rience encore plus luxueuse et personnalis\u00e9e.<\/p>\n<p>Impr\u00e9gnez-vous de l&#8217;atmosph\u00e8re vibrante, o\u00f9 la musique entra\u00eenante et les lumi\u00e8res envo\u00fbtantes cr\u00e9ent une exp\u00e9rience sensorielle unique. Profitez de la nuit magalufienne dans le confort de notre espace VIP ou sur la piste de danse anim\u00e9e.<\/p>\n<p>R\u00e9servez d\u00e8s maintenant pour garantir votre place dans ce haut lieu de la f\u00eate \u00e0 <a href=\"https:\/\/es.wikipedia.org\/wiki\/Magaluf\">Magaluf<\/a>. R\u00e9servez Discoth\u00e8que VIP Magaluf Majorque!<\/p>\n<p>Offrez-vous une soir\u00e9e exceptionnelle, entre amis ou en amoureux, dans une ambiance enflamm\u00e9e o\u00f9 la magie de la nuit magalufienne prend vie. \ud83c\udf1f\ud83c\udfb6\ud83c\udf7e<\/p>\n","protected":false},"excerpt":{"rendered":"<p>Discoth\u00e8que VIP Magaluf Majorque.\u00a0La nuit \u00e0 Magaluf est incontournable. R\u00e9servez d\u00e8s maintenant vos billets avec boissons incluses (table VIP possible)! Les meilleurs enterrements de vie de gar\u00e7on avec Stagparty! &nbsp; Discoth\u00e8que VIP Magaluf Majorque\ud83c\udf89 Plongez dans l&#8217;\u00c9clat de la Nuit Magaluf ! R\u00e9servez votre Soir\u00e9e VIP ! \ud83c\udf34 D\u00e9couvrez l&#8217;essence de la vie nocturne de [&hellip;]<\/p>\n","protected":false},"featured_media":2780,"comment_status":"open","ping_status":"closed","template":"","meta":{"_et_pb_use_builder":"","_et_pb_old_content":"","_et_gb_content_width":""},"product_brand":[],"product_cat":[504,218],"product_tag":[],"class_list":{"0":"post-2779","1":"product","2":"type-product","3":"status-publish","4":"has-post-thumbnail","6":"product_cat-mallorca","7":"product_cat-uncategorised","9":"first","10":"instock","11":"shipping-taxable","12":"product-type-simple"},"yoast_head":"<!-- This site is optimized with the Yoast SEO Premium plugin v27.5 (Yoast SEO v27.5) - https:\/\/yoast.com\/product\/yoast-seo-premium-wordpress\/ -->\n<title>Discoth\u00e8que VIP Magaluf Majorque<\/title>\n<meta name=\"description\" content=\"Discoth\u00e8que VIP Magaluf Majorque. La nuit \u00e0 Magaluf est incontournable. R\u00e9servez d\u00e8s maintenant vos billets avec boissons incluses (table VIP possible).\" \/>\n<meta name=\"robots\" content=\"index, follow, max-snippet:-1, max-image-preview:large, max-video-preview:-1\" \/>\n<link rel=\"canonical\" href=\"https:\/\/stagpartynight.com\/fr\/product\/discotheque-vip-magaluf-majorque\/\" \/>\n<meta property=\"og:locale\" content=\"en_GB\" \/>\n<meta property=\"og:type\" content=\"article\" \/>\n<meta property=\"og:title\" content=\"Discoth\u00e8que VIP Magaluf Majorque\" \/>\n<meta property=\"og:description\" content=\"Discoth\u00e8que VIP Magaluf Majorque. La nuit \u00e0 Magaluf est incontournable. R\u00e9servez d\u00e8s maintenant vos billets avec boissons incluses (table VIP possible).\" \/>\n<meta property=\"og:url\" content=\"https:\/\/stagpartynight.com\/fr\/product\/discotheque-vip-magaluf-majorque\/\" \/>\n<meta property=\"og:site_name\" content=\"Nuit de f\u00eate de cerf\" \/>\n<meta property=\"article:modified_time\" content=\"2024-01-18T11:25:31+00:00\" \/>\n<meta property=\"og:image\" content=\"https:\/\/stagpartynight.com\/fr\/wp-content\/uploads\/sites\/3\/2024\/01\/Discotheque-VIP-Magaluf-Majorque.jpg\" \/>\n\t<meta property=\"og:image:width\" content=\"960\" \/>\n\t<meta property=\"og:image:height\" content=\"638\" \/>\n\t<meta property=\"og:image:type\" content=\"image\/jpeg\" \/>\n<meta name=\"twitter:card\" content=\"summary_large_image\" \/>\n<meta name=\"twitter:label1\" content=\"Estimated reading time\" \/>\n\t<meta name=\"twitter:data1\" content=\"2 minutes\" \/>\n<script type=\"application\/ld+json\" class=\"yoast-schema-graph\">{\"@context\":\"https:\\\/\\\/schema.org\",\"@graph\":[{\"@type\":\"WebPage\",\"@id\":\"https:\\\/\\\/stagpartynight.com\\\/fr\\\/product\\\/discotheque-vip-magaluf-majorque\\\/\",\"url\":\"https:\\\/\\\/stagpartynight.com\\\/fr\\\/product\\\/discotheque-vip-magaluf-majorque\\\/\",\"name\":\"Discoth\u00e8que VIP Magaluf Majorque\",\"isPartOf\":{\"@id\":\"https:\\\/\\\/stagpartynight.com\\\/fr\\\/#website\"},\"primaryImageOfPage\":{\"@id\":\"https:\\\/\\\/stagpartynight.com\\\/fr\\\/product\\\/discotheque-vip-magaluf-majorque\\\/#primaryimage\"},\"image\":{\"@id\":\"https:\\\/\\\/stagpartynight.com\\\/fr\\\/product\\\/discotheque-vip-magaluf-majorque\\\/#primaryimage\"},\"thumbnailUrl\":\"https:\\\/\\\/stagpartynight.com\\\/fr\\\/wp-content\\\/uploads\\\/sites\\\/3\\\/2024\\\/01\\\/Discotheque-VIP-Magaluf-Majorque.jpg\",\"datePublished\":\"2024-01-02T11:20:02+00:00\",\"dateModified\":\"2024-01-18T11:25:31+00:00\",\"description\":\"Discoth\u00e8que VIP Magaluf Majorque. La nuit \u00e0 Magaluf est incontournable. R\u00e9servez d\u00e8s maintenant vos billets avec boissons incluses (table VIP possible).\",\"breadcrumb\":{\"@id\":\"https:\\\/\\\/stagpartynight.com\\\/fr\\\/product\\\/discotheque-vip-magaluf-majorque\\\/#breadcrumb\"},\"inLanguage\":\"en-GB\",\"potentialAction\":[{\"@type\":\"ReadAction\",\"target\":[\"https:\\\/\\\/stagpartynight.com\\\/fr\\\/product\\\/discotheque-vip-magaluf-majorque\\\/\"]}]},{\"@type\":\"ImageObject\",\"inLanguage\":\"en-GB\",\"@id\":\"https:\\\/\\\/stagpartynight.com\\\/fr\\\/product\\\/discotheque-vip-magaluf-majorque\\\/#primaryimage\",\"url\":\"https:\\\/\\\/stagpartynight.com\\\/fr\\\/wp-content\\\/uploads\\\/sites\\\/3\\\/2024\\\/01\\\/Discotheque-VIP-Magaluf-Majorque.jpg\",\"contentUrl\":\"https:\\\/\\\/stagpartynight.com\\\/fr\\\/wp-content\\\/uploads\\\/sites\\\/3\\\/2024\\\/01\\\/Discotheque-VIP-Magaluf-Majorque.jpg\",\"width\":960,\"height\":638,\"caption\":\"Discoth\u00e8que VIP Magaluf Majorque\"},{\"@type\":\"BreadcrumbList\",\"@id\":\"https:\\\/\\\/stagpartynight.com\\\/fr\\\/product\\\/discotheque-vip-magaluf-majorque\\\/#breadcrumb\",\"itemListElement\":[{\"@type\":\"ListItem\",\"position\":1,\"name\":\"Home\",\"item\":\"https:\\\/\\\/stagpartynight.com\\\/fr\\\/\"},{\"@type\":\"ListItem\",\"position\":2,\"name\":\"Tienda\",\"item\":\"https:\\\/\\\/stagpartynight.com\\\/fr\\\/tienda\\\/\"},{\"@type\":\"ListItem\",\"position\":3,\"name\":\"Discoth\u00e8que VIP Magaluf Majorque\"}]},{\"@type\":\"WebSite\",\"@id\":\"https:\\\/\\\/stagpartynight.com\\\/fr\\\/#website\",\"url\":\"https:\\\/\\\/stagpartynight.com\\\/fr\\\/\",\"name\":\"Stag Party Night\",\"description\":\"Your Stag Party Customized\",\"publisher\":{\"@id\":\"https:\\\/\\\/stagpartynight.com\\\/fr\\\/#organization\"},\"potentialAction\":[{\"@type\":\"SearchAction\",\"target\":{\"@type\":\"EntryPoint\",\"urlTemplate\":\"https:\\\/\\\/stagpartynight.com\\\/fr\\\/?s={search_term_string}\"},\"query-input\":{\"@type\":\"PropertyValueSpecification\",\"valueRequired\":true,\"valueName\":\"search_term_string\"}}],\"inLanguage\":\"en-GB\"},{\"@type\":\"Organization\",\"@id\":\"https:\\\/\\\/stagpartynight.com\\\/fr\\\/#organization\",\"name\":\"Stag Party Night\",\"url\":\"https:\\\/\\\/stagpartynight.com\\\/fr\\\/\",\"logo\":{\"@type\":\"ImageObject\",\"inLanguage\":\"en-GB\",\"@id\":\"https:\\\/\\\/stagpartynight.com\\\/fr\\\/#\\\/schema\\\/logo\\\/image\\\/\",\"url\":\"https:\\\/\\\/stagpartynight.com\\\/fr\\\/wp-content\\\/uploads\\\/sites\\\/3\\\/2019\\\/12\\\/stagpartynight-e1578565505687.png\",\"contentUrl\":\"https:\\\/\\\/stagpartynight.com\\\/fr\\\/wp-content\\\/uploads\\\/sites\\\/3\\\/2019\\\/12\\\/stagpartynight-e1578565505687.png\",\"width\":400,\"height\":400,\"caption\":\"Stag Party Night\"},\"image\":{\"@id\":\"https:\\\/\\\/stagpartynight.com\\\/fr\\\/#\\\/schema\\\/logo\\\/image\\\/\"}}]}<\/script>\n<!-- \/ Yoast SEO Premium plugin. -->","yoast_head_json":{"title":"Discoth\u00e8que VIP Magaluf Majorque","description":"Discoth\u00e8que VIP Magaluf Majorque. La nuit \u00e0 Magaluf est incontournable. R\u00e9servez d\u00e8s maintenant vos billets avec boissons incluses (table VIP possible).","robots":{"index":"index","follow":"follow","max-snippet":"max-snippet:-1","max-image-preview":"max-image-preview:large","max-video-preview":"max-video-preview:-1"},"canonical":"https:\/\/stagpartynight.com\/fr\/product\/discotheque-vip-magaluf-majorque\/","og_locale":"en_GB","og_type":"article","og_title":"Discoth\u00e8que VIP Magaluf Majorque","og_description":"Discoth\u00e8que VIP Magaluf Majorque. La nuit \u00e0 Magaluf est incontournable. R\u00e9servez d\u00e8s maintenant vos billets avec boissons incluses (table VIP possible).","og_url":"https:\/\/stagpartynight.com\/fr\/product\/discotheque-vip-magaluf-majorque\/","og_site_name":"Nuit de f\u00eate de cerf","article_modified_time":"2024-01-18T11:25:31+00:00","og_image":[{"width":960,"height":638,"url":"https:\/\/stagpartynight.com\/fr\/wp-content\/uploads\/sites\/3\/2024\/01\/Discotheque-VIP-Magaluf-Majorque.jpg","type":"image\/jpeg"}],"twitter_card":"summary_large_image","twitter_misc":{"Estimated reading time":"2 minutes"},"schema":{"@context":"https:\/\/schema.org","@graph":[{"@type":"WebPage","@id":"https:\/\/stagpartynight.com\/fr\/product\/discotheque-vip-magaluf-majorque\/","url":"https:\/\/stagpartynight.com\/fr\/product\/discotheque-vip-magaluf-majorque\/","name":"Discoth\u00e8que VIP Magaluf Majorque","isPartOf":{"@id":"https:\/\/stagpartynight.com\/fr\/#website"},"primaryImageOfPage":{"@id":"https:\/\/stagpartynight.com\/fr\/product\/discotheque-vip-magaluf-majorque\/#primaryimage"},"image":{"@id":"https:\/\/stagpartynight.com\/fr\/product\/discotheque-vip-magaluf-majorque\/#primaryimage"},"thumbnailUrl":"https:\/\/stagpartynight.com\/fr\/wp-content\/uploads\/sites\/3\/2024\/01\/Discotheque-VIP-Magaluf-Majorque.jpg","datePublished":"2024-01-02T11:20:02+00:00","dateModified":"2024-01-18T11:25:31+00:00","description":"Discoth\u00e8que VIP Magaluf Majorque. La nuit \u00e0 Magaluf est incontournable. R\u00e9servez d\u00e8s maintenant vos billets avec boissons incluses (table VIP possible).","breadcrumb":{"@id":"https:\/\/stagpartynight.com\/fr\/product\/discotheque-vip-magaluf-majorque\/#breadcrumb"},"inLanguage":"en-GB","potentialAction":[{"@type":"ReadAction","target":["https:\/\/stagpartynight.com\/fr\/product\/discotheque-vip-magaluf-majorque\/"]}]},{"@type":"ImageObject","inLanguage":"en-GB","@id":"https:\/\/stagpartynight.com\/fr\/product\/discotheque-vip-magaluf-majorque\/#primaryimage","url":"https:\/\/stagpartynight.com\/fr\/wp-content\/uploads\/sites\/3\/2024\/01\/Discotheque-VIP-Magaluf-Majorque.jpg","contentUrl":"https:\/\/stagpartynight.com\/fr\/wp-content\/uploads\/sites\/3\/2024\/01\/Discotheque-VIP-Magaluf-Majorque.jpg","width":960,"height":638,"caption":"Discoth\u00e8que VIP Magaluf Majorque"},{"@type":"BreadcrumbList","@id":"https:\/\/stagpartynight.com\/fr\/product\/discotheque-vip-magaluf-majorque\/#breadcrumb","itemListElement":[{"@type":"ListItem","position":1,"name":"Home","item":"https:\/\/stagpartynight.com\/fr\/"},{"@type":"ListItem","position":2,"name":"Tienda","item":"https:\/\/stagpartynight.com\/fr\/tienda\/"},{"@type":"ListItem","position":3,"name":"Discoth\u00e8que VIP Magaluf Majorque"}]},{"@type":"WebSite","@id":"https:\/\/stagpartynight.com\/fr\/#website","url":"https:\/\/stagpartynight.com\/fr\/","name":"Stag Party Night","description":"Your Stag Party Customized","publisher":{"@id":"https:\/\/stagpartynight.com\/fr\/#organization"},"potentialAction":[{"@type":"SearchAction","target":{"@type":"EntryPoint","urlTemplate":"https:\/\/stagpartynight.com\/fr\/?s={search_term_string}"},"query-input":{"@type":"PropertyValueSpecification","valueRequired":true,"valueName":"search_term_string"}}],"inLanguage":"en-GB"},{"@type":"Organization","@id":"https:\/\/stagpartynight.com\/fr\/#organization","name":"Stag Party Night","url":"https:\/\/stagpartynight.com\/fr\/","logo":{"@type":"ImageObject","inLanguage":"en-GB","@id":"https:\/\/stagpartynight.com\/fr\/#\/schema\/logo\/image\/","url":"https:\/\/stagpartynight.com\/fr\/wp-content\/uploads\/sites\/3\/2019\/12\/stagpartynight-e1578565505687.png","contentUrl":"https:\/\/stagpartynight.com\/fr\/wp-content\/uploads\/sites\/3\/2019\/12\/stagpartynight-e1578565505687.png","width":400,"height":400,"caption":"Stag Party Night"},"image":{"@id":"https:\/\/stagpartynight.com\/fr\/#\/schema\/logo\/image\/"}}]}},"_links":{"self":[{"href":"https:\/\/stagpartynight.com\/fr\/wp-json\/wp\/v2\/product\/2779","targetHints":{"allow":["GET"]}}],"collection":[{"href":"https:\/\/stagpartynight.com\/fr\/wp-json\/wp\/v2\/product"}],"about":[{"href":"https:\/\/stagpartynight.com\/fr\/wp-json\/wp\/v2\/types\/product"}],"replies":[{"embeddable":true,"href":"https:\/\/stagpartynight.com\/fr\/wp-json\/wp\/v2\/comments?post=2779"}],"wp:featuredmedia":[{"embeddable":true,"href":"https:\/\/stagpartynight.com\/fr\/wp-json\/wp\/v2\/media\/2780"}],"wp:attachment":[{"href":"https:\/\/stagpartynight.com\/fr\/wp-json\/wp\/v2\/media?parent=2779"}],"wp:term":[{"taxonomy":"product_brand","embeddable":true,"href":"https:\/\/stagpartynight.com\/fr\/wp-json\/wp\/v2\/product_brand?post=2779"},{"taxonomy":"product_cat","embeddable":true,"href":"https:\/\/stagpartynight.com\/fr\/wp-json\/wp\/v2\/product_cat?post=2779"},{"taxonomy":"product_tag","embeddable":true,"href":"https:\/\/stagpartynight.com\/fr\/wp-json\/wp\/v2\/product_tag?post=2779"}],"curies":[{"name":"wp","href":"https:\/\/api.w.org\/{rel}","templated":true}]}}