{"id":278,"date":"2020-01-08T14:48:10","date_gmt":"2020-01-08T13:48:10","guid":{"rendered":"https:\/\/stagpartynight.com\/fr\/?post_type=product&#038;p=278"},"modified":"2024-03-12T11:20:03","modified_gmt":"2024-03-12T10:20:03","slug":"transfers-ibiza","status":"publish","type":"product","link":"https:\/\/stagpartynight.com\/fr\/product\/transfers-ibiza\/","title":{"rendered":"Transferts \u00e0 Ibiza"},"content":{"rendered":"<p>Transport priv\u00e9 de l&#8217;a\u00e9roport \u00e0 votre logement, aller-retour. Egalement pour se d\u00e9placer vers une activit\u00e9 de l&#8217;\u00eele. Prix \u00e0 consulter. Les meilleurs h\u00e9bergements avec <a href=\"https:\/\/stagpartynight.com\/\">Stag Party Night<\/a> \u00e0 <a href=\"https:\/\/en.wikipedia.org\/wiki\/Ibiza\">Ibiza.<\/a><\/p>\n<p>Lorsque vous planifiez votre voyage \u00e0 Ibiza, il est ind\u00e9niable que vous souhaitez que chaque aspect de votre s\u00e9jour soit aussi fluide et agr\u00e9able que possible. C&#8217;est \u00e0 ce moment-l\u00e0 que le service de transport priv\u00e9 de l&#8217;a\u00e9roport vous transporte jusqu&#8217;\u00e0 votre h\u00e9bergement. Vous permettant de commencer votre aventure sur cette \u00eele captivante de mani\u00e8re pratique et confortable.<\/p>\n<p>D\u00e8s votre arriv\u00e9e \u00e0 l&#8217;a\u00e9roport, un chauffeur professionnel et sympathique vous accueillera. Pr\u00eat \u00e0 vous ramener chez vous dans le confort d&#8217;un v\u00e9hicule priv\u00e9. Que ce soit en solo, en couple, en famille ou en groupe, ce service est sp\u00e9cialement con\u00e7u pour r\u00e9pondre \u00e0 vos besoins sp\u00e9cifiques. Nous vous garantissons une exp\u00e9rience de voyage sans anxi\u00e9t\u00e9.<\/p>\n<p>Le principal avantage du transport priv\u00e9 r\u00e9side dans sa flexibilit\u00e9. Il n&#8217;est pas n\u00e9cessaire d&#8217;attendre un bus ou de faire la queue pour un taxi : votre chauffeur vous attendra imm\u00e9diatement \u00e0 votre arriv\u00e9e. Pr\u00eat \u00e0 vous emmener \u00e0 votre destination. De plus, ce service est \u00e9galement disponible pour les allers-retours, vous permettant de r\u00e9server votre retour \u00e0 l&#8217;a\u00e9roport en toute s\u00e9r\u00e9nit\u00e9.<\/p>\n<div class=\"flex-1 overflow-hidden\">\n<div class=\"react-scroll-to-bottom--css-etktj-79elbk h-full\">\n<div class=\"react-scroll-to-bottom--css-etktj-1n7m0yu\">\n<div class=\"flex flex-col text-sm pb-9\">\n<div class=\"w-full text-token-text-primary\" data-testid=\"conversation-turn-75\">\n<div class=\"px-4 py-2 justify-center text-base md:gap-6 m-auto\">\n<div class=\"flex flex-1 text-base mx-auto gap-3 md:px-5 lg:px-1 xl:px-5 md:max-w-3xl lg:max-w-[40rem] xl:max-w-[48rem] group final-completion\">\n<div class=\"relative flex w-full flex-col agent-turn\">\n<div class=\"flex-col gap-1 md:gap-3\">\n<div class=\"flex flex-grow flex-col max-w-full\">\n<div class=\"min-h-[20px] text-message flex flex-col items-start gap-3 whitespace-pre-wrap break-words [.text-message+&amp;]:mt-5 overflow-x-auto\" data-message-author-role=\"assistant\" data-message-id=\"63e25838-4305-4693-a91a-277534b90b87\">\n<div class=\"markdown prose w-full break-words dark:prose-invert dark\">\n<h4>Confort Sans Souci : Transport Priv\u00e9 de l&#8217;A\u00e9roport et des Activit\u00e9s de l&#8217;\u00cele<\/h4>\n<\/div>\n<\/div>\n<\/div>\n<\/div>\n<\/div>\n<\/div>\n<\/div>\n<\/div>\n<\/div>\n<\/div>\n<\/div>\n<\/div>\n<p>Cependant, le transport priv\u00e9 ne se limite pas \u00e0 l&#8217;a\u00e9roport. Apr\u00e8s avoir s\u00e9journ\u00e9 dans votre appartement, vous pourrez \u00e9galement vous rendre aux activit\u00e9s de l&#8217;\u00eele. Avec le m\u00eame niveau de confort et de facilit\u00e9. Que ce soit pour d\u00e9couvrir les magnifiques plages, d\u00e9couvrir des sites historiques ou profiter de la vie nocturne anim\u00e9e. Votre chauffeur sera l\u00e0 pour vous emmener o\u00f9 vous le souhaitez.<\/p>\n<p>Concernant les prix, ils diff\u00e8rent selon la distance et le choix du v\u00e9hicule. Cependant, le bien-\u00eatre et la s\u00e9r\u00e9nit\u00e9 apport\u00e9s par cette prestation sont largement compens\u00e9s. Pour obtenir des informations pr\u00e9cises sur les prix, consultez simplement les informations de r\u00e9servation ou contactez directement le fournisseur.<\/p>\n<p>Pour r\u00e9capituler, opter pour le service de transport priv\u00e9 de l&#8217;a\u00e9roport \u00e0 votre logement \u00e0 Ibiza est une d\u00e9cision \u00e9clair\u00e9e pour les voyageurs soucieux de leur confort et de leur commodit\u00e9. En compagnie de chauffeurs comp\u00e9tents, de v\u00e9hicules de grande qualit\u00e9 et d&#8217;une grande flexibilit\u00e9. C&#8217;est la mani\u00e8re id\u00e9ale de commencer votre s\u00e9jour sur cette magnifique \u00eele m\u00e9diterran\u00e9enne.<\/p>\n","protected":false},"excerpt":{"rendered":"<p>Transport priv\u00e9 de l&#8217;a\u00e9roport \u00e0 votre logement, aller-retour. Egalement pour se d\u00e9placer vers une activit\u00e9 de l&#8217;\u00eele. Prix \u00e0 consulter<\/p>\n","protected":false},"featured_media":49,"comment_status":"open","ping_status":"closed","template":"","meta":{"_et_pb_use_builder":"","_et_pb_old_content":"","_et_gb_content_width":""},"product_brand":[],"product_cat":[113],"product_tag":[137,315,138],"class_list":{"0":"post-278","1":"product","2":"type-product","3":"status-publish","4":"has-post-thumbnail","6":"product_cat-ibiza","7":"product_tag-transfers-ibiza","8":"product_tag-transferts-a-ibiza","9":"product_tag-transports-ibiza","11":"first","12":"instock","13":"virtual","14":"product-type-simple"},"yoast_head":"<!-- This site is optimized with the Yoast SEO plugin v26.4 - https:\/\/yoast.com\/wordpress\/plugins\/seo\/ -->\n<title>Transferts \u00e0 Ibiza<\/title>\n<meta name=\"description\" content=\"transferts \u00e0 Ibiza - Transport priv\u00e9 de l&#039;a\u00e9roport \u00e0 votre logement, aller-retour. Egalement pour se d\u00e9placer vers une activit\u00e9 de l&#039;\u00eele. Prix \u00e0 consulter\" \/>\n<meta name=\"robots\" content=\"index, follow, max-snippet:-1, max-image-preview:large, max-video-preview:-1\" \/>\n<link rel=\"canonical\" href=\"https:\/\/stagpartynight.com\/fr\/product\/transfers-ibiza\/\" \/>\n<meta property=\"og:locale\" content=\"en_GB\" \/>\n<meta property=\"og:type\" content=\"article\" \/>\n<meta property=\"og:title\" content=\"Transferts \u00e0 Ibiza\" \/>\n<meta property=\"og:description\" content=\"transferts \u00e0 Ibiza - Transport priv\u00e9 de l&#039;a\u00e9roport \u00e0 votre logement, aller-retour. Egalement pour se d\u00e9placer vers une activit\u00e9 de l&#039;\u00eele. Prix \u00e0 consulter\" \/>\n<meta property=\"og:url\" content=\"https:\/\/stagpartynight.com\/fr\/product\/transfers-ibiza\/\" \/>\n<meta property=\"og:site_name\" content=\"Nuit de f\u00eate de cerf\" \/>\n<meta property=\"article:modified_time\" content=\"2024-03-12T10:20:03+00:00\" \/>\n<meta property=\"og:image\" content=\"https:\/\/stagpartynight.com\/fr\/wp-content\/uploads\/sites\/3\/2019\/12\/transportation-services-09.png\" \/>\n\t<meta property=\"og:image:width\" content=\"1920\" \/>\n\t<meta property=\"og:image:height\" content=\"796\" \/>\n\t<meta property=\"og:image:type\" content=\"image\/png\" \/>\n<meta name=\"twitter:card\" content=\"summary_large_image\" \/>\n<meta name=\"twitter:label1\" content=\"Estimated reading time\" \/>\n\t<meta name=\"twitter:data1\" content=\"2 minutes\" \/>\n<script type=\"application\/ld+json\" class=\"yoast-schema-graph\">{\"@context\":\"https:\/\/schema.org\",\"@graph\":[{\"@type\":\"WebPage\",\"@id\":\"https:\/\/stagpartynight.com\/fr\/product\/transfers-ibiza\/\",\"url\":\"https:\/\/stagpartynight.com\/fr\/product\/transfers-ibiza\/\",\"name\":\"Transferts \u00e0 Ibiza\",\"isPartOf\":{\"@id\":\"https:\/\/stagpartynight.com\/fr\/#website\"},\"primaryImageOfPage\":{\"@id\":\"https:\/\/stagpartynight.com\/fr\/product\/transfers-ibiza\/#primaryimage\"},\"image\":{\"@id\":\"https:\/\/stagpartynight.com\/fr\/product\/transfers-ibiza\/#primaryimage\"},\"thumbnailUrl\":\"https:\/\/stagpartynight.com\/fr\/wp-content\/uploads\/sites\/3\/2019\/12\/transportation-services-09.png\",\"datePublished\":\"2020-01-08T13:48:10+00:00\",\"dateModified\":\"2024-03-12T10:20:03+00:00\",\"description\":\"transferts \u00e0 Ibiza - Transport priv\u00e9 de l'a\u00e9roport \u00e0 votre logement, aller-retour. Egalement pour se d\u00e9placer vers une activit\u00e9 de l'\u00eele. Prix \u00e0 consulter\",\"breadcrumb\":{\"@id\":\"https:\/\/stagpartynight.com\/fr\/product\/transfers-ibiza\/#breadcrumb\"},\"inLanguage\":\"en-GB\",\"potentialAction\":[{\"@type\":\"ReadAction\",\"target\":[\"https:\/\/stagpartynight.com\/fr\/product\/transfers-ibiza\/\"]}]},{\"@type\":\"ImageObject\",\"inLanguage\":\"en-GB\",\"@id\":\"https:\/\/stagpartynight.com\/fr\/product\/transfers-ibiza\/#primaryimage\",\"url\":\"https:\/\/stagpartynight.com\/fr\/wp-content\/uploads\/sites\/3\/2019\/12\/transportation-services-09.png\",\"contentUrl\":\"https:\/\/stagpartynight.com\/fr\/wp-content\/uploads\/sites\/3\/2019\/12\/transportation-services-09.png\",\"width\":1920,\"height\":796,\"caption\":\"Transport Priv\u00e9 Valence\"},{\"@type\":\"BreadcrumbList\",\"@id\":\"https:\/\/stagpartynight.com\/fr\/product\/transfers-ibiza\/#breadcrumb\",\"itemListElement\":[{\"@type\":\"ListItem\",\"position\":1,\"name\":\"Home\",\"item\":\"https:\/\/stagpartynight.com\/fr\/\"},{\"@type\":\"ListItem\",\"position\":2,\"name\":\"Tienda\",\"item\":\"https:\/\/stagpartynight.com\/fr\/tienda\/\"},{\"@type\":\"ListItem\",\"position\":3,\"name\":\"Transferts \u00e0 Ibiza\"}]},{\"@type\":\"WebSite\",\"@id\":\"https:\/\/stagpartynight.com\/fr\/#website\",\"url\":\"https:\/\/stagpartynight.com\/fr\/\",\"name\":\"Stag Party Night\",\"description\":\"Your Stag Party Customized\",\"publisher\":{\"@id\":\"https:\/\/stagpartynight.com\/fr\/#organization\"},\"potentialAction\":[{\"@type\":\"SearchAction\",\"target\":{\"@type\":\"EntryPoint\",\"urlTemplate\":\"https:\/\/stagpartynight.com\/fr\/?s={search_term_string}\"},\"query-input\":{\"@type\":\"PropertyValueSpecification\",\"valueRequired\":true,\"valueName\":\"search_term_string\"}}],\"inLanguage\":\"en-GB\"},{\"@type\":\"Organization\",\"@id\":\"https:\/\/stagpartynight.com\/fr\/#organization\",\"name\":\"Stag Party Night\",\"url\":\"https:\/\/stagpartynight.com\/fr\/\",\"logo\":{\"@type\":\"ImageObject\",\"inLanguage\":\"en-GB\",\"@id\":\"https:\/\/stagpartynight.com\/fr\/#\/schema\/logo\/image\/\",\"url\":\"https:\/\/stagpartynight.com\/fr\/wp-content\/uploads\/sites\/3\/2019\/12\/stagpartynight-e1578565505687.png\",\"contentUrl\":\"https:\/\/stagpartynight.com\/fr\/wp-content\/uploads\/sites\/3\/2019\/12\/stagpartynight-e1578565505687.png\",\"width\":400,\"height\":400,\"caption\":\"Stag Party Night\"},\"image\":{\"@id\":\"https:\/\/stagpartynight.com\/fr\/#\/schema\/logo\/image\/\"}}]}<\/script>\n<!-- \/ Yoast SEO plugin. -->","yoast_head_json":{"title":"Transferts \u00e0 Ibiza","description":"transferts \u00e0 Ibiza - Transport priv\u00e9 de l'a\u00e9roport \u00e0 votre logement, aller-retour. Egalement pour se d\u00e9placer vers une activit\u00e9 de l'\u00eele. Prix \u00e0 consulter","robots":{"index":"index","follow":"follow","max-snippet":"max-snippet:-1","max-image-preview":"max-image-preview:large","max-video-preview":"max-video-preview:-1"},"canonical":"https:\/\/stagpartynight.com\/fr\/product\/transfers-ibiza\/","og_locale":"en_GB","og_type":"article","og_title":"Transferts \u00e0 Ibiza","og_description":"transferts \u00e0 Ibiza - Transport priv\u00e9 de l'a\u00e9roport \u00e0 votre logement, aller-retour. Egalement pour se d\u00e9placer vers une activit\u00e9 de l'\u00eele. Prix \u00e0 consulter","og_url":"https:\/\/stagpartynight.com\/fr\/product\/transfers-ibiza\/","og_site_name":"Nuit de f\u00eate de cerf","article_modified_time":"2024-03-12T10:20:03+00:00","og_image":[{"width":1920,"height":796,"url":"https:\/\/stagpartynight.com\/fr\/wp-content\/uploads\/sites\/3\/2019\/12\/transportation-services-09.png","type":"image\/png"}],"twitter_card":"summary_large_image","twitter_misc":{"Estimated reading time":"2 minutes"},"schema":{"@context":"https:\/\/schema.org","@graph":[{"@type":"WebPage","@id":"https:\/\/stagpartynight.com\/fr\/product\/transfers-ibiza\/","url":"https:\/\/stagpartynight.com\/fr\/product\/transfers-ibiza\/","name":"Transferts \u00e0 Ibiza","isPartOf":{"@id":"https:\/\/stagpartynight.com\/fr\/#website"},"primaryImageOfPage":{"@id":"https:\/\/stagpartynight.com\/fr\/product\/transfers-ibiza\/#primaryimage"},"image":{"@id":"https:\/\/stagpartynight.com\/fr\/product\/transfers-ibiza\/#primaryimage"},"thumbnailUrl":"https:\/\/stagpartynight.com\/fr\/wp-content\/uploads\/sites\/3\/2019\/12\/transportation-services-09.png","datePublished":"2020-01-08T13:48:10+00:00","dateModified":"2024-03-12T10:20:03+00:00","description":"transferts \u00e0 Ibiza - Transport priv\u00e9 de l'a\u00e9roport \u00e0 votre logement, aller-retour. Egalement pour se d\u00e9placer vers une activit\u00e9 de l'\u00eele. Prix \u00e0 consulter","breadcrumb":{"@id":"https:\/\/stagpartynight.com\/fr\/product\/transfers-ibiza\/#breadcrumb"},"inLanguage":"en-GB","potentialAction":[{"@type":"ReadAction","target":["https:\/\/stagpartynight.com\/fr\/product\/transfers-ibiza\/"]}]},{"@type":"ImageObject","inLanguage":"en-GB","@id":"https:\/\/stagpartynight.com\/fr\/product\/transfers-ibiza\/#primaryimage","url":"https:\/\/stagpartynight.com\/fr\/wp-content\/uploads\/sites\/3\/2019\/12\/transportation-services-09.png","contentUrl":"https:\/\/stagpartynight.com\/fr\/wp-content\/uploads\/sites\/3\/2019\/12\/transportation-services-09.png","width":1920,"height":796,"caption":"Transport Priv\u00e9 Valence"},{"@type":"BreadcrumbList","@id":"https:\/\/stagpartynight.com\/fr\/product\/transfers-ibiza\/#breadcrumb","itemListElement":[{"@type":"ListItem","position":1,"name":"Home","item":"https:\/\/stagpartynight.com\/fr\/"},{"@type":"ListItem","position":2,"name":"Tienda","item":"https:\/\/stagpartynight.com\/fr\/tienda\/"},{"@type":"ListItem","position":3,"name":"Transferts \u00e0 Ibiza"}]},{"@type":"WebSite","@id":"https:\/\/stagpartynight.com\/fr\/#website","url":"https:\/\/stagpartynight.com\/fr\/","name":"Stag Party Night","description":"Your Stag Party Customized","publisher":{"@id":"https:\/\/stagpartynight.com\/fr\/#organization"},"potentialAction":[{"@type":"SearchAction","target":{"@type":"EntryPoint","urlTemplate":"https:\/\/stagpartynight.com\/fr\/?s={search_term_string}"},"query-input":{"@type":"PropertyValueSpecification","valueRequired":true,"valueName":"search_term_string"}}],"inLanguage":"en-GB"},{"@type":"Organization","@id":"https:\/\/stagpartynight.com\/fr\/#organization","name":"Stag Party Night","url":"https:\/\/stagpartynight.com\/fr\/","logo":{"@type":"ImageObject","inLanguage":"en-GB","@id":"https:\/\/stagpartynight.com\/fr\/#\/schema\/logo\/image\/","url":"https:\/\/stagpartynight.com\/fr\/wp-content\/uploads\/sites\/3\/2019\/12\/stagpartynight-e1578565505687.png","contentUrl":"https:\/\/stagpartynight.com\/fr\/wp-content\/uploads\/sites\/3\/2019\/12\/stagpartynight-e1578565505687.png","width":400,"height":400,"caption":"Stag Party Night"},"image":{"@id":"https:\/\/stagpartynight.com\/fr\/#\/schema\/logo\/image\/"}}]}},"_links":{"self":[{"href":"https:\/\/stagpartynight.com\/fr\/wp-json\/wp\/v2\/product\/278","targetHints":{"allow":["GET"]}}],"collection":[{"href":"https:\/\/stagpartynight.com\/fr\/wp-json\/wp\/v2\/product"}],"about":[{"href":"https:\/\/stagpartynight.com\/fr\/wp-json\/wp\/v2\/types\/product"}],"replies":[{"embeddable":true,"href":"https:\/\/stagpartynight.com\/fr\/wp-json\/wp\/v2\/comments?post=278"}],"wp:featuredmedia":[{"embeddable":true,"href":"https:\/\/stagpartynight.com\/fr\/wp-json\/wp\/v2\/media\/49"}],"wp:attachment":[{"href":"https:\/\/stagpartynight.com\/fr\/wp-json\/wp\/v2\/media?parent=278"}],"wp:term":[{"taxonomy":"product_brand","embeddable":true,"href":"https:\/\/stagpartynight.com\/fr\/wp-json\/wp\/v2\/product_brand?post=278"},{"taxonomy":"product_cat","embeddable":true,"href":"https:\/\/stagpartynight.com\/fr\/wp-json\/wp\/v2\/product_cat?post=278"},{"taxonomy":"product_tag","embeddable":true,"href":"https:\/\/stagpartynight.com\/fr\/wp-json\/wp\/v2\/product_tag?post=278"}],"curies":[{"name":"wp","href":"https:\/\/api.w.org\/{rel}","templated":true}]}}