{"id":2782,"date":"2024-01-02T12:27:36","date_gmt":"2024-01-02T11:27:36","guid":{"rendered":"https:\/\/stagpartynight.com\/fr\/?post_type=product&#038;p=2782"},"modified":"2024-01-18T12:25:30","modified_gmt":"2024-01-18T11:25:30","slug":"plongee-snorkelling-majorque","status":"publish","type":"product","link":"https:\/\/stagpartynight.com\/fr\/product\/plongee-snorkelling-majorque\/","title":{"rendered":"Plong\u00e9e Snorkelling Majorque"},"content":{"rendered":"<p>Plong\u00e9e Snorkelling Majorque. Profitez des eaux cristallines de Majorque avec un instructeur. Une exp\u00e9rience inoubliable pour les amoureux de la faune marine!<\/p>\n<p>Les meilleurs enterrements de vie de gar\u00e7on avec <a href=\"https:\/\/stagpartynight.com\/\">Stagparty!<\/a><\/p>\n<h2 style=\"text-align: center;\">Plong\u00e9e Snorkelling Majorque\ud83c\udf0a<\/h2>\n<h4 style=\"text-align: left;\"><strong>Plong\u00e9e en apn\u00e9e \u00e0 Mallorque : D\u00e9couvrez les Tr\u00e9sors Sous-Marins de la M\u00e9diterran\u00e9e !<\/strong> \ud83d\udc20<\/h4>\n<p>Embarquez pour une aventure aquatique inoubliable avec notre activit\u00e9 de snorkeling \u00e0 Mallorque ! Profitez de deux heures d&#8217;exploration le long des eaux cristallines, une heure de plong\u00e9e en apn\u00e9e suivie d&#8217;une d\u00e9couverte tranquille en bateau. Laissez-vous transporter par la beaut\u00e9 unique de la M\u00e9diterran\u00e9e pendant cette exp\u00e9rience fascinante.<\/p>\n<p>Notre forfait tout compris comprend le transfert en bateau, un moniteur expert et tout l&#8217;\u00e9quipement n\u00e9cessaire, garantissant une plong\u00e9e en toute s\u00e9curit\u00e9 dans les sites les plus pittoresques de Mallorque. Laissez-vous guider \u00e0 travers des fonds marins extraordinaires, o\u00f9 des poissons color\u00e9s et des formations coralliennes vous \u00e9merveilleront.\ud83c\udf05<\/p>\n<p>Apr\u00e8s l&#8217;exploration sous-marine, d\u00e9tendez-vous sur le bateau pendant que notre guide partage des informations fascinantes sur la vie marine locale et les secrets des environs. Profitez du paysage magnifique tout en \u00e9changeant des souvenirs de cette aventure exceptionnelle.\ud83c\udf0a<\/p>\n<p>R\u00e9servez d\u00e8s maintenant pour plonger dans cette exp\u00e9rience pr\u00e9cieuse et unique \u00e0 <a href=\"https:\/\/es.wikipedia.org\/wiki\/Mallorca\">Majorque<\/a>.<\/p>\n<p>\u00c9merveillez-vous devant la richesse de la vie marine et cr\u00e9ez des souvenirs inoubliables au c\u0153ur de la M\u00e9diterran\u00e9e.<\/p>\n<p>Plong\u00e9e Snorkelling Majorque! Une aventure captivante vous attend ! \ud83d\udc2c\ud83c\udf05<\/p>\n","protected":false},"excerpt":{"rendered":"<p>Plong\u00e9e Snorkelling Majorque. Profitez des eaux cristallines de Majorque avec un instructeur. Une exp\u00e9rience inoubliable pour les amoureux de la faune marine! Les meilleurs enterrements de vie de gar\u00e7on avec Stagparty! Plong\u00e9e Snorkelling Majorque\ud83c\udf0a Plong\u00e9e en apn\u00e9e \u00e0 Mallorque : D\u00e9couvrez les Tr\u00e9sors Sous-Marins de la M\u00e9diterran\u00e9e ! \ud83d\udc20 Embarquez pour une aventure aquatique inoubliable [&hellip;]<\/p>\n","protected":false},"featured_media":2783,"comment_status":"open","ping_status":"closed","template":"","meta":{"_et_pb_use_builder":"","_et_pb_old_content":"","_et_gb_content_width":""},"product_brand":[],"product_cat":[218,504],"product_tag":[],"class_list":{"0":"post-2782","1":"product","2":"type-product","3":"status-publish","4":"has-post-thumbnail","6":"product_cat-uncategorised","7":"product_cat-mallorca","9":"first","10":"instock","11":"shipping-taxable","12":"product-type-simple"},"yoast_head":"<!-- This site is optimized with the Yoast SEO plugin v26.4 - https:\/\/yoast.com\/wordpress\/plugins\/seo\/ -->\n<title>Plong\u00e9e Snorkelling Majorque<\/title>\n<meta name=\"description\" content=\"Plong\u00e9e Snorkelling Majorque. Profitez des eaux cristallines avec un instructeur. Une exp\u00e9rience inoubliable pour les amoureux de la faune marine.\" \/>\n<meta name=\"robots\" content=\"index, follow, max-snippet:-1, max-image-preview:large, max-video-preview:-1\" \/>\n<link rel=\"canonical\" href=\"https:\/\/stagpartynight.com\/fr\/product\/plongee-snorkelling-majorque\/\" \/>\n<meta property=\"og:locale\" content=\"en_GB\" \/>\n<meta property=\"og:type\" content=\"article\" \/>\n<meta property=\"og:title\" content=\"Plong\u00e9e Snorkelling Majorque\" \/>\n<meta property=\"og:description\" content=\"Plong\u00e9e Snorkelling Majorque. Profitez des eaux cristallines avec un instructeur. Une exp\u00e9rience inoubliable pour les amoureux de la faune marine.\" \/>\n<meta property=\"og:url\" content=\"https:\/\/stagpartynight.com\/fr\/product\/plongee-snorkelling-majorque\/\" \/>\n<meta property=\"og:site_name\" content=\"Nuit de f\u00eate de cerf\" \/>\n<meta property=\"article:modified_time\" content=\"2024-01-18T11:25:30+00:00\" \/>\n<meta property=\"og:image\" content=\"https:\/\/stagpartynight.com\/fr\/wp-content\/uploads\/sites\/3\/2024\/01\/Plongee-Snorkelling-Majorque.jpg\" \/>\n\t<meta property=\"og:image:width\" content=\"1280\" \/>\n\t<meta property=\"og:image:height\" content=\"1707\" \/>\n\t<meta property=\"og:image:type\" content=\"image\/jpeg\" \/>\n<meta name=\"twitter:card\" content=\"summary_large_image\" \/>\n<meta name=\"twitter:label1\" content=\"Estimated reading time\" \/>\n\t<meta name=\"twitter:data1\" content=\"1 minute\" \/>\n<script type=\"application\/ld+json\" class=\"yoast-schema-graph\">{\"@context\":\"https:\/\/schema.org\",\"@graph\":[{\"@type\":\"WebPage\",\"@id\":\"https:\/\/stagpartynight.com\/fr\/product\/plongee-snorkelling-majorque\/\",\"url\":\"https:\/\/stagpartynight.com\/fr\/product\/plongee-snorkelling-majorque\/\",\"name\":\"Plong\u00e9e Snorkelling Majorque\",\"isPartOf\":{\"@id\":\"https:\/\/stagpartynight.com\/fr\/#website\"},\"primaryImageOfPage\":{\"@id\":\"https:\/\/stagpartynight.com\/fr\/product\/plongee-snorkelling-majorque\/#primaryimage\"},\"image\":{\"@id\":\"https:\/\/stagpartynight.com\/fr\/product\/plongee-snorkelling-majorque\/#primaryimage\"},\"thumbnailUrl\":\"https:\/\/stagpartynight.com\/fr\/wp-content\/uploads\/sites\/3\/2024\/01\/Plongee-Snorkelling-Majorque.jpg\",\"datePublished\":\"2024-01-02T11:27:36+00:00\",\"dateModified\":\"2024-01-18T11:25:30+00:00\",\"description\":\"Plong\u00e9e Snorkelling Majorque. Profitez des eaux cristallines avec un instructeur. Une exp\u00e9rience inoubliable pour les amoureux de la faune marine.\",\"breadcrumb\":{\"@id\":\"https:\/\/stagpartynight.com\/fr\/product\/plongee-snorkelling-majorque\/#breadcrumb\"},\"inLanguage\":\"en-GB\",\"potentialAction\":[{\"@type\":\"ReadAction\",\"target\":[\"https:\/\/stagpartynight.com\/fr\/product\/plongee-snorkelling-majorque\/\"]}]},{\"@type\":\"ImageObject\",\"inLanguage\":\"en-GB\",\"@id\":\"https:\/\/stagpartynight.com\/fr\/product\/plongee-snorkelling-majorque\/#primaryimage\",\"url\":\"https:\/\/stagpartynight.com\/fr\/wp-content\/uploads\/sites\/3\/2024\/01\/Plongee-Snorkelling-Majorque.jpg\",\"contentUrl\":\"https:\/\/stagpartynight.com\/fr\/wp-content\/uploads\/sites\/3\/2024\/01\/Plongee-Snorkelling-Majorque.jpg\",\"width\":1280,\"height\":1707,\"caption\":\"Plong\u00e9e Snorkelling Majorque\"},{\"@type\":\"BreadcrumbList\",\"@id\":\"https:\/\/stagpartynight.com\/fr\/product\/plongee-snorkelling-majorque\/#breadcrumb\",\"itemListElement\":[{\"@type\":\"ListItem\",\"position\":1,\"name\":\"Home\",\"item\":\"https:\/\/stagpartynight.com\/fr\/\"},{\"@type\":\"ListItem\",\"position\":2,\"name\":\"Tienda\",\"item\":\"https:\/\/stagpartynight.com\/fr\/tienda\/\"},{\"@type\":\"ListItem\",\"position\":3,\"name\":\"Plong\u00e9e Snorkelling Majorque\"}]},{\"@type\":\"WebSite\",\"@id\":\"https:\/\/stagpartynight.com\/fr\/#website\",\"url\":\"https:\/\/stagpartynight.com\/fr\/\",\"name\":\"Stag Party Night\",\"description\":\"Your Stag Party Customized\",\"publisher\":{\"@id\":\"https:\/\/stagpartynight.com\/fr\/#organization\"},\"potentialAction\":[{\"@type\":\"SearchAction\",\"target\":{\"@type\":\"EntryPoint\",\"urlTemplate\":\"https:\/\/stagpartynight.com\/fr\/?s={search_term_string}\"},\"query-input\":{\"@type\":\"PropertyValueSpecification\",\"valueRequired\":true,\"valueName\":\"search_term_string\"}}],\"inLanguage\":\"en-GB\"},{\"@type\":\"Organization\",\"@id\":\"https:\/\/stagpartynight.com\/fr\/#organization\",\"name\":\"Stag Party Night\",\"url\":\"https:\/\/stagpartynight.com\/fr\/\",\"logo\":{\"@type\":\"ImageObject\",\"inLanguage\":\"en-GB\",\"@id\":\"https:\/\/stagpartynight.com\/fr\/#\/schema\/logo\/image\/\",\"url\":\"https:\/\/stagpartynight.com\/fr\/wp-content\/uploads\/sites\/3\/2019\/12\/stagpartynight-e1578565505687.png\",\"contentUrl\":\"https:\/\/stagpartynight.com\/fr\/wp-content\/uploads\/sites\/3\/2019\/12\/stagpartynight-e1578565505687.png\",\"width\":400,\"height\":400,\"caption\":\"Stag Party Night\"},\"image\":{\"@id\":\"https:\/\/stagpartynight.com\/fr\/#\/schema\/logo\/image\/\"}}]}<\/script>\n<!-- \/ Yoast SEO plugin. -->","yoast_head_json":{"title":"Plong\u00e9e Snorkelling Majorque","description":"Plong\u00e9e Snorkelling Majorque. Profitez des eaux cristallines avec un instructeur. Une exp\u00e9rience inoubliable pour les amoureux de la faune marine.","robots":{"index":"index","follow":"follow","max-snippet":"max-snippet:-1","max-image-preview":"max-image-preview:large","max-video-preview":"max-video-preview:-1"},"canonical":"https:\/\/stagpartynight.com\/fr\/product\/plongee-snorkelling-majorque\/","og_locale":"en_GB","og_type":"article","og_title":"Plong\u00e9e Snorkelling Majorque","og_description":"Plong\u00e9e Snorkelling Majorque. Profitez des eaux cristallines avec un instructeur. Une exp\u00e9rience inoubliable pour les amoureux de la faune marine.","og_url":"https:\/\/stagpartynight.com\/fr\/product\/plongee-snorkelling-majorque\/","og_site_name":"Nuit de f\u00eate de cerf","article_modified_time":"2024-01-18T11:25:30+00:00","og_image":[{"width":1280,"height":1707,"url":"https:\/\/stagpartynight.com\/fr\/wp-content\/uploads\/sites\/3\/2024\/01\/Plongee-Snorkelling-Majorque.jpg","type":"image\/jpeg"}],"twitter_card":"summary_large_image","twitter_misc":{"Estimated reading time":"1 minute"},"schema":{"@context":"https:\/\/schema.org","@graph":[{"@type":"WebPage","@id":"https:\/\/stagpartynight.com\/fr\/product\/plongee-snorkelling-majorque\/","url":"https:\/\/stagpartynight.com\/fr\/product\/plongee-snorkelling-majorque\/","name":"Plong\u00e9e Snorkelling Majorque","isPartOf":{"@id":"https:\/\/stagpartynight.com\/fr\/#website"},"primaryImageOfPage":{"@id":"https:\/\/stagpartynight.com\/fr\/product\/plongee-snorkelling-majorque\/#primaryimage"},"image":{"@id":"https:\/\/stagpartynight.com\/fr\/product\/plongee-snorkelling-majorque\/#primaryimage"},"thumbnailUrl":"https:\/\/stagpartynight.com\/fr\/wp-content\/uploads\/sites\/3\/2024\/01\/Plongee-Snorkelling-Majorque.jpg","datePublished":"2024-01-02T11:27:36+00:00","dateModified":"2024-01-18T11:25:30+00:00","description":"Plong\u00e9e Snorkelling Majorque. Profitez des eaux cristallines avec un instructeur. Une exp\u00e9rience inoubliable pour les amoureux de la faune marine.","breadcrumb":{"@id":"https:\/\/stagpartynight.com\/fr\/product\/plongee-snorkelling-majorque\/#breadcrumb"},"inLanguage":"en-GB","potentialAction":[{"@type":"ReadAction","target":["https:\/\/stagpartynight.com\/fr\/product\/plongee-snorkelling-majorque\/"]}]},{"@type":"ImageObject","inLanguage":"en-GB","@id":"https:\/\/stagpartynight.com\/fr\/product\/plongee-snorkelling-majorque\/#primaryimage","url":"https:\/\/stagpartynight.com\/fr\/wp-content\/uploads\/sites\/3\/2024\/01\/Plongee-Snorkelling-Majorque.jpg","contentUrl":"https:\/\/stagpartynight.com\/fr\/wp-content\/uploads\/sites\/3\/2024\/01\/Plongee-Snorkelling-Majorque.jpg","width":1280,"height":1707,"caption":"Plong\u00e9e Snorkelling Majorque"},{"@type":"BreadcrumbList","@id":"https:\/\/stagpartynight.com\/fr\/product\/plongee-snorkelling-majorque\/#breadcrumb","itemListElement":[{"@type":"ListItem","position":1,"name":"Home","item":"https:\/\/stagpartynight.com\/fr\/"},{"@type":"ListItem","position":2,"name":"Tienda","item":"https:\/\/stagpartynight.com\/fr\/tienda\/"},{"@type":"ListItem","position":3,"name":"Plong\u00e9e Snorkelling Majorque"}]},{"@type":"WebSite","@id":"https:\/\/stagpartynight.com\/fr\/#website","url":"https:\/\/stagpartynight.com\/fr\/","name":"Stag Party Night","description":"Your Stag Party Customized","publisher":{"@id":"https:\/\/stagpartynight.com\/fr\/#organization"},"potentialAction":[{"@type":"SearchAction","target":{"@type":"EntryPoint","urlTemplate":"https:\/\/stagpartynight.com\/fr\/?s={search_term_string}"},"query-input":{"@type":"PropertyValueSpecification","valueRequired":true,"valueName":"search_term_string"}}],"inLanguage":"en-GB"},{"@type":"Organization","@id":"https:\/\/stagpartynight.com\/fr\/#organization","name":"Stag Party Night","url":"https:\/\/stagpartynight.com\/fr\/","logo":{"@type":"ImageObject","inLanguage":"en-GB","@id":"https:\/\/stagpartynight.com\/fr\/#\/schema\/logo\/image\/","url":"https:\/\/stagpartynight.com\/fr\/wp-content\/uploads\/sites\/3\/2019\/12\/stagpartynight-e1578565505687.png","contentUrl":"https:\/\/stagpartynight.com\/fr\/wp-content\/uploads\/sites\/3\/2019\/12\/stagpartynight-e1578565505687.png","width":400,"height":400,"caption":"Stag Party Night"},"image":{"@id":"https:\/\/stagpartynight.com\/fr\/#\/schema\/logo\/image\/"}}]}},"_links":{"self":[{"href":"https:\/\/stagpartynight.com\/fr\/wp-json\/wp\/v2\/product\/2782","targetHints":{"allow":["GET"]}}],"collection":[{"href":"https:\/\/stagpartynight.com\/fr\/wp-json\/wp\/v2\/product"}],"about":[{"href":"https:\/\/stagpartynight.com\/fr\/wp-json\/wp\/v2\/types\/product"}],"replies":[{"embeddable":true,"href":"https:\/\/stagpartynight.com\/fr\/wp-json\/wp\/v2\/comments?post=2782"}],"wp:featuredmedia":[{"embeddable":true,"href":"https:\/\/stagpartynight.com\/fr\/wp-json\/wp\/v2\/media\/2783"}],"wp:attachment":[{"href":"https:\/\/stagpartynight.com\/fr\/wp-json\/wp\/v2\/media?parent=2782"}],"wp:term":[{"taxonomy":"product_brand","embeddable":true,"href":"https:\/\/stagpartynight.com\/fr\/wp-json\/wp\/v2\/product_brand?post=2782"},{"taxonomy":"product_cat","embeddable":true,"href":"https:\/\/stagpartynight.com\/fr\/wp-json\/wp\/v2\/product_cat?post=2782"},{"taxonomy":"product_tag","embeddable":true,"href":"https:\/\/stagpartynight.com\/fr\/wp-json\/wp\/v2\/product_tag?post=2782"}],"curies":[{"name":"wp","href":"https:\/\/api.w.org\/{rel}","templated":true}]}}