{"id":280,"date":"2020-01-08T14:52:23","date_gmt":"2020-01-08T13:52:23","guid":{"rendered":"https:\/\/stagpartynight.com\/fr\/?post_type=product&#038;p=280"},"modified":"2024-03-12T10:33:04","modified_gmt":"2024-03-12T09:33:04","slug":"dinner-striptease-ibiza","status":"publish","type":"product","link":"https:\/\/stagpartynight.com\/fr\/product\/dinner-striptease-ibiza\/","title":{"rendered":"D\u00eener + Striptease \u00e0 Ibiza"},"content":{"rendered":"<p>D\u00eener au restaurant avec des menus pour groupes et boissons incluses. Striptease dans une salle priv\u00e9e. Les meilleures soir\u00e9es \u00e0<a href=\"https:\/\/en.wikipedia.org\/wiki\/Ibiza\"> Ibiza<\/a> avec <a href=\"https:\/\/stagpartynight.com\/\">Stag Party Night.<\/a><\/p>\n<p>Envie d&#8217;une exp\u00e9rience culinaire inoubliable accompagn\u00e9e d&#8217;une note sensuelle ? Ne perdez pas de temps. Imaginez une soir\u00e9e o\u00f9 la cuisine savoureuse se m\u00eale \u00e0 l&#8217;enthousiasme du strip-tease dans un cadre discret. Un d\u00eener au restaurant avec menus de groupe et boissons comprises, suivi d&#8217;un strip-tease dans une salle priv\u00e9e. Une combinaison id\u00e9ale pour une soir\u00e9e m\u00e9morable.<\/p>\n<p>Pour commencer votre soir\u00e9e, rendez-vous dans un restaurant chaleureux et convivial. O\u00f9 un menu sp\u00e9cialement con\u00e7u pour le groupe vous attend. Chaque bouch\u00e9e est une explosion de saveurs et de plaisir gr\u00e2ce \u00e0 une s\u00e9lection de plats d\u00e9licieux et de boissons incluses. Que ce soit des plats traditionnels de la gastronomie fran\u00e7aise. Sp\u00e9cialit\u00e9s m\u00e9diterran\u00e9ennes ou cr\u00e9ations contemporaines, cette f\u00eate gastronomique propose une vari\u00e9t\u00e9 de plats adapt\u00e9s \u00e0 tous les go\u00fbts.<\/p>\n<div class=\"flex-1 overflow-hidden\">\n<div class=\"react-scroll-to-bottom--css-etktj-79elbk h-full\">\n<div class=\"react-scroll-to-bottom--css-etktj-1n7m0yu\">\n<div class=\"flex flex-col text-sm pb-9\">\n<div class=\"w-full text-token-text-primary\" data-testid=\"conversation-turn-67\">\n<div class=\"px-4 py-2 justify-center text-base md:gap-6 m-auto\">\n<div class=\"flex flex-1 text-base mx-auto gap-3 md:px-5 lg:px-1 xl:px-5 md:max-w-3xl lg:max-w-[40rem] xl:max-w-[48rem] group final-completion\">\n<div class=\"relative flex w-full flex-col agent-turn\">\n<div class=\"flex-col gap-1 md:gap-3\">\n<div class=\"flex flex-grow flex-col max-w-full\">\n<div class=\"min-h-[20px] text-message flex flex-col items-start gap-3 whitespace-pre-wrap break-words [.text-message+&amp;]:mt-5 overflow-x-auto\" data-message-author-role=\"assistant\" data-message-id=\"41904c78-aca1-4112-af8f-484e867741b0\">\n<div class=\"markdown prose w-full break-words dark:prose-invert dark\">\n<h4>Une Soir\u00e9e de Plaisirs Gourmands et Sensuels : D\u00eener Exquis suivi d&#8217;un Striptease Priv\u00e9<\/h4>\n<\/div>\n<\/div>\n<\/div>\n<\/div>\n<\/div>\n<\/div>\n<\/div>\n<\/div>\n<\/div>\n<\/div>\n<\/div>\n<\/div>\n<p>Apr\u00e8s avoir savour\u00e9 chaque d\u00e9licieuse morsure, laissez-vous emporter dans une salle priv\u00e9e o\u00f9 l&#8217;ambiance devient plus intime et envo\u00fbtante. C&#8217;est l\u00e0 que le v\u00e9ritable divertissement commence : un striptease sensuel et captivant qui \u00e9veille les sens et laisse une impression durable. Avec gr\u00e2ce et \u00e9l\u00e9gance, l&#8217;artiste d\u00e9voile ses charmes, cr\u00e9ant une atmosph\u00e8re charg\u00e9e de d\u00e9sir et de suspense.<\/p>\n<p>Que ce soit pour comm\u00e9morer une occasion particuli\u00e8re, faire plaisir \u00e0 un ami ou tout simplement passer une soir\u00e9e m\u00e9morable entre amis, cette association de d\u00eener en groupe et de striptease priv\u00e9 est une exp\u00e9rience qui garantit de laisser des souvenirs inoubliables. C&#8217;est une soir\u00e9e o\u00f9 la d\u00e9licieuse cuisine, les nombreuses boissons et l&#8217;enthousiasme du striptease se combinent pour instaurer une atmosph\u00e8re m\u00e9morable de plaisir et de s\u00e9duction.<\/p>\n<p>En r\u00e9sum\u00e9, immergez-vous dans une soir\u00e9e luxueuse, gastronomique et sensuelle gr\u00e2ce \u00e0 ce concept original de d\u00eener au restaurant comprenant des menus pour groupes et des boissons incluses, suivi d&#8217;un striptease priv\u00e9. Cette exp\u00e9rience allie la subtilit\u00e9 de la cuisine \u00e0 l&#8217;enthousiasme du divertissement afin de cr\u00e9er une soir\u00e9e v\u00e9ritablement m\u00e9morable.<\/p>\n","protected":false},"excerpt":{"rendered":"<p>D\u00eener au restaurant avec des menus pour groupes et boissons incluses. Striptease dans une salle priv\u00e9e.<\/p>\n","protected":false},"featured_media":1769,"comment_status":"open","ping_status":"closed","template":"","meta":{"_et_pb_use_builder":"","_et_pb_old_content":"","_et_gb_content_width":""},"product_brand":[],"product_cat":[113],"product_tag":[314,141],"class_list":{"0":"post-280","1":"product","2":"type-product","3":"status-publish","4":"has-post-thumbnail","6":"product_cat-ibiza","7":"product_tag-diner-striptease-a-ibiza","8":"product_tag-dinner-striptease-ibiza","10":"first","11":"instock","12":"virtual","13":"product-type-simple"},"yoast_head":"<!-- This site is optimized with the Yoast SEO plugin v26.4 - https:\/\/yoast.com\/wordpress\/plugins\/seo\/ -->\n<title>D\u00eener + Striptease \u00e0 Ibiza<\/title>\n<meta name=\"description\" content=\"D\u00eener + Striptease \u00e0 Ibiza - D\u00e9couvrez les meilleurs packs et activit\u00e9s pour votre enterrement de vie de gar\u00e7on \u00e0 Ibiza dans Stagpartynight - EVJF - EVG\" \/>\n<meta name=\"robots\" content=\"index, follow, max-snippet:-1, max-image-preview:large, max-video-preview:-1\" \/>\n<link rel=\"canonical\" href=\"https:\/\/stagpartynight.com\/fr\/product\/dinner-striptease-ibiza\/\" \/>\n<meta property=\"og:locale\" content=\"en_GB\" \/>\n<meta property=\"og:type\" content=\"article\" \/>\n<meta property=\"og:title\" content=\"D\u00eener + Striptease \u00e0 Ibiza\" \/>\n<meta property=\"og:description\" content=\"D\u00eener + Striptease \u00e0 Ibiza - D\u00e9couvrez les meilleurs packs et activit\u00e9s pour votre enterrement de vie de gar\u00e7on \u00e0 Ibiza dans Stagpartynight - EVJF - EVG\" \/>\n<meta property=\"og:url\" content=\"https:\/\/stagpartynight.com\/fr\/product\/dinner-striptease-ibiza\/\" \/>\n<meta property=\"og:site_name\" content=\"Nuit de f\u00eate de cerf\" \/>\n<meta property=\"article:modified_time\" content=\"2024-03-12T09:33:04+00:00\" \/>\n<meta property=\"og:image\" content=\"https:\/\/stagpartynight.com\/fr\/wp-content\/uploads\/sites\/3\/2021\/01\/Girls-1.jpeg\" \/>\n\t<meta property=\"og:image:width\" content=\"926\" \/>\n\t<meta property=\"og:image:height\" content=\"1240\" \/>\n\t<meta property=\"og:image:type\" content=\"image\/jpeg\" \/>\n<meta name=\"twitter:card\" content=\"summary_large_image\" \/>\n<meta name=\"twitter:label1\" content=\"Estimated reading time\" \/>\n\t<meta name=\"twitter:data1\" content=\"2 minutes\" \/>\n<script type=\"application\/ld+json\" class=\"yoast-schema-graph\">{\"@context\":\"https:\/\/schema.org\",\"@graph\":[{\"@type\":\"WebPage\",\"@id\":\"https:\/\/stagpartynight.com\/fr\/product\/dinner-striptease-ibiza\/\",\"url\":\"https:\/\/stagpartynight.com\/fr\/product\/dinner-striptease-ibiza\/\",\"name\":\"D\u00eener + Striptease \u00e0 Ibiza\",\"isPartOf\":{\"@id\":\"https:\/\/stagpartynight.com\/fr\/#website\"},\"primaryImageOfPage\":{\"@id\":\"https:\/\/stagpartynight.com\/fr\/product\/dinner-striptease-ibiza\/#primaryimage\"},\"image\":{\"@id\":\"https:\/\/stagpartynight.com\/fr\/product\/dinner-striptease-ibiza\/#primaryimage\"},\"thumbnailUrl\":\"https:\/\/stagpartynight.com\/fr\/wp-content\/uploads\/sites\/3\/2021\/01\/Girls-1.jpeg\",\"datePublished\":\"2020-01-08T13:52:23+00:00\",\"dateModified\":\"2024-03-12T09:33:04+00:00\",\"description\":\"D\u00eener + Striptease \u00e0 Ibiza - D\u00e9couvrez les meilleurs packs et activit\u00e9s pour votre enterrement de vie de gar\u00e7on \u00e0 Ibiza dans Stagpartynight - EVJF - EVG\",\"breadcrumb\":{\"@id\":\"https:\/\/stagpartynight.com\/fr\/product\/dinner-striptease-ibiza\/#breadcrumb\"},\"inLanguage\":\"en-GB\",\"potentialAction\":[{\"@type\":\"ReadAction\",\"target\":[\"https:\/\/stagpartynight.com\/fr\/product\/dinner-striptease-ibiza\/\"]}]},{\"@type\":\"ImageObject\",\"inLanguage\":\"en-GB\",\"@id\":\"https:\/\/stagpartynight.com\/fr\/product\/dinner-striptease-ibiza\/#primaryimage\",\"url\":\"https:\/\/stagpartynight.com\/fr\/wp-content\/uploads\/sites\/3\/2021\/01\/Girls-1.jpeg\",\"contentUrl\":\"https:\/\/stagpartynight.com\/fr\/wp-content\/uploads\/sites\/3\/2021\/01\/Girls-1.jpeg\",\"width\":926,\"height\":1240,\"caption\":\"Sexy Wake Up Benidorm\"},{\"@type\":\"BreadcrumbList\",\"@id\":\"https:\/\/stagpartynight.com\/fr\/product\/dinner-striptease-ibiza\/#breadcrumb\",\"itemListElement\":[{\"@type\":\"ListItem\",\"position\":1,\"name\":\"Home\",\"item\":\"https:\/\/stagpartynight.com\/fr\/\"},{\"@type\":\"ListItem\",\"position\":2,\"name\":\"Tienda\",\"item\":\"https:\/\/stagpartynight.com\/fr\/tienda\/\"},{\"@type\":\"ListItem\",\"position\":3,\"name\":\"D\u00eener + Striptease \u00e0 Ibiza\"}]},{\"@type\":\"WebSite\",\"@id\":\"https:\/\/stagpartynight.com\/fr\/#website\",\"url\":\"https:\/\/stagpartynight.com\/fr\/\",\"name\":\"Stag Party Night\",\"description\":\"Your Stag Party Customized\",\"publisher\":{\"@id\":\"https:\/\/stagpartynight.com\/fr\/#organization\"},\"potentialAction\":[{\"@type\":\"SearchAction\",\"target\":{\"@type\":\"EntryPoint\",\"urlTemplate\":\"https:\/\/stagpartynight.com\/fr\/?s={search_term_string}\"},\"query-input\":{\"@type\":\"PropertyValueSpecification\",\"valueRequired\":true,\"valueName\":\"search_term_string\"}}],\"inLanguage\":\"en-GB\"},{\"@type\":\"Organization\",\"@id\":\"https:\/\/stagpartynight.com\/fr\/#organization\",\"name\":\"Stag Party Night\",\"url\":\"https:\/\/stagpartynight.com\/fr\/\",\"logo\":{\"@type\":\"ImageObject\",\"inLanguage\":\"en-GB\",\"@id\":\"https:\/\/stagpartynight.com\/fr\/#\/schema\/logo\/image\/\",\"url\":\"https:\/\/stagpartynight.com\/fr\/wp-content\/uploads\/sites\/3\/2019\/12\/stagpartynight-e1578565505687.png\",\"contentUrl\":\"https:\/\/stagpartynight.com\/fr\/wp-content\/uploads\/sites\/3\/2019\/12\/stagpartynight-e1578565505687.png\",\"width\":400,\"height\":400,\"caption\":\"Stag Party Night\"},\"image\":{\"@id\":\"https:\/\/stagpartynight.com\/fr\/#\/schema\/logo\/image\/\"}}]}<\/script>\n<!-- \/ Yoast SEO plugin. -->","yoast_head_json":{"title":"D\u00eener + Striptease \u00e0 Ibiza","description":"D\u00eener + Striptease \u00e0 Ibiza - D\u00e9couvrez les meilleurs packs et activit\u00e9s pour votre enterrement de vie de gar\u00e7on \u00e0 Ibiza dans Stagpartynight - EVJF - EVG","robots":{"index":"index","follow":"follow","max-snippet":"max-snippet:-1","max-image-preview":"max-image-preview:large","max-video-preview":"max-video-preview:-1"},"canonical":"https:\/\/stagpartynight.com\/fr\/product\/dinner-striptease-ibiza\/","og_locale":"en_GB","og_type":"article","og_title":"D\u00eener + Striptease \u00e0 Ibiza","og_description":"D\u00eener + Striptease \u00e0 Ibiza - D\u00e9couvrez les meilleurs packs et activit\u00e9s pour votre enterrement de vie de gar\u00e7on \u00e0 Ibiza dans Stagpartynight - EVJF - EVG","og_url":"https:\/\/stagpartynight.com\/fr\/product\/dinner-striptease-ibiza\/","og_site_name":"Nuit de f\u00eate de cerf","article_modified_time":"2024-03-12T09:33:04+00:00","og_image":[{"width":926,"height":1240,"url":"https:\/\/stagpartynight.com\/fr\/wp-content\/uploads\/sites\/3\/2021\/01\/Girls-1.jpeg","type":"image\/jpeg"}],"twitter_card":"summary_large_image","twitter_misc":{"Estimated reading time":"2 minutes"},"schema":{"@context":"https:\/\/schema.org","@graph":[{"@type":"WebPage","@id":"https:\/\/stagpartynight.com\/fr\/product\/dinner-striptease-ibiza\/","url":"https:\/\/stagpartynight.com\/fr\/product\/dinner-striptease-ibiza\/","name":"D\u00eener + Striptease \u00e0 Ibiza","isPartOf":{"@id":"https:\/\/stagpartynight.com\/fr\/#website"},"primaryImageOfPage":{"@id":"https:\/\/stagpartynight.com\/fr\/product\/dinner-striptease-ibiza\/#primaryimage"},"image":{"@id":"https:\/\/stagpartynight.com\/fr\/product\/dinner-striptease-ibiza\/#primaryimage"},"thumbnailUrl":"https:\/\/stagpartynight.com\/fr\/wp-content\/uploads\/sites\/3\/2021\/01\/Girls-1.jpeg","datePublished":"2020-01-08T13:52:23+00:00","dateModified":"2024-03-12T09:33:04+00:00","description":"D\u00eener + Striptease \u00e0 Ibiza - D\u00e9couvrez les meilleurs packs et activit\u00e9s pour votre enterrement de vie de gar\u00e7on \u00e0 Ibiza dans Stagpartynight - EVJF - EVG","breadcrumb":{"@id":"https:\/\/stagpartynight.com\/fr\/product\/dinner-striptease-ibiza\/#breadcrumb"},"inLanguage":"en-GB","potentialAction":[{"@type":"ReadAction","target":["https:\/\/stagpartynight.com\/fr\/product\/dinner-striptease-ibiza\/"]}]},{"@type":"ImageObject","inLanguage":"en-GB","@id":"https:\/\/stagpartynight.com\/fr\/product\/dinner-striptease-ibiza\/#primaryimage","url":"https:\/\/stagpartynight.com\/fr\/wp-content\/uploads\/sites\/3\/2021\/01\/Girls-1.jpeg","contentUrl":"https:\/\/stagpartynight.com\/fr\/wp-content\/uploads\/sites\/3\/2021\/01\/Girls-1.jpeg","width":926,"height":1240,"caption":"Sexy Wake Up Benidorm"},{"@type":"BreadcrumbList","@id":"https:\/\/stagpartynight.com\/fr\/product\/dinner-striptease-ibiza\/#breadcrumb","itemListElement":[{"@type":"ListItem","position":1,"name":"Home","item":"https:\/\/stagpartynight.com\/fr\/"},{"@type":"ListItem","position":2,"name":"Tienda","item":"https:\/\/stagpartynight.com\/fr\/tienda\/"},{"@type":"ListItem","position":3,"name":"D\u00eener + Striptease \u00e0 Ibiza"}]},{"@type":"WebSite","@id":"https:\/\/stagpartynight.com\/fr\/#website","url":"https:\/\/stagpartynight.com\/fr\/","name":"Stag Party Night","description":"Your Stag Party Customized","publisher":{"@id":"https:\/\/stagpartynight.com\/fr\/#organization"},"potentialAction":[{"@type":"SearchAction","target":{"@type":"EntryPoint","urlTemplate":"https:\/\/stagpartynight.com\/fr\/?s={search_term_string}"},"query-input":{"@type":"PropertyValueSpecification","valueRequired":true,"valueName":"search_term_string"}}],"inLanguage":"en-GB"},{"@type":"Organization","@id":"https:\/\/stagpartynight.com\/fr\/#organization","name":"Stag Party Night","url":"https:\/\/stagpartynight.com\/fr\/","logo":{"@type":"ImageObject","inLanguage":"en-GB","@id":"https:\/\/stagpartynight.com\/fr\/#\/schema\/logo\/image\/","url":"https:\/\/stagpartynight.com\/fr\/wp-content\/uploads\/sites\/3\/2019\/12\/stagpartynight-e1578565505687.png","contentUrl":"https:\/\/stagpartynight.com\/fr\/wp-content\/uploads\/sites\/3\/2019\/12\/stagpartynight-e1578565505687.png","width":400,"height":400,"caption":"Stag Party Night"},"image":{"@id":"https:\/\/stagpartynight.com\/fr\/#\/schema\/logo\/image\/"}}]}},"_links":{"self":[{"href":"https:\/\/stagpartynight.com\/fr\/wp-json\/wp\/v2\/product\/280","targetHints":{"allow":["GET"]}}],"collection":[{"href":"https:\/\/stagpartynight.com\/fr\/wp-json\/wp\/v2\/product"}],"about":[{"href":"https:\/\/stagpartynight.com\/fr\/wp-json\/wp\/v2\/types\/product"}],"replies":[{"embeddable":true,"href":"https:\/\/stagpartynight.com\/fr\/wp-json\/wp\/v2\/comments?post=280"}],"wp:featuredmedia":[{"embeddable":true,"href":"https:\/\/stagpartynight.com\/fr\/wp-json\/wp\/v2\/media\/1769"}],"wp:attachment":[{"href":"https:\/\/stagpartynight.com\/fr\/wp-json\/wp\/v2\/media?parent=280"}],"wp:term":[{"taxonomy":"product_brand","embeddable":true,"href":"https:\/\/stagpartynight.com\/fr\/wp-json\/wp\/v2\/product_brand?post=280"},{"taxonomy":"product_cat","embeddable":true,"href":"https:\/\/stagpartynight.com\/fr\/wp-json\/wp\/v2\/product_cat?post=280"},{"taxonomy":"product_tag","embeddable":true,"href":"https:\/\/stagpartynight.com\/fr\/wp-json\/wp\/v2\/product_tag?post=280"}],"curies":[{"name":"wp","href":"https:\/\/api.w.org\/{rel}","templated":true}]}}