{"id":282,"date":"2020-01-08T14:56:40","date_gmt":"2020-01-08T13:56:40","guid":{"rendered":"https:\/\/stagpartynight.com\/fr\/?post_type=product&#038;p=282"},"modified":"2023-12-20T12:09:37","modified_gmt":"2023-12-20T11:09:37","slug":"beach-club-ibiza","status":"publish","type":"product","link":"https:\/\/stagpartynight.com\/fr\/product\/beach-club-ibiza\/","title":{"rendered":"Beach Club Ibiza"},"content":{"rendered":"<p>Beach Club Ibiza. D\u00e9jeuner au club de la plage. R\u00e9serv\u00e9 dans des lits Balinesas \u00e0 la plage et \u00e0 la piscine priv\u00e9e avec 1 boisson dans la r\u00e9serve. Minimum 3 personnes<\/p>\n<p>Les meilleurs enterrements de vie de gar\u00e7on et de jeune fille avec <a href=\"https:\/\/stagpartynight.com\/\">StagParty<\/a><\/p>\n<h2><strong>Beach Club Ibiza<\/strong><\/h2>\n<div class=\"flex-1 overflow-hidden\">\n<div class=\"react-scroll-to-bottom--css-whvic-79elbk h-full\">\n<div class=\"react-scroll-to-bottom--css-whvic-1n7m0yu\">\n<div class=\"flex flex-col pb-9 text-sm\">\n<div class=\"w-full text-token-text-primary\" data-testid=\"conversation-turn-7\">\n<div class=\"px-4 py-2 justify-center text-base md:gap-6 m-auto\">\n<div class=\"flex flex-1 text-base mx-auto gap-3 md:px-5 lg:px-1 xl:px-5 md:max-w-3xl lg:max-w-[40rem] xl:max-w-[48rem] group final-completion\">\n<div class=\"relative flex w-full flex-col lg:w-[calc(100%-115px)] agent-turn\">\n<div class=\"flex-col gap-1 md:gap-3\">\n<div class=\"flex flex-grow flex-col max-w-full\">\n<div class=\"min-h-[20px] text-message flex flex-col items-start gap-3 whitespace-pre-wrap break-words [.text-message+&amp;]:mt-5 overflow-x-auto\" data-message-author-role=\"assistant\" data-message-id=\"f8a2b477-da68-4986-a964-824107df9c9f\">\n<div class=\"markdown prose w-full break-words dark:prose-invert light\">\n<h4>\ud83c\udf34 I<strong>biza \u00c9clatante: Plaisirs Baln\u00e9aires au Beach Club Exclusif<\/strong><\/h4>\n<p>\ud83c\udf1e Rejoignez-nous pour une journ\u00e9e de luxe au Beach Club le plus exclusif d&#8217;Ibiza, o\u00f9 le soleil, la mer et le style se rencontrent pour cr\u00e9er une exp\u00e9rience baln\u00e9aire in\u00e9gal\u00e9e. De midi \u00e0 19h, plongez dans le raffinement et la d\u00e9tente au c\u0153ur de notre club exclusif.<\/p>\n<p>\ud83c\udf79 D\u00e8s votre arriv\u00e9e, soyez accueilli avec une copa rafra\u00eechissante, annon\u00e7ant le d\u00e9but d&#8217;une journ\u00e9e d&#8217;\u00e9l\u00e9gance et de sophistication. Notre \u00e9quipe d\u00e9vou\u00e9e veillera \u00e0 ce que votre exp\u00e9rience soit aussi exceptionnelle que la destination elle-m\u00eame.<\/p>\n<p>\ud83d\udecc Relaxez-vous dans le confort des lits balinais luxueux, dispos\u00e9s le long de la plage, offrant une vue imprenable sur les eaux turquoise. Impr\u00e9gnez-vous du soleil m\u00e9diterran\u00e9en tout en sirotant des cocktails exquis et en \u00e9coutant les rythmes envo\u00fbtants de nos DJs renomm\u00e9s.<\/p>\n<p>\ud83c\udfb6 Notre DJ r\u00e9sident animera l&#8217;atmosph\u00e8re avec une s\u00e9lection captivante de musique, transformant la plage en une piste de danse chic. Laissez-vous emporter par les beats tout en vous d\u00e9tendant sur votre lit balinais priv\u00e9, cr\u00e9ant ainsi des souvenirs inoubliables.<\/p>\n<p>\ud83c\udfca\u200d\u2642\ufe0f Rafra\u00eechissez-vous dans notre piscine cristalline tout en profitant du service attentif de notre \u00e9quipe d\u00e9vou\u00e9e. Que vous choisissiez de vous pr\u00e9lasser au soleil ou de vous plonger dans les eaux rafra\u00eechissantes, notre Beach Club offre une exp\u00e9rience baln\u00e9aire sans \u00e9gale.<\/p>\n<p>\ud83c\udf05 R\u00e9servez d\u00e8s maintenant votre journ\u00e9e au Beach Club <a href=\"https:\/\/es.wikipedia.org\/wiki\/Ibiza\">d&#8217;Ibiza<\/a> et d\u00e9couvrez l&#8217;ultime m\u00e9lange de luxe, de divertissement et de raffinement. Une journ\u00e9e o\u00f9 chaque moment est une c\u00e9l\u00e9bration de la vie m\u00e9diterran\u00e9enne. Rejoignez-nous et vivez l&#8217;essence du glamour baln\u00e9aire \u00e0 Ibiza ! \ud83c\udf05\ud83c\udf7e<\/p>\n<\/div>\n<\/div>\n<\/div>\n<div class=\"mt-1 flex justify-start gap-3 empty:hidden\">\n<div class=\"text-gray-400 flex self-end lg:self-center justify-center lg:justify-start mt-0 gap-1 visible\"><\/div>\n<\/div>\n<\/div>\n<div class=\"absolute\">\n<div class=\"flex w-full gap-2 items-center justify-center\"><\/div>\n<\/div>\n<\/div>\n<\/div>\n<\/div>\n<\/div>\n<\/div>\n<\/div>\n<\/div>\n<\/div>\n<div class=\"w-full pt-2 md:pt-0 dark:border-white\/20 md:border-transparent md:dark:border-transparent md:w-[calc(100%-.5rem)]\">\n<form class=\"stretch mx-2 flex flex-row gap-3 last:mb-2 md:mx-4 md:last:mb-6 lg:mx-auto lg:max-w-2xl xl:max-w-3xl\">\n<div class=\"relative flex h-full flex-1 items-stretch md:flex-col\">\n<div class=\"flex w-full items-center\"><\/div>\n<\/div>\n<\/form>\n<\/div>\n","protected":false},"excerpt":{"rendered":"<p>D\u00e9jeuner au club de la plage. R\u00e9serv\u00e9 dans des lits Balinesas \u00e0 la plage et \u00e0 la piscine priv\u00e9e avec 1 boisson dans la r\u00e9serve. Minimum 3 personnes<\/p>\n","protected":false},"featured_media":261,"comment_status":"open","ping_status":"closed","template":"","meta":{"_et_pb_use_builder":"","_et_pb_old_content":"","_et_gb_content_width":""},"product_brand":[],"product_cat":[113],"product_tag":[123,311],"class_list":{"0":"post-282","1":"product","2":"type-product","3":"status-publish","4":"has-post-thumbnail","6":"product_cat-ibiza","7":"product_tag-beach-club-ibiza","8":"product_tag-club-de-plage-a-ibiza","10":"first","11":"instock","12":"virtual","13":"product-type-simple"},"yoast_head":"<!-- This site is optimized with the Yoast SEO plugin v26.4 - https:\/\/yoast.com\/wordpress\/plugins\/seo\/ -->\n<title>Beach Club Ibiza<\/title>\n<meta name=\"description\" content=\"Beach Club Ibiza - D\u00e9jeuner au club de la plage. R\u00e9serv\u00e9 dans des lits Balinesas \u00e0 la plage et \u00e0 la piscine priv\u00e9e avec 1 boisson dans la r\u00e9serve.\" \/>\n<meta name=\"robots\" content=\"index, follow, max-snippet:-1, max-image-preview:large, max-video-preview:-1\" \/>\n<link rel=\"canonical\" href=\"https:\/\/stagpartynight.com\/fr\/product\/beach-club-ibiza\/\" \/>\n<meta property=\"og:locale\" content=\"en_GB\" \/>\n<meta property=\"og:type\" content=\"article\" \/>\n<meta property=\"og:title\" content=\"Beach Club Ibiza\" \/>\n<meta property=\"og:description\" content=\"Beach Club Ibiza - D\u00e9jeuner au club de la plage. R\u00e9serv\u00e9 dans des lits Balinesas \u00e0 la plage et \u00e0 la piscine priv\u00e9e avec 1 boisson dans la r\u00e9serve.\" \/>\n<meta property=\"og:url\" content=\"https:\/\/stagpartynight.com\/fr\/product\/beach-club-ibiza\/\" \/>\n<meta property=\"og:site_name\" content=\"Nuit de f\u00eate de cerf\" \/>\n<meta property=\"article:modified_time\" content=\"2023-12-20T11:09:37+00:00\" \/>\n<meta property=\"og:image\" content=\"https:\/\/stagpartynight.com\/fr\/wp-content\/uploads\/sites\/3\/2020\/01\/Beach-Club-Ibiza.jpg\" \/>\n\t<meta property=\"og:image:width\" content=\"740\" \/>\n\t<meta property=\"og:image:height\" content=\"451\" \/>\n\t<meta property=\"og:image:type\" content=\"image\/jpeg\" \/>\n<meta name=\"twitter:card\" content=\"summary_large_image\" \/>\n<meta name=\"twitter:label1\" content=\"Estimated reading time\" \/>\n\t<meta name=\"twitter:data1\" content=\"2 minutes\" \/>\n<script type=\"application\/ld+json\" class=\"yoast-schema-graph\">{\"@context\":\"https:\/\/schema.org\",\"@graph\":[{\"@type\":\"WebPage\",\"@id\":\"https:\/\/stagpartynight.com\/fr\/product\/beach-club-ibiza\/\",\"url\":\"https:\/\/stagpartynight.com\/fr\/product\/beach-club-ibiza\/\",\"name\":\"Beach Club Ibiza\",\"isPartOf\":{\"@id\":\"https:\/\/stagpartynight.com\/fr\/#website\"},\"primaryImageOfPage\":{\"@id\":\"https:\/\/stagpartynight.com\/fr\/product\/beach-club-ibiza\/#primaryimage\"},\"image\":{\"@id\":\"https:\/\/stagpartynight.com\/fr\/product\/beach-club-ibiza\/#primaryimage\"},\"thumbnailUrl\":\"https:\/\/stagpartynight.com\/fr\/wp-content\/uploads\/sites\/3\/2020\/01\/Beach-Club-Ibiza.jpg\",\"datePublished\":\"2020-01-08T13:56:40+00:00\",\"dateModified\":\"2023-12-20T11:09:37+00:00\",\"description\":\"Beach Club Ibiza - D\u00e9jeuner au club de la plage. R\u00e9serv\u00e9 dans des lits Balinesas \u00e0 la plage et \u00e0 la piscine priv\u00e9e avec 1 boisson dans la r\u00e9serve.\",\"breadcrumb\":{\"@id\":\"https:\/\/stagpartynight.com\/fr\/product\/beach-club-ibiza\/#breadcrumb\"},\"inLanguage\":\"en-GB\",\"potentialAction\":[{\"@type\":\"ReadAction\",\"target\":[\"https:\/\/stagpartynight.com\/fr\/product\/beach-club-ibiza\/\"]}]},{\"@type\":\"ImageObject\",\"inLanguage\":\"en-GB\",\"@id\":\"https:\/\/stagpartynight.com\/fr\/product\/beach-club-ibiza\/#primaryimage\",\"url\":\"https:\/\/stagpartynight.com\/fr\/wp-content\/uploads\/sites\/3\/2020\/01\/Beach-Club-Ibiza.jpg\",\"contentUrl\":\"https:\/\/stagpartynight.com\/fr\/wp-content\/uploads\/sites\/3\/2020\/01\/Beach-Club-Ibiza.jpg\",\"width\":740,\"height\":451,\"caption\":\"Beach Club Ibiza\"},{\"@type\":\"BreadcrumbList\",\"@id\":\"https:\/\/stagpartynight.com\/fr\/product\/beach-club-ibiza\/#breadcrumb\",\"itemListElement\":[{\"@type\":\"ListItem\",\"position\":1,\"name\":\"Home\",\"item\":\"https:\/\/stagpartynight.com\/fr\/\"},{\"@type\":\"ListItem\",\"position\":2,\"name\":\"Tienda\",\"item\":\"https:\/\/stagpartynight.com\/fr\/tienda\/\"},{\"@type\":\"ListItem\",\"position\":3,\"name\":\"Beach Club Ibiza\"}]},{\"@type\":\"WebSite\",\"@id\":\"https:\/\/stagpartynight.com\/fr\/#website\",\"url\":\"https:\/\/stagpartynight.com\/fr\/\",\"name\":\"Stag Party Night\",\"description\":\"Your Stag Party Customized\",\"publisher\":{\"@id\":\"https:\/\/stagpartynight.com\/fr\/#organization\"},\"potentialAction\":[{\"@type\":\"SearchAction\",\"target\":{\"@type\":\"EntryPoint\",\"urlTemplate\":\"https:\/\/stagpartynight.com\/fr\/?s={search_term_string}\"},\"query-input\":{\"@type\":\"PropertyValueSpecification\",\"valueRequired\":true,\"valueName\":\"search_term_string\"}}],\"inLanguage\":\"en-GB\"},{\"@type\":\"Organization\",\"@id\":\"https:\/\/stagpartynight.com\/fr\/#organization\",\"name\":\"Stag Party Night\",\"url\":\"https:\/\/stagpartynight.com\/fr\/\",\"logo\":{\"@type\":\"ImageObject\",\"inLanguage\":\"en-GB\",\"@id\":\"https:\/\/stagpartynight.com\/fr\/#\/schema\/logo\/image\/\",\"url\":\"https:\/\/stagpartynight.com\/fr\/wp-content\/uploads\/sites\/3\/2019\/12\/stagpartynight-e1578565505687.png\",\"contentUrl\":\"https:\/\/stagpartynight.com\/fr\/wp-content\/uploads\/sites\/3\/2019\/12\/stagpartynight-e1578565505687.png\",\"width\":400,\"height\":400,\"caption\":\"Stag Party Night\"},\"image\":{\"@id\":\"https:\/\/stagpartynight.com\/fr\/#\/schema\/logo\/image\/\"}}]}<\/script>\n<!-- \/ Yoast SEO plugin. -->","yoast_head_json":{"title":"Beach Club Ibiza","description":"Beach Club Ibiza - D\u00e9jeuner au club de la plage. R\u00e9serv\u00e9 dans des lits Balinesas \u00e0 la plage et \u00e0 la piscine priv\u00e9e avec 1 boisson dans la r\u00e9serve.","robots":{"index":"index","follow":"follow","max-snippet":"max-snippet:-1","max-image-preview":"max-image-preview:large","max-video-preview":"max-video-preview:-1"},"canonical":"https:\/\/stagpartynight.com\/fr\/product\/beach-club-ibiza\/","og_locale":"en_GB","og_type":"article","og_title":"Beach Club Ibiza","og_description":"Beach Club Ibiza - D\u00e9jeuner au club de la plage. R\u00e9serv\u00e9 dans des lits Balinesas \u00e0 la plage et \u00e0 la piscine priv\u00e9e avec 1 boisson dans la r\u00e9serve.","og_url":"https:\/\/stagpartynight.com\/fr\/product\/beach-club-ibiza\/","og_site_name":"Nuit de f\u00eate de cerf","article_modified_time":"2023-12-20T11:09:37+00:00","og_image":[{"width":740,"height":451,"url":"https:\/\/stagpartynight.com\/fr\/wp-content\/uploads\/sites\/3\/2020\/01\/Beach-Club-Ibiza.jpg","type":"image\/jpeg"}],"twitter_card":"summary_large_image","twitter_misc":{"Estimated reading time":"2 minutes"},"schema":{"@context":"https:\/\/schema.org","@graph":[{"@type":"WebPage","@id":"https:\/\/stagpartynight.com\/fr\/product\/beach-club-ibiza\/","url":"https:\/\/stagpartynight.com\/fr\/product\/beach-club-ibiza\/","name":"Beach Club Ibiza","isPartOf":{"@id":"https:\/\/stagpartynight.com\/fr\/#website"},"primaryImageOfPage":{"@id":"https:\/\/stagpartynight.com\/fr\/product\/beach-club-ibiza\/#primaryimage"},"image":{"@id":"https:\/\/stagpartynight.com\/fr\/product\/beach-club-ibiza\/#primaryimage"},"thumbnailUrl":"https:\/\/stagpartynight.com\/fr\/wp-content\/uploads\/sites\/3\/2020\/01\/Beach-Club-Ibiza.jpg","datePublished":"2020-01-08T13:56:40+00:00","dateModified":"2023-12-20T11:09:37+00:00","description":"Beach Club Ibiza - D\u00e9jeuner au club de la plage. R\u00e9serv\u00e9 dans des lits Balinesas \u00e0 la plage et \u00e0 la piscine priv\u00e9e avec 1 boisson dans la r\u00e9serve.","breadcrumb":{"@id":"https:\/\/stagpartynight.com\/fr\/product\/beach-club-ibiza\/#breadcrumb"},"inLanguage":"en-GB","potentialAction":[{"@type":"ReadAction","target":["https:\/\/stagpartynight.com\/fr\/product\/beach-club-ibiza\/"]}]},{"@type":"ImageObject","inLanguage":"en-GB","@id":"https:\/\/stagpartynight.com\/fr\/product\/beach-club-ibiza\/#primaryimage","url":"https:\/\/stagpartynight.com\/fr\/wp-content\/uploads\/sites\/3\/2020\/01\/Beach-Club-Ibiza.jpg","contentUrl":"https:\/\/stagpartynight.com\/fr\/wp-content\/uploads\/sites\/3\/2020\/01\/Beach-Club-Ibiza.jpg","width":740,"height":451,"caption":"Beach Club Ibiza"},{"@type":"BreadcrumbList","@id":"https:\/\/stagpartynight.com\/fr\/product\/beach-club-ibiza\/#breadcrumb","itemListElement":[{"@type":"ListItem","position":1,"name":"Home","item":"https:\/\/stagpartynight.com\/fr\/"},{"@type":"ListItem","position":2,"name":"Tienda","item":"https:\/\/stagpartynight.com\/fr\/tienda\/"},{"@type":"ListItem","position":3,"name":"Beach Club Ibiza"}]},{"@type":"WebSite","@id":"https:\/\/stagpartynight.com\/fr\/#website","url":"https:\/\/stagpartynight.com\/fr\/","name":"Stag Party Night","description":"Your Stag Party Customized","publisher":{"@id":"https:\/\/stagpartynight.com\/fr\/#organization"},"potentialAction":[{"@type":"SearchAction","target":{"@type":"EntryPoint","urlTemplate":"https:\/\/stagpartynight.com\/fr\/?s={search_term_string}"},"query-input":{"@type":"PropertyValueSpecification","valueRequired":true,"valueName":"search_term_string"}}],"inLanguage":"en-GB"},{"@type":"Organization","@id":"https:\/\/stagpartynight.com\/fr\/#organization","name":"Stag Party Night","url":"https:\/\/stagpartynight.com\/fr\/","logo":{"@type":"ImageObject","inLanguage":"en-GB","@id":"https:\/\/stagpartynight.com\/fr\/#\/schema\/logo\/image\/","url":"https:\/\/stagpartynight.com\/fr\/wp-content\/uploads\/sites\/3\/2019\/12\/stagpartynight-e1578565505687.png","contentUrl":"https:\/\/stagpartynight.com\/fr\/wp-content\/uploads\/sites\/3\/2019\/12\/stagpartynight-e1578565505687.png","width":400,"height":400,"caption":"Stag Party Night"},"image":{"@id":"https:\/\/stagpartynight.com\/fr\/#\/schema\/logo\/image\/"}}]}},"_links":{"self":[{"href":"https:\/\/stagpartynight.com\/fr\/wp-json\/wp\/v2\/product\/282","targetHints":{"allow":["GET"]}}],"collection":[{"href":"https:\/\/stagpartynight.com\/fr\/wp-json\/wp\/v2\/product"}],"about":[{"href":"https:\/\/stagpartynight.com\/fr\/wp-json\/wp\/v2\/types\/product"}],"replies":[{"embeddable":true,"href":"https:\/\/stagpartynight.com\/fr\/wp-json\/wp\/v2\/comments?post=282"}],"wp:featuredmedia":[{"embeddable":true,"href":"https:\/\/stagpartynight.com\/fr\/wp-json\/wp\/v2\/media\/261"}],"wp:attachment":[{"href":"https:\/\/stagpartynight.com\/fr\/wp-json\/wp\/v2\/media?parent=282"}],"wp:term":[{"taxonomy":"product_brand","embeddable":true,"href":"https:\/\/stagpartynight.com\/fr\/wp-json\/wp\/v2\/product_brand?post=282"},{"taxonomy":"product_cat","embeddable":true,"href":"https:\/\/stagpartynight.com\/fr\/wp-json\/wp\/v2\/product_cat?post=282"},{"taxonomy":"product_tag","embeddable":true,"href":"https:\/\/stagpartynight.com\/fr\/wp-json\/wp\/v2\/product_tag?post=282"}],"curies":[{"name":"wp","href":"https:\/\/api.w.org\/{rel}","templated":true}]}}