{"id":283,"date":"2020-01-08T14:58:00","date_gmt":"2020-01-08T13:58:00","guid":{"rendered":"https:\/\/stagpartynight.com\/fr\/?post_type=product&#038;p=283"},"modified":"2024-03-11T12:58:26","modified_gmt":"2024-03-11T11:58:26","slug":"pack-beach-club-ushuaia-ibiza","status":"publish","type":"product","link":"https:\/\/stagpartynight.com\/fr\/product\/pack-beach-club-ushuaia-ibiza\/","title":{"rendered":"Beach Club + Ushuaia Ibiza"},"content":{"rendered":"<p>D\u00e9jeuner au Beach Club. R\u00e9serv\u00e9 dans les lits balinais de la piscine et de la plage priv\u00e9e avec 1 boisson dans la zone r\u00e9serv\u00e9e. Entr\u00e9e \u00e0 ushuaya sans limite de temps. Les meilleures f\u00eates<a href=\"https:\/\/en.wikipedia.org\/wiki\/Ibiza\"> d&#8217;Ibiza<\/a> avec <a href=\"https:\/\/stagpartynight.com\/\">Stag Party Night.<\/a><\/p>\n<p>Chaque journ\u00e9e \u00e0 Ibiza est une promesse de luxe, de plaisir et d&#8217;excitation, et rien ne repr\u00e9sente mieux cette exp\u00e9rience que le d\u00e9jeuner au Beach Club. Suivi d&#8217;une soir\u00e9e inoubliable \u00e0 Ushua\u00efa. Laissez-vous emporter par une journ\u00e9e de plaisirs d\u00e9licieux. O\u00f9 il n&#8217;y a pas de limites et o\u00f9 chaque instant est une c\u00e9l\u00e9bration de la vie et du raffinement.<\/p>\n<p>Commencez votre journ\u00e9e en beaut\u00e9 au Beach Club. O\u00f9 vous attend un d\u00e9jeuner dans les lits balinais sur la piscine et la plage. Dans un cadre idyllique, installez-vous confortablement et laissez-vous choyer par un service attentif. Tandis que vous savourez des plats d\u00e9licieux et des boissons rafra\u00eechissantes. Vous pourrez vous d\u00e9tendre et profiter pleinement de cette exp\u00e9rience de luxe ultime avec une boisson incluse dans la zone r\u00e9serv\u00e9e.<\/p>\n<p>Pr\u00e9parez-vous \u00e0 passer une soir\u00e9e fantastique \u00e0 Ushua\u00efa apr\u00e8s un apr\u00e8s-midi relaxant au Beach Club. Avec une entr\u00e9e sans limite de temps, plongez-vous dans l&#8217;ambiance \u00e9lectrique de cette discoth\u00e8que c\u00e9l\u00e8bre. O\u00f9 la musique enivrante et les \u00e9v\u00e9nements sans fin vous entra\u00eenent dans un tourbillon de plaisir et d&#8217;excitation. Avec vos amis, dansez sous les \u00e9toiles et laissez-vous emporter par la magie de cette soir\u00e9e inoubliable.<\/p>\n<div class=\"flex-1 overflow-hidden\">\n<div class=\"react-scroll-to-bottom--css-etktj-79elbk h-full\">\n<div class=\"react-scroll-to-bottom--css-etktj-1n7m0yu\">\n<div class=\"flex flex-col text-sm pb-9\">\n<div class=\"w-full text-token-text-primary\" data-testid=\"conversation-turn-39\">\n<div class=\"px-4 py-2 justify-center text-base md:gap-6 m-auto\">\n<div class=\"flex flex-1 text-base mx-auto gap-3 md:px-5 lg:px-1 xl:px-5 md:max-w-3xl lg:max-w-[40rem] xl:max-w-[48rem] group final-completion\">\n<div class=\"relative flex w-full flex-col agent-turn\">\n<div class=\"flex-col gap-1 md:gap-3\">\n<div class=\"flex flex-grow flex-col max-w-full\">\n<div class=\"min-h-[20px] text-message flex flex-col items-start gap-3 whitespace-pre-wrap break-words [.text-message+&amp;]:mt-5 overflow-x-auto\" data-message-author-role=\"assistant\" data-message-id=\"d6845a6f-2be8-455b-bcd7-b5ec2b6edfbe\">\n<div class=\"markdown prose w-full break-words dark:prose-invert light\">\n<h4>Une Journ\u00e9e de Luxe \u00e0 Ibiza : Du D\u00e9lice au Beach Club \u00e0 la F\u00e9brilit\u00e9 d&#8217;Ushua\u00efa<\/h4>\n<\/div>\n<\/div>\n<\/div>\n<\/div>\n<\/div>\n<\/div>\n<\/div>\n<\/div>\n<\/div>\n<\/div>\n<\/div>\n<\/div>\n<p>Le d\u00e9jeuner au Beach Club suivi d&#8217;une soir\u00e9e \u00e0 Ushua\u00efa est l&#8217;occasion parfaite de passer des moments inoubliables \u00e0 Ibiza. Que vous soyez \u00e0 la recherche d&#8217;une journ\u00e9e de d\u00e9tente absolue ou d&#8217;une soir\u00e9e de f\u00eate endiabl\u00e9e. Alors pr\u00e9parez-vous \u00e0 vous laisser s\u00e9duire par le luxe et l&#8217;atmosph\u00e8re envo\u00fbtante de cette \u00eele paradisiaque et \u00e0 cr\u00e9er des souvenirs qui dureront \u00e0 jamais.<\/p>\n<p>Avec un d\u00e9jeuner exclusif au Beach Club suivi d&#8217;une soir\u00e9e inoubliable \u00e0 Ushua\u00efa, plonguez dans une journ\u00e9e de luxe et de plaisir \u00e0 Ibiza. Profitez de l&#8217;atmosph\u00e8re \u00e9l\u00e9gante et d\u00e9contract\u00e9e du Beach Club, o\u00f9 vous pourrez vous d\u00e9tendre dans les lits balinais tout en d\u00e9gustant des plats d\u00e9licieux et des boissons rafra\u00eechissantes. Apr\u00e8s cela, laissez-vous emporter par l&#8217;\u00e9nergie vibrante d&#8217;Ushua\u00efa, o\u00f9 la musique enivrante et les c\u00e9l\u00e9brations incessantes vous assurent une soir\u00e9e \u00e9pique.<\/p>\n","protected":false},"excerpt":{"rendered":"<p>D\u00e9jeuner au Beach Club. R\u00e9serv\u00e9 dans les lits balinais de la piscine et de la plage priv\u00e9e avec 1 boisson dans la zone r\u00e9serv\u00e9e. Entr\u00e9e \u00e0 ushuaya sans limite de temps.<\/p>\n","protected":false},"featured_media":1813,"comment_status":"open","ping_status":"closed","template":"","meta":{"_et_pb_use_builder":"","_et_pb_old_content":"","_et_gb_content_width":""},"product_brand":[],"product_cat":[113],"product_tag":[310,143],"class_list":{"0":"post-283","1":"product","2":"type-product","3":"status-publish","4":"has-post-thumbnail","6":"product_cat-ibiza","7":"product_tag-beach-club-ushuaia-ibiza","8":"product_tag-pack-beach-club-ushuaia-ibiza","10":"first","11":"instock","12":"virtual","13":"product-type-simple"},"yoast_head":"<!-- This site is optimized with the Yoast SEO plugin v26.4 - https:\/\/yoast.com\/wordpress\/plugins\/seo\/ -->\n<title>Beach Club + Ushuaia Ibiza<\/title>\n<meta name=\"description\" content=\"Beach Club + Ushuaia Ibiza - D\u00e9couvrez les meilleurs packs et activit\u00e9s pour votre enterrement de vie de gar\u00e7on \u00e0 Ibiza dans Stagpartynight.\" \/>\n<meta name=\"robots\" content=\"index, follow, max-snippet:-1, max-image-preview:large, max-video-preview:-1\" \/>\n<link rel=\"canonical\" href=\"https:\/\/stagpartynight.com\/fr\/product\/pack-beach-club-ushuaia-ibiza\/\" \/>\n<meta property=\"og:locale\" content=\"en_GB\" \/>\n<meta property=\"og:type\" content=\"article\" \/>\n<meta property=\"og:title\" content=\"Beach Club + Ushuaia Ibiza\" \/>\n<meta property=\"og:description\" content=\"Beach Club + Ushuaia Ibiza - D\u00e9couvrez les meilleurs packs et activit\u00e9s pour votre enterrement de vie de gar\u00e7on \u00e0 Ibiza dans Stagpartynight.\" \/>\n<meta property=\"og:url\" content=\"https:\/\/stagpartynight.com\/fr\/product\/pack-beach-club-ushuaia-ibiza\/\" \/>\n<meta property=\"og:site_name\" content=\"Nuit de f\u00eate de cerf\" \/>\n<meta property=\"article:modified_time\" content=\"2024-03-11T11:58:26+00:00\" \/>\n<meta property=\"og:image\" content=\"https:\/\/stagpartynight.com\/fr\/wp-content\/uploads\/sites\/3\/2020\/01\/Beach-Club.jpg\" \/>\n\t<meta property=\"og:image:width\" content=\"720\" \/>\n\t<meta property=\"og:image:height\" content=\"479\" \/>\n\t<meta property=\"og:image:type\" content=\"image\/jpeg\" \/>\n<meta name=\"twitter:card\" content=\"summary_large_image\" \/>\n<meta name=\"twitter:label1\" content=\"Estimated reading time\" \/>\n\t<meta name=\"twitter:data1\" content=\"2 minutes\" \/>\n<script type=\"application\/ld+json\" class=\"yoast-schema-graph\">{\"@context\":\"https:\/\/schema.org\",\"@graph\":[{\"@type\":\"WebPage\",\"@id\":\"https:\/\/stagpartynight.com\/fr\/product\/pack-beach-club-ushuaia-ibiza\/\",\"url\":\"https:\/\/stagpartynight.com\/fr\/product\/pack-beach-club-ushuaia-ibiza\/\",\"name\":\"Beach Club + Ushuaia Ibiza\",\"isPartOf\":{\"@id\":\"https:\/\/stagpartynight.com\/fr\/#website\"},\"primaryImageOfPage\":{\"@id\":\"https:\/\/stagpartynight.com\/fr\/product\/pack-beach-club-ushuaia-ibiza\/#primaryimage\"},\"image\":{\"@id\":\"https:\/\/stagpartynight.com\/fr\/product\/pack-beach-club-ushuaia-ibiza\/#primaryimage\"},\"thumbnailUrl\":\"https:\/\/stagpartynight.com\/fr\/wp-content\/uploads\/sites\/3\/2020\/01\/Beach-Club.jpg\",\"datePublished\":\"2020-01-08T13:58:00+00:00\",\"dateModified\":\"2024-03-11T11:58:26+00:00\",\"description\":\"Beach Club + Ushuaia Ibiza - D\u00e9couvrez les meilleurs packs et activit\u00e9s pour votre enterrement de vie de gar\u00e7on \u00e0 Ibiza dans Stagpartynight.\",\"breadcrumb\":{\"@id\":\"https:\/\/stagpartynight.com\/fr\/product\/pack-beach-club-ushuaia-ibiza\/#breadcrumb\"},\"inLanguage\":\"en-GB\",\"potentialAction\":[{\"@type\":\"ReadAction\",\"target\":[\"https:\/\/stagpartynight.com\/fr\/product\/pack-beach-club-ushuaia-ibiza\/\"]}]},{\"@type\":\"ImageObject\",\"inLanguage\":\"en-GB\",\"@id\":\"https:\/\/stagpartynight.com\/fr\/product\/pack-beach-club-ushuaia-ibiza\/#primaryimage\",\"url\":\"https:\/\/stagpartynight.com\/fr\/wp-content\/uploads\/sites\/3\/2020\/01\/Beach-Club.jpg\",\"contentUrl\":\"https:\/\/stagpartynight.com\/fr\/wp-content\/uploads\/sites\/3\/2020\/01\/Beach-Club.jpg\",\"width\":720,\"height\":479},{\"@type\":\"BreadcrumbList\",\"@id\":\"https:\/\/stagpartynight.com\/fr\/product\/pack-beach-club-ushuaia-ibiza\/#breadcrumb\",\"itemListElement\":[{\"@type\":\"ListItem\",\"position\":1,\"name\":\"Home\",\"item\":\"https:\/\/stagpartynight.com\/fr\/\"},{\"@type\":\"ListItem\",\"position\":2,\"name\":\"Tienda\",\"item\":\"https:\/\/stagpartynight.com\/fr\/tienda\/\"},{\"@type\":\"ListItem\",\"position\":3,\"name\":\"Beach Club + Ushuaia Ibiza\"}]},{\"@type\":\"WebSite\",\"@id\":\"https:\/\/stagpartynight.com\/fr\/#website\",\"url\":\"https:\/\/stagpartynight.com\/fr\/\",\"name\":\"Stag Party Night\",\"description\":\"Your Stag Party Customized\",\"publisher\":{\"@id\":\"https:\/\/stagpartynight.com\/fr\/#organization\"},\"potentialAction\":[{\"@type\":\"SearchAction\",\"target\":{\"@type\":\"EntryPoint\",\"urlTemplate\":\"https:\/\/stagpartynight.com\/fr\/?s={search_term_string}\"},\"query-input\":{\"@type\":\"PropertyValueSpecification\",\"valueRequired\":true,\"valueName\":\"search_term_string\"}}],\"inLanguage\":\"en-GB\"},{\"@type\":\"Organization\",\"@id\":\"https:\/\/stagpartynight.com\/fr\/#organization\",\"name\":\"Stag Party Night\",\"url\":\"https:\/\/stagpartynight.com\/fr\/\",\"logo\":{\"@type\":\"ImageObject\",\"inLanguage\":\"en-GB\",\"@id\":\"https:\/\/stagpartynight.com\/fr\/#\/schema\/logo\/image\/\",\"url\":\"https:\/\/stagpartynight.com\/fr\/wp-content\/uploads\/sites\/3\/2019\/12\/stagpartynight-e1578565505687.png\",\"contentUrl\":\"https:\/\/stagpartynight.com\/fr\/wp-content\/uploads\/sites\/3\/2019\/12\/stagpartynight-e1578565505687.png\",\"width\":400,\"height\":400,\"caption\":\"Stag Party Night\"},\"image\":{\"@id\":\"https:\/\/stagpartynight.com\/fr\/#\/schema\/logo\/image\/\"}}]}<\/script>\n<!-- \/ Yoast SEO plugin. -->","yoast_head_json":{"title":"Beach Club + Ushuaia Ibiza","description":"Beach Club + Ushuaia Ibiza - D\u00e9couvrez les meilleurs packs et activit\u00e9s pour votre enterrement de vie de gar\u00e7on \u00e0 Ibiza dans Stagpartynight.","robots":{"index":"index","follow":"follow","max-snippet":"max-snippet:-1","max-image-preview":"max-image-preview:large","max-video-preview":"max-video-preview:-1"},"canonical":"https:\/\/stagpartynight.com\/fr\/product\/pack-beach-club-ushuaia-ibiza\/","og_locale":"en_GB","og_type":"article","og_title":"Beach Club + Ushuaia Ibiza","og_description":"Beach Club + Ushuaia Ibiza - D\u00e9couvrez les meilleurs packs et activit\u00e9s pour votre enterrement de vie de gar\u00e7on \u00e0 Ibiza dans Stagpartynight.","og_url":"https:\/\/stagpartynight.com\/fr\/product\/pack-beach-club-ushuaia-ibiza\/","og_site_name":"Nuit de f\u00eate de cerf","article_modified_time":"2024-03-11T11:58:26+00:00","og_image":[{"width":720,"height":479,"url":"https:\/\/stagpartynight.com\/fr\/wp-content\/uploads\/sites\/3\/2020\/01\/Beach-Club.jpg","type":"image\/jpeg"}],"twitter_card":"summary_large_image","twitter_misc":{"Estimated reading time":"2 minutes"},"schema":{"@context":"https:\/\/schema.org","@graph":[{"@type":"WebPage","@id":"https:\/\/stagpartynight.com\/fr\/product\/pack-beach-club-ushuaia-ibiza\/","url":"https:\/\/stagpartynight.com\/fr\/product\/pack-beach-club-ushuaia-ibiza\/","name":"Beach Club + Ushuaia Ibiza","isPartOf":{"@id":"https:\/\/stagpartynight.com\/fr\/#website"},"primaryImageOfPage":{"@id":"https:\/\/stagpartynight.com\/fr\/product\/pack-beach-club-ushuaia-ibiza\/#primaryimage"},"image":{"@id":"https:\/\/stagpartynight.com\/fr\/product\/pack-beach-club-ushuaia-ibiza\/#primaryimage"},"thumbnailUrl":"https:\/\/stagpartynight.com\/fr\/wp-content\/uploads\/sites\/3\/2020\/01\/Beach-Club.jpg","datePublished":"2020-01-08T13:58:00+00:00","dateModified":"2024-03-11T11:58:26+00:00","description":"Beach Club + Ushuaia Ibiza - D\u00e9couvrez les meilleurs packs et activit\u00e9s pour votre enterrement de vie de gar\u00e7on \u00e0 Ibiza dans Stagpartynight.","breadcrumb":{"@id":"https:\/\/stagpartynight.com\/fr\/product\/pack-beach-club-ushuaia-ibiza\/#breadcrumb"},"inLanguage":"en-GB","potentialAction":[{"@type":"ReadAction","target":["https:\/\/stagpartynight.com\/fr\/product\/pack-beach-club-ushuaia-ibiza\/"]}]},{"@type":"ImageObject","inLanguage":"en-GB","@id":"https:\/\/stagpartynight.com\/fr\/product\/pack-beach-club-ushuaia-ibiza\/#primaryimage","url":"https:\/\/stagpartynight.com\/fr\/wp-content\/uploads\/sites\/3\/2020\/01\/Beach-Club.jpg","contentUrl":"https:\/\/stagpartynight.com\/fr\/wp-content\/uploads\/sites\/3\/2020\/01\/Beach-Club.jpg","width":720,"height":479},{"@type":"BreadcrumbList","@id":"https:\/\/stagpartynight.com\/fr\/product\/pack-beach-club-ushuaia-ibiza\/#breadcrumb","itemListElement":[{"@type":"ListItem","position":1,"name":"Home","item":"https:\/\/stagpartynight.com\/fr\/"},{"@type":"ListItem","position":2,"name":"Tienda","item":"https:\/\/stagpartynight.com\/fr\/tienda\/"},{"@type":"ListItem","position":3,"name":"Beach Club + Ushuaia Ibiza"}]},{"@type":"WebSite","@id":"https:\/\/stagpartynight.com\/fr\/#website","url":"https:\/\/stagpartynight.com\/fr\/","name":"Stag Party Night","description":"Your Stag Party Customized","publisher":{"@id":"https:\/\/stagpartynight.com\/fr\/#organization"},"potentialAction":[{"@type":"SearchAction","target":{"@type":"EntryPoint","urlTemplate":"https:\/\/stagpartynight.com\/fr\/?s={search_term_string}"},"query-input":{"@type":"PropertyValueSpecification","valueRequired":true,"valueName":"search_term_string"}}],"inLanguage":"en-GB"},{"@type":"Organization","@id":"https:\/\/stagpartynight.com\/fr\/#organization","name":"Stag Party Night","url":"https:\/\/stagpartynight.com\/fr\/","logo":{"@type":"ImageObject","inLanguage":"en-GB","@id":"https:\/\/stagpartynight.com\/fr\/#\/schema\/logo\/image\/","url":"https:\/\/stagpartynight.com\/fr\/wp-content\/uploads\/sites\/3\/2019\/12\/stagpartynight-e1578565505687.png","contentUrl":"https:\/\/stagpartynight.com\/fr\/wp-content\/uploads\/sites\/3\/2019\/12\/stagpartynight-e1578565505687.png","width":400,"height":400,"caption":"Stag Party Night"},"image":{"@id":"https:\/\/stagpartynight.com\/fr\/#\/schema\/logo\/image\/"}}]}},"_links":{"self":[{"href":"https:\/\/stagpartynight.com\/fr\/wp-json\/wp\/v2\/product\/283","targetHints":{"allow":["GET"]}}],"collection":[{"href":"https:\/\/stagpartynight.com\/fr\/wp-json\/wp\/v2\/product"}],"about":[{"href":"https:\/\/stagpartynight.com\/fr\/wp-json\/wp\/v2\/types\/product"}],"replies":[{"embeddable":true,"href":"https:\/\/stagpartynight.com\/fr\/wp-json\/wp\/v2\/comments?post=283"}],"wp:featuredmedia":[{"embeddable":true,"href":"https:\/\/stagpartynight.com\/fr\/wp-json\/wp\/v2\/media\/1813"}],"wp:attachment":[{"href":"https:\/\/stagpartynight.com\/fr\/wp-json\/wp\/v2\/media?parent=283"}],"wp:term":[{"taxonomy":"product_brand","embeddable":true,"href":"https:\/\/stagpartynight.com\/fr\/wp-json\/wp\/v2\/product_brand?post=283"},{"taxonomy":"product_cat","embeddable":true,"href":"https:\/\/stagpartynight.com\/fr\/wp-json\/wp\/v2\/product_cat?post=283"},{"taxonomy":"product_tag","embeddable":true,"href":"https:\/\/stagpartynight.com\/fr\/wp-json\/wp\/v2\/product_tag?post=283"}],"curies":[{"name":"wp","href":"https:\/\/api.w.org\/{rel}","templated":true}]}}