{"id":2843,"date":"2024-01-11T13:18:48","date_gmt":"2024-01-11T12:18:48","guid":{"rendered":"https:\/\/stagpartynight.com\/fr\/?post_type=product&#038;p=2843"},"modified":"2024-01-23T10:38:41","modified_gmt":"2024-01-23T09:38:41","slug":"conduire-un-buggy-benidorm","status":"publish","type":"product","link":"https:\/\/stagpartynight.com\/fr\/product\/conduire-un-buggy-benidorm\/","title":{"rendered":"Conduire un Buggy Benidorm"},"content":{"rendered":"<p>Conduire un Buggy Benidorm. Profitez d&#8217;une visite guid\u00e9e de quatre heures en buggy. Conduire Buugy Benidorm.<\/p>\n<p>Les meilleurs enterrements de vie de gar\u00e7on avec <a href=\"https:\/\/stagpartynight.com\/\">Stagparty<\/a>!<\/p>\n<h2 style=\"text-align: center;\">Conduire un Buggy Benidorm\ud83c\udfce\ufe0f<\/h2>\n<div class=\"flex-1 overflow-hidden\">\n<div class=\"react-scroll-to-bottom--css-toqol-79elbk h-full\">\n<div class=\"react-scroll-to-bottom--css-toqol-1n7m0yu\">\n<div class=\"flex flex-col pb-9 text-sm\">\n<div class=\"w-full text-token-text-primary\" data-testid=\"conversation-turn-15\">\n<div class=\"px-4 py-2 justify-center text-base md:gap-6 m-auto\">\n<div class=\"flex flex-1 text-base mx-auto gap-3 md:px-5 lg:px-1 xl:px-5 md:max-w-3xl lg:max-w-[40rem] xl:max-w-[48rem] group final-completion\">\n<div class=\"relative flex w-full flex-col lg:w-[calc(100%-115px)] agent-turn\">\n<div class=\"flex-col gap-1 md:gap-3\">\n<div class=\"flex flex-grow flex-col max-w-full\">\n<div class=\"min-h-[20px] text-message flex flex-col items-start gap-3 whitespace-pre-wrap break-words [.text-message+&amp;]:mt-5 overflow-x-auto\" data-message-author-role=\"assistant\" data-message-id=\"7760fcf0-8030-4af9-ba7d-2f84a892c00e\">\n<div class=\"markdown prose w-full break-words dark:prose-invert light\">\n<h4>\ud83c\udfce\ufe0f <strong>D\u00e9couvrez l&#8217;Aventure en Buggy : Explorez Benidorm Comme Jamais Auparavant !<\/strong> \ud83c\udf1f<\/h4>\n<p>Pr\u00e9parez-vous \u00e0 une exp\u00e9rience \u00e9pique avec notre excursion en buggy de quatre heures au d\u00e9part de Benidorm !<\/p>\n<p>\ud83c\udfdc\ufe0f Plongez dans l&#8217;excitation de conduire votre propre buggy \u00e0 travers les magnifiques paysages de Benidorm, offrant une exp\u00e9rience unique et m\u00e9morable.<\/p>\n<p>Votre aventure commence avec la prise en main de votre buggy tout-terrain, pr\u00eat \u00e0 conqu\u00e9rir les routes pittoresques et les sentiers captivants de Benidorm\ud83c\udf05<\/p>\n<p>Notre formule compl\u00e8te inclut tout l&#8217;\u00e9quipement n\u00e9cessaire, vous assurant une exp\u00e9rience sans souci. Casques, lunettes de protection et briefing d\u00e9taill\u00e9 : nous veillons \u00e0 ce que vous soyez pr\u00eat pour l&#8217;action. \ud83d\uded1\ud83d\udd27<\/p>\n<p>Pendant quatre heures, explorez les coins les plus secrets de l&#8217;\u00eele, d\u00e9couvrez des vues \u00e0 couper le souffle et vivez une exp\u00e9rience immersive au c\u0153ur de la nature m\u00e9diterran\u00e9enne. Notre itin\u00e9raire soigneusement planifi\u00e9 garantit une vari\u00e9t\u00e9 de terrains, des plages dor\u00e9es aux sentiers montagneux, offrant un m\u00e9lange parfait d&#8217;aventure et de d\u00e9couverte. \ud83c\udfde\ufe0f<\/p>\n<p>Rejoignez-nous pour une exp\u00e9rience de buggy inoubliable, alliant adr\u00e9naline, exploration et paysages spectaculaires. Osez conduire un buggy Benidorm!<\/p>\n<p>R\u00e9servez d\u00e8s maintenant et pr\u00e9parez-vous \u00e0 vivre une aventure palpitante \u00e0 <a href=\"https:\/\/es.wikipedia.org\/wiki\/Benidorm\">Benidorm<\/a> ! \ud83c\udf1e\ud83d\ude97<\/p>\n<\/div>\n<\/div>\n<\/div>\n<div class=\"mt-1 flex justify-start gap-3 empty:hidden\">\n<div class=\"text-gray-400 flex self-end lg:self-center justify-center lg:justify-start mt-0 gap-1 visible\">\n<p>&nbsp;<\/p>\n<div class=\"flex gap-1\"><\/div>\n<div class=\"flex items-center gap-1.5 text-xs\"><\/div>\n<\/div>\n<\/div>\n<\/div>\n<\/div>\n<\/div>\n<\/div>\n<\/div>\n<\/div>\n<\/div>\n<\/div>\n<\/div>\n<div class=\"w-full pt-2 md:pt-0 dark:border-white\/20 md:border-transparent md:dark:border-transparent md:w-[calc(100%-.5rem)]\">\n<form class=\"stretch mx-2 flex flex-row gap-3 last:mb-2 md:mx-4 md:last:mb-6 lg:mx-auto lg:max-w-2xl xl:max-w-3xl\">\n<div class=\"relative flex h-full flex-1 items-stretch md:flex-col\">\n<div class=\"flex w-full items-center\"><\/div>\n<\/div>\n<\/form>\n<\/div>\n<p>&nbsp;<\/p>\n<p>&nbsp;<\/p>\n","protected":false},"excerpt":{"rendered":"<p>Conduire un Buggy Benidorm. Profitez d&#8217;une visite guid\u00e9e de quatre heures en buggy. Conduire Buugy Benidorm. Les meilleurs enterrements de vie de gar\u00e7on avec Stagparty! Conduire un Buggy Benidorm\ud83c\udfce\ufe0f \ud83c\udfce\ufe0f D\u00e9couvrez l&#8217;Aventure en Buggy : Explorez Benidorm Comme Jamais Auparavant ! \ud83c\udf1f Pr\u00e9parez-vous \u00e0 une exp\u00e9rience \u00e9pique avec notre excursion en buggy de quatre heures [&hellip;]<\/p>\n","protected":false},"featured_media":2844,"comment_status":"open","ping_status":"closed","template":"","meta":{"_et_pb_use_builder":"","_et_pb_old_content":"","_et_gb_content_width":""},"product_brand":[],"product_cat":[600,218],"product_tag":[],"class_list":{"0":"post-2843","1":"product","2":"type-product","3":"status-publish","4":"has-post-thumbnail","6":"product_cat-benidorm","7":"product_cat-uncategorised","9":"first","10":"instock","11":"shipping-taxable","12":"product-type-simple"},"yoast_head":"<!-- This site is optimized with the Yoast SEO Premium plugin v27.5 (Yoast SEO v27.5) - https:\/\/yoast.com\/product\/yoast-seo-premium-wordpress\/ -->\n<title>Conduire un Buggy Benidorm<\/title>\n<meta name=\"description\" content=\"Conduire un Buggy Benidorm. Profitez d&#039;une visite guid\u00e9e de quatre heures en buggy \u00e0 Benidorm. Conduire Buugy Benidorm, Espa\u00f1a.\" \/>\n<meta name=\"robots\" content=\"index, follow, max-snippet:-1, max-image-preview:large, max-video-preview:-1\" \/>\n<link rel=\"canonical\" href=\"https:\/\/stagpartynight.com\/fr\/product\/conduire-un-buggy-benidorm\/\" \/>\n<meta property=\"og:locale\" content=\"en_GB\" \/>\n<meta property=\"og:type\" content=\"article\" \/>\n<meta property=\"og:title\" content=\"Conduire un Buggy Benidorm\" \/>\n<meta property=\"og:description\" content=\"Conduire un Buggy Benidorm. Profitez d&#039;une visite guid\u00e9e de quatre heures en buggy \u00e0 Benidorm. Conduire Buugy Benidorm, Espa\u00f1a.\" \/>\n<meta property=\"og:url\" content=\"https:\/\/stagpartynight.com\/fr\/product\/conduire-un-buggy-benidorm\/\" \/>\n<meta property=\"og:site_name\" content=\"Nuit de f\u00eate de cerf\" \/>\n<meta property=\"article:modified_time\" content=\"2024-01-23T09:38:41+00:00\" \/>\n<meta property=\"og:image\" content=\"https:\/\/stagpartynight.com\/fr\/wp-content\/uploads\/sites\/3\/2024\/01\/Conduire-un-Buggy-Benidorm.jpg\" \/>\n\t<meta property=\"og:image:width\" content=\"720\" \/>\n\t<meta property=\"og:image:height\" content=\"480\" \/>\n\t<meta property=\"og:image:type\" content=\"image\/jpeg\" \/>\n<meta name=\"twitter:card\" content=\"summary_large_image\" \/>\n<meta name=\"twitter:label1\" content=\"Estimated reading time\" \/>\n\t<meta name=\"twitter:data1\" content=\"2 minutes\" \/>\n<script type=\"application\/ld+json\" class=\"yoast-schema-graph\">{\"@context\":\"https:\\\/\\\/schema.org\",\"@graph\":[{\"@type\":\"WebPage\",\"@id\":\"https:\\\/\\\/stagpartynight.com\\\/fr\\\/product\\\/conduire-un-buggy-benidorm\\\/\",\"url\":\"https:\\\/\\\/stagpartynight.com\\\/fr\\\/product\\\/conduire-un-buggy-benidorm\\\/\",\"name\":\"Conduire un Buggy Benidorm\",\"isPartOf\":{\"@id\":\"https:\\\/\\\/stagpartynight.com\\\/fr\\\/#website\"},\"primaryImageOfPage\":{\"@id\":\"https:\\\/\\\/stagpartynight.com\\\/fr\\\/product\\\/conduire-un-buggy-benidorm\\\/#primaryimage\"},\"image\":{\"@id\":\"https:\\\/\\\/stagpartynight.com\\\/fr\\\/product\\\/conduire-un-buggy-benidorm\\\/#primaryimage\"},\"thumbnailUrl\":\"https:\\\/\\\/stagpartynight.com\\\/fr\\\/wp-content\\\/uploads\\\/sites\\\/3\\\/2024\\\/01\\\/Conduire-un-Buggy-Benidorm.jpg\",\"datePublished\":\"2024-01-11T12:18:48+00:00\",\"dateModified\":\"2024-01-23T09:38:41+00:00\",\"description\":\"Conduire un Buggy Benidorm. Profitez d'une visite guid\u00e9e de quatre heures en buggy \u00e0 Benidorm. Conduire Buugy Benidorm, Espa\u00f1a.\",\"breadcrumb\":{\"@id\":\"https:\\\/\\\/stagpartynight.com\\\/fr\\\/product\\\/conduire-un-buggy-benidorm\\\/#breadcrumb\"},\"inLanguage\":\"en-GB\",\"potentialAction\":[{\"@type\":\"ReadAction\",\"target\":[\"https:\\\/\\\/stagpartynight.com\\\/fr\\\/product\\\/conduire-un-buggy-benidorm\\\/\"]}]},{\"@type\":\"ImageObject\",\"inLanguage\":\"en-GB\",\"@id\":\"https:\\\/\\\/stagpartynight.com\\\/fr\\\/product\\\/conduire-un-buggy-benidorm\\\/#primaryimage\",\"url\":\"https:\\\/\\\/stagpartynight.com\\\/fr\\\/wp-content\\\/uploads\\\/sites\\\/3\\\/2024\\\/01\\\/Conduire-un-Buggy-Benidorm.jpg\",\"contentUrl\":\"https:\\\/\\\/stagpartynight.com\\\/fr\\\/wp-content\\\/uploads\\\/sites\\\/3\\\/2024\\\/01\\\/Conduire-un-Buggy-Benidorm.jpg\",\"width\":720,\"height\":480,\"caption\":\"Conduire un Buggy Benidorm\"},{\"@type\":\"BreadcrumbList\",\"@id\":\"https:\\\/\\\/stagpartynight.com\\\/fr\\\/product\\\/conduire-un-buggy-benidorm\\\/#breadcrumb\",\"itemListElement\":[{\"@type\":\"ListItem\",\"position\":1,\"name\":\"Home\",\"item\":\"https:\\\/\\\/stagpartynight.com\\\/fr\\\/\"},{\"@type\":\"ListItem\",\"position\":2,\"name\":\"Tienda\",\"item\":\"https:\\\/\\\/stagpartynight.com\\\/fr\\\/tienda\\\/\"},{\"@type\":\"ListItem\",\"position\":3,\"name\":\"Conduire un Buggy Benidorm\"}]},{\"@type\":\"WebSite\",\"@id\":\"https:\\\/\\\/stagpartynight.com\\\/fr\\\/#website\",\"url\":\"https:\\\/\\\/stagpartynight.com\\\/fr\\\/\",\"name\":\"Stag Party Night\",\"description\":\"Your Stag Party Customized\",\"publisher\":{\"@id\":\"https:\\\/\\\/stagpartynight.com\\\/fr\\\/#organization\"},\"potentialAction\":[{\"@type\":\"SearchAction\",\"target\":{\"@type\":\"EntryPoint\",\"urlTemplate\":\"https:\\\/\\\/stagpartynight.com\\\/fr\\\/?s={search_term_string}\"},\"query-input\":{\"@type\":\"PropertyValueSpecification\",\"valueRequired\":true,\"valueName\":\"search_term_string\"}}],\"inLanguage\":\"en-GB\"},{\"@type\":\"Organization\",\"@id\":\"https:\\\/\\\/stagpartynight.com\\\/fr\\\/#organization\",\"name\":\"Stag Party Night\",\"url\":\"https:\\\/\\\/stagpartynight.com\\\/fr\\\/\",\"logo\":{\"@type\":\"ImageObject\",\"inLanguage\":\"en-GB\",\"@id\":\"https:\\\/\\\/stagpartynight.com\\\/fr\\\/#\\\/schema\\\/logo\\\/image\\\/\",\"url\":\"https:\\\/\\\/stagpartynight.com\\\/fr\\\/wp-content\\\/uploads\\\/sites\\\/3\\\/2019\\\/12\\\/stagpartynight-e1578565505687.png\",\"contentUrl\":\"https:\\\/\\\/stagpartynight.com\\\/fr\\\/wp-content\\\/uploads\\\/sites\\\/3\\\/2019\\\/12\\\/stagpartynight-e1578565505687.png\",\"width\":400,\"height\":400,\"caption\":\"Stag Party Night\"},\"image\":{\"@id\":\"https:\\\/\\\/stagpartynight.com\\\/fr\\\/#\\\/schema\\\/logo\\\/image\\\/\"}}]}<\/script>\n<!-- \/ Yoast SEO Premium plugin. -->","yoast_head_json":{"title":"Conduire un Buggy Benidorm","description":"Conduire un Buggy Benidorm. Profitez d'une visite guid\u00e9e de quatre heures en buggy \u00e0 Benidorm. Conduire Buugy Benidorm, Espa\u00f1a.","robots":{"index":"index","follow":"follow","max-snippet":"max-snippet:-1","max-image-preview":"max-image-preview:large","max-video-preview":"max-video-preview:-1"},"canonical":"https:\/\/stagpartynight.com\/fr\/product\/conduire-un-buggy-benidorm\/","og_locale":"en_GB","og_type":"article","og_title":"Conduire un Buggy Benidorm","og_description":"Conduire un Buggy Benidorm. Profitez d'une visite guid\u00e9e de quatre heures en buggy \u00e0 Benidorm. Conduire Buugy Benidorm, Espa\u00f1a.","og_url":"https:\/\/stagpartynight.com\/fr\/product\/conduire-un-buggy-benidorm\/","og_site_name":"Nuit de f\u00eate de cerf","article_modified_time":"2024-01-23T09:38:41+00:00","og_image":[{"width":720,"height":480,"url":"https:\/\/stagpartynight.com\/fr\/wp-content\/uploads\/sites\/3\/2024\/01\/Conduire-un-Buggy-Benidorm.jpg","type":"image\/jpeg"}],"twitter_card":"summary_large_image","twitter_misc":{"Estimated reading time":"2 minutes"},"schema":{"@context":"https:\/\/schema.org","@graph":[{"@type":"WebPage","@id":"https:\/\/stagpartynight.com\/fr\/product\/conduire-un-buggy-benidorm\/","url":"https:\/\/stagpartynight.com\/fr\/product\/conduire-un-buggy-benidorm\/","name":"Conduire un Buggy Benidorm","isPartOf":{"@id":"https:\/\/stagpartynight.com\/fr\/#website"},"primaryImageOfPage":{"@id":"https:\/\/stagpartynight.com\/fr\/product\/conduire-un-buggy-benidorm\/#primaryimage"},"image":{"@id":"https:\/\/stagpartynight.com\/fr\/product\/conduire-un-buggy-benidorm\/#primaryimage"},"thumbnailUrl":"https:\/\/stagpartynight.com\/fr\/wp-content\/uploads\/sites\/3\/2024\/01\/Conduire-un-Buggy-Benidorm.jpg","datePublished":"2024-01-11T12:18:48+00:00","dateModified":"2024-01-23T09:38:41+00:00","description":"Conduire un Buggy Benidorm. Profitez d'une visite guid\u00e9e de quatre heures en buggy \u00e0 Benidorm. Conduire Buugy Benidorm, Espa\u00f1a.","breadcrumb":{"@id":"https:\/\/stagpartynight.com\/fr\/product\/conduire-un-buggy-benidorm\/#breadcrumb"},"inLanguage":"en-GB","potentialAction":[{"@type":"ReadAction","target":["https:\/\/stagpartynight.com\/fr\/product\/conduire-un-buggy-benidorm\/"]}]},{"@type":"ImageObject","inLanguage":"en-GB","@id":"https:\/\/stagpartynight.com\/fr\/product\/conduire-un-buggy-benidorm\/#primaryimage","url":"https:\/\/stagpartynight.com\/fr\/wp-content\/uploads\/sites\/3\/2024\/01\/Conduire-un-Buggy-Benidorm.jpg","contentUrl":"https:\/\/stagpartynight.com\/fr\/wp-content\/uploads\/sites\/3\/2024\/01\/Conduire-un-Buggy-Benidorm.jpg","width":720,"height":480,"caption":"Conduire un Buggy Benidorm"},{"@type":"BreadcrumbList","@id":"https:\/\/stagpartynight.com\/fr\/product\/conduire-un-buggy-benidorm\/#breadcrumb","itemListElement":[{"@type":"ListItem","position":1,"name":"Home","item":"https:\/\/stagpartynight.com\/fr\/"},{"@type":"ListItem","position":2,"name":"Tienda","item":"https:\/\/stagpartynight.com\/fr\/tienda\/"},{"@type":"ListItem","position":3,"name":"Conduire un Buggy Benidorm"}]},{"@type":"WebSite","@id":"https:\/\/stagpartynight.com\/fr\/#website","url":"https:\/\/stagpartynight.com\/fr\/","name":"Stag Party Night","description":"Your Stag Party Customized","publisher":{"@id":"https:\/\/stagpartynight.com\/fr\/#organization"},"potentialAction":[{"@type":"SearchAction","target":{"@type":"EntryPoint","urlTemplate":"https:\/\/stagpartynight.com\/fr\/?s={search_term_string}"},"query-input":{"@type":"PropertyValueSpecification","valueRequired":true,"valueName":"search_term_string"}}],"inLanguage":"en-GB"},{"@type":"Organization","@id":"https:\/\/stagpartynight.com\/fr\/#organization","name":"Stag Party Night","url":"https:\/\/stagpartynight.com\/fr\/","logo":{"@type":"ImageObject","inLanguage":"en-GB","@id":"https:\/\/stagpartynight.com\/fr\/#\/schema\/logo\/image\/","url":"https:\/\/stagpartynight.com\/fr\/wp-content\/uploads\/sites\/3\/2019\/12\/stagpartynight-e1578565505687.png","contentUrl":"https:\/\/stagpartynight.com\/fr\/wp-content\/uploads\/sites\/3\/2019\/12\/stagpartynight-e1578565505687.png","width":400,"height":400,"caption":"Stag Party Night"},"image":{"@id":"https:\/\/stagpartynight.com\/fr\/#\/schema\/logo\/image\/"}}]}},"_links":{"self":[{"href":"https:\/\/stagpartynight.com\/fr\/wp-json\/wp\/v2\/product\/2843","targetHints":{"allow":["GET"]}}],"collection":[{"href":"https:\/\/stagpartynight.com\/fr\/wp-json\/wp\/v2\/product"}],"about":[{"href":"https:\/\/stagpartynight.com\/fr\/wp-json\/wp\/v2\/types\/product"}],"replies":[{"embeddable":true,"href":"https:\/\/stagpartynight.com\/fr\/wp-json\/wp\/v2\/comments?post=2843"}],"wp:featuredmedia":[{"embeddable":true,"href":"https:\/\/stagpartynight.com\/fr\/wp-json\/wp\/v2\/media\/2844"}],"wp:attachment":[{"href":"https:\/\/stagpartynight.com\/fr\/wp-json\/wp\/v2\/media?parent=2843"}],"wp:term":[{"taxonomy":"product_brand","embeddable":true,"href":"https:\/\/stagpartynight.com\/fr\/wp-json\/wp\/v2\/product_brand?post=2843"},{"taxonomy":"product_cat","embeddable":true,"href":"https:\/\/stagpartynight.com\/fr\/wp-json\/wp\/v2\/product_cat?post=2843"},{"taxonomy":"product_tag","embeddable":true,"href":"https:\/\/stagpartynight.com\/fr\/wp-json\/wp\/v2\/product_tag?post=2843"}],"curies":[{"name":"wp","href":"https:\/\/api.w.org\/{rel}","templated":true}]}}