{"id":2845,"date":"2024-01-11T13:22:43","date_gmt":"2024-01-11T12:22:43","guid":{"rendered":"https:\/\/stagpartynight.com\/fr\/?post_type=product&#038;p=2845"},"modified":"2024-01-23T10:39:32","modified_gmt":"2024-01-23T09:39:32","slug":"karting-benidorm","status":"publish","type":"product","link":"https:\/\/stagpartynight.com\/fr\/product\/karting-benidorm\/","title":{"rendered":"Karting Benidorm"},"content":{"rendered":"<p>Karting Benidorm. Ressentez l&#8217;adr\u00e9naline sur un circuit o\u00f9 seuls les trois meilleurs monteront sur le podium avec du champagne.<\/p>\n<p>Les meilleurs enterrements de vie de gar\u00e7on et de jeune fille avec <a href=\"https:\/\/stagpartynight.com\/\">StagParty<\/a><\/p>\n<h2 style=\"text-align: center;\">Karting Benidorm<\/h2>\n<h4>\ud83c\udfce\ufe0f Sensations Fortes \u00e0 Karting Benidorm: Vivez l&#8217;\u00c9motion du Karting !<\/h4>\n<p>Pr\u00e9parez-vous \u00e0 une dose d&#8217;adr\u00e9naline incomparable sur l&#8217;\u00eele ensoleill\u00e9e de Benidorm avec notre incroyable exp\u00e9rience de karting ! Plongez dans l&#8217;action et ressentez le frisson de la vitesse sur notre piste de karting. Une aventure incontournable pour les amateurs de sensations fortes!<\/p>\n<p>Votre journ\u00e9e commencera par une session d&#8217;entra\u00eenement, vous permettant de vous familiariser avec les virages serr\u00e9s et les lignes droites de notre piste professionnelle. Une fois que vous avez ma\u00eetris\u00e9 les commandes, l&#8217;excitation monte d&#8217;un cran avec la phase \u00e9liminatoire, o\u00f9 seule la cr\u00e8me de la cr\u00e8me continuera vers la finale.<\/p>\n<p>La course finale promet une comp\u00e9tition intense alors que vous vous battez pour d\u00e9crocher la premi\u00e8re place sur le podium. Respirez l&#8217;air de la comp\u00e9tition, sentez l&#8217;adr\u00e9naline pulsante, et pilotez votre kart avec ma\u00eetrise pour franchir la ligne d&#8217;arriv\u00e9e en h\u00e9ros.<\/p>\n<p>Le moment tant attendu arrive avec le podium, o\u00f9 les meilleurs pilotes sont c\u00e9l\u00e9br\u00e9s et honor\u00e9s. Un v\u00e9ritable moment de gloire vous attend, avec la remise des troph\u00e9es et une explosion de joie. Mais l&#8217;exp\u00e9rience ne s&#8217;arr\u00eate pas l\u00e0 ; la victoire est \u00e0 savourer avec style lors de la c\u00e9r\u00e9monie de remise des prix. Accompagn\u00e9e de champagne p\u00e9tillant!<\/p>\n<p>C&#8217;est le moment id\u00e9al pour immortaliser votre victoire, partager des rires et des anecdotes avec vos amis, et trinquer au succ\u00e8s de cette aventure m\u00e9morable. Notre karting \u00e0 Benidorm est bien plus qu&#8217;une simple course&#8230; C&#8217;est une c\u00e9l\u00e9bration de l&#8217;esprit comp\u00e9titif, de l&#8217;amiti\u00e9 et de l&#8217;excitation pure.<\/p>\n<p>R\u00e9servez d\u00e8s maintenant et plongez dans une journ\u00e9e de comp\u00e9tition, de vitesse et de c\u00e9l\u00e9bration \u00e0 <a href=\"https:\/\/es.wikipedia.org\/wiki\/Benidorm\">Benidorm<\/a>!<\/p>\n<p>Relevez le d\u00e9fi du karting avec style et cr\u00e9ez des souvenirs inoubliables sur la piste et au-del\u00e0 ! \ud83c\udfc1\ud83c\udf7e<\/p>\n","protected":false},"excerpt":{"rendered":"<p>Karting Benidorm. Ressentez l&#8217;adr\u00e9naline sur un circuit o\u00f9 seuls les trois meilleurs monteront sur le podium avec du champagne. Les meilleurs enterrements de vie de gar\u00e7on et de jeune fille avec StagParty Karting Benidorm \ud83c\udfce\ufe0f Sensations Fortes \u00e0 Karting Benidorm: Vivez l&#8217;\u00c9motion du Karting ! Pr\u00e9parez-vous \u00e0 une dose d&#8217;adr\u00e9naline incomparable sur l&#8217;\u00eele ensoleill\u00e9e de [&hellip;]<\/p>\n","protected":false},"featured_media":2846,"comment_status":"open","ping_status":"closed","template":"","meta":{"_et_pb_use_builder":"","_et_pb_old_content":"","_et_gb_content_width":""},"product_brand":[],"product_cat":[218,600],"product_tag":[],"class_list":{"0":"post-2845","1":"product","2":"type-product","3":"status-publish","4":"has-post-thumbnail","6":"product_cat-uncategorised","7":"product_cat-benidorm","9":"first","10":"instock","11":"shipping-taxable","12":"product-type-simple"},"yoast_head":"<!-- This site is optimized with the Yoast SEO plugin v26.4 - https:\/\/yoast.com\/wordpress\/plugins\/seo\/ -->\n<title>Karting Benidorm<\/title>\n<meta name=\"description\" content=\"Karting Benidorm. Ressentez l&#039;adr\u00e9naline sur un circuit o\u00f9 seuls les trois meilleurs monteront sur le podium avec du champagne.\" \/>\n<meta name=\"robots\" content=\"index, follow, max-snippet:-1, max-image-preview:large, max-video-preview:-1\" \/>\n<link rel=\"canonical\" href=\"https:\/\/stagpartynight.com\/fr\/product\/karting-benidorm\/\" \/>\n<meta property=\"og:locale\" content=\"en_GB\" \/>\n<meta property=\"og:type\" content=\"article\" \/>\n<meta property=\"og:title\" content=\"Karting Benidorm\" \/>\n<meta property=\"og:description\" content=\"Karting Benidorm. Ressentez l&#039;adr\u00e9naline sur un circuit o\u00f9 seuls les trois meilleurs monteront sur le podium avec du champagne.\" \/>\n<meta property=\"og:url\" content=\"https:\/\/stagpartynight.com\/fr\/product\/karting-benidorm\/\" \/>\n<meta property=\"og:site_name\" content=\"Nuit de f\u00eate de cerf\" \/>\n<meta property=\"article:modified_time\" content=\"2024-01-23T09:39:32+00:00\" \/>\n<meta property=\"og:image\" content=\"https:\/\/stagpartynight.com\/fr\/wp-content\/uploads\/sites\/3\/2024\/01\/Karting-Benidorm.jpg\" \/>\n\t<meta property=\"og:image:width\" content=\"640\" \/>\n\t<meta property=\"og:image:height\" content=\"426\" \/>\n\t<meta property=\"og:image:type\" content=\"image\/jpeg\" \/>\n<meta name=\"twitter:card\" content=\"summary_large_image\" \/>\n<meta name=\"twitter:label1\" content=\"Estimated reading time\" \/>\n\t<meta name=\"twitter:data1\" content=\"2 minutes\" \/>\n<script type=\"application\/ld+json\" class=\"yoast-schema-graph\">{\"@context\":\"https:\/\/schema.org\",\"@graph\":[{\"@type\":\"WebPage\",\"@id\":\"https:\/\/stagpartynight.com\/fr\/product\/karting-benidorm\/\",\"url\":\"https:\/\/stagpartynight.com\/fr\/product\/karting-benidorm\/\",\"name\":\"Karting Benidorm\",\"isPartOf\":{\"@id\":\"https:\/\/stagpartynight.com\/fr\/#website\"},\"primaryImageOfPage\":{\"@id\":\"https:\/\/stagpartynight.com\/fr\/product\/karting-benidorm\/#primaryimage\"},\"image\":{\"@id\":\"https:\/\/stagpartynight.com\/fr\/product\/karting-benidorm\/#primaryimage\"},\"thumbnailUrl\":\"https:\/\/stagpartynight.com\/fr\/wp-content\/uploads\/sites\/3\/2024\/01\/Karting-Benidorm.jpg\",\"datePublished\":\"2024-01-11T12:22:43+00:00\",\"dateModified\":\"2024-01-23T09:39:32+00:00\",\"description\":\"Karting Benidorm. Ressentez l'adr\u00e9naline sur un circuit o\u00f9 seuls les trois meilleurs monteront sur le podium avec du champagne.\",\"breadcrumb\":{\"@id\":\"https:\/\/stagpartynight.com\/fr\/product\/karting-benidorm\/#breadcrumb\"},\"inLanguage\":\"en-GB\",\"potentialAction\":[{\"@type\":\"ReadAction\",\"target\":[\"https:\/\/stagpartynight.com\/fr\/product\/karting-benidorm\/\"]}]},{\"@type\":\"ImageObject\",\"inLanguage\":\"en-GB\",\"@id\":\"https:\/\/stagpartynight.com\/fr\/product\/karting-benidorm\/#primaryimage\",\"url\":\"https:\/\/stagpartynight.com\/fr\/wp-content\/uploads\/sites\/3\/2024\/01\/Karting-Benidorm.jpg\",\"contentUrl\":\"https:\/\/stagpartynight.com\/fr\/wp-content\/uploads\/sites\/3\/2024\/01\/Karting-Benidorm.jpg\",\"width\":640,\"height\":426,\"caption\":\"Karting Benidorm\"},{\"@type\":\"BreadcrumbList\",\"@id\":\"https:\/\/stagpartynight.com\/fr\/product\/karting-benidorm\/#breadcrumb\",\"itemListElement\":[{\"@type\":\"ListItem\",\"position\":1,\"name\":\"Home\",\"item\":\"https:\/\/stagpartynight.com\/fr\/\"},{\"@type\":\"ListItem\",\"position\":2,\"name\":\"Tienda\",\"item\":\"https:\/\/stagpartynight.com\/fr\/tienda\/\"},{\"@type\":\"ListItem\",\"position\":3,\"name\":\"Karting Benidorm\"}]},{\"@type\":\"WebSite\",\"@id\":\"https:\/\/stagpartynight.com\/fr\/#website\",\"url\":\"https:\/\/stagpartynight.com\/fr\/\",\"name\":\"Stag Party Night\",\"description\":\"Your Stag Party Customized\",\"publisher\":{\"@id\":\"https:\/\/stagpartynight.com\/fr\/#organization\"},\"potentialAction\":[{\"@type\":\"SearchAction\",\"target\":{\"@type\":\"EntryPoint\",\"urlTemplate\":\"https:\/\/stagpartynight.com\/fr\/?s={search_term_string}\"},\"query-input\":{\"@type\":\"PropertyValueSpecification\",\"valueRequired\":true,\"valueName\":\"search_term_string\"}}],\"inLanguage\":\"en-GB\"},{\"@type\":\"Organization\",\"@id\":\"https:\/\/stagpartynight.com\/fr\/#organization\",\"name\":\"Stag Party Night\",\"url\":\"https:\/\/stagpartynight.com\/fr\/\",\"logo\":{\"@type\":\"ImageObject\",\"inLanguage\":\"en-GB\",\"@id\":\"https:\/\/stagpartynight.com\/fr\/#\/schema\/logo\/image\/\",\"url\":\"https:\/\/stagpartynight.com\/fr\/wp-content\/uploads\/sites\/3\/2019\/12\/stagpartynight-e1578565505687.png\",\"contentUrl\":\"https:\/\/stagpartynight.com\/fr\/wp-content\/uploads\/sites\/3\/2019\/12\/stagpartynight-e1578565505687.png\",\"width\":400,\"height\":400,\"caption\":\"Stag Party Night\"},\"image\":{\"@id\":\"https:\/\/stagpartynight.com\/fr\/#\/schema\/logo\/image\/\"}}]}<\/script>\n<!-- \/ Yoast SEO plugin. -->","yoast_head_json":{"title":"Karting Benidorm","description":"Karting Benidorm. Ressentez l'adr\u00e9naline sur un circuit o\u00f9 seuls les trois meilleurs monteront sur le podium avec du champagne.","robots":{"index":"index","follow":"follow","max-snippet":"max-snippet:-1","max-image-preview":"max-image-preview:large","max-video-preview":"max-video-preview:-1"},"canonical":"https:\/\/stagpartynight.com\/fr\/product\/karting-benidorm\/","og_locale":"en_GB","og_type":"article","og_title":"Karting Benidorm","og_description":"Karting Benidorm. Ressentez l'adr\u00e9naline sur un circuit o\u00f9 seuls les trois meilleurs monteront sur le podium avec du champagne.","og_url":"https:\/\/stagpartynight.com\/fr\/product\/karting-benidorm\/","og_site_name":"Nuit de f\u00eate de cerf","article_modified_time":"2024-01-23T09:39:32+00:00","og_image":[{"width":640,"height":426,"url":"https:\/\/stagpartynight.com\/fr\/wp-content\/uploads\/sites\/3\/2024\/01\/Karting-Benidorm.jpg","type":"image\/jpeg"}],"twitter_card":"summary_large_image","twitter_misc":{"Estimated reading time":"2 minutes"},"schema":{"@context":"https:\/\/schema.org","@graph":[{"@type":"WebPage","@id":"https:\/\/stagpartynight.com\/fr\/product\/karting-benidorm\/","url":"https:\/\/stagpartynight.com\/fr\/product\/karting-benidorm\/","name":"Karting Benidorm","isPartOf":{"@id":"https:\/\/stagpartynight.com\/fr\/#website"},"primaryImageOfPage":{"@id":"https:\/\/stagpartynight.com\/fr\/product\/karting-benidorm\/#primaryimage"},"image":{"@id":"https:\/\/stagpartynight.com\/fr\/product\/karting-benidorm\/#primaryimage"},"thumbnailUrl":"https:\/\/stagpartynight.com\/fr\/wp-content\/uploads\/sites\/3\/2024\/01\/Karting-Benidorm.jpg","datePublished":"2024-01-11T12:22:43+00:00","dateModified":"2024-01-23T09:39:32+00:00","description":"Karting Benidorm. Ressentez l'adr\u00e9naline sur un circuit o\u00f9 seuls les trois meilleurs monteront sur le podium avec du champagne.","breadcrumb":{"@id":"https:\/\/stagpartynight.com\/fr\/product\/karting-benidorm\/#breadcrumb"},"inLanguage":"en-GB","potentialAction":[{"@type":"ReadAction","target":["https:\/\/stagpartynight.com\/fr\/product\/karting-benidorm\/"]}]},{"@type":"ImageObject","inLanguage":"en-GB","@id":"https:\/\/stagpartynight.com\/fr\/product\/karting-benidorm\/#primaryimage","url":"https:\/\/stagpartynight.com\/fr\/wp-content\/uploads\/sites\/3\/2024\/01\/Karting-Benidorm.jpg","contentUrl":"https:\/\/stagpartynight.com\/fr\/wp-content\/uploads\/sites\/3\/2024\/01\/Karting-Benidorm.jpg","width":640,"height":426,"caption":"Karting Benidorm"},{"@type":"BreadcrumbList","@id":"https:\/\/stagpartynight.com\/fr\/product\/karting-benidorm\/#breadcrumb","itemListElement":[{"@type":"ListItem","position":1,"name":"Home","item":"https:\/\/stagpartynight.com\/fr\/"},{"@type":"ListItem","position":2,"name":"Tienda","item":"https:\/\/stagpartynight.com\/fr\/tienda\/"},{"@type":"ListItem","position":3,"name":"Karting Benidorm"}]},{"@type":"WebSite","@id":"https:\/\/stagpartynight.com\/fr\/#website","url":"https:\/\/stagpartynight.com\/fr\/","name":"Stag Party Night","description":"Your Stag Party Customized","publisher":{"@id":"https:\/\/stagpartynight.com\/fr\/#organization"},"potentialAction":[{"@type":"SearchAction","target":{"@type":"EntryPoint","urlTemplate":"https:\/\/stagpartynight.com\/fr\/?s={search_term_string}"},"query-input":{"@type":"PropertyValueSpecification","valueRequired":true,"valueName":"search_term_string"}}],"inLanguage":"en-GB"},{"@type":"Organization","@id":"https:\/\/stagpartynight.com\/fr\/#organization","name":"Stag Party Night","url":"https:\/\/stagpartynight.com\/fr\/","logo":{"@type":"ImageObject","inLanguage":"en-GB","@id":"https:\/\/stagpartynight.com\/fr\/#\/schema\/logo\/image\/","url":"https:\/\/stagpartynight.com\/fr\/wp-content\/uploads\/sites\/3\/2019\/12\/stagpartynight-e1578565505687.png","contentUrl":"https:\/\/stagpartynight.com\/fr\/wp-content\/uploads\/sites\/3\/2019\/12\/stagpartynight-e1578565505687.png","width":400,"height":400,"caption":"Stag Party Night"},"image":{"@id":"https:\/\/stagpartynight.com\/fr\/#\/schema\/logo\/image\/"}}]}},"_links":{"self":[{"href":"https:\/\/stagpartynight.com\/fr\/wp-json\/wp\/v2\/product\/2845","targetHints":{"allow":["GET"]}}],"collection":[{"href":"https:\/\/stagpartynight.com\/fr\/wp-json\/wp\/v2\/product"}],"about":[{"href":"https:\/\/stagpartynight.com\/fr\/wp-json\/wp\/v2\/types\/product"}],"replies":[{"embeddable":true,"href":"https:\/\/stagpartynight.com\/fr\/wp-json\/wp\/v2\/comments?post=2845"}],"wp:featuredmedia":[{"embeddable":true,"href":"https:\/\/stagpartynight.com\/fr\/wp-json\/wp\/v2\/media\/2846"}],"wp:attachment":[{"href":"https:\/\/stagpartynight.com\/fr\/wp-json\/wp\/v2\/media?parent=2845"}],"wp:term":[{"taxonomy":"product_brand","embeddable":true,"href":"https:\/\/stagpartynight.com\/fr\/wp-json\/wp\/v2\/product_brand?post=2845"},{"taxonomy":"product_cat","embeddable":true,"href":"https:\/\/stagpartynight.com\/fr\/wp-json\/wp\/v2\/product_cat?post=2845"},{"taxonomy":"product_tag","embeddable":true,"href":"https:\/\/stagpartynight.com\/fr\/wp-json\/wp\/v2\/product_tag?post=2845"}],"curies":[{"name":"wp","href":"https:\/\/api.w.org\/{rel}","templated":true}]}}