{"id":285,"date":"2020-01-08T15:01:32","date_gmt":"2020-01-08T14:01:32","guid":{"rendered":"https:\/\/stagpartynight.com\/fr\/?post_type=product&#038;p=285"},"modified":"2024-03-11T12:16:04","modified_gmt":"2024-03-11T11:16:04","slug":"private-yacht-beach-club-disco-ibiza","status":"publish","type":"product","link":"https:\/\/stagpartynight.com\/fr\/product\/private-yacht-beach-club-disco-ibiza\/","title":{"rendered":"Yacht + Beach Club + Disco Ibiza"},"content":{"rendered":"<p>Tour en bateau \u00e0 Ibiza 2 heures avec rafra\u00eechissements pendant la travers\u00e9e sans limite. Activit\u00e9s nautiques &#8220;snorkel&#8221;. D\u00e9jeuner ou d\u00eener dans les restaurants de la plage de d&#8217; en Bossa, d&#8217;Ibiza ou de San Antonio. Carte 2 x1 boissons au disco pub Playa den Bossa. Discoth\u00e8que au choix parmi les transferts Pacha, Amnseia, Ushuia, Hi <a href=\"https:\/\/en.wikipedia.org\/wiki\/Ibiza\">Ibiza<\/a> (Old Space) inclus dans le bus priv\u00e9. Les meilleures soir\u00e9es avec <a href=\"https:\/\/stagpartynight.com\/\">Stag Party Night.<\/a><\/p>\n<p>Lors d&#8217;un tour en bateau de 2 heures, d\u00e9couvrez les eaux cristallines d&#8217;Ibiza. Une exp\u00e9rience qui promet une escapade envo\u00fbtante au c\u0153ur de la M\u00e9diterran\u00e9e. Chaque moment de cette travers\u00e9e est une c\u00e9l\u00e9bration de la beaut\u00e9 naturelle. De l&#8217;\u00eele avec des rafra\u00eechissements sans limite \u00e0 bord et la possibilit\u00e9 de pratiquer des activit\u00e9s nautiques comme le snorkeling.<\/p>\n<p>Apr\u00e8s avoir d\u00e9couvert les merveilles sous-marines. Poursuivez votre journ\u00e9e avec un d\u00e9jeuner ou un d\u00eener dans l&#8217;un des restaurants de plage de renomm\u00e9e mondiale de d&#8217;en Bossa, d&#8217;Ibiza ou de San Antonio. Vous pouvez vous impr\u00e9gner de l&#8217;ambiance dynamique de la c\u00f4te d&#8217;Ibiza tout en d\u00e9gustant une cuisine d\u00e9licieuse et en sirotant des cocktails rafra\u00eechissants.<\/p>\n<div class=\"flex-1 overflow-hidden\">\n<div class=\"react-scroll-to-bottom--css-etktj-79elbk h-full\">\n<div class=\"react-scroll-to-bottom--css-etktj-1n7m0yu\">\n<div class=\"flex flex-col text-sm pb-9\">\n<div class=\"w-full text-token-text-primary\" data-testid=\"conversation-turn-29\">\n<div class=\"px-4 py-2 justify-center text-base md:gap-6 m-auto\">\n<div class=\"flex flex-1 text-base mx-auto gap-3 md:px-5 lg:px-1 xl:px-5 md:max-w-3xl lg:max-w-[40rem] xl:max-w-[48rem] group final-completion\">\n<div class=\"relative flex w-full flex-col agent-turn\">\n<div class=\"flex-col gap-1 md:gap-3\">\n<div class=\"flex flex-grow flex-col max-w-full\">\n<div class=\"min-h-[20px] text-message flex flex-col items-start gap-3 whitespace-pre-wrap break-words [.text-message+&amp;]:mt-5 overflow-x-auto\" data-message-author-role=\"assistant\" data-message-id=\"9394cddc-f372-4c8e-9392-3faf6d8c1f51\">\n<div class=\"markdown prose w-full break-words dark:prose-invert light\">\n<h4>Une Excursion Enivrante \u00e0 Ibiza : D\u00e9couverte en Bateau et Nuits Endiabl\u00e9es<\/h4>\n<\/div>\n<\/div>\n<\/div>\n<\/div>\n<\/div>\n<\/div>\n<\/div>\n<\/div>\n<\/div>\n<\/div>\n<\/div>\n<\/div>\n<p>Pour prolonger le plaisir, profitez de l&#8217;offre sp\u00e9ciale 2 pour 1 sur les boissons dans le disco-pub de Playa d&#8217;en Bossa. O\u00f9 l&#8217;ambiance enivrante et les rythmes enjou\u00e9s vous invitent \u00e0 danser jusqu&#8217;au bout de la nuit. Cependant, l&#8217;exp\u00e9rience ne se limite pas \u00e0 cela : vous pouvez choisir parmi les bars les plus c\u00e9l\u00e8bres de l&#8217;\u00eele. Tels que Pacha, Amnesia, Ushuaia ou Hi Ibiza (anciennement appel\u00e9 Old Space), et vous pouvez \u00e9galement b\u00e9n\u00e9ficier de transferts en bus priv\u00e9.<\/p>\n<p>Cette journ\u00e9e est une promesse de souvenirs inoubliables. Que vous souhaitiez danser jusqu&#8217;\u00e0 l&#8217;aube dans l&#8217;un des clubs les plus embl\u00e9matiques du monde ou simplement vous impr\u00e9gner de l&#8217;atmosph\u00e8re enchanteresse d&#8217;Ibiza. Par cons\u00e9quent, vous devez vous pr\u00e9parer \u00e0 vivre une exp\u00e9rience sans pr\u00e9c\u00e9dent qui combinera une aventure en mer. Des plaisirs culinaires et une f\u00eate anim\u00e9e sur l&#8217;\u00eele la plus c\u00e9l\u00e8bre de la M\u00e9diterran\u00e9e.<\/p>\n","protected":false},"excerpt":{"rendered":"<p>Tour en bateau \u00e0 Ibiza 2 heures avec rafra\u00eechissements pendant la travers\u00e9e sans limite. Activit\u00e9s nautiques &#8220;snorkel&#8221;. D\u00e9jeuner ou d\u00eener dans les restaurants de la plage de d&#8217; en Bossa, d&#8217;Ibiza ou de San Antonio. Carte 2 x1 boissons au disco pub Playa den Bossa. Discoth\u00e8que au choix parmi les transferts Pacha, Amnseia, Ushuia, Hi Ibiza (Old Space) inclus dans le bus priv\u00e9.<\/p>\n","protected":false},"featured_media":1810,"comment_status":"open","ping_status":"closed","template":"","meta":{"_et_pb_use_builder":"off","_et_pb_old_content":"Tour en bateau \u00e0 Ibiza 2 heures avec rafra\u00eechissements pendant la travers\u00e9e sans limite. Activit\u00e9s nautiques \"snorkel\". D\u00e9jeuner ou d\u00eener dans les restaurants de la plage de d' en Bossa, d'Ibiza ou de San Antonio. Carte 2 x1 boissons au disco pub Playa den Bossa. Discoth\u00e8que au choix parmi les transferts Pacha, Amnseia, Ushuia, Hi Ibiza (Old Space) inclus dans le bus priv\u00e9.","_et_gb_content_width":""},"product_brand":[],"product_cat":[113],"product_tag":[145,308],"class_list":{"0":"post-285","1":"product","2":"type-product","3":"status-publish","4":"has-post-thumbnail","6":"product_cat-ibiza","7":"product_tag-private-yacht-beach-club-disco-ibiza","8":"product_tag-yacht-beach-club-disco-ibiza","10":"first","11":"instock","12":"virtual","13":"product-type-simple"},"yoast_head":"<!-- This site is optimized with the Yoast SEO plugin v26.4 - https:\/\/yoast.com\/wordpress\/plugins\/seo\/ -->\n<title>Yacht + Beach Club + Disco Ibiza<\/title>\n<meta name=\"description\" content=\"Yacht + Beach Club + Disco Ibiza - D\u00e9couvrez les meilleurs packs et activit\u00e9s pour votre enterrement de vie de gar\u00e7on \u00e0 Ibiza dans Stagpartynight.\" \/>\n<meta name=\"robots\" content=\"index, follow, max-snippet:-1, max-image-preview:large, max-video-preview:-1\" \/>\n<link rel=\"canonical\" href=\"https:\/\/stagpartynight.com\/fr\/product\/private-yacht-beach-club-disco-ibiza\/\" \/>\n<meta property=\"og:locale\" content=\"en_GB\" \/>\n<meta property=\"og:type\" content=\"article\" \/>\n<meta property=\"og:title\" content=\"Yacht + Beach Club + Disco Ibiza\" \/>\n<meta property=\"og:description\" content=\"Yacht + Beach Club + Disco Ibiza - D\u00e9couvrez les meilleurs packs et activit\u00e9s pour votre enterrement de vie de gar\u00e7on \u00e0 Ibiza dans Stagpartynight.\" \/>\n<meta property=\"og:url\" content=\"https:\/\/stagpartynight.com\/fr\/product\/private-yacht-beach-club-disco-ibiza\/\" \/>\n<meta property=\"og:site_name\" content=\"Nuit de f\u00eate de cerf\" \/>\n<meta property=\"article:modified_time\" content=\"2024-03-11T11:16:04+00:00\" \/>\n<meta property=\"og:image\" content=\"https:\/\/stagpartynight.com\/fr\/wp-content\/uploads\/sites\/3\/2020\/01\/sailboat.jpg\" \/>\n\t<meta property=\"og:image:width\" content=\"640\" \/>\n\t<meta property=\"og:image:height\" content=\"960\" \/>\n\t<meta property=\"og:image:type\" content=\"image\/jpeg\" \/>\n<meta name=\"twitter:card\" content=\"summary_large_image\" \/>\n<meta name=\"twitter:label1\" content=\"Estimated reading time\" \/>\n\t<meta name=\"twitter:data1\" content=\"2 minutes\" \/>\n<script type=\"application\/ld+json\" class=\"yoast-schema-graph\">{\"@context\":\"https:\/\/schema.org\",\"@graph\":[{\"@type\":\"WebPage\",\"@id\":\"https:\/\/stagpartynight.com\/fr\/product\/private-yacht-beach-club-disco-ibiza\/\",\"url\":\"https:\/\/stagpartynight.com\/fr\/product\/private-yacht-beach-club-disco-ibiza\/\",\"name\":\"Yacht + Beach Club + Disco Ibiza\",\"isPartOf\":{\"@id\":\"https:\/\/stagpartynight.com\/fr\/#website\"},\"primaryImageOfPage\":{\"@id\":\"https:\/\/stagpartynight.com\/fr\/product\/private-yacht-beach-club-disco-ibiza\/#primaryimage\"},\"image\":{\"@id\":\"https:\/\/stagpartynight.com\/fr\/product\/private-yacht-beach-club-disco-ibiza\/#primaryimage\"},\"thumbnailUrl\":\"https:\/\/stagpartynight.com\/fr\/wp-content\/uploads\/sites\/3\/2020\/01\/sailboat.jpg\",\"datePublished\":\"2020-01-08T14:01:32+00:00\",\"dateModified\":\"2024-03-11T11:16:04+00:00\",\"description\":\"Yacht + Beach Club + Disco Ibiza - D\u00e9couvrez les meilleurs packs et activit\u00e9s pour votre enterrement de vie de gar\u00e7on \u00e0 Ibiza dans Stagpartynight.\",\"breadcrumb\":{\"@id\":\"https:\/\/stagpartynight.com\/fr\/product\/private-yacht-beach-club-disco-ibiza\/#breadcrumb\"},\"inLanguage\":\"en-GB\",\"potentialAction\":[{\"@type\":\"ReadAction\",\"target\":[\"https:\/\/stagpartynight.com\/fr\/product\/private-yacht-beach-club-disco-ibiza\/\"]}]},{\"@type\":\"ImageObject\",\"inLanguage\":\"en-GB\",\"@id\":\"https:\/\/stagpartynight.com\/fr\/product\/private-yacht-beach-club-disco-ibiza\/#primaryimage\",\"url\":\"https:\/\/stagpartynight.com\/fr\/wp-content\/uploads\/sites\/3\/2020\/01\/sailboat.jpg\",\"contentUrl\":\"https:\/\/stagpartynight.com\/fr\/wp-content\/uploads\/sites\/3\/2020\/01\/sailboat.jpg\",\"width\":640,\"height\":960},{\"@type\":\"BreadcrumbList\",\"@id\":\"https:\/\/stagpartynight.com\/fr\/product\/private-yacht-beach-club-disco-ibiza\/#breadcrumb\",\"itemListElement\":[{\"@type\":\"ListItem\",\"position\":1,\"name\":\"Home\",\"item\":\"https:\/\/stagpartynight.com\/fr\/\"},{\"@type\":\"ListItem\",\"position\":2,\"name\":\"Tienda\",\"item\":\"https:\/\/stagpartynight.com\/fr\/tienda\/\"},{\"@type\":\"ListItem\",\"position\":3,\"name\":\"Yacht + Beach Club + Disco Ibiza\"}]},{\"@type\":\"WebSite\",\"@id\":\"https:\/\/stagpartynight.com\/fr\/#website\",\"url\":\"https:\/\/stagpartynight.com\/fr\/\",\"name\":\"Stag Party Night\",\"description\":\"Your Stag Party Customized\",\"publisher\":{\"@id\":\"https:\/\/stagpartynight.com\/fr\/#organization\"},\"potentialAction\":[{\"@type\":\"SearchAction\",\"target\":{\"@type\":\"EntryPoint\",\"urlTemplate\":\"https:\/\/stagpartynight.com\/fr\/?s={search_term_string}\"},\"query-input\":{\"@type\":\"PropertyValueSpecification\",\"valueRequired\":true,\"valueName\":\"search_term_string\"}}],\"inLanguage\":\"en-GB\"},{\"@type\":\"Organization\",\"@id\":\"https:\/\/stagpartynight.com\/fr\/#organization\",\"name\":\"Stag Party Night\",\"url\":\"https:\/\/stagpartynight.com\/fr\/\",\"logo\":{\"@type\":\"ImageObject\",\"inLanguage\":\"en-GB\",\"@id\":\"https:\/\/stagpartynight.com\/fr\/#\/schema\/logo\/image\/\",\"url\":\"https:\/\/stagpartynight.com\/fr\/wp-content\/uploads\/sites\/3\/2019\/12\/stagpartynight-e1578565505687.png\",\"contentUrl\":\"https:\/\/stagpartynight.com\/fr\/wp-content\/uploads\/sites\/3\/2019\/12\/stagpartynight-e1578565505687.png\",\"width\":400,\"height\":400,\"caption\":\"Stag Party Night\"},\"image\":{\"@id\":\"https:\/\/stagpartynight.com\/fr\/#\/schema\/logo\/image\/\"}}]}<\/script>\n<!-- \/ Yoast SEO plugin. -->","yoast_head_json":{"title":"Yacht + Beach Club + Disco Ibiza","description":"Yacht + Beach Club + Disco Ibiza - D\u00e9couvrez les meilleurs packs et activit\u00e9s pour votre enterrement de vie de gar\u00e7on \u00e0 Ibiza dans Stagpartynight.","robots":{"index":"index","follow":"follow","max-snippet":"max-snippet:-1","max-image-preview":"max-image-preview:large","max-video-preview":"max-video-preview:-1"},"canonical":"https:\/\/stagpartynight.com\/fr\/product\/private-yacht-beach-club-disco-ibiza\/","og_locale":"en_GB","og_type":"article","og_title":"Yacht + Beach Club + Disco Ibiza","og_description":"Yacht + Beach Club + Disco Ibiza - D\u00e9couvrez les meilleurs packs et activit\u00e9s pour votre enterrement de vie de gar\u00e7on \u00e0 Ibiza dans Stagpartynight.","og_url":"https:\/\/stagpartynight.com\/fr\/product\/private-yacht-beach-club-disco-ibiza\/","og_site_name":"Nuit de f\u00eate de cerf","article_modified_time":"2024-03-11T11:16:04+00:00","og_image":[{"width":640,"height":960,"url":"https:\/\/stagpartynight.com\/fr\/wp-content\/uploads\/sites\/3\/2020\/01\/sailboat.jpg","type":"image\/jpeg"}],"twitter_card":"summary_large_image","twitter_misc":{"Estimated reading time":"2 minutes"},"schema":{"@context":"https:\/\/schema.org","@graph":[{"@type":"WebPage","@id":"https:\/\/stagpartynight.com\/fr\/product\/private-yacht-beach-club-disco-ibiza\/","url":"https:\/\/stagpartynight.com\/fr\/product\/private-yacht-beach-club-disco-ibiza\/","name":"Yacht + Beach Club + Disco Ibiza","isPartOf":{"@id":"https:\/\/stagpartynight.com\/fr\/#website"},"primaryImageOfPage":{"@id":"https:\/\/stagpartynight.com\/fr\/product\/private-yacht-beach-club-disco-ibiza\/#primaryimage"},"image":{"@id":"https:\/\/stagpartynight.com\/fr\/product\/private-yacht-beach-club-disco-ibiza\/#primaryimage"},"thumbnailUrl":"https:\/\/stagpartynight.com\/fr\/wp-content\/uploads\/sites\/3\/2020\/01\/sailboat.jpg","datePublished":"2020-01-08T14:01:32+00:00","dateModified":"2024-03-11T11:16:04+00:00","description":"Yacht + Beach Club + Disco Ibiza - D\u00e9couvrez les meilleurs packs et activit\u00e9s pour votre enterrement de vie de gar\u00e7on \u00e0 Ibiza dans Stagpartynight.","breadcrumb":{"@id":"https:\/\/stagpartynight.com\/fr\/product\/private-yacht-beach-club-disco-ibiza\/#breadcrumb"},"inLanguage":"en-GB","potentialAction":[{"@type":"ReadAction","target":["https:\/\/stagpartynight.com\/fr\/product\/private-yacht-beach-club-disco-ibiza\/"]}]},{"@type":"ImageObject","inLanguage":"en-GB","@id":"https:\/\/stagpartynight.com\/fr\/product\/private-yacht-beach-club-disco-ibiza\/#primaryimage","url":"https:\/\/stagpartynight.com\/fr\/wp-content\/uploads\/sites\/3\/2020\/01\/sailboat.jpg","contentUrl":"https:\/\/stagpartynight.com\/fr\/wp-content\/uploads\/sites\/3\/2020\/01\/sailboat.jpg","width":640,"height":960},{"@type":"BreadcrumbList","@id":"https:\/\/stagpartynight.com\/fr\/product\/private-yacht-beach-club-disco-ibiza\/#breadcrumb","itemListElement":[{"@type":"ListItem","position":1,"name":"Home","item":"https:\/\/stagpartynight.com\/fr\/"},{"@type":"ListItem","position":2,"name":"Tienda","item":"https:\/\/stagpartynight.com\/fr\/tienda\/"},{"@type":"ListItem","position":3,"name":"Yacht + Beach Club + Disco Ibiza"}]},{"@type":"WebSite","@id":"https:\/\/stagpartynight.com\/fr\/#website","url":"https:\/\/stagpartynight.com\/fr\/","name":"Stag Party Night","description":"Your Stag Party Customized","publisher":{"@id":"https:\/\/stagpartynight.com\/fr\/#organization"},"potentialAction":[{"@type":"SearchAction","target":{"@type":"EntryPoint","urlTemplate":"https:\/\/stagpartynight.com\/fr\/?s={search_term_string}"},"query-input":{"@type":"PropertyValueSpecification","valueRequired":true,"valueName":"search_term_string"}}],"inLanguage":"en-GB"},{"@type":"Organization","@id":"https:\/\/stagpartynight.com\/fr\/#organization","name":"Stag Party Night","url":"https:\/\/stagpartynight.com\/fr\/","logo":{"@type":"ImageObject","inLanguage":"en-GB","@id":"https:\/\/stagpartynight.com\/fr\/#\/schema\/logo\/image\/","url":"https:\/\/stagpartynight.com\/fr\/wp-content\/uploads\/sites\/3\/2019\/12\/stagpartynight-e1578565505687.png","contentUrl":"https:\/\/stagpartynight.com\/fr\/wp-content\/uploads\/sites\/3\/2019\/12\/stagpartynight-e1578565505687.png","width":400,"height":400,"caption":"Stag Party Night"},"image":{"@id":"https:\/\/stagpartynight.com\/fr\/#\/schema\/logo\/image\/"}}]}},"_links":{"self":[{"href":"https:\/\/stagpartynight.com\/fr\/wp-json\/wp\/v2\/product\/285","targetHints":{"allow":["GET"]}}],"collection":[{"href":"https:\/\/stagpartynight.com\/fr\/wp-json\/wp\/v2\/product"}],"about":[{"href":"https:\/\/stagpartynight.com\/fr\/wp-json\/wp\/v2\/types\/product"}],"replies":[{"embeddable":true,"href":"https:\/\/stagpartynight.com\/fr\/wp-json\/wp\/v2\/comments?post=285"}],"wp:featuredmedia":[{"embeddable":true,"href":"https:\/\/stagpartynight.com\/fr\/wp-json\/wp\/v2\/media\/1810"}],"wp:attachment":[{"href":"https:\/\/stagpartynight.com\/fr\/wp-json\/wp\/v2\/media?parent=285"}],"wp:term":[{"taxonomy":"product_brand","embeddable":true,"href":"https:\/\/stagpartynight.com\/fr\/wp-json\/wp\/v2\/product_brand?post=285"},{"taxonomy":"product_cat","embeddable":true,"href":"https:\/\/stagpartynight.com\/fr\/wp-json\/wp\/v2\/product_cat?post=285"},{"taxonomy":"product_tag","embeddable":true,"href":"https:\/\/stagpartynight.com\/fr\/wp-json\/wp\/v2\/product_tag?post=285"}],"curies":[{"name":"wp","href":"https:\/\/api.w.org\/{rel}","templated":true}]}}