{"id":2855,"date":"2024-01-11T13:42:57","date_gmt":"2024-01-11T12:42:57","guid":{"rendered":"https:\/\/stagpartynight.com\/fr\/?post_type=product&#038;p=2855"},"modified":"2024-01-23T10:37:01","modified_gmt":"2024-01-23T09:37:01","slug":"striper-nain-benidorm","status":"publish","type":"product","link":"https:\/\/stagpartynight.com\/fr\/product\/striper-nain-benidorm\/","title":{"rendered":"Striper Nain Benidorm"},"content":{"rendered":"<p>Striper Nain Benidorm. Un petit cadeau pour le futur mari\u00e9. Petit Stripteaseur. Amusement et surprise garantis. Spectacle priv\u00e9.<\/p>\n<p>Les meilleurs enterrements de vie de gar\u00e7on avec <a href=\"https:\/\/stagpartynight.com\/\">StagParty<\/a> !<\/p>\n<h2 style=\"text-align: center;\">Striper Nain Benidorm\ud83c\udf89<\/h2>\n<p>Offrez au futur mari\u00e9 le cadeau d&#8217;un petit striptease pour lui donner la surprise de sa vie lors de son enterrement de vie de gar\u00e7on \u00e0 Benidorm avec notre Little Stripper !<\/p>\n<p>L&#8217;activit\u00e9 typique d&#8217;un enterrement de vie de gar\u00e7on est le strip-tease. Le striptease est toujours un succ\u00e8s, un classique des enterrements de vie de gar\u00e7on. Mais si vous n&#8217;aimez pas ce qui est typique et que vous voulez vraiment surprendre le mari\u00e9, c&#8217;est l&#8217;activit\u00e9 qu&#8217;il vous faut !\ud83e\udd73<\/p>\n<p>Si vous voulez vous assurer d&#8217;une \u00e9norme surprise (ou d&#8217;une petite dans ce cas), ne prenez pas une strip-teaseuse classique avec un corps incroyable qui fait monter la temp\u00e9rature (bien que si vous voulez cette option, nous l&#8217;avons aussi dans notre agence). Optez plut\u00f4t pour une petite stripteaseuse qui saura offrir \u00e0 votre amie un spectacle sexy et sensuel o\u00f9 la surprise est totalement assur\u00e9e. \ud83d\udd25<\/p>\n<p>Surprenez le mari\u00e9 et ses amis avec la strip-teaseuse naine. Prenez des photos et moquez-vous du voyage original que vous avez organis\u00e9 !\ud83d\udcf7<\/p>\n<p style=\"text-align: center;\">\u2b50R\u00e9servez le spectacle le plus original de Benidorm\u2b50<br \/>\nR\u00e9servez Striper Nain <a href=\"https:\/\/es.wikipedia.org\/wiki\/Benidorm\">Benidorm<\/a><\/p>\n","protected":false},"excerpt":{"rendered":"<p>Striper Nain Benidorm. Un petit cadeau pour le futur mari\u00e9. Petit Stripteaseur. Amusement et surprise garantis. Spectacle priv\u00e9. Les meilleurs enterrements de vie de gar\u00e7on avec StagParty ! Striper Nain Benidorm\ud83c\udf89 Offrez au futur mari\u00e9 le cadeau d&#8217;un petit striptease pour lui donner la surprise de sa vie lors de son enterrement de vie de [&hellip;]<\/p>\n","protected":false},"featured_media":2856,"comment_status":"open","ping_status":"closed","template":"","meta":{"_et_pb_use_builder":"","_et_pb_old_content":"","_et_gb_content_width":""},"product_brand":[],"product_cat":[218,600],"product_tag":[],"class_list":{"0":"post-2855","1":"product","2":"type-product","3":"status-publish","4":"has-post-thumbnail","6":"product_cat-uncategorised","7":"product_cat-benidorm","9":"first","10":"instock","11":"shipping-taxable","12":"product-type-simple"},"yoast_head":"<!-- This site is optimized with the Yoast SEO plugin v26.4 - https:\/\/yoast.com\/wordpress\/plugins\/seo\/ -->\n<title>Striper Nain Benidorm<\/title>\n<meta name=\"description\" content=\"Striper Nain Benidorm. Un petit cadeau pour le futur mari\u00e9. Petit Stripteaseur. Amusement et surprise garantis. Spectacle priv\u00e9.\" \/>\n<meta name=\"robots\" content=\"index, follow, max-snippet:-1, max-image-preview:large, max-video-preview:-1\" \/>\n<link rel=\"canonical\" href=\"https:\/\/stagpartynight.com\/fr\/product\/striper-nain-benidorm\/\" \/>\n<meta property=\"og:locale\" content=\"en_GB\" \/>\n<meta property=\"og:type\" content=\"article\" \/>\n<meta property=\"og:title\" content=\"Striper Nain Benidorm\" \/>\n<meta property=\"og:description\" content=\"Striper Nain Benidorm. Un petit cadeau pour le futur mari\u00e9. Petit Stripteaseur. Amusement et surprise garantis. Spectacle priv\u00e9.\" \/>\n<meta property=\"og:url\" content=\"https:\/\/stagpartynight.com\/fr\/product\/striper-nain-benidorm\/\" \/>\n<meta property=\"og:site_name\" content=\"Nuit de f\u00eate de cerf\" \/>\n<meta property=\"article:modified_time\" content=\"2024-01-23T09:37:01+00:00\" \/>\n<meta property=\"og:image\" content=\"https:\/\/stagpartynight.com\/fr\/wp-content\/uploads\/sites\/3\/2024\/01\/Striper-Nain-Benidorm.jpg\" \/>\n\t<meta property=\"og:image:width\" content=\"752\" \/>\n\t<meta property=\"og:image:height\" content=\"752\" \/>\n\t<meta property=\"og:image:type\" content=\"image\/jpeg\" \/>\n<meta name=\"twitter:card\" content=\"summary_large_image\" \/>\n<meta name=\"twitter:label1\" content=\"Estimated reading time\" \/>\n\t<meta name=\"twitter:data1\" content=\"2 minutes\" \/>\n<script type=\"application\/ld+json\" class=\"yoast-schema-graph\">{\"@context\":\"https:\/\/schema.org\",\"@graph\":[{\"@type\":\"WebPage\",\"@id\":\"https:\/\/stagpartynight.com\/fr\/product\/striper-nain-benidorm\/\",\"url\":\"https:\/\/stagpartynight.com\/fr\/product\/striper-nain-benidorm\/\",\"name\":\"Striper Nain Benidorm\",\"isPartOf\":{\"@id\":\"https:\/\/stagpartynight.com\/fr\/#website\"},\"primaryImageOfPage\":{\"@id\":\"https:\/\/stagpartynight.com\/fr\/product\/striper-nain-benidorm\/#primaryimage\"},\"image\":{\"@id\":\"https:\/\/stagpartynight.com\/fr\/product\/striper-nain-benidorm\/#primaryimage\"},\"thumbnailUrl\":\"https:\/\/stagpartynight.com\/fr\/wp-content\/uploads\/sites\/3\/2024\/01\/Striper-Nain-Benidorm.jpg\",\"datePublished\":\"2024-01-11T12:42:57+00:00\",\"dateModified\":\"2024-01-23T09:37:01+00:00\",\"description\":\"Striper Nain Benidorm. Un petit cadeau pour le futur mari\u00e9. Petit Stripteaseur. Amusement et surprise garantis. Spectacle priv\u00e9.\",\"breadcrumb\":{\"@id\":\"https:\/\/stagpartynight.com\/fr\/product\/striper-nain-benidorm\/#breadcrumb\"},\"inLanguage\":\"en-GB\",\"potentialAction\":[{\"@type\":\"ReadAction\",\"target\":[\"https:\/\/stagpartynight.com\/fr\/product\/striper-nain-benidorm\/\"]}]},{\"@type\":\"ImageObject\",\"inLanguage\":\"en-GB\",\"@id\":\"https:\/\/stagpartynight.com\/fr\/product\/striper-nain-benidorm\/#primaryimage\",\"url\":\"https:\/\/stagpartynight.com\/fr\/wp-content\/uploads\/sites\/3\/2024\/01\/Striper-Nain-Benidorm.jpg\",\"contentUrl\":\"https:\/\/stagpartynight.com\/fr\/wp-content\/uploads\/sites\/3\/2024\/01\/Striper-Nain-Benidorm.jpg\",\"width\":752,\"height\":752,\"caption\":\"Striper Nain Benidorm\"},{\"@type\":\"BreadcrumbList\",\"@id\":\"https:\/\/stagpartynight.com\/fr\/product\/striper-nain-benidorm\/#breadcrumb\",\"itemListElement\":[{\"@type\":\"ListItem\",\"position\":1,\"name\":\"Home\",\"item\":\"https:\/\/stagpartynight.com\/fr\/\"},{\"@type\":\"ListItem\",\"position\":2,\"name\":\"Tienda\",\"item\":\"https:\/\/stagpartynight.com\/fr\/tienda\/\"},{\"@type\":\"ListItem\",\"position\":3,\"name\":\"Striper Nain Benidorm\"}]},{\"@type\":\"WebSite\",\"@id\":\"https:\/\/stagpartynight.com\/fr\/#website\",\"url\":\"https:\/\/stagpartynight.com\/fr\/\",\"name\":\"Stag Party Night\",\"description\":\"Your Stag Party Customized\",\"publisher\":{\"@id\":\"https:\/\/stagpartynight.com\/fr\/#organization\"},\"potentialAction\":[{\"@type\":\"SearchAction\",\"target\":{\"@type\":\"EntryPoint\",\"urlTemplate\":\"https:\/\/stagpartynight.com\/fr\/?s={search_term_string}\"},\"query-input\":{\"@type\":\"PropertyValueSpecification\",\"valueRequired\":true,\"valueName\":\"search_term_string\"}}],\"inLanguage\":\"en-GB\"},{\"@type\":\"Organization\",\"@id\":\"https:\/\/stagpartynight.com\/fr\/#organization\",\"name\":\"Stag Party Night\",\"url\":\"https:\/\/stagpartynight.com\/fr\/\",\"logo\":{\"@type\":\"ImageObject\",\"inLanguage\":\"en-GB\",\"@id\":\"https:\/\/stagpartynight.com\/fr\/#\/schema\/logo\/image\/\",\"url\":\"https:\/\/stagpartynight.com\/fr\/wp-content\/uploads\/sites\/3\/2019\/12\/stagpartynight-e1578565505687.png\",\"contentUrl\":\"https:\/\/stagpartynight.com\/fr\/wp-content\/uploads\/sites\/3\/2019\/12\/stagpartynight-e1578565505687.png\",\"width\":400,\"height\":400,\"caption\":\"Stag Party Night\"},\"image\":{\"@id\":\"https:\/\/stagpartynight.com\/fr\/#\/schema\/logo\/image\/\"}}]}<\/script>\n<!-- \/ Yoast SEO plugin. -->","yoast_head_json":{"title":"Striper Nain Benidorm","description":"Striper Nain Benidorm. Un petit cadeau pour le futur mari\u00e9. Petit Stripteaseur. Amusement et surprise garantis. Spectacle priv\u00e9.","robots":{"index":"index","follow":"follow","max-snippet":"max-snippet:-1","max-image-preview":"max-image-preview:large","max-video-preview":"max-video-preview:-1"},"canonical":"https:\/\/stagpartynight.com\/fr\/product\/striper-nain-benidorm\/","og_locale":"en_GB","og_type":"article","og_title":"Striper Nain Benidorm","og_description":"Striper Nain Benidorm. Un petit cadeau pour le futur mari\u00e9. Petit Stripteaseur. Amusement et surprise garantis. Spectacle priv\u00e9.","og_url":"https:\/\/stagpartynight.com\/fr\/product\/striper-nain-benidorm\/","og_site_name":"Nuit de f\u00eate de cerf","article_modified_time":"2024-01-23T09:37:01+00:00","og_image":[{"width":752,"height":752,"url":"https:\/\/stagpartynight.com\/fr\/wp-content\/uploads\/sites\/3\/2024\/01\/Striper-Nain-Benidorm.jpg","type":"image\/jpeg"}],"twitter_card":"summary_large_image","twitter_misc":{"Estimated reading time":"2 minutes"},"schema":{"@context":"https:\/\/schema.org","@graph":[{"@type":"WebPage","@id":"https:\/\/stagpartynight.com\/fr\/product\/striper-nain-benidorm\/","url":"https:\/\/stagpartynight.com\/fr\/product\/striper-nain-benidorm\/","name":"Striper Nain Benidorm","isPartOf":{"@id":"https:\/\/stagpartynight.com\/fr\/#website"},"primaryImageOfPage":{"@id":"https:\/\/stagpartynight.com\/fr\/product\/striper-nain-benidorm\/#primaryimage"},"image":{"@id":"https:\/\/stagpartynight.com\/fr\/product\/striper-nain-benidorm\/#primaryimage"},"thumbnailUrl":"https:\/\/stagpartynight.com\/fr\/wp-content\/uploads\/sites\/3\/2024\/01\/Striper-Nain-Benidorm.jpg","datePublished":"2024-01-11T12:42:57+00:00","dateModified":"2024-01-23T09:37:01+00:00","description":"Striper Nain Benidorm. Un petit cadeau pour le futur mari\u00e9. Petit Stripteaseur. Amusement et surprise garantis. Spectacle priv\u00e9.","breadcrumb":{"@id":"https:\/\/stagpartynight.com\/fr\/product\/striper-nain-benidorm\/#breadcrumb"},"inLanguage":"en-GB","potentialAction":[{"@type":"ReadAction","target":["https:\/\/stagpartynight.com\/fr\/product\/striper-nain-benidorm\/"]}]},{"@type":"ImageObject","inLanguage":"en-GB","@id":"https:\/\/stagpartynight.com\/fr\/product\/striper-nain-benidorm\/#primaryimage","url":"https:\/\/stagpartynight.com\/fr\/wp-content\/uploads\/sites\/3\/2024\/01\/Striper-Nain-Benidorm.jpg","contentUrl":"https:\/\/stagpartynight.com\/fr\/wp-content\/uploads\/sites\/3\/2024\/01\/Striper-Nain-Benidorm.jpg","width":752,"height":752,"caption":"Striper Nain Benidorm"},{"@type":"BreadcrumbList","@id":"https:\/\/stagpartynight.com\/fr\/product\/striper-nain-benidorm\/#breadcrumb","itemListElement":[{"@type":"ListItem","position":1,"name":"Home","item":"https:\/\/stagpartynight.com\/fr\/"},{"@type":"ListItem","position":2,"name":"Tienda","item":"https:\/\/stagpartynight.com\/fr\/tienda\/"},{"@type":"ListItem","position":3,"name":"Striper Nain Benidorm"}]},{"@type":"WebSite","@id":"https:\/\/stagpartynight.com\/fr\/#website","url":"https:\/\/stagpartynight.com\/fr\/","name":"Stag Party Night","description":"Your Stag Party Customized","publisher":{"@id":"https:\/\/stagpartynight.com\/fr\/#organization"},"potentialAction":[{"@type":"SearchAction","target":{"@type":"EntryPoint","urlTemplate":"https:\/\/stagpartynight.com\/fr\/?s={search_term_string}"},"query-input":{"@type":"PropertyValueSpecification","valueRequired":true,"valueName":"search_term_string"}}],"inLanguage":"en-GB"},{"@type":"Organization","@id":"https:\/\/stagpartynight.com\/fr\/#organization","name":"Stag Party Night","url":"https:\/\/stagpartynight.com\/fr\/","logo":{"@type":"ImageObject","inLanguage":"en-GB","@id":"https:\/\/stagpartynight.com\/fr\/#\/schema\/logo\/image\/","url":"https:\/\/stagpartynight.com\/fr\/wp-content\/uploads\/sites\/3\/2019\/12\/stagpartynight-e1578565505687.png","contentUrl":"https:\/\/stagpartynight.com\/fr\/wp-content\/uploads\/sites\/3\/2019\/12\/stagpartynight-e1578565505687.png","width":400,"height":400,"caption":"Stag Party Night"},"image":{"@id":"https:\/\/stagpartynight.com\/fr\/#\/schema\/logo\/image\/"}}]}},"_links":{"self":[{"href":"https:\/\/stagpartynight.com\/fr\/wp-json\/wp\/v2\/product\/2855","targetHints":{"allow":["GET"]}}],"collection":[{"href":"https:\/\/stagpartynight.com\/fr\/wp-json\/wp\/v2\/product"}],"about":[{"href":"https:\/\/stagpartynight.com\/fr\/wp-json\/wp\/v2\/types\/product"}],"replies":[{"embeddable":true,"href":"https:\/\/stagpartynight.com\/fr\/wp-json\/wp\/v2\/comments?post=2855"}],"wp:featuredmedia":[{"embeddable":true,"href":"https:\/\/stagpartynight.com\/fr\/wp-json\/wp\/v2\/media\/2856"}],"wp:attachment":[{"href":"https:\/\/stagpartynight.com\/fr\/wp-json\/wp\/v2\/media?parent=2855"}],"wp:term":[{"taxonomy":"product_brand","embeddable":true,"href":"https:\/\/stagpartynight.com\/fr\/wp-json\/wp\/v2\/product_brand?post=2855"},{"taxonomy":"product_cat","embeddable":true,"href":"https:\/\/stagpartynight.com\/fr\/wp-json\/wp\/v2\/product_cat?post=2855"},{"taxonomy":"product_tag","embeddable":true,"href":"https:\/\/stagpartynight.com\/fr\/wp-json\/wp\/v2\/product_tag?post=2855"}],"curies":[{"name":"wp","href":"https:\/\/api.w.org\/{rel}","templated":true}]}}