{"id":2857,"date":"2024-01-11T13:45:32","date_gmt":"2024-01-11T12:45:32","guid":{"rendered":"https:\/\/stagpartynight.com\/fr\/?post_type=product&#038;p=2857"},"modified":"2024-01-23T10:32:19","modified_gmt":"2024-01-23T09:32:19","slug":"nain-menotte-benidorm","status":"publish","type":"product","link":"https:\/\/stagpartynight.com\/fr\/product\/nain-menotte-benidorm\/","title":{"rendered":"Nain Menott\u00e9 Benidorm"},"content":{"rendered":"<p>Nain Menott\u00e9 Benidorm. Une activit\u00e9 totalement insolite et amusante pour votre enterrement de vie de gar\u00e7on \u00e0 Benidorm! Engagez un nain pour vous accompagner pendant 1 heure, menott\u00e9 \u00e0 vous ! Rires garantis.<\/p>\n<p>Les meilleurs enterrements de vie de gar\u00e7on avec <a href=\"https:\/\/stagpartynight.com\/\">StagParty<\/a> !<\/p>\n<h2 style=\"text-align: center;\">Nain Menott\u00e9 Benidorm\ud83d\udc66<\/h2>\n<p>Le futur mari\u00e9 organise son enterrement de vie de gar\u00e7on \u00e0 Benidorm sans tenir compte du fait qu&#8217;il pourrait y avoir des surprises.<\/p>\n<p>Le futur mari\u00e9 sera pr\u00eat \u00e0 passer une nuit sur l&#8217;\u00eele, \u00e0 boire quelques verres et \u00e0 profiter de sa derni\u00e8re nuit de c\u00e9libataire, mais imaginez sa t\u00eate lorsqu&#8217;il rencontrera notre nain ! Il s&#8217;agit d&#8217;un acteur professionnel qui a l&#8217;habitude de monter des spectacles dr\u00f4les et amusants. Le nain va menotter le futur mari\u00e9 pendant une heure. Si le futur mari\u00e9 va aux toilettes, le nain y va aussi. S&#8217;il veut parler \u00e0 une fille, il devra s&#8217;adresser au nain !<\/p>\n<p>Un moment de franche rigolade garanti! Peut-\u00eatre que le futur mari\u00e9 ne trouvera pas \u00e7a dr\u00f4le, mais tous ses amis adoreront !<\/p>\n<p>Ce nain menott\u00e9 est une activit\u00e9 dynamique, amusante et originale pour les enterrements de vie de gar\u00e7on et de jeune fille &#8211; tout le monde ne peut pas dire qu&#8217;il a \u00e9t\u00e9 menott\u00e9 \u00e0 un nain pendant une heure ! C&#8217;est sans doute l&#8217;une des activit\u00e9s les plus originales pour un enterrement de vie de gar\u00e7on ou de jeune fille.<\/p>\n<p>Vous pouvez faire une bonne blague au futur mari\u00e9 en le surprenant avec un nain menott\u00e9 !<\/p>\n<p>Certes, ce ne sera pas tr\u00e8s amusant mais ce sera un souvenir inoubliable pour le futur mari\u00e9 lors de son enterrement de vie de gar\u00e7on \u00e0 Benidorm.<\/p>\n<p>Par cons\u00e9quent, l&#8217;activit\u00e9 du nain menott\u00e9 devrait \u00eatre ajout\u00e9e \u00e0 votre s\u00e9jour si vous voulez faire une bonne blague au futur mari\u00e9.<\/p>\n<p style=\"text-align: center;\">R\u00e9servez maintenant Nain Menott\u00e9 <a href=\"https:\/\/es.wikipedia.org\/wiki\/Benidorm\">Benidorm<\/a>\ud83c\udf89<\/p>\n","protected":false},"excerpt":{"rendered":"<p>Nain Menott\u00e9 Benidorm. Une activit\u00e9 totalement insolite et amusante pour votre enterrement de vie de gar\u00e7on \u00e0 Benidorm! Engagez un nain pour vous accompagner pendant 1 heure, menott\u00e9 \u00e0 vous ! Rires garantis. Les meilleurs enterrements de vie de gar\u00e7on avec StagParty ! Nain Menott\u00e9 Benidorm\ud83d\udc66 Le futur mari\u00e9 organise son enterrement de vie de [&hellip;]<\/p>\n","protected":false},"featured_media":2858,"comment_status":"open","ping_status":"closed","template":"","meta":{"_et_pb_use_builder":"","_et_pb_old_content":"","_et_gb_content_width":""},"product_brand":[],"product_cat":[218,600],"product_tag":[],"class_list":{"0":"post-2857","1":"product","2":"type-product","3":"status-publish","4":"has-post-thumbnail","6":"product_cat-uncategorised","7":"product_cat-benidorm","9":"first","10":"instock","11":"shipping-taxable","12":"product-type-simple"},"yoast_head":"<!-- This site is optimized with the Yoast SEO plugin v26.4 - https:\/\/yoast.com\/wordpress\/plugins\/seo\/ -->\n<title>Nain Menott\u00e9 Benidorm<\/title>\n<meta name=\"description\" content=\"Nain Menott\u00e9 Benidorm. Une activit amusante pour votre enterrement de vie de gar\u00e7on \u00e0 Benidorm :nain pour vous accompagner pendant 1 heure, menott\u00e9 \u00e0 vous !\" \/>\n<meta name=\"robots\" content=\"index, follow, max-snippet:-1, max-image-preview:large, max-video-preview:-1\" \/>\n<link rel=\"canonical\" href=\"https:\/\/stagpartynight.com\/fr\/product\/nain-menotte-benidorm\/\" \/>\n<meta property=\"og:locale\" content=\"en_GB\" \/>\n<meta property=\"og:type\" content=\"article\" \/>\n<meta property=\"og:title\" content=\"Nain Menott\u00e9 Benidorm\" \/>\n<meta property=\"og:description\" content=\"Nain Menott\u00e9 Benidorm. Une activit amusante pour votre enterrement de vie de gar\u00e7on \u00e0 Benidorm :nain pour vous accompagner pendant 1 heure, menott\u00e9 \u00e0 vous !\" \/>\n<meta property=\"og:url\" content=\"https:\/\/stagpartynight.com\/fr\/product\/nain-menotte-benidorm\/\" \/>\n<meta property=\"og:site_name\" content=\"Nuit de f\u00eate de cerf\" \/>\n<meta property=\"article:modified_time\" content=\"2024-01-23T09:32:19+00:00\" \/>\n<meta property=\"og:image\" content=\"https:\/\/stagpartynight.com\/fr\/wp-content\/uploads\/sites\/3\/2024\/01\/Nain-Menotte-Benidorm.jpg\" \/>\n\t<meta property=\"og:image:width\" content=\"191\" \/>\n\t<meta property=\"og:image:height\" content=\"264\" \/>\n\t<meta property=\"og:image:type\" content=\"image\/jpeg\" \/>\n<meta name=\"twitter:card\" content=\"summary_large_image\" \/>\n<meta name=\"twitter:label1\" content=\"Estimated reading time\" \/>\n\t<meta name=\"twitter:data1\" content=\"2 minutes\" \/>\n<script type=\"application\/ld+json\" class=\"yoast-schema-graph\">{\"@context\":\"https:\/\/schema.org\",\"@graph\":[{\"@type\":\"WebPage\",\"@id\":\"https:\/\/stagpartynight.com\/fr\/product\/nain-menotte-benidorm\/\",\"url\":\"https:\/\/stagpartynight.com\/fr\/product\/nain-menotte-benidorm\/\",\"name\":\"Nain Menott\u00e9 Benidorm\",\"isPartOf\":{\"@id\":\"https:\/\/stagpartynight.com\/fr\/#website\"},\"primaryImageOfPage\":{\"@id\":\"https:\/\/stagpartynight.com\/fr\/product\/nain-menotte-benidorm\/#primaryimage\"},\"image\":{\"@id\":\"https:\/\/stagpartynight.com\/fr\/product\/nain-menotte-benidorm\/#primaryimage\"},\"thumbnailUrl\":\"https:\/\/stagpartynight.com\/fr\/wp-content\/uploads\/sites\/3\/2024\/01\/Nain-Menotte-Benidorm.jpg\",\"datePublished\":\"2024-01-11T12:45:32+00:00\",\"dateModified\":\"2024-01-23T09:32:19+00:00\",\"description\":\"Nain Menott\u00e9 Benidorm. Une activit amusante pour votre enterrement de vie de gar\u00e7on \u00e0 Benidorm :nain pour vous accompagner pendant 1 heure, menott\u00e9 \u00e0 vous !\",\"breadcrumb\":{\"@id\":\"https:\/\/stagpartynight.com\/fr\/product\/nain-menotte-benidorm\/#breadcrumb\"},\"inLanguage\":\"en-GB\",\"potentialAction\":[{\"@type\":\"ReadAction\",\"target\":[\"https:\/\/stagpartynight.com\/fr\/product\/nain-menotte-benidorm\/\"]}]},{\"@type\":\"ImageObject\",\"inLanguage\":\"en-GB\",\"@id\":\"https:\/\/stagpartynight.com\/fr\/product\/nain-menotte-benidorm\/#primaryimage\",\"url\":\"https:\/\/stagpartynight.com\/fr\/wp-content\/uploads\/sites\/3\/2024\/01\/Nain-Menotte-Benidorm.jpg\",\"contentUrl\":\"https:\/\/stagpartynight.com\/fr\/wp-content\/uploads\/sites\/3\/2024\/01\/Nain-Menotte-Benidorm.jpg\",\"width\":191,\"height\":264,\"caption\":\"Nain Menott\u00e9 Benidorm\"},{\"@type\":\"BreadcrumbList\",\"@id\":\"https:\/\/stagpartynight.com\/fr\/product\/nain-menotte-benidorm\/#breadcrumb\",\"itemListElement\":[{\"@type\":\"ListItem\",\"position\":1,\"name\":\"Home\",\"item\":\"https:\/\/stagpartynight.com\/fr\/\"},{\"@type\":\"ListItem\",\"position\":2,\"name\":\"Tienda\",\"item\":\"https:\/\/stagpartynight.com\/fr\/tienda\/\"},{\"@type\":\"ListItem\",\"position\":3,\"name\":\"Nain Menott\u00e9 Benidorm\"}]},{\"@type\":\"WebSite\",\"@id\":\"https:\/\/stagpartynight.com\/fr\/#website\",\"url\":\"https:\/\/stagpartynight.com\/fr\/\",\"name\":\"Stag Party Night\",\"description\":\"Your Stag Party Customized\",\"publisher\":{\"@id\":\"https:\/\/stagpartynight.com\/fr\/#organization\"},\"potentialAction\":[{\"@type\":\"SearchAction\",\"target\":{\"@type\":\"EntryPoint\",\"urlTemplate\":\"https:\/\/stagpartynight.com\/fr\/?s={search_term_string}\"},\"query-input\":{\"@type\":\"PropertyValueSpecification\",\"valueRequired\":true,\"valueName\":\"search_term_string\"}}],\"inLanguage\":\"en-GB\"},{\"@type\":\"Organization\",\"@id\":\"https:\/\/stagpartynight.com\/fr\/#organization\",\"name\":\"Stag Party Night\",\"url\":\"https:\/\/stagpartynight.com\/fr\/\",\"logo\":{\"@type\":\"ImageObject\",\"inLanguage\":\"en-GB\",\"@id\":\"https:\/\/stagpartynight.com\/fr\/#\/schema\/logo\/image\/\",\"url\":\"https:\/\/stagpartynight.com\/fr\/wp-content\/uploads\/sites\/3\/2019\/12\/stagpartynight-e1578565505687.png\",\"contentUrl\":\"https:\/\/stagpartynight.com\/fr\/wp-content\/uploads\/sites\/3\/2019\/12\/stagpartynight-e1578565505687.png\",\"width\":400,\"height\":400,\"caption\":\"Stag Party Night\"},\"image\":{\"@id\":\"https:\/\/stagpartynight.com\/fr\/#\/schema\/logo\/image\/\"}}]}<\/script>\n<!-- \/ Yoast SEO plugin. -->","yoast_head_json":{"title":"Nain Menott\u00e9 Benidorm","description":"Nain Menott\u00e9 Benidorm. Une activit amusante pour votre enterrement de vie de gar\u00e7on \u00e0 Benidorm :nain pour vous accompagner pendant 1 heure, menott\u00e9 \u00e0 vous !","robots":{"index":"index","follow":"follow","max-snippet":"max-snippet:-1","max-image-preview":"max-image-preview:large","max-video-preview":"max-video-preview:-1"},"canonical":"https:\/\/stagpartynight.com\/fr\/product\/nain-menotte-benidorm\/","og_locale":"en_GB","og_type":"article","og_title":"Nain Menott\u00e9 Benidorm","og_description":"Nain Menott\u00e9 Benidorm. Une activit amusante pour votre enterrement de vie de gar\u00e7on \u00e0 Benidorm :nain pour vous accompagner pendant 1 heure, menott\u00e9 \u00e0 vous !","og_url":"https:\/\/stagpartynight.com\/fr\/product\/nain-menotte-benidorm\/","og_site_name":"Nuit de f\u00eate de cerf","article_modified_time":"2024-01-23T09:32:19+00:00","og_image":[{"width":191,"height":264,"url":"https:\/\/stagpartynight.com\/fr\/wp-content\/uploads\/sites\/3\/2024\/01\/Nain-Menotte-Benidorm.jpg","type":"image\/jpeg"}],"twitter_card":"summary_large_image","twitter_misc":{"Estimated reading time":"2 minutes"},"schema":{"@context":"https:\/\/schema.org","@graph":[{"@type":"WebPage","@id":"https:\/\/stagpartynight.com\/fr\/product\/nain-menotte-benidorm\/","url":"https:\/\/stagpartynight.com\/fr\/product\/nain-menotte-benidorm\/","name":"Nain Menott\u00e9 Benidorm","isPartOf":{"@id":"https:\/\/stagpartynight.com\/fr\/#website"},"primaryImageOfPage":{"@id":"https:\/\/stagpartynight.com\/fr\/product\/nain-menotte-benidorm\/#primaryimage"},"image":{"@id":"https:\/\/stagpartynight.com\/fr\/product\/nain-menotte-benidorm\/#primaryimage"},"thumbnailUrl":"https:\/\/stagpartynight.com\/fr\/wp-content\/uploads\/sites\/3\/2024\/01\/Nain-Menotte-Benidorm.jpg","datePublished":"2024-01-11T12:45:32+00:00","dateModified":"2024-01-23T09:32:19+00:00","description":"Nain Menott\u00e9 Benidorm. Une activit amusante pour votre enterrement de vie de gar\u00e7on \u00e0 Benidorm :nain pour vous accompagner pendant 1 heure, menott\u00e9 \u00e0 vous !","breadcrumb":{"@id":"https:\/\/stagpartynight.com\/fr\/product\/nain-menotte-benidorm\/#breadcrumb"},"inLanguage":"en-GB","potentialAction":[{"@type":"ReadAction","target":["https:\/\/stagpartynight.com\/fr\/product\/nain-menotte-benidorm\/"]}]},{"@type":"ImageObject","inLanguage":"en-GB","@id":"https:\/\/stagpartynight.com\/fr\/product\/nain-menotte-benidorm\/#primaryimage","url":"https:\/\/stagpartynight.com\/fr\/wp-content\/uploads\/sites\/3\/2024\/01\/Nain-Menotte-Benidorm.jpg","contentUrl":"https:\/\/stagpartynight.com\/fr\/wp-content\/uploads\/sites\/3\/2024\/01\/Nain-Menotte-Benidorm.jpg","width":191,"height":264,"caption":"Nain Menott\u00e9 Benidorm"},{"@type":"BreadcrumbList","@id":"https:\/\/stagpartynight.com\/fr\/product\/nain-menotte-benidorm\/#breadcrumb","itemListElement":[{"@type":"ListItem","position":1,"name":"Home","item":"https:\/\/stagpartynight.com\/fr\/"},{"@type":"ListItem","position":2,"name":"Tienda","item":"https:\/\/stagpartynight.com\/fr\/tienda\/"},{"@type":"ListItem","position":3,"name":"Nain Menott\u00e9 Benidorm"}]},{"@type":"WebSite","@id":"https:\/\/stagpartynight.com\/fr\/#website","url":"https:\/\/stagpartynight.com\/fr\/","name":"Stag Party Night","description":"Your Stag Party Customized","publisher":{"@id":"https:\/\/stagpartynight.com\/fr\/#organization"},"potentialAction":[{"@type":"SearchAction","target":{"@type":"EntryPoint","urlTemplate":"https:\/\/stagpartynight.com\/fr\/?s={search_term_string}"},"query-input":{"@type":"PropertyValueSpecification","valueRequired":true,"valueName":"search_term_string"}}],"inLanguage":"en-GB"},{"@type":"Organization","@id":"https:\/\/stagpartynight.com\/fr\/#organization","name":"Stag Party Night","url":"https:\/\/stagpartynight.com\/fr\/","logo":{"@type":"ImageObject","inLanguage":"en-GB","@id":"https:\/\/stagpartynight.com\/fr\/#\/schema\/logo\/image\/","url":"https:\/\/stagpartynight.com\/fr\/wp-content\/uploads\/sites\/3\/2019\/12\/stagpartynight-e1578565505687.png","contentUrl":"https:\/\/stagpartynight.com\/fr\/wp-content\/uploads\/sites\/3\/2019\/12\/stagpartynight-e1578565505687.png","width":400,"height":400,"caption":"Stag Party Night"},"image":{"@id":"https:\/\/stagpartynight.com\/fr\/#\/schema\/logo\/image\/"}}]}},"_links":{"self":[{"href":"https:\/\/stagpartynight.com\/fr\/wp-json\/wp\/v2\/product\/2857","targetHints":{"allow":["GET"]}}],"collection":[{"href":"https:\/\/stagpartynight.com\/fr\/wp-json\/wp\/v2\/product"}],"about":[{"href":"https:\/\/stagpartynight.com\/fr\/wp-json\/wp\/v2\/types\/product"}],"replies":[{"embeddable":true,"href":"https:\/\/stagpartynight.com\/fr\/wp-json\/wp\/v2\/comments?post=2857"}],"wp:featuredmedia":[{"embeddable":true,"href":"https:\/\/stagpartynight.com\/fr\/wp-json\/wp\/v2\/media\/2858"}],"wp:attachment":[{"href":"https:\/\/stagpartynight.com\/fr\/wp-json\/wp\/v2\/media?parent=2857"}],"wp:term":[{"taxonomy":"product_brand","embeddable":true,"href":"https:\/\/stagpartynight.com\/fr\/wp-json\/wp\/v2\/product_brand?post=2857"},{"taxonomy":"product_cat","embeddable":true,"href":"https:\/\/stagpartynight.com\/fr\/wp-json\/wp\/v2\/product_cat?post=2857"},{"taxonomy":"product_tag","embeddable":true,"href":"https:\/\/stagpartynight.com\/fr\/wp-json\/wp\/v2\/product_tag?post=2857"}],"curies":[{"name":"wp","href":"https:\/\/api.w.org\/{rel}","templated":true}]}}