{"id":2859,"date":"2024-01-11T13:47:42","date_gmt":"2024-01-11T12:47:42","guid":{"rendered":"https:\/\/stagpartynight.com\/fr\/?post_type=product&#038;p=2859"},"modified":"2024-01-23T10:31:45","modified_gmt":"2024-01-23T09:31:45","slug":"dessin-de-modele-nu-benidorm","status":"publish","type":"product","link":"https:\/\/stagpartynight.com\/fr\/product\/dessin-de-modele-nu-benidorm\/","title":{"rendered":"Dessin de Mod\u00e8le Nu Benidorm"},"content":{"rendered":"<p>Dessin de Mod\u00e8le Nu Benidorm. Mod\u00e8le nu dessinant \u00e0 Benidorm. Si vous aimez m\u00e9langer l&#8217;art et la sensualit\u00e9, c&#8217;est l&#8217;activit\u00e9 qu&#8217;il vous faut !<\/p>\n<p>Les meilleurs enterrements de vie de gar\u00e7on avec <a href=\"https:\/\/stagpartynight.com\/\">Stagparty<\/a> !<\/p>\n<h2 style=\"text-align: center;\">Dessin de Mod\u00e8le Nu Benidorm\ud83c\udfa8<\/h2>\n<h4>Des peintures, des toiles et un spectaculaire nu de femme\ud83d\udd25.<\/h4>\n<p>Il existe de nombreux types de voyages et de nombreux types d&#8217;enterrements de vie de gar\u00e7on. Mais chez Stagparty, nous en avons pour tous les go\u00fbts ! Si vous aimez l&#8217;art mais que vous appr\u00e9ciez aussi les beaux corps f\u00e9minins, arr\u00eatez de r\u00e9fl\u00e9chir et r\u00e9servez cette activit\u00e9.<\/p>\n<p>Une activit\u00e9 originale et amusante, est-ce que l&#8217;un de vos amis sera capable de rester concentr\u00e9 et de faire un beau dessin tout en regardant le corps nu de notre belle mannequin ?<\/p>\n<p>L&#8217;activit\u00e9 comprend tout le mat\u00e9riel n\u00e9cessaire : atelier, peinture, toile et, surtout, une femme nue ! Le mod\u00e8le se tiendra au milieu du groupe sans v\u00eatements, choisira une pose et restera immobile jusqu&#8217;\u00e0 la fin. Pouvez-vous rester immobile ?<\/p>\n<p>Vous pouvez inclure du champagne ou du vin pour rendre l&#8217;activit\u00e9 plus \u00e9l\u00e9gante et sensuelle.\ud83c\udf77<\/p>\n<p>Une activit\u00e9 amusante et originale entre amis, un moment de rire garanti ! Bien s\u00fbr, \u00e0 la fin de l&#8217;activit\u00e9, vous pouvez ramener votre chiffon \u00e0 la maison (en veillant \u00e0 bien le cacher).<\/p>\n<p style=\"text-align: center;\">\ud83d\udd25R\u00e9servez\u00a0 Sensualit\u00e9 et Art\ud83d\udd25<\/p>\n<p style=\"text-align: center;\">R\u00e9servez Dessin de Mod\u00e8le Nu <a href=\"https:\/\/es.wikipedia.org\/wiki\/Benidorm\">Benidorm<\/a><\/p>\n","protected":false},"excerpt":{"rendered":"<p>Dessin de Mod\u00e8le Nu Benidorm. Mod\u00e8le nu dessinant \u00e0 Benidorm. Si vous aimez m\u00e9langer l&#8217;art et la sensualit\u00e9, c&#8217;est l&#8217;activit\u00e9 qu&#8217;il vous faut !<\/p>\n","protected":false},"featured_media":2860,"comment_status":"open","ping_status":"closed","template":"","meta":{"_et_pb_use_builder":"","_et_pb_old_content":"","_et_gb_content_width":""},"product_brand":[],"product_cat":[218,600],"product_tag":[],"class_list":{"0":"post-2859","1":"product","2":"type-product","3":"status-publish","4":"has-post-thumbnail","6":"product_cat-uncategorised","7":"product_cat-benidorm","9":"first","10":"instock","11":"shipping-taxable","12":"product-type-simple"},"yoast_head":"<!-- This site is optimized with the Yoast SEO plugin v26.4 - https:\/\/yoast.com\/wordpress\/plugins\/seo\/ -->\n<title>Dessin de Mod\u00e8le Nu Benidorm<\/title>\n<meta name=\"description\" content=\"Dessin de Mod\u00e8le Nu Benidorm. Mod\u00e8le nu dessinant \u00e0 Benidorm. Si vous aimez m\u00e9langer l&#039;art et la sensualit\u00e9, c&#039;est l&#039;activit\u00e9 qu&#039;il vous faut !\" \/>\n<meta name=\"robots\" content=\"index, follow, max-snippet:-1, max-image-preview:large, max-video-preview:-1\" \/>\n<link rel=\"canonical\" href=\"https:\/\/stagpartynight.com\/fr\/product\/dessin-de-modele-nu-benidorm\/\" \/>\n<meta property=\"og:locale\" content=\"en_GB\" \/>\n<meta property=\"og:type\" content=\"article\" \/>\n<meta property=\"og:title\" content=\"Dessin de Mod\u00e8le Nu Benidorm\" \/>\n<meta property=\"og:description\" content=\"Dessin de Mod\u00e8le Nu Benidorm. Mod\u00e8le nu dessinant \u00e0 Benidorm. Si vous aimez m\u00e9langer l&#039;art et la sensualit\u00e9, c&#039;est l&#039;activit\u00e9 qu&#039;il vous faut !\" \/>\n<meta property=\"og:url\" content=\"https:\/\/stagpartynight.com\/fr\/product\/dessin-de-modele-nu-benidorm\/\" \/>\n<meta property=\"og:site_name\" content=\"Nuit de f\u00eate de cerf\" \/>\n<meta property=\"article:modified_time\" content=\"2024-01-23T09:31:45+00:00\" \/>\n<meta property=\"og:image\" content=\"https:\/\/stagpartynight.com\/fr\/wp-content\/uploads\/sites\/3\/2024\/01\/Dessin-de-Modele-Nu-Benidorm.jpg\" \/>\n\t<meta property=\"og:image:width\" content=\"727\" \/>\n\t<meta property=\"og:image:height\" content=\"1000\" \/>\n\t<meta property=\"og:image:type\" content=\"image\/jpeg\" \/>\n<meta name=\"twitter:card\" content=\"summary_large_image\" \/>\n<meta name=\"twitter:label1\" content=\"Estimated reading time\" \/>\n\t<meta name=\"twitter:data1\" content=\"2 minutes\" \/>\n<script type=\"application\/ld+json\" class=\"yoast-schema-graph\">{\"@context\":\"https:\/\/schema.org\",\"@graph\":[{\"@type\":\"WebPage\",\"@id\":\"https:\/\/stagpartynight.com\/fr\/product\/dessin-de-modele-nu-benidorm\/\",\"url\":\"https:\/\/stagpartynight.com\/fr\/product\/dessin-de-modele-nu-benidorm\/\",\"name\":\"Dessin de Mod\u00e8le Nu Benidorm\",\"isPartOf\":{\"@id\":\"https:\/\/stagpartynight.com\/fr\/#website\"},\"primaryImageOfPage\":{\"@id\":\"https:\/\/stagpartynight.com\/fr\/product\/dessin-de-modele-nu-benidorm\/#primaryimage\"},\"image\":{\"@id\":\"https:\/\/stagpartynight.com\/fr\/product\/dessin-de-modele-nu-benidorm\/#primaryimage\"},\"thumbnailUrl\":\"https:\/\/stagpartynight.com\/fr\/wp-content\/uploads\/sites\/3\/2024\/01\/Dessin-de-Modele-Nu-Benidorm.jpg\",\"datePublished\":\"2024-01-11T12:47:42+00:00\",\"dateModified\":\"2024-01-23T09:31:45+00:00\",\"description\":\"Dessin de Mod\u00e8le Nu Benidorm. Mod\u00e8le nu dessinant \u00e0 Benidorm. Si vous aimez m\u00e9langer l'art et la sensualit\u00e9, c'est l'activit\u00e9 qu'il vous faut !\",\"breadcrumb\":{\"@id\":\"https:\/\/stagpartynight.com\/fr\/product\/dessin-de-modele-nu-benidorm\/#breadcrumb\"},\"inLanguage\":\"en-GB\",\"potentialAction\":[{\"@type\":\"ReadAction\",\"target\":[\"https:\/\/stagpartynight.com\/fr\/product\/dessin-de-modele-nu-benidorm\/\"]}]},{\"@type\":\"ImageObject\",\"inLanguage\":\"en-GB\",\"@id\":\"https:\/\/stagpartynight.com\/fr\/product\/dessin-de-modele-nu-benidorm\/#primaryimage\",\"url\":\"https:\/\/stagpartynight.com\/fr\/wp-content\/uploads\/sites\/3\/2024\/01\/Dessin-de-Modele-Nu-Benidorm.jpg\",\"contentUrl\":\"https:\/\/stagpartynight.com\/fr\/wp-content\/uploads\/sites\/3\/2024\/01\/Dessin-de-Modele-Nu-Benidorm.jpg\",\"width\":727,\"height\":1000,\"caption\":\"Dessin de Mod\u00e8le Nu Benidorm\"},{\"@type\":\"BreadcrumbList\",\"@id\":\"https:\/\/stagpartynight.com\/fr\/product\/dessin-de-modele-nu-benidorm\/#breadcrumb\",\"itemListElement\":[{\"@type\":\"ListItem\",\"position\":1,\"name\":\"Home\",\"item\":\"https:\/\/stagpartynight.com\/fr\/\"},{\"@type\":\"ListItem\",\"position\":2,\"name\":\"Tienda\",\"item\":\"https:\/\/stagpartynight.com\/fr\/tienda\/\"},{\"@type\":\"ListItem\",\"position\":3,\"name\":\"Dessin de Mod\u00e8le Nu Benidorm\"}]},{\"@type\":\"WebSite\",\"@id\":\"https:\/\/stagpartynight.com\/fr\/#website\",\"url\":\"https:\/\/stagpartynight.com\/fr\/\",\"name\":\"Stag Party Night\",\"description\":\"Your Stag Party Customized\",\"publisher\":{\"@id\":\"https:\/\/stagpartynight.com\/fr\/#organization\"},\"potentialAction\":[{\"@type\":\"SearchAction\",\"target\":{\"@type\":\"EntryPoint\",\"urlTemplate\":\"https:\/\/stagpartynight.com\/fr\/?s={search_term_string}\"},\"query-input\":{\"@type\":\"PropertyValueSpecification\",\"valueRequired\":true,\"valueName\":\"search_term_string\"}}],\"inLanguage\":\"en-GB\"},{\"@type\":\"Organization\",\"@id\":\"https:\/\/stagpartynight.com\/fr\/#organization\",\"name\":\"Stag Party Night\",\"url\":\"https:\/\/stagpartynight.com\/fr\/\",\"logo\":{\"@type\":\"ImageObject\",\"inLanguage\":\"en-GB\",\"@id\":\"https:\/\/stagpartynight.com\/fr\/#\/schema\/logo\/image\/\",\"url\":\"https:\/\/stagpartynight.com\/fr\/wp-content\/uploads\/sites\/3\/2019\/12\/stagpartynight-e1578565505687.png\",\"contentUrl\":\"https:\/\/stagpartynight.com\/fr\/wp-content\/uploads\/sites\/3\/2019\/12\/stagpartynight-e1578565505687.png\",\"width\":400,\"height\":400,\"caption\":\"Stag Party Night\"},\"image\":{\"@id\":\"https:\/\/stagpartynight.com\/fr\/#\/schema\/logo\/image\/\"}}]}<\/script>\n<!-- \/ Yoast SEO plugin. -->","yoast_head_json":{"title":"Dessin de Mod\u00e8le Nu Benidorm","description":"Dessin de Mod\u00e8le Nu Benidorm. Mod\u00e8le nu dessinant \u00e0 Benidorm. Si vous aimez m\u00e9langer l'art et la sensualit\u00e9, c'est l'activit\u00e9 qu'il vous faut !","robots":{"index":"index","follow":"follow","max-snippet":"max-snippet:-1","max-image-preview":"max-image-preview:large","max-video-preview":"max-video-preview:-1"},"canonical":"https:\/\/stagpartynight.com\/fr\/product\/dessin-de-modele-nu-benidorm\/","og_locale":"en_GB","og_type":"article","og_title":"Dessin de Mod\u00e8le Nu Benidorm","og_description":"Dessin de Mod\u00e8le Nu Benidorm. Mod\u00e8le nu dessinant \u00e0 Benidorm. Si vous aimez m\u00e9langer l'art et la sensualit\u00e9, c'est l'activit\u00e9 qu'il vous faut !","og_url":"https:\/\/stagpartynight.com\/fr\/product\/dessin-de-modele-nu-benidorm\/","og_site_name":"Nuit de f\u00eate de cerf","article_modified_time":"2024-01-23T09:31:45+00:00","og_image":[{"width":727,"height":1000,"url":"https:\/\/stagpartynight.com\/fr\/wp-content\/uploads\/sites\/3\/2024\/01\/Dessin-de-Modele-Nu-Benidorm.jpg","type":"image\/jpeg"}],"twitter_card":"summary_large_image","twitter_misc":{"Estimated reading time":"2 minutes"},"schema":{"@context":"https:\/\/schema.org","@graph":[{"@type":"WebPage","@id":"https:\/\/stagpartynight.com\/fr\/product\/dessin-de-modele-nu-benidorm\/","url":"https:\/\/stagpartynight.com\/fr\/product\/dessin-de-modele-nu-benidorm\/","name":"Dessin de Mod\u00e8le Nu Benidorm","isPartOf":{"@id":"https:\/\/stagpartynight.com\/fr\/#website"},"primaryImageOfPage":{"@id":"https:\/\/stagpartynight.com\/fr\/product\/dessin-de-modele-nu-benidorm\/#primaryimage"},"image":{"@id":"https:\/\/stagpartynight.com\/fr\/product\/dessin-de-modele-nu-benidorm\/#primaryimage"},"thumbnailUrl":"https:\/\/stagpartynight.com\/fr\/wp-content\/uploads\/sites\/3\/2024\/01\/Dessin-de-Modele-Nu-Benidorm.jpg","datePublished":"2024-01-11T12:47:42+00:00","dateModified":"2024-01-23T09:31:45+00:00","description":"Dessin de Mod\u00e8le Nu Benidorm. Mod\u00e8le nu dessinant \u00e0 Benidorm. Si vous aimez m\u00e9langer l'art et la sensualit\u00e9, c'est l'activit\u00e9 qu'il vous faut !","breadcrumb":{"@id":"https:\/\/stagpartynight.com\/fr\/product\/dessin-de-modele-nu-benidorm\/#breadcrumb"},"inLanguage":"en-GB","potentialAction":[{"@type":"ReadAction","target":["https:\/\/stagpartynight.com\/fr\/product\/dessin-de-modele-nu-benidorm\/"]}]},{"@type":"ImageObject","inLanguage":"en-GB","@id":"https:\/\/stagpartynight.com\/fr\/product\/dessin-de-modele-nu-benidorm\/#primaryimage","url":"https:\/\/stagpartynight.com\/fr\/wp-content\/uploads\/sites\/3\/2024\/01\/Dessin-de-Modele-Nu-Benidorm.jpg","contentUrl":"https:\/\/stagpartynight.com\/fr\/wp-content\/uploads\/sites\/3\/2024\/01\/Dessin-de-Modele-Nu-Benidorm.jpg","width":727,"height":1000,"caption":"Dessin de Mod\u00e8le Nu Benidorm"},{"@type":"BreadcrumbList","@id":"https:\/\/stagpartynight.com\/fr\/product\/dessin-de-modele-nu-benidorm\/#breadcrumb","itemListElement":[{"@type":"ListItem","position":1,"name":"Home","item":"https:\/\/stagpartynight.com\/fr\/"},{"@type":"ListItem","position":2,"name":"Tienda","item":"https:\/\/stagpartynight.com\/fr\/tienda\/"},{"@type":"ListItem","position":3,"name":"Dessin de Mod\u00e8le Nu Benidorm"}]},{"@type":"WebSite","@id":"https:\/\/stagpartynight.com\/fr\/#website","url":"https:\/\/stagpartynight.com\/fr\/","name":"Stag Party Night","description":"Your Stag Party Customized","publisher":{"@id":"https:\/\/stagpartynight.com\/fr\/#organization"},"potentialAction":[{"@type":"SearchAction","target":{"@type":"EntryPoint","urlTemplate":"https:\/\/stagpartynight.com\/fr\/?s={search_term_string}"},"query-input":{"@type":"PropertyValueSpecification","valueRequired":true,"valueName":"search_term_string"}}],"inLanguage":"en-GB"},{"@type":"Organization","@id":"https:\/\/stagpartynight.com\/fr\/#organization","name":"Stag Party Night","url":"https:\/\/stagpartynight.com\/fr\/","logo":{"@type":"ImageObject","inLanguage":"en-GB","@id":"https:\/\/stagpartynight.com\/fr\/#\/schema\/logo\/image\/","url":"https:\/\/stagpartynight.com\/fr\/wp-content\/uploads\/sites\/3\/2019\/12\/stagpartynight-e1578565505687.png","contentUrl":"https:\/\/stagpartynight.com\/fr\/wp-content\/uploads\/sites\/3\/2019\/12\/stagpartynight-e1578565505687.png","width":400,"height":400,"caption":"Stag Party Night"},"image":{"@id":"https:\/\/stagpartynight.com\/fr\/#\/schema\/logo\/image\/"}}]}},"_links":{"self":[{"href":"https:\/\/stagpartynight.com\/fr\/wp-json\/wp\/v2\/product\/2859","targetHints":{"allow":["GET"]}}],"collection":[{"href":"https:\/\/stagpartynight.com\/fr\/wp-json\/wp\/v2\/product"}],"about":[{"href":"https:\/\/stagpartynight.com\/fr\/wp-json\/wp\/v2\/types\/product"}],"replies":[{"embeddable":true,"href":"https:\/\/stagpartynight.com\/fr\/wp-json\/wp\/v2\/comments?post=2859"}],"wp:featuredmedia":[{"embeddable":true,"href":"https:\/\/stagpartynight.com\/fr\/wp-json\/wp\/v2\/media\/2860"}],"wp:attachment":[{"href":"https:\/\/stagpartynight.com\/fr\/wp-json\/wp\/v2\/media?parent=2859"}],"wp:term":[{"taxonomy":"product_brand","embeddable":true,"href":"https:\/\/stagpartynight.com\/fr\/wp-json\/wp\/v2\/product_brand?post=2859"},{"taxonomy":"product_cat","embeddable":true,"href":"https:\/\/stagpartynight.com\/fr\/wp-json\/wp\/v2\/product_cat?post=2859"},{"taxonomy":"product_tag","embeddable":true,"href":"https:\/\/stagpartynight.com\/fr\/wp-json\/wp\/v2\/product_tag?post=2859"}],"curies":[{"name":"wp","href":"https:\/\/api.w.org\/{rel}","templated":true}]}}