{"id":286,"date":"2020-01-08T15:03:28","date_gmt":"2020-01-08T14:03:28","guid":{"rendered":"https:\/\/stagpartynight.com\/fr\/?post_type=product&#038;p=286"},"modified":"2024-03-11T12:00:24","modified_gmt":"2024-03-11T11:00:24","slug":"hummer-limousine-beach-club-ushaia-ibiza","status":"publish","type":"product","link":"https:\/\/stagpartynight.com\/fr\/product\/hummer-limousine-beach-club-ushaia-ibiza\/","title":{"rendered":"Hummer Limousine + Beach Club + Ushaia Ibiza"},"content":{"rendered":"<p>D\u00e9jeuner ou d\u00eener au Beach Club avec lit balinais dans la piscine et plage priv\u00e9e avec boisson dans la r\u00e9serve. La f\u00eate Ants \u00e0 Ushuaia sans heure d&#8217;arriv\u00e9e. Tour en limousine Hummer avec 2 bouteilles de cava incluses. Les meilleures f\u00eates <a href=\"https:\/\/en.wikipedia.org\/wiki\/Ibiza\">d&#8217;Ibiza<\/a> avec <a href=\"https:\/\/stagpartynight.com\/\">Stag Party Night<\/a>.<\/p>\n<p>Vivez une journ\u00e9e de r\u00eave sur l&#8217;\u00eele enchanteresse d&#8217;Ibiza, o\u00f9 le luxe. La relaxation et le divertissement se combinent pour cr\u00e9er des souvenirs inoubliables. Au Beach Club, chaque d\u00e9tail est con\u00e7u pour vous offrir une exp\u00e9rience hors du commun.<\/p>\n<p>Vous pourrez commencer votre journ\u00e9e en beaut\u00e9 avec un d\u00e9jeuner ou un d\u00eener au Beach Club. O\u00f9 vous pourrez vous d\u00e9tendre sur un lit balinais \u00e0 la piscine ou sur la plage. Laissez-vous s\u00e9duire par un service de premier ordre tandis que vous savourez des plats d\u00e9licieux et des boissons rafra\u00eechissantes dans un cadre idyllique. Vous pourrez profiter de chaque instant de ce moment de luxe absolu avec les boissons incluses dans la r\u00e9serve.<\/p>\n<div class=\"flex-1 overflow-hidden\">\n<div class=\"react-scroll-to-bottom--css-etktj-79elbk h-full\">\n<div class=\"react-scroll-to-bottom--css-etktj-1n7m0yu\">\n<div class=\"flex flex-col text-sm pb-9\">\n<div class=\"w-full text-token-text-primary\" data-testid=\"conversation-turn-25\">\n<div class=\"px-4 py-2 justify-center text-base md:gap-6 m-auto\">\n<div class=\"flex flex-1 text-base mx-auto gap-3 md:px-5 lg:px-1 xl:px-5 md:max-w-3xl lg:max-w-[40rem] xl:max-w-[48rem] group final-completion\">\n<div class=\"relative flex w-full flex-col agent-turn\">\n<div class=\"flex-col gap-1 md:gap-3\">\n<div class=\"flex flex-grow flex-col max-w-full\">\n<div class=\"min-h-[20px] text-message flex flex-col items-start gap-3 whitespace-pre-wrap break-words [.text-message+&amp;]:mt-5 overflow-x-auto\" data-message-author-role=\"assistant\" data-message-id=\"dfff3b18-e683-4a0a-8423-08db12b316a0\">\n<div class=\"markdown prose w-full break-words dark:prose-invert light\">\n<h4>Un \u00c9clat de Luxe \u00e0 Ibiza : D\u00e9tente au Beach Club et Soir\u00e9e \u00c9pique \u00e0 Ushuaia<\/h4>\n<\/div>\n<\/div>\n<\/div>\n<\/div>\n<\/div>\n<\/div>\n<\/div>\n<\/div>\n<\/div>\n<\/div>\n<\/div>\n<\/div>\n<p>La c\u00e9l\u00e9bration des Ants \u00e0 Ushuaia promet d&#8217;\u00eatre une soir\u00e9e inoubliable. Il n&#8217;y a pas d&#8217;heure d&#8217;arriv\u00e9e, pas de contraintes &#8211; plongez-vous simplement dans une atmosph\u00e8re \u00e9lectrique o\u00f9 la musique envo\u00fbtante et les festivit\u00e9s sans fin vous transportent dans un univers de joie et de d\u00e9lices. Avec vos amis, dansez sous les \u00e9toiles et laissez-vous emporter par la magie de cette soir\u00e9e inoubliable.<\/p>\n<p>Optez pour un tour en limousine Hummer avec deux bouteilles de cava pour ajouter un peu de glamour \u00e0 votre journ\u00e9e. Laissez-vous conduire dans le confort ultime tout en sirotant du champagne et admirant les paysages magnifiques d&#8217;Ibiza. une exp\u00e9rience inoubliable \u00e0 partager avec vos proches.<\/p>\n<p>Pour r\u00e9sumer, une journ\u00e9e \u00e0 Ibiza combinant le Beach Club. La f\u00eate des Ants \u00e0 Ushuaia et un tour en limousine Hummer promet une exp\u00e9rience luxueuse et inoubliable. Cr\u00e9ez des souvenirs qui dureront toute une vie et laissez-vous s\u00e9duire par le charme envo\u00fbtant de l&#8217;\u00eele.<\/p>\n","protected":false},"excerpt":{"rendered":"<p>D\u00e9jeuner ou d\u00eener au Beach Club avec lit balinais dans la piscine et plage priv\u00e9e avec boisson dans la r\u00e9serve. La f\u00eate Ants \u00e0 Ushuaia sans heure d&#8217;arriv\u00e9e. Tour en limousine Hummer avec 2 bouteilles de cava incluses.<\/p>\n","protected":false},"featured_media":1808,"comment_status":"open","ping_status":"closed","template":"","meta":{"_et_pb_use_builder":"","_et_pb_old_content":"","_et_gb_content_width":""},"product_brand":[],"product_cat":[113],"product_tag":[146],"class_list":{"0":"post-286","1":"product","2":"type-product","3":"status-publish","4":"has-post-thumbnail","6":"product_cat-ibiza","7":"product_tag-hummer-limousine-beach-club-ushaia-ibiza","9":"first","10":"instock","11":"virtual","12":"product-type-simple"},"yoast_head":"<!-- This site is optimized with the Yoast SEO plugin v26.4 - https:\/\/yoast.com\/wordpress\/plugins\/seo\/ -->\n<title>Hummer Limousine + Beach Club + Ushaia Ibiza<\/title>\n<meta name=\"description\" content=\"Hummer Limousine + Beach Club + Ushaia Ibiza - D\u00e9couvrez les meilleurs packs et activit\u00e9s pour votre enterrement de vie de gar\u00e7on \u00e0 Ibiza in Stagpartynight.\" \/>\n<meta name=\"robots\" content=\"index, follow, max-snippet:-1, max-image-preview:large, max-video-preview:-1\" \/>\n<link rel=\"canonical\" href=\"https:\/\/stagpartynight.com\/fr\/product\/hummer-limousine-beach-club-ushaia-ibiza\/\" \/>\n<meta property=\"og:locale\" content=\"en_GB\" \/>\n<meta property=\"og:type\" content=\"article\" \/>\n<meta property=\"og:title\" content=\"Hummer Limousine + Beach Club + Ushaia Ibiza\" \/>\n<meta property=\"og:description\" content=\"Hummer Limousine + Beach Club + Ushaia Ibiza - D\u00e9couvrez les meilleurs packs et activit\u00e9s pour votre enterrement de vie de gar\u00e7on \u00e0 Ibiza in Stagpartynight.\" \/>\n<meta property=\"og:url\" content=\"https:\/\/stagpartynight.com\/fr\/product\/hummer-limousine-beach-club-ushaia-ibiza\/\" \/>\n<meta property=\"og:site_name\" content=\"Nuit de f\u00eate de cerf\" \/>\n<meta property=\"article:modified_time\" content=\"2024-03-11T11:00:24+00:00\" \/>\n<meta property=\"og:image\" content=\"https:\/\/stagpartynight.com\/fr\/wp-content\/uploads\/sites\/3\/2020\/01\/limo.jpeg\" \/>\n\t<meta property=\"og:image:width\" content=\"1600\" \/>\n\t<meta property=\"og:image:height\" content=\"1200\" \/>\n\t<meta property=\"og:image:type\" content=\"image\/jpeg\" \/>\n<meta name=\"twitter:card\" content=\"summary_large_image\" \/>\n<meta name=\"twitter:label1\" content=\"Estimated reading time\" \/>\n\t<meta name=\"twitter:data1\" content=\"2 minutes\" \/>\n<script type=\"application\/ld+json\" class=\"yoast-schema-graph\">{\"@context\":\"https:\/\/schema.org\",\"@graph\":[{\"@type\":\"WebPage\",\"@id\":\"https:\/\/stagpartynight.com\/fr\/product\/hummer-limousine-beach-club-ushaia-ibiza\/\",\"url\":\"https:\/\/stagpartynight.com\/fr\/product\/hummer-limousine-beach-club-ushaia-ibiza\/\",\"name\":\"Hummer Limousine + Beach Club + Ushaia Ibiza\",\"isPartOf\":{\"@id\":\"https:\/\/stagpartynight.com\/fr\/#website\"},\"primaryImageOfPage\":{\"@id\":\"https:\/\/stagpartynight.com\/fr\/product\/hummer-limousine-beach-club-ushaia-ibiza\/#primaryimage\"},\"image\":{\"@id\":\"https:\/\/stagpartynight.com\/fr\/product\/hummer-limousine-beach-club-ushaia-ibiza\/#primaryimage\"},\"thumbnailUrl\":\"https:\/\/stagpartynight.com\/fr\/wp-content\/uploads\/sites\/3\/2020\/01\/limo.jpeg\",\"datePublished\":\"2020-01-08T14:03:28+00:00\",\"dateModified\":\"2024-03-11T11:00:24+00:00\",\"description\":\"Hummer Limousine + Beach Club + Ushaia Ibiza - D\u00e9couvrez les meilleurs packs et activit\u00e9s pour votre enterrement de vie de gar\u00e7on \u00e0 Ibiza in Stagpartynight.\",\"breadcrumb\":{\"@id\":\"https:\/\/stagpartynight.com\/fr\/product\/hummer-limousine-beach-club-ushaia-ibiza\/#breadcrumb\"},\"inLanguage\":\"en-GB\",\"potentialAction\":[{\"@type\":\"ReadAction\",\"target\":[\"https:\/\/stagpartynight.com\/fr\/product\/hummer-limousine-beach-club-ushaia-ibiza\/\"]}]},{\"@type\":\"ImageObject\",\"inLanguage\":\"en-GB\",\"@id\":\"https:\/\/stagpartynight.com\/fr\/product\/hummer-limousine-beach-club-ushaia-ibiza\/#primaryimage\",\"url\":\"https:\/\/stagpartynight.com\/fr\/wp-content\/uploads\/sites\/3\/2020\/01\/limo.jpeg\",\"contentUrl\":\"https:\/\/stagpartynight.com\/fr\/wp-content\/uploads\/sites\/3\/2020\/01\/limo.jpeg\",\"width\":1600,\"height\":1200},{\"@type\":\"BreadcrumbList\",\"@id\":\"https:\/\/stagpartynight.com\/fr\/product\/hummer-limousine-beach-club-ushaia-ibiza\/#breadcrumb\",\"itemListElement\":[{\"@type\":\"ListItem\",\"position\":1,\"name\":\"Home\",\"item\":\"https:\/\/stagpartynight.com\/fr\/\"},{\"@type\":\"ListItem\",\"position\":2,\"name\":\"Tienda\",\"item\":\"https:\/\/stagpartynight.com\/fr\/tienda\/\"},{\"@type\":\"ListItem\",\"position\":3,\"name\":\"Hummer Limousine + Beach Club + Ushaia Ibiza\"}]},{\"@type\":\"WebSite\",\"@id\":\"https:\/\/stagpartynight.com\/fr\/#website\",\"url\":\"https:\/\/stagpartynight.com\/fr\/\",\"name\":\"Stag Party Night\",\"description\":\"Your Stag Party Customized\",\"publisher\":{\"@id\":\"https:\/\/stagpartynight.com\/fr\/#organization\"},\"potentialAction\":[{\"@type\":\"SearchAction\",\"target\":{\"@type\":\"EntryPoint\",\"urlTemplate\":\"https:\/\/stagpartynight.com\/fr\/?s={search_term_string}\"},\"query-input\":{\"@type\":\"PropertyValueSpecification\",\"valueRequired\":true,\"valueName\":\"search_term_string\"}}],\"inLanguage\":\"en-GB\"},{\"@type\":\"Organization\",\"@id\":\"https:\/\/stagpartynight.com\/fr\/#organization\",\"name\":\"Stag Party Night\",\"url\":\"https:\/\/stagpartynight.com\/fr\/\",\"logo\":{\"@type\":\"ImageObject\",\"inLanguage\":\"en-GB\",\"@id\":\"https:\/\/stagpartynight.com\/fr\/#\/schema\/logo\/image\/\",\"url\":\"https:\/\/stagpartynight.com\/fr\/wp-content\/uploads\/sites\/3\/2019\/12\/stagpartynight-e1578565505687.png\",\"contentUrl\":\"https:\/\/stagpartynight.com\/fr\/wp-content\/uploads\/sites\/3\/2019\/12\/stagpartynight-e1578565505687.png\",\"width\":400,\"height\":400,\"caption\":\"Stag Party Night\"},\"image\":{\"@id\":\"https:\/\/stagpartynight.com\/fr\/#\/schema\/logo\/image\/\"}}]}<\/script>\n<!-- \/ Yoast SEO plugin. -->","yoast_head_json":{"title":"Hummer Limousine + Beach Club + Ushaia Ibiza","description":"Hummer Limousine + Beach Club + Ushaia Ibiza - D\u00e9couvrez les meilleurs packs et activit\u00e9s pour votre enterrement de vie de gar\u00e7on \u00e0 Ibiza in Stagpartynight.","robots":{"index":"index","follow":"follow","max-snippet":"max-snippet:-1","max-image-preview":"max-image-preview:large","max-video-preview":"max-video-preview:-1"},"canonical":"https:\/\/stagpartynight.com\/fr\/product\/hummer-limousine-beach-club-ushaia-ibiza\/","og_locale":"en_GB","og_type":"article","og_title":"Hummer Limousine + Beach Club + Ushaia Ibiza","og_description":"Hummer Limousine + Beach Club + Ushaia Ibiza - D\u00e9couvrez les meilleurs packs et activit\u00e9s pour votre enterrement de vie de gar\u00e7on \u00e0 Ibiza in Stagpartynight.","og_url":"https:\/\/stagpartynight.com\/fr\/product\/hummer-limousine-beach-club-ushaia-ibiza\/","og_site_name":"Nuit de f\u00eate de cerf","article_modified_time":"2024-03-11T11:00:24+00:00","og_image":[{"width":1600,"height":1200,"url":"https:\/\/stagpartynight.com\/fr\/wp-content\/uploads\/sites\/3\/2020\/01\/limo.jpeg","type":"image\/jpeg"}],"twitter_card":"summary_large_image","twitter_misc":{"Estimated reading time":"2 minutes"},"schema":{"@context":"https:\/\/schema.org","@graph":[{"@type":"WebPage","@id":"https:\/\/stagpartynight.com\/fr\/product\/hummer-limousine-beach-club-ushaia-ibiza\/","url":"https:\/\/stagpartynight.com\/fr\/product\/hummer-limousine-beach-club-ushaia-ibiza\/","name":"Hummer Limousine + Beach Club + Ushaia Ibiza","isPartOf":{"@id":"https:\/\/stagpartynight.com\/fr\/#website"},"primaryImageOfPage":{"@id":"https:\/\/stagpartynight.com\/fr\/product\/hummer-limousine-beach-club-ushaia-ibiza\/#primaryimage"},"image":{"@id":"https:\/\/stagpartynight.com\/fr\/product\/hummer-limousine-beach-club-ushaia-ibiza\/#primaryimage"},"thumbnailUrl":"https:\/\/stagpartynight.com\/fr\/wp-content\/uploads\/sites\/3\/2020\/01\/limo.jpeg","datePublished":"2020-01-08T14:03:28+00:00","dateModified":"2024-03-11T11:00:24+00:00","description":"Hummer Limousine + Beach Club + Ushaia Ibiza - D\u00e9couvrez les meilleurs packs et activit\u00e9s pour votre enterrement de vie de gar\u00e7on \u00e0 Ibiza in Stagpartynight.","breadcrumb":{"@id":"https:\/\/stagpartynight.com\/fr\/product\/hummer-limousine-beach-club-ushaia-ibiza\/#breadcrumb"},"inLanguage":"en-GB","potentialAction":[{"@type":"ReadAction","target":["https:\/\/stagpartynight.com\/fr\/product\/hummer-limousine-beach-club-ushaia-ibiza\/"]}]},{"@type":"ImageObject","inLanguage":"en-GB","@id":"https:\/\/stagpartynight.com\/fr\/product\/hummer-limousine-beach-club-ushaia-ibiza\/#primaryimage","url":"https:\/\/stagpartynight.com\/fr\/wp-content\/uploads\/sites\/3\/2020\/01\/limo.jpeg","contentUrl":"https:\/\/stagpartynight.com\/fr\/wp-content\/uploads\/sites\/3\/2020\/01\/limo.jpeg","width":1600,"height":1200},{"@type":"BreadcrumbList","@id":"https:\/\/stagpartynight.com\/fr\/product\/hummer-limousine-beach-club-ushaia-ibiza\/#breadcrumb","itemListElement":[{"@type":"ListItem","position":1,"name":"Home","item":"https:\/\/stagpartynight.com\/fr\/"},{"@type":"ListItem","position":2,"name":"Tienda","item":"https:\/\/stagpartynight.com\/fr\/tienda\/"},{"@type":"ListItem","position":3,"name":"Hummer Limousine + Beach Club + Ushaia Ibiza"}]},{"@type":"WebSite","@id":"https:\/\/stagpartynight.com\/fr\/#website","url":"https:\/\/stagpartynight.com\/fr\/","name":"Stag Party Night","description":"Your Stag Party Customized","publisher":{"@id":"https:\/\/stagpartynight.com\/fr\/#organization"},"potentialAction":[{"@type":"SearchAction","target":{"@type":"EntryPoint","urlTemplate":"https:\/\/stagpartynight.com\/fr\/?s={search_term_string}"},"query-input":{"@type":"PropertyValueSpecification","valueRequired":true,"valueName":"search_term_string"}}],"inLanguage":"en-GB"},{"@type":"Organization","@id":"https:\/\/stagpartynight.com\/fr\/#organization","name":"Stag Party Night","url":"https:\/\/stagpartynight.com\/fr\/","logo":{"@type":"ImageObject","inLanguage":"en-GB","@id":"https:\/\/stagpartynight.com\/fr\/#\/schema\/logo\/image\/","url":"https:\/\/stagpartynight.com\/fr\/wp-content\/uploads\/sites\/3\/2019\/12\/stagpartynight-e1578565505687.png","contentUrl":"https:\/\/stagpartynight.com\/fr\/wp-content\/uploads\/sites\/3\/2019\/12\/stagpartynight-e1578565505687.png","width":400,"height":400,"caption":"Stag Party Night"},"image":{"@id":"https:\/\/stagpartynight.com\/fr\/#\/schema\/logo\/image\/"}}]}},"_links":{"self":[{"href":"https:\/\/stagpartynight.com\/fr\/wp-json\/wp\/v2\/product\/286","targetHints":{"allow":["GET"]}}],"collection":[{"href":"https:\/\/stagpartynight.com\/fr\/wp-json\/wp\/v2\/product"}],"about":[{"href":"https:\/\/stagpartynight.com\/fr\/wp-json\/wp\/v2\/types\/product"}],"replies":[{"embeddable":true,"href":"https:\/\/stagpartynight.com\/fr\/wp-json\/wp\/v2\/comments?post=286"}],"wp:featuredmedia":[{"embeddable":true,"href":"https:\/\/stagpartynight.com\/fr\/wp-json\/wp\/v2\/media\/1808"}],"wp:attachment":[{"href":"https:\/\/stagpartynight.com\/fr\/wp-json\/wp\/v2\/media?parent=286"}],"wp:term":[{"taxonomy":"product_brand","embeddable":true,"href":"https:\/\/stagpartynight.com\/fr\/wp-json\/wp\/v2\/product_brand?post=286"},{"taxonomy":"product_cat","embeddable":true,"href":"https:\/\/stagpartynight.com\/fr\/wp-json\/wp\/v2\/product_cat?post=286"},{"taxonomy":"product_tag","embeddable":true,"href":"https:\/\/stagpartynight.com\/fr\/wp-json\/wp\/v2\/product_tag?post=286"}],"curies":[{"name":"wp","href":"https:\/\/api.w.org\/{rel}","templated":true}]}}