{"id":287,"date":"2020-01-08T15:04:47","date_gmt":"2020-01-08T14:04:47","guid":{"rendered":"https:\/\/stagpartynight.com\/fr\/?post_type=product&#038;p=287"},"modified":"2024-03-11T11:36:47","modified_gmt":"2024-03-11T10:36:47","slug":"banana-beach-club-ushaia-ibiza","status":"publish","type":"product","link":"https:\/\/stagpartynight.com\/fr\/product\/banana-beach-club-ushaia-ibiza\/","title":{"rendered":"Banane + Beach Club + Ushaia Ibiza"},"content":{"rendered":"<p>Activit\u00e9 aquatique avec des bananes le matin. D\u00e9jeuner sur la plage du Beach Club avec des lits balinais dans la piscine ou sur la plage priv\u00e9e du Beach Club. Boissons dans la zone r\u00e9serv\u00e9e. Carte 2 x1 boissons dans la discoth\u00e8que Platja d&#8217; en Bossa. La f\u00eate Ants \u00e0 Ushuaia sans heure d&#8217;arriv\u00e9e. Les meilleures soir\u00e9es \u00e0 <a href=\"https:\/\/en.wikipedia.org\/wiki\/Ibiza\">Ibiza<\/a> avec <a href=\"https:\/\/stagpartynight.com\/\">Stag Party Night<\/a>.<\/p>\n<p>Chaque journ\u00e9e \u00e0 Ibiza est une promesse de plaisirs sans fin, o\u00f9 le soleil brille et o\u00f9 les possibilit\u00e9s semblent infinies. Le Beach Club propose \u00e9galement un programme. Captivant pour ceux qui veulent passer une journ\u00e9e inoubliable sous le soleil \u00e9clatant de cette \u00eele paradisiaque.<\/p>\n<p>Commencez votre journ\u00e9e avec une exp\u00e9rience aquatique in\u00e9dite qui vous fera rire et frissonner. Pendant que le soleil du matin caresse votre peau et que les \u00e9clats de rire r\u00e9sonnent autour de vous. Glissez sur les eaux cristallines de la M\u00e9diterran\u00e9e. une fa\u00e7on agr\u00e9able de commencer une journ\u00e9e avec de la beaut\u00e9.<\/p>\n<p>Rendez-vous au Beach Club pour un d\u00e9jeuner somptueux sur la plage apr\u00e8s cette dose d&#8217;adr\u00e9naline. Que ce soit au bord de la piscine ou sur la plage priv\u00e9e. Installez-vous confortablement sur un lit balinais et laissez-vous choyer par le service attentif et impeccable. Savourez les d\u00e9licieux plats, les boissons rafra\u00eechissantes et l&#8217;atmosph\u00e8re enivrante de cette atmosph\u00e8re idyllique.<\/p>\n<div class=\"flex-1 overflow-hidden\">\n<div class=\"react-scroll-to-bottom--css-etktj-79elbk h-full\">\n<div class=\"react-scroll-to-bottom--css-etktj-1n7m0yu\">\n<div class=\"flex flex-col text-sm pb-9\">\n<div class=\"w-full text-token-text-primary\" data-testid=\"conversation-turn-21\">\n<div class=\"px-4 py-2 justify-center text-base md:gap-6 m-auto\">\n<div class=\"flex flex-1 text-base mx-auto gap-3 md:px-5 lg:px-1 xl:px-5 md:max-w-3xl lg:max-w-[40rem] xl:max-w-[48rem] group final-completion\">\n<div class=\"relative flex w-full flex-col agent-turn\">\n<div class=\"flex-col gap-1 md:gap-3\">\n<div class=\"flex flex-grow flex-col max-w-full\">\n<div class=\"min-h-[20px] text-message flex flex-col items-start gap-3 whitespace-pre-wrap break-words [.text-message+&amp;]:mt-5 overflow-x-auto\" data-message-author-role=\"assistant\" data-message-id=\"f236282a-cac4-448a-96f1-5c5b9ec14b49\">\n<div class=\"markdown prose w-full break-words dark:prose-invert light\">\n<h4>Une Journ\u00e9e de Plaisirs Sans Fin \u00e0 Ibiza<\/h4>\n<\/div>\n<\/div>\n<\/div>\n<\/div>\n<\/div>\n<\/div>\n<\/div>\n<\/div>\n<\/div>\n<\/div>\n<\/div>\n<\/div>\n<p>Pour prolonger le plaisir, vous pouvez vous diriger vers la zone r\u00e9serv\u00e9e du Beach Club. O\u00f9 des boissons abondantes vous attendent. Profitez de l&#8217;offre sp\u00e9ciale 2 pour 1 et laissez-vous tenter par une s\u00e9lection raffin\u00e9e de cocktails et de rafra\u00eechissements tout en vous impr\u00e9gnant de la douce brise marine et de la vue imprenable sur l&#8217;horizon.<\/p>\n<p>Apr\u00e8s la tomb\u00e9e de la nuit, laissez-vous emporter par l&#8217;enthousiasme de la c\u00e9l\u00e8bre f\u00eate des Ants \u00e0 Ushuaia. Plongez dans une atmosph\u00e8re \u00e9lectrique sans heure d&#8217;arriv\u00e9e, o\u00f9 la musique envo\u00fbtante et les festivit\u00e9s sans fin vous transportent dans un monde de joie et de d\u00e9lices. Sous les \u00e9toiles, dansez avec de nouveaux amis et des souvenirs qui dureront toute une vie.<\/p>\n<p>Pour r\u00e9sumer, une journ\u00e9e au Beach Club d&#8217;Ibiza offre une exp\u00e9rience sensorielle et divertissante in\u00e9gal\u00e9e. Sur cette \u00eele enchanteresse, chaque moment est une c\u00e9l\u00e9bration de la vie et du plaisir, avec des activit\u00e9s aquatiques, un d\u00e9jeuner luxueux, des boissons \u00e0 volont\u00e9 et une f\u00eate l\u00e9gendaire pour cl\u00f4turer en beaut\u00e9.<\/p>\n","protected":false},"excerpt":{"rendered":"<p>Activit\u00e9 aquatique avec des bananes le matin. D\u00e9jeuner sur la plage du Beach Club avec des lits balinais dans la piscine ou sur la plage priv\u00e9e du Beach Club. Boissons dans la zone r\u00e9serv\u00e9e. Carte 2 x1 boissons dans la discoth\u00e8que Platja d&#8217; en Bossa. La f\u00eate Ants \u00e0 Ushuaia sans heure d&#8217;arriv\u00e9e.<\/p>\n","protected":false},"featured_media":1806,"comment_status":"open","ping_status":"closed","template":"","meta":{"_et_pb_use_builder":"","_et_pb_old_content":"","_et_gb_content_width":""},"product_brand":[],"product_cat":[113],"product_tag":[147,307],"class_list":{"0":"post-287","1":"product","2":"type-product","3":"status-publish","4":"has-post-thumbnail","6":"product_cat-ibiza","7":"product_tag-banana-beach-club-ushaia-ibiza","8":"product_tag-banane-beach-club-ushaia-ibiza","10":"first","11":"instock","12":"virtual","13":"product-type-simple"},"yoast_head":"<!-- This site is optimized with the Yoast SEO Premium plugin v27.5 (Yoast SEO v27.5) - https:\/\/yoast.com\/product\/yoast-seo-premium-wordpress\/ -->\n<title>Banane + Beach Club + Ushaia Ibiza<\/title>\n<meta name=\"description\" content=\"Banane + Beach Club + Ushaia Ibiza - D\u00e9couvrez les meilleurs packs et activit\u00e9s pour votre enterrement de vie de gar\u00e7on \u00e0 Ibiza in Stagpartynight.\" \/>\n<meta name=\"robots\" content=\"index, follow, max-snippet:-1, max-image-preview:large, max-video-preview:-1\" \/>\n<link rel=\"canonical\" href=\"https:\/\/stagpartynight.com\/fr\/product\/banana-beach-club-ushaia-ibiza\/\" \/>\n<meta property=\"og:locale\" content=\"en_GB\" \/>\n<meta property=\"og:type\" content=\"article\" \/>\n<meta property=\"og:title\" content=\"Banane + Beach Club + Ushaia Ibiza\" \/>\n<meta property=\"og:description\" content=\"Banane + Beach Club + Ushaia Ibiza - D\u00e9couvrez les meilleurs packs et activit\u00e9s pour votre enterrement de vie de gar\u00e7on \u00e0 Ibiza in Stagpartynight.\" \/>\n<meta property=\"og:url\" content=\"https:\/\/stagpartynight.com\/fr\/product\/banana-beach-club-ushaia-ibiza\/\" \/>\n<meta property=\"og:site_name\" content=\"Nuit de f\u00eate de cerf\" \/>\n<meta property=\"article:modified_time\" content=\"2024-03-11T10:36:47+00:00\" \/>\n<meta property=\"og:image\" content=\"https:\/\/stagpartynight.com\/fr\/wp-content\/uploads\/sites\/3\/2020\/01\/ushuaia-ibiza-beach-hotel-2020-05-1.jpg\" \/>\n\t<meta property=\"og:image:width\" content=\"720\" \/>\n\t<meta property=\"og:image:height\" content=\"481\" \/>\n\t<meta property=\"og:image:type\" content=\"image\/jpeg\" \/>\n<meta name=\"twitter:card\" content=\"summary_large_image\" \/>\n<meta name=\"twitter:label1\" content=\"Estimated reading time\" \/>\n\t<meta name=\"twitter:data1\" content=\"2 minutes\" \/>\n<script type=\"application\/ld+json\" class=\"yoast-schema-graph\">{\"@context\":\"https:\\\/\\\/schema.org\",\"@graph\":[{\"@type\":\"WebPage\",\"@id\":\"https:\\\/\\\/stagpartynight.com\\\/fr\\\/product\\\/banana-beach-club-ushaia-ibiza\\\/\",\"url\":\"https:\\\/\\\/stagpartynight.com\\\/fr\\\/product\\\/banana-beach-club-ushaia-ibiza\\\/\",\"name\":\"Banane + Beach Club + Ushaia Ibiza\",\"isPartOf\":{\"@id\":\"https:\\\/\\\/stagpartynight.com\\\/fr\\\/#website\"},\"primaryImageOfPage\":{\"@id\":\"https:\\\/\\\/stagpartynight.com\\\/fr\\\/product\\\/banana-beach-club-ushaia-ibiza\\\/#primaryimage\"},\"image\":{\"@id\":\"https:\\\/\\\/stagpartynight.com\\\/fr\\\/product\\\/banana-beach-club-ushaia-ibiza\\\/#primaryimage\"},\"thumbnailUrl\":\"https:\\\/\\\/stagpartynight.com\\\/fr\\\/wp-content\\\/uploads\\\/sites\\\/3\\\/2020\\\/01\\\/ushuaia-ibiza-beach-hotel-2020-05-1.jpg\",\"datePublished\":\"2020-01-08T14:04:47+00:00\",\"dateModified\":\"2024-03-11T10:36:47+00:00\",\"description\":\"Banane + Beach Club + Ushaia Ibiza - D\u00e9couvrez les meilleurs packs et activit\u00e9s pour votre enterrement de vie de gar\u00e7on \u00e0 Ibiza in Stagpartynight.\",\"breadcrumb\":{\"@id\":\"https:\\\/\\\/stagpartynight.com\\\/fr\\\/product\\\/banana-beach-club-ushaia-ibiza\\\/#breadcrumb\"},\"inLanguage\":\"en-GB\",\"potentialAction\":[{\"@type\":\"ReadAction\",\"target\":[\"https:\\\/\\\/stagpartynight.com\\\/fr\\\/product\\\/banana-beach-club-ushaia-ibiza\\\/\"]}]},{\"@type\":\"ImageObject\",\"inLanguage\":\"en-GB\",\"@id\":\"https:\\\/\\\/stagpartynight.com\\\/fr\\\/product\\\/banana-beach-club-ushaia-ibiza\\\/#primaryimage\",\"url\":\"https:\\\/\\\/stagpartynight.com\\\/fr\\\/wp-content\\\/uploads\\\/sites\\\/3\\\/2020\\\/01\\\/ushuaia-ibiza-beach-hotel-2020-05-1.jpg\",\"contentUrl\":\"https:\\\/\\\/stagpartynight.com\\\/fr\\\/wp-content\\\/uploads\\\/sites\\\/3\\\/2020\\\/01\\\/ushuaia-ibiza-beach-hotel-2020-05-1.jpg\",\"width\":720,\"height\":481},{\"@type\":\"BreadcrumbList\",\"@id\":\"https:\\\/\\\/stagpartynight.com\\\/fr\\\/product\\\/banana-beach-club-ushaia-ibiza\\\/#breadcrumb\",\"itemListElement\":[{\"@type\":\"ListItem\",\"position\":1,\"name\":\"Home\",\"item\":\"https:\\\/\\\/stagpartynight.com\\\/fr\\\/\"},{\"@type\":\"ListItem\",\"position\":2,\"name\":\"Tienda\",\"item\":\"https:\\\/\\\/stagpartynight.com\\\/fr\\\/tienda\\\/\"},{\"@type\":\"ListItem\",\"position\":3,\"name\":\"Banane + Beach Club + Ushaia Ibiza\"}]},{\"@type\":\"WebSite\",\"@id\":\"https:\\\/\\\/stagpartynight.com\\\/fr\\\/#website\",\"url\":\"https:\\\/\\\/stagpartynight.com\\\/fr\\\/\",\"name\":\"Stag Party Night\",\"description\":\"Your Stag Party Customized\",\"publisher\":{\"@id\":\"https:\\\/\\\/stagpartynight.com\\\/fr\\\/#organization\"},\"potentialAction\":[{\"@type\":\"SearchAction\",\"target\":{\"@type\":\"EntryPoint\",\"urlTemplate\":\"https:\\\/\\\/stagpartynight.com\\\/fr\\\/?s={search_term_string}\"},\"query-input\":{\"@type\":\"PropertyValueSpecification\",\"valueRequired\":true,\"valueName\":\"search_term_string\"}}],\"inLanguage\":\"en-GB\"},{\"@type\":\"Organization\",\"@id\":\"https:\\\/\\\/stagpartynight.com\\\/fr\\\/#organization\",\"name\":\"Stag Party Night\",\"url\":\"https:\\\/\\\/stagpartynight.com\\\/fr\\\/\",\"logo\":{\"@type\":\"ImageObject\",\"inLanguage\":\"en-GB\",\"@id\":\"https:\\\/\\\/stagpartynight.com\\\/fr\\\/#\\\/schema\\\/logo\\\/image\\\/\",\"url\":\"https:\\\/\\\/stagpartynight.com\\\/fr\\\/wp-content\\\/uploads\\\/sites\\\/3\\\/2019\\\/12\\\/stagpartynight-e1578565505687.png\",\"contentUrl\":\"https:\\\/\\\/stagpartynight.com\\\/fr\\\/wp-content\\\/uploads\\\/sites\\\/3\\\/2019\\\/12\\\/stagpartynight-e1578565505687.png\",\"width\":400,\"height\":400,\"caption\":\"Stag Party Night\"},\"image\":{\"@id\":\"https:\\\/\\\/stagpartynight.com\\\/fr\\\/#\\\/schema\\\/logo\\\/image\\\/\"}}]}<\/script>\n<!-- \/ Yoast SEO Premium plugin. -->","yoast_head_json":{"title":"Banane + Beach Club + Ushaia Ibiza","description":"Banane + Beach Club + Ushaia Ibiza - D\u00e9couvrez les meilleurs packs et activit\u00e9s pour votre enterrement de vie de gar\u00e7on \u00e0 Ibiza in Stagpartynight.","robots":{"index":"index","follow":"follow","max-snippet":"max-snippet:-1","max-image-preview":"max-image-preview:large","max-video-preview":"max-video-preview:-1"},"canonical":"https:\/\/stagpartynight.com\/fr\/product\/banana-beach-club-ushaia-ibiza\/","og_locale":"en_GB","og_type":"article","og_title":"Banane + Beach Club + Ushaia Ibiza","og_description":"Banane + Beach Club + Ushaia Ibiza - D\u00e9couvrez les meilleurs packs et activit\u00e9s pour votre enterrement de vie de gar\u00e7on \u00e0 Ibiza in Stagpartynight.","og_url":"https:\/\/stagpartynight.com\/fr\/product\/banana-beach-club-ushaia-ibiza\/","og_site_name":"Nuit de f\u00eate de cerf","article_modified_time":"2024-03-11T10:36:47+00:00","og_image":[{"width":720,"height":481,"url":"https:\/\/stagpartynight.com\/fr\/wp-content\/uploads\/sites\/3\/2020\/01\/ushuaia-ibiza-beach-hotel-2020-05-1.jpg","type":"image\/jpeg"}],"twitter_card":"summary_large_image","twitter_misc":{"Estimated reading time":"2 minutes"},"schema":{"@context":"https:\/\/schema.org","@graph":[{"@type":"WebPage","@id":"https:\/\/stagpartynight.com\/fr\/product\/banana-beach-club-ushaia-ibiza\/","url":"https:\/\/stagpartynight.com\/fr\/product\/banana-beach-club-ushaia-ibiza\/","name":"Banane + Beach Club + Ushaia Ibiza","isPartOf":{"@id":"https:\/\/stagpartynight.com\/fr\/#website"},"primaryImageOfPage":{"@id":"https:\/\/stagpartynight.com\/fr\/product\/banana-beach-club-ushaia-ibiza\/#primaryimage"},"image":{"@id":"https:\/\/stagpartynight.com\/fr\/product\/banana-beach-club-ushaia-ibiza\/#primaryimage"},"thumbnailUrl":"https:\/\/stagpartynight.com\/fr\/wp-content\/uploads\/sites\/3\/2020\/01\/ushuaia-ibiza-beach-hotel-2020-05-1.jpg","datePublished":"2020-01-08T14:04:47+00:00","dateModified":"2024-03-11T10:36:47+00:00","description":"Banane + Beach Club + Ushaia Ibiza - D\u00e9couvrez les meilleurs packs et activit\u00e9s pour votre enterrement de vie de gar\u00e7on \u00e0 Ibiza in Stagpartynight.","breadcrumb":{"@id":"https:\/\/stagpartynight.com\/fr\/product\/banana-beach-club-ushaia-ibiza\/#breadcrumb"},"inLanguage":"en-GB","potentialAction":[{"@type":"ReadAction","target":["https:\/\/stagpartynight.com\/fr\/product\/banana-beach-club-ushaia-ibiza\/"]}]},{"@type":"ImageObject","inLanguage":"en-GB","@id":"https:\/\/stagpartynight.com\/fr\/product\/banana-beach-club-ushaia-ibiza\/#primaryimage","url":"https:\/\/stagpartynight.com\/fr\/wp-content\/uploads\/sites\/3\/2020\/01\/ushuaia-ibiza-beach-hotel-2020-05-1.jpg","contentUrl":"https:\/\/stagpartynight.com\/fr\/wp-content\/uploads\/sites\/3\/2020\/01\/ushuaia-ibiza-beach-hotel-2020-05-1.jpg","width":720,"height":481},{"@type":"BreadcrumbList","@id":"https:\/\/stagpartynight.com\/fr\/product\/banana-beach-club-ushaia-ibiza\/#breadcrumb","itemListElement":[{"@type":"ListItem","position":1,"name":"Home","item":"https:\/\/stagpartynight.com\/fr\/"},{"@type":"ListItem","position":2,"name":"Tienda","item":"https:\/\/stagpartynight.com\/fr\/tienda\/"},{"@type":"ListItem","position":3,"name":"Banane + Beach Club + Ushaia Ibiza"}]},{"@type":"WebSite","@id":"https:\/\/stagpartynight.com\/fr\/#website","url":"https:\/\/stagpartynight.com\/fr\/","name":"Stag Party Night","description":"Your Stag Party Customized","publisher":{"@id":"https:\/\/stagpartynight.com\/fr\/#organization"},"potentialAction":[{"@type":"SearchAction","target":{"@type":"EntryPoint","urlTemplate":"https:\/\/stagpartynight.com\/fr\/?s={search_term_string}"},"query-input":{"@type":"PropertyValueSpecification","valueRequired":true,"valueName":"search_term_string"}}],"inLanguage":"en-GB"},{"@type":"Organization","@id":"https:\/\/stagpartynight.com\/fr\/#organization","name":"Stag Party Night","url":"https:\/\/stagpartynight.com\/fr\/","logo":{"@type":"ImageObject","inLanguage":"en-GB","@id":"https:\/\/stagpartynight.com\/fr\/#\/schema\/logo\/image\/","url":"https:\/\/stagpartynight.com\/fr\/wp-content\/uploads\/sites\/3\/2019\/12\/stagpartynight-e1578565505687.png","contentUrl":"https:\/\/stagpartynight.com\/fr\/wp-content\/uploads\/sites\/3\/2019\/12\/stagpartynight-e1578565505687.png","width":400,"height":400,"caption":"Stag Party Night"},"image":{"@id":"https:\/\/stagpartynight.com\/fr\/#\/schema\/logo\/image\/"}}]}},"_links":{"self":[{"href":"https:\/\/stagpartynight.com\/fr\/wp-json\/wp\/v2\/product\/287","targetHints":{"allow":["GET"]}}],"collection":[{"href":"https:\/\/stagpartynight.com\/fr\/wp-json\/wp\/v2\/product"}],"about":[{"href":"https:\/\/stagpartynight.com\/fr\/wp-json\/wp\/v2\/types\/product"}],"replies":[{"embeddable":true,"href":"https:\/\/stagpartynight.com\/fr\/wp-json\/wp\/v2\/comments?post=287"}],"wp:featuredmedia":[{"embeddable":true,"href":"https:\/\/stagpartynight.com\/fr\/wp-json\/wp\/v2\/media\/1806"}],"wp:attachment":[{"href":"https:\/\/stagpartynight.com\/fr\/wp-json\/wp\/v2\/media?parent=287"}],"wp:term":[{"taxonomy":"product_brand","embeddable":true,"href":"https:\/\/stagpartynight.com\/fr\/wp-json\/wp\/v2\/product_brand?post=287"},{"taxonomy":"product_cat","embeddable":true,"href":"https:\/\/stagpartynight.com\/fr\/wp-json\/wp\/v2\/product_cat?post=287"},{"taxonomy":"product_tag","embeddable":true,"href":"https:\/\/stagpartynight.com\/fr\/wp-json\/wp\/v2\/product_tag?post=287"}],"curies":[{"name":"wp","href":"https:\/\/api.w.org\/{rel}","templated":true}]}}