{"id":2883,"date":"2024-01-12T13:12:44","date_gmt":"2024-01-12T12:12:44","guid":{"rendered":"https:\/\/stagpartynight.com\/fr\/?post_type=product&#038;p=2883"},"modified":"2024-01-23T10:38:23","modified_gmt":"2024-01-23T09:38:23","slug":"serveur-sexy-a-benidorm","status":"publish","type":"product","link":"https:\/\/stagpartynight.com\/fr\/product\/serveur-sexy-a-benidorm\/","title":{"rendered":"Serveur sexy \u00e0 Benidorm"},"content":{"rendered":"<p>Serveur sexy \u00e0 Benidorm. Serveuse sexy en top less o\u00f9 elle servira des boissons, prendra des photos et sera \u00e9pic\u00e9e, attentive et amicale. 1 heure de service.<\/p>\n<p>Les meilleurs enterrements de vie de gar\u00e7on avec <a href=\"https:\/\/stagpartynight.com\/\">StagParty<\/a><\/p>\n<h2 style=\"text-align: center;\">\ud83c\udf1f Exp\u00e9rience inoubliable \u00e0 Benidorm: Une serveuse sexy pour votre enterrement de vie de gar\u00e7on ! \ud83c\udf1f<\/h2>\n<p>Vous avez d\u00e9cid\u00e9 de c\u00e9l\u00e9brer votre enterrement de vie de gar\u00e7on \u00e0 Benidorm, le paradis de Alicante? Rendez l&#8217;exp\u00e9rience encore plus m\u00e9morable avec notre offre exclusive : une serveuse sensuelle pr\u00eate \u00e0 rendre votre f\u00eate inoubliable !<\/p>\n<p>\ud83d\udd25 Notre serveuse sexy \ud83d\udd25 Imaginez une beaut\u00e9 m\u00e9diterran\u00e9enne, pleine de ressources et pr\u00eate \u00e0 surprendre. Notre serveuse est le compl\u00e9ment parfait \u00e0 une f\u00eate insouciante et amusante. Habill\u00e9e de mani\u00e8re provocante et pr\u00eate \u00e0 vous ravir par son professionnalisme et son charme, elle sera l&#8217;\u00e9l\u00e9ment qui fera de votre enterrement de vie de gar\u00e7on une exp\u00e9rience unique.<\/p>\n<p>\ud83c\udf34 Benidorm, l&#8217;endroit parfait \ud83c\udf34 Situ\u00e9e au c\u0153ur de la M\u00e9diterran\u00e9e, Benidorm offre un cadre \u00e9poustouflant pour votre f\u00eate. Les plages de sable blanc, les eaux cristallines et la vie nocturne anim\u00e9e cr\u00e9ent l&#8217;environnement id\u00e9al pour c\u00e9l\u00e9brer ce moment sp\u00e9cial.<\/p>\n<p>\ud83d\udcbc Comment \u00e7a marche \ud83d\udcbc Notre service est simple et personnalis\u00e9 pour votre enterrement de vie de gar\u00e7on. Il suffit de nous contacter, de nous fournir les d\u00e9tails de votre f\u00eate et de nous laisser faire le reste. Notre serveuse sexy \u00e0 Benidorm divertira le groupe, en veillant \u00e0 ce que chaque moment soit amusant et plein de surprises.<\/p>\n<p>R\u00e9servez maintenant ! \ud83d\udcde Ne manquez pas l&#8217;occasion de faire de votre enterrement de vie de gar\u00e7on un \u00e9v\u00e9nement unique. Contactez-nous d\u00e8s aujourd&#8217;hui pour r\u00e9server votre serveuse sexy. Nous sommes l\u00e0 pour transformer votre f\u00eate en un souvenir inoubliable !<\/p>\n<p>Serveuse sexy et explosive \u00e0 Benidorm qui vous servira des boissons en sous-v\u00eatements et finira le service en top moins. Services horaires.<\/p>\n<p style=\"text-align: center;\">\ud83c\udf89 Party, Fun, and Sensuality in <a href=\"https:\/\/es.wikipedia.org\/wiki\/Benidorm\">Benidorm<\/a>&#8211; Only with Us : Stag Party Night ! \ud83c\udf89<\/p>\n","protected":false},"excerpt":{"rendered":"<p>Une serveuse top less pour vous servir des boissons dans votre appartement pendant une heure. Utile, amicale et amusante. Possibilit\u00e9 de faire dans un restaurant avec salle priv\u00e9e.<\/p>\n","protected":false},"featured_media":2884,"comment_status":"open","ping_status":"closed","template":"","meta":{"_et_pb_use_builder":"","_et_pb_old_content":"","_et_gb_content_width":""},"product_brand":[],"product_cat":[600],"product_tag":[],"class_list":{"0":"post-2883","1":"product","2":"type-product","3":"status-publish","4":"has-post-thumbnail","6":"product_cat-benidorm","8":"first","9":"instock","10":"virtual","11":"product-type-simple"},"yoast_head":"<!-- This site is optimized with the Yoast SEO plugin v26.4 - https:\/\/yoast.com\/wordpress\/plugins\/seo\/ -->\n<title>Serveur sexy \u00e0 Benidorm<\/title>\n<meta name=\"description\" content=\"Serveur sexy \u00e0 Benidorm Serveuse sexy en top less o\u00f9 elle servira des boissons, prendra des photos et sera \u00e9pic\u00e9e, attentive et amicale.\" \/>\n<meta name=\"robots\" content=\"index, follow, max-snippet:-1, max-image-preview:large, max-video-preview:-1\" \/>\n<link rel=\"canonical\" href=\"https:\/\/stagpartynight.com\/fr\/product\/serveur-sexy-a-benidorm\/\" \/>\n<meta property=\"og:locale\" content=\"en_GB\" \/>\n<meta property=\"og:type\" content=\"article\" \/>\n<meta property=\"og:title\" content=\"Serveur sexy \u00e0 Benidorm\" \/>\n<meta property=\"og:description\" content=\"Serveur sexy \u00e0 Benidorm Serveuse sexy en top less o\u00f9 elle servira des boissons, prendra des photos et sera \u00e9pic\u00e9e, attentive et amicale.\" \/>\n<meta property=\"og:url\" content=\"https:\/\/stagpartynight.com\/fr\/product\/serveur-sexy-a-benidorm\/\" \/>\n<meta property=\"og:site_name\" content=\"Nuit de f\u00eate de cerf\" \/>\n<meta property=\"article:modified_time\" content=\"2024-01-23T09:38:23+00:00\" \/>\n<meta property=\"og:image\" content=\"https:\/\/stagpartynight.com\/fr\/wp-content\/uploads\/sites\/3\/2024\/01\/Serveur-sexy-a-Benidorm.png\" \/>\n\t<meta property=\"og:image:width\" content=\"668\" \/>\n\t<meta property=\"og:image:height\" content=\"560\" \/>\n\t<meta property=\"og:image:type\" content=\"image\/png\" \/>\n<meta name=\"twitter:card\" content=\"summary_large_image\" \/>\n<meta name=\"twitter:label1\" content=\"Estimated reading time\" \/>\n\t<meta name=\"twitter:data1\" content=\"2 minutes\" \/>\n<script type=\"application\/ld+json\" class=\"yoast-schema-graph\">{\"@context\":\"https:\/\/schema.org\",\"@graph\":[{\"@type\":\"WebPage\",\"@id\":\"https:\/\/stagpartynight.com\/fr\/product\/serveur-sexy-a-benidorm\/\",\"url\":\"https:\/\/stagpartynight.com\/fr\/product\/serveur-sexy-a-benidorm\/\",\"name\":\"Serveur sexy \u00e0 Benidorm\",\"isPartOf\":{\"@id\":\"https:\/\/stagpartynight.com\/fr\/#website\"},\"primaryImageOfPage\":{\"@id\":\"https:\/\/stagpartynight.com\/fr\/product\/serveur-sexy-a-benidorm\/#primaryimage\"},\"image\":{\"@id\":\"https:\/\/stagpartynight.com\/fr\/product\/serveur-sexy-a-benidorm\/#primaryimage\"},\"thumbnailUrl\":\"https:\/\/stagpartynight.com\/fr\/wp-content\/uploads\/sites\/3\/2024\/01\/Serveur-sexy-a-Benidorm.png\",\"datePublished\":\"2024-01-12T12:12:44+00:00\",\"dateModified\":\"2024-01-23T09:38:23+00:00\",\"description\":\"Serveur sexy \u00e0 Benidorm Serveuse sexy en top less o\u00f9 elle servira des boissons, prendra des photos et sera \u00e9pic\u00e9e, attentive et amicale.\",\"breadcrumb\":{\"@id\":\"https:\/\/stagpartynight.com\/fr\/product\/serveur-sexy-a-benidorm\/#breadcrumb\"},\"inLanguage\":\"en-GB\",\"potentialAction\":[{\"@type\":\"ReadAction\",\"target\":[\"https:\/\/stagpartynight.com\/fr\/product\/serveur-sexy-a-benidorm\/\"]}]},{\"@type\":\"ImageObject\",\"inLanguage\":\"en-GB\",\"@id\":\"https:\/\/stagpartynight.com\/fr\/product\/serveur-sexy-a-benidorm\/#primaryimage\",\"url\":\"https:\/\/stagpartynight.com\/fr\/wp-content\/uploads\/sites\/3\/2024\/01\/Serveur-sexy-a-Benidorm.png\",\"contentUrl\":\"https:\/\/stagpartynight.com\/fr\/wp-content\/uploads\/sites\/3\/2024\/01\/Serveur-sexy-a-Benidorm.png\",\"width\":668,\"height\":560,\"caption\":\"Serveur sexy \u00e0 Benidorm\"},{\"@type\":\"BreadcrumbList\",\"@id\":\"https:\/\/stagpartynight.com\/fr\/product\/serveur-sexy-a-benidorm\/#breadcrumb\",\"itemListElement\":[{\"@type\":\"ListItem\",\"position\":1,\"name\":\"Home\",\"item\":\"https:\/\/stagpartynight.com\/fr\/\"},{\"@type\":\"ListItem\",\"position\":2,\"name\":\"Tienda\",\"item\":\"https:\/\/stagpartynight.com\/fr\/tienda\/\"},{\"@type\":\"ListItem\",\"position\":3,\"name\":\"Serveur sexy \u00e0 Benidorm\"}]},{\"@type\":\"WebSite\",\"@id\":\"https:\/\/stagpartynight.com\/fr\/#website\",\"url\":\"https:\/\/stagpartynight.com\/fr\/\",\"name\":\"Stag Party Night\",\"description\":\"Your Stag Party Customized\",\"publisher\":{\"@id\":\"https:\/\/stagpartynight.com\/fr\/#organization\"},\"potentialAction\":[{\"@type\":\"SearchAction\",\"target\":{\"@type\":\"EntryPoint\",\"urlTemplate\":\"https:\/\/stagpartynight.com\/fr\/?s={search_term_string}\"},\"query-input\":{\"@type\":\"PropertyValueSpecification\",\"valueRequired\":true,\"valueName\":\"search_term_string\"}}],\"inLanguage\":\"en-GB\"},{\"@type\":\"Organization\",\"@id\":\"https:\/\/stagpartynight.com\/fr\/#organization\",\"name\":\"Stag Party Night\",\"url\":\"https:\/\/stagpartynight.com\/fr\/\",\"logo\":{\"@type\":\"ImageObject\",\"inLanguage\":\"en-GB\",\"@id\":\"https:\/\/stagpartynight.com\/fr\/#\/schema\/logo\/image\/\",\"url\":\"https:\/\/stagpartynight.com\/fr\/wp-content\/uploads\/sites\/3\/2019\/12\/stagpartynight-e1578565505687.png\",\"contentUrl\":\"https:\/\/stagpartynight.com\/fr\/wp-content\/uploads\/sites\/3\/2019\/12\/stagpartynight-e1578565505687.png\",\"width\":400,\"height\":400,\"caption\":\"Stag Party Night\"},\"image\":{\"@id\":\"https:\/\/stagpartynight.com\/fr\/#\/schema\/logo\/image\/\"}}]}<\/script>\n<!-- \/ Yoast SEO plugin. -->","yoast_head_json":{"title":"Serveur sexy \u00e0 Benidorm","description":"Serveur sexy \u00e0 Benidorm Serveuse sexy en top less o\u00f9 elle servira des boissons, prendra des photos et sera \u00e9pic\u00e9e, attentive et amicale.","robots":{"index":"index","follow":"follow","max-snippet":"max-snippet:-1","max-image-preview":"max-image-preview:large","max-video-preview":"max-video-preview:-1"},"canonical":"https:\/\/stagpartynight.com\/fr\/product\/serveur-sexy-a-benidorm\/","og_locale":"en_GB","og_type":"article","og_title":"Serveur sexy \u00e0 Benidorm","og_description":"Serveur sexy \u00e0 Benidorm Serveuse sexy en top less o\u00f9 elle servira des boissons, prendra des photos et sera \u00e9pic\u00e9e, attentive et amicale.","og_url":"https:\/\/stagpartynight.com\/fr\/product\/serveur-sexy-a-benidorm\/","og_site_name":"Nuit de f\u00eate de cerf","article_modified_time":"2024-01-23T09:38:23+00:00","og_image":[{"width":668,"height":560,"url":"https:\/\/stagpartynight.com\/fr\/wp-content\/uploads\/sites\/3\/2024\/01\/Serveur-sexy-a-Benidorm.png","type":"image\/png"}],"twitter_card":"summary_large_image","twitter_misc":{"Estimated reading time":"2 minutes"},"schema":{"@context":"https:\/\/schema.org","@graph":[{"@type":"WebPage","@id":"https:\/\/stagpartynight.com\/fr\/product\/serveur-sexy-a-benidorm\/","url":"https:\/\/stagpartynight.com\/fr\/product\/serveur-sexy-a-benidorm\/","name":"Serveur sexy \u00e0 Benidorm","isPartOf":{"@id":"https:\/\/stagpartynight.com\/fr\/#website"},"primaryImageOfPage":{"@id":"https:\/\/stagpartynight.com\/fr\/product\/serveur-sexy-a-benidorm\/#primaryimage"},"image":{"@id":"https:\/\/stagpartynight.com\/fr\/product\/serveur-sexy-a-benidorm\/#primaryimage"},"thumbnailUrl":"https:\/\/stagpartynight.com\/fr\/wp-content\/uploads\/sites\/3\/2024\/01\/Serveur-sexy-a-Benidorm.png","datePublished":"2024-01-12T12:12:44+00:00","dateModified":"2024-01-23T09:38:23+00:00","description":"Serveur sexy \u00e0 Benidorm Serveuse sexy en top less o\u00f9 elle servira des boissons, prendra des photos et sera \u00e9pic\u00e9e, attentive et amicale.","breadcrumb":{"@id":"https:\/\/stagpartynight.com\/fr\/product\/serveur-sexy-a-benidorm\/#breadcrumb"},"inLanguage":"en-GB","potentialAction":[{"@type":"ReadAction","target":["https:\/\/stagpartynight.com\/fr\/product\/serveur-sexy-a-benidorm\/"]}]},{"@type":"ImageObject","inLanguage":"en-GB","@id":"https:\/\/stagpartynight.com\/fr\/product\/serveur-sexy-a-benidorm\/#primaryimage","url":"https:\/\/stagpartynight.com\/fr\/wp-content\/uploads\/sites\/3\/2024\/01\/Serveur-sexy-a-Benidorm.png","contentUrl":"https:\/\/stagpartynight.com\/fr\/wp-content\/uploads\/sites\/3\/2024\/01\/Serveur-sexy-a-Benidorm.png","width":668,"height":560,"caption":"Serveur sexy \u00e0 Benidorm"},{"@type":"BreadcrumbList","@id":"https:\/\/stagpartynight.com\/fr\/product\/serveur-sexy-a-benidorm\/#breadcrumb","itemListElement":[{"@type":"ListItem","position":1,"name":"Home","item":"https:\/\/stagpartynight.com\/fr\/"},{"@type":"ListItem","position":2,"name":"Tienda","item":"https:\/\/stagpartynight.com\/fr\/tienda\/"},{"@type":"ListItem","position":3,"name":"Serveur sexy \u00e0 Benidorm"}]},{"@type":"WebSite","@id":"https:\/\/stagpartynight.com\/fr\/#website","url":"https:\/\/stagpartynight.com\/fr\/","name":"Stag Party Night","description":"Your Stag Party Customized","publisher":{"@id":"https:\/\/stagpartynight.com\/fr\/#organization"},"potentialAction":[{"@type":"SearchAction","target":{"@type":"EntryPoint","urlTemplate":"https:\/\/stagpartynight.com\/fr\/?s={search_term_string}"},"query-input":{"@type":"PropertyValueSpecification","valueRequired":true,"valueName":"search_term_string"}}],"inLanguage":"en-GB"},{"@type":"Organization","@id":"https:\/\/stagpartynight.com\/fr\/#organization","name":"Stag Party Night","url":"https:\/\/stagpartynight.com\/fr\/","logo":{"@type":"ImageObject","inLanguage":"en-GB","@id":"https:\/\/stagpartynight.com\/fr\/#\/schema\/logo\/image\/","url":"https:\/\/stagpartynight.com\/fr\/wp-content\/uploads\/sites\/3\/2019\/12\/stagpartynight-e1578565505687.png","contentUrl":"https:\/\/stagpartynight.com\/fr\/wp-content\/uploads\/sites\/3\/2019\/12\/stagpartynight-e1578565505687.png","width":400,"height":400,"caption":"Stag Party Night"},"image":{"@id":"https:\/\/stagpartynight.com\/fr\/#\/schema\/logo\/image\/"}}]}},"_links":{"self":[{"href":"https:\/\/stagpartynight.com\/fr\/wp-json\/wp\/v2\/product\/2883","targetHints":{"allow":["GET"]}}],"collection":[{"href":"https:\/\/stagpartynight.com\/fr\/wp-json\/wp\/v2\/product"}],"about":[{"href":"https:\/\/stagpartynight.com\/fr\/wp-json\/wp\/v2\/types\/product"}],"replies":[{"embeddable":true,"href":"https:\/\/stagpartynight.com\/fr\/wp-json\/wp\/v2\/comments?post=2883"}],"wp:featuredmedia":[{"embeddable":true,"href":"https:\/\/stagpartynight.com\/fr\/wp-json\/wp\/v2\/media\/2884"}],"wp:attachment":[{"href":"https:\/\/stagpartynight.com\/fr\/wp-json\/wp\/v2\/media?parent=2883"}],"wp:term":[{"taxonomy":"product_brand","embeddable":true,"href":"https:\/\/stagpartynight.com\/fr\/wp-json\/wp\/v2\/product_brand?post=2883"},{"taxonomy":"product_cat","embeddable":true,"href":"https:\/\/stagpartynight.com\/fr\/wp-json\/wp\/v2\/product_cat?post=2883"},{"taxonomy":"product_tag","embeddable":true,"href":"https:\/\/stagpartynight.com\/fr\/wp-json\/wp\/v2\/product_tag?post=2883"}],"curies":[{"name":"wp","href":"https:\/\/api.w.org\/{rel}","templated":true}]}}