{"id":2886,"date":"2024-01-12T13:20:24","date_gmt":"2024-01-12T12:20:24","guid":{"rendered":"https:\/\/stagpartynight.com\/fr\/?post_type=product&#038;p=2886"},"modified":"2024-01-23T10:39:29","modified_gmt":"2024-01-23T09:39:29","slug":"limousines-a-benidorm","status":"publish","type":"product","link":"https:\/\/stagpartynight.com\/fr\/product\/limousines-a-benidorm\/","title":{"rendered":"Limousines \u00e0 Benidorm"},"content":{"rendered":"<p>Limousines \u00e0 Benidorm. Tour en limousine sur Benidorm. Dur\u00e9e 1 heure avec 2 bouteilles de cava incluses &#8220;12 personnes maximum&#8221;.<\/p>\n<p>Les meilleurs enterrements de vie de gar\u00e7on avec <a href=\"https:\/\/stagpartynight.com\/\">StagParty!<\/a><\/p>\n<h2 style=\"text-align: center;\">Limousines \u00e0 Benidorm\ud83c\udf1f<\/h2>\n<p>\ud83c\udf34 Exp\u00e9rience VIP \u00e0 Benidormen Limousine!\ud83d\ude97\ud83d\udca8<\/p>\n<p>\u2728 Vivez le luxe ultime avec notre offre exclusive de limousine \u00e0 Benidorm ! Une heure de pur glamour, deux bouteilles de cava incluses pour une exp\u00e9rience inoubliable.<\/p>\n<p>\ud83d\udc68\u200d\u2708\ufe0f Votre chauffeur professionnel sera \u00e0 votre disposition, pr\u00eat \u00e0 vous emmener o\u00f9 bon vous semble. Choisissez votre point de d\u00e9part et votre destination finale, et laissez-vous transporter dans le confort et le style.<\/p>\n<p>\ud83c\udff0 Parcourez les rues pittoresques de Benidorm et plongez dans l&#8217;effervescence , tout en profitant du luxe et de l&#8217;\u00e9l\u00e9gance de votre limousine priv\u00e9e.<\/p>\n<p>\ud83c\udf7e Les deux bouteilles de cava ajoutent une touche de sophistication \u00e0 votre trajet, transformant chaque moment en une c\u00e9l\u00e9bration.<\/p>\n<p>\ud83c\udf1f R\u00e9servez d\u00e8s maintenant pour une exp\u00e9rience VIP exclusive!<\/p>\n<p>\ud83c\udf89 Profitez d&#8217;une heure de pur plaisir et de glamour \u00e0 bord de notre limousine de luxe \u00e0 travers les joyaux de Benidorm.<\/p>\n<p>N&#8217;attendez plus et offrez-vous une aventure inoubliable dans le plus pur style de l&#8217;\u00eele de Benidorm. R\u00e9servez nos limousines pour profiter pleinement de l&#8217;exp\u00e9rience insulaire !<\/p>\n<p style=\"text-align: center;\">R\u00e9servez maintenant Limousines \u00e0 <a href=\"https:\/\/es.wikipedia.org\/wiki\/Benidorm\">Benidorm<\/a>!<\/p>\n","protected":false},"excerpt":{"rendered":"<p>Tour en limousine Benidorm. Dur\u00e9e 1 heure avec 2 bouteilles de cava incluses &#8220;12 personnes maximum&#8221;.<\/p>\n","protected":false},"featured_media":1961,"comment_status":"open","ping_status":"closed","template":"","meta":{"_et_pb_use_builder":"","_et_pb_old_content":"","_et_gb_content_width":""},"product_brand":[],"product_cat":[600],"product_tag":[644,619],"class_list":{"0":"post-2886","1":"product","2":"type-product","3":"status-publish","4":"has-post-thumbnail","6":"product_cat-benidorm","7":"product_tag-limo-benidorm","8":"product_tag-limousines-a-benidorm","10":"first","11":"instock","12":"virtual","13":"product-type-simple"},"yoast_head":"<!-- This site is optimized with the Yoast SEO plugin v26.4 - https:\/\/yoast.com\/wordpress\/plugins\/seo\/ -->\n<title>Limousines \u00e0 Benidorm<\/title>\n<meta name=\"description\" content=\"Limousines \u00e0 Benidorm. Tour en limousine sur l&#039;\u00eele de Benidorm. Dur\u00e9e 1 heure avec 2 bouteilles de cava incluses &quot;12 personnes maximum&quot;.\" \/>\n<meta name=\"robots\" content=\"index, follow, max-snippet:-1, max-image-preview:large, max-video-preview:-1\" \/>\n<link rel=\"canonical\" href=\"https:\/\/stagpartynight.com\/fr\/product\/limousines-a-benidorm\/\" \/>\n<meta property=\"og:locale\" content=\"en_GB\" \/>\n<meta property=\"og:type\" content=\"article\" \/>\n<meta property=\"og:title\" content=\"Limousines \u00e0 Benidorm\" \/>\n<meta property=\"og:description\" content=\"Limousines \u00e0 Benidorm. Tour en limousine sur l&#039;\u00eele de Benidorm. Dur\u00e9e 1 heure avec 2 bouteilles de cava incluses &quot;12 personnes maximum&quot;.\" \/>\n<meta property=\"og:url\" content=\"https:\/\/stagpartynight.com\/fr\/product\/limousines-a-benidorm\/\" \/>\n<meta property=\"og:site_name\" content=\"Nuit de f\u00eate de cerf\" \/>\n<meta property=\"article:modified_time\" content=\"2024-01-23T09:39:29+00:00\" \/>\n<meta property=\"og:image\" content=\"https:\/\/stagpartynight.com\/fr\/wp-content\/uploads\/sites\/3\/2021\/02\/hummer-limousine.jpeg\" \/>\n\t<meta property=\"og:image:width\" content=\"674\" \/>\n\t<meta property=\"og:image:height\" content=\"446\" \/>\n\t<meta property=\"og:image:type\" content=\"image\/jpeg\" \/>\n<meta name=\"twitter:card\" content=\"summary_large_image\" \/>\n<meta name=\"twitter:label1\" content=\"Estimated reading time\" \/>\n\t<meta name=\"twitter:data1\" content=\"2 minutes\" \/>\n<script type=\"application\/ld+json\" class=\"yoast-schema-graph\">{\"@context\":\"https:\/\/schema.org\",\"@graph\":[{\"@type\":\"WebPage\",\"@id\":\"https:\/\/stagpartynight.com\/fr\/product\/limousines-a-benidorm\/\",\"url\":\"https:\/\/stagpartynight.com\/fr\/product\/limousines-a-benidorm\/\",\"name\":\"Limousines \u00e0 Benidorm\",\"isPartOf\":{\"@id\":\"https:\/\/stagpartynight.com\/fr\/#website\"},\"primaryImageOfPage\":{\"@id\":\"https:\/\/stagpartynight.com\/fr\/product\/limousines-a-benidorm\/#primaryimage\"},\"image\":{\"@id\":\"https:\/\/stagpartynight.com\/fr\/product\/limousines-a-benidorm\/#primaryimage\"},\"thumbnailUrl\":\"https:\/\/stagpartynight.com\/fr\/wp-content\/uploads\/sites\/3\/2021\/02\/hummer-limousine.jpeg\",\"datePublished\":\"2024-01-12T12:20:24+00:00\",\"dateModified\":\"2024-01-23T09:39:29+00:00\",\"description\":\"Limousines \u00e0 Benidorm. Tour en limousine sur l'\u00eele de Benidorm. Dur\u00e9e 1 heure avec 2 bouteilles de cava incluses \\\"12 personnes maximum\\\".\",\"breadcrumb\":{\"@id\":\"https:\/\/stagpartynight.com\/fr\/product\/limousines-a-benidorm\/#breadcrumb\"},\"inLanguage\":\"en-GB\",\"potentialAction\":[{\"@type\":\"ReadAction\",\"target\":[\"https:\/\/stagpartynight.com\/fr\/product\/limousines-a-benidorm\/\"]}]},{\"@type\":\"ImageObject\",\"inLanguage\":\"en-GB\",\"@id\":\"https:\/\/stagpartynight.com\/fr\/product\/limousines-a-benidorm\/#primaryimage\",\"url\":\"https:\/\/stagpartynight.com\/fr\/wp-content\/uploads\/sites\/3\/2021\/02\/hummer-limousine.jpeg\",\"contentUrl\":\"https:\/\/stagpartynight.com\/fr\/wp-content\/uploads\/sites\/3\/2021\/02\/hummer-limousine.jpeg\",\"width\":674,\"height\":446,\"caption\":\"Limousines \u00e0 Benidorm\"},{\"@type\":\"BreadcrumbList\",\"@id\":\"https:\/\/stagpartynight.com\/fr\/product\/limousines-a-benidorm\/#breadcrumb\",\"itemListElement\":[{\"@type\":\"ListItem\",\"position\":1,\"name\":\"Home\",\"item\":\"https:\/\/stagpartynight.com\/fr\/\"},{\"@type\":\"ListItem\",\"position\":2,\"name\":\"Tienda\",\"item\":\"https:\/\/stagpartynight.com\/fr\/tienda\/\"},{\"@type\":\"ListItem\",\"position\":3,\"name\":\"Limousines \u00e0 Benidorm\"}]},{\"@type\":\"WebSite\",\"@id\":\"https:\/\/stagpartynight.com\/fr\/#website\",\"url\":\"https:\/\/stagpartynight.com\/fr\/\",\"name\":\"Stag Party Night\",\"description\":\"Your Stag Party Customized\",\"publisher\":{\"@id\":\"https:\/\/stagpartynight.com\/fr\/#organization\"},\"potentialAction\":[{\"@type\":\"SearchAction\",\"target\":{\"@type\":\"EntryPoint\",\"urlTemplate\":\"https:\/\/stagpartynight.com\/fr\/?s={search_term_string}\"},\"query-input\":{\"@type\":\"PropertyValueSpecification\",\"valueRequired\":true,\"valueName\":\"search_term_string\"}}],\"inLanguage\":\"en-GB\"},{\"@type\":\"Organization\",\"@id\":\"https:\/\/stagpartynight.com\/fr\/#organization\",\"name\":\"Stag Party Night\",\"url\":\"https:\/\/stagpartynight.com\/fr\/\",\"logo\":{\"@type\":\"ImageObject\",\"inLanguage\":\"en-GB\",\"@id\":\"https:\/\/stagpartynight.com\/fr\/#\/schema\/logo\/image\/\",\"url\":\"https:\/\/stagpartynight.com\/fr\/wp-content\/uploads\/sites\/3\/2019\/12\/stagpartynight-e1578565505687.png\",\"contentUrl\":\"https:\/\/stagpartynight.com\/fr\/wp-content\/uploads\/sites\/3\/2019\/12\/stagpartynight-e1578565505687.png\",\"width\":400,\"height\":400,\"caption\":\"Stag Party Night\"},\"image\":{\"@id\":\"https:\/\/stagpartynight.com\/fr\/#\/schema\/logo\/image\/\"}}]}<\/script>\n<!-- \/ Yoast SEO plugin. -->","yoast_head_json":{"title":"Limousines \u00e0 Benidorm","description":"Limousines \u00e0 Benidorm. Tour en limousine sur l'\u00eele de Benidorm. Dur\u00e9e 1 heure avec 2 bouteilles de cava incluses \"12 personnes maximum\".","robots":{"index":"index","follow":"follow","max-snippet":"max-snippet:-1","max-image-preview":"max-image-preview:large","max-video-preview":"max-video-preview:-1"},"canonical":"https:\/\/stagpartynight.com\/fr\/product\/limousines-a-benidorm\/","og_locale":"en_GB","og_type":"article","og_title":"Limousines \u00e0 Benidorm","og_description":"Limousines \u00e0 Benidorm. Tour en limousine sur l'\u00eele de Benidorm. Dur\u00e9e 1 heure avec 2 bouteilles de cava incluses \"12 personnes maximum\".","og_url":"https:\/\/stagpartynight.com\/fr\/product\/limousines-a-benidorm\/","og_site_name":"Nuit de f\u00eate de cerf","article_modified_time":"2024-01-23T09:39:29+00:00","og_image":[{"width":674,"height":446,"url":"https:\/\/stagpartynight.com\/fr\/wp-content\/uploads\/sites\/3\/2021\/02\/hummer-limousine.jpeg","type":"image\/jpeg"}],"twitter_card":"summary_large_image","twitter_misc":{"Estimated reading time":"2 minutes"},"schema":{"@context":"https:\/\/schema.org","@graph":[{"@type":"WebPage","@id":"https:\/\/stagpartynight.com\/fr\/product\/limousines-a-benidorm\/","url":"https:\/\/stagpartynight.com\/fr\/product\/limousines-a-benidorm\/","name":"Limousines \u00e0 Benidorm","isPartOf":{"@id":"https:\/\/stagpartynight.com\/fr\/#website"},"primaryImageOfPage":{"@id":"https:\/\/stagpartynight.com\/fr\/product\/limousines-a-benidorm\/#primaryimage"},"image":{"@id":"https:\/\/stagpartynight.com\/fr\/product\/limousines-a-benidorm\/#primaryimage"},"thumbnailUrl":"https:\/\/stagpartynight.com\/fr\/wp-content\/uploads\/sites\/3\/2021\/02\/hummer-limousine.jpeg","datePublished":"2024-01-12T12:20:24+00:00","dateModified":"2024-01-23T09:39:29+00:00","description":"Limousines \u00e0 Benidorm. Tour en limousine sur l'\u00eele de Benidorm. Dur\u00e9e 1 heure avec 2 bouteilles de cava incluses \"12 personnes maximum\".","breadcrumb":{"@id":"https:\/\/stagpartynight.com\/fr\/product\/limousines-a-benidorm\/#breadcrumb"},"inLanguage":"en-GB","potentialAction":[{"@type":"ReadAction","target":["https:\/\/stagpartynight.com\/fr\/product\/limousines-a-benidorm\/"]}]},{"@type":"ImageObject","inLanguage":"en-GB","@id":"https:\/\/stagpartynight.com\/fr\/product\/limousines-a-benidorm\/#primaryimage","url":"https:\/\/stagpartynight.com\/fr\/wp-content\/uploads\/sites\/3\/2021\/02\/hummer-limousine.jpeg","contentUrl":"https:\/\/stagpartynight.com\/fr\/wp-content\/uploads\/sites\/3\/2021\/02\/hummer-limousine.jpeg","width":674,"height":446,"caption":"Limousines \u00e0 Benidorm"},{"@type":"BreadcrumbList","@id":"https:\/\/stagpartynight.com\/fr\/product\/limousines-a-benidorm\/#breadcrumb","itemListElement":[{"@type":"ListItem","position":1,"name":"Home","item":"https:\/\/stagpartynight.com\/fr\/"},{"@type":"ListItem","position":2,"name":"Tienda","item":"https:\/\/stagpartynight.com\/fr\/tienda\/"},{"@type":"ListItem","position":3,"name":"Limousines \u00e0 Benidorm"}]},{"@type":"WebSite","@id":"https:\/\/stagpartynight.com\/fr\/#website","url":"https:\/\/stagpartynight.com\/fr\/","name":"Stag Party Night","description":"Your Stag Party Customized","publisher":{"@id":"https:\/\/stagpartynight.com\/fr\/#organization"},"potentialAction":[{"@type":"SearchAction","target":{"@type":"EntryPoint","urlTemplate":"https:\/\/stagpartynight.com\/fr\/?s={search_term_string}"},"query-input":{"@type":"PropertyValueSpecification","valueRequired":true,"valueName":"search_term_string"}}],"inLanguage":"en-GB"},{"@type":"Organization","@id":"https:\/\/stagpartynight.com\/fr\/#organization","name":"Stag Party Night","url":"https:\/\/stagpartynight.com\/fr\/","logo":{"@type":"ImageObject","inLanguage":"en-GB","@id":"https:\/\/stagpartynight.com\/fr\/#\/schema\/logo\/image\/","url":"https:\/\/stagpartynight.com\/fr\/wp-content\/uploads\/sites\/3\/2019\/12\/stagpartynight-e1578565505687.png","contentUrl":"https:\/\/stagpartynight.com\/fr\/wp-content\/uploads\/sites\/3\/2019\/12\/stagpartynight-e1578565505687.png","width":400,"height":400,"caption":"Stag Party Night"},"image":{"@id":"https:\/\/stagpartynight.com\/fr\/#\/schema\/logo\/image\/"}}]}},"_links":{"self":[{"href":"https:\/\/stagpartynight.com\/fr\/wp-json\/wp\/v2\/product\/2886","targetHints":{"allow":["GET"]}}],"collection":[{"href":"https:\/\/stagpartynight.com\/fr\/wp-json\/wp\/v2\/product"}],"about":[{"href":"https:\/\/stagpartynight.com\/fr\/wp-json\/wp\/v2\/types\/product"}],"replies":[{"embeddable":true,"href":"https:\/\/stagpartynight.com\/fr\/wp-json\/wp\/v2\/comments?post=2886"}],"wp:featuredmedia":[{"embeddable":true,"href":"https:\/\/stagpartynight.com\/fr\/wp-json\/wp\/v2\/media\/1961"}],"wp:attachment":[{"href":"https:\/\/stagpartynight.com\/fr\/wp-json\/wp\/v2\/media?parent=2886"}],"wp:term":[{"taxonomy":"product_brand","embeddable":true,"href":"https:\/\/stagpartynight.com\/fr\/wp-json\/wp\/v2\/product_brand?post=2886"},{"taxonomy":"product_cat","embeddable":true,"href":"https:\/\/stagpartynight.com\/fr\/wp-json\/wp\/v2\/product_cat?post=2886"},{"taxonomy":"product_tag","embeddable":true,"href":"https:\/\/stagpartynight.com\/fr\/wp-json\/wp\/v2\/product_tag?post=2886"}],"curies":[{"name":"wp","href":"https:\/\/api.w.org\/{rel}","templated":true}]}}