{"id":289,"date":"2020-01-08T15:11:47","date_gmt":"2020-01-08T14:11:47","guid":{"rendered":"https:\/\/stagpartynight.com\/fr\/?post_type=product&#038;p=289"},"modified":"2021-01-29T15:36:14","modified_gmt":"2021-01-29T14:36:14","slug":"lesbian-show-lisboa","status":"publish","type":"product","link":"https:\/\/stagpartynight.com\/fr\/product\/lesbian-show-lisboa\/","title":{"rendered":"Striptease lesbien \u00e0 Lisbonne"},"content":{"rendered":"<p>Spectacle de strip-tease sensualit\u00e9, \u00e9rotisme et magie. Moment diff\u00e9rent et unique. Laissez-les vous surprendre dans votre appartement ou dans un endroit priv\u00e9 pour votre groupe. Possibilit\u00e9 de choisir les filles.<\/p>\n","protected":false},"excerpt":{"rendered":"<p>Spectacle de strip-tease sensualit\u00e9, \u00e9rotisme et magie. Moment diff\u00e9rent et unique. Laissez-les vous surprendre dans votre appartement ou dans un endroit priv\u00e9 pour votre groupe. Possibilit\u00e9 de choisir les filles.<\/p>\n","protected":false},"featured_media":1759,"comment_status":"open","ping_status":"closed","template":"","meta":{"_et_pb_use_builder":"","_et_pb_old_content":"","_et_gb_content_width":""},"product_brand":[],"product_cat":[148],"product_tag":[304,303,302],"class_list":{"0":"post-289","1":"product","2":"type-product","3":"status-publish","4":"has-post-thumbnail","6":"product_cat-lisboa","7":"product_tag-lesbiennes-a-lisbonne","8":"product_tag-strip-tease-lesbien-a-lisbonne","9":"product_tag-striptease-lesbien-a-lisbonne","11":"first","12":"instock","13":"virtual","14":"product-type-simple"},"yoast_head":"<!-- This site is optimized with the Yoast SEO plugin v26.4 - https:\/\/yoast.com\/wordpress\/plugins\/seo\/ -->\n<title>Striptease lesbien \u00e0 Lisbonne - Strip-tease lesbien \u00e0 Lisbonne<\/title>\n<meta name=\"description\" content=\"Lesbiennes \u00e0 Lisbonne - Striptease lesbien \u00e0 Lisbonne - Spectacle de strip-tease sensualit\u00e9, \u00e9rotisme et magie. Moment diff\u00e9rent et unique. Laissez-les vous surprendre dans votre appartement ou dans un endroit priv\u00e9 pour votre groupe.\" \/>\n<meta name=\"robots\" content=\"index, follow, max-snippet:-1, max-image-preview:large, max-video-preview:-1\" \/>\n<link rel=\"canonical\" href=\"https:\/\/stagpartynight.com\/fr\/product\/lesbian-show-lisboa\/\" \/>\n<meta property=\"og:locale\" content=\"en_GB\" \/>\n<meta property=\"og:type\" content=\"article\" \/>\n<meta property=\"og:title\" content=\"Striptease lesbien \u00e0 Lisbonne - Strip-tease lesbien \u00e0 Lisbonne\" \/>\n<meta property=\"og:description\" content=\"Lesbiennes \u00e0 Lisbonne - Striptease lesbien \u00e0 Lisbonne - Spectacle de strip-tease sensualit\u00e9, \u00e9rotisme et magie. Moment diff\u00e9rent et unique. Laissez-les vous surprendre dans votre appartement ou dans un endroit priv\u00e9 pour votre groupe.\" \/>\n<meta property=\"og:url\" content=\"https:\/\/stagpartynight.com\/fr\/product\/lesbian-show-lisboa\/\" \/>\n<meta property=\"og:site_name\" content=\"Nuit de f\u00eate de cerf\" \/>\n<meta property=\"article:modified_time\" content=\"2021-01-29T14:36:14+00:00\" \/>\n<meta property=\"og:image\" content=\"https:\/\/stagpartynight.com\/fr\/wp-content\/uploads\/sites\/3\/2020\/01\/lesbian-show.jpg\" \/>\n\t<meta property=\"og:image:width\" content=\"919\" \/>\n\t<meta property=\"og:image:height\" content=\"1074\" \/>\n\t<meta property=\"og:image:type\" content=\"image\/jpeg\" \/>\n<meta name=\"twitter:card\" content=\"summary_large_image\" \/>\n<script type=\"application\/ld+json\" class=\"yoast-schema-graph\">{\"@context\":\"https:\/\/schema.org\",\"@graph\":[{\"@type\":\"WebPage\",\"@id\":\"https:\/\/stagpartynight.com\/fr\/product\/lesbian-show-lisboa\/\",\"url\":\"https:\/\/stagpartynight.com\/fr\/product\/lesbian-show-lisboa\/\",\"name\":\"Striptease lesbien \u00e0 Lisbonne - Strip-tease lesbien \u00e0 Lisbonne\",\"isPartOf\":{\"@id\":\"https:\/\/stagpartynight.com\/fr\/#website\"},\"primaryImageOfPage\":{\"@id\":\"https:\/\/stagpartynight.com\/fr\/product\/lesbian-show-lisboa\/#primaryimage\"},\"image\":{\"@id\":\"https:\/\/stagpartynight.com\/fr\/product\/lesbian-show-lisboa\/#primaryimage\"},\"thumbnailUrl\":\"https:\/\/stagpartynight.com\/fr\/wp-content\/uploads\/sites\/3\/2020\/01\/lesbian-show.jpg\",\"datePublished\":\"2020-01-08T14:11:47+00:00\",\"dateModified\":\"2021-01-29T14:36:14+00:00\",\"description\":\"Lesbiennes \u00e0 Lisbonne - Striptease lesbien \u00e0 Lisbonne - Spectacle de strip-tease sensualit\u00e9, \u00e9rotisme et magie. Moment diff\u00e9rent et unique. Laissez-les vous surprendre dans votre appartement ou dans un endroit priv\u00e9 pour votre groupe.\",\"breadcrumb\":{\"@id\":\"https:\/\/stagpartynight.com\/fr\/product\/lesbian-show-lisboa\/#breadcrumb\"},\"inLanguage\":\"en-GB\",\"potentialAction\":[{\"@type\":\"ReadAction\",\"target\":[\"https:\/\/stagpartynight.com\/fr\/product\/lesbian-show-lisboa\/\"]}]},{\"@type\":\"ImageObject\",\"inLanguage\":\"en-GB\",\"@id\":\"https:\/\/stagpartynight.com\/fr\/product\/lesbian-show-lisboa\/#primaryimage\",\"url\":\"https:\/\/stagpartynight.com\/fr\/wp-content\/uploads\/sites\/3\/2020\/01\/lesbian-show.jpg\",\"contentUrl\":\"https:\/\/stagpartynight.com\/fr\/wp-content\/uploads\/sites\/3\/2020\/01\/lesbian-show.jpg\",\"width\":919,\"height\":1074,\"caption\":\"Lesbienne strip \u00e0 Majorque\"},{\"@type\":\"BreadcrumbList\",\"@id\":\"https:\/\/stagpartynight.com\/fr\/product\/lesbian-show-lisboa\/#breadcrumb\",\"itemListElement\":[{\"@type\":\"ListItem\",\"position\":1,\"name\":\"Home\",\"item\":\"https:\/\/stagpartynight.com\/fr\/\"},{\"@type\":\"ListItem\",\"position\":2,\"name\":\"Tienda\",\"item\":\"https:\/\/stagpartynight.com\/fr\/tienda\/\"},{\"@type\":\"ListItem\",\"position\":3,\"name\":\"Striptease lesbien \u00e0 Lisbonne\"}]},{\"@type\":\"WebSite\",\"@id\":\"https:\/\/stagpartynight.com\/fr\/#website\",\"url\":\"https:\/\/stagpartynight.com\/fr\/\",\"name\":\"Stag Party Night\",\"description\":\"Your Stag Party Customized\",\"publisher\":{\"@id\":\"https:\/\/stagpartynight.com\/fr\/#organization\"},\"potentialAction\":[{\"@type\":\"SearchAction\",\"target\":{\"@type\":\"EntryPoint\",\"urlTemplate\":\"https:\/\/stagpartynight.com\/fr\/?s={search_term_string}\"},\"query-input\":{\"@type\":\"PropertyValueSpecification\",\"valueRequired\":true,\"valueName\":\"search_term_string\"}}],\"inLanguage\":\"en-GB\"},{\"@type\":\"Organization\",\"@id\":\"https:\/\/stagpartynight.com\/fr\/#organization\",\"name\":\"Stag Party Night\",\"url\":\"https:\/\/stagpartynight.com\/fr\/\",\"logo\":{\"@type\":\"ImageObject\",\"inLanguage\":\"en-GB\",\"@id\":\"https:\/\/stagpartynight.com\/fr\/#\/schema\/logo\/image\/\",\"url\":\"https:\/\/stagpartynight.com\/fr\/wp-content\/uploads\/sites\/3\/2019\/12\/stagpartynight-e1578565505687.png\",\"contentUrl\":\"https:\/\/stagpartynight.com\/fr\/wp-content\/uploads\/sites\/3\/2019\/12\/stagpartynight-e1578565505687.png\",\"width\":400,\"height\":400,\"caption\":\"Stag Party Night\"},\"image\":{\"@id\":\"https:\/\/stagpartynight.com\/fr\/#\/schema\/logo\/image\/\"}}]}<\/script>\n<!-- \/ Yoast SEO plugin. -->","yoast_head_json":{"title":"Striptease lesbien \u00e0 Lisbonne - Strip-tease lesbien \u00e0 Lisbonne","description":"Lesbiennes \u00e0 Lisbonne - Striptease lesbien \u00e0 Lisbonne - Spectacle de strip-tease sensualit\u00e9, \u00e9rotisme et magie. Moment diff\u00e9rent et unique. Laissez-les vous surprendre dans votre appartement ou dans un endroit priv\u00e9 pour votre groupe.","robots":{"index":"index","follow":"follow","max-snippet":"max-snippet:-1","max-image-preview":"max-image-preview:large","max-video-preview":"max-video-preview:-1"},"canonical":"https:\/\/stagpartynight.com\/fr\/product\/lesbian-show-lisboa\/","og_locale":"en_GB","og_type":"article","og_title":"Striptease lesbien \u00e0 Lisbonne - Strip-tease lesbien \u00e0 Lisbonne","og_description":"Lesbiennes \u00e0 Lisbonne - Striptease lesbien \u00e0 Lisbonne - Spectacle de strip-tease sensualit\u00e9, \u00e9rotisme et magie. Moment diff\u00e9rent et unique. Laissez-les vous surprendre dans votre appartement ou dans un endroit priv\u00e9 pour votre groupe.","og_url":"https:\/\/stagpartynight.com\/fr\/product\/lesbian-show-lisboa\/","og_site_name":"Nuit de f\u00eate de cerf","article_modified_time":"2021-01-29T14:36:14+00:00","og_image":[{"width":919,"height":1074,"url":"https:\/\/stagpartynight.com\/fr\/wp-content\/uploads\/sites\/3\/2020\/01\/lesbian-show.jpg","type":"image\/jpeg"}],"twitter_card":"summary_large_image","schema":{"@context":"https:\/\/schema.org","@graph":[{"@type":"WebPage","@id":"https:\/\/stagpartynight.com\/fr\/product\/lesbian-show-lisboa\/","url":"https:\/\/stagpartynight.com\/fr\/product\/lesbian-show-lisboa\/","name":"Striptease lesbien \u00e0 Lisbonne - Strip-tease lesbien \u00e0 Lisbonne","isPartOf":{"@id":"https:\/\/stagpartynight.com\/fr\/#website"},"primaryImageOfPage":{"@id":"https:\/\/stagpartynight.com\/fr\/product\/lesbian-show-lisboa\/#primaryimage"},"image":{"@id":"https:\/\/stagpartynight.com\/fr\/product\/lesbian-show-lisboa\/#primaryimage"},"thumbnailUrl":"https:\/\/stagpartynight.com\/fr\/wp-content\/uploads\/sites\/3\/2020\/01\/lesbian-show.jpg","datePublished":"2020-01-08T14:11:47+00:00","dateModified":"2021-01-29T14:36:14+00:00","description":"Lesbiennes \u00e0 Lisbonne - Striptease lesbien \u00e0 Lisbonne - Spectacle de strip-tease sensualit\u00e9, \u00e9rotisme et magie. Moment diff\u00e9rent et unique. Laissez-les vous surprendre dans votre appartement ou dans un endroit priv\u00e9 pour votre groupe.","breadcrumb":{"@id":"https:\/\/stagpartynight.com\/fr\/product\/lesbian-show-lisboa\/#breadcrumb"},"inLanguage":"en-GB","potentialAction":[{"@type":"ReadAction","target":["https:\/\/stagpartynight.com\/fr\/product\/lesbian-show-lisboa\/"]}]},{"@type":"ImageObject","inLanguage":"en-GB","@id":"https:\/\/stagpartynight.com\/fr\/product\/lesbian-show-lisboa\/#primaryimage","url":"https:\/\/stagpartynight.com\/fr\/wp-content\/uploads\/sites\/3\/2020\/01\/lesbian-show.jpg","contentUrl":"https:\/\/stagpartynight.com\/fr\/wp-content\/uploads\/sites\/3\/2020\/01\/lesbian-show.jpg","width":919,"height":1074,"caption":"Lesbienne strip \u00e0 Majorque"},{"@type":"BreadcrumbList","@id":"https:\/\/stagpartynight.com\/fr\/product\/lesbian-show-lisboa\/#breadcrumb","itemListElement":[{"@type":"ListItem","position":1,"name":"Home","item":"https:\/\/stagpartynight.com\/fr\/"},{"@type":"ListItem","position":2,"name":"Tienda","item":"https:\/\/stagpartynight.com\/fr\/tienda\/"},{"@type":"ListItem","position":3,"name":"Striptease lesbien \u00e0 Lisbonne"}]},{"@type":"WebSite","@id":"https:\/\/stagpartynight.com\/fr\/#website","url":"https:\/\/stagpartynight.com\/fr\/","name":"Stag Party Night","description":"Your Stag Party Customized","publisher":{"@id":"https:\/\/stagpartynight.com\/fr\/#organization"},"potentialAction":[{"@type":"SearchAction","target":{"@type":"EntryPoint","urlTemplate":"https:\/\/stagpartynight.com\/fr\/?s={search_term_string}"},"query-input":{"@type":"PropertyValueSpecification","valueRequired":true,"valueName":"search_term_string"}}],"inLanguage":"en-GB"},{"@type":"Organization","@id":"https:\/\/stagpartynight.com\/fr\/#organization","name":"Stag Party Night","url":"https:\/\/stagpartynight.com\/fr\/","logo":{"@type":"ImageObject","inLanguage":"en-GB","@id":"https:\/\/stagpartynight.com\/fr\/#\/schema\/logo\/image\/","url":"https:\/\/stagpartynight.com\/fr\/wp-content\/uploads\/sites\/3\/2019\/12\/stagpartynight-e1578565505687.png","contentUrl":"https:\/\/stagpartynight.com\/fr\/wp-content\/uploads\/sites\/3\/2019\/12\/stagpartynight-e1578565505687.png","width":400,"height":400,"caption":"Stag Party Night"},"image":{"@id":"https:\/\/stagpartynight.com\/fr\/#\/schema\/logo\/image\/"}}]}},"_links":{"self":[{"href":"https:\/\/stagpartynight.com\/fr\/wp-json\/wp\/v2\/product\/289","targetHints":{"allow":["GET"]}}],"collection":[{"href":"https:\/\/stagpartynight.com\/fr\/wp-json\/wp\/v2\/product"}],"about":[{"href":"https:\/\/stagpartynight.com\/fr\/wp-json\/wp\/v2\/types\/product"}],"replies":[{"embeddable":true,"href":"https:\/\/stagpartynight.com\/fr\/wp-json\/wp\/v2\/comments?post=289"}],"wp:featuredmedia":[{"embeddable":true,"href":"https:\/\/stagpartynight.com\/fr\/wp-json\/wp\/v2\/media\/1759"}],"wp:attachment":[{"href":"https:\/\/stagpartynight.com\/fr\/wp-json\/wp\/v2\/media?parent=289"}],"wp:term":[{"taxonomy":"product_brand","embeddable":true,"href":"https:\/\/stagpartynight.com\/fr\/wp-json\/wp\/v2\/product_brand?post=289"},{"taxonomy":"product_cat","embeddable":true,"href":"https:\/\/stagpartynight.com\/fr\/wp-json\/wp\/v2\/product_cat?post=289"},{"taxonomy":"product_tag","embeddable":true,"href":"https:\/\/stagpartynight.com\/fr\/wp-json\/wp\/v2\/product_tag?post=289"}],"curies":[{"name":"wp","href":"https:\/\/api.w.org\/{rel}","templated":true}]}}