{"id":2890,"date":"2024-01-12T13:42:50","date_gmt":"2024-01-12T12:42:50","guid":{"rendered":"https:\/\/stagpartynight.com\/fr\/?post_type=product&#038;p=2890"},"modified":"2024-01-23T10:37:33","modified_gmt":"2024-01-23T09:37:33","slug":"cable-skiing-benidorm","status":"publish","type":"product","link":"https:\/\/stagpartynight.com\/fr\/product\/cable-skiing-benidorm\/","title":{"rendered":"Cable Skiing Benidorm"},"content":{"rendered":"<div class=\"flex-1 overflow-hidden\">\n<div class=\"react-scroll-to-bottom--css-oyjwy-79elbk h-full\">\n<div class=\"react-scroll-to-bottom--css-oyjwy-1n7m0yu\">\n<div class=\"flex flex-col pb-9 text-sm\">\n<div class=\"w-full text-token-text-primary\" data-testid=\"conversation-turn-5\">\n<div class=\"px-4 py-2 justify-center text-base md:gap-6 m-auto\">\n<div class=\"flex flex-1 text-base mx-auto gap-3 md:px-5 lg:px-1 xl:px-5 md:max-w-3xl lg:max-w-[40rem] xl:max-w-[48rem] group final-completion\">\n<div class=\"relative flex w-full flex-col lg:w-[calc(100%-115px)] agent-turn\">\n<div class=\"flex-col gap-1 md:gap-3\">\n<div class=\"flex flex-grow flex-col max-w-full\">\n<div class=\"min-h-[20px] text-message flex flex-col items-start gap-3 whitespace-pre-wrap break-words [.text-message+&amp;]:mt-5 overflow-x-auto\" data-message-author-role=\"assistant\" data-message-id=\"930c204c-de63-4c93-9a39-050fa212dd6d\">\n<div class=\"markdown prose w-full break-words dark:prose-invert light\">\n<p>Cable Skiing Benidorm. Adr\u00e9naline, eau et c\u00f4te de Benidorm pour profiter de vos vacances. Pr\u00eat \u00e0 surfer sur les vagues ? L&#8217;activit\u00e9 nautique la plus amusante de Benidorm.<\/p>\n<p>Les meilleurs enterrements de vie de gar\u00e7on avec <a href=\"https:\/\/stagpartynight.com\/\">Stagparty<\/a> !<\/p>\n<h2 style=\"text-align: center;\">Cable Skiing Benidorm<\/h2>\n<h4>\ud83c\udf0a <strong>D\u00e9couvrez l&#8217;Excitation Aquatique \u00e0 Benidorm avec le Cable Skiing! \ud83c\udfc4\u200d\u2642\ufe0f<\/strong><\/h4>\n<p>\ud83d\udca8<strong>Surfez sans limites! <\/strong>Accrochez-vous fermement au c\u00e2ble et ressentez l&#8217;adr\u00e9naline monter en fl\u00e8che alors que vous glissez sur les vagues cristallines de Benidorm \u00e0 une vitesse \u00e9poustouflante! \ud83e\udd19<\/p>\n<p>\ud83c\udf1f<strong>Une Aventure Inoubliable.<\/strong> Le Cable Skiing offre une exp\u00e9rience unique o\u00f9 la vitesse et l&#8217;eau se rencontrent pour cr\u00e9er des souvenirs durables.\u00a0 \u00c9prouvez l&#8217;excitation pure tout en \u00e9tant tir\u00e9 par un c\u00e2ble, vous permettant de glisser comme un professionnel sur l&#8217;eau scintillante. \ud83c\udf08<\/p>\n<p>\ud83c\udfbfPlongez dans l&#8217;aventure avec notre \u00e9quipement \u00e0 la pointe de la technologie ! Notre \u00e9quipe exp\u00e9riment\u00e9e vous guidera tout au long de cette \u00e9tape, vous assurant de vivre une exp\u00e9rience s\u00e9curitaire et m\u00e9morable. Notre moniteur expert vous donnera toutes les instructions n\u00e9cessaires. Nous fournissons tout le mat\u00e9riel n\u00e9cessaire, sauf la cr\u00e8me solaire ! Apportez-le car le soleil de Benidorm est tr\u00e8s tra\u00eetre.. \ud83d\udef6<\/p>\n<p>\ud83e\udd29<strong>\u00c9quipement de Pointe.<\/strong> Pas besoin d&#8217;\u00eatre un expert!\u00a0 Nous fournissons tout l&#8217;\u00e9quipement n\u00e9cessaire, des planches aux combinaisons de plong\u00e9e de qualit\u00e9 sup\u00e9rieure, pour que vous puissiez profiter de chaque moment en toute confiance et confort. \ud83c\udf0a\ud83d\udc55<\/p>\n<p>\u2728<strong>R\u00e9servez d\u00e8s maintenant! <\/strong>\u00a0L&#8217;aventure vous attend! R\u00e9servez votre session de Cable Skiing d\u00e8s maintenant et d\u00e9couvrez une nouvelle dimension d&#8217;excitation aquatique \u00e0 <a href=\"https:\/\/es.wikipedia.org\/wiki\/Benidorm\">Benidorm<\/a>. \ud83c\udf9f\ufe0f<\/p>\n<p style=\"text-align: center;\">\ud83d\udca6 Ne manquez pas l&#8217;occasion de vivre une exp\u00e9rience inoubliable! \ud83c\udf0a<\/p>\n<p style=\"text-align: center;\">R\u00e9servez Cable Skiing!<\/p>\n<\/div>\n<\/div>\n<\/div>\n<div class=\"mt-1 flex justify-start gap-3 empty:hidden\">\n<div class=\"text-gray-400 flex self-end lg:self-center justify-center lg:justify-start mt-0 -ml-1 visible\">\n<p>&nbsp;<\/p>\n<div class=\"flex\"><\/div>\n<div class=\"flex items-center gap-1.5 text-xs\"><\/div>\n<\/div>\n<\/div>\n<\/div>\n<div class=\"absolute\">\n<div class=\"flex w-full gap-2 items-center justify-center\"><\/div>\n<\/div>\n<\/div>\n<\/div>\n<\/div>\n<\/div>\n<\/div>\n<\/div>\n<\/div>\n<\/div>\n<div class=\"w-full pt-2 md:pt-0 dark:border-white\/20 md:border-transparent md:dark:border-transparent md:w-[calc(100%-.5rem)]\">\n<form class=\"stretch mx-2 flex flex-row gap-3 last:mb-2 md:mx-4 md:last:mb-6 lg:mx-auto lg:max-w-2xl xl:max-w-3xl\">\n<div class=\"relative flex h-full flex-1 items-stretch md:flex-col\">\n<div class=\"flex w-full items-center\"><\/div>\n<\/div>\n<\/form>\n<\/div>\n","protected":false},"excerpt":{"rendered":"<p>Cable Skiing Benidorm. Adr\u00e9naline, eau et c\u00f4te de Benidorm pour profiter de vos vacances. Pr\u00eat \u00e0 surfer sur les vagues ? L&#8217;activit\u00e9 nautique la plus amusante de Benidorm. Les meilleurs enterrements de vie de gar\u00e7on avec Stagparty ! Cable Skiing Benidorm \ud83c\udf0a D\u00e9couvrez l&#8217;Excitation Aquatique \u00e0 Benidorm avec le Cable Skiing! \ud83c\udfc4\u200d\u2642\ufe0f \ud83d\udca8Surfez sans limites! [&hellip;]<\/p>\n","protected":false},"featured_media":2891,"comment_status":"open","ping_status":"closed","template":"","meta":{"_et_pb_use_builder":"","_et_pb_old_content":"","_et_gb_content_width":""},"product_brand":[],"product_cat":[600],"product_tag":[],"class_list":{"0":"post-2890","1":"product","2":"type-product","3":"status-publish","4":"has-post-thumbnail","6":"product_cat-benidorm","8":"first","9":"instock","10":"shipping-taxable","11":"product-type-simple"},"yoast_head":"<!-- This site is optimized with the Yoast SEO plugin v26.4 - https:\/\/yoast.com\/wordpress\/plugins\/seo\/ -->\n<title>Cable Skiing Benidorm<\/title>\n<meta name=\"description\" content=\"Cable Skiing Benidorm. Adr\u00e9naline, eau et c\u00f4te de Benidorm pour profiter de vos vacances. Benidorm Experience Water Activities.\" \/>\n<meta name=\"robots\" content=\"index, follow, max-snippet:-1, max-image-preview:large, max-video-preview:-1\" \/>\n<link rel=\"canonical\" href=\"https:\/\/stagpartynight.com\/fr\/product\/cable-skiing-benidorm\/\" \/>\n<meta property=\"og:locale\" content=\"en_GB\" \/>\n<meta property=\"og:type\" content=\"article\" \/>\n<meta property=\"og:title\" content=\"Cable Skiing Benidorm\" \/>\n<meta property=\"og:description\" content=\"Cable Skiing Benidorm. Adr\u00e9naline, eau et c\u00f4te de Benidorm pour profiter de vos vacances. Benidorm Experience Water Activities.\" \/>\n<meta property=\"og:url\" content=\"https:\/\/stagpartynight.com\/fr\/product\/cable-skiing-benidorm\/\" \/>\n<meta property=\"og:site_name\" content=\"Nuit de f\u00eate de cerf\" \/>\n<meta property=\"article:modified_time\" content=\"2024-01-23T09:37:33+00:00\" \/>\n<meta property=\"og:image\" content=\"https:\/\/stagpartynight.com\/fr\/wp-content\/uploads\/sites\/3\/2024\/01\/Cable-Skiing-Benidorm.jpg\" \/>\n\t<meta property=\"og:image:width\" content=\"1200\" \/>\n\t<meta property=\"og:image:height\" content=\"675\" \/>\n\t<meta property=\"og:image:type\" content=\"image\/jpeg\" \/>\n<meta name=\"twitter:card\" content=\"summary_large_image\" \/>\n<meta name=\"twitter:label1\" content=\"Estimated reading time\" \/>\n\t<meta name=\"twitter:data1\" content=\"2 minutes\" \/>\n<script type=\"application\/ld+json\" class=\"yoast-schema-graph\">{\"@context\":\"https:\/\/schema.org\",\"@graph\":[{\"@type\":\"WebPage\",\"@id\":\"https:\/\/stagpartynight.com\/fr\/product\/cable-skiing-benidorm\/\",\"url\":\"https:\/\/stagpartynight.com\/fr\/product\/cable-skiing-benidorm\/\",\"name\":\"Cable Skiing Benidorm\",\"isPartOf\":{\"@id\":\"https:\/\/stagpartynight.com\/fr\/#website\"},\"primaryImageOfPage\":{\"@id\":\"https:\/\/stagpartynight.com\/fr\/product\/cable-skiing-benidorm\/#primaryimage\"},\"image\":{\"@id\":\"https:\/\/stagpartynight.com\/fr\/product\/cable-skiing-benidorm\/#primaryimage\"},\"thumbnailUrl\":\"https:\/\/stagpartynight.com\/fr\/wp-content\/uploads\/sites\/3\/2024\/01\/Cable-Skiing-Benidorm.jpg\",\"datePublished\":\"2024-01-12T12:42:50+00:00\",\"dateModified\":\"2024-01-23T09:37:33+00:00\",\"description\":\"Cable Skiing Benidorm. Adr\u00e9naline, eau et c\u00f4te de Benidorm pour profiter de vos vacances. Benidorm Experience Water Activities.\",\"breadcrumb\":{\"@id\":\"https:\/\/stagpartynight.com\/fr\/product\/cable-skiing-benidorm\/#breadcrumb\"},\"inLanguage\":\"en-GB\",\"potentialAction\":[{\"@type\":\"ReadAction\",\"target\":[\"https:\/\/stagpartynight.com\/fr\/product\/cable-skiing-benidorm\/\"]}]},{\"@type\":\"ImageObject\",\"inLanguage\":\"en-GB\",\"@id\":\"https:\/\/stagpartynight.com\/fr\/product\/cable-skiing-benidorm\/#primaryimage\",\"url\":\"https:\/\/stagpartynight.com\/fr\/wp-content\/uploads\/sites\/3\/2024\/01\/Cable-Skiing-Benidorm.jpg\",\"contentUrl\":\"https:\/\/stagpartynight.com\/fr\/wp-content\/uploads\/sites\/3\/2024\/01\/Cable-Skiing-Benidorm.jpg\",\"width\":1200,\"height\":675,\"caption\":\"Cable Skiing Benidorm\"},{\"@type\":\"BreadcrumbList\",\"@id\":\"https:\/\/stagpartynight.com\/fr\/product\/cable-skiing-benidorm\/#breadcrumb\",\"itemListElement\":[{\"@type\":\"ListItem\",\"position\":1,\"name\":\"Home\",\"item\":\"https:\/\/stagpartynight.com\/fr\/\"},{\"@type\":\"ListItem\",\"position\":2,\"name\":\"Tienda\",\"item\":\"https:\/\/stagpartynight.com\/fr\/tienda\/\"},{\"@type\":\"ListItem\",\"position\":3,\"name\":\"Cable Skiing Benidorm\"}]},{\"@type\":\"WebSite\",\"@id\":\"https:\/\/stagpartynight.com\/fr\/#website\",\"url\":\"https:\/\/stagpartynight.com\/fr\/\",\"name\":\"Stag Party Night\",\"description\":\"Your Stag Party Customized\",\"publisher\":{\"@id\":\"https:\/\/stagpartynight.com\/fr\/#organization\"},\"potentialAction\":[{\"@type\":\"SearchAction\",\"target\":{\"@type\":\"EntryPoint\",\"urlTemplate\":\"https:\/\/stagpartynight.com\/fr\/?s={search_term_string}\"},\"query-input\":{\"@type\":\"PropertyValueSpecification\",\"valueRequired\":true,\"valueName\":\"search_term_string\"}}],\"inLanguage\":\"en-GB\"},{\"@type\":\"Organization\",\"@id\":\"https:\/\/stagpartynight.com\/fr\/#organization\",\"name\":\"Stag Party Night\",\"url\":\"https:\/\/stagpartynight.com\/fr\/\",\"logo\":{\"@type\":\"ImageObject\",\"inLanguage\":\"en-GB\",\"@id\":\"https:\/\/stagpartynight.com\/fr\/#\/schema\/logo\/image\/\",\"url\":\"https:\/\/stagpartynight.com\/fr\/wp-content\/uploads\/sites\/3\/2019\/12\/stagpartynight-e1578565505687.png\",\"contentUrl\":\"https:\/\/stagpartynight.com\/fr\/wp-content\/uploads\/sites\/3\/2019\/12\/stagpartynight-e1578565505687.png\",\"width\":400,\"height\":400,\"caption\":\"Stag Party Night\"},\"image\":{\"@id\":\"https:\/\/stagpartynight.com\/fr\/#\/schema\/logo\/image\/\"}}]}<\/script>\n<!-- \/ Yoast SEO plugin. -->","yoast_head_json":{"title":"Cable Skiing Benidorm","description":"Cable Skiing Benidorm. Adr\u00e9naline, eau et c\u00f4te de Benidorm pour profiter de vos vacances. Benidorm Experience Water Activities.","robots":{"index":"index","follow":"follow","max-snippet":"max-snippet:-1","max-image-preview":"max-image-preview:large","max-video-preview":"max-video-preview:-1"},"canonical":"https:\/\/stagpartynight.com\/fr\/product\/cable-skiing-benidorm\/","og_locale":"en_GB","og_type":"article","og_title":"Cable Skiing Benidorm","og_description":"Cable Skiing Benidorm. Adr\u00e9naline, eau et c\u00f4te de Benidorm pour profiter de vos vacances. Benidorm Experience Water Activities.","og_url":"https:\/\/stagpartynight.com\/fr\/product\/cable-skiing-benidorm\/","og_site_name":"Nuit de f\u00eate de cerf","article_modified_time":"2024-01-23T09:37:33+00:00","og_image":[{"width":1200,"height":675,"url":"https:\/\/stagpartynight.com\/fr\/wp-content\/uploads\/sites\/3\/2024\/01\/Cable-Skiing-Benidorm.jpg","type":"image\/jpeg"}],"twitter_card":"summary_large_image","twitter_misc":{"Estimated reading time":"2 minutes"},"schema":{"@context":"https:\/\/schema.org","@graph":[{"@type":"WebPage","@id":"https:\/\/stagpartynight.com\/fr\/product\/cable-skiing-benidorm\/","url":"https:\/\/stagpartynight.com\/fr\/product\/cable-skiing-benidorm\/","name":"Cable Skiing Benidorm","isPartOf":{"@id":"https:\/\/stagpartynight.com\/fr\/#website"},"primaryImageOfPage":{"@id":"https:\/\/stagpartynight.com\/fr\/product\/cable-skiing-benidorm\/#primaryimage"},"image":{"@id":"https:\/\/stagpartynight.com\/fr\/product\/cable-skiing-benidorm\/#primaryimage"},"thumbnailUrl":"https:\/\/stagpartynight.com\/fr\/wp-content\/uploads\/sites\/3\/2024\/01\/Cable-Skiing-Benidorm.jpg","datePublished":"2024-01-12T12:42:50+00:00","dateModified":"2024-01-23T09:37:33+00:00","description":"Cable Skiing Benidorm. Adr\u00e9naline, eau et c\u00f4te de Benidorm pour profiter de vos vacances. Benidorm Experience Water Activities.","breadcrumb":{"@id":"https:\/\/stagpartynight.com\/fr\/product\/cable-skiing-benidorm\/#breadcrumb"},"inLanguage":"en-GB","potentialAction":[{"@type":"ReadAction","target":["https:\/\/stagpartynight.com\/fr\/product\/cable-skiing-benidorm\/"]}]},{"@type":"ImageObject","inLanguage":"en-GB","@id":"https:\/\/stagpartynight.com\/fr\/product\/cable-skiing-benidorm\/#primaryimage","url":"https:\/\/stagpartynight.com\/fr\/wp-content\/uploads\/sites\/3\/2024\/01\/Cable-Skiing-Benidorm.jpg","contentUrl":"https:\/\/stagpartynight.com\/fr\/wp-content\/uploads\/sites\/3\/2024\/01\/Cable-Skiing-Benidorm.jpg","width":1200,"height":675,"caption":"Cable Skiing Benidorm"},{"@type":"BreadcrumbList","@id":"https:\/\/stagpartynight.com\/fr\/product\/cable-skiing-benidorm\/#breadcrumb","itemListElement":[{"@type":"ListItem","position":1,"name":"Home","item":"https:\/\/stagpartynight.com\/fr\/"},{"@type":"ListItem","position":2,"name":"Tienda","item":"https:\/\/stagpartynight.com\/fr\/tienda\/"},{"@type":"ListItem","position":3,"name":"Cable Skiing Benidorm"}]},{"@type":"WebSite","@id":"https:\/\/stagpartynight.com\/fr\/#website","url":"https:\/\/stagpartynight.com\/fr\/","name":"Stag Party Night","description":"Your Stag Party Customized","publisher":{"@id":"https:\/\/stagpartynight.com\/fr\/#organization"},"potentialAction":[{"@type":"SearchAction","target":{"@type":"EntryPoint","urlTemplate":"https:\/\/stagpartynight.com\/fr\/?s={search_term_string}"},"query-input":{"@type":"PropertyValueSpecification","valueRequired":true,"valueName":"search_term_string"}}],"inLanguage":"en-GB"},{"@type":"Organization","@id":"https:\/\/stagpartynight.com\/fr\/#organization","name":"Stag Party Night","url":"https:\/\/stagpartynight.com\/fr\/","logo":{"@type":"ImageObject","inLanguage":"en-GB","@id":"https:\/\/stagpartynight.com\/fr\/#\/schema\/logo\/image\/","url":"https:\/\/stagpartynight.com\/fr\/wp-content\/uploads\/sites\/3\/2019\/12\/stagpartynight-e1578565505687.png","contentUrl":"https:\/\/stagpartynight.com\/fr\/wp-content\/uploads\/sites\/3\/2019\/12\/stagpartynight-e1578565505687.png","width":400,"height":400,"caption":"Stag Party Night"},"image":{"@id":"https:\/\/stagpartynight.com\/fr\/#\/schema\/logo\/image\/"}}]}},"_links":{"self":[{"href":"https:\/\/stagpartynight.com\/fr\/wp-json\/wp\/v2\/product\/2890","targetHints":{"allow":["GET"]}}],"collection":[{"href":"https:\/\/stagpartynight.com\/fr\/wp-json\/wp\/v2\/product"}],"about":[{"href":"https:\/\/stagpartynight.com\/fr\/wp-json\/wp\/v2\/types\/product"}],"replies":[{"embeddable":true,"href":"https:\/\/stagpartynight.com\/fr\/wp-json\/wp\/v2\/comments?post=2890"}],"wp:featuredmedia":[{"embeddable":true,"href":"https:\/\/stagpartynight.com\/fr\/wp-json\/wp\/v2\/media\/2891"}],"wp:attachment":[{"href":"https:\/\/stagpartynight.com\/fr\/wp-json\/wp\/v2\/media?parent=2890"}],"wp:term":[{"taxonomy":"product_brand","embeddable":true,"href":"https:\/\/stagpartynight.com\/fr\/wp-json\/wp\/v2\/product_brand?post=2890"},{"taxonomy":"product_cat","embeddable":true,"href":"https:\/\/stagpartynight.com\/fr\/wp-json\/wp\/v2\/product_cat?post=2890"},{"taxonomy":"product_tag","embeddable":true,"href":"https:\/\/stagpartynight.com\/fr\/wp-json\/wp\/v2\/product_tag?post=2890"}],"curies":[{"name":"wp","href":"https:\/\/api.w.org\/{rel}","templated":true}]}}