{"id":2894,"date":"2024-01-12T13:54:00","date_gmt":"2024-01-12T12:54:00","guid":{"rendered":"https:\/\/stagpartynight.com\/fr\/?post_type=product&#038;p=2894"},"modified":"2024-01-23T10:36:07","modified_gmt":"2024-01-23T09:36:07","slug":"bateau-prive-benidorm","status":"publish","type":"product","link":"https:\/\/stagpartynight.com\/fr\/product\/bateau-prive-benidorm\/","title":{"rendered":"Bateau priv\u00e9 Benidorm"},"content":{"rendered":"<p>Bateau priv\u00e9 Benidorm. Explorez Benidorm sur un bateau priv\u00e9 pour 11 personnes (plus le capitaine expert). Petit bateau.<\/p>\n<p>Les meilleurs enterrements de vie de gar\u00e7on avec <a href=\"https:\/\/stagpartynight.com\/\">Stagparty<\/a> !<\/p>\n<h2 style=\"text-align: center;\">Bateau priv\u00e9 Benidorm<\/h2>\n<p>\ud83d\udea4 <strong>Explorez les Eaux de Benidorm avec \u00c9l\u00e9gance! Location de Bateau Priv\u00e9 pour 11 Personnes! \u2693<\/strong><\/p>\n<p><strong>&#8220;Naviguez avec Style!&#8221;<\/strong> Embarquez pour une aventure unique avec notre service de location de bateau \u00e0 Benidorm! Louez une lancha rapide con\u00e7ue pour 11 personnes et accompagn\u00e9e d&#8217;un capitaine expert pour une exp\u00e9rience maritime inoubliable! \ud83c\udf0a\ud83d\udcbc<\/p>\n<p><strong>&#8220;Des Tarifs Flexibles, Pas de Limite de Temps!&#8221;<\/strong> Profitez de nos tarifs flexibles, factur\u00e9s \u00e0 l&#8217;heure, avec un minimum d&#8217;une heure de location et sans limite maximale! Vous avez le contr\u00f4le total de votre escapade nautique. \ud83d\udd70\ufe0f\ud83c\udf05<\/p>\n<p><strong>&#8220;Cava Frais et M\u00e9lodies en Mer!&#8221;<\/strong> Chaque location comprend une bouteille de cava pour une touche de luxe et de raffinement. De plus, cr\u00e9ez l&#8217;ambiance parfaite avec votre propre playlist musicale \u00e0 bord! \ud83c\udf7e\ud83c\udfb6<\/p>\n<p><strong>&#8220;Capitaine Exp\u00e9riment\u00e9 Inclus!&#8221;<\/strong> Notre \u00e9quipe de capitaines experts vous assure une navigation en toute s\u00e9curit\u00e9 et en toute confiance. Profitez de la vue imprenable sur les c\u00f4tes de Benidorm sans souci! \ud83e\uddd1\u200d\u2708\ufe0f\ud83d\udc41\ufe0f<\/p>\n<p><strong>&#8220;R\u00e9servez Votre \u00c9vasion Marine!&#8221;<\/strong> R\u00e9servez d\u00e8s aujourd&#8217;hui votre exp\u00e9rience de navigation exclusive et d\u00e9couvrez <a href=\"https:\/\/es.wikipedia.org\/wiki\/Benidorm\">Benidorm<\/a> depuis une perspective unique. Plongez dans le luxe et le confort de notre bateau priv\u00e9 pour une journ\u00e9e ou soir\u00e9e m\u00e9morable en mer! \u26f5\ud83c\udf34<\/p>\n","protected":false},"excerpt":{"rendered":"<p>Bateau priv\u00e9 Benidorm. Explorez Benidorm sur un bateau priv\u00e9 pour 11 personnes (plus le capitaine expert). Petit bateau. Les meilleurs enterrements de vie de gar\u00e7on avec Stagparty ! Bateau priv\u00e9 Benidorm \ud83d\udea4 Explorez les Eaux de Benidorm avec \u00c9l\u00e9gance! Location de Bateau Priv\u00e9 pour 11 Personnes! \u2693 &#8220;Naviguez avec Style!&#8221; Embarquez pour une aventure unique [&hellip;]<\/p>\n","protected":false},"featured_media":2895,"comment_status":"open","ping_status":"closed","template":"","meta":{"_et_pb_use_builder":"","_et_pb_old_content":"","_et_gb_content_width":""},"product_brand":[],"product_cat":[600],"product_tag":[],"class_list":{"0":"post-2894","1":"product","2":"type-product","3":"status-publish","4":"has-post-thumbnail","6":"product_cat-benidorm","8":"first","9":"instock","10":"shipping-taxable","11":"product-type-simple"},"yoast_head":"<!-- This site is optimized with the Yoast SEO Premium plugin v27.5 (Yoast SEO v27.5) - https:\/\/yoast.com\/product\/yoast-seo-premium-wordpress\/ -->\n<title>Bateau priv\u00e9 Benidorm<\/title>\n<meta name=\"description\" content=\"Bateau priv\u00e9 Benidorm.Explorez Benidorm sur un bateau priv\u00e9 pour 11 personnes (plus le capitaine expert). Petit bateau. Benidorm\" \/>\n<meta name=\"robots\" content=\"index, follow, max-snippet:-1, max-image-preview:large, max-video-preview:-1\" \/>\n<link rel=\"canonical\" href=\"https:\/\/stagpartynight.com\/fr\/product\/bateau-prive-benidorm\/\" \/>\n<meta property=\"og:locale\" content=\"en_GB\" \/>\n<meta property=\"og:type\" content=\"article\" \/>\n<meta property=\"og:title\" content=\"Bateau priv\u00e9 Benidorm\" \/>\n<meta property=\"og:description\" content=\"Bateau priv\u00e9 Benidorm.Explorez Benidorm sur un bateau priv\u00e9 pour 11 personnes (plus le capitaine expert). Petit bateau. Benidorm\" \/>\n<meta property=\"og:url\" content=\"https:\/\/stagpartynight.com\/fr\/product\/bateau-prive-benidorm\/\" \/>\n<meta property=\"og:site_name\" content=\"Nuit de f\u00eate de cerf\" \/>\n<meta property=\"article:modified_time\" content=\"2024-01-23T09:36:07+00:00\" \/>\n<meta property=\"og:image\" content=\"https:\/\/stagpartynight.com\/fr\/wp-content\/uploads\/sites\/3\/2024\/01\/Bateau-prive-Benidorm.jpeg\" \/>\n\t<meta property=\"og:image:width\" content=\"1152\" \/>\n\t<meta property=\"og:image:height\" content=\"2048\" \/>\n\t<meta property=\"og:image:type\" content=\"image\/jpeg\" \/>\n<meta name=\"twitter:card\" content=\"summary_large_image\" \/>\n<meta name=\"twitter:label1\" content=\"Estimated reading time\" \/>\n\t<meta name=\"twitter:data1\" content=\"2 minutes\" \/>\n<script type=\"application\/ld+json\" class=\"yoast-schema-graph\">{\"@context\":\"https:\\\/\\\/schema.org\",\"@graph\":[{\"@type\":\"WebPage\",\"@id\":\"https:\\\/\\\/stagpartynight.com\\\/fr\\\/product\\\/bateau-prive-benidorm\\\/\",\"url\":\"https:\\\/\\\/stagpartynight.com\\\/fr\\\/product\\\/bateau-prive-benidorm\\\/\",\"name\":\"Bateau priv\u00e9 Benidorm\",\"isPartOf\":{\"@id\":\"https:\\\/\\\/stagpartynight.com\\\/fr\\\/#website\"},\"primaryImageOfPage\":{\"@id\":\"https:\\\/\\\/stagpartynight.com\\\/fr\\\/product\\\/bateau-prive-benidorm\\\/#primaryimage\"},\"image\":{\"@id\":\"https:\\\/\\\/stagpartynight.com\\\/fr\\\/product\\\/bateau-prive-benidorm\\\/#primaryimage\"},\"thumbnailUrl\":\"https:\\\/\\\/stagpartynight.com\\\/fr\\\/wp-content\\\/uploads\\\/sites\\\/3\\\/2024\\\/01\\\/Bateau-prive-Benidorm.jpeg\",\"datePublished\":\"2024-01-12T12:54:00+00:00\",\"dateModified\":\"2024-01-23T09:36:07+00:00\",\"description\":\"Bateau priv\u00e9 Benidorm.Explorez Benidorm sur un bateau priv\u00e9 pour 11 personnes (plus le capitaine expert). Petit bateau. Benidorm\",\"breadcrumb\":{\"@id\":\"https:\\\/\\\/stagpartynight.com\\\/fr\\\/product\\\/bateau-prive-benidorm\\\/#breadcrumb\"},\"inLanguage\":\"en-GB\",\"potentialAction\":[{\"@type\":\"ReadAction\",\"target\":[\"https:\\\/\\\/stagpartynight.com\\\/fr\\\/product\\\/bateau-prive-benidorm\\\/\"]}]},{\"@type\":\"ImageObject\",\"inLanguage\":\"en-GB\",\"@id\":\"https:\\\/\\\/stagpartynight.com\\\/fr\\\/product\\\/bateau-prive-benidorm\\\/#primaryimage\",\"url\":\"https:\\\/\\\/stagpartynight.com\\\/fr\\\/wp-content\\\/uploads\\\/sites\\\/3\\\/2024\\\/01\\\/Bateau-prive-Benidorm.jpeg\",\"contentUrl\":\"https:\\\/\\\/stagpartynight.com\\\/fr\\\/wp-content\\\/uploads\\\/sites\\\/3\\\/2024\\\/01\\\/Bateau-prive-Benidorm.jpeg\",\"width\":1152,\"height\":2048,\"caption\":\"Bateau priv\u00e9 Benidorm\"},{\"@type\":\"BreadcrumbList\",\"@id\":\"https:\\\/\\\/stagpartynight.com\\\/fr\\\/product\\\/bateau-prive-benidorm\\\/#breadcrumb\",\"itemListElement\":[{\"@type\":\"ListItem\",\"position\":1,\"name\":\"Home\",\"item\":\"https:\\\/\\\/stagpartynight.com\\\/fr\\\/\"},{\"@type\":\"ListItem\",\"position\":2,\"name\":\"Tienda\",\"item\":\"https:\\\/\\\/stagpartynight.com\\\/fr\\\/tienda\\\/\"},{\"@type\":\"ListItem\",\"position\":3,\"name\":\"Bateau priv\u00e9 Benidorm\"}]},{\"@type\":\"WebSite\",\"@id\":\"https:\\\/\\\/stagpartynight.com\\\/fr\\\/#website\",\"url\":\"https:\\\/\\\/stagpartynight.com\\\/fr\\\/\",\"name\":\"Stag Party Night\",\"description\":\"Your Stag Party Customized\",\"publisher\":{\"@id\":\"https:\\\/\\\/stagpartynight.com\\\/fr\\\/#organization\"},\"potentialAction\":[{\"@type\":\"SearchAction\",\"target\":{\"@type\":\"EntryPoint\",\"urlTemplate\":\"https:\\\/\\\/stagpartynight.com\\\/fr\\\/?s={search_term_string}\"},\"query-input\":{\"@type\":\"PropertyValueSpecification\",\"valueRequired\":true,\"valueName\":\"search_term_string\"}}],\"inLanguage\":\"en-GB\"},{\"@type\":\"Organization\",\"@id\":\"https:\\\/\\\/stagpartynight.com\\\/fr\\\/#organization\",\"name\":\"Stag Party Night\",\"url\":\"https:\\\/\\\/stagpartynight.com\\\/fr\\\/\",\"logo\":{\"@type\":\"ImageObject\",\"inLanguage\":\"en-GB\",\"@id\":\"https:\\\/\\\/stagpartynight.com\\\/fr\\\/#\\\/schema\\\/logo\\\/image\\\/\",\"url\":\"https:\\\/\\\/stagpartynight.com\\\/fr\\\/wp-content\\\/uploads\\\/sites\\\/3\\\/2019\\\/12\\\/stagpartynight-e1578565505687.png\",\"contentUrl\":\"https:\\\/\\\/stagpartynight.com\\\/fr\\\/wp-content\\\/uploads\\\/sites\\\/3\\\/2019\\\/12\\\/stagpartynight-e1578565505687.png\",\"width\":400,\"height\":400,\"caption\":\"Stag Party Night\"},\"image\":{\"@id\":\"https:\\\/\\\/stagpartynight.com\\\/fr\\\/#\\\/schema\\\/logo\\\/image\\\/\"}}]}<\/script>\n<!-- \/ Yoast SEO Premium plugin. -->","yoast_head_json":{"title":"Bateau priv\u00e9 Benidorm","description":"Bateau priv\u00e9 Benidorm.Explorez Benidorm sur un bateau priv\u00e9 pour 11 personnes (plus le capitaine expert). Petit bateau. Benidorm","robots":{"index":"index","follow":"follow","max-snippet":"max-snippet:-1","max-image-preview":"max-image-preview:large","max-video-preview":"max-video-preview:-1"},"canonical":"https:\/\/stagpartynight.com\/fr\/product\/bateau-prive-benidorm\/","og_locale":"en_GB","og_type":"article","og_title":"Bateau priv\u00e9 Benidorm","og_description":"Bateau priv\u00e9 Benidorm.Explorez Benidorm sur un bateau priv\u00e9 pour 11 personnes (plus le capitaine expert). Petit bateau. Benidorm","og_url":"https:\/\/stagpartynight.com\/fr\/product\/bateau-prive-benidorm\/","og_site_name":"Nuit de f\u00eate de cerf","article_modified_time":"2024-01-23T09:36:07+00:00","og_image":[{"width":1152,"height":2048,"url":"https:\/\/stagpartynight.com\/fr\/wp-content\/uploads\/sites\/3\/2024\/01\/Bateau-prive-Benidorm.jpeg","type":"image\/jpeg"}],"twitter_card":"summary_large_image","twitter_misc":{"Estimated reading time":"2 minutes"},"schema":{"@context":"https:\/\/schema.org","@graph":[{"@type":"WebPage","@id":"https:\/\/stagpartynight.com\/fr\/product\/bateau-prive-benidorm\/","url":"https:\/\/stagpartynight.com\/fr\/product\/bateau-prive-benidorm\/","name":"Bateau priv\u00e9 Benidorm","isPartOf":{"@id":"https:\/\/stagpartynight.com\/fr\/#website"},"primaryImageOfPage":{"@id":"https:\/\/stagpartynight.com\/fr\/product\/bateau-prive-benidorm\/#primaryimage"},"image":{"@id":"https:\/\/stagpartynight.com\/fr\/product\/bateau-prive-benidorm\/#primaryimage"},"thumbnailUrl":"https:\/\/stagpartynight.com\/fr\/wp-content\/uploads\/sites\/3\/2024\/01\/Bateau-prive-Benidorm.jpeg","datePublished":"2024-01-12T12:54:00+00:00","dateModified":"2024-01-23T09:36:07+00:00","description":"Bateau priv\u00e9 Benidorm.Explorez Benidorm sur un bateau priv\u00e9 pour 11 personnes (plus le capitaine expert). Petit bateau. Benidorm","breadcrumb":{"@id":"https:\/\/stagpartynight.com\/fr\/product\/bateau-prive-benidorm\/#breadcrumb"},"inLanguage":"en-GB","potentialAction":[{"@type":"ReadAction","target":["https:\/\/stagpartynight.com\/fr\/product\/bateau-prive-benidorm\/"]}]},{"@type":"ImageObject","inLanguage":"en-GB","@id":"https:\/\/stagpartynight.com\/fr\/product\/bateau-prive-benidorm\/#primaryimage","url":"https:\/\/stagpartynight.com\/fr\/wp-content\/uploads\/sites\/3\/2024\/01\/Bateau-prive-Benidorm.jpeg","contentUrl":"https:\/\/stagpartynight.com\/fr\/wp-content\/uploads\/sites\/3\/2024\/01\/Bateau-prive-Benidorm.jpeg","width":1152,"height":2048,"caption":"Bateau priv\u00e9 Benidorm"},{"@type":"BreadcrumbList","@id":"https:\/\/stagpartynight.com\/fr\/product\/bateau-prive-benidorm\/#breadcrumb","itemListElement":[{"@type":"ListItem","position":1,"name":"Home","item":"https:\/\/stagpartynight.com\/fr\/"},{"@type":"ListItem","position":2,"name":"Tienda","item":"https:\/\/stagpartynight.com\/fr\/tienda\/"},{"@type":"ListItem","position":3,"name":"Bateau priv\u00e9 Benidorm"}]},{"@type":"WebSite","@id":"https:\/\/stagpartynight.com\/fr\/#website","url":"https:\/\/stagpartynight.com\/fr\/","name":"Stag Party Night","description":"Your Stag Party Customized","publisher":{"@id":"https:\/\/stagpartynight.com\/fr\/#organization"},"potentialAction":[{"@type":"SearchAction","target":{"@type":"EntryPoint","urlTemplate":"https:\/\/stagpartynight.com\/fr\/?s={search_term_string}"},"query-input":{"@type":"PropertyValueSpecification","valueRequired":true,"valueName":"search_term_string"}}],"inLanguage":"en-GB"},{"@type":"Organization","@id":"https:\/\/stagpartynight.com\/fr\/#organization","name":"Stag Party Night","url":"https:\/\/stagpartynight.com\/fr\/","logo":{"@type":"ImageObject","inLanguage":"en-GB","@id":"https:\/\/stagpartynight.com\/fr\/#\/schema\/logo\/image\/","url":"https:\/\/stagpartynight.com\/fr\/wp-content\/uploads\/sites\/3\/2019\/12\/stagpartynight-e1578565505687.png","contentUrl":"https:\/\/stagpartynight.com\/fr\/wp-content\/uploads\/sites\/3\/2019\/12\/stagpartynight-e1578565505687.png","width":400,"height":400,"caption":"Stag Party Night"},"image":{"@id":"https:\/\/stagpartynight.com\/fr\/#\/schema\/logo\/image\/"}}]}},"_links":{"self":[{"href":"https:\/\/stagpartynight.com\/fr\/wp-json\/wp\/v2\/product\/2894","targetHints":{"allow":["GET"]}}],"collection":[{"href":"https:\/\/stagpartynight.com\/fr\/wp-json\/wp\/v2\/product"}],"about":[{"href":"https:\/\/stagpartynight.com\/fr\/wp-json\/wp\/v2\/types\/product"}],"replies":[{"embeddable":true,"href":"https:\/\/stagpartynight.com\/fr\/wp-json\/wp\/v2\/comments?post=2894"}],"wp:featuredmedia":[{"embeddable":true,"href":"https:\/\/stagpartynight.com\/fr\/wp-json\/wp\/v2\/media\/2895"}],"wp:attachment":[{"href":"https:\/\/stagpartynight.com\/fr\/wp-json\/wp\/v2\/media?parent=2894"}],"wp:term":[{"taxonomy":"product_brand","embeddable":true,"href":"https:\/\/stagpartynight.com\/fr\/wp-json\/wp\/v2\/product_brand?post=2894"},{"taxonomy":"product_cat","embeddable":true,"href":"https:\/\/stagpartynight.com\/fr\/wp-json\/wp\/v2\/product_cat?post=2894"},{"taxonomy":"product_tag","embeddable":true,"href":"https:\/\/stagpartynight.com\/fr\/wp-json\/wp\/v2\/product_tag?post=2894"}],"curies":[{"name":"wp","href":"https:\/\/api.w.org\/{rel}","templated":true}]}}