{"id":2899,"date":"2024-01-15T10:25:05","date_gmt":"2024-01-15T09:25:05","guid":{"rendered":"https:\/\/stagpartynight.com\/fr\/?post_type=product&#038;p=2899"},"modified":"2024-01-23T10:40:57","modified_gmt":"2024-01-23T09:40:57","slug":"segway-tour-benidorm","status":"publish","type":"product","link":"https:\/\/stagpartynight.com\/fr\/product\/segway-tour-benidorm\/","title":{"rendered":"Segway Tour Benidorm"},"content":{"rendered":"<p>Segway Tour Benidorm. Visite en Segway \u00e0 Benidorm. Profitez d&#8217;une visite de 90 minutes pleine de plaisir et d&#8217;adr\u00e9naline en Segway.<\/p>\n<p>Les meilleurs enterrements de vie de gar\u00e7on avec <a href=\"https:\/\/stagpartynight.com\/\">StagParty<\/a>!<\/p>\n<h2 style=\"text-align: center;\">Segway Tour Benidorm\ud83d\udef4<\/h2>\n<h4>Explorez Benidorm avec Style! \ud83c\udf04<\/h4>\n<p>D\u00e9couvrez l&#8217;excitation ultime de l&#8217;exploration \u00e0 Benidorm avec notre incroyable tour en Segway \u00e0 travers les majestueuses montagnes de la r\u00e9gion. Pendant une heure et demie, plongez-vous dans l&#8217;aventure! Alors que notre guide expert vous emm\u00e8ne \u00e0 travers des sentiers panoramiques, offrant des vues \u00e0 couper le souffle sur la beaut\u00e9 naturelle de Benidorm.<\/p>\n<p>\u00c0 bord de nos Segways modernes et \u00e9cologiques, vivez une exp\u00e9rience unique et divertissante, glissant sans effort \u00e0 travers les chemins sinueux de la montagne. Nos guides locaux passionn\u00e9s veilleront \u00e0 ce que votre exp\u00e9rience soit non seulement amusante mais aussi instructive. \u00c0 chaque arr\u00eat, ils partageront des anecdotes fascinantes sur l&#8217;histoire, la culture et la biodiversit\u00e9 de la r\u00e9gion, enrichissant ainsi votre aventure.\ud83d\ude80<\/p>\n<p>Profitez pleinement de 90 minutes de pur plaisir en Segway, d\u00e9couvrant des panoramas spectaculaires que seul Benidorm peut offrir. Les moments d&#8217;arr\u00eat planifi\u00e9s permettront \u00e0 votre guide de partager des faits int\u00e9ressants et de r\u00e9pondre \u00e0 toutes vos questions. Laissez-vous s\u00e9duire par la sensation de libert\u00e9 tout en explorant les coins les plus recul\u00e9s de la montagne.<\/p>\n<p>Que vous soyez d\u00e9butant ou habitu\u00e9 du Segway, notre tour est con\u00e7u pour tous les niveaux de comp\u00e9tence. Rejoignez-nous pour une exp\u00e9rience inoubliable, alliant aventure, d\u00e9couverte et amusement. R\u00e9servez d\u00e8s maintenant votre place pour une escapade m\u00e9morable dans les montagnes de Benidorm, et pr\u00e9parez-vous \u00e0 \u00eatre \u00e9bloui par la nature \u00e0 chaque virage. \ud83c\udf1f<\/p>\n<p style=\"text-align: center;\">\u00a0\ud83c\udf1fR\u00e9servez Segway Tour <a href=\"https:\/\/es.wikipedia.org\/wiki\/Benidorm\">Benidorm <\/a>\ud83c\udf1f<\/p>\n","protected":false},"excerpt":{"rendered":"<p>Segway Tour Benidorm. Visite en Segway \u00e0 Benidorm. Profitez d&#8217;une visite de 90 minutes pleine de plaisir et d&#8217;adr\u00e9naline en Segway. Les meilleurs enterrements de vie de gar\u00e7on avec StagParty! Segway Tour Benidorm\ud83d\udef4 Explorez Benidorm avec Style! \ud83c\udf04 D\u00e9couvrez l&#8217;excitation ultime de l&#8217;exploration \u00e0 Benidorm avec notre incroyable tour en Segway \u00e0 travers les majestueuses [&hellip;]<\/p>\n","protected":false},"featured_media":2900,"comment_status":"open","ping_status":"closed","template":"","meta":{"_et_pb_use_builder":"","_et_pb_old_content":"","_et_gb_content_width":""},"product_brand":[],"product_cat":[600],"product_tag":[],"class_list":{"0":"post-2899","1":"product","2":"type-product","3":"status-publish","4":"has-post-thumbnail","6":"product_cat-benidorm","8":"first","9":"instock","10":"shipping-taxable","11":"product-type-simple"},"yoast_head":"<!-- This site is optimized with the Yoast SEO Premium plugin v27.5 (Yoast SEO v27.5) - https:\/\/yoast.com\/product\/yoast-seo-premium-wordpress\/ -->\n<title>Segway Tour Benidorm<\/title>\n<meta name=\"description\" content=\"Segway Tour Benidorm. Visite en Segway \u00e0 Benidorm. Profitez d&#039;une visite de 90 minutes pleine de plaisir et d&#039;adr\u00e9naline en Segway.\" \/>\n<meta name=\"robots\" content=\"index, follow, max-snippet:-1, max-image-preview:large, max-video-preview:-1\" \/>\n<link rel=\"canonical\" href=\"https:\/\/stagpartynight.com\/fr\/product\/segway-tour-benidorm\/\" \/>\n<meta property=\"og:locale\" content=\"en_GB\" \/>\n<meta property=\"og:type\" content=\"article\" \/>\n<meta property=\"og:title\" content=\"Segway Tour Benidorm\" \/>\n<meta property=\"og:description\" content=\"Segway Tour Benidorm. Visite en Segway \u00e0 Benidorm. Profitez d&#039;une visite de 90 minutes pleine de plaisir et d&#039;adr\u00e9naline en Segway.\" \/>\n<meta property=\"og:url\" content=\"https:\/\/stagpartynight.com\/fr\/product\/segway-tour-benidorm\/\" \/>\n<meta property=\"og:site_name\" content=\"Nuit de f\u00eate de cerf\" \/>\n<meta property=\"article:modified_time\" content=\"2024-01-23T09:40:57+00:00\" \/>\n<meta property=\"og:image\" content=\"https:\/\/stagpartynight.com\/fr\/wp-content\/uploads\/sites\/3\/2024\/01\/Segway-Tour-Benidorm.jpg\" \/>\n\t<meta property=\"og:image:width\" content=\"585\" \/>\n\t<meta property=\"og:image:height\" content=\"438\" \/>\n\t<meta property=\"og:image:type\" content=\"image\/jpeg\" \/>\n<meta name=\"twitter:card\" content=\"summary_large_image\" \/>\n<meta name=\"twitter:label1\" content=\"Estimated reading time\" \/>\n\t<meta name=\"twitter:data1\" content=\"2 minutes\" \/>\n<script type=\"application\/ld+json\" class=\"yoast-schema-graph\">{\"@context\":\"https:\\\/\\\/schema.org\",\"@graph\":[{\"@type\":\"WebPage\",\"@id\":\"https:\\\/\\\/stagpartynight.com\\\/fr\\\/product\\\/segway-tour-benidorm\\\/\",\"url\":\"https:\\\/\\\/stagpartynight.com\\\/fr\\\/product\\\/segway-tour-benidorm\\\/\",\"name\":\"Segway Tour Benidorm\",\"isPartOf\":{\"@id\":\"https:\\\/\\\/stagpartynight.com\\\/fr\\\/#website\"},\"primaryImageOfPage\":{\"@id\":\"https:\\\/\\\/stagpartynight.com\\\/fr\\\/product\\\/segway-tour-benidorm\\\/#primaryimage\"},\"image\":{\"@id\":\"https:\\\/\\\/stagpartynight.com\\\/fr\\\/product\\\/segway-tour-benidorm\\\/#primaryimage\"},\"thumbnailUrl\":\"https:\\\/\\\/stagpartynight.com\\\/fr\\\/wp-content\\\/uploads\\\/sites\\\/3\\\/2024\\\/01\\\/Segway-Tour-Benidorm.jpg\",\"datePublished\":\"2024-01-15T09:25:05+00:00\",\"dateModified\":\"2024-01-23T09:40:57+00:00\",\"description\":\"Segway Tour Benidorm. Visite en Segway \u00e0 Benidorm. Profitez d'une visite de 90 minutes pleine de plaisir et d'adr\u00e9naline en Segway.\",\"breadcrumb\":{\"@id\":\"https:\\\/\\\/stagpartynight.com\\\/fr\\\/product\\\/segway-tour-benidorm\\\/#breadcrumb\"},\"inLanguage\":\"en-GB\",\"potentialAction\":[{\"@type\":\"ReadAction\",\"target\":[\"https:\\\/\\\/stagpartynight.com\\\/fr\\\/product\\\/segway-tour-benidorm\\\/\"]}]},{\"@type\":\"ImageObject\",\"inLanguage\":\"en-GB\",\"@id\":\"https:\\\/\\\/stagpartynight.com\\\/fr\\\/product\\\/segway-tour-benidorm\\\/#primaryimage\",\"url\":\"https:\\\/\\\/stagpartynight.com\\\/fr\\\/wp-content\\\/uploads\\\/sites\\\/3\\\/2024\\\/01\\\/Segway-Tour-Benidorm.jpg\",\"contentUrl\":\"https:\\\/\\\/stagpartynight.com\\\/fr\\\/wp-content\\\/uploads\\\/sites\\\/3\\\/2024\\\/01\\\/Segway-Tour-Benidorm.jpg\",\"width\":585,\"height\":438,\"caption\":\"Segway Tour Benidorm\"},{\"@type\":\"BreadcrumbList\",\"@id\":\"https:\\\/\\\/stagpartynight.com\\\/fr\\\/product\\\/segway-tour-benidorm\\\/#breadcrumb\",\"itemListElement\":[{\"@type\":\"ListItem\",\"position\":1,\"name\":\"Home\",\"item\":\"https:\\\/\\\/stagpartynight.com\\\/fr\\\/\"},{\"@type\":\"ListItem\",\"position\":2,\"name\":\"Tienda\",\"item\":\"https:\\\/\\\/stagpartynight.com\\\/fr\\\/tienda\\\/\"},{\"@type\":\"ListItem\",\"position\":3,\"name\":\"Segway Tour Benidorm\"}]},{\"@type\":\"WebSite\",\"@id\":\"https:\\\/\\\/stagpartynight.com\\\/fr\\\/#website\",\"url\":\"https:\\\/\\\/stagpartynight.com\\\/fr\\\/\",\"name\":\"Stag Party Night\",\"description\":\"Your Stag Party Customized\",\"publisher\":{\"@id\":\"https:\\\/\\\/stagpartynight.com\\\/fr\\\/#organization\"},\"potentialAction\":[{\"@type\":\"SearchAction\",\"target\":{\"@type\":\"EntryPoint\",\"urlTemplate\":\"https:\\\/\\\/stagpartynight.com\\\/fr\\\/?s={search_term_string}\"},\"query-input\":{\"@type\":\"PropertyValueSpecification\",\"valueRequired\":true,\"valueName\":\"search_term_string\"}}],\"inLanguage\":\"en-GB\"},{\"@type\":\"Organization\",\"@id\":\"https:\\\/\\\/stagpartynight.com\\\/fr\\\/#organization\",\"name\":\"Stag Party Night\",\"url\":\"https:\\\/\\\/stagpartynight.com\\\/fr\\\/\",\"logo\":{\"@type\":\"ImageObject\",\"inLanguage\":\"en-GB\",\"@id\":\"https:\\\/\\\/stagpartynight.com\\\/fr\\\/#\\\/schema\\\/logo\\\/image\\\/\",\"url\":\"https:\\\/\\\/stagpartynight.com\\\/fr\\\/wp-content\\\/uploads\\\/sites\\\/3\\\/2019\\\/12\\\/stagpartynight-e1578565505687.png\",\"contentUrl\":\"https:\\\/\\\/stagpartynight.com\\\/fr\\\/wp-content\\\/uploads\\\/sites\\\/3\\\/2019\\\/12\\\/stagpartynight-e1578565505687.png\",\"width\":400,\"height\":400,\"caption\":\"Stag Party Night\"},\"image\":{\"@id\":\"https:\\\/\\\/stagpartynight.com\\\/fr\\\/#\\\/schema\\\/logo\\\/image\\\/\"}}]}<\/script>\n<!-- \/ Yoast SEO Premium plugin. -->","yoast_head_json":{"title":"Segway Tour Benidorm","description":"Segway Tour Benidorm. Visite en Segway \u00e0 Benidorm. Profitez d'une visite de 90 minutes pleine de plaisir et d'adr\u00e9naline en Segway.","robots":{"index":"index","follow":"follow","max-snippet":"max-snippet:-1","max-image-preview":"max-image-preview:large","max-video-preview":"max-video-preview:-1"},"canonical":"https:\/\/stagpartynight.com\/fr\/product\/segway-tour-benidorm\/","og_locale":"en_GB","og_type":"article","og_title":"Segway Tour Benidorm","og_description":"Segway Tour Benidorm. Visite en Segway \u00e0 Benidorm. Profitez d'une visite de 90 minutes pleine de plaisir et d'adr\u00e9naline en Segway.","og_url":"https:\/\/stagpartynight.com\/fr\/product\/segway-tour-benidorm\/","og_site_name":"Nuit de f\u00eate de cerf","article_modified_time":"2024-01-23T09:40:57+00:00","og_image":[{"width":585,"height":438,"url":"https:\/\/stagpartynight.com\/fr\/wp-content\/uploads\/sites\/3\/2024\/01\/Segway-Tour-Benidorm.jpg","type":"image\/jpeg"}],"twitter_card":"summary_large_image","twitter_misc":{"Estimated reading time":"2 minutes"},"schema":{"@context":"https:\/\/schema.org","@graph":[{"@type":"WebPage","@id":"https:\/\/stagpartynight.com\/fr\/product\/segway-tour-benidorm\/","url":"https:\/\/stagpartynight.com\/fr\/product\/segway-tour-benidorm\/","name":"Segway Tour Benidorm","isPartOf":{"@id":"https:\/\/stagpartynight.com\/fr\/#website"},"primaryImageOfPage":{"@id":"https:\/\/stagpartynight.com\/fr\/product\/segway-tour-benidorm\/#primaryimage"},"image":{"@id":"https:\/\/stagpartynight.com\/fr\/product\/segway-tour-benidorm\/#primaryimage"},"thumbnailUrl":"https:\/\/stagpartynight.com\/fr\/wp-content\/uploads\/sites\/3\/2024\/01\/Segway-Tour-Benidorm.jpg","datePublished":"2024-01-15T09:25:05+00:00","dateModified":"2024-01-23T09:40:57+00:00","description":"Segway Tour Benidorm. Visite en Segway \u00e0 Benidorm. Profitez d'une visite de 90 minutes pleine de plaisir et d'adr\u00e9naline en Segway.","breadcrumb":{"@id":"https:\/\/stagpartynight.com\/fr\/product\/segway-tour-benidorm\/#breadcrumb"},"inLanguage":"en-GB","potentialAction":[{"@type":"ReadAction","target":["https:\/\/stagpartynight.com\/fr\/product\/segway-tour-benidorm\/"]}]},{"@type":"ImageObject","inLanguage":"en-GB","@id":"https:\/\/stagpartynight.com\/fr\/product\/segway-tour-benidorm\/#primaryimage","url":"https:\/\/stagpartynight.com\/fr\/wp-content\/uploads\/sites\/3\/2024\/01\/Segway-Tour-Benidorm.jpg","contentUrl":"https:\/\/stagpartynight.com\/fr\/wp-content\/uploads\/sites\/3\/2024\/01\/Segway-Tour-Benidorm.jpg","width":585,"height":438,"caption":"Segway Tour Benidorm"},{"@type":"BreadcrumbList","@id":"https:\/\/stagpartynight.com\/fr\/product\/segway-tour-benidorm\/#breadcrumb","itemListElement":[{"@type":"ListItem","position":1,"name":"Home","item":"https:\/\/stagpartynight.com\/fr\/"},{"@type":"ListItem","position":2,"name":"Tienda","item":"https:\/\/stagpartynight.com\/fr\/tienda\/"},{"@type":"ListItem","position":3,"name":"Segway Tour Benidorm"}]},{"@type":"WebSite","@id":"https:\/\/stagpartynight.com\/fr\/#website","url":"https:\/\/stagpartynight.com\/fr\/","name":"Stag Party Night","description":"Your Stag Party Customized","publisher":{"@id":"https:\/\/stagpartynight.com\/fr\/#organization"},"potentialAction":[{"@type":"SearchAction","target":{"@type":"EntryPoint","urlTemplate":"https:\/\/stagpartynight.com\/fr\/?s={search_term_string}"},"query-input":{"@type":"PropertyValueSpecification","valueRequired":true,"valueName":"search_term_string"}}],"inLanguage":"en-GB"},{"@type":"Organization","@id":"https:\/\/stagpartynight.com\/fr\/#organization","name":"Stag Party Night","url":"https:\/\/stagpartynight.com\/fr\/","logo":{"@type":"ImageObject","inLanguage":"en-GB","@id":"https:\/\/stagpartynight.com\/fr\/#\/schema\/logo\/image\/","url":"https:\/\/stagpartynight.com\/fr\/wp-content\/uploads\/sites\/3\/2019\/12\/stagpartynight-e1578565505687.png","contentUrl":"https:\/\/stagpartynight.com\/fr\/wp-content\/uploads\/sites\/3\/2019\/12\/stagpartynight-e1578565505687.png","width":400,"height":400,"caption":"Stag Party Night"},"image":{"@id":"https:\/\/stagpartynight.com\/fr\/#\/schema\/logo\/image\/"}}]}},"_links":{"self":[{"href":"https:\/\/stagpartynight.com\/fr\/wp-json\/wp\/v2\/product\/2899","targetHints":{"allow":["GET"]}}],"collection":[{"href":"https:\/\/stagpartynight.com\/fr\/wp-json\/wp\/v2\/product"}],"about":[{"href":"https:\/\/stagpartynight.com\/fr\/wp-json\/wp\/v2\/types\/product"}],"replies":[{"embeddable":true,"href":"https:\/\/stagpartynight.com\/fr\/wp-json\/wp\/v2\/comments?post=2899"}],"wp:featuredmedia":[{"embeddable":true,"href":"https:\/\/stagpartynight.com\/fr\/wp-json\/wp\/v2\/media\/2900"}],"wp:attachment":[{"href":"https:\/\/stagpartynight.com\/fr\/wp-json\/wp\/v2\/media?parent=2899"}],"wp:term":[{"taxonomy":"product_brand","embeddable":true,"href":"https:\/\/stagpartynight.com\/fr\/wp-json\/wp\/v2\/product_brand?post=2899"},{"taxonomy":"product_cat","embeddable":true,"href":"https:\/\/stagpartynight.com\/fr\/wp-json\/wp\/v2\/product_cat?post=2899"},{"taxonomy":"product_tag","embeddable":true,"href":"https:\/\/stagpartynight.com\/fr\/wp-json\/wp\/v2\/product_tag?post=2899"}],"curies":[{"name":"wp","href":"https:\/\/api.w.org\/{rel}","templated":true}]}}