{"id":290,"date":"2020-01-08T15:13:35","date_gmt":"2020-01-08T14:13:35","guid":{"rendered":"https:\/\/stagpartynight.com\/fr\/?post_type=product&#038;p=290"},"modified":"2021-01-29T15:41:35","modified_gmt":"2021-01-29T14:41:35","slug":"lincoln-limousine-lisboa","status":"publish","type":"product","link":"https:\/\/stagpartynight.com\/fr\/product\/lincoln-limousine-lisboa\/","title":{"rendered":"Limousine \u00e0 Lisbonne"},"content":{"rendered":"<p>Profitez d&#8217;une visite d&#8217;une heure en limousine. D\u00e9couvrez Lisbonne et ses lieux les plus embl\u00e9matiques. Comprend 1 bouteille de cava<\/p>\n","protected":false},"excerpt":{"rendered":"<p>Profitez d&#8217;une visite d&#8217;une heure en limousine. D\u00e9couvrez Lisbonne et ses lieux les plus embl\u00e9matiques. Comprend 1 bouteille de cava<\/p>\n","protected":false},"featured_media":210,"comment_status":"open","ping_status":"closed","template":"","meta":{"_et_pb_use_builder":"","_et_pb_old_content":"","_et_gb_content_width":""},"product_brand":[],"product_cat":[148],"product_tag":[305,306],"class_list":{"0":"post-290","1":"product","2":"type-product","3":"status-publish","4":"has-post-thumbnail","6":"product_cat-lisboa","7":"product_tag-limousine-a-lisbonne","8":"product_tag-location-de-limousine-a-lisbonne","10":"first","11":"instock","12":"virtual","13":"product-type-simple"},"yoast_head":"<!-- This site is optimized with the Yoast SEO plugin v26.4 - https:\/\/yoast.com\/wordpress\/plugins\/seo\/ -->\n<title>Limousine \u00e0 Lisbonne - Location de limousine \u00e0 Lisbonne<\/title>\n<meta name=\"description\" content=\"Limousine \u00e0 Lisbonne - Profitez d&#039;une visite d&#039;une heure en limousine. D\u00e9couvrez Lisbonne et ses lieux les plus embl\u00e9matiques. Comprend 1 bouteille de cava\" \/>\n<meta name=\"robots\" content=\"index, follow, max-snippet:-1, max-image-preview:large, max-video-preview:-1\" \/>\n<link rel=\"canonical\" href=\"https:\/\/stagpartynight.com\/fr\/product\/lincoln-limousine-lisboa\/\" \/>\n<meta property=\"og:locale\" content=\"en_GB\" \/>\n<meta property=\"og:type\" content=\"article\" \/>\n<meta property=\"og:title\" content=\"Limousine \u00e0 Lisbonne - Location de limousine \u00e0 Lisbonne\" \/>\n<meta property=\"og:description\" content=\"Limousine \u00e0 Lisbonne - Profitez d&#039;une visite d&#039;une heure en limousine. D\u00e9couvrez Lisbonne et ses lieux les plus embl\u00e9matiques. Comprend 1 bouteille de cava\" \/>\n<meta property=\"og:url\" content=\"https:\/\/stagpartynight.com\/fr\/product\/lincoln-limousine-lisboa\/\" \/>\n<meta property=\"og:site_name\" content=\"Nuit de f\u00eate de cerf\" \/>\n<meta property=\"article:modified_time\" content=\"2021-01-29T14:41:35+00:00\" \/>\n<meta property=\"og:image\" content=\"https:\/\/stagpartynight.com\/fr\/wp-content\/uploads\/sites\/3\/2020\/01\/Lincoln-Limousine-Barcelona.jpg\" \/>\n\t<meta property=\"og:image:width\" content=\"1000\" \/>\n\t<meta property=\"og:image:height\" content=\"562\" \/>\n\t<meta property=\"og:image:type\" content=\"image\/jpeg\" \/>\n<meta name=\"twitter:card\" content=\"summary_large_image\" \/>\n<script type=\"application\/ld+json\" class=\"yoast-schema-graph\">{\"@context\":\"https:\/\/schema.org\",\"@graph\":[{\"@type\":\"WebPage\",\"@id\":\"https:\/\/stagpartynight.com\/fr\/product\/lincoln-limousine-lisboa\/\",\"url\":\"https:\/\/stagpartynight.com\/fr\/product\/lincoln-limousine-lisboa\/\",\"name\":\"Limousine \u00e0 Lisbonne - Location de limousine \u00e0 Lisbonne\",\"isPartOf\":{\"@id\":\"https:\/\/stagpartynight.com\/fr\/#website\"},\"primaryImageOfPage\":{\"@id\":\"https:\/\/stagpartynight.com\/fr\/product\/lincoln-limousine-lisboa\/#primaryimage\"},\"image\":{\"@id\":\"https:\/\/stagpartynight.com\/fr\/product\/lincoln-limousine-lisboa\/#primaryimage\"},\"thumbnailUrl\":\"https:\/\/stagpartynight.com\/fr\/wp-content\/uploads\/sites\/3\/2020\/01\/Lincoln-Limousine-Barcelona.jpg\",\"datePublished\":\"2020-01-08T14:13:35+00:00\",\"dateModified\":\"2021-01-29T14:41:35+00:00\",\"description\":\"Limousine \u00e0 Lisbonne - Profitez d'une visite d'une heure en limousine. D\u00e9couvrez Lisbonne et ses lieux les plus embl\u00e9matiques. Comprend 1 bouteille de cava\",\"breadcrumb\":{\"@id\":\"https:\/\/stagpartynight.com\/fr\/product\/lincoln-limousine-lisboa\/#breadcrumb\"},\"inLanguage\":\"en-GB\",\"potentialAction\":[{\"@type\":\"ReadAction\",\"target\":[\"https:\/\/stagpartynight.com\/fr\/product\/lincoln-limousine-lisboa\/\"]}]},{\"@type\":\"ImageObject\",\"inLanguage\":\"en-GB\",\"@id\":\"https:\/\/stagpartynight.com\/fr\/product\/lincoln-limousine-lisboa\/#primaryimage\",\"url\":\"https:\/\/stagpartynight.com\/fr\/wp-content\/uploads\/sites\/3\/2020\/01\/Lincoln-Limousine-Barcelona.jpg\",\"contentUrl\":\"https:\/\/stagpartynight.com\/fr\/wp-content\/uploads\/sites\/3\/2020\/01\/Lincoln-Limousine-Barcelona.jpg\",\"width\":1000,\"height\":562},{\"@type\":\"BreadcrumbList\",\"@id\":\"https:\/\/stagpartynight.com\/fr\/product\/lincoln-limousine-lisboa\/#breadcrumb\",\"itemListElement\":[{\"@type\":\"ListItem\",\"position\":1,\"name\":\"Home\",\"item\":\"https:\/\/stagpartynight.com\/fr\/\"},{\"@type\":\"ListItem\",\"position\":2,\"name\":\"Tienda\",\"item\":\"https:\/\/stagpartynight.com\/fr\/tienda\/\"},{\"@type\":\"ListItem\",\"position\":3,\"name\":\"Limousine \u00e0 Lisbonne\"}]},{\"@type\":\"WebSite\",\"@id\":\"https:\/\/stagpartynight.com\/fr\/#website\",\"url\":\"https:\/\/stagpartynight.com\/fr\/\",\"name\":\"Stag Party Night\",\"description\":\"Your Stag Party Customized\",\"publisher\":{\"@id\":\"https:\/\/stagpartynight.com\/fr\/#organization\"},\"potentialAction\":[{\"@type\":\"SearchAction\",\"target\":{\"@type\":\"EntryPoint\",\"urlTemplate\":\"https:\/\/stagpartynight.com\/fr\/?s={search_term_string}\"},\"query-input\":{\"@type\":\"PropertyValueSpecification\",\"valueRequired\":true,\"valueName\":\"search_term_string\"}}],\"inLanguage\":\"en-GB\"},{\"@type\":\"Organization\",\"@id\":\"https:\/\/stagpartynight.com\/fr\/#organization\",\"name\":\"Stag Party Night\",\"url\":\"https:\/\/stagpartynight.com\/fr\/\",\"logo\":{\"@type\":\"ImageObject\",\"inLanguage\":\"en-GB\",\"@id\":\"https:\/\/stagpartynight.com\/fr\/#\/schema\/logo\/image\/\",\"url\":\"https:\/\/stagpartynight.com\/fr\/wp-content\/uploads\/sites\/3\/2019\/12\/stagpartynight-e1578565505687.png\",\"contentUrl\":\"https:\/\/stagpartynight.com\/fr\/wp-content\/uploads\/sites\/3\/2019\/12\/stagpartynight-e1578565505687.png\",\"width\":400,\"height\":400,\"caption\":\"Stag Party Night\"},\"image\":{\"@id\":\"https:\/\/stagpartynight.com\/fr\/#\/schema\/logo\/image\/\"}}]}<\/script>\n<!-- \/ Yoast SEO plugin. -->","yoast_head_json":{"title":"Limousine \u00e0 Lisbonne - Location de limousine \u00e0 Lisbonne","description":"Limousine \u00e0 Lisbonne - Profitez d'une visite d'une heure en limousine. D\u00e9couvrez Lisbonne et ses lieux les plus embl\u00e9matiques. Comprend 1 bouteille de cava","robots":{"index":"index","follow":"follow","max-snippet":"max-snippet:-1","max-image-preview":"max-image-preview:large","max-video-preview":"max-video-preview:-1"},"canonical":"https:\/\/stagpartynight.com\/fr\/product\/lincoln-limousine-lisboa\/","og_locale":"en_GB","og_type":"article","og_title":"Limousine \u00e0 Lisbonne - Location de limousine \u00e0 Lisbonne","og_description":"Limousine \u00e0 Lisbonne - Profitez d'une visite d'une heure en limousine. D\u00e9couvrez Lisbonne et ses lieux les plus embl\u00e9matiques. Comprend 1 bouteille de cava","og_url":"https:\/\/stagpartynight.com\/fr\/product\/lincoln-limousine-lisboa\/","og_site_name":"Nuit de f\u00eate de cerf","article_modified_time":"2021-01-29T14:41:35+00:00","og_image":[{"width":1000,"height":562,"url":"https:\/\/stagpartynight.com\/fr\/wp-content\/uploads\/sites\/3\/2020\/01\/Lincoln-Limousine-Barcelona.jpg","type":"image\/jpeg"}],"twitter_card":"summary_large_image","schema":{"@context":"https:\/\/schema.org","@graph":[{"@type":"WebPage","@id":"https:\/\/stagpartynight.com\/fr\/product\/lincoln-limousine-lisboa\/","url":"https:\/\/stagpartynight.com\/fr\/product\/lincoln-limousine-lisboa\/","name":"Limousine \u00e0 Lisbonne - Location de limousine \u00e0 Lisbonne","isPartOf":{"@id":"https:\/\/stagpartynight.com\/fr\/#website"},"primaryImageOfPage":{"@id":"https:\/\/stagpartynight.com\/fr\/product\/lincoln-limousine-lisboa\/#primaryimage"},"image":{"@id":"https:\/\/stagpartynight.com\/fr\/product\/lincoln-limousine-lisboa\/#primaryimage"},"thumbnailUrl":"https:\/\/stagpartynight.com\/fr\/wp-content\/uploads\/sites\/3\/2020\/01\/Lincoln-Limousine-Barcelona.jpg","datePublished":"2020-01-08T14:13:35+00:00","dateModified":"2021-01-29T14:41:35+00:00","description":"Limousine \u00e0 Lisbonne - Profitez d'une visite d'une heure en limousine. D\u00e9couvrez Lisbonne et ses lieux les plus embl\u00e9matiques. Comprend 1 bouteille de cava","breadcrumb":{"@id":"https:\/\/stagpartynight.com\/fr\/product\/lincoln-limousine-lisboa\/#breadcrumb"},"inLanguage":"en-GB","potentialAction":[{"@type":"ReadAction","target":["https:\/\/stagpartynight.com\/fr\/product\/lincoln-limousine-lisboa\/"]}]},{"@type":"ImageObject","inLanguage":"en-GB","@id":"https:\/\/stagpartynight.com\/fr\/product\/lincoln-limousine-lisboa\/#primaryimage","url":"https:\/\/stagpartynight.com\/fr\/wp-content\/uploads\/sites\/3\/2020\/01\/Lincoln-Limousine-Barcelona.jpg","contentUrl":"https:\/\/stagpartynight.com\/fr\/wp-content\/uploads\/sites\/3\/2020\/01\/Lincoln-Limousine-Barcelona.jpg","width":1000,"height":562},{"@type":"BreadcrumbList","@id":"https:\/\/stagpartynight.com\/fr\/product\/lincoln-limousine-lisboa\/#breadcrumb","itemListElement":[{"@type":"ListItem","position":1,"name":"Home","item":"https:\/\/stagpartynight.com\/fr\/"},{"@type":"ListItem","position":2,"name":"Tienda","item":"https:\/\/stagpartynight.com\/fr\/tienda\/"},{"@type":"ListItem","position":3,"name":"Limousine \u00e0 Lisbonne"}]},{"@type":"WebSite","@id":"https:\/\/stagpartynight.com\/fr\/#website","url":"https:\/\/stagpartynight.com\/fr\/","name":"Stag Party Night","description":"Your Stag Party Customized","publisher":{"@id":"https:\/\/stagpartynight.com\/fr\/#organization"},"potentialAction":[{"@type":"SearchAction","target":{"@type":"EntryPoint","urlTemplate":"https:\/\/stagpartynight.com\/fr\/?s={search_term_string}"},"query-input":{"@type":"PropertyValueSpecification","valueRequired":true,"valueName":"search_term_string"}}],"inLanguage":"en-GB"},{"@type":"Organization","@id":"https:\/\/stagpartynight.com\/fr\/#organization","name":"Stag Party Night","url":"https:\/\/stagpartynight.com\/fr\/","logo":{"@type":"ImageObject","inLanguage":"en-GB","@id":"https:\/\/stagpartynight.com\/fr\/#\/schema\/logo\/image\/","url":"https:\/\/stagpartynight.com\/fr\/wp-content\/uploads\/sites\/3\/2019\/12\/stagpartynight-e1578565505687.png","contentUrl":"https:\/\/stagpartynight.com\/fr\/wp-content\/uploads\/sites\/3\/2019\/12\/stagpartynight-e1578565505687.png","width":400,"height":400,"caption":"Stag Party Night"},"image":{"@id":"https:\/\/stagpartynight.com\/fr\/#\/schema\/logo\/image\/"}}]}},"_links":{"self":[{"href":"https:\/\/stagpartynight.com\/fr\/wp-json\/wp\/v2\/product\/290","targetHints":{"allow":["GET"]}}],"collection":[{"href":"https:\/\/stagpartynight.com\/fr\/wp-json\/wp\/v2\/product"}],"about":[{"href":"https:\/\/stagpartynight.com\/fr\/wp-json\/wp\/v2\/types\/product"}],"replies":[{"embeddable":true,"href":"https:\/\/stagpartynight.com\/fr\/wp-json\/wp\/v2\/comments?post=290"}],"wp:featuredmedia":[{"embeddable":true,"href":"https:\/\/stagpartynight.com\/fr\/wp-json\/wp\/v2\/media\/210"}],"wp:attachment":[{"href":"https:\/\/stagpartynight.com\/fr\/wp-json\/wp\/v2\/media?parent=290"}],"wp:term":[{"taxonomy":"product_brand","embeddable":true,"href":"https:\/\/stagpartynight.com\/fr\/wp-json\/wp\/v2\/product_brand?post=290"},{"taxonomy":"product_cat","embeddable":true,"href":"https:\/\/stagpartynight.com\/fr\/wp-json\/wp\/v2\/product_cat?post=290"},{"taxonomy":"product_tag","embeddable":true,"href":"https:\/\/stagpartynight.com\/fr\/wp-json\/wp\/v2\/product_tag?post=290"}],"curies":[{"name":"wp","href":"https:\/\/api.w.org\/{rel}","templated":true}]}}