{"id":2901,"date":"2024-01-15T10:33:26","date_gmt":"2024-01-15T09:33:26","guid":{"rendered":"https:\/\/stagpartynight.com\/fr\/?post_type=product&#038;p=2901"},"modified":"2024-01-23T10:33:41","modified_gmt":"2024-01-23T09:33:41","slug":"spa-benidorm","status":"publish","type":"product","link":"https:\/\/stagpartynight.com\/fr\/product\/spa-benidorm\/","title":{"rendered":"SPA Benidorm"},"content":{"rendered":"<p>SPA Benidorm. Deux heures de d\u00e9tente au sauna et circuit thermal. D\u00e9tendez-vous \u00e0 Benidorm.<\/p>\n<p>Les meilleurs enterrements de vie de gar\u00e7on avec <a href=\"https:\/\/stagpartynight.com\/\">StagParty<\/a>!<\/p>\n<h2 style=\"text-align: center;\">SPA Benidorm<strong style=\"color: #666666; font-size: 14px;\">\u00a0\ud83c\udf3a<\/strong><\/h2>\n<h4><strong>\u00c9vasion totale \u00e0 Benidorm : D\u00e9tente absolue avec notre Exp\u00e9rience Spa de 2 heures!\ud83e\uddd6\u200d\u2642\ufe0f<\/strong><\/h4>\n<p>Plongez-vous dans une oasis de calme et de luxe avec notre exp\u00e9rience exclusive de 2 heures au spa! Une escapade inoubliable au c\u0153ur de Benidorm. D\u00e9couvrez une harmonie parfaite entre bien-\u00eatre et d\u00e9tente, vous invitant \u00e0 \u00e9chapper au tumulte quotidien et \u00e0 vous ressourcer pleinement.<\/p>\n<p>Commencez votre voyage apaisant avec notre spa exquis, o\u00f9 l&#8217;eau chaude et les jets massants enveloppent votre corps, cr\u00e9ant une sensation de pure f\u00e9licit\u00e9. Laissez les tensions s&#8217;\u00e9vaporer dans notre sauna, un cocon de chaleur qui lib\u00e8re votre esprit et d\u00e9tend vos muscles. Notre circuit thermique soigneusement con\u00e7u offre une exp\u00e9rience revitalisante, alternant entre des espaces de chaleur et de fra\u00eecheur pour stimuler la circulation sanguine et renouveler votre \u00e9nergie vitale.\ud83c\udf1f<\/p>\n<p>Nos installations de spa de classe mondiale sont con\u00e7ues pour offrir une exp\u00e9rience immersive, avec des th\u00e9rapies apaisantes qui \u00e9veillent vos sens et r\u00e9tablissent l&#8217;harmonie int\u00e9rieure. Notre \u00e9quipe d&#8217;experts d\u00e9vou\u00e9s veillera \u00e0 ce que chaque moment soit un moment de pur bonheur, vous guidant \u00e0 travers chaque \u00e9tape de votre voyage de d\u00e9tente.<\/p>\n<p>R\u00e9servez d\u00e8s maintenant votre escapade spa de 2 heures \u00e0 Benidorm et offrez-vous le cadeau du bien-\u00eatre ultime. Lib\u00e9rez-vous du stress, revitalisez votre esprit et laissez-vous dorloter dans notre havre de paix exclusif. Pr\u00e9parez-vous \u00e0 une relaxation totale, car votre bien-\u00eatre est notre priorit\u00e9 absolue. \ud83c\udf3f<\/p>\n<p style=\"text-align: center;\">\ud83c\udf1fR\u00e9servez \u00e9vasion totale \u00e0\u00a0<a href=\"https:\/\/es.wikipedia.org\/wiki\/Benidorm\">Benidorm<\/a>! \ud83c\udf1f<\/p>\n","protected":false},"excerpt":{"rendered":"<p>SPA Benidorm. Deux heures de d\u00e9tente au sauna et circuit thermal. D\u00e9tendez-vous \u00e0 Benidorm. Les meilleurs enterrements de vie de gar\u00e7on avec StagParty! SPA Benidorm\u00a0\ud83c\udf3a \u00c9vasion totale \u00e0 Benidorm : D\u00e9tente absolue avec notre Exp\u00e9rience Spa de 2 heures!\ud83e\uddd6\u200d\u2642\ufe0f Plongez-vous dans une oasis de calme et de luxe avec notre exp\u00e9rience exclusive de 2 heures [&hellip;]<\/p>\n","protected":false},"featured_media":2902,"comment_status":"open","ping_status":"closed","template":"","meta":{"_et_pb_use_builder":"","_et_pb_old_content":"","_et_gb_content_width":""},"product_brand":[],"product_cat":[600],"product_tag":[648,647],"class_list":{"0":"post-2901","1":"product","2":"type-product","3":"status-publish","4":"has-post-thumbnail","6":"product_cat-benidorm","7":"product_tag-relax-benidorm","8":"product_tag-spa-benidorm","10":"first","11":"instock","12":"shipping-taxable","13":"product-type-simple"},"yoast_head":"<!-- This site is optimized with the Yoast SEO plugin v26.4 - https:\/\/yoast.com\/wordpress\/plugins\/seo\/ -->\n<title>SPA Benidorm<\/title>\n<meta name=\"description\" content=\"SPA Benidorm. Deux heures de d\u00e9tente au sauna et circuit thermal. D\u00e9tendez-vous \u00e0 Benidorm. Relax at Benidorm. Benidorm, Spagne.\" \/>\n<meta name=\"robots\" content=\"index, follow, max-snippet:-1, max-image-preview:large, max-video-preview:-1\" \/>\n<link rel=\"canonical\" href=\"https:\/\/stagpartynight.com\/fr\/product\/spa-benidorm\/\" \/>\n<meta property=\"og:locale\" content=\"en_GB\" \/>\n<meta property=\"og:type\" content=\"article\" \/>\n<meta property=\"og:title\" content=\"SPA Benidorm\" \/>\n<meta property=\"og:description\" content=\"SPA Benidorm. Deux heures de d\u00e9tente au sauna et circuit thermal. D\u00e9tendez-vous \u00e0 Benidorm. Relax at Benidorm. Benidorm, Spagne.\" \/>\n<meta property=\"og:url\" content=\"https:\/\/stagpartynight.com\/fr\/product\/spa-benidorm\/\" \/>\n<meta property=\"og:site_name\" content=\"Nuit de f\u00eate de cerf\" \/>\n<meta property=\"article:modified_time\" content=\"2024-01-23T09:33:41+00:00\" \/>\n<meta property=\"og:image\" content=\"https:\/\/stagpartynight.com\/fr\/wp-content\/uploads\/sites\/3\/2024\/01\/SPA-Benidorm.jpg\" \/>\n\t<meta property=\"og:image:width\" content=\"1280\" \/>\n\t<meta property=\"og:image:height\" content=\"854\" \/>\n\t<meta property=\"og:image:type\" content=\"image\/jpeg\" \/>\n<meta name=\"twitter:card\" content=\"summary_large_image\" \/>\n<meta name=\"twitter:label1\" content=\"Estimated reading time\" \/>\n\t<meta name=\"twitter:data1\" content=\"2 minutes\" \/>\n<script type=\"application\/ld+json\" class=\"yoast-schema-graph\">{\"@context\":\"https:\/\/schema.org\",\"@graph\":[{\"@type\":\"WebPage\",\"@id\":\"https:\/\/stagpartynight.com\/fr\/product\/spa-benidorm\/\",\"url\":\"https:\/\/stagpartynight.com\/fr\/product\/spa-benidorm\/\",\"name\":\"SPA Benidorm\",\"isPartOf\":{\"@id\":\"https:\/\/stagpartynight.com\/fr\/#website\"},\"primaryImageOfPage\":{\"@id\":\"https:\/\/stagpartynight.com\/fr\/product\/spa-benidorm\/#primaryimage\"},\"image\":{\"@id\":\"https:\/\/stagpartynight.com\/fr\/product\/spa-benidorm\/#primaryimage\"},\"thumbnailUrl\":\"https:\/\/stagpartynight.com\/fr\/wp-content\/uploads\/sites\/3\/2024\/01\/SPA-Benidorm.jpg\",\"datePublished\":\"2024-01-15T09:33:26+00:00\",\"dateModified\":\"2024-01-23T09:33:41+00:00\",\"description\":\"SPA Benidorm. Deux heures de d\u00e9tente au sauna et circuit thermal. D\u00e9tendez-vous \u00e0 Benidorm. Relax at Benidorm. Benidorm, Spagne.\",\"breadcrumb\":{\"@id\":\"https:\/\/stagpartynight.com\/fr\/product\/spa-benidorm\/#breadcrumb\"},\"inLanguage\":\"en-GB\",\"potentialAction\":[{\"@type\":\"ReadAction\",\"target\":[\"https:\/\/stagpartynight.com\/fr\/product\/spa-benidorm\/\"]}]},{\"@type\":\"ImageObject\",\"inLanguage\":\"en-GB\",\"@id\":\"https:\/\/stagpartynight.com\/fr\/product\/spa-benidorm\/#primaryimage\",\"url\":\"https:\/\/stagpartynight.com\/fr\/wp-content\/uploads\/sites\/3\/2024\/01\/SPA-Benidorm.jpg\",\"contentUrl\":\"https:\/\/stagpartynight.com\/fr\/wp-content\/uploads\/sites\/3\/2024\/01\/SPA-Benidorm.jpg\",\"width\":1280,\"height\":854,\"caption\":\"SPA Benidorm\"},{\"@type\":\"BreadcrumbList\",\"@id\":\"https:\/\/stagpartynight.com\/fr\/product\/spa-benidorm\/#breadcrumb\",\"itemListElement\":[{\"@type\":\"ListItem\",\"position\":1,\"name\":\"Home\",\"item\":\"https:\/\/stagpartynight.com\/fr\/\"},{\"@type\":\"ListItem\",\"position\":2,\"name\":\"Tienda\",\"item\":\"https:\/\/stagpartynight.com\/fr\/tienda\/\"},{\"@type\":\"ListItem\",\"position\":3,\"name\":\"SPA Benidorm\"}]},{\"@type\":\"WebSite\",\"@id\":\"https:\/\/stagpartynight.com\/fr\/#website\",\"url\":\"https:\/\/stagpartynight.com\/fr\/\",\"name\":\"Stag Party Night\",\"description\":\"Your Stag Party Customized\",\"publisher\":{\"@id\":\"https:\/\/stagpartynight.com\/fr\/#organization\"},\"potentialAction\":[{\"@type\":\"SearchAction\",\"target\":{\"@type\":\"EntryPoint\",\"urlTemplate\":\"https:\/\/stagpartynight.com\/fr\/?s={search_term_string}\"},\"query-input\":{\"@type\":\"PropertyValueSpecification\",\"valueRequired\":true,\"valueName\":\"search_term_string\"}}],\"inLanguage\":\"en-GB\"},{\"@type\":\"Organization\",\"@id\":\"https:\/\/stagpartynight.com\/fr\/#organization\",\"name\":\"Stag Party Night\",\"url\":\"https:\/\/stagpartynight.com\/fr\/\",\"logo\":{\"@type\":\"ImageObject\",\"inLanguage\":\"en-GB\",\"@id\":\"https:\/\/stagpartynight.com\/fr\/#\/schema\/logo\/image\/\",\"url\":\"https:\/\/stagpartynight.com\/fr\/wp-content\/uploads\/sites\/3\/2019\/12\/stagpartynight-e1578565505687.png\",\"contentUrl\":\"https:\/\/stagpartynight.com\/fr\/wp-content\/uploads\/sites\/3\/2019\/12\/stagpartynight-e1578565505687.png\",\"width\":400,\"height\":400,\"caption\":\"Stag Party Night\"},\"image\":{\"@id\":\"https:\/\/stagpartynight.com\/fr\/#\/schema\/logo\/image\/\"}}]}<\/script>\n<!-- \/ Yoast SEO plugin. -->","yoast_head_json":{"title":"SPA Benidorm","description":"SPA Benidorm. Deux heures de d\u00e9tente au sauna et circuit thermal. D\u00e9tendez-vous \u00e0 Benidorm. Relax at Benidorm. Benidorm, Spagne.","robots":{"index":"index","follow":"follow","max-snippet":"max-snippet:-1","max-image-preview":"max-image-preview:large","max-video-preview":"max-video-preview:-1"},"canonical":"https:\/\/stagpartynight.com\/fr\/product\/spa-benidorm\/","og_locale":"en_GB","og_type":"article","og_title":"SPA Benidorm","og_description":"SPA Benidorm. Deux heures de d\u00e9tente au sauna et circuit thermal. D\u00e9tendez-vous \u00e0 Benidorm. Relax at Benidorm. Benidorm, Spagne.","og_url":"https:\/\/stagpartynight.com\/fr\/product\/spa-benidorm\/","og_site_name":"Nuit de f\u00eate de cerf","article_modified_time":"2024-01-23T09:33:41+00:00","og_image":[{"width":1280,"height":854,"url":"https:\/\/stagpartynight.com\/fr\/wp-content\/uploads\/sites\/3\/2024\/01\/SPA-Benidorm.jpg","type":"image\/jpeg"}],"twitter_card":"summary_large_image","twitter_misc":{"Estimated reading time":"2 minutes"},"schema":{"@context":"https:\/\/schema.org","@graph":[{"@type":"WebPage","@id":"https:\/\/stagpartynight.com\/fr\/product\/spa-benidorm\/","url":"https:\/\/stagpartynight.com\/fr\/product\/spa-benidorm\/","name":"SPA Benidorm","isPartOf":{"@id":"https:\/\/stagpartynight.com\/fr\/#website"},"primaryImageOfPage":{"@id":"https:\/\/stagpartynight.com\/fr\/product\/spa-benidorm\/#primaryimage"},"image":{"@id":"https:\/\/stagpartynight.com\/fr\/product\/spa-benidorm\/#primaryimage"},"thumbnailUrl":"https:\/\/stagpartynight.com\/fr\/wp-content\/uploads\/sites\/3\/2024\/01\/SPA-Benidorm.jpg","datePublished":"2024-01-15T09:33:26+00:00","dateModified":"2024-01-23T09:33:41+00:00","description":"SPA Benidorm. Deux heures de d\u00e9tente au sauna et circuit thermal. D\u00e9tendez-vous \u00e0 Benidorm. Relax at Benidorm. Benidorm, Spagne.","breadcrumb":{"@id":"https:\/\/stagpartynight.com\/fr\/product\/spa-benidorm\/#breadcrumb"},"inLanguage":"en-GB","potentialAction":[{"@type":"ReadAction","target":["https:\/\/stagpartynight.com\/fr\/product\/spa-benidorm\/"]}]},{"@type":"ImageObject","inLanguage":"en-GB","@id":"https:\/\/stagpartynight.com\/fr\/product\/spa-benidorm\/#primaryimage","url":"https:\/\/stagpartynight.com\/fr\/wp-content\/uploads\/sites\/3\/2024\/01\/SPA-Benidorm.jpg","contentUrl":"https:\/\/stagpartynight.com\/fr\/wp-content\/uploads\/sites\/3\/2024\/01\/SPA-Benidorm.jpg","width":1280,"height":854,"caption":"SPA Benidorm"},{"@type":"BreadcrumbList","@id":"https:\/\/stagpartynight.com\/fr\/product\/spa-benidorm\/#breadcrumb","itemListElement":[{"@type":"ListItem","position":1,"name":"Home","item":"https:\/\/stagpartynight.com\/fr\/"},{"@type":"ListItem","position":2,"name":"Tienda","item":"https:\/\/stagpartynight.com\/fr\/tienda\/"},{"@type":"ListItem","position":3,"name":"SPA Benidorm"}]},{"@type":"WebSite","@id":"https:\/\/stagpartynight.com\/fr\/#website","url":"https:\/\/stagpartynight.com\/fr\/","name":"Stag Party Night","description":"Your Stag Party Customized","publisher":{"@id":"https:\/\/stagpartynight.com\/fr\/#organization"},"potentialAction":[{"@type":"SearchAction","target":{"@type":"EntryPoint","urlTemplate":"https:\/\/stagpartynight.com\/fr\/?s={search_term_string}"},"query-input":{"@type":"PropertyValueSpecification","valueRequired":true,"valueName":"search_term_string"}}],"inLanguage":"en-GB"},{"@type":"Organization","@id":"https:\/\/stagpartynight.com\/fr\/#organization","name":"Stag Party Night","url":"https:\/\/stagpartynight.com\/fr\/","logo":{"@type":"ImageObject","inLanguage":"en-GB","@id":"https:\/\/stagpartynight.com\/fr\/#\/schema\/logo\/image\/","url":"https:\/\/stagpartynight.com\/fr\/wp-content\/uploads\/sites\/3\/2019\/12\/stagpartynight-e1578565505687.png","contentUrl":"https:\/\/stagpartynight.com\/fr\/wp-content\/uploads\/sites\/3\/2019\/12\/stagpartynight-e1578565505687.png","width":400,"height":400,"caption":"Stag Party Night"},"image":{"@id":"https:\/\/stagpartynight.com\/fr\/#\/schema\/logo\/image\/"}}]}},"_links":{"self":[{"href":"https:\/\/stagpartynight.com\/fr\/wp-json\/wp\/v2\/product\/2901","targetHints":{"allow":["GET"]}}],"collection":[{"href":"https:\/\/stagpartynight.com\/fr\/wp-json\/wp\/v2\/product"}],"about":[{"href":"https:\/\/stagpartynight.com\/fr\/wp-json\/wp\/v2\/types\/product"}],"replies":[{"embeddable":true,"href":"https:\/\/stagpartynight.com\/fr\/wp-json\/wp\/v2\/comments?post=2901"}],"wp:featuredmedia":[{"embeddable":true,"href":"https:\/\/stagpartynight.com\/fr\/wp-json\/wp\/v2\/media\/2902"}],"wp:attachment":[{"href":"https:\/\/stagpartynight.com\/fr\/wp-json\/wp\/v2\/media?parent=2901"}],"wp:term":[{"taxonomy":"product_brand","embeddable":true,"href":"https:\/\/stagpartynight.com\/fr\/wp-json\/wp\/v2\/product_brand?post=2901"},{"taxonomy":"product_cat","embeddable":true,"href":"https:\/\/stagpartynight.com\/fr\/wp-json\/wp\/v2\/product_cat?post=2901"},{"taxonomy":"product_tag","embeddable":true,"href":"https:\/\/stagpartynight.com\/fr\/wp-json\/wp\/v2\/product_tag?post=2901"}],"curies":[{"name":"wp","href":"https:\/\/api.w.org\/{rel}","templated":true}]}}