{"id":2903,"date":"2024-01-15T10:39:56","date_gmt":"2024-01-15T09:39:56","guid":{"rendered":"https:\/\/stagpartynight.com\/fr\/?post_type=product&#038;p=2903"},"modified":"2024-01-23T10:31:10","modified_gmt":"2024-01-23T09:31:10","slug":"spa-et-buffet-benidorm","status":"publish","type":"product","link":"https:\/\/stagpartynight.com\/fr\/product\/spa-et-buffet-benidorm\/","title":{"rendered":"SPA et Buffet Benidorm"},"content":{"rendered":"<p>Spa et buffet Benidorm. Sauna, circuit thermal, bain turc et d\u00e9licieux buffet. Le lieu de restauration est le SPA. Boissons incluses.<\/p>\n<p>Les meilleurs enterrements de vie de gar\u00e7on avec <a href=\"https:\/\/stagpartynight.com\/\">StagParty<\/a>!<\/p>\n<h2 style=\"text-align: center;\">SPA et Buffet Benidorm<strong style=\"color: #666666; font-size: 14px;\">\ud83c\udf3a<\/strong><\/h2>\n<h4><strong>Bien-\u00catre et Festin \u00e0 Benidorm \ud83c\udf74<\/strong><\/h4>\n<p>Offrez-vous une \u00e9vasion luxueuse avec notre exp\u00e9rience exclusive de 2 heures au spa! Une parenth\u00e8se de d\u00e9tente absolue au c\u0153ur de Benidorm. D\u00e9couvrez une oasis de calme o\u00f9 le bien-\u00eatre se marie \u00e0 la gastronomie, cr\u00e9ant une exp\u00e9rience inoubliable qui apaise \u00e0 la fois le corps et l&#8217;\u00e2me.<\/p>\n<p>Commencez votre aventure de relaxation dans notre spa somptueux, o\u00f9 les eaux apaisantes et les massages bienfaisants vous emporteront dans une bulle de s\u00e9r\u00e9nit\u00e9. D\u00e9tendez-vous davantage dans notre sauna, o\u00f9 la chaleur enveloppante lib\u00e8re les tensions, suivi d&#8217;un circuit thermal revigorant, une succession de sensations apaisantes pour revitaliser votre esprit et votre corps.\ud83c\udf79<\/p>\n<p>La magie se poursuit au buffet de notre spa, o\u00f9 une vari\u00e9t\u00e9 de d\u00e9lices gastronomiques vous attend. D\u00e9gustez une cuisine exquise et \u00e9quilibr\u00e9e, con\u00e7ue pour compl\u00e9ter votre exp\u00e9rience de bien-\u00eatre. Des plats frais et savoureux, des options saines et d\u00e9licieuses, le tout dans une atmosph\u00e8re chaleureuse et accueillante.<\/p>\n<p>En plus, les boissons sont incluses, ajoutant une touche de convivialit\u00e9 \u00e0 votre escapade. D\u00e9couvrez une combinaison parfaite de relaxation et de d\u00e9gustation dans notre havre de paix exclusif \u00e0 Benidorm. R\u00e9servez d\u00e8s maintenant pour vivre une exp\u00e9rience qui apaisera tous vos sens, unissant la d\u00e9tente et la gastronomie dans une escapade m\u00e9morable. \ud83c\udf3f<\/p>\n<p style=\"text-align: center;\">R\u00e9servez SPA et Buffet <a href=\"https:\/\/es.wikipedia.org\/wiki\/Benidorm\">Benidorm<\/a>!<\/p>\n<p>&nbsp;<\/p>\n","protected":false},"excerpt":{"rendered":"<p>Spa et buffet Benidorm. Sauna, circuit thermal, bain turc et d\u00e9licieux buffet. Le lieu de restauration est le SPA. Boissons incluses. Les meilleurs enterrements de vie de gar\u00e7on avec StagParty! SPA et Buffet Benidorm\ud83c\udf3a Bien-\u00catre et Festin \u00e0 Benidorm \ud83c\udf74 Offrez-vous une \u00e9vasion luxueuse avec notre exp\u00e9rience exclusive de 2 heures au spa! Une parenth\u00e8se [&hellip;]<\/p>\n","protected":false},"featured_media":2904,"comment_status":"open","ping_status":"closed","template":"","meta":{"_et_pb_use_builder":"","_et_pb_old_content":"","_et_gb_content_width":""},"product_brand":[],"product_cat":[600],"product_tag":[649,650,647],"class_list":{"0":"post-2903","1":"product","2":"type-product","3":"status-publish","4":"has-post-thumbnail","6":"product_cat-benidorm","7":"product_tag-buffete-benidorm","8":"product_tag-dejeuner-benidorm","9":"product_tag-spa-benidorm","11":"first","12":"instock","13":"shipping-taxable","14":"product-type-simple"},"yoast_head":"<!-- This site is optimized with the Yoast SEO plugin v26.4 - https:\/\/yoast.com\/wordpress\/plugins\/seo\/ -->\n<title>SPA et Buffet Benidorm<\/title>\n<meta name=\"description\" content=\"SPA et Buffet Benidorm. Sauna, circuit thermal, bain turc et d\u00e9licieux buffet. Le lieu de restauration est le SPA. Boissons incluses.\" \/>\n<meta name=\"robots\" content=\"index, follow, max-snippet:-1, max-image-preview:large, max-video-preview:-1\" \/>\n<link rel=\"canonical\" href=\"https:\/\/stagpartynight.com\/fr\/product\/spa-et-buffet-benidorm\/\" \/>\n<meta property=\"og:locale\" content=\"en_GB\" \/>\n<meta property=\"og:type\" content=\"article\" \/>\n<meta property=\"og:title\" content=\"SPA et Buffet Benidorm\" \/>\n<meta property=\"og:description\" content=\"SPA et Buffet Benidorm. Sauna, circuit thermal, bain turc et d\u00e9licieux buffet. Le lieu de restauration est le SPA. Boissons incluses.\" \/>\n<meta property=\"og:url\" content=\"https:\/\/stagpartynight.com\/fr\/product\/spa-et-buffet-benidorm\/\" \/>\n<meta property=\"og:site_name\" content=\"Nuit de f\u00eate de cerf\" \/>\n<meta property=\"article:modified_time\" content=\"2024-01-23T09:31:10+00:00\" \/>\n<meta property=\"og:image\" content=\"https:\/\/stagpartynight.com\/fr\/wp-content\/uploads\/sites\/3\/2024\/01\/SPA-et-Buffet-Benidorm.jpg\" \/>\n\t<meta property=\"og:image:width\" content=\"1280\" \/>\n\t<meta property=\"og:image:height\" content=\"853\" \/>\n\t<meta property=\"og:image:type\" content=\"image\/jpeg\" \/>\n<meta name=\"twitter:card\" content=\"summary_large_image\" \/>\n<meta name=\"twitter:label1\" content=\"Estimated reading time\" \/>\n\t<meta name=\"twitter:data1\" content=\"2 minutes\" \/>\n<script type=\"application\/ld+json\" class=\"yoast-schema-graph\">{\"@context\":\"https:\/\/schema.org\",\"@graph\":[{\"@type\":\"WebPage\",\"@id\":\"https:\/\/stagpartynight.com\/fr\/product\/spa-et-buffet-benidorm\/\",\"url\":\"https:\/\/stagpartynight.com\/fr\/product\/spa-et-buffet-benidorm\/\",\"name\":\"SPA et Buffet Benidorm\",\"isPartOf\":{\"@id\":\"https:\/\/stagpartynight.com\/fr\/#website\"},\"primaryImageOfPage\":{\"@id\":\"https:\/\/stagpartynight.com\/fr\/product\/spa-et-buffet-benidorm\/#primaryimage\"},\"image\":{\"@id\":\"https:\/\/stagpartynight.com\/fr\/product\/spa-et-buffet-benidorm\/#primaryimage\"},\"thumbnailUrl\":\"https:\/\/stagpartynight.com\/fr\/wp-content\/uploads\/sites\/3\/2024\/01\/SPA-et-Buffet-Benidorm.jpg\",\"datePublished\":\"2024-01-15T09:39:56+00:00\",\"dateModified\":\"2024-01-23T09:31:10+00:00\",\"description\":\"SPA et Buffet Benidorm. Sauna, circuit thermal, bain turc et d\u00e9licieux buffet. Le lieu de restauration est le SPA. Boissons incluses.\",\"breadcrumb\":{\"@id\":\"https:\/\/stagpartynight.com\/fr\/product\/spa-et-buffet-benidorm\/#breadcrumb\"},\"inLanguage\":\"en-GB\",\"potentialAction\":[{\"@type\":\"ReadAction\",\"target\":[\"https:\/\/stagpartynight.com\/fr\/product\/spa-et-buffet-benidorm\/\"]}]},{\"@type\":\"ImageObject\",\"inLanguage\":\"en-GB\",\"@id\":\"https:\/\/stagpartynight.com\/fr\/product\/spa-et-buffet-benidorm\/#primaryimage\",\"url\":\"https:\/\/stagpartynight.com\/fr\/wp-content\/uploads\/sites\/3\/2024\/01\/SPA-et-Buffet-Benidorm.jpg\",\"contentUrl\":\"https:\/\/stagpartynight.com\/fr\/wp-content\/uploads\/sites\/3\/2024\/01\/SPA-et-Buffet-Benidorm.jpg\",\"width\":1280,\"height\":853,\"caption\":\"SPA et Buffet Benidorm\"},{\"@type\":\"BreadcrumbList\",\"@id\":\"https:\/\/stagpartynight.com\/fr\/product\/spa-et-buffet-benidorm\/#breadcrumb\",\"itemListElement\":[{\"@type\":\"ListItem\",\"position\":1,\"name\":\"Home\",\"item\":\"https:\/\/stagpartynight.com\/fr\/\"},{\"@type\":\"ListItem\",\"position\":2,\"name\":\"Tienda\",\"item\":\"https:\/\/stagpartynight.com\/fr\/tienda\/\"},{\"@type\":\"ListItem\",\"position\":3,\"name\":\"SPA et Buffet Benidorm\"}]},{\"@type\":\"WebSite\",\"@id\":\"https:\/\/stagpartynight.com\/fr\/#website\",\"url\":\"https:\/\/stagpartynight.com\/fr\/\",\"name\":\"Stag Party Night\",\"description\":\"Your Stag Party Customized\",\"publisher\":{\"@id\":\"https:\/\/stagpartynight.com\/fr\/#organization\"},\"potentialAction\":[{\"@type\":\"SearchAction\",\"target\":{\"@type\":\"EntryPoint\",\"urlTemplate\":\"https:\/\/stagpartynight.com\/fr\/?s={search_term_string}\"},\"query-input\":{\"@type\":\"PropertyValueSpecification\",\"valueRequired\":true,\"valueName\":\"search_term_string\"}}],\"inLanguage\":\"en-GB\"},{\"@type\":\"Organization\",\"@id\":\"https:\/\/stagpartynight.com\/fr\/#organization\",\"name\":\"Stag Party Night\",\"url\":\"https:\/\/stagpartynight.com\/fr\/\",\"logo\":{\"@type\":\"ImageObject\",\"inLanguage\":\"en-GB\",\"@id\":\"https:\/\/stagpartynight.com\/fr\/#\/schema\/logo\/image\/\",\"url\":\"https:\/\/stagpartynight.com\/fr\/wp-content\/uploads\/sites\/3\/2019\/12\/stagpartynight-e1578565505687.png\",\"contentUrl\":\"https:\/\/stagpartynight.com\/fr\/wp-content\/uploads\/sites\/3\/2019\/12\/stagpartynight-e1578565505687.png\",\"width\":400,\"height\":400,\"caption\":\"Stag Party Night\"},\"image\":{\"@id\":\"https:\/\/stagpartynight.com\/fr\/#\/schema\/logo\/image\/\"}}]}<\/script>\n<!-- \/ Yoast SEO plugin. -->","yoast_head_json":{"title":"SPA et Buffet Benidorm","description":"SPA et Buffet Benidorm. Sauna, circuit thermal, bain turc et d\u00e9licieux buffet. Le lieu de restauration est le SPA. Boissons incluses.","robots":{"index":"index","follow":"follow","max-snippet":"max-snippet:-1","max-image-preview":"max-image-preview:large","max-video-preview":"max-video-preview:-1"},"canonical":"https:\/\/stagpartynight.com\/fr\/product\/spa-et-buffet-benidorm\/","og_locale":"en_GB","og_type":"article","og_title":"SPA et Buffet Benidorm","og_description":"SPA et Buffet Benidorm. Sauna, circuit thermal, bain turc et d\u00e9licieux buffet. Le lieu de restauration est le SPA. Boissons incluses.","og_url":"https:\/\/stagpartynight.com\/fr\/product\/spa-et-buffet-benidorm\/","og_site_name":"Nuit de f\u00eate de cerf","article_modified_time":"2024-01-23T09:31:10+00:00","og_image":[{"width":1280,"height":853,"url":"https:\/\/stagpartynight.com\/fr\/wp-content\/uploads\/sites\/3\/2024\/01\/SPA-et-Buffet-Benidorm.jpg","type":"image\/jpeg"}],"twitter_card":"summary_large_image","twitter_misc":{"Estimated reading time":"2 minutes"},"schema":{"@context":"https:\/\/schema.org","@graph":[{"@type":"WebPage","@id":"https:\/\/stagpartynight.com\/fr\/product\/spa-et-buffet-benidorm\/","url":"https:\/\/stagpartynight.com\/fr\/product\/spa-et-buffet-benidorm\/","name":"SPA et Buffet Benidorm","isPartOf":{"@id":"https:\/\/stagpartynight.com\/fr\/#website"},"primaryImageOfPage":{"@id":"https:\/\/stagpartynight.com\/fr\/product\/spa-et-buffet-benidorm\/#primaryimage"},"image":{"@id":"https:\/\/stagpartynight.com\/fr\/product\/spa-et-buffet-benidorm\/#primaryimage"},"thumbnailUrl":"https:\/\/stagpartynight.com\/fr\/wp-content\/uploads\/sites\/3\/2024\/01\/SPA-et-Buffet-Benidorm.jpg","datePublished":"2024-01-15T09:39:56+00:00","dateModified":"2024-01-23T09:31:10+00:00","description":"SPA et Buffet Benidorm. Sauna, circuit thermal, bain turc et d\u00e9licieux buffet. Le lieu de restauration est le SPA. Boissons incluses.","breadcrumb":{"@id":"https:\/\/stagpartynight.com\/fr\/product\/spa-et-buffet-benidorm\/#breadcrumb"},"inLanguage":"en-GB","potentialAction":[{"@type":"ReadAction","target":["https:\/\/stagpartynight.com\/fr\/product\/spa-et-buffet-benidorm\/"]}]},{"@type":"ImageObject","inLanguage":"en-GB","@id":"https:\/\/stagpartynight.com\/fr\/product\/spa-et-buffet-benidorm\/#primaryimage","url":"https:\/\/stagpartynight.com\/fr\/wp-content\/uploads\/sites\/3\/2024\/01\/SPA-et-Buffet-Benidorm.jpg","contentUrl":"https:\/\/stagpartynight.com\/fr\/wp-content\/uploads\/sites\/3\/2024\/01\/SPA-et-Buffet-Benidorm.jpg","width":1280,"height":853,"caption":"SPA et Buffet Benidorm"},{"@type":"BreadcrumbList","@id":"https:\/\/stagpartynight.com\/fr\/product\/spa-et-buffet-benidorm\/#breadcrumb","itemListElement":[{"@type":"ListItem","position":1,"name":"Home","item":"https:\/\/stagpartynight.com\/fr\/"},{"@type":"ListItem","position":2,"name":"Tienda","item":"https:\/\/stagpartynight.com\/fr\/tienda\/"},{"@type":"ListItem","position":3,"name":"SPA et Buffet Benidorm"}]},{"@type":"WebSite","@id":"https:\/\/stagpartynight.com\/fr\/#website","url":"https:\/\/stagpartynight.com\/fr\/","name":"Stag Party Night","description":"Your Stag Party Customized","publisher":{"@id":"https:\/\/stagpartynight.com\/fr\/#organization"},"potentialAction":[{"@type":"SearchAction","target":{"@type":"EntryPoint","urlTemplate":"https:\/\/stagpartynight.com\/fr\/?s={search_term_string}"},"query-input":{"@type":"PropertyValueSpecification","valueRequired":true,"valueName":"search_term_string"}}],"inLanguage":"en-GB"},{"@type":"Organization","@id":"https:\/\/stagpartynight.com\/fr\/#organization","name":"Stag Party Night","url":"https:\/\/stagpartynight.com\/fr\/","logo":{"@type":"ImageObject","inLanguage":"en-GB","@id":"https:\/\/stagpartynight.com\/fr\/#\/schema\/logo\/image\/","url":"https:\/\/stagpartynight.com\/fr\/wp-content\/uploads\/sites\/3\/2019\/12\/stagpartynight-e1578565505687.png","contentUrl":"https:\/\/stagpartynight.com\/fr\/wp-content\/uploads\/sites\/3\/2019\/12\/stagpartynight-e1578565505687.png","width":400,"height":400,"caption":"Stag Party Night"},"image":{"@id":"https:\/\/stagpartynight.com\/fr\/#\/schema\/logo\/image\/"}}]}},"_links":{"self":[{"href":"https:\/\/stagpartynight.com\/fr\/wp-json\/wp\/v2\/product\/2903","targetHints":{"allow":["GET"]}}],"collection":[{"href":"https:\/\/stagpartynight.com\/fr\/wp-json\/wp\/v2\/product"}],"about":[{"href":"https:\/\/stagpartynight.com\/fr\/wp-json\/wp\/v2\/types\/product"}],"replies":[{"embeddable":true,"href":"https:\/\/stagpartynight.com\/fr\/wp-json\/wp\/v2\/comments?post=2903"}],"wp:featuredmedia":[{"embeddable":true,"href":"https:\/\/stagpartynight.com\/fr\/wp-json\/wp\/v2\/media\/2904"}],"wp:attachment":[{"href":"https:\/\/stagpartynight.com\/fr\/wp-json\/wp\/v2\/media?parent=2903"}],"wp:term":[{"taxonomy":"product_brand","embeddable":true,"href":"https:\/\/stagpartynight.com\/fr\/wp-json\/wp\/v2\/product_brand?post=2903"},{"taxonomy":"product_cat","embeddable":true,"href":"https:\/\/stagpartynight.com\/fr\/wp-json\/wp\/v2\/product_cat?post=2903"},{"taxonomy":"product_tag","embeddable":true,"href":"https:\/\/stagpartynight.com\/fr\/wp-json\/wp\/v2\/product_tag?post=2903"}],"curies":[{"name":"wp","href":"https:\/\/api.w.org\/{rel}","templated":true}]}}