{"id":2905,"date":"2024-01-15T10:49:28","date_gmt":"2024-01-15T09:49:28","guid":{"rendered":"https:\/\/stagpartynight.com\/fr\/?post_type=product&#038;p=2905"},"modified":"2024-01-23T10:40:17","modified_gmt":"2024-01-23T09:40:17","slug":"journee-spa-vip-benidorm","status":"publish","type":"product","link":"https:\/\/stagpartynight.com\/fr\/product\/journee-spa-vip-benidorm\/","title":{"rendered":"Journ\u00e9e Spa VIP Benidorm"},"content":{"rendered":"<p>Journ\u00e9e Spa VIP\u00a0 Benidorm. Cava, circuit SPA, massage d&#8217;une demi-heure, th\u00e9 de bienvenue. Profitez d&#8217;une d\u00e9tente de luxe \u00e0 Benidorm.<\/p>\n<p>Les meilleurs enterrements de vie de gar\u00e7on avec <a href=\"https:\/\/stagpartynight.com\/\">StagParty<\/a>!<\/p>\n<h2 style=\"text-align: center;\">Journ\u00e9e Spa VIP Benidorm<strong style=\"color: #666666; font-size: 14px;\">\ud83c\udf1f<\/strong><\/h2>\n<h4><strong>Journ\u00e9e VIP au Paradis du Bien-\u00catre \u00e0 Benidorm! \ud83c\udf7e<\/strong><\/h4>\n<p>D\u00e9couvrez le summum de la d\u00e9tente avec notre exp\u00e9rience VIP Spa \u00e0 Benidorm! Une journ\u00e9e compl\u00e8te d\u00e9di\u00e9e \u00e0 votre bien-\u00eatre, m\u00ealant luxe, d\u00e9tente et d\u00e9lices.<\/p>\n<p>\ud83d\udc86\u200d\u2640\ufe0f Commencez par vous immerger dans notre spa divin, o\u00f9 les eaux apaisantes et le sauna vous envelopperont de douceur.<\/p>\n<p>\ud83c\udf7e Profitez d&#8217;une bouteille de cava pour une touche de glamour \u00e0 votre journ\u00e9e, accueillie avec un th\u00e9 chaleureux pour une entr\u00e9e en mati\u00e8re parfaite.<\/p>\n<p>\ud83c\udf3f Plongez dans le luxe ultime avec un massage facial ou corporel de 30 minutes. Une exp\u00e9rience qui apaisera vos sens et ravivera votre \u00e9clat.<\/p>\n<p>\ud83c\udf74 Terminez votre journ\u00e9e en beaut\u00e9 avec des instants gourmands au buffet du spa, o\u00f9 chaque bouch\u00e9e est un d\u00e9lice pour les papilles.<\/p>\n<p>\ud83c\udf3aR\u00e9servez maintenant pour vivre une journ\u00e9e VIP exceptionnelle \u00e0 Benidorm, o\u00f9 chaque d\u00e9tail est con\u00e7u pour vous offrir une \u00e9vasion parfaite.<\/p>\n<p>\u2728Profitez du luxe, de la d\u00e9tente et des d\u00e9lices dans un cadre paradisiaque.<\/p>\n<p>\ud83d\udc96 Plongez dans le bien-\u00eatre absolu avec une journ\u00e9e qui restera grav\u00e9e dans vos souvenirs.<\/p>\n<p style=\"text-align: center;\">\ud83c\udf05R\u00e9servez Journ\u00e9e SPA VIP <a href=\"https:\/\/es.wikipedia.org\/wiki\/Benidorm\">Benidorm<\/a>\ud83c\udf05<\/p>\n","protected":false},"excerpt":{"rendered":"<p>Journ\u00e9e Spa VIP\u00a0 Benidorm. Cava, circuit SPA, massage d&#8217;une demi-heure, th\u00e9 de bienvenue. Profitez d&#8217;une d\u00e9tente de luxe \u00e0 Benidorm. Les meilleurs enterrements de vie de gar\u00e7on avec StagParty! Journ\u00e9e Spa VIP Benidorm\ud83c\udf1f Journ\u00e9e VIP au Paradis du Bien-\u00catre \u00e0 Benidorm! \ud83c\udf7e D\u00e9couvrez le summum de la d\u00e9tente avec notre exp\u00e9rience VIP Spa \u00e0 Benidorm! [&hellip;]<\/p>\n","protected":false},"featured_media":2906,"comment_status":"open","ping_status":"closed","template":"","meta":{"_et_pb_use_builder":"","_et_pb_old_content":"","_et_gb_content_width":""},"product_brand":[],"product_cat":[600],"product_tag":[651,647],"class_list":{"0":"post-2905","1":"product","2":"type-product","3":"status-publish","4":"has-post-thumbnail","6":"product_cat-benidorm","7":"product_tag-journee-spa-vip-benidorm","8":"product_tag-spa-benidorm","10":"first","11":"instock","12":"shipping-taxable","13":"product-type-simple"},"yoast_head":"<!-- This site is optimized with the Yoast SEO plugin v26.4 - https:\/\/yoast.com\/wordpress\/plugins\/seo\/ -->\n<title>Journ\u00e9e Spa VIP Benidorm<\/title>\n<meta name=\"description\" content=\"Journ\u00e9e Spa VIP Benidorm. Cava, circuit SPA, massage d&#039;une demi-heure, th\u00e9 de bienvenue. Profitez d&#039;une d\u00e9tente de luxe \u00e0 Benidorm.\" \/>\n<meta name=\"robots\" content=\"index, follow, max-snippet:-1, max-image-preview:large, max-video-preview:-1\" \/>\n<link rel=\"canonical\" href=\"https:\/\/stagpartynight.com\/fr\/product\/journee-spa-vip-benidorm\/\" \/>\n<meta property=\"og:locale\" content=\"en_GB\" \/>\n<meta property=\"og:type\" content=\"article\" \/>\n<meta property=\"og:title\" content=\"Journ\u00e9e Spa VIP Benidorm\" \/>\n<meta property=\"og:description\" content=\"Journ\u00e9e Spa VIP Benidorm. Cava, circuit SPA, massage d&#039;une demi-heure, th\u00e9 de bienvenue. Profitez d&#039;une d\u00e9tente de luxe \u00e0 Benidorm.\" \/>\n<meta property=\"og:url\" content=\"https:\/\/stagpartynight.com\/fr\/product\/journee-spa-vip-benidorm\/\" \/>\n<meta property=\"og:site_name\" content=\"Nuit de f\u00eate de cerf\" \/>\n<meta property=\"article:modified_time\" content=\"2024-01-23T09:40:17+00:00\" \/>\n<meta property=\"og:image\" content=\"https:\/\/stagpartynight.com\/fr\/wp-content\/uploads\/sites\/3\/2024\/01\/Journee-Spa-VIP-Benidorm.jpg\" \/>\n\t<meta property=\"og:image:width\" content=\"1280\" \/>\n\t<meta property=\"og:image:height\" content=\"853\" \/>\n\t<meta property=\"og:image:type\" content=\"image\/jpeg\" \/>\n<meta name=\"twitter:card\" content=\"summary_large_image\" \/>\n<meta name=\"twitter:label1\" content=\"Estimated reading time\" \/>\n\t<meta name=\"twitter:data1\" content=\"2 minutes\" \/>\n<script type=\"application\/ld+json\" class=\"yoast-schema-graph\">{\"@context\":\"https:\/\/schema.org\",\"@graph\":[{\"@type\":\"WebPage\",\"@id\":\"https:\/\/stagpartynight.com\/fr\/product\/journee-spa-vip-benidorm\/\",\"url\":\"https:\/\/stagpartynight.com\/fr\/product\/journee-spa-vip-benidorm\/\",\"name\":\"Journ\u00e9e Spa VIP Benidorm\",\"isPartOf\":{\"@id\":\"https:\/\/stagpartynight.com\/fr\/#website\"},\"primaryImageOfPage\":{\"@id\":\"https:\/\/stagpartynight.com\/fr\/product\/journee-spa-vip-benidorm\/#primaryimage\"},\"image\":{\"@id\":\"https:\/\/stagpartynight.com\/fr\/product\/journee-spa-vip-benidorm\/#primaryimage\"},\"thumbnailUrl\":\"https:\/\/stagpartynight.com\/fr\/wp-content\/uploads\/sites\/3\/2024\/01\/Journee-Spa-VIP-Benidorm.jpg\",\"datePublished\":\"2024-01-15T09:49:28+00:00\",\"dateModified\":\"2024-01-23T09:40:17+00:00\",\"description\":\"Journ\u00e9e Spa VIP Benidorm. Cava, circuit SPA, massage d'une demi-heure, th\u00e9 de bienvenue. Profitez d'une d\u00e9tente de luxe \u00e0 Benidorm.\",\"breadcrumb\":{\"@id\":\"https:\/\/stagpartynight.com\/fr\/product\/journee-spa-vip-benidorm\/#breadcrumb\"},\"inLanguage\":\"en-GB\",\"potentialAction\":[{\"@type\":\"ReadAction\",\"target\":[\"https:\/\/stagpartynight.com\/fr\/product\/journee-spa-vip-benidorm\/\"]}]},{\"@type\":\"ImageObject\",\"inLanguage\":\"en-GB\",\"@id\":\"https:\/\/stagpartynight.com\/fr\/product\/journee-spa-vip-benidorm\/#primaryimage\",\"url\":\"https:\/\/stagpartynight.com\/fr\/wp-content\/uploads\/sites\/3\/2024\/01\/Journee-Spa-VIP-Benidorm.jpg\",\"contentUrl\":\"https:\/\/stagpartynight.com\/fr\/wp-content\/uploads\/sites\/3\/2024\/01\/Journee-Spa-VIP-Benidorm.jpg\",\"width\":1280,\"height\":853,\"caption\":\"Journ\u00e9e Spa VIP Benidorm\"},{\"@type\":\"BreadcrumbList\",\"@id\":\"https:\/\/stagpartynight.com\/fr\/product\/journee-spa-vip-benidorm\/#breadcrumb\",\"itemListElement\":[{\"@type\":\"ListItem\",\"position\":1,\"name\":\"Home\",\"item\":\"https:\/\/stagpartynight.com\/fr\/\"},{\"@type\":\"ListItem\",\"position\":2,\"name\":\"Tienda\",\"item\":\"https:\/\/stagpartynight.com\/fr\/tienda\/\"},{\"@type\":\"ListItem\",\"position\":3,\"name\":\"Journ\u00e9e Spa VIP Benidorm\"}]},{\"@type\":\"WebSite\",\"@id\":\"https:\/\/stagpartynight.com\/fr\/#website\",\"url\":\"https:\/\/stagpartynight.com\/fr\/\",\"name\":\"Stag Party Night\",\"description\":\"Your Stag Party Customized\",\"publisher\":{\"@id\":\"https:\/\/stagpartynight.com\/fr\/#organization\"},\"potentialAction\":[{\"@type\":\"SearchAction\",\"target\":{\"@type\":\"EntryPoint\",\"urlTemplate\":\"https:\/\/stagpartynight.com\/fr\/?s={search_term_string}\"},\"query-input\":{\"@type\":\"PropertyValueSpecification\",\"valueRequired\":true,\"valueName\":\"search_term_string\"}}],\"inLanguage\":\"en-GB\"},{\"@type\":\"Organization\",\"@id\":\"https:\/\/stagpartynight.com\/fr\/#organization\",\"name\":\"Stag Party Night\",\"url\":\"https:\/\/stagpartynight.com\/fr\/\",\"logo\":{\"@type\":\"ImageObject\",\"inLanguage\":\"en-GB\",\"@id\":\"https:\/\/stagpartynight.com\/fr\/#\/schema\/logo\/image\/\",\"url\":\"https:\/\/stagpartynight.com\/fr\/wp-content\/uploads\/sites\/3\/2019\/12\/stagpartynight-e1578565505687.png\",\"contentUrl\":\"https:\/\/stagpartynight.com\/fr\/wp-content\/uploads\/sites\/3\/2019\/12\/stagpartynight-e1578565505687.png\",\"width\":400,\"height\":400,\"caption\":\"Stag Party Night\"},\"image\":{\"@id\":\"https:\/\/stagpartynight.com\/fr\/#\/schema\/logo\/image\/\"}}]}<\/script>\n<!-- \/ Yoast SEO plugin. -->","yoast_head_json":{"title":"Journ\u00e9e Spa VIP Benidorm","description":"Journ\u00e9e Spa VIP Benidorm. Cava, circuit SPA, massage d'une demi-heure, th\u00e9 de bienvenue. Profitez d'une d\u00e9tente de luxe \u00e0 Benidorm.","robots":{"index":"index","follow":"follow","max-snippet":"max-snippet:-1","max-image-preview":"max-image-preview:large","max-video-preview":"max-video-preview:-1"},"canonical":"https:\/\/stagpartynight.com\/fr\/product\/journee-spa-vip-benidorm\/","og_locale":"en_GB","og_type":"article","og_title":"Journ\u00e9e Spa VIP Benidorm","og_description":"Journ\u00e9e Spa VIP Benidorm. Cava, circuit SPA, massage d'une demi-heure, th\u00e9 de bienvenue. Profitez d'une d\u00e9tente de luxe \u00e0 Benidorm.","og_url":"https:\/\/stagpartynight.com\/fr\/product\/journee-spa-vip-benidorm\/","og_site_name":"Nuit de f\u00eate de cerf","article_modified_time":"2024-01-23T09:40:17+00:00","og_image":[{"width":1280,"height":853,"url":"https:\/\/stagpartynight.com\/fr\/wp-content\/uploads\/sites\/3\/2024\/01\/Journee-Spa-VIP-Benidorm.jpg","type":"image\/jpeg"}],"twitter_card":"summary_large_image","twitter_misc":{"Estimated reading time":"2 minutes"},"schema":{"@context":"https:\/\/schema.org","@graph":[{"@type":"WebPage","@id":"https:\/\/stagpartynight.com\/fr\/product\/journee-spa-vip-benidorm\/","url":"https:\/\/stagpartynight.com\/fr\/product\/journee-spa-vip-benidorm\/","name":"Journ\u00e9e Spa VIP Benidorm","isPartOf":{"@id":"https:\/\/stagpartynight.com\/fr\/#website"},"primaryImageOfPage":{"@id":"https:\/\/stagpartynight.com\/fr\/product\/journee-spa-vip-benidorm\/#primaryimage"},"image":{"@id":"https:\/\/stagpartynight.com\/fr\/product\/journee-spa-vip-benidorm\/#primaryimage"},"thumbnailUrl":"https:\/\/stagpartynight.com\/fr\/wp-content\/uploads\/sites\/3\/2024\/01\/Journee-Spa-VIP-Benidorm.jpg","datePublished":"2024-01-15T09:49:28+00:00","dateModified":"2024-01-23T09:40:17+00:00","description":"Journ\u00e9e Spa VIP Benidorm. Cava, circuit SPA, massage d'une demi-heure, th\u00e9 de bienvenue. Profitez d'une d\u00e9tente de luxe \u00e0 Benidorm.","breadcrumb":{"@id":"https:\/\/stagpartynight.com\/fr\/product\/journee-spa-vip-benidorm\/#breadcrumb"},"inLanguage":"en-GB","potentialAction":[{"@type":"ReadAction","target":["https:\/\/stagpartynight.com\/fr\/product\/journee-spa-vip-benidorm\/"]}]},{"@type":"ImageObject","inLanguage":"en-GB","@id":"https:\/\/stagpartynight.com\/fr\/product\/journee-spa-vip-benidorm\/#primaryimage","url":"https:\/\/stagpartynight.com\/fr\/wp-content\/uploads\/sites\/3\/2024\/01\/Journee-Spa-VIP-Benidorm.jpg","contentUrl":"https:\/\/stagpartynight.com\/fr\/wp-content\/uploads\/sites\/3\/2024\/01\/Journee-Spa-VIP-Benidorm.jpg","width":1280,"height":853,"caption":"Journ\u00e9e Spa VIP Benidorm"},{"@type":"BreadcrumbList","@id":"https:\/\/stagpartynight.com\/fr\/product\/journee-spa-vip-benidorm\/#breadcrumb","itemListElement":[{"@type":"ListItem","position":1,"name":"Home","item":"https:\/\/stagpartynight.com\/fr\/"},{"@type":"ListItem","position":2,"name":"Tienda","item":"https:\/\/stagpartynight.com\/fr\/tienda\/"},{"@type":"ListItem","position":3,"name":"Journ\u00e9e Spa VIP Benidorm"}]},{"@type":"WebSite","@id":"https:\/\/stagpartynight.com\/fr\/#website","url":"https:\/\/stagpartynight.com\/fr\/","name":"Stag Party Night","description":"Your Stag Party Customized","publisher":{"@id":"https:\/\/stagpartynight.com\/fr\/#organization"},"potentialAction":[{"@type":"SearchAction","target":{"@type":"EntryPoint","urlTemplate":"https:\/\/stagpartynight.com\/fr\/?s={search_term_string}"},"query-input":{"@type":"PropertyValueSpecification","valueRequired":true,"valueName":"search_term_string"}}],"inLanguage":"en-GB"},{"@type":"Organization","@id":"https:\/\/stagpartynight.com\/fr\/#organization","name":"Stag Party Night","url":"https:\/\/stagpartynight.com\/fr\/","logo":{"@type":"ImageObject","inLanguage":"en-GB","@id":"https:\/\/stagpartynight.com\/fr\/#\/schema\/logo\/image\/","url":"https:\/\/stagpartynight.com\/fr\/wp-content\/uploads\/sites\/3\/2019\/12\/stagpartynight-e1578565505687.png","contentUrl":"https:\/\/stagpartynight.com\/fr\/wp-content\/uploads\/sites\/3\/2019\/12\/stagpartynight-e1578565505687.png","width":400,"height":400,"caption":"Stag Party Night"},"image":{"@id":"https:\/\/stagpartynight.com\/fr\/#\/schema\/logo\/image\/"}}]}},"_links":{"self":[{"href":"https:\/\/stagpartynight.com\/fr\/wp-json\/wp\/v2\/product\/2905","targetHints":{"allow":["GET"]}}],"collection":[{"href":"https:\/\/stagpartynight.com\/fr\/wp-json\/wp\/v2\/product"}],"about":[{"href":"https:\/\/stagpartynight.com\/fr\/wp-json\/wp\/v2\/types\/product"}],"replies":[{"embeddable":true,"href":"https:\/\/stagpartynight.com\/fr\/wp-json\/wp\/v2\/comments?post=2905"}],"wp:featuredmedia":[{"embeddable":true,"href":"https:\/\/stagpartynight.com\/fr\/wp-json\/wp\/v2\/media\/2906"}],"wp:attachment":[{"href":"https:\/\/stagpartynight.com\/fr\/wp-json\/wp\/v2\/media?parent=2905"}],"wp:term":[{"taxonomy":"product_brand","embeddable":true,"href":"https:\/\/stagpartynight.com\/fr\/wp-json\/wp\/v2\/product_brand?post=2905"},{"taxonomy":"product_cat","embeddable":true,"href":"https:\/\/stagpartynight.com\/fr\/wp-json\/wp\/v2\/product_cat?post=2905"},{"taxonomy":"product_tag","embeddable":true,"href":"https:\/\/stagpartynight.com\/fr\/wp-json\/wp\/v2\/product_tag?post=2905"}],"curies":[{"name":"wp","href":"https:\/\/api.w.org\/{rel}","templated":true}]}}