{"id":2907,"date":"2024-01-15T10:59:43","date_gmt":"2024-01-15T09:59:43","guid":{"rendered":"https:\/\/stagpartynight.com\/fr\/?post_type=product&#038;p=2907"},"modified":"2024-01-23T10:30:23","modified_gmt":"2024-01-23T09:30:23","slug":"menu-dejeuner-benidorm","status":"publish","type":"product","link":"https:\/\/stagpartynight.com\/fr\/product\/menu-dejeuner-benidorm\/","title":{"rendered":"Men\u00fa D\u00e9jeuner Benidorm"},"content":{"rendered":"<p>Men\u00fa D\u00e9jeuner Benidorm. Entr\u00e9e, compartiment principal, dessert, caf\u00e9 et bouteille de vin de Rioja (une bouteille pour 4 personne). Option bi\u00e8re (un litre, 4 personnes).<\/p>\n<p>Les meilleurs enterrements de vie de gar\u00e7on avec <a href=\"https:\/\/stagpartynight.com\/\">StagParty<\/a>!<\/p>\n<h2 style=\"text-align: center;\">Men\u00fa D\u00e9jeuner Benidorm<strong style=\"color: #666666; font-size: 14px;\">\ud83c\udf7d\ufe0f<\/strong><\/h2>\n<h4><strong>Festin Gourmand \u00e0 Benidorm! \ud83c\udf1f<\/strong><\/h4>\n<p>D\u00e9couvrez une exp\u00e9rience culinaire exceptionnelle dans le c\u0153ur vibrant de Benidorm! Notre menu exquis vous transporte dans un voyage gastronomique o\u00f9 chaque bouch\u00e9e est une explosion de saveurs.<\/p>\n<p>\ud83c\udf72 <strong>Entr\u00e9es D\u00e9licieuses:<\/strong><\/p>\n<ul>\n<li>Hummus cr\u00e9meux<\/li>\n<li>Salmorejo rafra\u00eechissant<\/li>\n<li>Olives marin\u00e9es<\/li>\n<\/ul>\n<p>\ud83c\udf74 <strong>Plats Principaux \u00e0 Partager:<\/strong><\/p>\n<ul>\n<li>Escalivada m\u00e9diterran\u00e9enne<\/li>\n<li>Foie gras avec fruits secs<\/li>\n<li>Assortiment de d\u00e9lices ib\u00e9riques<\/li>\n<li>Calamars et piments de Padr\u00f3n<\/li>\n<li>Pomme caram\u00e9lis\u00e9e avec fromage et foie<\/li>\n<li>Filet de porc sauce Jabugo<\/li>\n<\/ul>\n<p>\ud83c\udf70 <strong>Dessert Gourmand:<\/strong><\/p>\n<ul>\n<li>Surprise sucr\u00e9e pour clore votre festin<\/li>\n<\/ul>\n<p>\u2615 <strong>Caf\u00e9 &amp; \ud83c\udf77<\/strong> <strong>Vins ou \ud83c\udf7a<\/strong> <strong>Bi\u00e8res:<\/strong><\/p>\n<ul>\n<li>Une bouteille de vin pour quatre personnes<\/li>\n<li>Un litre de bi\u00e8re pour quatre personnes<\/li>\n<\/ul>\n<p>R\u00e9servez d\u00e8s maintenant pour une exp\u00e9rience gastronomique inoubliable \u00e0 Benidorm. Un festin o\u00f9 chaque plat est une \u0153uvre d&#8217;art, chaque gorg\u00e9e un plaisir et o\u00f9 les rires r\u00e9sonnent autour de d\u00e9lices partag\u00e9s. \ud83e\udd42<\/p>\n<p>\ud83c\udf7e Vivez une exp\u00e9rience culinaire exceptionnelle qui \u00e9veillera vos papilles et laissera des souvenirs savoureux! \ud83c\udf3a<\/p>\n<p style=\"text-align: center;\">R\u00e9server la gastronomie espagnole!<\/p>\n<p style=\"text-align: center;\">\u2728R\u00e9servez Men\u00fa D\u00e9jeuner <a href=\"https:\/\/es.wikipedia.org\/wiki\/Benidorm\">Benidorm<\/a>\u2728<\/p>\n<p>&nbsp;<\/p>\n","protected":false},"excerpt":{"rendered":"<p>Men\u00fa D\u00e9jeuner Benidorm. Entr\u00e9e, compartiment principal, dessert, caf\u00e9 et bouteille de vin de Rioja (une bouteille pour 4 personne). Option bi\u00e8re (un litre, 4 personnes). Les meilleurs enterrements de vie de gar\u00e7on avec StagParty! Men\u00fa D\u00e9jeuner Benidorm\ud83c\udf7d\ufe0f Festin Gourmand \u00e0 Benidorm! \ud83c\udf1f D\u00e9couvrez une exp\u00e9rience culinaire exceptionnelle dans le c\u0153ur vibrant de Benidorm! Notre menu [&hellip;]<\/p>\n","protected":false},"featured_media":2908,"comment_status":"open","ping_status":"closed","template":"","meta":{"_et_pb_use_builder":"","_et_pb_old_content":"","_et_gb_content_width":""},"product_brand":[],"product_cat":[600],"product_tag":[650,652],"class_list":{"0":"post-2907","1":"product","2":"type-product","3":"status-publish","4":"has-post-thumbnail","6":"product_cat-benidorm","7":"product_tag-dejeuner-benidorm","8":"product_tag-menu-dejeuner-benidorm","10":"first","11":"instock","12":"shipping-taxable","13":"product-type-simple"},"yoast_head":"<!-- This site is optimized with the Yoast SEO plugin v26.4 - https:\/\/yoast.com\/wordpress\/plugins\/seo\/ -->\n<title>Men\u00fa D\u00e9jeuner Benidorm<\/title>\n<meta name=\"description\" content=\"Men\u00fa D\u00e9jeuner Benidorm. Entr\u00e9e, compartiment principal, dessert, caf\u00e9 et bouteille de vin de Rioja (une bouteille pour 4 personne).\" \/>\n<meta name=\"robots\" content=\"index, follow, max-snippet:-1, max-image-preview:large, max-video-preview:-1\" \/>\n<link rel=\"canonical\" href=\"https:\/\/stagpartynight.com\/fr\/product\/menu-dejeuner-benidorm\/\" \/>\n<meta property=\"og:locale\" content=\"en_GB\" \/>\n<meta property=\"og:type\" content=\"article\" \/>\n<meta property=\"og:title\" content=\"Men\u00fa D\u00e9jeuner Benidorm\" \/>\n<meta property=\"og:description\" content=\"Men\u00fa D\u00e9jeuner Benidorm. Entr\u00e9e, compartiment principal, dessert, caf\u00e9 et bouteille de vin de Rioja (une bouteille pour 4 personne).\" \/>\n<meta property=\"og:url\" content=\"https:\/\/stagpartynight.com\/fr\/product\/menu-dejeuner-benidorm\/\" \/>\n<meta property=\"og:site_name\" content=\"Nuit de f\u00eate de cerf\" \/>\n<meta property=\"article:modified_time\" content=\"2024-01-23T09:30:23+00:00\" \/>\n<meta property=\"og:image\" content=\"https:\/\/stagpartynight.com\/fr\/wp-content\/uploads\/sites\/3\/2024\/01\/Menu-Dejeuner-Benidorm.jpg\" \/>\n\t<meta property=\"og:image:width\" content=\"960\" \/>\n\t<meta property=\"og:image:height\" content=\"440\" \/>\n\t<meta property=\"og:image:type\" content=\"image\/jpeg\" \/>\n<meta name=\"twitter:card\" content=\"summary_large_image\" \/>\n<meta name=\"twitter:label1\" content=\"Estimated reading time\" \/>\n\t<meta name=\"twitter:data1\" content=\"2 minutes\" \/>\n<script type=\"application\/ld+json\" class=\"yoast-schema-graph\">{\"@context\":\"https:\/\/schema.org\",\"@graph\":[{\"@type\":\"WebPage\",\"@id\":\"https:\/\/stagpartynight.com\/fr\/product\/menu-dejeuner-benidorm\/\",\"url\":\"https:\/\/stagpartynight.com\/fr\/product\/menu-dejeuner-benidorm\/\",\"name\":\"Men\u00fa D\u00e9jeuner Benidorm\",\"isPartOf\":{\"@id\":\"https:\/\/stagpartynight.com\/fr\/#website\"},\"primaryImageOfPage\":{\"@id\":\"https:\/\/stagpartynight.com\/fr\/product\/menu-dejeuner-benidorm\/#primaryimage\"},\"image\":{\"@id\":\"https:\/\/stagpartynight.com\/fr\/product\/menu-dejeuner-benidorm\/#primaryimage\"},\"thumbnailUrl\":\"https:\/\/stagpartynight.com\/fr\/wp-content\/uploads\/sites\/3\/2024\/01\/Menu-Dejeuner-Benidorm.jpg\",\"datePublished\":\"2024-01-15T09:59:43+00:00\",\"dateModified\":\"2024-01-23T09:30:23+00:00\",\"description\":\"Men\u00fa D\u00e9jeuner Benidorm. Entr\u00e9e, compartiment principal, dessert, caf\u00e9 et bouteille de vin de Rioja (une bouteille pour 4 personne).\",\"breadcrumb\":{\"@id\":\"https:\/\/stagpartynight.com\/fr\/product\/menu-dejeuner-benidorm\/#breadcrumb\"},\"inLanguage\":\"en-GB\",\"potentialAction\":[{\"@type\":\"ReadAction\",\"target\":[\"https:\/\/stagpartynight.com\/fr\/product\/menu-dejeuner-benidorm\/\"]}]},{\"@type\":\"ImageObject\",\"inLanguage\":\"en-GB\",\"@id\":\"https:\/\/stagpartynight.com\/fr\/product\/menu-dejeuner-benidorm\/#primaryimage\",\"url\":\"https:\/\/stagpartynight.com\/fr\/wp-content\/uploads\/sites\/3\/2024\/01\/Menu-Dejeuner-Benidorm.jpg\",\"contentUrl\":\"https:\/\/stagpartynight.com\/fr\/wp-content\/uploads\/sites\/3\/2024\/01\/Menu-Dejeuner-Benidorm.jpg\",\"width\":960,\"height\":440,\"caption\":\"Men\u00fa D\u00e9jeuner Benidorm\"},{\"@type\":\"BreadcrumbList\",\"@id\":\"https:\/\/stagpartynight.com\/fr\/product\/menu-dejeuner-benidorm\/#breadcrumb\",\"itemListElement\":[{\"@type\":\"ListItem\",\"position\":1,\"name\":\"Home\",\"item\":\"https:\/\/stagpartynight.com\/fr\/\"},{\"@type\":\"ListItem\",\"position\":2,\"name\":\"Tienda\",\"item\":\"https:\/\/stagpartynight.com\/fr\/tienda\/\"},{\"@type\":\"ListItem\",\"position\":3,\"name\":\"Men\u00fa D\u00e9jeuner Benidorm\"}]},{\"@type\":\"WebSite\",\"@id\":\"https:\/\/stagpartynight.com\/fr\/#website\",\"url\":\"https:\/\/stagpartynight.com\/fr\/\",\"name\":\"Stag Party Night\",\"description\":\"Your Stag Party Customized\",\"publisher\":{\"@id\":\"https:\/\/stagpartynight.com\/fr\/#organization\"},\"potentialAction\":[{\"@type\":\"SearchAction\",\"target\":{\"@type\":\"EntryPoint\",\"urlTemplate\":\"https:\/\/stagpartynight.com\/fr\/?s={search_term_string}\"},\"query-input\":{\"@type\":\"PropertyValueSpecification\",\"valueRequired\":true,\"valueName\":\"search_term_string\"}}],\"inLanguage\":\"en-GB\"},{\"@type\":\"Organization\",\"@id\":\"https:\/\/stagpartynight.com\/fr\/#organization\",\"name\":\"Stag Party Night\",\"url\":\"https:\/\/stagpartynight.com\/fr\/\",\"logo\":{\"@type\":\"ImageObject\",\"inLanguage\":\"en-GB\",\"@id\":\"https:\/\/stagpartynight.com\/fr\/#\/schema\/logo\/image\/\",\"url\":\"https:\/\/stagpartynight.com\/fr\/wp-content\/uploads\/sites\/3\/2019\/12\/stagpartynight-e1578565505687.png\",\"contentUrl\":\"https:\/\/stagpartynight.com\/fr\/wp-content\/uploads\/sites\/3\/2019\/12\/stagpartynight-e1578565505687.png\",\"width\":400,\"height\":400,\"caption\":\"Stag Party Night\"},\"image\":{\"@id\":\"https:\/\/stagpartynight.com\/fr\/#\/schema\/logo\/image\/\"}}]}<\/script>\n<!-- \/ Yoast SEO plugin. -->","yoast_head_json":{"title":"Men\u00fa D\u00e9jeuner Benidorm","description":"Men\u00fa D\u00e9jeuner Benidorm. Entr\u00e9e, compartiment principal, dessert, caf\u00e9 et bouteille de vin de Rioja (une bouteille pour 4 personne).","robots":{"index":"index","follow":"follow","max-snippet":"max-snippet:-1","max-image-preview":"max-image-preview:large","max-video-preview":"max-video-preview:-1"},"canonical":"https:\/\/stagpartynight.com\/fr\/product\/menu-dejeuner-benidorm\/","og_locale":"en_GB","og_type":"article","og_title":"Men\u00fa D\u00e9jeuner Benidorm","og_description":"Men\u00fa D\u00e9jeuner Benidorm. Entr\u00e9e, compartiment principal, dessert, caf\u00e9 et bouteille de vin de Rioja (une bouteille pour 4 personne).","og_url":"https:\/\/stagpartynight.com\/fr\/product\/menu-dejeuner-benidorm\/","og_site_name":"Nuit de f\u00eate de cerf","article_modified_time":"2024-01-23T09:30:23+00:00","og_image":[{"width":960,"height":440,"url":"https:\/\/stagpartynight.com\/fr\/wp-content\/uploads\/sites\/3\/2024\/01\/Menu-Dejeuner-Benidorm.jpg","type":"image\/jpeg"}],"twitter_card":"summary_large_image","twitter_misc":{"Estimated reading time":"2 minutes"},"schema":{"@context":"https:\/\/schema.org","@graph":[{"@type":"WebPage","@id":"https:\/\/stagpartynight.com\/fr\/product\/menu-dejeuner-benidorm\/","url":"https:\/\/stagpartynight.com\/fr\/product\/menu-dejeuner-benidorm\/","name":"Men\u00fa D\u00e9jeuner Benidorm","isPartOf":{"@id":"https:\/\/stagpartynight.com\/fr\/#website"},"primaryImageOfPage":{"@id":"https:\/\/stagpartynight.com\/fr\/product\/menu-dejeuner-benidorm\/#primaryimage"},"image":{"@id":"https:\/\/stagpartynight.com\/fr\/product\/menu-dejeuner-benidorm\/#primaryimage"},"thumbnailUrl":"https:\/\/stagpartynight.com\/fr\/wp-content\/uploads\/sites\/3\/2024\/01\/Menu-Dejeuner-Benidorm.jpg","datePublished":"2024-01-15T09:59:43+00:00","dateModified":"2024-01-23T09:30:23+00:00","description":"Men\u00fa D\u00e9jeuner Benidorm. Entr\u00e9e, compartiment principal, dessert, caf\u00e9 et bouteille de vin de Rioja (une bouteille pour 4 personne).","breadcrumb":{"@id":"https:\/\/stagpartynight.com\/fr\/product\/menu-dejeuner-benidorm\/#breadcrumb"},"inLanguage":"en-GB","potentialAction":[{"@type":"ReadAction","target":["https:\/\/stagpartynight.com\/fr\/product\/menu-dejeuner-benidorm\/"]}]},{"@type":"ImageObject","inLanguage":"en-GB","@id":"https:\/\/stagpartynight.com\/fr\/product\/menu-dejeuner-benidorm\/#primaryimage","url":"https:\/\/stagpartynight.com\/fr\/wp-content\/uploads\/sites\/3\/2024\/01\/Menu-Dejeuner-Benidorm.jpg","contentUrl":"https:\/\/stagpartynight.com\/fr\/wp-content\/uploads\/sites\/3\/2024\/01\/Menu-Dejeuner-Benidorm.jpg","width":960,"height":440,"caption":"Men\u00fa D\u00e9jeuner Benidorm"},{"@type":"BreadcrumbList","@id":"https:\/\/stagpartynight.com\/fr\/product\/menu-dejeuner-benidorm\/#breadcrumb","itemListElement":[{"@type":"ListItem","position":1,"name":"Home","item":"https:\/\/stagpartynight.com\/fr\/"},{"@type":"ListItem","position":2,"name":"Tienda","item":"https:\/\/stagpartynight.com\/fr\/tienda\/"},{"@type":"ListItem","position":3,"name":"Men\u00fa D\u00e9jeuner Benidorm"}]},{"@type":"WebSite","@id":"https:\/\/stagpartynight.com\/fr\/#website","url":"https:\/\/stagpartynight.com\/fr\/","name":"Stag Party Night","description":"Your Stag Party Customized","publisher":{"@id":"https:\/\/stagpartynight.com\/fr\/#organization"},"potentialAction":[{"@type":"SearchAction","target":{"@type":"EntryPoint","urlTemplate":"https:\/\/stagpartynight.com\/fr\/?s={search_term_string}"},"query-input":{"@type":"PropertyValueSpecification","valueRequired":true,"valueName":"search_term_string"}}],"inLanguage":"en-GB"},{"@type":"Organization","@id":"https:\/\/stagpartynight.com\/fr\/#organization","name":"Stag Party Night","url":"https:\/\/stagpartynight.com\/fr\/","logo":{"@type":"ImageObject","inLanguage":"en-GB","@id":"https:\/\/stagpartynight.com\/fr\/#\/schema\/logo\/image\/","url":"https:\/\/stagpartynight.com\/fr\/wp-content\/uploads\/sites\/3\/2019\/12\/stagpartynight-e1578565505687.png","contentUrl":"https:\/\/stagpartynight.com\/fr\/wp-content\/uploads\/sites\/3\/2019\/12\/stagpartynight-e1578565505687.png","width":400,"height":400,"caption":"Stag Party Night"},"image":{"@id":"https:\/\/stagpartynight.com\/fr\/#\/schema\/logo\/image\/"}}]}},"_links":{"self":[{"href":"https:\/\/stagpartynight.com\/fr\/wp-json\/wp\/v2\/product\/2907","targetHints":{"allow":["GET"]}}],"collection":[{"href":"https:\/\/stagpartynight.com\/fr\/wp-json\/wp\/v2\/product"}],"about":[{"href":"https:\/\/stagpartynight.com\/fr\/wp-json\/wp\/v2\/types\/product"}],"replies":[{"embeddable":true,"href":"https:\/\/stagpartynight.com\/fr\/wp-json\/wp\/v2\/comments?post=2907"}],"wp:featuredmedia":[{"embeddable":true,"href":"https:\/\/stagpartynight.com\/fr\/wp-json\/wp\/v2\/media\/2908"}],"wp:attachment":[{"href":"https:\/\/stagpartynight.com\/fr\/wp-json\/wp\/v2\/media?parent=2907"}],"wp:term":[{"taxonomy":"product_brand","embeddable":true,"href":"https:\/\/stagpartynight.com\/fr\/wp-json\/wp\/v2\/product_brand?post=2907"},{"taxonomy":"product_cat","embeddable":true,"href":"https:\/\/stagpartynight.com\/fr\/wp-json\/wp\/v2\/product_cat?post=2907"},{"taxonomy":"product_tag","embeddable":true,"href":"https:\/\/stagpartynight.com\/fr\/wp-json\/wp\/v2\/product_tag?post=2907"}],"curies":[{"name":"wp","href":"https:\/\/api.w.org\/{rel}","templated":true}]}}