{"id":2909,"date":"2024-01-15T11:07:41","date_gmt":"2024-01-15T10:07:41","guid":{"rendered":"https:\/\/stagpartynight.com\/fr\/?post_type=product&#038;p=2909"},"modified":"2024-01-23T10:29:24","modified_gmt":"2024-01-23T09:29:24","slug":"dejeuner-vin-et-biere-illimites-benidorm","status":"publish","type":"product","link":"https:\/\/stagpartynight.com\/fr\/product\/dejeuner-vin-et-biere-illimites-benidorm\/","title":{"rendered":"D\u00e9jeuner Vin et Bi\u00e8re illimit\u00e9s Benidorm"},"content":{"rendered":"<p>D\u00e9jeuner Vin et Bi\u00e8re illimit\u00e9s Benidorm. Entr\u00e9es, plat principal, dessert, une boisson non alcoolis\u00e9e\/eau par personne, vin \u00e0 volont\u00e9, bi\u00e8re \u00e0 volont\u00e9.<\/p>\n<p>Les meilleurs enterrements de vie de gar\u00e7on avec <a href=\"https:\/\/stagpartynight.com\/\">StagParty!<\/a><\/p>\n<h2 style=\"text-align: center;\"><strong style=\"color: #666666; font-size: 14px;\">\ud83c\udf77<\/strong>D\u00e9jeuner Vin et Bi\u00e8re illimit\u00e9s Benidorm<strong style=\"color: #666666; font-size: 14px;\">\ud83c\udf7a<\/strong><\/h2>\n<p><strong>Festin Sans Fin \u00e0 Benidorm! \ud83c\udf7d\ufe0f&#8221;<\/strong><\/p>\n<p>Vivez une exp\u00e9rience culinaire sans pareille au c\u0153ur de Benidorm avec notre menu g\u00e9n\u00e9reux, o\u00f9 les saveurs exquises rencontrent une abondance infinie de vins et de bi\u00e8res. Un banquet festif qui \u00e9veillera vos sens et remplira votre journ\u00e9e de d\u00e9lices.<\/p>\n<p>\ud83c\udf72 <strong>Entr\u00e9es \u00e0 Partager:<\/strong><\/p>\n<ul>\n<li>Ensaladilla Rusa rafra\u00eechissante<\/li>\n<li>D\u00e9licieuses alcachofas avec romesco<\/li>\n<li>Plateau de fromages<\/li>\n<li>Croquetas de jambon \u00e0 tomber<\/li>\n<\/ul>\n<p>\ud83c\udf7d\ufe0f <strong>Plat Principal au Choix:<\/strong><\/p>\n<ul>\n<li>Saumon norv\u00e9gien, une symphonie de saveurs marines<\/li>\n<li>Filet de b\u0153uf avec une sauce au fromage, une exp\u00e9rience gastronomique inoubliable<\/li>\n<\/ul>\n<p>\ud83c\udf70 <strong>Dessert Divin:<\/strong><\/p>\n<ul>\n<li>Succombez \u00e0 notre d\u00e9licieuse Tarte au Fromage<\/li>\n<\/ul>\n<p>\ud83c\udf79 <strong>Boissons \u00e0 Volont\u00e9:<\/strong><\/p>\n<ul>\n<li>Une boisson par personne (eau ou soda)<\/li>\n<li>Vin et bi\u00e8re illimit\u00e9s pour agr\u00e9menter chaque instant festif<\/li>\n<\/ul>\n<p>R\u00e9servez d\u00e8s maintenant et plongez dans une aventure culinaire sans limites \u00e0 Benidorm. Profitez d&#8217;une abondance de saveurs, d&#8217;un choix exquis de plats et d&#8217;une ambiance festive.<\/p>\n<p>Chaque plat est une c\u00e9l\u00e9bration, chaque verre est une occasion de trinquer \u00e0 la joie de vivre. \ud83c\udf89<\/p>\n<p style=\"text-align: center;\">\ud83c\udf1fR\u00e9servez D\u00e9jeuner Vin et Bi\u00e8re illimit\u00e9s <a href=\"https:\/\/es.wikipedia.org\/wiki\/Benidorm\">Benidorm<\/a>\ud83c\udf1f<\/p>\n<p>&nbsp;<\/p>\n","protected":false},"excerpt":{"rendered":"<p>D\u00e9jeuner Vin et Bi\u00e8re illimit\u00e9s Benidorm. Entr\u00e9es, plat principal, dessert, une boisson non alcoolis\u00e9e\/eau par personne, vin \u00e0 volont\u00e9, bi\u00e8re \u00e0 volont\u00e9. Les meilleurs enterrements de vie de gar\u00e7on avec StagParty! \ud83c\udf77D\u00e9jeuner Vin et Bi\u00e8re illimit\u00e9s Benidorm\ud83c\udf7a Festin Sans Fin \u00e0 Benidorm! \ud83c\udf7d\ufe0f&#8221; Vivez une exp\u00e9rience culinaire sans pareille au c\u0153ur de Benidorm avec notre [&hellip;]<\/p>\n","protected":false},"featured_media":2910,"comment_status":"open","ping_status":"closed","template":"","meta":{"_et_pb_use_builder":"","_et_pb_old_content":"","_et_gb_content_width":""},"product_brand":[],"product_cat":[600],"product_tag":[653,650,654],"class_list":{"0":"post-2909","1":"product","2":"type-product","3":"status-publish","4":"has-post-thumbnail","6":"product_cat-benidorm","7":"product_tag-biere-benidorm","8":"product_tag-dejeuner-benidorm","9":"product_tag-vin-benidorm","11":"first","12":"instock","13":"shipping-taxable","14":"product-type-simple"},"yoast_head":"<!-- This site is optimized with the Yoast SEO plugin v26.4 - https:\/\/yoast.com\/wordpress\/plugins\/seo\/ -->\n<title>D\u00e9jeuner Vin et Bi\u00e8re illimit\u00e9s Benidorm<\/title>\n<meta name=\"description\" content=\"D\u00e9jeuner Vin et Bi\u00e8re illimit\u00e9s Benidorm. Entr\u00e9es, plat principal, dessert, une boisson non alcoolis\u00e9e\/eau par personne, vin \u00e0 volont\u00e9, bi\u00e8re \u00e0 volont\u00e9.\" \/>\n<meta name=\"robots\" content=\"index, follow, max-snippet:-1, max-image-preview:large, max-video-preview:-1\" \/>\n<link rel=\"canonical\" href=\"https:\/\/stagpartynight.com\/fr\/product\/dejeuner-vin-et-biere-illimites-benidorm\/\" \/>\n<meta property=\"og:locale\" content=\"en_GB\" \/>\n<meta property=\"og:type\" content=\"article\" \/>\n<meta property=\"og:title\" content=\"D\u00e9jeuner Vin et Bi\u00e8re illimit\u00e9s Benidorm\" \/>\n<meta property=\"og:description\" content=\"D\u00e9jeuner Vin et Bi\u00e8re illimit\u00e9s Benidorm. Entr\u00e9es, plat principal, dessert, une boisson non alcoolis\u00e9e\/eau par personne, vin \u00e0 volont\u00e9, bi\u00e8re \u00e0 volont\u00e9.\" \/>\n<meta property=\"og:url\" content=\"https:\/\/stagpartynight.com\/fr\/product\/dejeuner-vin-et-biere-illimites-benidorm\/\" \/>\n<meta property=\"og:site_name\" content=\"Nuit de f\u00eate de cerf\" \/>\n<meta property=\"article:modified_time\" content=\"2024-01-23T09:29:24+00:00\" \/>\n<meta property=\"og:image\" content=\"https:\/\/stagpartynight.com\/fr\/wp-content\/uploads\/sites\/3\/2024\/01\/Dejeuner-Vin-et-Biere-illimites-Benidorm.jpg\" \/>\n\t<meta property=\"og:image:width\" content=\"1280\" \/>\n\t<meta property=\"og:image:height\" content=\"853\" \/>\n\t<meta property=\"og:image:type\" content=\"image\/jpeg\" \/>\n<meta name=\"twitter:card\" content=\"summary_large_image\" \/>\n<meta name=\"twitter:label1\" content=\"Estimated reading time\" \/>\n\t<meta name=\"twitter:data1\" content=\"2 minutes\" \/>\n<script type=\"application\/ld+json\" class=\"yoast-schema-graph\">{\"@context\":\"https:\/\/schema.org\",\"@graph\":[{\"@type\":\"WebPage\",\"@id\":\"https:\/\/stagpartynight.com\/fr\/product\/dejeuner-vin-et-biere-illimites-benidorm\/\",\"url\":\"https:\/\/stagpartynight.com\/fr\/product\/dejeuner-vin-et-biere-illimites-benidorm\/\",\"name\":\"D\u00e9jeuner Vin et Bi\u00e8re illimit\u00e9s Benidorm\",\"isPartOf\":{\"@id\":\"https:\/\/stagpartynight.com\/fr\/#website\"},\"primaryImageOfPage\":{\"@id\":\"https:\/\/stagpartynight.com\/fr\/product\/dejeuner-vin-et-biere-illimites-benidorm\/#primaryimage\"},\"image\":{\"@id\":\"https:\/\/stagpartynight.com\/fr\/product\/dejeuner-vin-et-biere-illimites-benidorm\/#primaryimage\"},\"thumbnailUrl\":\"https:\/\/stagpartynight.com\/fr\/wp-content\/uploads\/sites\/3\/2024\/01\/Dejeuner-Vin-et-Biere-illimites-Benidorm.jpg\",\"datePublished\":\"2024-01-15T10:07:41+00:00\",\"dateModified\":\"2024-01-23T09:29:24+00:00\",\"description\":\"D\u00e9jeuner Vin et Bi\u00e8re illimit\u00e9s Benidorm. Entr\u00e9es, plat principal, dessert, une boisson non alcoolis\u00e9e\/eau par personne, vin \u00e0 volont\u00e9, bi\u00e8re \u00e0 volont\u00e9.\",\"breadcrumb\":{\"@id\":\"https:\/\/stagpartynight.com\/fr\/product\/dejeuner-vin-et-biere-illimites-benidorm\/#breadcrumb\"},\"inLanguage\":\"en-GB\",\"potentialAction\":[{\"@type\":\"ReadAction\",\"target\":[\"https:\/\/stagpartynight.com\/fr\/product\/dejeuner-vin-et-biere-illimites-benidorm\/\"]}]},{\"@type\":\"ImageObject\",\"inLanguage\":\"en-GB\",\"@id\":\"https:\/\/stagpartynight.com\/fr\/product\/dejeuner-vin-et-biere-illimites-benidorm\/#primaryimage\",\"url\":\"https:\/\/stagpartynight.com\/fr\/wp-content\/uploads\/sites\/3\/2024\/01\/Dejeuner-Vin-et-Biere-illimites-Benidorm.jpg\",\"contentUrl\":\"https:\/\/stagpartynight.com\/fr\/wp-content\/uploads\/sites\/3\/2024\/01\/Dejeuner-Vin-et-Biere-illimites-Benidorm.jpg\",\"width\":1280,\"height\":853,\"caption\":\"D\u00e9jeuner Vin et Bi\u00e8re illimit\u00e9s Benidorm\"},{\"@type\":\"BreadcrumbList\",\"@id\":\"https:\/\/stagpartynight.com\/fr\/product\/dejeuner-vin-et-biere-illimites-benidorm\/#breadcrumb\",\"itemListElement\":[{\"@type\":\"ListItem\",\"position\":1,\"name\":\"Home\",\"item\":\"https:\/\/stagpartynight.com\/fr\/\"},{\"@type\":\"ListItem\",\"position\":2,\"name\":\"Tienda\",\"item\":\"https:\/\/stagpartynight.com\/fr\/tienda\/\"},{\"@type\":\"ListItem\",\"position\":3,\"name\":\"D\u00e9jeuner Vin et Bi\u00e8re illimit\u00e9s Benidorm\"}]},{\"@type\":\"WebSite\",\"@id\":\"https:\/\/stagpartynight.com\/fr\/#website\",\"url\":\"https:\/\/stagpartynight.com\/fr\/\",\"name\":\"Stag Party Night\",\"description\":\"Your Stag Party Customized\",\"publisher\":{\"@id\":\"https:\/\/stagpartynight.com\/fr\/#organization\"},\"potentialAction\":[{\"@type\":\"SearchAction\",\"target\":{\"@type\":\"EntryPoint\",\"urlTemplate\":\"https:\/\/stagpartynight.com\/fr\/?s={search_term_string}\"},\"query-input\":{\"@type\":\"PropertyValueSpecification\",\"valueRequired\":true,\"valueName\":\"search_term_string\"}}],\"inLanguage\":\"en-GB\"},{\"@type\":\"Organization\",\"@id\":\"https:\/\/stagpartynight.com\/fr\/#organization\",\"name\":\"Stag Party Night\",\"url\":\"https:\/\/stagpartynight.com\/fr\/\",\"logo\":{\"@type\":\"ImageObject\",\"inLanguage\":\"en-GB\",\"@id\":\"https:\/\/stagpartynight.com\/fr\/#\/schema\/logo\/image\/\",\"url\":\"https:\/\/stagpartynight.com\/fr\/wp-content\/uploads\/sites\/3\/2019\/12\/stagpartynight-e1578565505687.png\",\"contentUrl\":\"https:\/\/stagpartynight.com\/fr\/wp-content\/uploads\/sites\/3\/2019\/12\/stagpartynight-e1578565505687.png\",\"width\":400,\"height\":400,\"caption\":\"Stag Party Night\"},\"image\":{\"@id\":\"https:\/\/stagpartynight.com\/fr\/#\/schema\/logo\/image\/\"}}]}<\/script>\n<!-- \/ Yoast SEO plugin. -->","yoast_head_json":{"title":"D\u00e9jeuner Vin et Bi\u00e8re illimit\u00e9s Benidorm","description":"D\u00e9jeuner Vin et Bi\u00e8re illimit\u00e9s Benidorm. Entr\u00e9es, plat principal, dessert, une boisson non alcoolis\u00e9e\/eau par personne, vin \u00e0 volont\u00e9, bi\u00e8re \u00e0 volont\u00e9.","robots":{"index":"index","follow":"follow","max-snippet":"max-snippet:-1","max-image-preview":"max-image-preview:large","max-video-preview":"max-video-preview:-1"},"canonical":"https:\/\/stagpartynight.com\/fr\/product\/dejeuner-vin-et-biere-illimites-benidorm\/","og_locale":"en_GB","og_type":"article","og_title":"D\u00e9jeuner Vin et Bi\u00e8re illimit\u00e9s Benidorm","og_description":"D\u00e9jeuner Vin et Bi\u00e8re illimit\u00e9s Benidorm. Entr\u00e9es, plat principal, dessert, une boisson non alcoolis\u00e9e\/eau par personne, vin \u00e0 volont\u00e9, bi\u00e8re \u00e0 volont\u00e9.","og_url":"https:\/\/stagpartynight.com\/fr\/product\/dejeuner-vin-et-biere-illimites-benidorm\/","og_site_name":"Nuit de f\u00eate de cerf","article_modified_time":"2024-01-23T09:29:24+00:00","og_image":[{"width":1280,"height":853,"url":"https:\/\/stagpartynight.com\/fr\/wp-content\/uploads\/sites\/3\/2024\/01\/Dejeuner-Vin-et-Biere-illimites-Benidorm.jpg","type":"image\/jpeg"}],"twitter_card":"summary_large_image","twitter_misc":{"Estimated reading time":"2 minutes"},"schema":{"@context":"https:\/\/schema.org","@graph":[{"@type":"WebPage","@id":"https:\/\/stagpartynight.com\/fr\/product\/dejeuner-vin-et-biere-illimites-benidorm\/","url":"https:\/\/stagpartynight.com\/fr\/product\/dejeuner-vin-et-biere-illimites-benidorm\/","name":"D\u00e9jeuner Vin et Bi\u00e8re illimit\u00e9s Benidorm","isPartOf":{"@id":"https:\/\/stagpartynight.com\/fr\/#website"},"primaryImageOfPage":{"@id":"https:\/\/stagpartynight.com\/fr\/product\/dejeuner-vin-et-biere-illimites-benidorm\/#primaryimage"},"image":{"@id":"https:\/\/stagpartynight.com\/fr\/product\/dejeuner-vin-et-biere-illimites-benidorm\/#primaryimage"},"thumbnailUrl":"https:\/\/stagpartynight.com\/fr\/wp-content\/uploads\/sites\/3\/2024\/01\/Dejeuner-Vin-et-Biere-illimites-Benidorm.jpg","datePublished":"2024-01-15T10:07:41+00:00","dateModified":"2024-01-23T09:29:24+00:00","description":"D\u00e9jeuner Vin et Bi\u00e8re illimit\u00e9s Benidorm. Entr\u00e9es, plat principal, dessert, une boisson non alcoolis\u00e9e\/eau par personne, vin \u00e0 volont\u00e9, bi\u00e8re \u00e0 volont\u00e9.","breadcrumb":{"@id":"https:\/\/stagpartynight.com\/fr\/product\/dejeuner-vin-et-biere-illimites-benidorm\/#breadcrumb"},"inLanguage":"en-GB","potentialAction":[{"@type":"ReadAction","target":["https:\/\/stagpartynight.com\/fr\/product\/dejeuner-vin-et-biere-illimites-benidorm\/"]}]},{"@type":"ImageObject","inLanguage":"en-GB","@id":"https:\/\/stagpartynight.com\/fr\/product\/dejeuner-vin-et-biere-illimites-benidorm\/#primaryimage","url":"https:\/\/stagpartynight.com\/fr\/wp-content\/uploads\/sites\/3\/2024\/01\/Dejeuner-Vin-et-Biere-illimites-Benidorm.jpg","contentUrl":"https:\/\/stagpartynight.com\/fr\/wp-content\/uploads\/sites\/3\/2024\/01\/Dejeuner-Vin-et-Biere-illimites-Benidorm.jpg","width":1280,"height":853,"caption":"D\u00e9jeuner Vin et Bi\u00e8re illimit\u00e9s Benidorm"},{"@type":"BreadcrumbList","@id":"https:\/\/stagpartynight.com\/fr\/product\/dejeuner-vin-et-biere-illimites-benidorm\/#breadcrumb","itemListElement":[{"@type":"ListItem","position":1,"name":"Home","item":"https:\/\/stagpartynight.com\/fr\/"},{"@type":"ListItem","position":2,"name":"Tienda","item":"https:\/\/stagpartynight.com\/fr\/tienda\/"},{"@type":"ListItem","position":3,"name":"D\u00e9jeuner Vin et Bi\u00e8re illimit\u00e9s Benidorm"}]},{"@type":"WebSite","@id":"https:\/\/stagpartynight.com\/fr\/#website","url":"https:\/\/stagpartynight.com\/fr\/","name":"Stag Party Night","description":"Your Stag Party Customized","publisher":{"@id":"https:\/\/stagpartynight.com\/fr\/#organization"},"potentialAction":[{"@type":"SearchAction","target":{"@type":"EntryPoint","urlTemplate":"https:\/\/stagpartynight.com\/fr\/?s={search_term_string}"},"query-input":{"@type":"PropertyValueSpecification","valueRequired":true,"valueName":"search_term_string"}}],"inLanguage":"en-GB"},{"@type":"Organization","@id":"https:\/\/stagpartynight.com\/fr\/#organization","name":"Stag Party Night","url":"https:\/\/stagpartynight.com\/fr\/","logo":{"@type":"ImageObject","inLanguage":"en-GB","@id":"https:\/\/stagpartynight.com\/fr\/#\/schema\/logo\/image\/","url":"https:\/\/stagpartynight.com\/fr\/wp-content\/uploads\/sites\/3\/2019\/12\/stagpartynight-e1578565505687.png","contentUrl":"https:\/\/stagpartynight.com\/fr\/wp-content\/uploads\/sites\/3\/2019\/12\/stagpartynight-e1578565505687.png","width":400,"height":400,"caption":"Stag Party Night"},"image":{"@id":"https:\/\/stagpartynight.com\/fr\/#\/schema\/logo\/image\/"}}]}},"_links":{"self":[{"href":"https:\/\/stagpartynight.com\/fr\/wp-json\/wp\/v2\/product\/2909","targetHints":{"allow":["GET"]}}],"collection":[{"href":"https:\/\/stagpartynight.com\/fr\/wp-json\/wp\/v2\/product"}],"about":[{"href":"https:\/\/stagpartynight.com\/fr\/wp-json\/wp\/v2\/types\/product"}],"replies":[{"embeddable":true,"href":"https:\/\/stagpartynight.com\/fr\/wp-json\/wp\/v2\/comments?post=2909"}],"wp:featuredmedia":[{"embeddable":true,"href":"https:\/\/stagpartynight.com\/fr\/wp-json\/wp\/v2\/media\/2910"}],"wp:attachment":[{"href":"https:\/\/stagpartynight.com\/fr\/wp-json\/wp\/v2\/media?parent=2909"}],"wp:term":[{"taxonomy":"product_brand","embeddable":true,"href":"https:\/\/stagpartynight.com\/fr\/wp-json\/wp\/v2\/product_brand?post=2909"},{"taxonomy":"product_cat","embeddable":true,"href":"https:\/\/stagpartynight.com\/fr\/wp-json\/wp\/v2\/product_cat?post=2909"},{"taxonomy":"product_tag","embeddable":true,"href":"https:\/\/stagpartynight.com\/fr\/wp-json\/wp\/v2\/product_tag?post=2909"}],"curies":[{"name":"wp","href":"https:\/\/api.w.org\/{rel}","templated":true}]}}