{"id":2911,"date":"2024-01-15T11:15:55","date_gmt":"2024-01-15T10:15:55","guid":{"rendered":"https:\/\/stagpartynight.com\/fr\/?post_type=product&#038;p=2911"},"modified":"2024-01-23T10:28:37","modified_gmt":"2024-01-23T09:28:37","slug":"dejeuner-et-fete-benidorm","status":"publish","type":"product","link":"https:\/\/stagpartynight.com\/fr\/product\/dejeuner-et-fete-benidorm\/","title":{"rendered":"D\u00e9jeuner et F\u00eate Benidorm"},"content":{"rendered":"<p>D\u00e9jeuner et F\u00eate Benidorm. Menu avec entr\u00e9e, plat principal. Entr\u00e9e \u00e0 la f\u00eate + deux boissons.<\/p>\n<p>Les meilleurs enterrements de vie de gar\u00e7on avec <a href=\"https:\/\/stagpartynight.com\/\">StagParty<\/a>!<\/p>\n<h2 style=\"text-align: center;\">D\u00e9jeuner et F\u00eate Benidorm<strong style=\"color: #666666; font-size: 14px;\">\ud83c\udf89<\/strong><\/h2>\n<h4><strong>Festin &amp; F\u00eate \u00e0 Benidorm! \ud83c\udf7d\ufe0f<\/strong><\/h4>\n<p><strong>\ud83d\udd7a<\/strong>D\u00e9couvrez une exp\u00e9rience compl\u00e8te \u00e0 Benidorm, alliant d\u00e9lices culinaires et ambiance festive dans un cadre enivrant! Notre offre unique vous promet une journ\u00e9e et une nuit m\u00e9morables, pleines de saveurs exquises et de rythmes envo\u00fbtants.<\/p>\n<p>\ud83c\udf7d\ufe0f <strong>Banquet Gourmand:<\/strong> Commencez votre aventure avec un festin gastronomique dans notre restaurant exclusif. Un repas complet vous attend avec un entrant savoureux, un plat principal de viande qui fait fondre en bouche, le tout accompagn\u00e9 d&#8217;une boisson rafra\u00eechissante. D\u00e9couvrez l&#8217;harmonie des saveurs dans un cadre convivial et accueillant.<\/p>\n<p>\ud83d\udd7a <strong>Fiesta Enflamm\u00e9e:<\/strong> Apr\u00e8s le d\u00eener, plongez dans l&#8217;atmosph\u00e8re vibrante de la nuit \u00e0 Benidorm! Votre ticket d&#8217;entr\u00e9e vous ouvre les portes de la f\u00eate, o\u00f9 un DJ talentueux vous fera danser jusqu&#8217;au bout de la nuit. Deux cocktails exquis accompagneront votre soir\u00e9e, ajoutant une touche de glamour \u00e0 votre exp\u00e9rience nocturne.<\/p>\n<p>\ud83c\udf8a <strong>Une Journ\u00e9e, Deux Exp\u00e9riences Inoubliables:<\/strong> Profitez de chaque moment avec notre offre combin\u00e9e, mariant la d\u00e9lectation culinaire \u00e0 l&#8217;euphorie de la danse. Que vous soyez amateur de bonne cuisine, f\u00eatard inv\u00e9t\u00e9r\u00e9, ou les deux, notre formule a \u00e9t\u00e9 con\u00e7ue pour satisfaire tous les plaisirs.<\/p>\n<p>R\u00e9servez d\u00e8s maintenant pour vivre une journ\u00e9e o\u00f9 les saveurs d\u00e9licieuses et les rythmes enivrants se rencontrent \u00e0 Benidorm. Joignez-vous \u00e0 nous pour une exp\u00e9rience gastronomique suivie d&#8217;une nuit de c\u00e9l\u00e9bration inoubliable. \ud83c\udf1f<\/p>\n<p style=\"text-align: center;\">\ud83c\udfb6R\u00e9servez D\u00e9jeuner et F\u00eate <a href=\"https:\/\/es.wikipedia.org\/wiki\/Benidorm\">Benidorm<\/a>\ud83c\udfb6<\/p>\n","protected":false},"excerpt":{"rendered":"<p>D\u00e9jeuner et F\u00eate Benidorm. Menu avec entr\u00e9e, plat principal. Entr\u00e9e \u00e0 la f\u00eate + deux boissons. Les meilleurs enterrements de vie de gar\u00e7on avec StagParty! D\u00e9jeuner et F\u00eate Benidorm\ud83c\udf89 Festin &amp; F\u00eate \u00e0 Benidorm! \ud83c\udf7d\ufe0f \ud83d\udd7aD\u00e9couvrez une exp\u00e9rience compl\u00e8te \u00e0 Benidorm, alliant d\u00e9lices culinaires et ambiance festive dans un cadre enivrant! Notre offre unique vous [&hellip;]<\/p>\n","protected":false},"featured_media":2912,"comment_status":"open","ping_status":"closed","template":"","meta":{"_et_pb_use_builder":"","_et_pb_old_content":"","_et_gb_content_width":""},"product_brand":[],"product_cat":[600],"product_tag":[],"class_list":{"0":"post-2911","1":"product","2":"type-product","3":"status-publish","4":"has-post-thumbnail","6":"product_cat-benidorm","8":"first","9":"instock","10":"shipping-taxable","11":"product-type-simple"},"yoast_head":"<!-- This site is optimized with the Yoast SEO plugin v26.4 - https:\/\/yoast.com\/wordpress\/plugins\/seo\/ -->\n<title>D\u00e9jeuner et F\u00eate Benidorm<\/title>\n<meta name=\"description\" content=\"D\u00e9jeuner et F\u00eate Benidorm. Menu avec entr\u00e9e, plat principal. Entr\u00e9e \u00e0 la f\u00eate + deux boissons.\u00a0 Experience Benidorm. Spagne.\" \/>\n<meta name=\"robots\" content=\"index, follow, max-snippet:-1, max-image-preview:large, max-video-preview:-1\" \/>\n<link rel=\"canonical\" href=\"https:\/\/stagpartynight.com\/fr\/product\/dejeuner-et-fete-benidorm\/\" \/>\n<meta property=\"og:locale\" content=\"en_GB\" \/>\n<meta property=\"og:type\" content=\"article\" \/>\n<meta property=\"og:title\" content=\"D\u00e9jeuner et F\u00eate Benidorm\" \/>\n<meta property=\"og:description\" content=\"D\u00e9jeuner et F\u00eate Benidorm. Menu avec entr\u00e9e, plat principal. Entr\u00e9e \u00e0 la f\u00eate + deux boissons.\u00a0 Experience Benidorm. Spagne.\" \/>\n<meta property=\"og:url\" content=\"https:\/\/stagpartynight.com\/fr\/product\/dejeuner-et-fete-benidorm\/\" \/>\n<meta property=\"og:site_name\" content=\"Nuit de f\u00eate de cerf\" \/>\n<meta property=\"article:modified_time\" content=\"2024-01-23T09:28:37+00:00\" \/>\n<meta property=\"og:image\" content=\"https:\/\/stagpartynight.com\/fr\/wp-content\/uploads\/sites\/3\/2024\/01\/Dejeuner-et-Fete-Benidorm.jpeg\" \/>\n\t<meta property=\"og:image:width\" content=\"960\" \/>\n\t<meta property=\"og:image:height\" content=\"642\" \/>\n\t<meta property=\"og:image:type\" content=\"image\/jpeg\" \/>\n<meta name=\"twitter:card\" content=\"summary_large_image\" \/>\n<meta name=\"twitter:label1\" content=\"Estimated reading time\" \/>\n\t<meta name=\"twitter:data1\" content=\"2 minutes\" \/>\n<script type=\"application\/ld+json\" class=\"yoast-schema-graph\">{\"@context\":\"https:\/\/schema.org\",\"@graph\":[{\"@type\":\"WebPage\",\"@id\":\"https:\/\/stagpartynight.com\/fr\/product\/dejeuner-et-fete-benidorm\/\",\"url\":\"https:\/\/stagpartynight.com\/fr\/product\/dejeuner-et-fete-benidorm\/\",\"name\":\"D\u00e9jeuner et F\u00eate Benidorm\",\"isPartOf\":{\"@id\":\"https:\/\/stagpartynight.com\/fr\/#website\"},\"primaryImageOfPage\":{\"@id\":\"https:\/\/stagpartynight.com\/fr\/product\/dejeuner-et-fete-benidorm\/#primaryimage\"},\"image\":{\"@id\":\"https:\/\/stagpartynight.com\/fr\/product\/dejeuner-et-fete-benidorm\/#primaryimage\"},\"thumbnailUrl\":\"https:\/\/stagpartynight.com\/fr\/wp-content\/uploads\/sites\/3\/2024\/01\/Dejeuner-et-Fete-Benidorm.jpeg\",\"datePublished\":\"2024-01-15T10:15:55+00:00\",\"dateModified\":\"2024-01-23T09:28:37+00:00\",\"description\":\"D\u00e9jeuner et F\u00eate Benidorm. Menu avec entr\u00e9e, plat principal. Entr\u00e9e \u00e0 la f\u00eate + deux boissons.\u00a0 Experience Benidorm. Spagne.\",\"breadcrumb\":{\"@id\":\"https:\/\/stagpartynight.com\/fr\/product\/dejeuner-et-fete-benidorm\/#breadcrumb\"},\"inLanguage\":\"en-GB\",\"potentialAction\":[{\"@type\":\"ReadAction\",\"target\":[\"https:\/\/stagpartynight.com\/fr\/product\/dejeuner-et-fete-benidorm\/\"]}]},{\"@type\":\"ImageObject\",\"inLanguage\":\"en-GB\",\"@id\":\"https:\/\/stagpartynight.com\/fr\/product\/dejeuner-et-fete-benidorm\/#primaryimage\",\"url\":\"https:\/\/stagpartynight.com\/fr\/wp-content\/uploads\/sites\/3\/2024\/01\/Dejeuner-et-Fete-Benidorm.jpeg\",\"contentUrl\":\"https:\/\/stagpartynight.com\/fr\/wp-content\/uploads\/sites\/3\/2024\/01\/Dejeuner-et-Fete-Benidorm.jpeg\",\"width\":960,\"height\":642,\"caption\":\"D\u00e9jeuner et F\u00eate Benidorm\"},{\"@type\":\"BreadcrumbList\",\"@id\":\"https:\/\/stagpartynight.com\/fr\/product\/dejeuner-et-fete-benidorm\/#breadcrumb\",\"itemListElement\":[{\"@type\":\"ListItem\",\"position\":1,\"name\":\"Home\",\"item\":\"https:\/\/stagpartynight.com\/fr\/\"},{\"@type\":\"ListItem\",\"position\":2,\"name\":\"Tienda\",\"item\":\"https:\/\/stagpartynight.com\/fr\/tienda\/\"},{\"@type\":\"ListItem\",\"position\":3,\"name\":\"D\u00e9jeuner et F\u00eate Benidorm\"}]},{\"@type\":\"WebSite\",\"@id\":\"https:\/\/stagpartynight.com\/fr\/#website\",\"url\":\"https:\/\/stagpartynight.com\/fr\/\",\"name\":\"Stag Party Night\",\"description\":\"Your Stag Party Customized\",\"publisher\":{\"@id\":\"https:\/\/stagpartynight.com\/fr\/#organization\"},\"potentialAction\":[{\"@type\":\"SearchAction\",\"target\":{\"@type\":\"EntryPoint\",\"urlTemplate\":\"https:\/\/stagpartynight.com\/fr\/?s={search_term_string}\"},\"query-input\":{\"@type\":\"PropertyValueSpecification\",\"valueRequired\":true,\"valueName\":\"search_term_string\"}}],\"inLanguage\":\"en-GB\"},{\"@type\":\"Organization\",\"@id\":\"https:\/\/stagpartynight.com\/fr\/#organization\",\"name\":\"Stag Party Night\",\"url\":\"https:\/\/stagpartynight.com\/fr\/\",\"logo\":{\"@type\":\"ImageObject\",\"inLanguage\":\"en-GB\",\"@id\":\"https:\/\/stagpartynight.com\/fr\/#\/schema\/logo\/image\/\",\"url\":\"https:\/\/stagpartynight.com\/fr\/wp-content\/uploads\/sites\/3\/2019\/12\/stagpartynight-e1578565505687.png\",\"contentUrl\":\"https:\/\/stagpartynight.com\/fr\/wp-content\/uploads\/sites\/3\/2019\/12\/stagpartynight-e1578565505687.png\",\"width\":400,\"height\":400,\"caption\":\"Stag Party Night\"},\"image\":{\"@id\":\"https:\/\/stagpartynight.com\/fr\/#\/schema\/logo\/image\/\"}}]}<\/script>\n<!-- \/ Yoast SEO plugin. -->","yoast_head_json":{"title":"D\u00e9jeuner et F\u00eate Benidorm","description":"D\u00e9jeuner et F\u00eate Benidorm. Menu avec entr\u00e9e, plat principal. Entr\u00e9e \u00e0 la f\u00eate + deux boissons.\u00a0 Experience Benidorm. Spagne.","robots":{"index":"index","follow":"follow","max-snippet":"max-snippet:-1","max-image-preview":"max-image-preview:large","max-video-preview":"max-video-preview:-1"},"canonical":"https:\/\/stagpartynight.com\/fr\/product\/dejeuner-et-fete-benidorm\/","og_locale":"en_GB","og_type":"article","og_title":"D\u00e9jeuner et F\u00eate Benidorm","og_description":"D\u00e9jeuner et F\u00eate Benidorm. Menu avec entr\u00e9e, plat principal. Entr\u00e9e \u00e0 la f\u00eate + deux boissons.\u00a0 Experience Benidorm. Spagne.","og_url":"https:\/\/stagpartynight.com\/fr\/product\/dejeuner-et-fete-benidorm\/","og_site_name":"Nuit de f\u00eate de cerf","article_modified_time":"2024-01-23T09:28:37+00:00","og_image":[{"width":960,"height":642,"url":"https:\/\/stagpartynight.com\/fr\/wp-content\/uploads\/sites\/3\/2024\/01\/Dejeuner-et-Fete-Benidorm.jpeg","type":"image\/jpeg"}],"twitter_card":"summary_large_image","twitter_misc":{"Estimated reading time":"2 minutes"},"schema":{"@context":"https:\/\/schema.org","@graph":[{"@type":"WebPage","@id":"https:\/\/stagpartynight.com\/fr\/product\/dejeuner-et-fete-benidorm\/","url":"https:\/\/stagpartynight.com\/fr\/product\/dejeuner-et-fete-benidorm\/","name":"D\u00e9jeuner et F\u00eate Benidorm","isPartOf":{"@id":"https:\/\/stagpartynight.com\/fr\/#website"},"primaryImageOfPage":{"@id":"https:\/\/stagpartynight.com\/fr\/product\/dejeuner-et-fete-benidorm\/#primaryimage"},"image":{"@id":"https:\/\/stagpartynight.com\/fr\/product\/dejeuner-et-fete-benidorm\/#primaryimage"},"thumbnailUrl":"https:\/\/stagpartynight.com\/fr\/wp-content\/uploads\/sites\/3\/2024\/01\/Dejeuner-et-Fete-Benidorm.jpeg","datePublished":"2024-01-15T10:15:55+00:00","dateModified":"2024-01-23T09:28:37+00:00","description":"D\u00e9jeuner et F\u00eate Benidorm. Menu avec entr\u00e9e, plat principal. Entr\u00e9e \u00e0 la f\u00eate + deux boissons.\u00a0 Experience Benidorm. Spagne.","breadcrumb":{"@id":"https:\/\/stagpartynight.com\/fr\/product\/dejeuner-et-fete-benidorm\/#breadcrumb"},"inLanguage":"en-GB","potentialAction":[{"@type":"ReadAction","target":["https:\/\/stagpartynight.com\/fr\/product\/dejeuner-et-fete-benidorm\/"]}]},{"@type":"ImageObject","inLanguage":"en-GB","@id":"https:\/\/stagpartynight.com\/fr\/product\/dejeuner-et-fete-benidorm\/#primaryimage","url":"https:\/\/stagpartynight.com\/fr\/wp-content\/uploads\/sites\/3\/2024\/01\/Dejeuner-et-Fete-Benidorm.jpeg","contentUrl":"https:\/\/stagpartynight.com\/fr\/wp-content\/uploads\/sites\/3\/2024\/01\/Dejeuner-et-Fete-Benidorm.jpeg","width":960,"height":642,"caption":"D\u00e9jeuner et F\u00eate Benidorm"},{"@type":"BreadcrumbList","@id":"https:\/\/stagpartynight.com\/fr\/product\/dejeuner-et-fete-benidorm\/#breadcrumb","itemListElement":[{"@type":"ListItem","position":1,"name":"Home","item":"https:\/\/stagpartynight.com\/fr\/"},{"@type":"ListItem","position":2,"name":"Tienda","item":"https:\/\/stagpartynight.com\/fr\/tienda\/"},{"@type":"ListItem","position":3,"name":"D\u00e9jeuner et F\u00eate Benidorm"}]},{"@type":"WebSite","@id":"https:\/\/stagpartynight.com\/fr\/#website","url":"https:\/\/stagpartynight.com\/fr\/","name":"Stag Party Night","description":"Your Stag Party Customized","publisher":{"@id":"https:\/\/stagpartynight.com\/fr\/#organization"},"potentialAction":[{"@type":"SearchAction","target":{"@type":"EntryPoint","urlTemplate":"https:\/\/stagpartynight.com\/fr\/?s={search_term_string}"},"query-input":{"@type":"PropertyValueSpecification","valueRequired":true,"valueName":"search_term_string"}}],"inLanguage":"en-GB"},{"@type":"Organization","@id":"https:\/\/stagpartynight.com\/fr\/#organization","name":"Stag Party Night","url":"https:\/\/stagpartynight.com\/fr\/","logo":{"@type":"ImageObject","inLanguage":"en-GB","@id":"https:\/\/stagpartynight.com\/fr\/#\/schema\/logo\/image\/","url":"https:\/\/stagpartynight.com\/fr\/wp-content\/uploads\/sites\/3\/2019\/12\/stagpartynight-e1578565505687.png","contentUrl":"https:\/\/stagpartynight.com\/fr\/wp-content\/uploads\/sites\/3\/2019\/12\/stagpartynight-e1578565505687.png","width":400,"height":400,"caption":"Stag Party Night"},"image":{"@id":"https:\/\/stagpartynight.com\/fr\/#\/schema\/logo\/image\/"}}]}},"_links":{"self":[{"href":"https:\/\/stagpartynight.com\/fr\/wp-json\/wp\/v2\/product\/2911","targetHints":{"allow":["GET"]}}],"collection":[{"href":"https:\/\/stagpartynight.com\/fr\/wp-json\/wp\/v2\/product"}],"about":[{"href":"https:\/\/stagpartynight.com\/fr\/wp-json\/wp\/v2\/types\/product"}],"replies":[{"embeddable":true,"href":"https:\/\/stagpartynight.com\/fr\/wp-json\/wp\/v2\/comments?post=2911"}],"wp:featuredmedia":[{"embeddable":true,"href":"https:\/\/stagpartynight.com\/fr\/wp-json\/wp\/v2\/media\/2912"}],"wp:attachment":[{"href":"https:\/\/stagpartynight.com\/fr\/wp-json\/wp\/v2\/media?parent=2911"}],"wp:term":[{"taxonomy":"product_brand","embeddable":true,"href":"https:\/\/stagpartynight.com\/fr\/wp-json\/wp\/v2\/product_brand?post=2911"},{"taxonomy":"product_cat","embeddable":true,"href":"https:\/\/stagpartynight.com\/fr\/wp-json\/wp\/v2\/product_cat?post=2911"},{"taxonomy":"product_tag","embeddable":true,"href":"https:\/\/stagpartynight.com\/fr\/wp-json\/wp\/v2\/product_tag?post=2911"}],"curies":[{"name":"wp","href":"https:\/\/api.w.org\/{rel}","templated":true}]}}