{"id":2913,"date":"2024-01-15T11:43:31","date_gmt":"2024-01-15T10:43:31","guid":{"rendered":"https:\/\/stagpartynight.com\/fr\/?post_type=product&#038;p=2913"},"modified":"2024-01-23T10:27:19","modified_gmt":"2024-01-23T09:27:19","slug":"jeep-safari-tour-benidorm","status":"publish","type":"product","link":"https:\/\/stagpartynight.com\/fr\/product\/jeep-safari-tour-benidorm\/","title":{"rendered":"Jeep Safari Tour Benidorm"},"content":{"rendered":"<p>Jeep Safari Tour Benidorm. Quatre heures dans une Land Rover pour profiter des incroyables paysages de Benidorm. Guide et prise en charge \u00e0 l&#8217;h\u00f4tel inclus.<\/p>\n<p>Les meilleurs enterrements de vie de gar\u00e7on avec <a href=\"https:\/\/stagpartynight.com\/\">StagParty<\/a>!<\/p>\n<h2 style=\"text-align: center;\">Jeep Safari Tour Benidorm<\/h2>\n<h4><strong>Aventure Tout-Terrain \u00e0 Benidorm! \ud83d\ude99<\/strong><\/h4>\n<p>Pr\u00e9parez-vous \u00e0 une aventure \u00e9pique \u00e0 Benidorm avec notre tour en Jeep sensationnel! Une exp\u00e9rience palpitante qui vous emm\u00e8ne dans un voyage inoubliable \u00e0 travers les tr\u00e9sors cach\u00e9s de cette magnifique r\u00e9gion. \ud83c\udfde\ufe0f<\/p>\n<p>\ud83c\udf0d <strong>Exploration en Land Rover 4&#215;4:<\/strong> Embarquez pour une aventure de 4 heures \u00e0 bord d&#8217;un Land Rover 4&#215;4, con\u00e7u pour conqu\u00e9rir les terrains les plus exigeants. Votre escapade vous m\u00e8nera hors des sentiers battus, r\u00e9v\u00e9lant des panoramas \u00e0 couper le souffle et des paysages que seuls les v\u00e9hicules tout-terrain peuvent atteindre.<\/p>\n<p>\ud83c\udf0a <strong>Entr\u00e9e aux Fuentes de Algar:<\/strong> La d\u00e9couverte ne s&#8217;arr\u00eate pas l\u00e0 ! Profitez de l&#8217;entr\u00e9e incluse aux Fuentes de Algar, une oasis naturelle de cascades cristallines et de piscines naturelles. Une pause rafra\u00eechissante dans ce coin de paradis, o\u00f9 la nature prend le devant de la sc\u00e8ne.<\/p>\n<p>\ud83d\uddfa\ufe0f <strong>Guide Expert et Prise en Charge \u00e0 l&#8217;H\u00f4tel:<\/strong> Un guide exp\u00e9riment\u00e9 vous accompagnera tout au long de votre aventure, partageant des anecdotes fascinantes sur la r\u00e9gion. De plus, pour rendre votre journ\u00e9e sans souci, nous vous r\u00e9cup\u00e9rons directement \u00e0 votre h\u00f4tel, vous offrant un confort maximal d\u00e8s le d\u00e9but de votre aventure.<\/p>\n<p>\ud83d\udca5 <strong>Adr\u00e9naline et D\u00e9couverte Diff\u00e9rente:<\/strong> Cette exp\u00e9rience tout-terrain est une injection d&#8217;adr\u00e9naline, une opportunit\u00e9 unique de voir Benidorm d&#8217;une mani\u00e8re totalement diff\u00e9rente. Les chemins hors route vous plongeront au c\u0153ur de la nature sauvage, offrant des moments d&#8217;excitation et de d\u00e9couverte.<\/p>\n<p>\ud83d\ude99R\u00e9servez maintenant pour une aventure inoubliable, une combinaison parfaite d&#8217;adr\u00e9naline, de nature et de d\u00e9couvertes uniques. <a href=\"https:\/\/es.wikipedia.org\/wiki\/Benidorm\">Benidorm<\/a> n&#8217;aura jamais \u00e9t\u00e9 aussi captivante ! \ud83c\udf04<\/p>\n","protected":false},"excerpt":{"rendered":"<p>Jeep Safari Tour Benidorm. Quatre heures dans une Land Rover pour profiter des incroyables paysages de Benidorm. Guide et prise en charge \u00e0 l&#8217;h\u00f4tel inclus. Les meilleurs enterrements de vie de gar\u00e7on avec StagParty! Jeep Safari Tour Benidorm Aventure Tout-Terrain \u00e0 Benidorm! \ud83d\ude99 Pr\u00e9parez-vous \u00e0 une aventure \u00e9pique \u00e0 Benidorm avec notre tour en Jeep [&hellip;]<\/p>\n","protected":false},"featured_media":2914,"comment_status":"open","ping_status":"closed","template":"","meta":{"_et_pb_use_builder":"","_et_pb_old_content":"","_et_gb_content_width":""},"product_brand":[],"product_cat":[600],"product_tag":[655,656,657],"class_list":{"0":"post-2913","1":"product","2":"type-product","3":"status-publish","4":"has-post-thumbnail","6":"product_cat-benidorm","7":"product_tag-jeep-benidorm","8":"product_tag-jeep-safari-tour-benidorm","9":"product_tag-tour-benidorm","11":"first","12":"instock","13":"shipping-taxable","14":"product-type-simple"},"yoast_head":"<!-- This site is optimized with the Yoast SEO plugin v26.4 - https:\/\/yoast.com\/wordpress\/plugins\/seo\/ -->\n<title>Jeep Safari Tour Benidorm<\/title>\n<meta name=\"description\" content=\"Jeep Safari Tour Benidorm. Quatre heures dans une Land Rover pour profiter des incroyables paysages de Benidorm. Guide et prise en charge \u00e0 l&#039;h\u00f4tel inclus.\" \/>\n<meta name=\"robots\" content=\"index, follow, max-snippet:-1, max-image-preview:large, max-video-preview:-1\" \/>\n<link rel=\"canonical\" href=\"https:\/\/stagpartynight.com\/fr\/product\/jeep-safari-tour-benidorm\/\" \/>\n<meta property=\"og:locale\" content=\"en_GB\" \/>\n<meta property=\"og:type\" content=\"article\" \/>\n<meta property=\"og:title\" content=\"Jeep Safari Tour Benidorm\" \/>\n<meta property=\"og:description\" content=\"Jeep Safari Tour Benidorm. Quatre heures dans une Land Rover pour profiter des incroyables paysages de Benidorm. Guide et prise en charge \u00e0 l&#039;h\u00f4tel inclus.\" \/>\n<meta property=\"og:url\" content=\"https:\/\/stagpartynight.com\/fr\/product\/jeep-safari-tour-benidorm\/\" \/>\n<meta property=\"og:site_name\" content=\"Nuit de f\u00eate de cerf\" \/>\n<meta property=\"article:modified_time\" content=\"2024-01-23T09:27:19+00:00\" \/>\n<meta property=\"og:image\" content=\"https:\/\/stagpartynight.com\/fr\/wp-content\/uploads\/sites\/3\/2024\/01\/Jeep-Safari-Tour-Benidorm.jpg\" \/>\n\t<meta property=\"og:image:width\" content=\"1280\" \/>\n\t<meta property=\"og:image:height\" content=\"853\" \/>\n\t<meta property=\"og:image:type\" content=\"image\/jpeg\" \/>\n<meta name=\"twitter:card\" content=\"summary_large_image\" \/>\n<meta name=\"twitter:label1\" content=\"Estimated reading time\" \/>\n\t<meta name=\"twitter:data1\" content=\"2 minutes\" \/>\n<script type=\"application\/ld+json\" class=\"yoast-schema-graph\">{\"@context\":\"https:\/\/schema.org\",\"@graph\":[{\"@type\":\"WebPage\",\"@id\":\"https:\/\/stagpartynight.com\/fr\/product\/jeep-safari-tour-benidorm\/\",\"url\":\"https:\/\/stagpartynight.com\/fr\/product\/jeep-safari-tour-benidorm\/\",\"name\":\"Jeep Safari Tour Benidorm\",\"isPartOf\":{\"@id\":\"https:\/\/stagpartynight.com\/fr\/#website\"},\"primaryImageOfPage\":{\"@id\":\"https:\/\/stagpartynight.com\/fr\/product\/jeep-safari-tour-benidorm\/#primaryimage\"},\"image\":{\"@id\":\"https:\/\/stagpartynight.com\/fr\/product\/jeep-safari-tour-benidorm\/#primaryimage\"},\"thumbnailUrl\":\"https:\/\/stagpartynight.com\/fr\/wp-content\/uploads\/sites\/3\/2024\/01\/Jeep-Safari-Tour-Benidorm.jpg\",\"datePublished\":\"2024-01-15T10:43:31+00:00\",\"dateModified\":\"2024-01-23T09:27:19+00:00\",\"description\":\"Jeep Safari Tour Benidorm. Quatre heures dans une Land Rover pour profiter des incroyables paysages de Benidorm. Guide et prise en charge \u00e0 l'h\u00f4tel inclus.\",\"breadcrumb\":{\"@id\":\"https:\/\/stagpartynight.com\/fr\/product\/jeep-safari-tour-benidorm\/#breadcrumb\"},\"inLanguage\":\"en-GB\",\"potentialAction\":[{\"@type\":\"ReadAction\",\"target\":[\"https:\/\/stagpartynight.com\/fr\/product\/jeep-safari-tour-benidorm\/\"]}]},{\"@type\":\"ImageObject\",\"inLanguage\":\"en-GB\",\"@id\":\"https:\/\/stagpartynight.com\/fr\/product\/jeep-safari-tour-benidorm\/#primaryimage\",\"url\":\"https:\/\/stagpartynight.com\/fr\/wp-content\/uploads\/sites\/3\/2024\/01\/Jeep-Safari-Tour-Benidorm.jpg\",\"contentUrl\":\"https:\/\/stagpartynight.com\/fr\/wp-content\/uploads\/sites\/3\/2024\/01\/Jeep-Safari-Tour-Benidorm.jpg\",\"width\":1280,\"height\":853,\"caption\":\"Jeep Safari Tour Benidorm\"},{\"@type\":\"BreadcrumbList\",\"@id\":\"https:\/\/stagpartynight.com\/fr\/product\/jeep-safari-tour-benidorm\/#breadcrumb\",\"itemListElement\":[{\"@type\":\"ListItem\",\"position\":1,\"name\":\"Home\",\"item\":\"https:\/\/stagpartynight.com\/fr\/\"},{\"@type\":\"ListItem\",\"position\":2,\"name\":\"Tienda\",\"item\":\"https:\/\/stagpartynight.com\/fr\/tienda\/\"},{\"@type\":\"ListItem\",\"position\":3,\"name\":\"Jeep Safari Tour Benidorm\"}]},{\"@type\":\"WebSite\",\"@id\":\"https:\/\/stagpartynight.com\/fr\/#website\",\"url\":\"https:\/\/stagpartynight.com\/fr\/\",\"name\":\"Stag Party Night\",\"description\":\"Your Stag Party Customized\",\"publisher\":{\"@id\":\"https:\/\/stagpartynight.com\/fr\/#organization\"},\"potentialAction\":[{\"@type\":\"SearchAction\",\"target\":{\"@type\":\"EntryPoint\",\"urlTemplate\":\"https:\/\/stagpartynight.com\/fr\/?s={search_term_string}\"},\"query-input\":{\"@type\":\"PropertyValueSpecification\",\"valueRequired\":true,\"valueName\":\"search_term_string\"}}],\"inLanguage\":\"en-GB\"},{\"@type\":\"Organization\",\"@id\":\"https:\/\/stagpartynight.com\/fr\/#organization\",\"name\":\"Stag Party Night\",\"url\":\"https:\/\/stagpartynight.com\/fr\/\",\"logo\":{\"@type\":\"ImageObject\",\"inLanguage\":\"en-GB\",\"@id\":\"https:\/\/stagpartynight.com\/fr\/#\/schema\/logo\/image\/\",\"url\":\"https:\/\/stagpartynight.com\/fr\/wp-content\/uploads\/sites\/3\/2019\/12\/stagpartynight-e1578565505687.png\",\"contentUrl\":\"https:\/\/stagpartynight.com\/fr\/wp-content\/uploads\/sites\/3\/2019\/12\/stagpartynight-e1578565505687.png\",\"width\":400,\"height\":400,\"caption\":\"Stag Party Night\"},\"image\":{\"@id\":\"https:\/\/stagpartynight.com\/fr\/#\/schema\/logo\/image\/\"}}]}<\/script>\n<!-- \/ Yoast SEO plugin. -->","yoast_head_json":{"title":"Jeep Safari Tour Benidorm","description":"Jeep Safari Tour Benidorm. Quatre heures dans une Land Rover pour profiter des incroyables paysages de Benidorm. Guide et prise en charge \u00e0 l'h\u00f4tel inclus.","robots":{"index":"index","follow":"follow","max-snippet":"max-snippet:-1","max-image-preview":"max-image-preview:large","max-video-preview":"max-video-preview:-1"},"canonical":"https:\/\/stagpartynight.com\/fr\/product\/jeep-safari-tour-benidorm\/","og_locale":"en_GB","og_type":"article","og_title":"Jeep Safari Tour Benidorm","og_description":"Jeep Safari Tour Benidorm. Quatre heures dans une Land Rover pour profiter des incroyables paysages de Benidorm. Guide et prise en charge \u00e0 l'h\u00f4tel inclus.","og_url":"https:\/\/stagpartynight.com\/fr\/product\/jeep-safari-tour-benidorm\/","og_site_name":"Nuit de f\u00eate de cerf","article_modified_time":"2024-01-23T09:27:19+00:00","og_image":[{"width":1280,"height":853,"url":"https:\/\/stagpartynight.com\/fr\/wp-content\/uploads\/sites\/3\/2024\/01\/Jeep-Safari-Tour-Benidorm.jpg","type":"image\/jpeg"}],"twitter_card":"summary_large_image","twitter_misc":{"Estimated reading time":"2 minutes"},"schema":{"@context":"https:\/\/schema.org","@graph":[{"@type":"WebPage","@id":"https:\/\/stagpartynight.com\/fr\/product\/jeep-safari-tour-benidorm\/","url":"https:\/\/stagpartynight.com\/fr\/product\/jeep-safari-tour-benidorm\/","name":"Jeep Safari Tour Benidorm","isPartOf":{"@id":"https:\/\/stagpartynight.com\/fr\/#website"},"primaryImageOfPage":{"@id":"https:\/\/stagpartynight.com\/fr\/product\/jeep-safari-tour-benidorm\/#primaryimage"},"image":{"@id":"https:\/\/stagpartynight.com\/fr\/product\/jeep-safari-tour-benidorm\/#primaryimage"},"thumbnailUrl":"https:\/\/stagpartynight.com\/fr\/wp-content\/uploads\/sites\/3\/2024\/01\/Jeep-Safari-Tour-Benidorm.jpg","datePublished":"2024-01-15T10:43:31+00:00","dateModified":"2024-01-23T09:27:19+00:00","description":"Jeep Safari Tour Benidorm. Quatre heures dans une Land Rover pour profiter des incroyables paysages de Benidorm. Guide et prise en charge \u00e0 l'h\u00f4tel inclus.","breadcrumb":{"@id":"https:\/\/stagpartynight.com\/fr\/product\/jeep-safari-tour-benidorm\/#breadcrumb"},"inLanguage":"en-GB","potentialAction":[{"@type":"ReadAction","target":["https:\/\/stagpartynight.com\/fr\/product\/jeep-safari-tour-benidorm\/"]}]},{"@type":"ImageObject","inLanguage":"en-GB","@id":"https:\/\/stagpartynight.com\/fr\/product\/jeep-safari-tour-benidorm\/#primaryimage","url":"https:\/\/stagpartynight.com\/fr\/wp-content\/uploads\/sites\/3\/2024\/01\/Jeep-Safari-Tour-Benidorm.jpg","contentUrl":"https:\/\/stagpartynight.com\/fr\/wp-content\/uploads\/sites\/3\/2024\/01\/Jeep-Safari-Tour-Benidorm.jpg","width":1280,"height":853,"caption":"Jeep Safari Tour Benidorm"},{"@type":"BreadcrumbList","@id":"https:\/\/stagpartynight.com\/fr\/product\/jeep-safari-tour-benidorm\/#breadcrumb","itemListElement":[{"@type":"ListItem","position":1,"name":"Home","item":"https:\/\/stagpartynight.com\/fr\/"},{"@type":"ListItem","position":2,"name":"Tienda","item":"https:\/\/stagpartynight.com\/fr\/tienda\/"},{"@type":"ListItem","position":3,"name":"Jeep Safari Tour Benidorm"}]},{"@type":"WebSite","@id":"https:\/\/stagpartynight.com\/fr\/#website","url":"https:\/\/stagpartynight.com\/fr\/","name":"Stag Party Night","description":"Your Stag Party Customized","publisher":{"@id":"https:\/\/stagpartynight.com\/fr\/#organization"},"potentialAction":[{"@type":"SearchAction","target":{"@type":"EntryPoint","urlTemplate":"https:\/\/stagpartynight.com\/fr\/?s={search_term_string}"},"query-input":{"@type":"PropertyValueSpecification","valueRequired":true,"valueName":"search_term_string"}}],"inLanguage":"en-GB"},{"@type":"Organization","@id":"https:\/\/stagpartynight.com\/fr\/#organization","name":"Stag Party Night","url":"https:\/\/stagpartynight.com\/fr\/","logo":{"@type":"ImageObject","inLanguage":"en-GB","@id":"https:\/\/stagpartynight.com\/fr\/#\/schema\/logo\/image\/","url":"https:\/\/stagpartynight.com\/fr\/wp-content\/uploads\/sites\/3\/2019\/12\/stagpartynight-e1578565505687.png","contentUrl":"https:\/\/stagpartynight.com\/fr\/wp-content\/uploads\/sites\/3\/2019\/12\/stagpartynight-e1578565505687.png","width":400,"height":400,"caption":"Stag Party Night"},"image":{"@id":"https:\/\/stagpartynight.com\/fr\/#\/schema\/logo\/image\/"}}]}},"_links":{"self":[{"href":"https:\/\/stagpartynight.com\/fr\/wp-json\/wp\/v2\/product\/2913","targetHints":{"allow":["GET"]}}],"collection":[{"href":"https:\/\/stagpartynight.com\/fr\/wp-json\/wp\/v2\/product"}],"about":[{"href":"https:\/\/stagpartynight.com\/fr\/wp-json\/wp\/v2\/types\/product"}],"replies":[{"embeddable":true,"href":"https:\/\/stagpartynight.com\/fr\/wp-json\/wp\/v2\/comments?post=2913"}],"wp:featuredmedia":[{"embeddable":true,"href":"https:\/\/stagpartynight.com\/fr\/wp-json\/wp\/v2\/media\/2914"}],"wp:attachment":[{"href":"https:\/\/stagpartynight.com\/fr\/wp-json\/wp\/v2\/media?parent=2913"}],"wp:term":[{"taxonomy":"product_brand","embeddable":true,"href":"https:\/\/stagpartynight.com\/fr\/wp-json\/wp\/v2\/product_brand?post=2913"},{"taxonomy":"product_cat","embeddable":true,"href":"https:\/\/stagpartynight.com\/fr\/wp-json\/wp\/v2\/product_cat?post=2913"},{"taxonomy":"product_tag","embeddable":true,"href":"https:\/\/stagpartynight.com\/fr\/wp-json\/wp\/v2\/product_tag?post=2913"}],"curies":[{"name":"wp","href":"https:\/\/api.w.org\/{rel}","templated":true}]}}