{"id":2917,"date":"2024-01-15T11:53:49","date_gmt":"2024-01-15T10:53:49","guid":{"rendered":"https:\/\/stagpartynight.com\/fr\/?post_type=product&#038;p=2917"},"modified":"2024-01-23T10:23:52","modified_gmt":"2024-01-23T09:23:52","slug":"beach-club-brunch-benidorm","status":"publish","type":"product","link":"https:\/\/stagpartynight.com\/fr\/product\/beach-club-brunch-benidorm\/","title":{"rendered":"Beach Club Brunch Benidorm"},"content":{"rendered":"<p>Beach Club Brunch Benidorm. Deux heures d&#8217;open bar avec sangria ou bi\u00e8re. Cocktail de bienvenue. Deux boissons. Plat \u00e0 partager. Musique en direct.<\/p>\n<p>Les meilleurs enterrements de vie de gar\u00e7on avec <a href=\"https:\/\/stagpartynight.com\/\">StagParty<\/a>!<\/p>\n<h2 style=\"text-align: center;\">Beach Club Brunch Benidorm<strong style=\"color: #666666; font-size: 14px;\">\ud83c\udf79<\/strong><\/h2>\n<h4><strong>Brunch en Bord de Mer \u00e0 Benidorm! \ud83c\udf34<\/strong><\/h4>\n<p>D\u00e9couvrez l&#8217;ultime escapade gourmande \u00e0 Benidorm avec notre brunch exclusif dans un beach club, une exp\u00e9rience gastronomique qui marie d\u00e9lices culinaires, rafra\u00eechissements illimit\u00e9s et ambiance enchanteresse.<\/p>\n<p>\ud83c\udf7d\ufe0f <strong>Festin Gourmand:<\/strong> Commencez votre journ\u00e9e par un brunch exceptionnel au bord de la mer. Savourez un plat \u00e0 partager exquis, accompagn\u00e9 d&#8217;un cocktail de bienvenue qui \u00e9veillera vos papilles \u00e0 l&#8217;exp\u00e9rience gastronomique qui vous attend.<\/p>\n<p>\ud83c\udf79 <strong>Cocktails et Sangria \u00e0 Volont\u00e9:<\/strong> Laissez-vous tenter par deux cocktails artisanaux sp\u00e9cialement concoct\u00e9s pour \u00e9gayer votre brunch. Ensuite, plongez dans deux heures de bar libre de sangria espagnole rafra\u00eechissante et de bi\u00e8re locale. Une f\u00eate pour vos papilles qui se marie parfaitement avec la brise marine.<\/p>\n<p>\ud83c\udfb6 <strong>Ambiance Enivrante avec Musique Live:<\/strong> Votre brunch sera accompagn\u00e9 d&#8217;une ambiance enivrante gr\u00e2ce \u00e0 notre musique live. D\u00e9tendez-vous, sirotez vos cocktails et laissez-vous emporter par les rythmes envo\u00fbtants qui flottent dans l&#8217;air salin.<\/p>\n<p>\ud83c\udf34 <strong>Un Coin de Paradis en Bord de Mer:<\/strong> Profitez du cadre idyllique de notre beach club, offrant une vue imprenable sur la mer M\u00e9diterran\u00e9e. D\u00e9tendez-vous dans un lieu o\u00f9 le luxe d\u00e9contract\u00e9 rencontre la gastronomie exquise.<\/p>\n<p>\ud83c\udf89 <strong>Exp\u00e9rience Gourmande Compl\u00e8te:<\/strong> Notre brunch est bien plus qu&#8217;un repas, c&#8217;est une exp\u00e9rience compl\u00e8te pour tous les sens. Des saveurs d\u00e9licieuses, des cocktails rafra\u00eechissants, une vue \u00e0 couper le souffle et une ambiance festive vous attendent.<\/p>\n<p>\ud83e\udd42R\u00e9servez d\u00e8s maintenant pour vivre une matin\u00e9e de luxe d\u00e9contract\u00e9 \u00e0 <a href=\"https:\/\/es.wikipedia.org\/wiki\/Benidorm\">Benidorm<\/a>, o\u00f9 le brunch devient une c\u00e9l\u00e9bration des plaisirs de la vie. \ud83c\udf1e<\/p>\n","protected":false},"excerpt":{"rendered":"<p>Beach Club Brunch Benidorm. Deux heures d&#8217;open bar avec sangria ou bi\u00e8re. Cocktail de bienvenue. Deux boissons. Plat \u00e0 partager. Musique en direct. Les meilleurs enterrements de vie de gar\u00e7on avec StagParty! Beach Club Brunch Benidorm\ud83c\udf79 Brunch en Bord de Mer \u00e0 Benidorm! \ud83c\udf34 D\u00e9couvrez l&#8217;ultime escapade gourmande \u00e0 Benidorm avec notre brunch exclusif dans [&hellip;]<\/p>\n","protected":false},"featured_media":2918,"comment_status":"open","ping_status":"closed","template":"","meta":{"_et_pb_use_builder":"","_et_pb_old_content":"","_et_gb_content_width":""},"product_brand":[],"product_cat":[600],"product_tag":[661,662],"class_list":{"0":"post-2917","1":"product","2":"type-product","3":"status-publish","4":"has-post-thumbnail","6":"product_cat-benidorm","7":"product_tag-beach-club-benidorm","8":"product_tag-club-de-plaje","10":"first","11":"instock","12":"shipping-taxable","13":"product-type-simple"},"yoast_head":"<!-- This site is optimized with the Yoast SEO Premium plugin v27.5 (Yoast SEO v27.5) - https:\/\/yoast.com\/product\/yoast-seo-premium-wordpress\/ -->\n<title>Beach Club Brunch Benidorm<\/title>\n<meta name=\"description\" content=\"Beach Club Brunch Benidorm. Deux heures d&#039;open bar avec sangria ou bi\u00e8re. Cocktail de bienvenue. Deux boissons. Plat \u00e0 partager. Musique en direct.\" \/>\n<meta name=\"robots\" content=\"index, follow, max-snippet:-1, max-image-preview:large, max-video-preview:-1\" \/>\n<link rel=\"canonical\" href=\"https:\/\/stagpartynight.com\/fr\/product\/beach-club-brunch-benidorm\/\" \/>\n<meta property=\"og:locale\" content=\"en_GB\" \/>\n<meta property=\"og:type\" content=\"article\" \/>\n<meta property=\"og:title\" content=\"Beach Club Brunch Benidorm\" \/>\n<meta property=\"og:description\" content=\"Beach Club Brunch Benidorm. Deux heures d&#039;open bar avec sangria ou bi\u00e8re. Cocktail de bienvenue. Deux boissons. Plat \u00e0 partager. Musique en direct.\" \/>\n<meta property=\"og:url\" content=\"https:\/\/stagpartynight.com\/fr\/product\/beach-club-brunch-benidorm\/\" \/>\n<meta property=\"og:site_name\" content=\"Nuit de f\u00eate de cerf\" \/>\n<meta property=\"article:modified_time\" content=\"2024-01-23T09:23:52+00:00\" \/>\n<meta property=\"og:image\" content=\"https:\/\/stagpartynight.com\/fr\/wp-content\/uploads\/sites\/3\/2024\/01\/Beach-Club-Brunch-Benidorm.jpg\" \/>\n\t<meta property=\"og:image:width\" content=\"1280\" \/>\n\t<meta property=\"og:image:height\" content=\"720\" \/>\n\t<meta property=\"og:image:type\" content=\"image\/jpeg\" \/>\n<meta name=\"twitter:card\" content=\"summary_large_image\" \/>\n<meta name=\"twitter:label1\" content=\"Estimated reading time\" \/>\n\t<meta name=\"twitter:data1\" content=\"2 minutes\" \/>\n<script type=\"application\/ld+json\" class=\"yoast-schema-graph\">{\"@context\":\"https:\\\/\\\/schema.org\",\"@graph\":[{\"@type\":\"WebPage\",\"@id\":\"https:\\\/\\\/stagpartynight.com\\\/fr\\\/product\\\/beach-club-brunch-benidorm\\\/\",\"url\":\"https:\\\/\\\/stagpartynight.com\\\/fr\\\/product\\\/beach-club-brunch-benidorm\\\/\",\"name\":\"Beach Club Brunch Benidorm\",\"isPartOf\":{\"@id\":\"https:\\\/\\\/stagpartynight.com\\\/fr\\\/#website\"},\"primaryImageOfPage\":{\"@id\":\"https:\\\/\\\/stagpartynight.com\\\/fr\\\/product\\\/beach-club-brunch-benidorm\\\/#primaryimage\"},\"image\":{\"@id\":\"https:\\\/\\\/stagpartynight.com\\\/fr\\\/product\\\/beach-club-brunch-benidorm\\\/#primaryimage\"},\"thumbnailUrl\":\"https:\\\/\\\/stagpartynight.com\\\/fr\\\/wp-content\\\/uploads\\\/sites\\\/3\\\/2024\\\/01\\\/Beach-Club-Brunch-Benidorm.jpg\",\"datePublished\":\"2024-01-15T10:53:49+00:00\",\"dateModified\":\"2024-01-23T09:23:52+00:00\",\"description\":\"Beach Club Brunch Benidorm. Deux heures d'open bar avec sangria ou bi\u00e8re. Cocktail de bienvenue. Deux boissons. Plat \u00e0 partager. Musique en direct.\",\"breadcrumb\":{\"@id\":\"https:\\\/\\\/stagpartynight.com\\\/fr\\\/product\\\/beach-club-brunch-benidorm\\\/#breadcrumb\"},\"inLanguage\":\"en-GB\",\"potentialAction\":[{\"@type\":\"ReadAction\",\"target\":[\"https:\\\/\\\/stagpartynight.com\\\/fr\\\/product\\\/beach-club-brunch-benidorm\\\/\"]}]},{\"@type\":\"ImageObject\",\"inLanguage\":\"en-GB\",\"@id\":\"https:\\\/\\\/stagpartynight.com\\\/fr\\\/product\\\/beach-club-brunch-benidorm\\\/#primaryimage\",\"url\":\"https:\\\/\\\/stagpartynight.com\\\/fr\\\/wp-content\\\/uploads\\\/sites\\\/3\\\/2024\\\/01\\\/Beach-Club-Brunch-Benidorm.jpg\",\"contentUrl\":\"https:\\\/\\\/stagpartynight.com\\\/fr\\\/wp-content\\\/uploads\\\/sites\\\/3\\\/2024\\\/01\\\/Beach-Club-Brunch-Benidorm.jpg\",\"width\":1280,\"height\":720,\"caption\":\"Beach Club Brunch Benidorm\"},{\"@type\":\"BreadcrumbList\",\"@id\":\"https:\\\/\\\/stagpartynight.com\\\/fr\\\/product\\\/beach-club-brunch-benidorm\\\/#breadcrumb\",\"itemListElement\":[{\"@type\":\"ListItem\",\"position\":1,\"name\":\"Home\",\"item\":\"https:\\\/\\\/stagpartynight.com\\\/fr\\\/\"},{\"@type\":\"ListItem\",\"position\":2,\"name\":\"Tienda\",\"item\":\"https:\\\/\\\/stagpartynight.com\\\/fr\\\/tienda\\\/\"},{\"@type\":\"ListItem\",\"position\":3,\"name\":\"Beach Club Brunch Benidorm\"}]},{\"@type\":\"WebSite\",\"@id\":\"https:\\\/\\\/stagpartynight.com\\\/fr\\\/#website\",\"url\":\"https:\\\/\\\/stagpartynight.com\\\/fr\\\/\",\"name\":\"Stag Party Night\",\"description\":\"Your Stag Party Customized\",\"publisher\":{\"@id\":\"https:\\\/\\\/stagpartynight.com\\\/fr\\\/#organization\"},\"potentialAction\":[{\"@type\":\"SearchAction\",\"target\":{\"@type\":\"EntryPoint\",\"urlTemplate\":\"https:\\\/\\\/stagpartynight.com\\\/fr\\\/?s={search_term_string}\"},\"query-input\":{\"@type\":\"PropertyValueSpecification\",\"valueRequired\":true,\"valueName\":\"search_term_string\"}}],\"inLanguage\":\"en-GB\"},{\"@type\":\"Organization\",\"@id\":\"https:\\\/\\\/stagpartynight.com\\\/fr\\\/#organization\",\"name\":\"Stag Party Night\",\"url\":\"https:\\\/\\\/stagpartynight.com\\\/fr\\\/\",\"logo\":{\"@type\":\"ImageObject\",\"inLanguage\":\"en-GB\",\"@id\":\"https:\\\/\\\/stagpartynight.com\\\/fr\\\/#\\\/schema\\\/logo\\\/image\\\/\",\"url\":\"https:\\\/\\\/stagpartynight.com\\\/fr\\\/wp-content\\\/uploads\\\/sites\\\/3\\\/2019\\\/12\\\/stagpartynight-e1578565505687.png\",\"contentUrl\":\"https:\\\/\\\/stagpartynight.com\\\/fr\\\/wp-content\\\/uploads\\\/sites\\\/3\\\/2019\\\/12\\\/stagpartynight-e1578565505687.png\",\"width\":400,\"height\":400,\"caption\":\"Stag Party Night\"},\"image\":{\"@id\":\"https:\\\/\\\/stagpartynight.com\\\/fr\\\/#\\\/schema\\\/logo\\\/image\\\/\"}}]}<\/script>\n<!-- \/ Yoast SEO Premium plugin. -->","yoast_head_json":{"title":"Beach Club Brunch Benidorm","description":"Beach Club Brunch Benidorm. Deux heures d'open bar avec sangria ou bi\u00e8re. Cocktail de bienvenue. Deux boissons. Plat \u00e0 partager. Musique en direct.","robots":{"index":"index","follow":"follow","max-snippet":"max-snippet:-1","max-image-preview":"max-image-preview:large","max-video-preview":"max-video-preview:-1"},"canonical":"https:\/\/stagpartynight.com\/fr\/product\/beach-club-brunch-benidorm\/","og_locale":"en_GB","og_type":"article","og_title":"Beach Club Brunch Benidorm","og_description":"Beach Club Brunch Benidorm. Deux heures d'open bar avec sangria ou bi\u00e8re. Cocktail de bienvenue. Deux boissons. Plat \u00e0 partager. Musique en direct.","og_url":"https:\/\/stagpartynight.com\/fr\/product\/beach-club-brunch-benidorm\/","og_site_name":"Nuit de f\u00eate de cerf","article_modified_time":"2024-01-23T09:23:52+00:00","og_image":[{"width":1280,"height":720,"url":"https:\/\/stagpartynight.com\/fr\/wp-content\/uploads\/sites\/3\/2024\/01\/Beach-Club-Brunch-Benidorm.jpg","type":"image\/jpeg"}],"twitter_card":"summary_large_image","twitter_misc":{"Estimated reading time":"2 minutes"},"schema":{"@context":"https:\/\/schema.org","@graph":[{"@type":"WebPage","@id":"https:\/\/stagpartynight.com\/fr\/product\/beach-club-brunch-benidorm\/","url":"https:\/\/stagpartynight.com\/fr\/product\/beach-club-brunch-benidorm\/","name":"Beach Club Brunch Benidorm","isPartOf":{"@id":"https:\/\/stagpartynight.com\/fr\/#website"},"primaryImageOfPage":{"@id":"https:\/\/stagpartynight.com\/fr\/product\/beach-club-brunch-benidorm\/#primaryimage"},"image":{"@id":"https:\/\/stagpartynight.com\/fr\/product\/beach-club-brunch-benidorm\/#primaryimage"},"thumbnailUrl":"https:\/\/stagpartynight.com\/fr\/wp-content\/uploads\/sites\/3\/2024\/01\/Beach-Club-Brunch-Benidorm.jpg","datePublished":"2024-01-15T10:53:49+00:00","dateModified":"2024-01-23T09:23:52+00:00","description":"Beach Club Brunch Benidorm. Deux heures d'open bar avec sangria ou bi\u00e8re. Cocktail de bienvenue. Deux boissons. Plat \u00e0 partager. Musique en direct.","breadcrumb":{"@id":"https:\/\/stagpartynight.com\/fr\/product\/beach-club-brunch-benidorm\/#breadcrumb"},"inLanguage":"en-GB","potentialAction":[{"@type":"ReadAction","target":["https:\/\/stagpartynight.com\/fr\/product\/beach-club-brunch-benidorm\/"]}]},{"@type":"ImageObject","inLanguage":"en-GB","@id":"https:\/\/stagpartynight.com\/fr\/product\/beach-club-brunch-benidorm\/#primaryimage","url":"https:\/\/stagpartynight.com\/fr\/wp-content\/uploads\/sites\/3\/2024\/01\/Beach-Club-Brunch-Benidorm.jpg","contentUrl":"https:\/\/stagpartynight.com\/fr\/wp-content\/uploads\/sites\/3\/2024\/01\/Beach-Club-Brunch-Benidorm.jpg","width":1280,"height":720,"caption":"Beach Club Brunch Benidorm"},{"@type":"BreadcrumbList","@id":"https:\/\/stagpartynight.com\/fr\/product\/beach-club-brunch-benidorm\/#breadcrumb","itemListElement":[{"@type":"ListItem","position":1,"name":"Home","item":"https:\/\/stagpartynight.com\/fr\/"},{"@type":"ListItem","position":2,"name":"Tienda","item":"https:\/\/stagpartynight.com\/fr\/tienda\/"},{"@type":"ListItem","position":3,"name":"Beach Club Brunch Benidorm"}]},{"@type":"WebSite","@id":"https:\/\/stagpartynight.com\/fr\/#website","url":"https:\/\/stagpartynight.com\/fr\/","name":"Stag Party Night","description":"Your Stag Party Customized","publisher":{"@id":"https:\/\/stagpartynight.com\/fr\/#organization"},"potentialAction":[{"@type":"SearchAction","target":{"@type":"EntryPoint","urlTemplate":"https:\/\/stagpartynight.com\/fr\/?s={search_term_string}"},"query-input":{"@type":"PropertyValueSpecification","valueRequired":true,"valueName":"search_term_string"}}],"inLanguage":"en-GB"},{"@type":"Organization","@id":"https:\/\/stagpartynight.com\/fr\/#organization","name":"Stag Party Night","url":"https:\/\/stagpartynight.com\/fr\/","logo":{"@type":"ImageObject","inLanguage":"en-GB","@id":"https:\/\/stagpartynight.com\/fr\/#\/schema\/logo\/image\/","url":"https:\/\/stagpartynight.com\/fr\/wp-content\/uploads\/sites\/3\/2019\/12\/stagpartynight-e1578565505687.png","contentUrl":"https:\/\/stagpartynight.com\/fr\/wp-content\/uploads\/sites\/3\/2019\/12\/stagpartynight-e1578565505687.png","width":400,"height":400,"caption":"Stag Party Night"},"image":{"@id":"https:\/\/stagpartynight.com\/fr\/#\/schema\/logo\/image\/"}}]}},"_links":{"self":[{"href":"https:\/\/stagpartynight.com\/fr\/wp-json\/wp\/v2\/product\/2917","targetHints":{"allow":["GET"]}}],"collection":[{"href":"https:\/\/stagpartynight.com\/fr\/wp-json\/wp\/v2\/product"}],"about":[{"href":"https:\/\/stagpartynight.com\/fr\/wp-json\/wp\/v2\/types\/product"}],"replies":[{"embeddable":true,"href":"https:\/\/stagpartynight.com\/fr\/wp-json\/wp\/v2\/comments?post=2917"}],"wp:featuredmedia":[{"embeddable":true,"href":"https:\/\/stagpartynight.com\/fr\/wp-json\/wp\/v2\/media\/2918"}],"wp:attachment":[{"href":"https:\/\/stagpartynight.com\/fr\/wp-json\/wp\/v2\/media?parent=2917"}],"wp:term":[{"taxonomy":"product_brand","embeddable":true,"href":"https:\/\/stagpartynight.com\/fr\/wp-json\/wp\/v2\/product_brand?post=2917"},{"taxonomy":"product_cat","embeddable":true,"href":"https:\/\/stagpartynight.com\/fr\/wp-json\/wp\/v2\/product_cat?post=2917"},{"taxonomy":"product_tag","embeddable":true,"href":"https:\/\/stagpartynight.com\/fr\/wp-json\/wp\/v2\/product_tag?post=2917"}],"curies":[{"name":"wp","href":"https:\/\/api.w.org\/{rel}","templated":true}]}}