{"id":2919,"date":"2024-01-15T11:59:42","date_gmt":"2024-01-15T10:59:42","guid":{"rendered":"https:\/\/stagpartynight.com\/fr\/?post_type=product&#038;p=2919"},"modified":"2024-01-23T10:23:24","modified_gmt":"2024-01-23T09:23:24","slug":"dejeuner-beach-club-biere-sangria-benidorm","status":"publish","type":"product","link":"https:\/\/stagpartynight.com\/fr\/product\/dejeuner-beach-club-biere-sangria-benidorm\/","title":{"rendered":"D\u00e9jeuner Beach Club Bi\u00e8re\/Sangria Benidorm"},"content":{"rendered":"<p>D\u00e9jeuner Beach Club Bi\u00e8re\/Sangria Benidorm. Deux heures d&#8217;open bar avec sangria ou bi\u00e8re. Cocktail de bienvenue. Petit-d\u00e9jeuner anglais au choix. Musique live.<\/p>\n<p>Les meilleurs enterrements de vie de gar\u00e7on avec <a href=\"https:\/\/stagpartynight.com\/\">StagParty<\/a><\/p>\n<h2 style=\"text-align: center;\">D\u00e9jeuner Beach Club Bi\u00e8re\/Sangria Benidorm<strong style=\"color: #666666; font-size: 14px;\">\ud83c\udf34<\/strong><\/h2>\n<h2><strong>Brunch en Bord de Mer \u00e0 Benidorm! \ud83c\udf73<\/strong><\/h2>\n<p>Vivez une exp\u00e9rience gourmande sensationnelle \u00e0 Benidorm avec notre brunch exclusif dans un beach club, une escapade gastronomique qui \u00e9veillera vos papilles avec une vue imprenable sur la mer M\u00e9diterran\u00e9e.<\/p>\n<p>\ud83c\udf7d\ufe0f <strong>Festin Gourmand:<\/strong> Commencez votre journ\u00e9e par un brunch exceptionnel au bord de la mer. Choisissez parmi trois d\u00e9licieux petits d\u00e9jeuners pour satisfaire vos envies : le classique petit d\u00e9jeuner anglais avec saucisses, toasts et \u0153ufs, le petit d\u00e9jeuner anglais v\u00e9g\u00e9tarien avec champignons et tomates, ou les \u0153ufs b\u00e9n\u00e9dictins avec du saumon fum\u00e9.<\/p>\n<p>\ud83c\udf05 <strong>Vue Imprenable sur la Mer:<\/strong> Profitez du cadre paradisiaque de notre beach club, o\u00f9 le luxe d\u00e9contract\u00e9 rencontre la gastronomie exquise. Installez-vous confortablement avec une vue imprenable sur l&#8217;horizon marin.<\/p>\n<p>\ud83c\udfb6 <strong>Ambiance Enivrante avec Musique Live:<\/strong> Laissez-vous emporter par l&#8217;ambiance enivrante cr\u00e9\u00e9e par notre musique live. D\u00e9tendez-vous, savourez votre d\u00e9licieux brunch et laissez les notes m\u00e9lodieuses flotter dans l&#8217;air salin.<\/p>\n<p>\ud83c\udf73 <strong>Exp\u00e9rience Gourmande Compl\u00e8te:<\/strong> Notre brunch offre bien plus qu&#8217;un repas, c&#8217;est une exp\u00e9rience compl\u00e8te pour tous les sens. Des saveurs d\u00e9licieuses, un cadre idyllique et une vari\u00e9t\u00e9 de d\u00e9jeuners qui satisferont toutes les envies matinales.<\/p>\n<p>\ud83e\udd42R\u00e9servez d\u00e8s maintenant pour vivre une matin\u00e9e de luxe d\u00e9contract\u00e9 \u00e0 <a href=\"https:\/\/es.wikipedia.org\/wiki\/Benidorm\">Benidorm<\/a>, o\u00f9 le brunch devient une c\u00e9l\u00e9bration des plaisirs de la vie. Une exp\u00e9rience gourmande qui promet de ravir vos papilles et de combler vos sens.<\/p>\n<p style=\"text-align: center;\">\ud83c\udf1eR\u00e9servez D\u00e9jeuner Beach Club Bi\u00e8re\/Sangria Benidorm\ud83c\udf1e<\/p>\n<p>&nbsp;<\/p>\n","protected":false},"excerpt":{"rendered":"<p>D\u00e9jeuner Beach Club Bi\u00e8re\/Sangria Benidorm. Deux heures d&#8217;open bar avec sangria ou bi\u00e8re. Cocktail de bienvenue. Petit-d\u00e9jeuner anglais au choix. Musique live. Les meilleurs enterrements de vie de gar\u00e7on avec StagParty D\u00e9jeuner Beach Club Bi\u00e8re\/Sangria Benidorm\ud83c\udf34 Brunch en Bord de Mer \u00e0 Benidorm! \ud83c\udf73 Vivez une exp\u00e9rience gourmande sensationnelle \u00e0 Benidorm avec notre brunch exclusif [&hellip;]<\/p>\n","protected":false},"featured_media":2920,"comment_status":"open","ping_status":"closed","template":"","meta":{"_et_pb_use_builder":"","_et_pb_old_content":"","_et_gb_content_width":""},"product_brand":[],"product_cat":[600],"product_tag":[663,664],"class_list":{"0":"post-2919","1":"product","2":"type-product","3":"status-publish","4":"has-post-thumbnail","6":"product_cat-benidorm","7":"product_tag-brunch-benidorm","8":"product_tag-dejeuner-beach-club-biere-sangria-benidorm","10":"first","11":"instock","12":"shipping-taxable","13":"product-type-simple"},"yoast_head":"<!-- This site is optimized with the Yoast SEO Premium plugin v27.5 (Yoast SEO v27.5) - https:\/\/yoast.com\/product\/yoast-seo-premium-wordpress\/ -->\n<title>D\u00e9jeuner Beach Club Bi\u00e8re\/Sangria Benidorm<\/title>\n<meta name=\"description\" content=\"D\u00e9jeuner Beach Club Bi\u00e8re\/Sangria Benidorm. Deux heures d&#039;open bar avec sangria ou bi\u00e8re. Cocktail de bienvenue. Petit-d\u00e9jeuner anglais au choix.\" \/>\n<meta name=\"robots\" content=\"index, follow, max-snippet:-1, max-image-preview:large, max-video-preview:-1\" \/>\n<link rel=\"canonical\" href=\"https:\/\/stagpartynight.com\/fr\/product\/dejeuner-beach-club-biere-sangria-benidorm\/\" \/>\n<meta property=\"og:locale\" content=\"en_GB\" \/>\n<meta property=\"og:type\" content=\"article\" \/>\n<meta property=\"og:title\" content=\"D\u00e9jeuner Beach Club Bi\u00e8re\/Sangria Benidorm\" \/>\n<meta property=\"og:description\" content=\"D\u00e9jeuner Beach Club Bi\u00e8re\/Sangria Benidorm. Deux heures d&#039;open bar avec sangria ou bi\u00e8re. Cocktail de bienvenue. Petit-d\u00e9jeuner anglais au choix.\" \/>\n<meta property=\"og:url\" content=\"https:\/\/stagpartynight.com\/fr\/product\/dejeuner-beach-club-biere-sangria-benidorm\/\" \/>\n<meta property=\"og:site_name\" content=\"Nuit de f\u00eate de cerf\" \/>\n<meta property=\"article:modified_time\" content=\"2024-01-23T09:23:24+00:00\" \/>\n<meta property=\"og:image\" content=\"https:\/\/stagpartynight.com\/fr\/wp-content\/uploads\/sites\/3\/2024\/01\/Dejeuner-Beach-Club-BiereSangria-Benidorm.jpg\" \/>\n\t<meta property=\"og:image:width\" content=\"1280\" \/>\n\t<meta property=\"og:image:height\" content=\"853\" \/>\n\t<meta property=\"og:image:type\" content=\"image\/jpeg\" \/>\n<meta name=\"twitter:card\" content=\"summary_large_image\" \/>\n<meta name=\"twitter:label1\" content=\"Estimated reading time\" \/>\n\t<meta name=\"twitter:data1\" content=\"2 minutes\" \/>\n<script type=\"application\/ld+json\" class=\"yoast-schema-graph\">{\"@context\":\"https:\\\/\\\/schema.org\",\"@graph\":[{\"@type\":\"WebPage\",\"@id\":\"https:\\\/\\\/stagpartynight.com\\\/fr\\\/product\\\/dejeuner-beach-club-biere-sangria-benidorm\\\/\",\"url\":\"https:\\\/\\\/stagpartynight.com\\\/fr\\\/product\\\/dejeuner-beach-club-biere-sangria-benidorm\\\/\",\"name\":\"D\u00e9jeuner Beach Club Bi\u00e8re\\\/Sangria Benidorm\",\"isPartOf\":{\"@id\":\"https:\\\/\\\/stagpartynight.com\\\/fr\\\/#website\"},\"primaryImageOfPage\":{\"@id\":\"https:\\\/\\\/stagpartynight.com\\\/fr\\\/product\\\/dejeuner-beach-club-biere-sangria-benidorm\\\/#primaryimage\"},\"image\":{\"@id\":\"https:\\\/\\\/stagpartynight.com\\\/fr\\\/product\\\/dejeuner-beach-club-biere-sangria-benidorm\\\/#primaryimage\"},\"thumbnailUrl\":\"https:\\\/\\\/stagpartynight.com\\\/fr\\\/wp-content\\\/uploads\\\/sites\\\/3\\\/2024\\\/01\\\/Dejeuner-Beach-Club-BiereSangria-Benidorm.jpg\",\"datePublished\":\"2024-01-15T10:59:42+00:00\",\"dateModified\":\"2024-01-23T09:23:24+00:00\",\"description\":\"D\u00e9jeuner Beach Club Bi\u00e8re\\\/Sangria Benidorm. Deux heures d'open bar avec sangria ou bi\u00e8re. Cocktail de bienvenue. Petit-d\u00e9jeuner anglais au choix.\",\"breadcrumb\":{\"@id\":\"https:\\\/\\\/stagpartynight.com\\\/fr\\\/product\\\/dejeuner-beach-club-biere-sangria-benidorm\\\/#breadcrumb\"},\"inLanguage\":\"en-GB\",\"potentialAction\":[{\"@type\":\"ReadAction\",\"target\":[\"https:\\\/\\\/stagpartynight.com\\\/fr\\\/product\\\/dejeuner-beach-club-biere-sangria-benidorm\\\/\"]}]},{\"@type\":\"ImageObject\",\"inLanguage\":\"en-GB\",\"@id\":\"https:\\\/\\\/stagpartynight.com\\\/fr\\\/product\\\/dejeuner-beach-club-biere-sangria-benidorm\\\/#primaryimage\",\"url\":\"https:\\\/\\\/stagpartynight.com\\\/fr\\\/wp-content\\\/uploads\\\/sites\\\/3\\\/2024\\\/01\\\/Dejeuner-Beach-Club-BiereSangria-Benidorm.jpg\",\"contentUrl\":\"https:\\\/\\\/stagpartynight.com\\\/fr\\\/wp-content\\\/uploads\\\/sites\\\/3\\\/2024\\\/01\\\/Dejeuner-Beach-Club-BiereSangria-Benidorm.jpg\",\"width\":1280,\"height\":853,\"caption\":\"D\u00e9jeuner Beach Club Bi\u00e8reSangria Benidorm\"},{\"@type\":\"BreadcrumbList\",\"@id\":\"https:\\\/\\\/stagpartynight.com\\\/fr\\\/product\\\/dejeuner-beach-club-biere-sangria-benidorm\\\/#breadcrumb\",\"itemListElement\":[{\"@type\":\"ListItem\",\"position\":1,\"name\":\"Home\",\"item\":\"https:\\\/\\\/stagpartynight.com\\\/fr\\\/\"},{\"@type\":\"ListItem\",\"position\":2,\"name\":\"Tienda\",\"item\":\"https:\\\/\\\/stagpartynight.com\\\/fr\\\/tienda\\\/\"},{\"@type\":\"ListItem\",\"position\":3,\"name\":\"D\u00e9jeuner Beach Club Bi\u00e8re\\\/Sangria Benidorm\"}]},{\"@type\":\"WebSite\",\"@id\":\"https:\\\/\\\/stagpartynight.com\\\/fr\\\/#website\",\"url\":\"https:\\\/\\\/stagpartynight.com\\\/fr\\\/\",\"name\":\"Stag Party Night\",\"description\":\"Your Stag Party Customized\",\"publisher\":{\"@id\":\"https:\\\/\\\/stagpartynight.com\\\/fr\\\/#organization\"},\"potentialAction\":[{\"@type\":\"SearchAction\",\"target\":{\"@type\":\"EntryPoint\",\"urlTemplate\":\"https:\\\/\\\/stagpartynight.com\\\/fr\\\/?s={search_term_string}\"},\"query-input\":{\"@type\":\"PropertyValueSpecification\",\"valueRequired\":true,\"valueName\":\"search_term_string\"}}],\"inLanguage\":\"en-GB\"},{\"@type\":\"Organization\",\"@id\":\"https:\\\/\\\/stagpartynight.com\\\/fr\\\/#organization\",\"name\":\"Stag Party Night\",\"url\":\"https:\\\/\\\/stagpartynight.com\\\/fr\\\/\",\"logo\":{\"@type\":\"ImageObject\",\"inLanguage\":\"en-GB\",\"@id\":\"https:\\\/\\\/stagpartynight.com\\\/fr\\\/#\\\/schema\\\/logo\\\/image\\\/\",\"url\":\"https:\\\/\\\/stagpartynight.com\\\/fr\\\/wp-content\\\/uploads\\\/sites\\\/3\\\/2019\\\/12\\\/stagpartynight-e1578565505687.png\",\"contentUrl\":\"https:\\\/\\\/stagpartynight.com\\\/fr\\\/wp-content\\\/uploads\\\/sites\\\/3\\\/2019\\\/12\\\/stagpartynight-e1578565505687.png\",\"width\":400,\"height\":400,\"caption\":\"Stag Party Night\"},\"image\":{\"@id\":\"https:\\\/\\\/stagpartynight.com\\\/fr\\\/#\\\/schema\\\/logo\\\/image\\\/\"}}]}<\/script>\n<!-- \/ Yoast SEO Premium plugin. -->","yoast_head_json":{"title":"D\u00e9jeuner Beach Club Bi\u00e8re\/Sangria Benidorm","description":"D\u00e9jeuner Beach Club Bi\u00e8re\/Sangria Benidorm. Deux heures d'open bar avec sangria ou bi\u00e8re. Cocktail de bienvenue. Petit-d\u00e9jeuner anglais au choix.","robots":{"index":"index","follow":"follow","max-snippet":"max-snippet:-1","max-image-preview":"max-image-preview:large","max-video-preview":"max-video-preview:-1"},"canonical":"https:\/\/stagpartynight.com\/fr\/product\/dejeuner-beach-club-biere-sangria-benidorm\/","og_locale":"en_GB","og_type":"article","og_title":"D\u00e9jeuner Beach Club Bi\u00e8re\/Sangria Benidorm","og_description":"D\u00e9jeuner Beach Club Bi\u00e8re\/Sangria Benidorm. Deux heures d'open bar avec sangria ou bi\u00e8re. Cocktail de bienvenue. Petit-d\u00e9jeuner anglais au choix.","og_url":"https:\/\/stagpartynight.com\/fr\/product\/dejeuner-beach-club-biere-sangria-benidorm\/","og_site_name":"Nuit de f\u00eate de cerf","article_modified_time":"2024-01-23T09:23:24+00:00","og_image":[{"width":1280,"height":853,"url":"https:\/\/stagpartynight.com\/fr\/wp-content\/uploads\/sites\/3\/2024\/01\/Dejeuner-Beach-Club-BiereSangria-Benidorm.jpg","type":"image\/jpeg"}],"twitter_card":"summary_large_image","twitter_misc":{"Estimated reading time":"2 minutes"},"schema":{"@context":"https:\/\/schema.org","@graph":[{"@type":"WebPage","@id":"https:\/\/stagpartynight.com\/fr\/product\/dejeuner-beach-club-biere-sangria-benidorm\/","url":"https:\/\/stagpartynight.com\/fr\/product\/dejeuner-beach-club-biere-sangria-benidorm\/","name":"D\u00e9jeuner Beach Club Bi\u00e8re\/Sangria Benidorm","isPartOf":{"@id":"https:\/\/stagpartynight.com\/fr\/#website"},"primaryImageOfPage":{"@id":"https:\/\/stagpartynight.com\/fr\/product\/dejeuner-beach-club-biere-sangria-benidorm\/#primaryimage"},"image":{"@id":"https:\/\/stagpartynight.com\/fr\/product\/dejeuner-beach-club-biere-sangria-benidorm\/#primaryimage"},"thumbnailUrl":"https:\/\/stagpartynight.com\/fr\/wp-content\/uploads\/sites\/3\/2024\/01\/Dejeuner-Beach-Club-BiereSangria-Benidorm.jpg","datePublished":"2024-01-15T10:59:42+00:00","dateModified":"2024-01-23T09:23:24+00:00","description":"D\u00e9jeuner Beach Club Bi\u00e8re\/Sangria Benidorm. Deux heures d'open bar avec sangria ou bi\u00e8re. Cocktail de bienvenue. Petit-d\u00e9jeuner anglais au choix.","breadcrumb":{"@id":"https:\/\/stagpartynight.com\/fr\/product\/dejeuner-beach-club-biere-sangria-benidorm\/#breadcrumb"},"inLanguage":"en-GB","potentialAction":[{"@type":"ReadAction","target":["https:\/\/stagpartynight.com\/fr\/product\/dejeuner-beach-club-biere-sangria-benidorm\/"]}]},{"@type":"ImageObject","inLanguage":"en-GB","@id":"https:\/\/stagpartynight.com\/fr\/product\/dejeuner-beach-club-biere-sangria-benidorm\/#primaryimage","url":"https:\/\/stagpartynight.com\/fr\/wp-content\/uploads\/sites\/3\/2024\/01\/Dejeuner-Beach-Club-BiereSangria-Benidorm.jpg","contentUrl":"https:\/\/stagpartynight.com\/fr\/wp-content\/uploads\/sites\/3\/2024\/01\/Dejeuner-Beach-Club-BiereSangria-Benidorm.jpg","width":1280,"height":853,"caption":"D\u00e9jeuner Beach Club Bi\u00e8reSangria Benidorm"},{"@type":"BreadcrumbList","@id":"https:\/\/stagpartynight.com\/fr\/product\/dejeuner-beach-club-biere-sangria-benidorm\/#breadcrumb","itemListElement":[{"@type":"ListItem","position":1,"name":"Home","item":"https:\/\/stagpartynight.com\/fr\/"},{"@type":"ListItem","position":2,"name":"Tienda","item":"https:\/\/stagpartynight.com\/fr\/tienda\/"},{"@type":"ListItem","position":3,"name":"D\u00e9jeuner Beach Club Bi\u00e8re\/Sangria Benidorm"}]},{"@type":"WebSite","@id":"https:\/\/stagpartynight.com\/fr\/#website","url":"https:\/\/stagpartynight.com\/fr\/","name":"Stag Party Night","description":"Your Stag Party Customized","publisher":{"@id":"https:\/\/stagpartynight.com\/fr\/#organization"},"potentialAction":[{"@type":"SearchAction","target":{"@type":"EntryPoint","urlTemplate":"https:\/\/stagpartynight.com\/fr\/?s={search_term_string}"},"query-input":{"@type":"PropertyValueSpecification","valueRequired":true,"valueName":"search_term_string"}}],"inLanguage":"en-GB"},{"@type":"Organization","@id":"https:\/\/stagpartynight.com\/fr\/#organization","name":"Stag Party Night","url":"https:\/\/stagpartynight.com\/fr\/","logo":{"@type":"ImageObject","inLanguage":"en-GB","@id":"https:\/\/stagpartynight.com\/fr\/#\/schema\/logo\/image\/","url":"https:\/\/stagpartynight.com\/fr\/wp-content\/uploads\/sites\/3\/2019\/12\/stagpartynight-e1578565505687.png","contentUrl":"https:\/\/stagpartynight.com\/fr\/wp-content\/uploads\/sites\/3\/2019\/12\/stagpartynight-e1578565505687.png","width":400,"height":400,"caption":"Stag Party Night"},"image":{"@id":"https:\/\/stagpartynight.com\/fr\/#\/schema\/logo\/image\/"}}]}},"_links":{"self":[{"href":"https:\/\/stagpartynight.com\/fr\/wp-json\/wp\/v2\/product\/2919","targetHints":{"allow":["GET"]}}],"collection":[{"href":"https:\/\/stagpartynight.com\/fr\/wp-json\/wp\/v2\/product"}],"about":[{"href":"https:\/\/stagpartynight.com\/fr\/wp-json\/wp\/v2\/types\/product"}],"replies":[{"embeddable":true,"href":"https:\/\/stagpartynight.com\/fr\/wp-json\/wp\/v2\/comments?post=2919"}],"wp:featuredmedia":[{"embeddable":true,"href":"https:\/\/stagpartynight.com\/fr\/wp-json\/wp\/v2\/media\/2920"}],"wp:attachment":[{"href":"https:\/\/stagpartynight.com\/fr\/wp-json\/wp\/v2\/media?parent=2919"}],"wp:term":[{"taxonomy":"product_brand","embeddable":true,"href":"https:\/\/stagpartynight.com\/fr\/wp-json\/wp\/v2\/product_brand?post=2919"},{"taxonomy":"product_cat","embeddable":true,"href":"https:\/\/stagpartynight.com\/fr\/wp-json\/wp\/v2\/product_cat?post=2919"},{"taxonomy":"product_tag","embeddable":true,"href":"https:\/\/stagpartynight.com\/fr\/wp-json\/wp\/v2\/product_tag?post=2919"}],"curies":[{"name":"wp","href":"https:\/\/api.w.org\/{rel}","templated":true}]}}