{"id":292,"date":"2020-01-08T15:17:36","date_gmt":"2020-01-08T14:17:36","guid":{"rendered":"https:\/\/stagpartynight.com\/fr\/?post_type=product&#038;p=292"},"modified":"2021-01-29T15:23:46","modified_gmt":"2021-01-29T14:23:46","slug":"tickets-discoteques-lisboa","status":"publish","type":"product","link":"https:\/\/stagpartynight.com\/fr\/product\/tickets-discoteques-lisboa\/","title":{"rendered":"Billets de discoth\u00e8que \u00e0 Lisbonne"},"content":{"rendered":"<p>Vente anticip\u00e9e de billets avec consommation dans les meilleurs clubs de Lisbonne. D\u00e9couvrez la vie nocturne de Lisbonne et ses bo\u00eetes de nuit.<\/p>\n","protected":false},"excerpt":{"rendered":"<p>Vente anticip\u00e9e de billets avec consommation dans les meilleurs clubs de Lisbonne. D\u00e9couvrez la vie nocturne de Lisbonne et ses bo\u00eetes de nuit.<\/p>\n","protected":false},"featured_media":222,"comment_status":"open","ping_status":"closed","template":"","meta":{"_et_pb_use_builder":"","_et_pb_old_content":"","_et_gb_content_width":""},"product_brand":[],"product_cat":[148],"product_tag":[297,298],"class_list":{"0":"post-292","1":"product","2":"type-product","3":"status-publish","4":"has-post-thumbnail","6":"product_cat-lisboa","7":"product_tag-billets-de-discotheque-a-lisbonne","8":"product_tag-tickets-de-discotheque-lisbonne","10":"first","11":"instock","12":"virtual","13":"product-type-simple"},"yoast_head":"<!-- This site is optimized with the Yoast SEO plugin v26.4 - https:\/\/yoast.com\/wordpress\/plugins\/seo\/ -->\n<title>Billets de discoth\u00e8que \u00e0 Lisbonne - Tickets de discoth\u00e8que Lisbonne<\/title>\n<meta name=\"description\" content=\"Billets de discoth\u00e8que \u00e0 Lisbonne - Vente anticip\u00e9e de billets avec consommation dans les meilleurs clubs de Lisbonne. D\u00e9couvrez la vie nocturne de Lisbonne et ses bo\u00eetes de nuit.\" \/>\n<meta name=\"robots\" content=\"index, follow, max-snippet:-1, max-image-preview:large, max-video-preview:-1\" \/>\n<link rel=\"canonical\" href=\"https:\/\/stagpartynight.com\/fr\/product\/tickets-discoteques-lisboa\/\" \/>\n<meta property=\"og:locale\" content=\"en_GB\" \/>\n<meta property=\"og:type\" content=\"article\" \/>\n<meta property=\"og:title\" content=\"Billets de discoth\u00e8que \u00e0 Lisbonne - Tickets de discoth\u00e8que Lisbonne\" \/>\n<meta property=\"og:description\" content=\"Billets de discoth\u00e8que \u00e0 Lisbonne - Vente anticip\u00e9e de billets avec consommation dans les meilleurs clubs de Lisbonne. D\u00e9couvrez la vie nocturne de Lisbonne et ses bo\u00eetes de nuit.\" \/>\n<meta property=\"og:url\" content=\"https:\/\/stagpartynight.com\/fr\/product\/tickets-discoteques-lisboa\/\" \/>\n<meta property=\"og:site_name\" content=\"Nuit de f\u00eate de cerf\" \/>\n<meta property=\"article:modified_time\" content=\"2021-01-29T14:23:46+00:00\" \/>\n<meta property=\"og:image\" content=\"https:\/\/stagpartynight.com\/fr\/wp-content\/uploads\/sites\/3\/2020\/01\/Tickets-Discoteques-Barcelona.jpg\" \/>\n\t<meta property=\"og:image:width\" content=\"640\" \/>\n\t<meta property=\"og:image:height\" content=\"427\" \/>\n\t<meta property=\"og:image:type\" content=\"image\/jpeg\" \/>\n<meta name=\"twitter:card\" content=\"summary_large_image\" \/>\n<script type=\"application\/ld+json\" class=\"yoast-schema-graph\">{\"@context\":\"https:\/\/schema.org\",\"@graph\":[{\"@type\":\"WebPage\",\"@id\":\"https:\/\/stagpartynight.com\/fr\/product\/tickets-discoteques-lisboa\/\",\"url\":\"https:\/\/stagpartynight.com\/fr\/product\/tickets-discoteques-lisboa\/\",\"name\":\"Billets de discoth\u00e8que \u00e0 Lisbonne - Tickets de discoth\u00e8que Lisbonne\",\"isPartOf\":{\"@id\":\"https:\/\/stagpartynight.com\/fr\/#website\"},\"primaryImageOfPage\":{\"@id\":\"https:\/\/stagpartynight.com\/fr\/product\/tickets-discoteques-lisboa\/#primaryimage\"},\"image\":{\"@id\":\"https:\/\/stagpartynight.com\/fr\/product\/tickets-discoteques-lisboa\/#primaryimage\"},\"thumbnailUrl\":\"https:\/\/stagpartynight.com\/fr\/wp-content\/uploads\/sites\/3\/2020\/01\/Tickets-Discoteques-Barcelona.jpg\",\"datePublished\":\"2020-01-08T14:17:36+00:00\",\"dateModified\":\"2021-01-29T14:23:46+00:00\",\"description\":\"Billets de discoth\u00e8que \u00e0 Lisbonne - Vente anticip\u00e9e de billets avec consommation dans les meilleurs clubs de Lisbonne. D\u00e9couvrez la vie nocturne de Lisbonne et ses bo\u00eetes de nuit.\",\"breadcrumb\":{\"@id\":\"https:\/\/stagpartynight.com\/fr\/product\/tickets-discoteques-lisboa\/#breadcrumb\"},\"inLanguage\":\"en-GB\",\"potentialAction\":[{\"@type\":\"ReadAction\",\"target\":[\"https:\/\/stagpartynight.com\/fr\/product\/tickets-discoteques-lisboa\/\"]}]},{\"@type\":\"ImageObject\",\"inLanguage\":\"en-GB\",\"@id\":\"https:\/\/stagpartynight.com\/fr\/product\/tickets-discoteques-lisboa\/#primaryimage\",\"url\":\"https:\/\/stagpartynight.com\/fr\/wp-content\/uploads\/sites\/3\/2020\/01\/Tickets-Discoteques-Barcelona.jpg\",\"contentUrl\":\"https:\/\/stagpartynight.com\/fr\/wp-content\/uploads\/sites\/3\/2020\/01\/Tickets-Discoteques-Barcelona.jpg\",\"width\":640,\"height\":427},{\"@type\":\"BreadcrumbList\",\"@id\":\"https:\/\/stagpartynight.com\/fr\/product\/tickets-discoteques-lisboa\/#breadcrumb\",\"itemListElement\":[{\"@type\":\"ListItem\",\"position\":1,\"name\":\"Home\",\"item\":\"https:\/\/stagpartynight.com\/fr\/\"},{\"@type\":\"ListItem\",\"position\":2,\"name\":\"Tienda\",\"item\":\"https:\/\/stagpartynight.com\/fr\/tienda\/\"},{\"@type\":\"ListItem\",\"position\":3,\"name\":\"Billets de discoth\u00e8que \u00e0 Lisbonne\"}]},{\"@type\":\"WebSite\",\"@id\":\"https:\/\/stagpartynight.com\/fr\/#website\",\"url\":\"https:\/\/stagpartynight.com\/fr\/\",\"name\":\"Stag Party Night\",\"description\":\"Your Stag Party Customized\",\"publisher\":{\"@id\":\"https:\/\/stagpartynight.com\/fr\/#organization\"},\"potentialAction\":[{\"@type\":\"SearchAction\",\"target\":{\"@type\":\"EntryPoint\",\"urlTemplate\":\"https:\/\/stagpartynight.com\/fr\/?s={search_term_string}\"},\"query-input\":{\"@type\":\"PropertyValueSpecification\",\"valueRequired\":true,\"valueName\":\"search_term_string\"}}],\"inLanguage\":\"en-GB\"},{\"@type\":\"Organization\",\"@id\":\"https:\/\/stagpartynight.com\/fr\/#organization\",\"name\":\"Stag Party Night\",\"url\":\"https:\/\/stagpartynight.com\/fr\/\",\"logo\":{\"@type\":\"ImageObject\",\"inLanguage\":\"en-GB\",\"@id\":\"https:\/\/stagpartynight.com\/fr\/#\/schema\/logo\/image\/\",\"url\":\"https:\/\/stagpartynight.com\/fr\/wp-content\/uploads\/sites\/3\/2019\/12\/stagpartynight-e1578565505687.png\",\"contentUrl\":\"https:\/\/stagpartynight.com\/fr\/wp-content\/uploads\/sites\/3\/2019\/12\/stagpartynight-e1578565505687.png\",\"width\":400,\"height\":400,\"caption\":\"Stag Party Night\"},\"image\":{\"@id\":\"https:\/\/stagpartynight.com\/fr\/#\/schema\/logo\/image\/\"}}]}<\/script>\n<!-- \/ Yoast SEO plugin. -->","yoast_head_json":{"title":"Billets de discoth\u00e8que \u00e0 Lisbonne - Tickets de discoth\u00e8que Lisbonne","description":"Billets de discoth\u00e8que \u00e0 Lisbonne - Vente anticip\u00e9e de billets avec consommation dans les meilleurs clubs de Lisbonne. D\u00e9couvrez la vie nocturne de Lisbonne et ses bo\u00eetes de nuit.","robots":{"index":"index","follow":"follow","max-snippet":"max-snippet:-1","max-image-preview":"max-image-preview:large","max-video-preview":"max-video-preview:-1"},"canonical":"https:\/\/stagpartynight.com\/fr\/product\/tickets-discoteques-lisboa\/","og_locale":"en_GB","og_type":"article","og_title":"Billets de discoth\u00e8que \u00e0 Lisbonne - Tickets de discoth\u00e8que Lisbonne","og_description":"Billets de discoth\u00e8que \u00e0 Lisbonne - Vente anticip\u00e9e de billets avec consommation dans les meilleurs clubs de Lisbonne. D\u00e9couvrez la vie nocturne de Lisbonne et ses bo\u00eetes de nuit.","og_url":"https:\/\/stagpartynight.com\/fr\/product\/tickets-discoteques-lisboa\/","og_site_name":"Nuit de f\u00eate de cerf","article_modified_time":"2021-01-29T14:23:46+00:00","og_image":[{"width":640,"height":427,"url":"https:\/\/stagpartynight.com\/fr\/wp-content\/uploads\/sites\/3\/2020\/01\/Tickets-Discoteques-Barcelona.jpg","type":"image\/jpeg"}],"twitter_card":"summary_large_image","schema":{"@context":"https:\/\/schema.org","@graph":[{"@type":"WebPage","@id":"https:\/\/stagpartynight.com\/fr\/product\/tickets-discoteques-lisboa\/","url":"https:\/\/stagpartynight.com\/fr\/product\/tickets-discoteques-lisboa\/","name":"Billets de discoth\u00e8que \u00e0 Lisbonne - Tickets de discoth\u00e8que Lisbonne","isPartOf":{"@id":"https:\/\/stagpartynight.com\/fr\/#website"},"primaryImageOfPage":{"@id":"https:\/\/stagpartynight.com\/fr\/product\/tickets-discoteques-lisboa\/#primaryimage"},"image":{"@id":"https:\/\/stagpartynight.com\/fr\/product\/tickets-discoteques-lisboa\/#primaryimage"},"thumbnailUrl":"https:\/\/stagpartynight.com\/fr\/wp-content\/uploads\/sites\/3\/2020\/01\/Tickets-Discoteques-Barcelona.jpg","datePublished":"2020-01-08T14:17:36+00:00","dateModified":"2021-01-29T14:23:46+00:00","description":"Billets de discoth\u00e8que \u00e0 Lisbonne - Vente anticip\u00e9e de billets avec consommation dans les meilleurs clubs de Lisbonne. D\u00e9couvrez la vie nocturne de Lisbonne et ses bo\u00eetes de nuit.","breadcrumb":{"@id":"https:\/\/stagpartynight.com\/fr\/product\/tickets-discoteques-lisboa\/#breadcrumb"},"inLanguage":"en-GB","potentialAction":[{"@type":"ReadAction","target":["https:\/\/stagpartynight.com\/fr\/product\/tickets-discoteques-lisboa\/"]}]},{"@type":"ImageObject","inLanguage":"en-GB","@id":"https:\/\/stagpartynight.com\/fr\/product\/tickets-discoteques-lisboa\/#primaryimage","url":"https:\/\/stagpartynight.com\/fr\/wp-content\/uploads\/sites\/3\/2020\/01\/Tickets-Discoteques-Barcelona.jpg","contentUrl":"https:\/\/stagpartynight.com\/fr\/wp-content\/uploads\/sites\/3\/2020\/01\/Tickets-Discoteques-Barcelona.jpg","width":640,"height":427},{"@type":"BreadcrumbList","@id":"https:\/\/stagpartynight.com\/fr\/product\/tickets-discoteques-lisboa\/#breadcrumb","itemListElement":[{"@type":"ListItem","position":1,"name":"Home","item":"https:\/\/stagpartynight.com\/fr\/"},{"@type":"ListItem","position":2,"name":"Tienda","item":"https:\/\/stagpartynight.com\/fr\/tienda\/"},{"@type":"ListItem","position":3,"name":"Billets de discoth\u00e8que \u00e0 Lisbonne"}]},{"@type":"WebSite","@id":"https:\/\/stagpartynight.com\/fr\/#website","url":"https:\/\/stagpartynight.com\/fr\/","name":"Stag Party Night","description":"Your Stag Party Customized","publisher":{"@id":"https:\/\/stagpartynight.com\/fr\/#organization"},"potentialAction":[{"@type":"SearchAction","target":{"@type":"EntryPoint","urlTemplate":"https:\/\/stagpartynight.com\/fr\/?s={search_term_string}"},"query-input":{"@type":"PropertyValueSpecification","valueRequired":true,"valueName":"search_term_string"}}],"inLanguage":"en-GB"},{"@type":"Organization","@id":"https:\/\/stagpartynight.com\/fr\/#organization","name":"Stag Party Night","url":"https:\/\/stagpartynight.com\/fr\/","logo":{"@type":"ImageObject","inLanguage":"en-GB","@id":"https:\/\/stagpartynight.com\/fr\/#\/schema\/logo\/image\/","url":"https:\/\/stagpartynight.com\/fr\/wp-content\/uploads\/sites\/3\/2019\/12\/stagpartynight-e1578565505687.png","contentUrl":"https:\/\/stagpartynight.com\/fr\/wp-content\/uploads\/sites\/3\/2019\/12\/stagpartynight-e1578565505687.png","width":400,"height":400,"caption":"Stag Party Night"},"image":{"@id":"https:\/\/stagpartynight.com\/fr\/#\/schema\/logo\/image\/"}}]}},"_links":{"self":[{"href":"https:\/\/stagpartynight.com\/fr\/wp-json\/wp\/v2\/product\/292","targetHints":{"allow":["GET"]}}],"collection":[{"href":"https:\/\/stagpartynight.com\/fr\/wp-json\/wp\/v2\/product"}],"about":[{"href":"https:\/\/stagpartynight.com\/fr\/wp-json\/wp\/v2\/types\/product"}],"replies":[{"embeddable":true,"href":"https:\/\/stagpartynight.com\/fr\/wp-json\/wp\/v2\/comments?post=292"}],"wp:featuredmedia":[{"embeddable":true,"href":"https:\/\/stagpartynight.com\/fr\/wp-json\/wp\/v2\/media\/222"}],"wp:attachment":[{"href":"https:\/\/stagpartynight.com\/fr\/wp-json\/wp\/v2\/media?parent=292"}],"wp:term":[{"taxonomy":"product_brand","embeddable":true,"href":"https:\/\/stagpartynight.com\/fr\/wp-json\/wp\/v2\/product_brand?post=292"},{"taxonomy":"product_cat","embeddable":true,"href":"https:\/\/stagpartynight.com\/fr\/wp-json\/wp\/v2\/product_cat?post=292"},{"taxonomy":"product_tag","embeddable":true,"href":"https:\/\/stagpartynight.com\/fr\/wp-json\/wp\/v2\/product_tag?post=292"}],"curies":[{"name":"wp","href":"https:\/\/api.w.org\/{rel}","templated":true}]}}